{"id":1260061376,"date":"2022-06-20T18:41:40","date_gmt":"2022-06-20T18:41:40","guid":{"rendered":"https:\/\/dev.myindustrial.eu\/shop\/uncategorized\/linear-potentiometer-ll32\/"},"modified":"2023-12-28T19:07:00","modified_gmt":"2023-12-28T19:07:00","slug":"linear-potentiometer-ll32","status":"publish","type":"product","link":"https:\/\/dev.myindustrial.eu\/lv\/shop\/potenciometri-un-sensori\/linearais-potenciometrs\/linear-potentiometer-ll32\/","title":{"rendered":"Line\u0101rais potenciometrs LL32"},"content":{"rendered":"<p><iframe src=\"https:\/\/youtube.com\/embed\/7TTbOH1ox1E\" width=\"560\" height=\"315\" frameborder=\"0\" allowfullscreen=\"allowfullscreen\"><\/iframe><\/p>\n","protected":false},"excerpt":{"rendered":"<p>LL32 tipa precizit\u0101tes line\u0101rais potenciometrs r\u016bpnieciskiem pielietojumiem prec\u012bzi nolasa line\u0101ros m\u0113r\u012bjumu g\u0101jienus. K\u0101 pretest\u012bbas elements tiek izmantota vado\u0161a plastmasa. Iesp\u0113jami standarta m\u0113r\u012bjumu g\u0101jieni l\u012bdz 1000 mm. Anod\u0113ta alum\u012bnija korpuss ir \u013coti iztur\u012bgs un nodro\u0161ina aizsardz\u012bbu pret \u0101r\u0113j\u0101m iedarb\u012bb\u0101m, standarta versij\u0101 l\u012bdz maksim\u0101lajai aizsardz\u012bbas klasei IP62. Sl\u012bdgult\u0146i nodro\u0161ina vienm\u0113r\u012bgu darb\u012bbu. Izejas sign\u0101lu var izvad\u012bt k\u0101 0\u202610 VDC vai 0\/4\u202620 mA sign\u0101lu, izmantojot integr\u0113tu raid\u012bt\u0101ju. Line\u0101rajiem potenciometriem ir lieliskas linearit\u0101tes v\u0113rt\u012bbas un augsta nolas\u012b\u0161anas sp\u0113ja.<\/p>\n","protected":false},"featured_media":1260061372,"template":"","meta":[],"product_brand":[],"product_cat":[1286,1293],"product_tag":[],"class_list":{"0":"post-1260061376","1":"product","2":"type-product","3":"status-publish","4":"has-post-thumbnail","6":"product_cat-potenciometri-un-sensori","7":"product_cat-linearais-potenciometrs","9":"first","10":"instock","11":"shipping-taxable","12":"product-type-simple"},"yoast_head":"<!-- This site is optimized with the Yoast SEO plugin v27.1.1 - https:\/\/yoast.com\/product\/yoast-seo-wordpress\/ -->\n<title>Line\u0101rais potenciometrs LL32 - My industrial<\/title>\n<meta name=\"robots\" content=\"noindex, follow, max-snippet:-1, max-image-preview:large, max-video-preview:-1\" \/>\n<meta property=\"og:locale\" content=\"lv_LV\" \/>\n<meta property=\"og:type\" content=\"article\" \/>\n<meta property=\"og:title\" content=\"Line\u0101rais potenciometrs LL32 - My industrial\" \/>\n<meta property=\"og:description\" content=\"LL32 tipa precizit\u0101tes line\u0101rais potenciometrs r\u016bpnieciskiem pielietojumiem prec\u012bzi nolasa line\u0101ros m\u0113r\u012bjumu g\u0101jienus. K\u0101 pretest\u012bbas elements tiek izmantota vado\u0161a plastmasa. Iesp\u0113jami standarta m\u0113r\u012bjumu g\u0101jieni l\u012bdz 1000 mm. Anod\u0113ta alum\u012bnija korpuss ir \u013coti iztur\u012bgs un nodro\u0161ina aizsardz\u012bbu pret \u0101r\u0113j\u0101m iedarb\u012bb\u0101m, standarta versij\u0101 l\u012bdz maksim\u0101lajai aizsardz\u012bbas klasei IP62. Sl\u012bdgult\u0146i nodro\u0161ina vienm\u0113r\u012bgu darb\u012bbu. Izejas sign\u0101lu var izvad\u012bt k\u0101 0\u202610 VDC vai 0\/4\u202620 mA sign\u0101lu, izmantojot integr\u0113tu raid\u012bt\u0101ju. Line\u0101rajiem potenciometriem ir lieliskas linearit\u0101tes v\u0113rt\u012bbas un augsta nolas\u012b\u0161anas sp\u0113ja.\" \/>\n<meta property=\"og:url\" content=\"https:\/\/dev.myindustrial.eu\/lv\/shop\/potenciometri-un-sensori\/linearais-potenciometrs\/linear-potentiometer-ll32\/\" \/>\n<meta property=\"og:site_name\" content=\"My industrial\" \/>\n<meta property=\"article:modified_time\" content=\"2023-12-28T19:07:00+00:00\" \/>\n<meta property=\"og:image\" content=\"https:\/\/dev.myindustrial.eu\/wp-content\/uploads\/2022\/06\/ll32.webp\" \/>\n\t<meta property=\"og:image:width\" content=\"500\" \/>\n\t<meta property=\"og:image:height\" content=\"500\" \/>\n\t<meta property=\"og:image:type\" content=\"image\/webp\" \/>\n<meta name=\"twitter:card\" content=\"summary_large_image\" \/>\n<script type=\"application\/ld+json\" class=\"yoast-schema-graph\">{\"@context\":\"https:\/\/schema.org\",\"@graph\":[{\"@type\":\"WebPage\",\"@id\":\"https:\/\/dev.myindustrial.eu\/lv\/shop\/potenciometri-un-sensori\/linearais-potenciometrs\/linear-potentiometer-ll32\/\",\"url\":\"https:\/\/dev.myindustrial.eu\/lv\/shop\/potenciometri-un-sensori\/linearais-potenciometrs\/linear-potentiometer-ll32\/\",\"name\":\"Line\u0101rais potenciometrs LL32 - My industrial\",\"isPartOf\":{\"@id\":\"https:\/\/dev.myindustrial.eu\/lv\/#website\"},\"primaryImageOfPage\":{\"@id\":\"https:\/\/dev.myindustrial.eu\/lv\/shop\/potenciometri-un-sensori\/linearais-potenciometrs\/linear-potentiometer-ll32\/#primaryimage\"},\"image\":{\"@id\":\"https:\/\/dev.myindustrial.eu\/lv\/shop\/potenciometri-un-sensori\/linearais-potenciometrs\/linear-potentiometer-ll32\/#primaryimage\"},\"thumbnailUrl\":\"https:\/\/dev.myindustrial.eu\/wp-content\/uploads\/2022\/06\/ll32.webp\",\"datePublished\":\"2022-06-20T18:41:40+00:00\",\"dateModified\":\"2023-12-28T19:07:00+00:00\",\"breadcrumb\":{\"@id\":\"https:\/\/dev.myindustrial.eu\/lv\/shop\/potenciometri-un-sensori\/linearais-potenciometrs\/linear-potentiometer-ll32\/#breadcrumb\"},\"inLanguage\":\"lv-LV\",\"potentialAction\":[{\"@type\":\"ReadAction\",\"target\":[\"https:\/\/dev.myindustrial.eu\/lv\/shop\/potenciometri-un-sensori\/linearais-potenciometrs\/linear-potentiometer-ll32\/\"]}]},{\"@type\":\"ImageObject\",\"inLanguage\":\"lv-LV\",\"@id\":\"https:\/\/dev.myindustrial.eu\/lv\/shop\/potenciometri-un-sensori\/linearais-potenciometrs\/linear-potentiometer-ll32\/#primaryimage\",\"url\":\"https:\/\/dev.myindustrial.eu\/wp-content\/uploads\/2022\/06\/ll32.webp\",\"contentUrl\":\"https:\/\/dev.myindustrial.eu\/wp-content\/uploads\/2022\/06\/ll32.webp\",\"width\":500,\"height\":500},{\"@type\":\"BreadcrumbList\",\"@id\":\"https:\/\/dev.myindustrial.eu\/lv\/shop\/potenciometri-un-sensori\/linearais-potenciometrs\/linear-potentiometer-ll32\/#breadcrumb\",\"itemListElement\":[{\"@type\":\"ListItem\",\"position\":1,\"name\":\"Home\",\"item\":\"https:\/\/dev.myindustrial.eu\/lv\/\"},{\"@type\":\"ListItem\",\"position\":2,\"name\":\"Products\",\"item\":\"https:\/\/dev.myindustrial.eu\/lv\/products\/\"},{\"@type\":\"ListItem\",\"position\":3,\"name\":\"Line\u0101rais potenciometrs LL32\"}]},{\"@type\":\"WebSite\",\"@id\":\"https:\/\/dev.myindustrial.eu\/lv\/#website\",\"url\":\"https:\/\/dev.myindustrial.eu\/lv\/\",\"name\":\"My industrial\",\"description\":\"\",\"potentialAction\":[{\"@type\":\"SearchAction\",\"target\":{\"@type\":\"EntryPoint\",\"urlTemplate\":\"https:\/\/dev.myindustrial.eu\/lv\/?s={search_term_string}\"},\"query-input\":{\"@type\":\"PropertyValueSpecification\",\"valueRequired\":true,\"valueName\":\"search_term_string\"}}],\"inLanguage\":\"lv-LV\"}]}<\/script>\n<!-- \/ Yoast SEO plugin. -->","yoast_head_json":{"title":"Line\u0101rais potenciometrs LL32 - My industrial","robots":{"index":"noindex","follow":"follow","max-snippet":"max-snippet:-1","max-image-preview":"max-image-preview:large","max-video-preview":"max-video-preview:-1"},"og_locale":"lv_LV","og_type":"article","og_title":"Line\u0101rais potenciometrs LL32 - My industrial","og_description":"LL32 tipa precizit\u0101tes line\u0101rais potenciometrs r\u016bpnieciskiem pielietojumiem prec\u012bzi nolasa line\u0101ros m\u0113r\u012bjumu g\u0101jienus. K\u0101 pretest\u012bbas elements tiek izmantota vado\u0161a plastmasa. Iesp\u0113jami standarta m\u0113r\u012bjumu g\u0101jieni l\u012bdz 1000 mm. Anod\u0113ta alum\u012bnija korpuss ir \u013coti iztur\u012bgs un nodro\u0161ina aizsardz\u012bbu pret \u0101r\u0113j\u0101m iedarb\u012bb\u0101m, standarta versij\u0101 l\u012bdz maksim\u0101lajai aizsardz\u012bbas klasei IP62. Sl\u012bdgult\u0146i nodro\u0161ina vienm\u0113r\u012bgu darb\u012bbu. Izejas sign\u0101lu var izvad\u012bt k\u0101 0\u202610 VDC vai 0\/4\u202620 mA sign\u0101lu, izmantojot integr\u0113tu raid\u012bt\u0101ju. Line\u0101rajiem potenciometriem ir lieliskas linearit\u0101tes v\u0113rt\u012bbas un augsta nolas\u012b\u0161anas sp\u0113ja.","og_url":"https:\/\/dev.myindustrial.eu\/lv\/shop\/potenciometri-un-sensori\/linearais-potenciometrs\/linear-potentiometer-ll32\/","og_site_name":"My industrial","article_modified_time":"2023-12-28T19:07:00+00:00","og_image":[{"width":500,"height":500,"url":"https:\/\/dev.myindustrial.eu\/wp-content\/uploads\/2022\/06\/ll32.webp","type":"image\/webp"}],"twitter_card":"summary_large_image","schema":{"@context":"https:\/\/schema.org","@graph":[{"@type":"WebPage","@id":"https:\/\/dev.myindustrial.eu\/lv\/shop\/potenciometri-un-sensori\/linearais-potenciometrs\/linear-potentiometer-ll32\/","url":"https:\/\/dev.myindustrial.eu\/lv\/shop\/potenciometri-un-sensori\/linearais-potenciometrs\/linear-potentiometer-ll32\/","name":"Line\u0101rais potenciometrs LL32 - My industrial","isPartOf":{"@id":"https:\/\/dev.myindustrial.eu\/lv\/#website"},"primaryImageOfPage":{"@id":"https:\/\/dev.myindustrial.eu\/lv\/shop\/potenciometri-un-sensori\/linearais-potenciometrs\/linear-potentiometer-ll32\/#primaryimage"},"image":{"@id":"https:\/\/dev.myindustrial.eu\/lv\/shop\/potenciometri-un-sensori\/linearais-potenciometrs\/linear-potentiometer-ll32\/#primaryimage"},"thumbnailUrl":"https:\/\/dev.myindustrial.eu\/wp-content\/uploads\/2022\/06\/ll32.webp","datePublished":"2022-06-20T18:41:40+00:00","dateModified":"2023-12-28T19:07:00+00:00","breadcrumb":{"@id":"https:\/\/dev.myindustrial.eu\/lv\/shop\/potenciometri-un-sensori\/linearais-potenciometrs\/linear-potentiometer-ll32\/#breadcrumb"},"inLanguage":"lv-LV","potentialAction":[{"@type":"ReadAction","target":["https:\/\/dev.myindustrial.eu\/lv\/shop\/potenciometri-un-sensori\/linearais-potenciometrs\/linear-potentiometer-ll32\/"]}]},{"@type":"ImageObject","inLanguage":"lv-LV","@id":"https:\/\/dev.myindustrial.eu\/lv\/shop\/potenciometri-un-sensori\/linearais-potenciometrs\/linear-potentiometer-ll32\/#primaryimage","url":"https:\/\/dev.myindustrial.eu\/wp-content\/uploads\/2022\/06\/ll32.webp","contentUrl":"https:\/\/dev.myindustrial.eu\/wp-content\/uploads\/2022\/06\/ll32.webp","width":500,"height":500},{"@type":"BreadcrumbList","@id":"https:\/\/dev.myindustrial.eu\/lv\/shop\/potenciometri-un-sensori\/linearais-potenciometrs\/linear-potentiometer-ll32\/#breadcrumb","itemListElement":[{"@type":"ListItem","position":1,"name":"Home","item":"https:\/\/dev.myindustrial.eu\/lv\/"},{"@type":"ListItem","position":2,"name":"Products","item":"https:\/\/dev.myindustrial.eu\/lv\/products\/"},{"@type":"ListItem","position":3,"name":"Line\u0101rais potenciometrs LL32"}]},{"@type":"WebSite","@id":"https:\/\/dev.myindustrial.eu\/lv\/#website","url":"https:\/\/dev.myindustrial.eu\/lv\/","name":"My industrial","description":"","potentialAction":[{"@type":"SearchAction","target":{"@type":"EntryPoint","urlTemplate":"https:\/\/dev.myindustrial.eu\/lv\/?s={search_term_string}"},"query-input":{"@type":"PropertyValueSpecification","valueRequired":true,"valueName":"search_term_string"}}],"inLanguage":"lv-LV"}]}},"_links":{"self":[{"href":"https:\/\/dev.myindustrial.eu\/lv\/wp-json\/wp\/v2\/product\/1260061376","targetHints":{"allow":["GET"]}}],"collection":[{"href":"https:\/\/dev.myindustrial.eu\/lv\/wp-json\/wp\/v2\/product"}],"about":[{"href":"https:\/\/dev.myindustrial.eu\/lv\/wp-json\/wp\/v2\/types\/product"}],"version-history":[{"count":0,"href":"https:\/\/dev.myindustrial.eu\/lv\/wp-json\/wp\/v2\/product\/1260061376\/revisions"}],"wp:featuredmedia":[{"embeddable":true,"href":"https:\/\/dev.myindustrial.eu\/lv\/wp-json\/wp\/v2\/media\/1260061372"}],"wp:attachment":[{"href":"https:\/\/dev.myindustrial.eu\/lv\/wp-json\/wp\/v2\/media?parent=1260061376"}],"wp:term":[{"taxonomy":"product_brand","embeddable":true,"href":"https:\/\/dev.myindustrial.eu\/lv\/wp-json\/wp\/v2\/product_brand?post=1260061376"},{"taxonomy":"product_cat","embeddable":true,"href":"https:\/\/dev.myindustrial.eu\/lv\/wp-json\/wp\/v2\/product_cat?post=1260061376"},{"taxonomy":"product_tag","embeddable":true,"href":"https:\/\/dev.myindustrial.eu\/lv\/wp-json\/wp\/v2\/product_tag?post=1260061376"}],"curies":[{"name":"wp","href":"https:\/\/api.w.org\/{rel}","templated":true}]}}