{"id":1260062105,"date":"2022-12-12T14:59:48","date_gmt":"2022-12-12T14:59:48","guid":{"rendered":"https:\/\/dev.myindustrial.eu\/?post_type=product&#038;p=1260062105"},"modified":"2023-12-28T20:25:51","modified_gmt":"2023-12-28T20:25:51","slug":"emg-esse-copy-copy","status":"publish","type":"product","link":"https:\/\/dev.myindustrial.eu\/lv\/shop\/elektrohidraulisko-piedzinu-risinajumi\/elektrohidrauliskie-pievadi-emg\/emg-esse-copy-copy\/","title":{"rendered":"Elektrohidrauliskie pievadi EMG"},"content":{"rendered":"","protected":false},"excerpt":{"rendered":"<p>Elektrohidrauliskie EMG izpildmeh\u0101nismi<br \/>\nElektrohidrauliskie EMG izpildmeh\u0101nismi p\u0101rv\u0113r\u0161 elektrisko ener\u0123iju meh\u0101niskaj\u0101 ener\u0123ij\u0101 un veic meh\u0101nisku darbu noteikt\u0101 g\u0101jiena posm\u0101. Pier\u0101d\u012bt\u0101 elektrohidraulisko gr\u016bd\u0113ju EMG ELDRO\u00ae un ELHY\u00ae daudzpus\u012bba da\u017e\u0101d\u0101s darb\u012bbas jom\u0101s ir rad\u012bjusi to pla\u0161u izmanto\u0161anu kalnr\u016bpniec\u012bbas, t\u0113rauda, ostu un b\u016bvniec\u012bbas nozar\u0113s.<br \/>\nElektrohidrauliskos izpildmeh\u0101nismus EMG ELDRO\u00ae un ELHY\u00ae var izmantot kombin\u0101cij\u0101 ar da\u017e\u0101diem darb\u012bbas elementiem, piem\u0113ram, \u0161\u0101d\u0101s pielieto\u0161anas jom\u0101s:<br \/>\n-Pacel\u0161anas un nolai\u0161anas meh\u0101nismi<br \/>\n-Blo\u0137\u0113\u0161ana un atblo\u0137\u0113\u0161ana, p\u0101rvietojot kravas nostiprin\u0101\u0161anas \u0137\u012b\u013cus vai nostiprin\u0101\u0161anas \u0101\u0137us<br \/>\n-T\u012br\u012bt\u0101ju nolai\u0161ana uz konveijera lent\u0113m<br \/>\n-V\u0101rstu izpildmeh\u0101nismi uz hidraulisk\u0101m pres\u0113m<\/p>\n<p>EMG HKALinear \u2013 kompakts hidraulisks line\u0101rs izpildmeh\u0101nisms<br \/>\nAr kompakt\u0101 hidraulisk\u0101 line\u0101r\u0101 izpildmeh\u0101nisma pal\u012bdz\u012bbu EMG ir izstr\u0101d\u0101jis piedzi\u0146as bloku, kas apvieno trad\u012bcijas un inov\u0101cijas. T\u0101 augst\u0101 modific\u0113jam\u012bbas pak\u0101pe apvienojum\u0101 ar tehnisko robustumu un vienlaikus ekonomisko efektivit\u0101ti ir rad\u012bjusi HKAL risin\u0101jumu pielietojumu daudz\u0101s r\u016bpniec\u012bbas nozar\u0113s:<br \/>\n-Ieguves un konveijera tehnolo\u0123ija<br \/>\n-Ma\u0161\u012bnu un iek\u0101rtu in\u017eenierija<br \/>\n-Sp\u0113kstacijas celtniec\u012bba<br \/>\n-V\u0101rstu konstrukcija<br \/>\n-T\u0113rauda konstrukcija hidrotehnikai<br \/>\n-Jaunas ener\u0123ijas (saule, \u016bdens utt.)<\/p>\n","protected":false},"featured_media":1260062109,"template":"","meta":[],"product_brand":[],"product_cat":[1304,1628],"product_tag":[],"class_list":{"0":"post-1260062105","1":"product","2":"type-product","3":"status-publish","4":"has-post-thumbnail","6":"product_cat-elektrohidraulisko-piedzinu-risinajumi","7":"product_cat-elektrohidrauliskie-pievadi-emg","9":"first","10":"instock","11":"shipping-taxable","12":"product-type-simple"},"yoast_head":"<!-- This site is optimized with the Yoast SEO plugin v27.1.1 - https:\/\/yoast.com\/product\/yoast-seo-wordpress\/ -->\n<title>Elektrohidrauliskie pievadi EMG - My industrial<\/title>\n<meta name=\"robots\" content=\"noindex, follow, max-snippet:-1, max-image-preview:large, max-video-preview:-1\" \/>\n<meta property=\"og:locale\" content=\"lv_LV\" \/>\n<meta property=\"og:type\" content=\"article\" \/>\n<meta property=\"og:title\" content=\"Elektrohidrauliskie pievadi EMG - My industrial\" \/>\n<meta property=\"og:description\" content=\"Elektrohidrauliskie EMG izpildmeh\u0101nismi Elektrohidrauliskie EMG izpildmeh\u0101nismi p\u0101rv\u0113r\u0161 elektrisko ener\u0123iju meh\u0101niskaj\u0101 ener\u0123ij\u0101 un veic meh\u0101nisku darbu noteikt\u0101 g\u0101jiena posm\u0101. Pier\u0101d\u012bt\u0101 elektrohidraulisko gr\u016bd\u0113ju EMG ELDRO\u00ae un ELHY\u00ae daudzpus\u012bba da\u017e\u0101d\u0101s darb\u012bbas jom\u0101s ir rad\u012bjusi to pla\u0161u izmanto\u0161anu kalnr\u016bpniec\u012bbas, t\u0113rauda, ostu un b\u016bvniec\u012bbas nozar\u0113s. Elektrohidrauliskos izpildmeh\u0101nismus EMG ELDRO\u00ae un ELHY\u00ae var izmantot kombin\u0101cij\u0101 ar da\u017e\u0101diem darb\u012bbas elementiem, piem\u0113ram, \u0161\u0101d\u0101s pielieto\u0161anas jom\u0101s: -Pacel\u0161anas un nolai\u0161anas meh\u0101nismi -Blo\u0137\u0113\u0161ana un atblo\u0137\u0113\u0161ana, p\u0101rvietojot kravas nostiprin\u0101\u0161anas \u0137\u012b\u013cus vai nostiprin\u0101\u0161anas \u0101\u0137us -T\u012br\u012bt\u0101ju nolai\u0161ana uz konveijera lent\u0113m -V\u0101rstu izpildmeh\u0101nismi uz hidraulisk\u0101m pres\u0113m   EMG HKALinear \u2013 kompakts hidraulisks line\u0101rs izpildmeh\u0101nisms Ar kompakt\u0101 hidraulisk\u0101 line\u0101r\u0101 izpildmeh\u0101nisma pal\u012bdz\u012bbu EMG ir izstr\u0101d\u0101jis piedzi\u0146as bloku, kas apvieno trad\u012bcijas un inov\u0101cijas. T\u0101 augst\u0101 modific\u0113jam\u012bbas pak\u0101pe apvienojum\u0101 ar tehnisko robustumu un vienlaikus ekonomisko efektivit\u0101ti ir rad\u012bjusi HKAL risin\u0101jumu pielietojumu daudz\u0101s r\u016bpniec\u012bbas nozar\u0113s: -Ieguves un konveijera tehnolo\u0123ija -Ma\u0161\u012bnu un iek\u0101rtu in\u017eenierija -Sp\u0113kstacijas celtniec\u012bba -V\u0101rstu konstrukcija -T\u0113rauda konstrukcija hidrotehnikai -Jaunas ener\u0123ijas (saule, \u016bdens utt.)\" \/>\n<meta property=\"og:url\" content=\"https:\/\/dev.myindustrial.eu\/lv\/shop\/elektrohidraulisko-piedzinu-risinajumi\/elektrohidrauliskie-pievadi-emg\/emg-esse-copy-copy\/\" \/>\n<meta property=\"og:site_name\" content=\"My industrial\" \/>\n<meta property=\"article:modified_time\" content=\"2023-12-28T20:25:51+00:00\" \/>\n<meta property=\"og:image\" content=\"https:\/\/dev.myindustrial.eu\/wp-content\/uploads\/2022\/12\/csm_eldro-an-emass_web_935bb258b4-801x600-801x600.jpg\" \/>\n\t<meta property=\"og:image:width\" content=\"801\" \/>\n\t<meta property=\"og:image:height\" content=\"600\" \/>\n\t<meta property=\"og:image:type\" content=\"image\/jpeg\" \/>\n<meta name=\"twitter:card\" content=\"summary_large_image\" \/>\n<script type=\"application\/ld+json\" class=\"yoast-schema-graph\">{\"@context\":\"https:\/\/schema.org\",\"@graph\":[{\"@type\":\"WebPage\",\"@id\":\"https:\/\/dev.myindustrial.eu\/lv\/shop\/elektrohidraulisko-piedzinu-risinajumi\/elektrohidrauliskie-pievadi-emg\/emg-esse-copy-copy\/\",\"url\":\"https:\/\/dev.myindustrial.eu\/lv\/shop\/elektrohidraulisko-piedzinu-risinajumi\/elektrohidrauliskie-pievadi-emg\/emg-esse-copy-copy\/\",\"name\":\"Elektrohidrauliskie pievadi EMG - My industrial\",\"isPartOf\":{\"@id\":\"https:\/\/dev.myindustrial.eu\/lv\/#website\"},\"primaryImageOfPage\":{\"@id\":\"https:\/\/dev.myindustrial.eu\/lv\/shop\/elektrohidraulisko-piedzinu-risinajumi\/elektrohidrauliskie-pievadi-emg\/emg-esse-copy-copy\/#primaryimage\"},\"image\":{\"@id\":\"https:\/\/dev.myindustrial.eu\/lv\/shop\/elektrohidraulisko-piedzinu-risinajumi\/elektrohidrauliskie-pievadi-emg\/emg-esse-copy-copy\/#primaryimage\"},\"thumbnailUrl\":\"https:\/\/dev.myindustrial.eu\/wp-content\/uploads\/2022\/12\/csm_eldro-an-emass_web_935bb258b4-801x600-801x600.jpg\",\"datePublished\":\"2022-12-12T14:59:48+00:00\",\"dateModified\":\"2023-12-28T20:25:51+00:00\",\"breadcrumb\":{\"@id\":\"https:\/\/dev.myindustrial.eu\/lv\/shop\/elektrohidraulisko-piedzinu-risinajumi\/elektrohidrauliskie-pievadi-emg\/emg-esse-copy-copy\/#breadcrumb\"},\"inLanguage\":\"lv-LV\",\"potentialAction\":[{\"@type\":\"ReadAction\",\"target\":[\"https:\/\/dev.myindustrial.eu\/lv\/shop\/elektrohidraulisko-piedzinu-risinajumi\/elektrohidrauliskie-pievadi-emg\/emg-esse-copy-copy\/\"]}]},{\"@type\":\"ImageObject\",\"inLanguage\":\"lv-LV\",\"@id\":\"https:\/\/dev.myindustrial.eu\/lv\/shop\/elektrohidraulisko-piedzinu-risinajumi\/elektrohidrauliskie-pievadi-emg\/emg-esse-copy-copy\/#primaryimage\",\"url\":\"https:\/\/dev.myindustrial.eu\/wp-content\/uploads\/2022\/12\/csm_eldro-an-emass_web_935bb258b4-801x600-801x600.jpg\",\"contentUrl\":\"https:\/\/dev.myindustrial.eu\/wp-content\/uploads\/2022\/12\/csm_eldro-an-emass_web_935bb258b4-801x600-801x600.jpg\",\"width\":801,\"height\":600},{\"@type\":\"BreadcrumbList\",\"@id\":\"https:\/\/dev.myindustrial.eu\/lv\/shop\/elektrohidraulisko-piedzinu-risinajumi\/elektrohidrauliskie-pievadi-emg\/emg-esse-copy-copy\/#breadcrumb\",\"itemListElement\":[{\"@type\":\"ListItem\",\"position\":1,\"name\":\"Home\",\"item\":\"https:\/\/dev.myindustrial.eu\/lv\/\"},{\"@type\":\"ListItem\",\"position\":2,\"name\":\"Products\",\"item\":\"https:\/\/dev.myindustrial.eu\/lv\/products\/\"},{\"@type\":\"ListItem\",\"position\":3,\"name\":\"Elektrohidrauliskie pievadi EMG\"}]},{\"@type\":\"WebSite\",\"@id\":\"https:\/\/dev.myindustrial.eu\/lv\/#website\",\"url\":\"https:\/\/dev.myindustrial.eu\/lv\/\",\"name\":\"My industrial\",\"description\":\"\",\"potentialAction\":[{\"@type\":\"SearchAction\",\"target\":{\"@type\":\"EntryPoint\",\"urlTemplate\":\"https:\/\/dev.myindustrial.eu\/lv\/?s={search_term_string}\"},\"query-input\":{\"@type\":\"PropertyValueSpecification\",\"valueRequired\":true,\"valueName\":\"search_term_string\"}}],\"inLanguage\":\"lv-LV\"}]}<\/script>\n<!-- \/ Yoast SEO plugin. -->","yoast_head_json":{"title":"Elektrohidrauliskie pievadi EMG - My industrial","robots":{"index":"noindex","follow":"follow","max-snippet":"max-snippet:-1","max-image-preview":"max-image-preview:large","max-video-preview":"max-video-preview:-1"},"og_locale":"lv_LV","og_type":"article","og_title":"Elektrohidrauliskie pievadi EMG - My industrial","og_description":"Elektrohidrauliskie EMG izpildmeh\u0101nismi Elektrohidrauliskie EMG izpildmeh\u0101nismi p\u0101rv\u0113r\u0161 elektrisko ener\u0123iju meh\u0101niskaj\u0101 ener\u0123ij\u0101 un veic meh\u0101nisku darbu noteikt\u0101 g\u0101jiena posm\u0101. Pier\u0101d\u012bt\u0101 elektrohidraulisko gr\u016bd\u0113ju EMG ELDRO\u00ae un ELHY\u00ae daudzpus\u012bba da\u017e\u0101d\u0101s darb\u012bbas jom\u0101s ir rad\u012bjusi to pla\u0161u izmanto\u0161anu kalnr\u016bpniec\u012bbas, t\u0113rauda, ostu un b\u016bvniec\u012bbas nozar\u0113s. Elektrohidrauliskos izpildmeh\u0101nismus EMG ELDRO\u00ae un ELHY\u00ae var izmantot kombin\u0101cij\u0101 ar da\u017e\u0101diem darb\u012bbas elementiem, piem\u0113ram, \u0161\u0101d\u0101s pielieto\u0161anas jom\u0101s: -Pacel\u0161anas un nolai\u0161anas meh\u0101nismi -Blo\u0137\u0113\u0161ana un atblo\u0137\u0113\u0161ana, p\u0101rvietojot kravas nostiprin\u0101\u0161anas \u0137\u012b\u013cus vai nostiprin\u0101\u0161anas \u0101\u0137us -T\u012br\u012bt\u0101ju nolai\u0161ana uz konveijera lent\u0113m -V\u0101rstu izpildmeh\u0101nismi uz hidraulisk\u0101m pres\u0113m   EMG HKALinear \u2013 kompakts hidraulisks line\u0101rs izpildmeh\u0101nisms Ar kompakt\u0101 hidraulisk\u0101 line\u0101r\u0101 izpildmeh\u0101nisma pal\u012bdz\u012bbu EMG ir izstr\u0101d\u0101jis piedzi\u0146as bloku, kas apvieno trad\u012bcijas un inov\u0101cijas. T\u0101 augst\u0101 modific\u0113jam\u012bbas pak\u0101pe apvienojum\u0101 ar tehnisko robustumu un vienlaikus ekonomisko efektivit\u0101ti ir rad\u012bjusi HKAL risin\u0101jumu pielietojumu daudz\u0101s r\u016bpniec\u012bbas nozar\u0113s: -Ieguves un konveijera tehnolo\u0123ija -Ma\u0161\u012bnu un iek\u0101rtu in\u017eenierija -Sp\u0113kstacijas celtniec\u012bba -V\u0101rstu konstrukcija -T\u0113rauda konstrukcija hidrotehnikai -Jaunas ener\u0123ijas (saule, \u016bdens utt.)","og_url":"https:\/\/dev.myindustrial.eu\/lv\/shop\/elektrohidraulisko-piedzinu-risinajumi\/elektrohidrauliskie-pievadi-emg\/emg-esse-copy-copy\/","og_site_name":"My industrial","article_modified_time":"2023-12-28T20:25:51+00:00","og_image":[{"width":801,"height":600,"url":"https:\/\/dev.myindustrial.eu\/wp-content\/uploads\/2022\/12\/csm_eldro-an-emass_web_935bb258b4-801x600-801x600.jpg","type":"image\/jpeg"}],"twitter_card":"summary_large_image","schema":{"@context":"https:\/\/schema.org","@graph":[{"@type":"WebPage","@id":"https:\/\/dev.myindustrial.eu\/lv\/shop\/elektrohidraulisko-piedzinu-risinajumi\/elektrohidrauliskie-pievadi-emg\/emg-esse-copy-copy\/","url":"https:\/\/dev.myindustrial.eu\/lv\/shop\/elektrohidraulisko-piedzinu-risinajumi\/elektrohidrauliskie-pievadi-emg\/emg-esse-copy-copy\/","name":"Elektrohidrauliskie pievadi EMG - My industrial","isPartOf":{"@id":"https:\/\/dev.myindustrial.eu\/lv\/#website"},"primaryImageOfPage":{"@id":"https:\/\/dev.myindustrial.eu\/lv\/shop\/elektrohidraulisko-piedzinu-risinajumi\/elektrohidrauliskie-pievadi-emg\/emg-esse-copy-copy\/#primaryimage"},"image":{"@id":"https:\/\/dev.myindustrial.eu\/lv\/shop\/elektrohidraulisko-piedzinu-risinajumi\/elektrohidrauliskie-pievadi-emg\/emg-esse-copy-copy\/#primaryimage"},"thumbnailUrl":"https:\/\/dev.myindustrial.eu\/wp-content\/uploads\/2022\/12\/csm_eldro-an-emass_web_935bb258b4-801x600-801x600.jpg","datePublished":"2022-12-12T14:59:48+00:00","dateModified":"2023-12-28T20:25:51+00:00","breadcrumb":{"@id":"https:\/\/dev.myindustrial.eu\/lv\/shop\/elektrohidraulisko-piedzinu-risinajumi\/elektrohidrauliskie-pievadi-emg\/emg-esse-copy-copy\/#breadcrumb"},"inLanguage":"lv-LV","potentialAction":[{"@type":"ReadAction","target":["https:\/\/dev.myindustrial.eu\/lv\/shop\/elektrohidraulisko-piedzinu-risinajumi\/elektrohidrauliskie-pievadi-emg\/emg-esse-copy-copy\/"]}]},{"@type":"ImageObject","inLanguage":"lv-LV","@id":"https:\/\/dev.myindustrial.eu\/lv\/shop\/elektrohidraulisko-piedzinu-risinajumi\/elektrohidrauliskie-pievadi-emg\/emg-esse-copy-copy\/#primaryimage","url":"https:\/\/dev.myindustrial.eu\/wp-content\/uploads\/2022\/12\/csm_eldro-an-emass_web_935bb258b4-801x600-801x600.jpg","contentUrl":"https:\/\/dev.myindustrial.eu\/wp-content\/uploads\/2022\/12\/csm_eldro-an-emass_web_935bb258b4-801x600-801x600.jpg","width":801,"height":600},{"@type":"BreadcrumbList","@id":"https:\/\/dev.myindustrial.eu\/lv\/shop\/elektrohidraulisko-piedzinu-risinajumi\/elektrohidrauliskie-pievadi-emg\/emg-esse-copy-copy\/#breadcrumb","itemListElement":[{"@type":"ListItem","position":1,"name":"Home","item":"https:\/\/dev.myindustrial.eu\/lv\/"},{"@type":"ListItem","position":2,"name":"Products","item":"https:\/\/dev.myindustrial.eu\/lv\/products\/"},{"@type":"ListItem","position":3,"name":"Elektrohidrauliskie pievadi EMG"}]},{"@type":"WebSite","@id":"https:\/\/dev.myindustrial.eu\/lv\/#website","url":"https:\/\/dev.myindustrial.eu\/lv\/","name":"My industrial","description":"","potentialAction":[{"@type":"SearchAction","target":{"@type":"EntryPoint","urlTemplate":"https:\/\/dev.myindustrial.eu\/lv\/?s={search_term_string}"},"query-input":{"@type":"PropertyValueSpecification","valueRequired":true,"valueName":"search_term_string"}}],"inLanguage":"lv-LV"}]}},"_links":{"self":[{"href":"https:\/\/dev.myindustrial.eu\/lv\/wp-json\/wp\/v2\/product\/1260062105","targetHints":{"allow":["GET"]}}],"collection":[{"href":"https:\/\/dev.myindustrial.eu\/lv\/wp-json\/wp\/v2\/product"}],"about":[{"href":"https:\/\/dev.myindustrial.eu\/lv\/wp-json\/wp\/v2\/types\/product"}],"version-history":[{"count":0,"href":"https:\/\/dev.myindustrial.eu\/lv\/wp-json\/wp\/v2\/product\/1260062105\/revisions"}],"wp:featuredmedia":[{"embeddable":true,"href":"https:\/\/dev.myindustrial.eu\/lv\/wp-json\/wp\/v2\/media\/1260062109"}],"wp:attachment":[{"href":"https:\/\/dev.myindustrial.eu\/lv\/wp-json\/wp\/v2\/media?parent=1260062105"}],"wp:term":[{"taxonomy":"product_brand","embeddable":true,"href":"https:\/\/dev.myindustrial.eu\/lv\/wp-json\/wp\/v2\/product_brand?post=1260062105"},{"taxonomy":"product_cat","embeddable":true,"href":"https:\/\/dev.myindustrial.eu\/lv\/wp-json\/wp\/v2\/product_cat?post=1260062105"},{"taxonomy":"product_tag","embeddable":true,"href":"https:\/\/dev.myindustrial.eu\/lv\/wp-json\/wp\/v2\/product_tag?post=1260062105"}],"curies":[{"name":"wp","href":"https:\/\/api.w.org\/{rel}","templated":true}]}}