{"id":1260062287,"date":"2022-12-20T18:23:07","date_gmt":"2022-12-20T18:23:07","guid":{"rendered":"https:\/\/dev.myindustrial.eu\/?post_type=product&#038;p=1260062287"},"modified":"2023-06-16T20:08:01","modified_gmt":"2023-06-16T20:08:01","slug":"uzstadisanas-un-ekspluatacijas-instrukcija","status":"publish","type":"product","link":"https:\/\/dev.myindustrial.eu\/lv\/shop\/elektrohidraulisko-piedzinu-risinajumi\/elektrohidrauliskie-dzineji\/uzstadisanas-un-ekspluatacijas-instrukcija\/","title":{"rendered":"Uzst\u0101d\u012b\u0161anas un ekspluat\u0101cijas instrukcija"},"content":{"rendered":"","protected":false},"excerpt":{"rendered":"<p><span style=\"font-weight: 400;\">\u0160eit j\u016bs atrad\u012bsiet visas uzst\u0101d\u012b\u0161anas un lieto\u0161anas instrukcijas m\u016bsu EMG ELDRO\u00ae un EMG ELHY\u00ae produktu kl\u0101stam, k\u0101 ar\u012b tulkojumus daudz\u0101s valod\u0101s.<\/span><\/p>\n<p>&nbsp;<\/p>\n<p><span style=\"font-weight: 400;\">Uzst\u0101d\u012b\u0161anas un lieto\u0161anas instrukcija ELDRO\u00ae\/ELHY\u00ae<\/span><\/p>\n<p><span style=\"font-weight: 400;\">Lejupiel\u0101des<\/span><\/p>\n<p><span style=\"font-weight: 400;\">\u0160eit j\u016bs atrad\u012bsiet pieejam\u0101s uzst\u0101d\u012b\u0161anas un lieto\u0161anas instrukcijas m\u016bsu EMG ELDRO\u00ae un EMG ELHY\u00ae produktu kl\u0101stam. P\u0113c piepras\u012bjuma m\u0113s labpr\u0101t nodro\u0161in\u0101sim jums nepiecie\u0161amos tulkojumus cit\u0101s valod\u0101s. L\u016bdzu jaut\u0101jiet mums.<\/span><\/p>\n<p>&nbsp;<\/p>\n<p><span style=\"font-weight: 400;\">V\u0101cu \/ Ang\u013cu \/ Fran\u010du \/ Krievu<\/span><\/p>\n","protected":false},"featured_media":1260062291,"template":"","meta":[],"product_brand":[],"product_cat":[1312],"product_tag":[],"class_list":{"0":"post-1260062287","1":"product","2":"type-product","3":"status-publish","4":"has-post-thumbnail","6":"product_cat-elektrohidrauliskie-dzineji","8":"first","9":"instock","10":"product-type-simple"},"yoast_head":"<!-- This site is optimized with the Yoast SEO plugin v27.1.1 - https:\/\/yoast.com\/product\/yoast-seo-wordpress\/ -->\n<title>Uzst\u0101d\u012b\u0161anas un ekspluat\u0101cijas instrukcija - My industrial<\/title>\n<meta name=\"robots\" content=\"noindex, follow, max-snippet:-1, max-image-preview:large, max-video-preview:-1\" \/>\n<meta property=\"og:locale\" content=\"lv_LV\" \/>\n<meta property=\"og:type\" content=\"article\" \/>\n<meta property=\"og:title\" content=\"Uzst\u0101d\u012b\u0161anas un ekspluat\u0101cijas instrukcija - My industrial\" \/>\n<meta property=\"og:description\" content=\"\u0160eit j\u016bs atrad\u012bsiet visas uzst\u0101d\u012b\u0161anas un lieto\u0161anas instrukcijas m\u016bsu EMG ELDRO\u00ae un EMG ELHY\u00ae produktu kl\u0101stam, k\u0101 ar\u012b tulkojumus daudz\u0101s valod\u0101s.  &nbsp;  Uzst\u0101d\u012b\u0161anas un lieto\u0161anas instrukcija ELDRO\u00ae\/ELHY\u00ae  Lejupiel\u0101des  \u0160eit j\u016bs atrad\u012bsiet pieejam\u0101s uzst\u0101d\u012b\u0161anas un lieto\u0161anas instrukcijas m\u016bsu EMG ELDRO\u00ae un EMG ELHY\u00ae produktu kl\u0101stam. P\u0113c piepras\u012bjuma m\u0113s labpr\u0101t nodro\u0161in\u0101sim jums nepiecie\u0161amos tulkojumus cit\u0101s valod\u0101s. L\u016bdzu jaut\u0101jiet mums.  &nbsp;  V\u0101cu \/ Ang\u013cu \/ Fran\u010du \/ Krievu\" \/>\n<meta property=\"og:url\" content=\"https:\/\/dev.myindustrial.eu\/lv\/shop\/elektrohidraulisko-piedzinu-risinajumi\/elektrohidrauliskie-dzineji\/uzstadisanas-un-ekspluatacijas-instrukcija\/\" \/>\n<meta property=\"og:site_name\" content=\"My industrial\" \/>\n<meta property=\"article:modified_time\" content=\"2023-06-16T20:08:01+00:00\" \/>\n<meta property=\"og:image\" content=\"https:\/\/dev.myindustrial.eu\/wp-content\/uploads\/2022\/12\/csm_einbauerklaerungen-0448fc9cf0-280x300.jpg\" \/>\n\t<meta property=\"og:image:width\" content=\"280\" \/>\n\t<meta property=\"og:image:height\" content=\"300\" \/>\n\t<meta property=\"og:image:type\" content=\"image\/jpeg\" \/>\n<meta name=\"twitter:card\" content=\"summary_large_image\" \/>\n<script type=\"application\/ld+json\" class=\"yoast-schema-graph\">{\"@context\":\"https:\/\/schema.org\",\"@graph\":[{\"@type\":\"WebPage\",\"@id\":\"https:\/\/dev.myindustrial.eu\/lv\/shop\/elektrohidraulisko-piedzinu-risinajumi\/elektrohidrauliskie-dzineji\/uzstadisanas-un-ekspluatacijas-instrukcija\/\",\"url\":\"https:\/\/dev.myindustrial.eu\/lv\/shop\/elektrohidraulisko-piedzinu-risinajumi\/elektrohidrauliskie-dzineji\/uzstadisanas-un-ekspluatacijas-instrukcija\/\",\"name\":\"Uzst\u0101d\u012b\u0161anas un ekspluat\u0101cijas instrukcija - My industrial\",\"isPartOf\":{\"@id\":\"https:\/\/dev.myindustrial.eu\/lv\/#website\"},\"primaryImageOfPage\":{\"@id\":\"https:\/\/dev.myindustrial.eu\/lv\/shop\/elektrohidraulisko-piedzinu-risinajumi\/elektrohidrauliskie-dzineji\/uzstadisanas-un-ekspluatacijas-instrukcija\/#primaryimage\"},\"image\":{\"@id\":\"https:\/\/dev.myindustrial.eu\/lv\/shop\/elektrohidraulisko-piedzinu-risinajumi\/elektrohidrauliskie-dzineji\/uzstadisanas-un-ekspluatacijas-instrukcija\/#primaryimage\"},\"thumbnailUrl\":\"https:\/\/dev.myindustrial.eu\/wp-content\/uploads\/2022\/12\/csm_einbauerklaerungen-0448fc9cf0-280x300.jpg\",\"datePublished\":\"2022-12-20T18:23:07+00:00\",\"dateModified\":\"2023-06-16T20:08:01+00:00\",\"breadcrumb\":{\"@id\":\"https:\/\/dev.myindustrial.eu\/lv\/shop\/elektrohidraulisko-piedzinu-risinajumi\/elektrohidrauliskie-dzineji\/uzstadisanas-un-ekspluatacijas-instrukcija\/#breadcrumb\"},\"inLanguage\":\"lv-LV\",\"potentialAction\":[{\"@type\":\"ReadAction\",\"target\":[\"https:\/\/dev.myindustrial.eu\/lv\/shop\/elektrohidraulisko-piedzinu-risinajumi\/elektrohidrauliskie-dzineji\/uzstadisanas-un-ekspluatacijas-instrukcija\/\"]}]},{\"@type\":\"ImageObject\",\"inLanguage\":\"lv-LV\",\"@id\":\"https:\/\/dev.myindustrial.eu\/lv\/shop\/elektrohidraulisko-piedzinu-risinajumi\/elektrohidrauliskie-dzineji\/uzstadisanas-un-ekspluatacijas-instrukcija\/#primaryimage\",\"url\":\"https:\/\/dev.myindustrial.eu\/wp-content\/uploads\/2022\/12\/csm_einbauerklaerungen-0448fc9cf0-280x300.jpg\",\"contentUrl\":\"https:\/\/dev.myindustrial.eu\/wp-content\/uploads\/2022\/12\/csm_einbauerklaerungen-0448fc9cf0-280x300.jpg\",\"width\":280,\"height\":300},{\"@type\":\"BreadcrumbList\",\"@id\":\"https:\/\/dev.myindustrial.eu\/lv\/shop\/elektrohidraulisko-piedzinu-risinajumi\/elektrohidrauliskie-dzineji\/uzstadisanas-un-ekspluatacijas-instrukcija\/#breadcrumb\",\"itemListElement\":[{\"@type\":\"ListItem\",\"position\":1,\"name\":\"Home\",\"item\":\"https:\/\/dev.myindustrial.eu\/lv\/\"},{\"@type\":\"ListItem\",\"position\":2,\"name\":\"Products\",\"item\":\"https:\/\/dev.myindustrial.eu\/lv\/products\/\"},{\"@type\":\"ListItem\",\"position\":3,\"name\":\"Uzst\u0101d\u012b\u0161anas un ekspluat\u0101cijas instrukcija\"}]},{\"@type\":\"WebSite\",\"@id\":\"https:\/\/dev.myindustrial.eu\/lv\/#website\",\"url\":\"https:\/\/dev.myindustrial.eu\/lv\/\",\"name\":\"My industrial\",\"description\":\"\",\"potentialAction\":[{\"@type\":\"SearchAction\",\"target\":{\"@type\":\"EntryPoint\",\"urlTemplate\":\"https:\/\/dev.myindustrial.eu\/lv\/?s={search_term_string}\"},\"query-input\":{\"@type\":\"PropertyValueSpecification\",\"valueRequired\":true,\"valueName\":\"search_term_string\"}}],\"inLanguage\":\"lv-LV\"}]}<\/script>\n<!-- \/ Yoast SEO plugin. -->","yoast_head_json":{"title":"Uzst\u0101d\u012b\u0161anas un ekspluat\u0101cijas instrukcija - My industrial","robots":{"index":"noindex","follow":"follow","max-snippet":"max-snippet:-1","max-image-preview":"max-image-preview:large","max-video-preview":"max-video-preview:-1"},"og_locale":"lv_LV","og_type":"article","og_title":"Uzst\u0101d\u012b\u0161anas un ekspluat\u0101cijas instrukcija - My industrial","og_description":"\u0160eit j\u016bs atrad\u012bsiet visas uzst\u0101d\u012b\u0161anas un lieto\u0161anas instrukcijas m\u016bsu EMG ELDRO\u00ae un EMG ELHY\u00ae produktu kl\u0101stam, k\u0101 ar\u012b tulkojumus daudz\u0101s valod\u0101s.  &nbsp;  Uzst\u0101d\u012b\u0161anas un lieto\u0161anas instrukcija ELDRO\u00ae\/ELHY\u00ae  Lejupiel\u0101des  \u0160eit j\u016bs atrad\u012bsiet pieejam\u0101s uzst\u0101d\u012b\u0161anas un lieto\u0161anas instrukcijas m\u016bsu EMG ELDRO\u00ae un EMG ELHY\u00ae produktu kl\u0101stam. P\u0113c piepras\u012bjuma m\u0113s labpr\u0101t nodro\u0161in\u0101sim jums nepiecie\u0161amos tulkojumus cit\u0101s valod\u0101s. L\u016bdzu jaut\u0101jiet mums.  &nbsp;  V\u0101cu \/ Ang\u013cu \/ Fran\u010du \/ Krievu","og_url":"https:\/\/dev.myindustrial.eu\/lv\/shop\/elektrohidraulisko-piedzinu-risinajumi\/elektrohidrauliskie-dzineji\/uzstadisanas-un-ekspluatacijas-instrukcija\/","og_site_name":"My industrial","article_modified_time":"2023-06-16T20:08:01+00:00","og_image":[{"width":280,"height":300,"url":"https:\/\/dev.myindustrial.eu\/wp-content\/uploads\/2022\/12\/csm_einbauerklaerungen-0448fc9cf0-280x300.jpg","type":"image\/jpeg"}],"twitter_card":"summary_large_image","schema":{"@context":"https:\/\/schema.org","@graph":[{"@type":"WebPage","@id":"https:\/\/dev.myindustrial.eu\/lv\/shop\/elektrohidraulisko-piedzinu-risinajumi\/elektrohidrauliskie-dzineji\/uzstadisanas-un-ekspluatacijas-instrukcija\/","url":"https:\/\/dev.myindustrial.eu\/lv\/shop\/elektrohidraulisko-piedzinu-risinajumi\/elektrohidrauliskie-dzineji\/uzstadisanas-un-ekspluatacijas-instrukcija\/","name":"Uzst\u0101d\u012b\u0161anas un ekspluat\u0101cijas instrukcija - My industrial","isPartOf":{"@id":"https:\/\/dev.myindustrial.eu\/lv\/#website"},"primaryImageOfPage":{"@id":"https:\/\/dev.myindustrial.eu\/lv\/shop\/elektrohidraulisko-piedzinu-risinajumi\/elektrohidrauliskie-dzineji\/uzstadisanas-un-ekspluatacijas-instrukcija\/#primaryimage"},"image":{"@id":"https:\/\/dev.myindustrial.eu\/lv\/shop\/elektrohidraulisko-piedzinu-risinajumi\/elektrohidrauliskie-dzineji\/uzstadisanas-un-ekspluatacijas-instrukcija\/#primaryimage"},"thumbnailUrl":"https:\/\/dev.myindustrial.eu\/wp-content\/uploads\/2022\/12\/csm_einbauerklaerungen-0448fc9cf0-280x300.jpg","datePublished":"2022-12-20T18:23:07+00:00","dateModified":"2023-06-16T20:08:01+00:00","breadcrumb":{"@id":"https:\/\/dev.myindustrial.eu\/lv\/shop\/elektrohidraulisko-piedzinu-risinajumi\/elektrohidrauliskie-dzineji\/uzstadisanas-un-ekspluatacijas-instrukcija\/#breadcrumb"},"inLanguage":"lv-LV","potentialAction":[{"@type":"ReadAction","target":["https:\/\/dev.myindustrial.eu\/lv\/shop\/elektrohidraulisko-piedzinu-risinajumi\/elektrohidrauliskie-dzineji\/uzstadisanas-un-ekspluatacijas-instrukcija\/"]}]},{"@type":"ImageObject","inLanguage":"lv-LV","@id":"https:\/\/dev.myindustrial.eu\/lv\/shop\/elektrohidraulisko-piedzinu-risinajumi\/elektrohidrauliskie-dzineji\/uzstadisanas-un-ekspluatacijas-instrukcija\/#primaryimage","url":"https:\/\/dev.myindustrial.eu\/wp-content\/uploads\/2022\/12\/csm_einbauerklaerungen-0448fc9cf0-280x300.jpg","contentUrl":"https:\/\/dev.myindustrial.eu\/wp-content\/uploads\/2022\/12\/csm_einbauerklaerungen-0448fc9cf0-280x300.jpg","width":280,"height":300},{"@type":"BreadcrumbList","@id":"https:\/\/dev.myindustrial.eu\/lv\/shop\/elektrohidraulisko-piedzinu-risinajumi\/elektrohidrauliskie-dzineji\/uzstadisanas-un-ekspluatacijas-instrukcija\/#breadcrumb","itemListElement":[{"@type":"ListItem","position":1,"name":"Home","item":"https:\/\/dev.myindustrial.eu\/lv\/"},{"@type":"ListItem","position":2,"name":"Products","item":"https:\/\/dev.myindustrial.eu\/lv\/products\/"},{"@type":"ListItem","position":3,"name":"Uzst\u0101d\u012b\u0161anas un ekspluat\u0101cijas instrukcija"}]},{"@type":"WebSite","@id":"https:\/\/dev.myindustrial.eu\/lv\/#website","url":"https:\/\/dev.myindustrial.eu\/lv\/","name":"My industrial","description":"","potentialAction":[{"@type":"SearchAction","target":{"@type":"EntryPoint","urlTemplate":"https:\/\/dev.myindustrial.eu\/lv\/?s={search_term_string}"},"query-input":{"@type":"PropertyValueSpecification","valueRequired":true,"valueName":"search_term_string"}}],"inLanguage":"lv-LV"}]}},"_links":{"self":[{"href":"https:\/\/dev.myindustrial.eu\/lv\/wp-json\/wp\/v2\/product\/1260062287","targetHints":{"allow":["GET"]}}],"collection":[{"href":"https:\/\/dev.myindustrial.eu\/lv\/wp-json\/wp\/v2\/product"}],"about":[{"href":"https:\/\/dev.myindustrial.eu\/lv\/wp-json\/wp\/v2\/types\/product"}],"version-history":[{"count":0,"href":"https:\/\/dev.myindustrial.eu\/lv\/wp-json\/wp\/v2\/product\/1260062287\/revisions"}],"wp:featuredmedia":[{"embeddable":true,"href":"https:\/\/dev.myindustrial.eu\/lv\/wp-json\/wp\/v2\/media\/1260062291"}],"wp:attachment":[{"href":"https:\/\/dev.myindustrial.eu\/lv\/wp-json\/wp\/v2\/media?parent=1260062287"}],"wp:term":[{"taxonomy":"product_brand","embeddable":true,"href":"https:\/\/dev.myindustrial.eu\/lv\/wp-json\/wp\/v2\/product_brand?post=1260062287"},{"taxonomy":"product_cat","embeddable":true,"href":"https:\/\/dev.myindustrial.eu\/lv\/wp-json\/wp\/v2\/product_cat?post=1260062287"},{"taxonomy":"product_tag","embeddable":true,"href":"https:\/\/dev.myindustrial.eu\/lv\/wp-json\/wp\/v2\/product_tag?post=1260062287"}],"curies":[{"name":"wp","href":"https:\/\/api.w.org\/{rel}","templated":true}]}}