{"id":1260062690,"date":"2023-03-01T14:24:49","date_gmt":"2023-03-01T14:24:49","guid":{"rendered":"https:\/\/dev.myindustrial.eu\/?post_type=product&#038;p=1260062690"},"modified":"2023-06-16T20:08:01","modified_gmt":"2023-06-16T20:08:01","slug":"rokturis-b36","status":"publish","type":"product","link":"https:\/\/dev.myindustrial.eu\/lv\/shop\/rupnieciskie-kontrolieri-dzoistiki-un-konsoles\/rokturi-kontrolieriem-kursorsviram\/rokturis-b36\/","title":{"rendered":"Rokturis B36"},"content":{"rendered":"<p>Tehniskie datiDarba temperat\u016bra \u221240\u00b0C l\u012bdz +85\u00b0CAizsardz\u012bbas pak\u0101pe vad\u012bbas elements l\u012bdz IP67Kontaktu atbilst\u012bba 1,5A 24 V DC 13 (*1 0,1A 24 V DC13)<iframe width=\"560\" height=\"315\" src=\"https:\/\/youtube.com\/shorts\/b7YO7IzGkus?feature=share\" frameborder=\"0\" allow=\"accelerometer; autoplay; clipboard-write; encrypted-media; gyroscope; picture-in-picture; web-share\" allowfullscreen><\/iframe><\/p>\n","protected":false},"excerpt":{"rendered":"<p>Plaukstas rokturim B36 ir da\u017e\u0101das apr\u012bkojuma opcijas, kas atbilst daudz\u0101m pras\u012bb\u0101m. Tas ir sader\u012bgs ar m\u016bsu vair\u0101ku asu kontrolieriem, k\u0101 ar\u012b to var uzst\u0101d\u012bt hidraulisk\u0101s piedzi\u0146as iek\u0101rt\u0101m. Plaukstas rokturim ir \u013coti lokana vada stieple (0,1 mm\u00b2, 450 mm gara). P\u0101rvada stie\u0146a mont\u0101\u017eas deta\u013cu var sa\u0146emt ar 12 mm (standarta) vai 10 mm v\u012bt\u0146otu caurumu.<\/p>\n<p><a href=\"\/wp-content\/uploads\/2023\/03\/palm-grip-b36-1.pdf\" target=\"_blank\" rel=\"noopener\"><img decoding=\"async\" src=\"\/wp-content\/uploads\/2023\/02\/download-button-lv.svg\" \/><\/a><\/p>\n","protected":false},"featured_media":1260063113,"template":"","meta":[],"product_brand":[],"product_cat":[1370],"product_tag":[],"class_list":{"0":"post-1260062690","1":"product","2":"type-product","3":"status-publish","4":"has-post-thumbnail","6":"product_cat-rokturi-kontrolieriem-kursorsviram","8":"first","9":"instock","10":"shipping-taxable","11":"product-type-simple"},"yoast_head":"<!-- This site is optimized with the Yoast SEO plugin v27.1.1 - https:\/\/yoast.com\/product\/yoast-seo-wordpress\/ -->\n<title>Rokturis B36 - My industrial<\/title>\n<meta name=\"robots\" content=\"noindex, follow, max-snippet:-1, max-image-preview:large, max-video-preview:-1\" \/>\n<meta property=\"og:locale\" content=\"lv_LV\" \/>\n<meta property=\"og:type\" content=\"article\" \/>\n<meta property=\"og:title\" content=\"Rokturis B36 - My industrial\" \/>\n<meta property=\"og:description\" content=\"Plaukstas rokturim B36 ir da\u017e\u0101das apr\u012bkojuma opcijas, kas atbilst daudz\u0101m pras\u012bb\u0101m. Tas ir sader\u012bgs ar m\u016bsu vair\u0101ku asu kontrolieriem, k\u0101 ar\u012b to var uzst\u0101d\u012bt hidraulisk\u0101s piedzi\u0146as iek\u0101rt\u0101m. Plaukstas rokturim ir \u013coti lokana vada stieple (0,1 mm\u00b2, 450 mm gara). P\u0101rvada stie\u0146a mont\u0101\u017eas deta\u013cu var sa\u0146emt ar 12 mm (standarta) vai 10 mm v\u012bt\u0146otu caurumu.\" \/>\n<meta property=\"og:url\" content=\"https:\/\/dev.myindustrial.eu\/lv\/shop\/rupnieciskie-kontrolieri-dzoistiki-un-konsoles\/rokturi-kontrolieriem-kursorsviram\/rokturis-b36\/\" \/>\n<meta property=\"og:site_name\" content=\"My industrial\" \/>\n<meta property=\"article:modified_time\" content=\"2023-06-16T20:08:01+00:00\" \/>\n<meta property=\"og:image\" content=\"https:\/\/dev.myindustrial.eu\/wp-content\/uploads\/2023\/03\/b36.webp\" \/>\n\t<meta property=\"og:image:width\" content=\"977\" \/>\n\t<meta property=\"og:image:height\" content=\"1031\" \/>\n\t<meta property=\"og:image:type\" content=\"image\/webp\" \/>\n<meta name=\"twitter:card\" content=\"summary_large_image\" \/>\n<script type=\"application\/ld+json\" class=\"yoast-schema-graph\">{\"@context\":\"https:\/\/schema.org\",\"@graph\":[{\"@type\":\"WebPage\",\"@id\":\"https:\/\/dev.myindustrial.eu\/lv\/shop\/rupnieciskie-kontrolieri-dzoistiki-un-konsoles\/rokturi-kontrolieriem-kursorsviram\/rokturis-b36\/\",\"url\":\"https:\/\/dev.myindustrial.eu\/lv\/shop\/rupnieciskie-kontrolieri-dzoistiki-un-konsoles\/rokturi-kontrolieriem-kursorsviram\/rokturis-b36\/\",\"name\":\"Rokturis B36 - My industrial\",\"isPartOf\":{\"@id\":\"https:\/\/dev.myindustrial.eu\/lv\/#website\"},\"primaryImageOfPage\":{\"@id\":\"https:\/\/dev.myindustrial.eu\/lv\/shop\/rupnieciskie-kontrolieri-dzoistiki-un-konsoles\/rokturi-kontrolieriem-kursorsviram\/rokturis-b36\/#primaryimage\"},\"image\":{\"@id\":\"https:\/\/dev.myindustrial.eu\/lv\/shop\/rupnieciskie-kontrolieri-dzoistiki-un-konsoles\/rokturi-kontrolieriem-kursorsviram\/rokturis-b36\/#primaryimage\"},\"thumbnailUrl\":\"https:\/\/dev.myindustrial.eu\/wp-content\/uploads\/2023\/03\/b36.webp\",\"datePublished\":\"2023-03-01T14:24:49+00:00\",\"dateModified\":\"2023-06-16T20:08:01+00:00\",\"breadcrumb\":{\"@id\":\"https:\/\/dev.myindustrial.eu\/lv\/shop\/rupnieciskie-kontrolieri-dzoistiki-un-konsoles\/rokturi-kontrolieriem-kursorsviram\/rokturis-b36\/#breadcrumb\"},\"inLanguage\":\"lv-LV\",\"potentialAction\":[{\"@type\":\"ReadAction\",\"target\":[\"https:\/\/dev.myindustrial.eu\/lv\/shop\/rupnieciskie-kontrolieri-dzoistiki-un-konsoles\/rokturi-kontrolieriem-kursorsviram\/rokturis-b36\/\"]}]},{\"@type\":\"ImageObject\",\"inLanguage\":\"lv-LV\",\"@id\":\"https:\/\/dev.myindustrial.eu\/lv\/shop\/rupnieciskie-kontrolieri-dzoistiki-un-konsoles\/rokturi-kontrolieriem-kursorsviram\/rokturis-b36\/#primaryimage\",\"url\":\"https:\/\/dev.myindustrial.eu\/wp-content\/uploads\/2023\/03\/b36.webp\",\"contentUrl\":\"https:\/\/dev.myindustrial.eu\/wp-content\/uploads\/2023\/03\/b36.webp\",\"width\":977,\"height\":1031},{\"@type\":\"BreadcrumbList\",\"@id\":\"https:\/\/dev.myindustrial.eu\/lv\/shop\/rupnieciskie-kontrolieri-dzoistiki-un-konsoles\/rokturi-kontrolieriem-kursorsviram\/rokturis-b36\/#breadcrumb\",\"itemListElement\":[{\"@type\":\"ListItem\",\"position\":1,\"name\":\"Home\",\"item\":\"https:\/\/dev.myindustrial.eu\/lv\/\"},{\"@type\":\"ListItem\",\"position\":2,\"name\":\"Products\",\"item\":\"https:\/\/dev.myindustrial.eu\/lv\/products\/\"},{\"@type\":\"ListItem\",\"position\":3,\"name\":\"Rokturis B36\"}]},{\"@type\":\"WebSite\",\"@id\":\"https:\/\/dev.myindustrial.eu\/lv\/#website\",\"url\":\"https:\/\/dev.myindustrial.eu\/lv\/\",\"name\":\"My industrial\",\"description\":\"\",\"potentialAction\":[{\"@type\":\"SearchAction\",\"target\":{\"@type\":\"EntryPoint\",\"urlTemplate\":\"https:\/\/dev.myindustrial.eu\/lv\/?s={search_term_string}\"},\"query-input\":{\"@type\":\"PropertyValueSpecification\",\"valueRequired\":true,\"valueName\":\"search_term_string\"}}],\"inLanguage\":\"lv-LV\"}]}<\/script>\n<!-- \/ Yoast SEO plugin. -->","yoast_head_json":{"title":"Rokturis B36 - My industrial","robots":{"index":"noindex","follow":"follow","max-snippet":"max-snippet:-1","max-image-preview":"max-image-preview:large","max-video-preview":"max-video-preview:-1"},"og_locale":"lv_LV","og_type":"article","og_title":"Rokturis B36 - My industrial","og_description":"Plaukstas rokturim B36 ir da\u017e\u0101das apr\u012bkojuma opcijas, kas atbilst daudz\u0101m pras\u012bb\u0101m. Tas ir sader\u012bgs ar m\u016bsu vair\u0101ku asu kontrolieriem, k\u0101 ar\u012b to var uzst\u0101d\u012bt hidraulisk\u0101s piedzi\u0146as iek\u0101rt\u0101m. Plaukstas rokturim ir \u013coti lokana vada stieple (0,1 mm\u00b2, 450 mm gara). P\u0101rvada stie\u0146a mont\u0101\u017eas deta\u013cu var sa\u0146emt ar 12 mm (standarta) vai 10 mm v\u012bt\u0146otu caurumu.","og_url":"https:\/\/dev.myindustrial.eu\/lv\/shop\/rupnieciskie-kontrolieri-dzoistiki-un-konsoles\/rokturi-kontrolieriem-kursorsviram\/rokturis-b36\/","og_site_name":"My industrial","article_modified_time":"2023-06-16T20:08:01+00:00","og_image":[{"width":977,"height":1031,"url":"https:\/\/dev.myindustrial.eu\/wp-content\/uploads\/2023\/03\/b36.webp","type":"image\/webp"}],"twitter_card":"summary_large_image","schema":{"@context":"https:\/\/schema.org","@graph":[{"@type":"WebPage","@id":"https:\/\/dev.myindustrial.eu\/lv\/shop\/rupnieciskie-kontrolieri-dzoistiki-un-konsoles\/rokturi-kontrolieriem-kursorsviram\/rokturis-b36\/","url":"https:\/\/dev.myindustrial.eu\/lv\/shop\/rupnieciskie-kontrolieri-dzoistiki-un-konsoles\/rokturi-kontrolieriem-kursorsviram\/rokturis-b36\/","name":"Rokturis B36 - My industrial","isPartOf":{"@id":"https:\/\/dev.myindustrial.eu\/lv\/#website"},"primaryImageOfPage":{"@id":"https:\/\/dev.myindustrial.eu\/lv\/shop\/rupnieciskie-kontrolieri-dzoistiki-un-konsoles\/rokturi-kontrolieriem-kursorsviram\/rokturis-b36\/#primaryimage"},"image":{"@id":"https:\/\/dev.myindustrial.eu\/lv\/shop\/rupnieciskie-kontrolieri-dzoistiki-un-konsoles\/rokturi-kontrolieriem-kursorsviram\/rokturis-b36\/#primaryimage"},"thumbnailUrl":"https:\/\/dev.myindustrial.eu\/wp-content\/uploads\/2023\/03\/b36.webp","datePublished":"2023-03-01T14:24:49+00:00","dateModified":"2023-06-16T20:08:01+00:00","breadcrumb":{"@id":"https:\/\/dev.myindustrial.eu\/lv\/shop\/rupnieciskie-kontrolieri-dzoistiki-un-konsoles\/rokturi-kontrolieriem-kursorsviram\/rokturis-b36\/#breadcrumb"},"inLanguage":"lv-LV","potentialAction":[{"@type":"ReadAction","target":["https:\/\/dev.myindustrial.eu\/lv\/shop\/rupnieciskie-kontrolieri-dzoistiki-un-konsoles\/rokturi-kontrolieriem-kursorsviram\/rokturis-b36\/"]}]},{"@type":"ImageObject","inLanguage":"lv-LV","@id":"https:\/\/dev.myindustrial.eu\/lv\/shop\/rupnieciskie-kontrolieri-dzoistiki-un-konsoles\/rokturi-kontrolieriem-kursorsviram\/rokturis-b36\/#primaryimage","url":"https:\/\/dev.myindustrial.eu\/wp-content\/uploads\/2023\/03\/b36.webp","contentUrl":"https:\/\/dev.myindustrial.eu\/wp-content\/uploads\/2023\/03\/b36.webp","width":977,"height":1031},{"@type":"BreadcrumbList","@id":"https:\/\/dev.myindustrial.eu\/lv\/shop\/rupnieciskie-kontrolieri-dzoistiki-un-konsoles\/rokturi-kontrolieriem-kursorsviram\/rokturis-b36\/#breadcrumb","itemListElement":[{"@type":"ListItem","position":1,"name":"Home","item":"https:\/\/dev.myindustrial.eu\/lv\/"},{"@type":"ListItem","position":2,"name":"Products","item":"https:\/\/dev.myindustrial.eu\/lv\/products\/"},{"@type":"ListItem","position":3,"name":"Rokturis B36"}]},{"@type":"WebSite","@id":"https:\/\/dev.myindustrial.eu\/lv\/#website","url":"https:\/\/dev.myindustrial.eu\/lv\/","name":"My industrial","description":"","potentialAction":[{"@type":"SearchAction","target":{"@type":"EntryPoint","urlTemplate":"https:\/\/dev.myindustrial.eu\/lv\/?s={search_term_string}"},"query-input":{"@type":"PropertyValueSpecification","valueRequired":true,"valueName":"search_term_string"}}],"inLanguage":"lv-LV"}]}},"_links":{"self":[{"href":"https:\/\/dev.myindustrial.eu\/lv\/wp-json\/wp\/v2\/product\/1260062690","targetHints":{"allow":["GET"]}}],"collection":[{"href":"https:\/\/dev.myindustrial.eu\/lv\/wp-json\/wp\/v2\/product"}],"about":[{"href":"https:\/\/dev.myindustrial.eu\/lv\/wp-json\/wp\/v2\/types\/product"}],"version-history":[{"count":0,"href":"https:\/\/dev.myindustrial.eu\/lv\/wp-json\/wp\/v2\/product\/1260062690\/revisions"}],"wp:featuredmedia":[{"embeddable":true,"href":"https:\/\/dev.myindustrial.eu\/lv\/wp-json\/wp\/v2\/media\/1260063113"}],"wp:attachment":[{"href":"https:\/\/dev.myindustrial.eu\/lv\/wp-json\/wp\/v2\/media?parent=1260062690"}],"wp:term":[{"taxonomy":"product_brand","embeddable":true,"href":"https:\/\/dev.myindustrial.eu\/lv\/wp-json\/wp\/v2\/product_brand?post=1260062690"},{"taxonomy":"product_cat","embeddable":true,"href":"https:\/\/dev.myindustrial.eu\/lv\/wp-json\/wp\/v2\/product_cat?post=1260062690"},{"taxonomy":"product_tag","embeddable":true,"href":"https:\/\/dev.myindustrial.eu\/lv\/wp-json\/wp\/v2\/product_tag?post=1260062690"}],"curies":[{"name":"wp","href":"https:\/\/api.w.org\/{rel}","templated":true}]}}