{"id":1260062790,"date":"2022-12-14T14:18:08","date_gmt":"2022-12-14T14:18:08","guid":{"rendered":"https:\/\/dev.myindustrial.eu\/shop\/uncategorized\/hkal-emg-hydraulic-cylinder\/"},"modified":"2023-06-16T20:08:10","modified_gmt":"2023-06-16T20:08:10","slug":"hkal-hidrauliskais-kompaktais-linearais-izpildmehanisms","status":"publish","type":"product","link":"https:\/\/dev.myindustrial.eu\/lv\/shop\/elektrohidraulisko-piedzinu-risinajumi\/pielagoti-risinajumi-emg\/hkal-hidrauliskais-kompaktais-linearais-izpildmehanisms\/","title":{"rendered":"HKAL hidrauliskais kompaktais line\u0101rais izpildmeh\u0101nisms"},"content":{"rendered":"","protected":false},"excerpt":{"rendered":"<p><b>HKAL hidrauliskais kompaktais line\u0101rais izpildmeh\u0101nisms<\/b><\/p>\n<p>&nbsp;<\/p>\n<p><span style=\"font-weight: 400;\">Ar hidraulisko kompakto line\u0101ro izpildmeh\u0101nismu (sa\u012bsin\u0101ti: HKAL) EMG ir n\u0101cis klaj\u0101 ar jaunu izpildmeh\u0101nismu, kas apvieno trad\u012bcijas un inov\u0101cijas. T\u0101 lielisk\u0101 piel\u0101go\u0161an\u0101s sp\u0113ja, k\u0101 ar\u012b iztur\u012bgais tehniskais dizains un ekonomisk\u0101 efektivit\u0101te \u013cauj HKAL izmantot pla\u0161\u0101 r\u016bpniecisko pielietojumu kl\u0101st\u0101, tostarp:<\/span><\/p>\n<p><span style=\"font-weight: 400;\">&#8211; kalnr\u016bpniec\u012bbas un konveijera tehnolo\u0123ija<\/span><\/p>\n<p><span style=\"font-weight: 400;\">&#8211; ma\u0161\u012bnb\u016bve un iek\u0101rtu celtniec\u012bba<\/span><\/p>\n<p><span style=\"font-weight: 400;\">&#8211; sp\u0113kstaciju in\u017eenierija<\/span><\/p>\n<p><span style=\"font-weight: 400;\">&#8211; v\u0101rstu in\u017eenierija<\/span><\/p>\n<p><span style=\"font-weight: 400;\">&#8211; hidraulisk\u0101s t\u0113rauda konstrukcijas<\/span><\/p>\n<p><span style=\"font-weight: 400;\">&#8211; atjaunojam\u0101 ener\u0123ija (saules ener\u0123ija, \u016bdens ener\u0123ija utt.)<\/span><\/p>\n<p><img fetchpriority=\"high\" decoding=\"async\" class=\"alignnone size-medium wp-image-1260062608\" src=\"https:\/\/dev.myindustrial.eu\/wp-content\/uploads\/2022\/12\/hkal-p-80-600-antrieb-prallwand-500x375.webp\" alt=\"\" width=\"500\" height=\"375\" srcset=\"https:\/\/dev.myindustrial.eu\/wp-content\/uploads\/2022\/12\/hkal-p-80-600-antrieb-prallwand-500x375.webp 500w, https:\/\/dev.myindustrial.eu\/wp-content\/uploads\/2022\/12\/hkal-p-80-600-antrieb-prallwand-300x225.webp 300w, https:\/\/dev.myindustrial.eu\/wp-content\/uploads\/2022\/12\/hkal-p-80-600-antrieb-prallwand-768x576.webp 768w, https:\/\/dev.myindustrial.eu\/wp-content\/uploads\/2022\/12\/hkal-p-80-600-antrieb-prallwand-150x113.webp 150w, https:\/\/dev.myindustrial.eu\/wp-content\/uploads\/2022\/12\/hkal-p-80-600-antrieb-prallwand.webp 900w\" sizes=\"(max-width: 500px) 100vw, 500px\" \/><\/p>\n","protected":false},"featured_media":1260062615,"template":"","meta":[],"product_brand":[],"product_cat":[1304,1633],"product_tag":[],"class_list":{"0":"post-1260062790","1":"product","2":"type-product","3":"status-publish","4":"has-post-thumbnail","6":"product_cat-elektrohidraulisko-piedzinu-risinajumi","7":"product_cat-pielagoti-risinajumi-emg","9":"first","10":"instock","11":"shipping-taxable","12":"product-type-simple"},"yoast_head":"<!-- This site is optimized with the Yoast SEO plugin v27.1.1 - https:\/\/yoast.com\/product\/yoast-seo-wordpress\/ -->\n<title>HKAL hidrauliskais kompaktais line\u0101rais izpildmeh\u0101nisms - My industrial<\/title>\n<meta name=\"robots\" content=\"noindex, follow, max-snippet:-1, max-image-preview:large, max-video-preview:-1\" \/>\n<meta property=\"og:locale\" content=\"lv_LV\" \/>\n<meta property=\"og:type\" content=\"article\" \/>\n<meta property=\"og:title\" content=\"HKAL hidrauliskais kompaktais line\u0101rais izpildmeh\u0101nisms - My industrial\" \/>\n<meta property=\"og:description\" content=\"HKAL hidrauliskais kompaktais line\u0101rais izpildmeh\u0101nisms  &nbsp;  Ar hidraulisko kompakto line\u0101ro izpildmeh\u0101nismu (sa\u012bsin\u0101ti: HKAL) EMG ir n\u0101cis klaj\u0101 ar jaunu izpildmeh\u0101nismu, kas apvieno trad\u012bcijas un inov\u0101cijas. T\u0101 lielisk\u0101 piel\u0101go\u0161an\u0101s sp\u0113ja, k\u0101 ar\u012b iztur\u012bgais tehniskais dizains un ekonomisk\u0101 efektivit\u0101te \u013cauj HKAL izmantot pla\u0161\u0101 r\u016bpniecisko pielietojumu kl\u0101st\u0101, tostarp:  - kalnr\u016bpniec\u012bbas un konveijera tehnolo\u0123ija  - ma\u0161\u012bnb\u016bve un iek\u0101rtu celtniec\u012bba  - sp\u0113kstaciju in\u017eenierija  - v\u0101rstu in\u017eenierija  - hidraulisk\u0101s t\u0113rauda konstrukcijas  - atjaunojam\u0101 ener\u0123ija (saules ener\u0123ija, \u016bdens ener\u0123ija utt.)\" \/>\n<meta property=\"og:url\" content=\"https:\/\/dev.myindustrial.eu\/lv\/shop\/elektrohidraulisko-piedzinu-risinajumi\/pielagoti-risinajumi-emg\/hkal-hidrauliskais-kompaktais-linearais-izpildmehanisms\/\" \/>\n<meta property=\"og:site_name\" content=\"My industrial\" \/>\n<meta property=\"article:modified_time\" content=\"2023-06-16T20:08:10+00:00\" \/>\n<meta property=\"og:image\" content=\"https:\/\/dev.myindustrial.eu\/wp-content\/uploads\/2022\/12\/fordergurtlenkrollenstation_colorgrade.webp\" \/>\n\t<meta property=\"og:image:width\" content=\"900\" \/>\n\t<meta property=\"og:image:height\" content=\"675\" \/>\n\t<meta property=\"og:image:type\" content=\"image\/webp\" \/>\n<meta name=\"twitter:card\" content=\"summary_large_image\" \/>\n<script type=\"application\/ld+json\" class=\"yoast-schema-graph\">{\"@context\":\"https:\/\/schema.org\",\"@graph\":[{\"@type\":\"WebPage\",\"@id\":\"https:\/\/dev.myindustrial.eu\/lv\/shop\/elektrohidraulisko-piedzinu-risinajumi\/pielagoti-risinajumi-emg\/hkal-hidrauliskais-kompaktais-linearais-izpildmehanisms\/\",\"url\":\"https:\/\/dev.myindustrial.eu\/lv\/shop\/elektrohidraulisko-piedzinu-risinajumi\/pielagoti-risinajumi-emg\/hkal-hidrauliskais-kompaktais-linearais-izpildmehanisms\/\",\"name\":\"HKAL hidrauliskais kompaktais line\u0101rais izpildmeh\u0101nisms - My industrial\",\"isPartOf\":{\"@id\":\"https:\/\/dev.myindustrial.eu\/lv\/#website\"},\"primaryImageOfPage\":{\"@id\":\"https:\/\/dev.myindustrial.eu\/lv\/shop\/elektrohidraulisko-piedzinu-risinajumi\/pielagoti-risinajumi-emg\/hkal-hidrauliskais-kompaktais-linearais-izpildmehanisms\/#primaryimage\"},\"image\":{\"@id\":\"https:\/\/dev.myindustrial.eu\/lv\/shop\/elektrohidraulisko-piedzinu-risinajumi\/pielagoti-risinajumi-emg\/hkal-hidrauliskais-kompaktais-linearais-izpildmehanisms\/#primaryimage\"},\"thumbnailUrl\":\"https:\/\/dev.myindustrial.eu\/wp-content\/uploads\/2022\/12\/fordergurtlenkrollenstation_colorgrade.webp\",\"datePublished\":\"2022-12-14T14:18:08+00:00\",\"dateModified\":\"2023-06-16T20:08:10+00:00\",\"breadcrumb\":{\"@id\":\"https:\/\/dev.myindustrial.eu\/lv\/shop\/elektrohidraulisko-piedzinu-risinajumi\/pielagoti-risinajumi-emg\/hkal-hidrauliskais-kompaktais-linearais-izpildmehanisms\/#breadcrumb\"},\"inLanguage\":\"lv-LV\",\"potentialAction\":[{\"@type\":\"ReadAction\",\"target\":[\"https:\/\/dev.myindustrial.eu\/lv\/shop\/elektrohidraulisko-piedzinu-risinajumi\/pielagoti-risinajumi-emg\/hkal-hidrauliskais-kompaktais-linearais-izpildmehanisms\/\"]}]},{\"@type\":\"ImageObject\",\"inLanguage\":\"lv-LV\",\"@id\":\"https:\/\/dev.myindustrial.eu\/lv\/shop\/elektrohidraulisko-piedzinu-risinajumi\/pielagoti-risinajumi-emg\/hkal-hidrauliskais-kompaktais-linearais-izpildmehanisms\/#primaryimage\",\"url\":\"https:\/\/dev.myindustrial.eu\/wp-content\/uploads\/2022\/12\/fordergurtlenkrollenstation_colorgrade.webp\",\"contentUrl\":\"https:\/\/dev.myindustrial.eu\/wp-content\/uploads\/2022\/12\/fordergurtlenkrollenstation_colorgrade.webp\",\"width\":900,\"height\":675},{\"@type\":\"BreadcrumbList\",\"@id\":\"https:\/\/dev.myindustrial.eu\/lv\/shop\/elektrohidraulisko-piedzinu-risinajumi\/pielagoti-risinajumi-emg\/hkal-hidrauliskais-kompaktais-linearais-izpildmehanisms\/#breadcrumb\",\"itemListElement\":[{\"@type\":\"ListItem\",\"position\":1,\"name\":\"Home\",\"item\":\"https:\/\/dev.myindustrial.eu\/lv\/\"},{\"@type\":\"ListItem\",\"position\":2,\"name\":\"Products\",\"item\":\"https:\/\/dev.myindustrial.eu\/lv\/products\/\"},{\"@type\":\"ListItem\",\"position\":3,\"name\":\"HKAL hidrauliskais kompaktais line\u0101rais izpildmeh\u0101nisms\"}]},{\"@type\":\"WebSite\",\"@id\":\"https:\/\/dev.myindustrial.eu\/lv\/#website\",\"url\":\"https:\/\/dev.myindustrial.eu\/lv\/\",\"name\":\"My industrial\",\"description\":\"\",\"potentialAction\":[{\"@type\":\"SearchAction\",\"target\":{\"@type\":\"EntryPoint\",\"urlTemplate\":\"https:\/\/dev.myindustrial.eu\/lv\/?s={search_term_string}\"},\"query-input\":{\"@type\":\"PropertyValueSpecification\",\"valueRequired\":true,\"valueName\":\"search_term_string\"}}],\"inLanguage\":\"lv-LV\"}]}<\/script>\n<!-- \/ Yoast SEO plugin. -->","yoast_head_json":{"title":"HKAL hidrauliskais kompaktais line\u0101rais izpildmeh\u0101nisms - My industrial","robots":{"index":"noindex","follow":"follow","max-snippet":"max-snippet:-1","max-image-preview":"max-image-preview:large","max-video-preview":"max-video-preview:-1"},"og_locale":"lv_LV","og_type":"article","og_title":"HKAL hidrauliskais kompaktais line\u0101rais izpildmeh\u0101nisms - My industrial","og_description":"HKAL hidrauliskais kompaktais line\u0101rais izpildmeh\u0101nisms  &nbsp;  Ar hidraulisko kompakto line\u0101ro izpildmeh\u0101nismu (sa\u012bsin\u0101ti: HKAL) EMG ir n\u0101cis klaj\u0101 ar jaunu izpildmeh\u0101nismu, kas apvieno trad\u012bcijas un inov\u0101cijas. T\u0101 lielisk\u0101 piel\u0101go\u0161an\u0101s sp\u0113ja, k\u0101 ar\u012b iztur\u012bgais tehniskais dizains un ekonomisk\u0101 efektivit\u0101te \u013cauj HKAL izmantot pla\u0161\u0101 r\u016bpniecisko pielietojumu kl\u0101st\u0101, tostarp:  - kalnr\u016bpniec\u012bbas un konveijera tehnolo\u0123ija  - ma\u0161\u012bnb\u016bve un iek\u0101rtu celtniec\u012bba  - sp\u0113kstaciju in\u017eenierija  - v\u0101rstu in\u017eenierija  - hidraulisk\u0101s t\u0113rauda konstrukcijas  - atjaunojam\u0101 ener\u0123ija (saules ener\u0123ija, \u016bdens ener\u0123ija utt.)","og_url":"https:\/\/dev.myindustrial.eu\/lv\/shop\/elektrohidraulisko-piedzinu-risinajumi\/pielagoti-risinajumi-emg\/hkal-hidrauliskais-kompaktais-linearais-izpildmehanisms\/","og_site_name":"My industrial","article_modified_time":"2023-06-16T20:08:10+00:00","og_image":[{"width":900,"height":675,"url":"https:\/\/dev.myindustrial.eu\/wp-content\/uploads\/2022\/12\/fordergurtlenkrollenstation_colorgrade.webp","type":"image\/webp"}],"twitter_card":"summary_large_image","schema":{"@context":"https:\/\/schema.org","@graph":[{"@type":"WebPage","@id":"https:\/\/dev.myindustrial.eu\/lv\/shop\/elektrohidraulisko-piedzinu-risinajumi\/pielagoti-risinajumi-emg\/hkal-hidrauliskais-kompaktais-linearais-izpildmehanisms\/","url":"https:\/\/dev.myindustrial.eu\/lv\/shop\/elektrohidraulisko-piedzinu-risinajumi\/pielagoti-risinajumi-emg\/hkal-hidrauliskais-kompaktais-linearais-izpildmehanisms\/","name":"HKAL hidrauliskais kompaktais line\u0101rais izpildmeh\u0101nisms - My industrial","isPartOf":{"@id":"https:\/\/dev.myindustrial.eu\/lv\/#website"},"primaryImageOfPage":{"@id":"https:\/\/dev.myindustrial.eu\/lv\/shop\/elektrohidraulisko-piedzinu-risinajumi\/pielagoti-risinajumi-emg\/hkal-hidrauliskais-kompaktais-linearais-izpildmehanisms\/#primaryimage"},"image":{"@id":"https:\/\/dev.myindustrial.eu\/lv\/shop\/elektrohidraulisko-piedzinu-risinajumi\/pielagoti-risinajumi-emg\/hkal-hidrauliskais-kompaktais-linearais-izpildmehanisms\/#primaryimage"},"thumbnailUrl":"https:\/\/dev.myindustrial.eu\/wp-content\/uploads\/2022\/12\/fordergurtlenkrollenstation_colorgrade.webp","datePublished":"2022-12-14T14:18:08+00:00","dateModified":"2023-06-16T20:08:10+00:00","breadcrumb":{"@id":"https:\/\/dev.myindustrial.eu\/lv\/shop\/elektrohidraulisko-piedzinu-risinajumi\/pielagoti-risinajumi-emg\/hkal-hidrauliskais-kompaktais-linearais-izpildmehanisms\/#breadcrumb"},"inLanguage":"lv-LV","potentialAction":[{"@type":"ReadAction","target":["https:\/\/dev.myindustrial.eu\/lv\/shop\/elektrohidraulisko-piedzinu-risinajumi\/pielagoti-risinajumi-emg\/hkal-hidrauliskais-kompaktais-linearais-izpildmehanisms\/"]}]},{"@type":"ImageObject","inLanguage":"lv-LV","@id":"https:\/\/dev.myindustrial.eu\/lv\/shop\/elektrohidraulisko-piedzinu-risinajumi\/pielagoti-risinajumi-emg\/hkal-hidrauliskais-kompaktais-linearais-izpildmehanisms\/#primaryimage","url":"https:\/\/dev.myindustrial.eu\/wp-content\/uploads\/2022\/12\/fordergurtlenkrollenstation_colorgrade.webp","contentUrl":"https:\/\/dev.myindustrial.eu\/wp-content\/uploads\/2022\/12\/fordergurtlenkrollenstation_colorgrade.webp","width":900,"height":675},{"@type":"BreadcrumbList","@id":"https:\/\/dev.myindustrial.eu\/lv\/shop\/elektrohidraulisko-piedzinu-risinajumi\/pielagoti-risinajumi-emg\/hkal-hidrauliskais-kompaktais-linearais-izpildmehanisms\/#breadcrumb","itemListElement":[{"@type":"ListItem","position":1,"name":"Home","item":"https:\/\/dev.myindustrial.eu\/lv\/"},{"@type":"ListItem","position":2,"name":"Products","item":"https:\/\/dev.myindustrial.eu\/lv\/products\/"},{"@type":"ListItem","position":3,"name":"HKAL hidrauliskais kompaktais line\u0101rais izpildmeh\u0101nisms"}]},{"@type":"WebSite","@id":"https:\/\/dev.myindustrial.eu\/lv\/#website","url":"https:\/\/dev.myindustrial.eu\/lv\/","name":"My industrial","description":"","potentialAction":[{"@type":"SearchAction","target":{"@type":"EntryPoint","urlTemplate":"https:\/\/dev.myindustrial.eu\/lv\/?s={search_term_string}"},"query-input":{"@type":"PropertyValueSpecification","valueRequired":true,"valueName":"search_term_string"}}],"inLanguage":"lv-LV"}]}},"_links":{"self":[{"href":"https:\/\/dev.myindustrial.eu\/lv\/wp-json\/wp\/v2\/product\/1260062790","targetHints":{"allow":["GET"]}}],"collection":[{"href":"https:\/\/dev.myindustrial.eu\/lv\/wp-json\/wp\/v2\/product"}],"about":[{"href":"https:\/\/dev.myindustrial.eu\/lv\/wp-json\/wp\/v2\/types\/product"}],"version-history":[{"count":1,"href":"https:\/\/dev.myindustrial.eu\/lv\/wp-json\/wp\/v2\/product\/1260062790\/revisions"}],"predecessor-version":[{"id":1260062965,"href":"https:\/\/dev.myindustrial.eu\/lv\/wp-json\/wp\/v2\/product\/1260062790\/revisions\/1260062965"}],"wp:featuredmedia":[{"embeddable":true,"href":"https:\/\/dev.myindustrial.eu\/lv\/wp-json\/wp\/v2\/media\/1260062615"}],"wp:attachment":[{"href":"https:\/\/dev.myindustrial.eu\/lv\/wp-json\/wp\/v2\/media?parent=1260062790"}],"wp:term":[{"taxonomy":"product_brand","embeddable":true,"href":"https:\/\/dev.myindustrial.eu\/lv\/wp-json\/wp\/v2\/product_brand?post=1260062790"},{"taxonomy":"product_cat","embeddable":true,"href":"https:\/\/dev.myindustrial.eu\/lv\/wp-json\/wp\/v2\/product_cat?post=1260062790"},{"taxonomy":"product_tag","embeddable":true,"href":"https:\/\/dev.myindustrial.eu\/lv\/wp-json\/wp\/v2\/product_tag?post=1260062790"}],"curies":[{"name":"wp","href":"https:\/\/api.w.org\/{rel}","templated":true}]}}