{"id":1260062797,"date":"2022-12-14T14:30:07","date_gmt":"2022-12-14T14:30:07","guid":{"rendered":"https:\/\/dev.myindustrial.eu\/shop\/uncategorized\/sibre-individual-based-on-clint-drawings\/"},"modified":"2023-06-16T20:08:10","modified_gmt":"2023-06-16T20:08:10","slug":"sibre-individuali-risinajumi-pec-klienta-rasejumiem","status":"publish","type":"product","link":"https:\/\/dev.myindustrial.eu\/lv\/shop\/rupnieciskas-bremzu-sistemas-un-piedzinas-apstadinasanas-komponentes\/sibre-individuali-risinajumi-pec-klienta-rasejumiem\/","title":{"rendered":"SIBRE &#8211; individu\u0101li risin\u0101jumi p\u0113c klienta ras\u0113jumiem"},"content":{"rendered":"<p><b>Brem\u017eu un piedzi\u0146as sist\u0113mu produktu koncepcija un izstr\u0101de<\/b><span style=\"font-weight: 400\">Ideju un koncepciju \u012bsteno\u0161ana tiek attiecin\u0101ta dinamiskai in\u017eenieru komandai. M\u016bsu produktu p\u0101rveido\u0161ana ir tikpat svar\u012bga k\u0101 jaunu koncepciju realiz\u0101cija. Pateicoties vismodern\u0101k\u0101s aparat\u016bras un programmat\u016bras pieejam\u012bbai, in\u017eenieru komanda ir padar\u012bjusi \u0161obr\u012bd\u0113jo produktu kl\u0101stu efekt\u012bv\u0101ku un paroc\u012bg\u0101ku apkopei. M\u016bsu in\u017eenieru komanda ir svar\u012bga uz\u0146\u0113muma da\u013ca, jo m\u0113s esam glob\u0101ls r\u016bpniecisko brem\u017eu, sakabes un celt\u0146a rite\u0146u pieg\u0101d\u0101t\u0101js pasaul\u0113.<\/span>&nbsp;<span style=\"font-weight: 400\">Ra\u017eotnes ir piedz\u012bvoju\u0161as iev\u0113rojamu moderniz\u0101ciju un papla\u0161in\u0101\u0161anos, lai apmierin\u0101tu piepras\u012bjumu p\u0113c augstas kvalit\u0101tes izstr\u0101d\u0101tiem produktiem. Kop\u0161 2018. gada ir uzst\u0101d\u012btas vair\u0101kas jaunas ra\u017eo\u0161anas l\u012bnijas. M\u016bsu centr\u0101laj\u0101 ra\u017eotn\u0113, kas atrodas V\u0101cij\u0101, ir vair\u0101kas vismodern\u0101k\u0101s CNC iek\u0101rtas. \u0160ie papildin\u0101jumi \u013cauj stingr\u0101k kontrol\u0113t ra\u017eo\u0161anu un \u0101tr\u0101k rea\u0123\u0113t uz klientu piepras\u012bjumiem.<\/span><span style=\"font-weight: 400\">Augstas kvalit\u0101tes, uzticamas brem\u017eu sist\u0113mas un piedzi\u0146as komponenti prasa konsekventu kvalit\u0101tes standartu. Izmantojot m\u016bsu iek\u0161\u0113jo izstr\u0101des un simul\u0101cijas laboratoriju, tiek pilnveidotas gan atsevi\u0161\u0137as komponentes, gan piln\u012bb\u0101 samont\u0113tas sist\u0113mas. Papildus funkciju un slodzes simul\u0101cijai m\u0113s koncentr\u0113jamies ar\u012b uz p\u0101rbaudi, reakcijas laikiem, materi\u0101la \u012bpa\u0161\u012bb\u0101m un izm\u0113ru precizit\u0101ti.<\/span>&nbsp;&nbsp;<\/p>\n","protected":false},"excerpt":{"rendered":"<p><b>Testu laboratorija test\u0113\u0161anai un m\u0113r\u012b\u0161anai<\/b><\/p>\n<p><span style=\"font-weight: 400;\">Inerces dinamometrs tiek izmantots, lai p\u0101rbaud\u012btu jauno mode\u013cu r\u016bpniecisk\u0101s bremzes, uzlabotu kvalit\u0101tes nodro\u0161in\u0101\u0161anu un garant\u0113tu klientiem optim\u0101lu inform\u0101ciju un brem\u017eu dinamisko sp\u0113ku dokument\u0101ciju.<\/span><\/p>\n<p><span style=\"font-weight: 400;\">\u0160\u012b laboratorija \u013cauj mums detaliz\u0113ti p\u0101rbaud\u012bt visas jaun\u0101s koncepcijas un produktus atbilsto\u0161i klientu vajadz\u012bb\u0101m.<\/span><\/p>\n<p>&nbsp;<\/p>\n<p><span style=\"font-weight: 400;\">Veiktie eksperimenti ir noder\u012bgi produktu uzlabojumu veik\u0161anai un dinamisk\u0101s slodzes tr\u016bkumu nov\u0113r\u0161anai, k\u0101 ar\u012b padzi\u013cin\u0101tai produkta pielietojuma izp\u0113tei ekstr\u0113mos apst\u0101k\u013cos un speci\u0101l\u0101 vid\u0113.<\/span><\/p>\n","protected":false},"featured_media":1260062264,"template":"","meta":[],"product_brand":[],"product_cat":[1385,1639],"product_tag":[],"class_list":{"0":"post-1260062797","1":"product","2":"type-product","3":"status-publish","4":"has-post-thumbnail","6":"product_cat-rupnieciskas-bremzu-sistemas-un-piedzinas-apstadinasanas-komponentes","7":"product_cat-pielagoti-risinajumi-sibre","9":"first","10":"instock","11":"shipping-taxable","12":"product-type-simple"},"yoast_head":"<!-- This site is optimized with the Yoast SEO plugin v27.1.1 - https:\/\/yoast.com\/product\/yoast-seo-wordpress\/ -->\n<title>SIBRE - individu\u0101li risin\u0101jumi p\u0113c klienta ras\u0113jumiem - My industrial<\/title>\n<meta name=\"robots\" content=\"noindex, follow, max-snippet:-1, max-image-preview:large, max-video-preview:-1\" \/>\n<meta property=\"og:locale\" content=\"lv_LV\" \/>\n<meta property=\"og:type\" content=\"article\" \/>\n<meta property=\"og:title\" content=\"SIBRE - individu\u0101li risin\u0101jumi p\u0113c klienta ras\u0113jumiem - My industrial\" \/>\n<meta property=\"og:description\" content=\"Testu laboratorija test\u0113\u0161anai un m\u0113r\u012b\u0161anai  Inerces dinamometrs tiek izmantots, lai p\u0101rbaud\u012btu jauno mode\u013cu r\u016bpniecisk\u0101s bremzes, uzlabotu kvalit\u0101tes nodro\u0161in\u0101\u0161anu un garant\u0113tu klientiem optim\u0101lu inform\u0101ciju un brem\u017eu dinamisko sp\u0113ku dokument\u0101ciju.  \u0160\u012b laboratorija \u013cauj mums detaliz\u0113ti p\u0101rbaud\u012bt visas jaun\u0101s koncepcijas un produktus atbilsto\u0161i klientu vajadz\u012bb\u0101m.  &nbsp;  Veiktie eksperimenti ir noder\u012bgi produktu uzlabojumu veik\u0161anai un dinamisk\u0101s slodzes tr\u016bkumu nov\u0113r\u0161anai, k\u0101 ar\u012b padzi\u013cin\u0101tai produkta pielietojuma izp\u0113tei ekstr\u0113mos apst\u0101k\u013cos un speci\u0101l\u0101 vid\u0113.\" \/>\n<meta property=\"og:url\" content=\"https:\/\/dev.myindustrial.eu\/lv\/shop\/rupnieciskas-bremzu-sistemas-un-piedzinas-apstadinasanas-komponentes\/sibre-individuali-risinajumi-pec-klienta-rasejumiem\/\" \/>\n<meta property=\"og:site_name\" content=\"My industrial\" \/>\n<meta property=\"article:modified_time\" content=\"2023-06-16T20:08:10+00:00\" \/>\n<meta property=\"og:image\" content=\"https:\/\/dev.myindustrial.eu\/wp-content\/uploads\/2022\/12\/sibre-logo-big-800x800.jpg\" \/>\n\t<meta property=\"og:image:width\" content=\"800\" \/>\n\t<meta property=\"og:image:height\" content=\"800\" \/>\n\t<meta property=\"og:image:type\" content=\"image\/jpeg\" \/>\n<meta name=\"twitter:card\" content=\"summary_large_image\" \/>\n<script type=\"application\/ld+json\" class=\"yoast-schema-graph\">{\"@context\":\"https:\/\/schema.org\",\"@graph\":[{\"@type\":\"WebPage\",\"@id\":\"https:\/\/dev.myindustrial.eu\/lv\/shop\/rupnieciskas-bremzu-sistemas-un-piedzinas-apstadinasanas-komponentes\/sibre-individuali-risinajumi-pec-klienta-rasejumiem\/\",\"url\":\"https:\/\/dev.myindustrial.eu\/lv\/shop\/rupnieciskas-bremzu-sistemas-un-piedzinas-apstadinasanas-komponentes\/sibre-individuali-risinajumi-pec-klienta-rasejumiem\/\",\"name\":\"SIBRE - individu\u0101li risin\u0101jumi p\u0113c klienta ras\u0113jumiem - My industrial\",\"isPartOf\":{\"@id\":\"https:\/\/dev.myindustrial.eu\/lv\/#website\"},\"primaryImageOfPage\":{\"@id\":\"https:\/\/dev.myindustrial.eu\/lv\/shop\/rupnieciskas-bremzu-sistemas-un-piedzinas-apstadinasanas-komponentes\/sibre-individuali-risinajumi-pec-klienta-rasejumiem\/#primaryimage\"},\"image\":{\"@id\":\"https:\/\/dev.myindustrial.eu\/lv\/shop\/rupnieciskas-bremzu-sistemas-un-piedzinas-apstadinasanas-komponentes\/sibre-individuali-risinajumi-pec-klienta-rasejumiem\/#primaryimage\"},\"thumbnailUrl\":\"https:\/\/dev.myindustrial.eu\/wp-content\/uploads\/2022\/12\/sibre-logo-big-800x800.jpg\",\"datePublished\":\"2022-12-14T14:30:07+00:00\",\"dateModified\":\"2023-06-16T20:08:10+00:00\",\"breadcrumb\":{\"@id\":\"https:\/\/dev.myindustrial.eu\/lv\/shop\/rupnieciskas-bremzu-sistemas-un-piedzinas-apstadinasanas-komponentes\/sibre-individuali-risinajumi-pec-klienta-rasejumiem\/#breadcrumb\"},\"inLanguage\":\"lv-LV\",\"potentialAction\":[{\"@type\":\"ReadAction\",\"target\":[\"https:\/\/dev.myindustrial.eu\/lv\/shop\/rupnieciskas-bremzu-sistemas-un-piedzinas-apstadinasanas-komponentes\/sibre-individuali-risinajumi-pec-klienta-rasejumiem\/\"]}]},{\"@type\":\"ImageObject\",\"inLanguage\":\"lv-LV\",\"@id\":\"https:\/\/dev.myindustrial.eu\/lv\/shop\/rupnieciskas-bremzu-sistemas-un-piedzinas-apstadinasanas-komponentes\/sibre-individuali-risinajumi-pec-klienta-rasejumiem\/#primaryimage\",\"url\":\"https:\/\/dev.myindustrial.eu\/wp-content\/uploads\/2022\/12\/sibre-logo-big-800x800.jpg\",\"contentUrl\":\"https:\/\/dev.myindustrial.eu\/wp-content\/uploads\/2022\/12\/sibre-logo-big-800x800.jpg\",\"width\":800,\"height\":800},{\"@type\":\"BreadcrumbList\",\"@id\":\"https:\/\/dev.myindustrial.eu\/lv\/shop\/rupnieciskas-bremzu-sistemas-un-piedzinas-apstadinasanas-komponentes\/sibre-individuali-risinajumi-pec-klienta-rasejumiem\/#breadcrumb\",\"itemListElement\":[{\"@type\":\"ListItem\",\"position\":1,\"name\":\"Home\",\"item\":\"https:\/\/dev.myindustrial.eu\/lv\/\"},{\"@type\":\"ListItem\",\"position\":2,\"name\":\"Products\",\"item\":\"https:\/\/dev.myindustrial.eu\/lv\/products\/\"},{\"@type\":\"ListItem\",\"position\":3,\"name\":\"SIBRE &#8211; individu\u0101li risin\u0101jumi p\u0113c klienta ras\u0113jumiem\"}]},{\"@type\":\"WebSite\",\"@id\":\"https:\/\/dev.myindustrial.eu\/lv\/#website\",\"url\":\"https:\/\/dev.myindustrial.eu\/lv\/\",\"name\":\"My industrial\",\"description\":\"\",\"potentialAction\":[{\"@type\":\"SearchAction\",\"target\":{\"@type\":\"EntryPoint\",\"urlTemplate\":\"https:\/\/dev.myindustrial.eu\/lv\/?s={search_term_string}\"},\"query-input\":{\"@type\":\"PropertyValueSpecification\",\"valueRequired\":true,\"valueName\":\"search_term_string\"}}],\"inLanguage\":\"lv-LV\"}]}<\/script>\n<!-- \/ Yoast SEO plugin. -->","yoast_head_json":{"title":"SIBRE - individu\u0101li risin\u0101jumi p\u0113c klienta ras\u0113jumiem - My industrial","robots":{"index":"noindex","follow":"follow","max-snippet":"max-snippet:-1","max-image-preview":"max-image-preview:large","max-video-preview":"max-video-preview:-1"},"og_locale":"lv_LV","og_type":"article","og_title":"SIBRE - individu\u0101li risin\u0101jumi p\u0113c klienta ras\u0113jumiem - My industrial","og_description":"Testu laboratorija test\u0113\u0161anai un m\u0113r\u012b\u0161anai  Inerces dinamometrs tiek izmantots, lai p\u0101rbaud\u012btu jauno mode\u013cu r\u016bpniecisk\u0101s bremzes, uzlabotu kvalit\u0101tes nodro\u0161in\u0101\u0161anu un garant\u0113tu klientiem optim\u0101lu inform\u0101ciju un brem\u017eu dinamisko sp\u0113ku dokument\u0101ciju.  \u0160\u012b laboratorija \u013cauj mums detaliz\u0113ti p\u0101rbaud\u012bt visas jaun\u0101s koncepcijas un produktus atbilsto\u0161i klientu vajadz\u012bb\u0101m.  &nbsp;  Veiktie eksperimenti ir noder\u012bgi produktu uzlabojumu veik\u0161anai un dinamisk\u0101s slodzes tr\u016bkumu nov\u0113r\u0161anai, k\u0101 ar\u012b padzi\u013cin\u0101tai produkta pielietojuma izp\u0113tei ekstr\u0113mos apst\u0101k\u013cos un speci\u0101l\u0101 vid\u0113.","og_url":"https:\/\/dev.myindustrial.eu\/lv\/shop\/rupnieciskas-bremzu-sistemas-un-piedzinas-apstadinasanas-komponentes\/sibre-individuali-risinajumi-pec-klienta-rasejumiem\/","og_site_name":"My industrial","article_modified_time":"2023-06-16T20:08:10+00:00","og_image":[{"width":800,"height":800,"url":"https:\/\/dev.myindustrial.eu\/wp-content\/uploads\/2022\/12\/sibre-logo-big-800x800.jpg","type":"image\/jpeg"}],"twitter_card":"summary_large_image","schema":{"@context":"https:\/\/schema.org","@graph":[{"@type":"WebPage","@id":"https:\/\/dev.myindustrial.eu\/lv\/shop\/rupnieciskas-bremzu-sistemas-un-piedzinas-apstadinasanas-komponentes\/sibre-individuali-risinajumi-pec-klienta-rasejumiem\/","url":"https:\/\/dev.myindustrial.eu\/lv\/shop\/rupnieciskas-bremzu-sistemas-un-piedzinas-apstadinasanas-komponentes\/sibre-individuali-risinajumi-pec-klienta-rasejumiem\/","name":"SIBRE - individu\u0101li risin\u0101jumi p\u0113c klienta ras\u0113jumiem - My industrial","isPartOf":{"@id":"https:\/\/dev.myindustrial.eu\/lv\/#website"},"primaryImageOfPage":{"@id":"https:\/\/dev.myindustrial.eu\/lv\/shop\/rupnieciskas-bremzu-sistemas-un-piedzinas-apstadinasanas-komponentes\/sibre-individuali-risinajumi-pec-klienta-rasejumiem\/#primaryimage"},"image":{"@id":"https:\/\/dev.myindustrial.eu\/lv\/shop\/rupnieciskas-bremzu-sistemas-un-piedzinas-apstadinasanas-komponentes\/sibre-individuali-risinajumi-pec-klienta-rasejumiem\/#primaryimage"},"thumbnailUrl":"https:\/\/dev.myindustrial.eu\/wp-content\/uploads\/2022\/12\/sibre-logo-big-800x800.jpg","datePublished":"2022-12-14T14:30:07+00:00","dateModified":"2023-06-16T20:08:10+00:00","breadcrumb":{"@id":"https:\/\/dev.myindustrial.eu\/lv\/shop\/rupnieciskas-bremzu-sistemas-un-piedzinas-apstadinasanas-komponentes\/sibre-individuali-risinajumi-pec-klienta-rasejumiem\/#breadcrumb"},"inLanguage":"lv-LV","potentialAction":[{"@type":"ReadAction","target":["https:\/\/dev.myindustrial.eu\/lv\/shop\/rupnieciskas-bremzu-sistemas-un-piedzinas-apstadinasanas-komponentes\/sibre-individuali-risinajumi-pec-klienta-rasejumiem\/"]}]},{"@type":"ImageObject","inLanguage":"lv-LV","@id":"https:\/\/dev.myindustrial.eu\/lv\/shop\/rupnieciskas-bremzu-sistemas-un-piedzinas-apstadinasanas-komponentes\/sibre-individuali-risinajumi-pec-klienta-rasejumiem\/#primaryimage","url":"https:\/\/dev.myindustrial.eu\/wp-content\/uploads\/2022\/12\/sibre-logo-big-800x800.jpg","contentUrl":"https:\/\/dev.myindustrial.eu\/wp-content\/uploads\/2022\/12\/sibre-logo-big-800x800.jpg","width":800,"height":800},{"@type":"BreadcrumbList","@id":"https:\/\/dev.myindustrial.eu\/lv\/shop\/rupnieciskas-bremzu-sistemas-un-piedzinas-apstadinasanas-komponentes\/sibre-individuali-risinajumi-pec-klienta-rasejumiem\/#breadcrumb","itemListElement":[{"@type":"ListItem","position":1,"name":"Home","item":"https:\/\/dev.myindustrial.eu\/lv\/"},{"@type":"ListItem","position":2,"name":"Products","item":"https:\/\/dev.myindustrial.eu\/lv\/products\/"},{"@type":"ListItem","position":3,"name":"SIBRE &#8211; individu\u0101li risin\u0101jumi p\u0113c klienta ras\u0113jumiem"}]},{"@type":"WebSite","@id":"https:\/\/dev.myindustrial.eu\/lv\/#website","url":"https:\/\/dev.myindustrial.eu\/lv\/","name":"My industrial","description":"","potentialAction":[{"@type":"SearchAction","target":{"@type":"EntryPoint","urlTemplate":"https:\/\/dev.myindustrial.eu\/lv\/?s={search_term_string}"},"query-input":{"@type":"PropertyValueSpecification","valueRequired":true,"valueName":"search_term_string"}}],"inLanguage":"lv-LV"}]}},"_links":{"self":[{"href":"https:\/\/dev.myindustrial.eu\/lv\/wp-json\/wp\/v2\/product\/1260062797","targetHints":{"allow":["GET"]}}],"collection":[{"href":"https:\/\/dev.myindustrial.eu\/lv\/wp-json\/wp\/v2\/product"}],"about":[{"href":"https:\/\/dev.myindustrial.eu\/lv\/wp-json\/wp\/v2\/types\/product"}],"version-history":[{"count":0,"href":"https:\/\/dev.myindustrial.eu\/lv\/wp-json\/wp\/v2\/product\/1260062797\/revisions"}],"wp:featuredmedia":[{"embeddable":true,"href":"https:\/\/dev.myindustrial.eu\/lv\/wp-json\/wp\/v2\/media\/1260062264"}],"wp:attachment":[{"href":"https:\/\/dev.myindustrial.eu\/lv\/wp-json\/wp\/v2\/media?parent=1260062797"}],"wp:term":[{"taxonomy":"product_brand","embeddable":true,"href":"https:\/\/dev.myindustrial.eu\/lv\/wp-json\/wp\/v2\/product_brand?post=1260062797"},{"taxonomy":"product_cat","embeddable":true,"href":"https:\/\/dev.myindustrial.eu\/lv\/wp-json\/wp\/v2\/product_cat?post=1260062797"},{"taxonomy":"product_tag","embeddable":true,"href":"https:\/\/dev.myindustrial.eu\/lv\/wp-json\/wp\/v2\/product_tag?post=1260062797"}],"curies":[{"name":"wp","href":"https:\/\/api.w.org\/{rel}","templated":true}]}}