{"id":1260062804,"date":"2022-12-14T14:05:00","date_gmt":"2022-12-14T14:05:00","guid":{"rendered":"https:\/\/dev.myindustrial.eu\/shop\/uncategorized\/elektrohidrauliskie-pievadi-emg\/"},"modified":"2023-12-28T21:03:16","modified_gmt":"2023-12-28T21:03:16","slug":"elektrohidrauliskie-pievadi-emg","status":"publish","type":"product","link":"https:\/\/dev.myindustrial.eu\/lv\/shop\/elektrohidraulisko-piedzinu-risinajumi\/pielagoti-risinajumi-emg\/elektrohidrauliskie-pievadi-emg\/","title":{"rendered":"Elektrohidrauliskie pievadi\/ izpildmeh\u0101nismi EMG"},"content":{"rendered":"<p><strong>Elektrohidrauliskie EMG izpildmeh\u0101nismi<\/strong>Elektrohidrauliskie EMG izpildmeh\u0101nismi p\u0101rv\u0113r\u0161 elektrisko ener\u0123iju meh\u0101niskaj\u0101 ener\u0123ij\u0101 un veic meh\u0101nisku darbu noteikt\u0101 g\u0101jiena posm\u0101. Pier\u0101d\u012bt\u0101 elektrohidraulisko dzin\u0113ju EMG ELDRO\u00ae un ELHY\u00ae daudzpus\u012bba da\u017e\u0101d\u0101s darb\u012bbas jom\u0101s ir izrais\u012bjusi to pla\u0161u izmanto\u0161anu kalnr\u016bpniec\u012bbas, t\u0113rauda, ostu un b\u016bvniec\u012bbas nozar\u0113s.Elektrohidrauliskos izpildmeh\u0101nismus EMG ELDRO\u00ae un ELHY\u00ae var izmantot kombin\u0101cij\u0101 ar da\u017e\u0101diem darb\u012bbas elementiem, piem\u0113ram, \u0161\u0101d\u0101s pielieto\u0161anas jom\u0101s:-Pacel\u0161anas un nolai\u0161anas meh\u0101nismi-Blo\u0137\u0113\u0161ana un atblo\u0137\u0113\u0161ana, p\u0101rvietojot kravas nostiprin\u0101\u0161anas \u0137\u012b\u013cus vai nostiprin\u0101\u0161anas \u0101\u0137us-T\u012br\u012bt\u0101ju nolai\u0161ana uz konveijera lent\u0113m-V\u0101rstu izpildmeh\u0101nismi uz hidraulisk\u0101m pres\u0113m<iframe width=\"560\" height=\"315\" src=\"https:\/\/youtube.com\/embed\/WDn4CI0Lf0A\" frameborder=\"0\" allow=\"accelerometer; autoplay; clipboard-write; encrypted-media; gyroscope; picture-in-picture; web-share\" allowfullscreen><\/iframe><\/p>\n","protected":false},"excerpt":{"rendered":"<p><strong>Elektrohidrauliskie EMG izpildmeh\u0101nismi<\/strong><\/p>\n<p>Elektrohidrauliskie EMG izpildmeh\u0101nismi p\u0101rv\u0113r\u0161 elektrisko ener\u0123iju meh\u0101niskaj\u0101 ener\u0123ij\u0101 un veic meh\u0101nisku darbu noteikt\u0101 g\u0101jiena posm\u0101. Pier\u0101d\u012bt\u0101 elektrohidraulisko dzin\u0113ju EMG ELDRO\u00ae un ELHY\u00ae daudzpus\u012bba da\u017e\u0101d\u0101s darb\u012bbas jom\u0101s ir izrais\u012bjusi to pla\u0161u izmanto\u0161anu kalnr\u016bpniec\u012bbas, t\u0113rauda, ostu un b\u016bvniec\u012bbas nozar\u0113s.<br \/>\nElektrohidrauliskos izpildmeh\u0101nismus EMG ELDRO\u00ae un ELHY\u00ae var izmantot kombin\u0101cij\u0101 ar da\u017e\u0101diem darb\u012bbas elementiem, piem\u0113ram, \u0161\u0101d\u0101s pielieto\u0161anas jom\u0101s:<br \/>\n-Pacel\u0161anas un nolai\u0161anas meh\u0101nismi<br \/>\n-Blo\u0137\u0113\u0161ana un atblo\u0137\u0113\u0161ana, p\u0101rvietojot kravas nostiprin\u0101\u0161anas \u0137\u012b\u013cus vai nostiprin\u0101\u0161anas \u0101\u0137us<br \/>\n-T\u012br\u012bt\u0101ju nolai\u0161ana uz konveijera lent\u0113m<br \/>\n-V\u0101rstu izpildmeh\u0101nismi uz hidraulisk\u0101m pres\u0113m<\/p>\n","protected":false},"featured_media":1260062570,"template":"","meta":[],"product_brand":[],"product_cat":[1304,1633],"product_tag":[],"class_list":{"0":"post-1260062804","1":"product","2":"type-product","3":"status-publish","4":"has-post-thumbnail","6":"product_cat-elektrohidraulisko-piedzinu-risinajumi","7":"product_cat-pielagoti-risinajumi-emg","9":"first","10":"instock","11":"shipping-taxable","12":"product-type-simple"},"yoast_head":"<!-- This site is optimized with the Yoast SEO plugin v27.1.1 - https:\/\/yoast.com\/product\/yoast-seo-wordpress\/ -->\n<title>Elektrohidrauliskie pievadi\/ izpildmeh\u0101nismi EMG - My industrial<\/title>\n<meta name=\"robots\" content=\"noindex, follow, max-snippet:-1, max-image-preview:large, max-video-preview:-1\" \/>\n<meta property=\"og:locale\" content=\"lv_LV\" \/>\n<meta property=\"og:type\" content=\"article\" \/>\n<meta property=\"og:title\" content=\"Elektrohidrauliskie pievadi\/ izpildmeh\u0101nismi EMG - My industrial\" \/>\n<meta property=\"og:description\" content=\"Elektrohidrauliskie EMG izpildmeh\u0101nismi  Elektrohidrauliskie EMG izpildmeh\u0101nismi p\u0101rv\u0113r\u0161 elektrisko ener\u0123iju meh\u0101niskaj\u0101 ener\u0123ij\u0101 un veic meh\u0101nisku darbu noteikt\u0101 g\u0101jiena posm\u0101. Pier\u0101d\u012bt\u0101 elektrohidraulisko dzin\u0113ju EMG ELDRO\u00ae un ELHY\u00ae daudzpus\u012bba da\u017e\u0101d\u0101s darb\u012bbas jom\u0101s ir izrais\u012bjusi to pla\u0161u izmanto\u0161anu kalnr\u016bpniec\u012bbas, t\u0113rauda, ostu un b\u016bvniec\u012bbas nozar\u0113s. Elektrohidrauliskos izpildmeh\u0101nismus EMG ELDRO\u00ae un ELHY\u00ae var izmantot kombin\u0101cij\u0101 ar da\u017e\u0101diem darb\u012bbas elementiem, piem\u0113ram, \u0161\u0101d\u0101s pielieto\u0161anas jom\u0101s: -Pacel\u0161anas un nolai\u0161anas meh\u0101nismi -Blo\u0137\u0113\u0161ana un atblo\u0137\u0113\u0161ana, p\u0101rvietojot kravas nostiprin\u0101\u0161anas \u0137\u012b\u013cus vai nostiprin\u0101\u0161anas \u0101\u0137us -T\u012br\u012bt\u0101ju nolai\u0161ana uz konveijera lent\u0113m -V\u0101rstu izpildmeh\u0101nismi uz hidraulisk\u0101m pres\u0113m\" \/>\n<meta property=\"og:url\" content=\"https:\/\/dev.myindustrial.eu\/lv\/shop\/elektrohidraulisko-piedzinu-risinajumi\/pielagoti-risinajumi-emg\/elektrohidrauliskie-pievadi-emg\/\" \/>\n<meta property=\"og:site_name\" content=\"My industrial\" \/>\n<meta property=\"article:modified_time\" content=\"2023-12-28T21:03:16+00:00\" \/>\n<meta property=\"og:image\" content=\"https:\/\/dev.myindustrial.eu\/wp-content\/uploads\/2022\/12\/bg1_in_scheibenbremse5-2-kopie.webp\" \/>\n\t<meta property=\"og:image:width\" content=\"701\" \/>\n\t<meta property=\"og:image:height\" content=\"900\" \/>\n\t<meta property=\"og:image:type\" content=\"image\/webp\" \/>\n<meta name=\"twitter:card\" content=\"summary_large_image\" \/>\n<script type=\"application\/ld+json\" class=\"yoast-schema-graph\">{\"@context\":\"https:\/\/schema.org\",\"@graph\":[{\"@type\":\"WebPage\",\"@id\":\"https:\/\/dev.myindustrial.eu\/lv\/shop\/elektrohidraulisko-piedzinu-risinajumi\/pielagoti-risinajumi-emg\/elektrohidrauliskie-pievadi-emg\/\",\"url\":\"https:\/\/dev.myindustrial.eu\/lv\/shop\/elektrohidraulisko-piedzinu-risinajumi\/pielagoti-risinajumi-emg\/elektrohidrauliskie-pievadi-emg\/\",\"name\":\"Elektrohidrauliskie pievadi\/ izpildmeh\u0101nismi EMG - My industrial\",\"isPartOf\":{\"@id\":\"https:\/\/dev.myindustrial.eu\/lv\/#website\"},\"primaryImageOfPage\":{\"@id\":\"https:\/\/dev.myindustrial.eu\/lv\/shop\/elektrohidraulisko-piedzinu-risinajumi\/pielagoti-risinajumi-emg\/elektrohidrauliskie-pievadi-emg\/#primaryimage\"},\"image\":{\"@id\":\"https:\/\/dev.myindustrial.eu\/lv\/shop\/elektrohidraulisko-piedzinu-risinajumi\/pielagoti-risinajumi-emg\/elektrohidrauliskie-pievadi-emg\/#primaryimage\"},\"thumbnailUrl\":\"https:\/\/dev.myindustrial.eu\/wp-content\/uploads\/2022\/12\/bg1_in_scheibenbremse5-2-kopie.webp\",\"datePublished\":\"2022-12-14T14:05:00+00:00\",\"dateModified\":\"2023-12-28T21:03:16+00:00\",\"breadcrumb\":{\"@id\":\"https:\/\/dev.myindustrial.eu\/lv\/shop\/elektrohidraulisko-piedzinu-risinajumi\/pielagoti-risinajumi-emg\/elektrohidrauliskie-pievadi-emg\/#breadcrumb\"},\"inLanguage\":\"lv-LV\",\"potentialAction\":[{\"@type\":\"ReadAction\",\"target\":[\"https:\/\/dev.myindustrial.eu\/lv\/shop\/elektrohidraulisko-piedzinu-risinajumi\/pielagoti-risinajumi-emg\/elektrohidrauliskie-pievadi-emg\/\"]}]},{\"@type\":\"ImageObject\",\"inLanguage\":\"lv-LV\",\"@id\":\"https:\/\/dev.myindustrial.eu\/lv\/shop\/elektrohidraulisko-piedzinu-risinajumi\/pielagoti-risinajumi-emg\/elektrohidrauliskie-pievadi-emg\/#primaryimage\",\"url\":\"https:\/\/dev.myindustrial.eu\/wp-content\/uploads\/2022\/12\/bg1_in_scheibenbremse5-2-kopie.webp\",\"contentUrl\":\"https:\/\/dev.myindustrial.eu\/wp-content\/uploads\/2022\/12\/bg1_in_scheibenbremse5-2-kopie.webp\",\"width\":701,\"height\":900},{\"@type\":\"BreadcrumbList\",\"@id\":\"https:\/\/dev.myindustrial.eu\/lv\/shop\/elektrohidraulisko-piedzinu-risinajumi\/pielagoti-risinajumi-emg\/elektrohidrauliskie-pievadi-emg\/#breadcrumb\",\"itemListElement\":[{\"@type\":\"ListItem\",\"position\":1,\"name\":\"Home\",\"item\":\"https:\/\/dev.myindustrial.eu\/lv\/\"},{\"@type\":\"ListItem\",\"position\":2,\"name\":\"Products\",\"item\":\"https:\/\/dev.myindustrial.eu\/lv\/products\/\"},{\"@type\":\"ListItem\",\"position\":3,\"name\":\"Elektrohidrauliskie pievadi\/ izpildmeh\u0101nismi EMG\"}]},{\"@type\":\"WebSite\",\"@id\":\"https:\/\/dev.myindustrial.eu\/lv\/#website\",\"url\":\"https:\/\/dev.myindustrial.eu\/lv\/\",\"name\":\"My industrial\",\"description\":\"\",\"potentialAction\":[{\"@type\":\"SearchAction\",\"target\":{\"@type\":\"EntryPoint\",\"urlTemplate\":\"https:\/\/dev.myindustrial.eu\/lv\/?s={search_term_string}\"},\"query-input\":{\"@type\":\"PropertyValueSpecification\",\"valueRequired\":true,\"valueName\":\"search_term_string\"}}],\"inLanguage\":\"lv-LV\"}]}<\/script>\n<!-- \/ Yoast SEO plugin. -->","yoast_head_json":{"title":"Elektrohidrauliskie pievadi\/ izpildmeh\u0101nismi EMG - My industrial","robots":{"index":"noindex","follow":"follow","max-snippet":"max-snippet:-1","max-image-preview":"max-image-preview:large","max-video-preview":"max-video-preview:-1"},"og_locale":"lv_LV","og_type":"article","og_title":"Elektrohidrauliskie pievadi\/ izpildmeh\u0101nismi EMG - My industrial","og_description":"Elektrohidrauliskie EMG izpildmeh\u0101nismi  Elektrohidrauliskie EMG izpildmeh\u0101nismi p\u0101rv\u0113r\u0161 elektrisko ener\u0123iju meh\u0101niskaj\u0101 ener\u0123ij\u0101 un veic meh\u0101nisku darbu noteikt\u0101 g\u0101jiena posm\u0101. Pier\u0101d\u012bt\u0101 elektrohidraulisko dzin\u0113ju EMG ELDRO\u00ae un ELHY\u00ae daudzpus\u012bba da\u017e\u0101d\u0101s darb\u012bbas jom\u0101s ir izrais\u012bjusi to pla\u0161u izmanto\u0161anu kalnr\u016bpniec\u012bbas, t\u0113rauda, ostu un b\u016bvniec\u012bbas nozar\u0113s. Elektrohidrauliskos izpildmeh\u0101nismus EMG ELDRO\u00ae un ELHY\u00ae var izmantot kombin\u0101cij\u0101 ar da\u017e\u0101diem darb\u012bbas elementiem, piem\u0113ram, \u0161\u0101d\u0101s pielieto\u0161anas jom\u0101s: -Pacel\u0161anas un nolai\u0161anas meh\u0101nismi -Blo\u0137\u0113\u0161ana un atblo\u0137\u0113\u0161ana, p\u0101rvietojot kravas nostiprin\u0101\u0161anas \u0137\u012b\u013cus vai nostiprin\u0101\u0161anas \u0101\u0137us -T\u012br\u012bt\u0101ju nolai\u0161ana uz konveijera lent\u0113m -V\u0101rstu izpildmeh\u0101nismi uz hidraulisk\u0101m pres\u0113m","og_url":"https:\/\/dev.myindustrial.eu\/lv\/shop\/elektrohidraulisko-piedzinu-risinajumi\/pielagoti-risinajumi-emg\/elektrohidrauliskie-pievadi-emg\/","og_site_name":"My industrial","article_modified_time":"2023-12-28T21:03:16+00:00","og_image":[{"width":701,"height":900,"url":"https:\/\/dev.myindustrial.eu\/wp-content\/uploads\/2022\/12\/bg1_in_scheibenbremse5-2-kopie.webp","type":"image\/webp"}],"twitter_card":"summary_large_image","schema":{"@context":"https:\/\/schema.org","@graph":[{"@type":"WebPage","@id":"https:\/\/dev.myindustrial.eu\/lv\/shop\/elektrohidraulisko-piedzinu-risinajumi\/pielagoti-risinajumi-emg\/elektrohidrauliskie-pievadi-emg\/","url":"https:\/\/dev.myindustrial.eu\/lv\/shop\/elektrohidraulisko-piedzinu-risinajumi\/pielagoti-risinajumi-emg\/elektrohidrauliskie-pievadi-emg\/","name":"Elektrohidrauliskie pievadi\/ izpildmeh\u0101nismi EMG - My industrial","isPartOf":{"@id":"https:\/\/dev.myindustrial.eu\/lv\/#website"},"primaryImageOfPage":{"@id":"https:\/\/dev.myindustrial.eu\/lv\/shop\/elektrohidraulisko-piedzinu-risinajumi\/pielagoti-risinajumi-emg\/elektrohidrauliskie-pievadi-emg\/#primaryimage"},"image":{"@id":"https:\/\/dev.myindustrial.eu\/lv\/shop\/elektrohidraulisko-piedzinu-risinajumi\/pielagoti-risinajumi-emg\/elektrohidrauliskie-pievadi-emg\/#primaryimage"},"thumbnailUrl":"https:\/\/dev.myindustrial.eu\/wp-content\/uploads\/2022\/12\/bg1_in_scheibenbremse5-2-kopie.webp","datePublished":"2022-12-14T14:05:00+00:00","dateModified":"2023-12-28T21:03:16+00:00","breadcrumb":{"@id":"https:\/\/dev.myindustrial.eu\/lv\/shop\/elektrohidraulisko-piedzinu-risinajumi\/pielagoti-risinajumi-emg\/elektrohidrauliskie-pievadi-emg\/#breadcrumb"},"inLanguage":"lv-LV","potentialAction":[{"@type":"ReadAction","target":["https:\/\/dev.myindustrial.eu\/lv\/shop\/elektrohidraulisko-piedzinu-risinajumi\/pielagoti-risinajumi-emg\/elektrohidrauliskie-pievadi-emg\/"]}]},{"@type":"ImageObject","inLanguage":"lv-LV","@id":"https:\/\/dev.myindustrial.eu\/lv\/shop\/elektrohidraulisko-piedzinu-risinajumi\/pielagoti-risinajumi-emg\/elektrohidrauliskie-pievadi-emg\/#primaryimage","url":"https:\/\/dev.myindustrial.eu\/wp-content\/uploads\/2022\/12\/bg1_in_scheibenbremse5-2-kopie.webp","contentUrl":"https:\/\/dev.myindustrial.eu\/wp-content\/uploads\/2022\/12\/bg1_in_scheibenbremse5-2-kopie.webp","width":701,"height":900},{"@type":"BreadcrumbList","@id":"https:\/\/dev.myindustrial.eu\/lv\/shop\/elektrohidraulisko-piedzinu-risinajumi\/pielagoti-risinajumi-emg\/elektrohidrauliskie-pievadi-emg\/#breadcrumb","itemListElement":[{"@type":"ListItem","position":1,"name":"Home","item":"https:\/\/dev.myindustrial.eu\/lv\/"},{"@type":"ListItem","position":2,"name":"Products","item":"https:\/\/dev.myindustrial.eu\/lv\/products\/"},{"@type":"ListItem","position":3,"name":"Elektrohidrauliskie pievadi\/ izpildmeh\u0101nismi EMG"}]},{"@type":"WebSite","@id":"https:\/\/dev.myindustrial.eu\/lv\/#website","url":"https:\/\/dev.myindustrial.eu\/lv\/","name":"My industrial","description":"","potentialAction":[{"@type":"SearchAction","target":{"@type":"EntryPoint","urlTemplate":"https:\/\/dev.myindustrial.eu\/lv\/?s={search_term_string}"},"query-input":{"@type":"PropertyValueSpecification","valueRequired":true,"valueName":"search_term_string"}}],"inLanguage":"lv-LV"}]}},"_links":{"self":[{"href":"https:\/\/dev.myindustrial.eu\/lv\/wp-json\/wp\/v2\/product\/1260062804","targetHints":{"allow":["GET"]}}],"collection":[{"href":"https:\/\/dev.myindustrial.eu\/lv\/wp-json\/wp\/v2\/product"}],"about":[{"href":"https:\/\/dev.myindustrial.eu\/lv\/wp-json\/wp\/v2\/types\/product"}],"version-history":[{"count":0,"href":"https:\/\/dev.myindustrial.eu\/lv\/wp-json\/wp\/v2\/product\/1260062804\/revisions"}],"wp:featuredmedia":[{"embeddable":true,"href":"https:\/\/dev.myindustrial.eu\/lv\/wp-json\/wp\/v2\/media\/1260062570"}],"wp:attachment":[{"href":"https:\/\/dev.myindustrial.eu\/lv\/wp-json\/wp\/v2\/media?parent=1260062804"}],"wp:term":[{"taxonomy":"product_brand","embeddable":true,"href":"https:\/\/dev.myindustrial.eu\/lv\/wp-json\/wp\/v2\/product_brand?post=1260062804"},{"taxonomy":"product_cat","embeddable":true,"href":"https:\/\/dev.myindustrial.eu\/lv\/wp-json\/wp\/v2\/product_cat?post=1260062804"},{"taxonomy":"product_tag","embeddable":true,"href":"https:\/\/dev.myindustrial.eu\/lv\/wp-json\/wp\/v2\/product_tag?post=1260062804"}],"curies":[{"name":"wp","href":"https:\/\/api.w.org\/{rel}","templated":true}]}}