{"id":1260062821,"date":"2022-12-14T14:13:59","date_gmt":"2022-12-14T14:13:59","guid":{"rendered":"https:\/\/dev.myindustrial.eu\/shop\/uncategorized\/emg-esz-electro-servo-cylinder\/"},"modified":"2023-06-16T20:08:10","modified_gmt":"2023-06-16T20:08:10","slug":"emg-esz-electro-servo-cilindrs","status":"publish","type":"product","link":"https:\/\/dev.myindustrial.eu\/lv\/shop\/elektrohidraulisko-piedzinu-risinajumi\/pielagoti-risinajumi-emg\/emg-esz-electro-servo-cilindrs\/","title":{"rendered":"EMG ESZ elektro-servo-cilindrs"},"content":{"rendered":"<p><iframe width=\"560\" height=\"315\" src=\"https:\/\/youtube.com\/embed\/WDn4CI0Lf0A\" frameborder=\"0\" allow=\"accelerometer; autoplay; clipboard-write; encrypted-media; gyroscope; picture-in-picture; web-share\" allowfullscreen><\/iframe><\/p>\n","protected":false},"excerpt":{"rendered":"<p><strong>EMG ESZ elektro-servo-cilindrs<\/strong><\/p>\n<p>EMG izstr\u0101d\u0101tais elektro-servo cilindrs tiek izmantots k\u0101 vad\u012bbas un pozicion\u0113\u0161anas cilindrs. Tas ar plan\u0113tas zobrata v\u012btni (PGT) p\u0101rveido tr\u012bsf\u0101zu str\u0101vas motora rad\u012bto rot\u0101ciju line\u0101r\u0101 kust\u012bb\u0101. Funkcijas princips ir balst\u012bts uz rites kust\u012bbu pie zemas berzes un attiec\u012bgi zema nodiluma.<\/p>\n<p>Standarta elektro-servo cilindra modelis sast\u0101v no \u0161\u0101d\u0101m sast\u0101vda\u013c\u0101m:<br \/>\n&#8211; tr\u012bsf\u0101zu asinhronais motors<br \/>\n&#8211; v\u0101rpsta ar plan\u0113t\u0101ro zobrata v\u012btni, vilces korpusu un virzu\u013ca k\u0101tu ar \u0161arn\u012bra sviru<br \/>\n&#8211; virzu\u013ca stie\u0146a rot\u0101cijas blo\u0137\u0113\u0161ana<br \/>\n&#8211; korpuss ar \u0161arn\u012brsavienojumu<\/p>\n","protected":false},"featured_media":1260062600,"template":"","meta":[],"product_brand":[],"product_cat":[1304,1633],"product_tag":[],"class_list":{"0":"post-1260062821","1":"product","2":"type-product","3":"status-publish","4":"has-post-thumbnail","6":"product_cat-elektrohidraulisko-piedzinu-risinajumi","7":"product_cat-pielagoti-risinajumi-emg","9":"first","10":"instock","11":"shipping-taxable","12":"product-type-simple"},"yoast_head":"<!-- This site is optimized with the Yoast SEO plugin v27.1.1 - https:\/\/yoast.com\/product\/yoast-seo-wordpress\/ -->\n<title>EMG ESZ elektro-servo-cilindrs - My industrial<\/title>\n<meta name=\"robots\" content=\"noindex, follow, max-snippet:-1, max-image-preview:large, max-video-preview:-1\" \/>\n<meta property=\"og:locale\" content=\"lv_LV\" \/>\n<meta property=\"og:type\" content=\"article\" \/>\n<meta property=\"og:title\" content=\"EMG ESZ elektro-servo-cilindrs - My industrial\" \/>\n<meta property=\"og:description\" content=\"EMG ESZ elektro-servo-cilindrs  EMG izstr\u0101d\u0101tais elektro-servo cilindrs tiek izmantots k\u0101 vad\u012bbas un pozicion\u0113\u0161anas cilindrs. Tas ar plan\u0113tas zobrata v\u012btni (PGT) p\u0101rveido tr\u012bsf\u0101zu str\u0101vas motora rad\u012bto rot\u0101ciju line\u0101r\u0101 kust\u012bb\u0101. Funkcijas princips ir balst\u012bts uz rites kust\u012bbu pie zemas berzes un attiec\u012bgi zema nodiluma.  Standarta elektro-servo cilindra modelis sast\u0101v no \u0161\u0101d\u0101m sast\u0101vda\u013c\u0101m: - tr\u012bsf\u0101zu asinhronais motors - v\u0101rpsta ar plan\u0113t\u0101ro zobrata v\u012btni, vilces korpusu un virzu\u013ca k\u0101tu ar \u0161arn\u012bra sviru - virzu\u013ca stie\u0146a rot\u0101cijas blo\u0137\u0113\u0161ana - korpuss ar \u0161arn\u012brsavienojumu\" \/>\n<meta property=\"og:url\" content=\"https:\/\/dev.myindustrial.eu\/lv\/shop\/elektrohidraulisko-piedzinu-risinajumi\/pielagoti-risinajumi-emg\/emg-esz-electro-servo-cilindrs\/\" \/>\n<meta property=\"og:site_name\" content=\"My industrial\" \/>\n<meta property=\"article:modified_time\" content=\"2023-06-16T20:08:10+00:00\" \/>\n<meta property=\"og:image\" content=\"https:\/\/dev.myindustrial.eu\/wp-content\/uploads\/2022\/12\/esz_2007_freigestellt-1135x1181-1135x1181.jpg\" \/>\n\t<meta property=\"og:image:width\" content=\"1135\" \/>\n\t<meta property=\"og:image:height\" content=\"1181\" \/>\n\t<meta property=\"og:image:type\" content=\"image\/jpeg\" \/>\n<meta name=\"twitter:card\" content=\"summary_large_image\" \/>\n<script type=\"application\/ld+json\" class=\"yoast-schema-graph\">{\"@context\":\"https:\/\/schema.org\",\"@graph\":[{\"@type\":\"WebPage\",\"@id\":\"https:\/\/dev.myindustrial.eu\/lv\/shop\/elektrohidraulisko-piedzinu-risinajumi\/pielagoti-risinajumi-emg\/emg-esz-electro-servo-cilindrs\/\",\"url\":\"https:\/\/dev.myindustrial.eu\/lv\/shop\/elektrohidraulisko-piedzinu-risinajumi\/pielagoti-risinajumi-emg\/emg-esz-electro-servo-cilindrs\/\",\"name\":\"EMG ESZ elektro-servo-cilindrs - My industrial\",\"isPartOf\":{\"@id\":\"https:\/\/dev.myindustrial.eu\/lv\/#website\"},\"primaryImageOfPage\":{\"@id\":\"https:\/\/dev.myindustrial.eu\/lv\/shop\/elektrohidraulisko-piedzinu-risinajumi\/pielagoti-risinajumi-emg\/emg-esz-electro-servo-cilindrs\/#primaryimage\"},\"image\":{\"@id\":\"https:\/\/dev.myindustrial.eu\/lv\/shop\/elektrohidraulisko-piedzinu-risinajumi\/pielagoti-risinajumi-emg\/emg-esz-electro-servo-cilindrs\/#primaryimage\"},\"thumbnailUrl\":\"https:\/\/dev.myindustrial.eu\/wp-content\/uploads\/2022\/12\/esz_2007_freigestellt-1135x1181-1135x1181.jpg\",\"datePublished\":\"2022-12-14T14:13:59+00:00\",\"dateModified\":\"2023-06-16T20:08:10+00:00\",\"breadcrumb\":{\"@id\":\"https:\/\/dev.myindustrial.eu\/lv\/shop\/elektrohidraulisko-piedzinu-risinajumi\/pielagoti-risinajumi-emg\/emg-esz-electro-servo-cilindrs\/#breadcrumb\"},\"inLanguage\":\"lv-LV\",\"potentialAction\":[{\"@type\":\"ReadAction\",\"target\":[\"https:\/\/dev.myindustrial.eu\/lv\/shop\/elektrohidraulisko-piedzinu-risinajumi\/pielagoti-risinajumi-emg\/emg-esz-electro-servo-cilindrs\/\"]}]},{\"@type\":\"ImageObject\",\"inLanguage\":\"lv-LV\",\"@id\":\"https:\/\/dev.myindustrial.eu\/lv\/shop\/elektrohidraulisko-piedzinu-risinajumi\/pielagoti-risinajumi-emg\/emg-esz-electro-servo-cilindrs\/#primaryimage\",\"url\":\"https:\/\/dev.myindustrial.eu\/wp-content\/uploads\/2022\/12\/esz_2007_freigestellt-1135x1181-1135x1181.jpg\",\"contentUrl\":\"https:\/\/dev.myindustrial.eu\/wp-content\/uploads\/2022\/12\/esz_2007_freigestellt-1135x1181-1135x1181.jpg\",\"width\":1135,\"height\":1181},{\"@type\":\"BreadcrumbList\",\"@id\":\"https:\/\/dev.myindustrial.eu\/lv\/shop\/elektrohidraulisko-piedzinu-risinajumi\/pielagoti-risinajumi-emg\/emg-esz-electro-servo-cilindrs\/#breadcrumb\",\"itemListElement\":[{\"@type\":\"ListItem\",\"position\":1,\"name\":\"Home\",\"item\":\"https:\/\/dev.myindustrial.eu\/lv\/\"},{\"@type\":\"ListItem\",\"position\":2,\"name\":\"Products\",\"item\":\"https:\/\/dev.myindustrial.eu\/lv\/products\/\"},{\"@type\":\"ListItem\",\"position\":3,\"name\":\"EMG ESZ elektro-servo-cilindrs\"}]},{\"@type\":\"WebSite\",\"@id\":\"https:\/\/dev.myindustrial.eu\/lv\/#website\",\"url\":\"https:\/\/dev.myindustrial.eu\/lv\/\",\"name\":\"My industrial\",\"description\":\"\",\"potentialAction\":[{\"@type\":\"SearchAction\",\"target\":{\"@type\":\"EntryPoint\",\"urlTemplate\":\"https:\/\/dev.myindustrial.eu\/lv\/?s={search_term_string}\"},\"query-input\":{\"@type\":\"PropertyValueSpecification\",\"valueRequired\":true,\"valueName\":\"search_term_string\"}}],\"inLanguage\":\"lv-LV\"}]}<\/script>\n<!-- \/ Yoast SEO plugin. -->","yoast_head_json":{"title":"EMG ESZ elektro-servo-cilindrs - My industrial","robots":{"index":"noindex","follow":"follow","max-snippet":"max-snippet:-1","max-image-preview":"max-image-preview:large","max-video-preview":"max-video-preview:-1"},"og_locale":"lv_LV","og_type":"article","og_title":"EMG ESZ elektro-servo-cilindrs - My industrial","og_description":"EMG ESZ elektro-servo-cilindrs  EMG izstr\u0101d\u0101tais elektro-servo cilindrs tiek izmantots k\u0101 vad\u012bbas un pozicion\u0113\u0161anas cilindrs. Tas ar plan\u0113tas zobrata v\u012btni (PGT) p\u0101rveido tr\u012bsf\u0101zu str\u0101vas motora rad\u012bto rot\u0101ciju line\u0101r\u0101 kust\u012bb\u0101. Funkcijas princips ir balst\u012bts uz rites kust\u012bbu pie zemas berzes un attiec\u012bgi zema nodiluma.  Standarta elektro-servo cilindra modelis sast\u0101v no \u0161\u0101d\u0101m sast\u0101vda\u013c\u0101m: - tr\u012bsf\u0101zu asinhronais motors - v\u0101rpsta ar plan\u0113t\u0101ro zobrata v\u012btni, vilces korpusu un virzu\u013ca k\u0101tu ar \u0161arn\u012bra sviru - virzu\u013ca stie\u0146a rot\u0101cijas blo\u0137\u0113\u0161ana - korpuss ar \u0161arn\u012brsavienojumu","og_url":"https:\/\/dev.myindustrial.eu\/lv\/shop\/elektrohidraulisko-piedzinu-risinajumi\/pielagoti-risinajumi-emg\/emg-esz-electro-servo-cilindrs\/","og_site_name":"My industrial","article_modified_time":"2023-06-16T20:08:10+00:00","og_image":[{"width":1135,"height":1181,"url":"https:\/\/dev.myindustrial.eu\/wp-content\/uploads\/2022\/12\/esz_2007_freigestellt-1135x1181-1135x1181.jpg","type":"image\/jpeg"}],"twitter_card":"summary_large_image","schema":{"@context":"https:\/\/schema.org","@graph":[{"@type":"WebPage","@id":"https:\/\/dev.myindustrial.eu\/lv\/shop\/elektrohidraulisko-piedzinu-risinajumi\/pielagoti-risinajumi-emg\/emg-esz-electro-servo-cilindrs\/","url":"https:\/\/dev.myindustrial.eu\/lv\/shop\/elektrohidraulisko-piedzinu-risinajumi\/pielagoti-risinajumi-emg\/emg-esz-electro-servo-cilindrs\/","name":"EMG ESZ elektro-servo-cilindrs - My industrial","isPartOf":{"@id":"https:\/\/dev.myindustrial.eu\/lv\/#website"},"primaryImageOfPage":{"@id":"https:\/\/dev.myindustrial.eu\/lv\/shop\/elektrohidraulisko-piedzinu-risinajumi\/pielagoti-risinajumi-emg\/emg-esz-electro-servo-cilindrs\/#primaryimage"},"image":{"@id":"https:\/\/dev.myindustrial.eu\/lv\/shop\/elektrohidraulisko-piedzinu-risinajumi\/pielagoti-risinajumi-emg\/emg-esz-electro-servo-cilindrs\/#primaryimage"},"thumbnailUrl":"https:\/\/dev.myindustrial.eu\/wp-content\/uploads\/2022\/12\/esz_2007_freigestellt-1135x1181-1135x1181.jpg","datePublished":"2022-12-14T14:13:59+00:00","dateModified":"2023-06-16T20:08:10+00:00","breadcrumb":{"@id":"https:\/\/dev.myindustrial.eu\/lv\/shop\/elektrohidraulisko-piedzinu-risinajumi\/pielagoti-risinajumi-emg\/emg-esz-electro-servo-cilindrs\/#breadcrumb"},"inLanguage":"lv-LV","potentialAction":[{"@type":"ReadAction","target":["https:\/\/dev.myindustrial.eu\/lv\/shop\/elektrohidraulisko-piedzinu-risinajumi\/pielagoti-risinajumi-emg\/emg-esz-electro-servo-cilindrs\/"]}]},{"@type":"ImageObject","inLanguage":"lv-LV","@id":"https:\/\/dev.myindustrial.eu\/lv\/shop\/elektrohidraulisko-piedzinu-risinajumi\/pielagoti-risinajumi-emg\/emg-esz-electro-servo-cilindrs\/#primaryimage","url":"https:\/\/dev.myindustrial.eu\/wp-content\/uploads\/2022\/12\/esz_2007_freigestellt-1135x1181-1135x1181.jpg","contentUrl":"https:\/\/dev.myindustrial.eu\/wp-content\/uploads\/2022\/12\/esz_2007_freigestellt-1135x1181-1135x1181.jpg","width":1135,"height":1181},{"@type":"BreadcrumbList","@id":"https:\/\/dev.myindustrial.eu\/lv\/shop\/elektrohidraulisko-piedzinu-risinajumi\/pielagoti-risinajumi-emg\/emg-esz-electro-servo-cilindrs\/#breadcrumb","itemListElement":[{"@type":"ListItem","position":1,"name":"Home","item":"https:\/\/dev.myindustrial.eu\/lv\/"},{"@type":"ListItem","position":2,"name":"Products","item":"https:\/\/dev.myindustrial.eu\/lv\/products\/"},{"@type":"ListItem","position":3,"name":"EMG ESZ elektro-servo-cilindrs"}]},{"@type":"WebSite","@id":"https:\/\/dev.myindustrial.eu\/lv\/#website","url":"https:\/\/dev.myindustrial.eu\/lv\/","name":"My industrial","description":"","potentialAction":[{"@type":"SearchAction","target":{"@type":"EntryPoint","urlTemplate":"https:\/\/dev.myindustrial.eu\/lv\/?s={search_term_string}"},"query-input":{"@type":"PropertyValueSpecification","valueRequired":true,"valueName":"search_term_string"}}],"inLanguage":"lv-LV"}]}},"_links":{"self":[{"href":"https:\/\/dev.myindustrial.eu\/lv\/wp-json\/wp\/v2\/product\/1260062821","targetHints":{"allow":["GET"]}}],"collection":[{"href":"https:\/\/dev.myindustrial.eu\/lv\/wp-json\/wp\/v2\/product"}],"about":[{"href":"https:\/\/dev.myindustrial.eu\/lv\/wp-json\/wp\/v2\/types\/product"}],"version-history":[{"count":1,"href":"https:\/\/dev.myindustrial.eu\/lv\/wp-json\/wp\/v2\/product\/1260062821\/revisions"}],"predecessor-version":[{"id":1260062822,"href":"https:\/\/dev.myindustrial.eu\/lv\/wp-json\/wp\/v2\/product\/1260062821\/revisions\/1260062822"}],"wp:featuredmedia":[{"embeddable":true,"href":"https:\/\/dev.myindustrial.eu\/lv\/wp-json\/wp\/v2\/media\/1260062600"}],"wp:attachment":[{"href":"https:\/\/dev.myindustrial.eu\/lv\/wp-json\/wp\/v2\/media?parent=1260062821"}],"wp:term":[{"taxonomy":"product_brand","embeddable":true,"href":"https:\/\/dev.myindustrial.eu\/lv\/wp-json\/wp\/v2\/product_brand?post=1260062821"},{"taxonomy":"product_cat","embeddable":true,"href":"https:\/\/dev.myindustrial.eu\/lv\/wp-json\/wp\/v2\/product_cat?post=1260062821"},{"taxonomy":"product_tag","embeddable":true,"href":"https:\/\/dev.myindustrial.eu\/lv\/wp-json\/wp\/v2\/product_tag?post=1260062821"}],"curies":[{"name":"wp","href":"https:\/\/api.w.org\/{rel}","templated":true}]}}