{"id":1260063015,"date":"2022-11-21T14:18:16","date_gmt":"2022-11-21T14:18:16","guid":{"rendered":"https:\/\/dev.myindustrial.eu\/shop\/uncategorized\/altman-potentiometer-with-special-adaptors\/"},"modified":"2023-06-16T20:08:34","modified_gmt":"2023-06-16T20:08:34","slug":"altman-potentiometrs-ar-specialiem-adapteriem","status":"publish","type":"product","link":"https:\/\/dev.myindustrial.eu\/lv\/shop\/potenciometri-un-sensori\/pielagoti-risinajumi-altmann\/altman-potentiometrs-ar-specialiem-adapteriem\/","title":{"rendered":"Altmann potenciometrs ar speci\u0101liem adapteriem"},"content":{"rendered":"<p><b>No standarta l\u012bdz specializ\u0113tam &#8211; piel\u0101gota precizit\u0101te<\/b>M\u016bsu standarta produktu programm\u0101 ir iek\u013cauti klientam specifiski individu\u0101li un \u012bpa\u0161i risin\u0101jumi, koncentr\u0113joties uz kvalit\u0101ti ar atbilsto\u0161u izmaksu attiec\u012bbu. Atkar\u012bb\u0101 no j\u016bsu vajadz\u012bb\u0101m m\u0113s pied\u0101v\u0101jam pilnu izstr\u0101des procesu. Produkta piel\u0101go\u0161ana gan elektriski, gan meh\u0101niski prasa padzi\u013cin\u0101tu galaprodukta izp\u0113ti. Past\u0101stiet mums, k\u0101das ir j\u016bsu pieteikuma pras\u012bbas, un m\u0113s izveidosim jums piem\u0113rot\u0101ko produktu.Kop\u0101 ar Jums apkopojam individu\u0101lus risin\u0101jumus ar vai bez izstr\u0101d\u0101juma gala apstr\u0101des \u2013 p\u0113c J\u016bsu izv\u0113les. M\u0113s pied\u0101v\u0101jam priek\u0161izp\u0113ti, izstr\u0101di un projektu pl\u0101no\u0161anu, k\u0101 ar\u012b deta\u013cu un s\u0113riju paraugu test\u0113\u0161anu. No projekta pl\u0101no\u0161anas l\u012bdz s\u0113rijveida ra\u017eo\u0161anas uzs\u0101k\u0161anai \u2013 m\u0113s st\u0101v\u0113sim jums blakus.<b><a href=\"https:\/\/dev.myindustrial.eu\/wp-content\/uploads\/2022\/11\/low-torque-resistors.png\"><img fetchpriority=\"high\" decoding=\"async\" class=\"alignnone wp-image-1260061693\" src=\"https:\/\/dev.myindustrial.eu\/wp-content\/uploads\/2022\/11\/low-torque-resistors.png\" alt=\"\" width=\"226\" height=\"227\" \/><\/a><\/b><b>Pa\u0161u instrumentu izgatavo\u0161ana, veid\u0146u projekt\u0113\u0161ana un konstrukcija<\/b>Mums ir m\u016bsu pa\u0161u instrumentu izgatavo\u0161ana, iek\u0101rtu, veid\u0146u un presformu konstrukcija, kas veido m\u016bsu r\u016bpniecisk\u0101s ra\u017eo\u0161anas pamatu. R\u016bpniecisk\u0101 ra\u017eo\u0161ana bez smalk\u0101s meh\u0101nisk\u0101s met\u0101lapstr\u0101des ietver ar\u012b iesmidzin\u0101\u0161anas veid\u0146u izgatavo\u0161anu. P\u0113c piepras\u012bjuma prototipi un priek\u0161s\u0113rijas tiks izgatavotas tie\u0161i un \u0101tri m\u016bsu r\u016bpn\u012bc\u0101. Modifik\u0101cijas piepras\u012bjumus var izpild\u012bt nekav\u0113joties.<b><a href=\"https:\/\/dev.myindustrial.eu\/wp-content\/uploads\/2022\/11\/profi-adapter2-1.png\"><img decoding=\"async\" class=\"alignnone wp-image-1260061673\" src=\"https:\/\/dev.myindustrial.eu\/wp-content\/uploads\/2022\/11\/profi-adapter2-1.png\" alt=\"\" width=\"171\" height=\"155\" \/><\/a><\/b><b>Izstr\u0101de un ra\u017eo\u0161ana m\u016bsu r\u016bpn\u012bc\u0101<\/b>Visi so\u013ci no pirm\u0101 kontakta p\u0113c produkta izstr\u0101des l\u012bdz s\u0113rijveida ra\u017eo\u0161anas uzs\u0101k\u0161anai tiek veikti m\u016bsu uz\u0146\u0113mum\u0101. Viss tiek apstr\u0101d\u0101ts optimiz\u0113tos procesos. Tas ietaupa laiku, un jums ir tikai viena kontaktpersona, kas risina visus jaut\u0101jumus.&nbsp;<b><a href=\"https:\/\/dev.myindustrial.eu\/wp-content\/uploads\/2022\/11\/low-torque-resistors1-348x435.jpg\"><img decoding=\"async\" class=\"alignnone wp-image-1260061698\" src=\"https:\/\/dev.myindustrial.eu\/wp-content\/uploads\/2022\/11\/low-torque-resistors1-348x435.jpg\" alt=\"\" width=\"201\" height=\"251\" \/><\/a><\/b><\/p>\n","protected":false},"excerpt":{"rendered":"<p>No standarta l\u012bdz specializ\u0113tam &#8211; piel\u0101gota precizit\u0101teM\u016bsu standarta produktu programm\u0101 ir iek\u013cauti klientam specifiski individu\u0101li un \u012bpa\u0161i risin\u0101jumi, koncentr\u0113joties uz<\/p>\n","protected":false},"featured_media":1260061730,"template":"","meta":[],"product_brand":[],"product_cat":[1286,1635],"product_tag":[],"class_list":{"0":"post-1260063015","1":"product","2":"type-product","3":"status-publish","4":"has-post-thumbnail","6":"product_cat-potenciometri-un-sensori","7":"product_cat-pielagoti-risinajumi-altmann","9":"first","10":"instock","11":"shipping-taxable","12":"product-type-simple"},"yoast_head":"<!-- This site is optimized with the Yoast SEO plugin v27.1.1 - https:\/\/yoast.com\/product\/yoast-seo-wordpress\/ -->\n<title>Altmann potenciometrs ar speci\u0101liem adapteriem - My industrial<\/title>\n<meta name=\"robots\" content=\"noindex, follow, max-snippet:-1, max-image-preview:large, max-video-preview:-1\" \/>\n<meta property=\"og:locale\" content=\"lv_LV\" \/>\n<meta property=\"og:type\" content=\"article\" \/>\n<meta property=\"og:title\" content=\"Altmann potenciometrs ar speci\u0101liem adapteriem - My industrial\" \/>\n<meta property=\"og:description\" content=\"No standarta l\u012bdz specializ\u0113tam &#8211; piel\u0101gota precizit\u0101teM\u016bsu standarta produktu programm\u0101 ir iek\u013cauti klientam specifiski individu\u0101li un \u012bpa\u0161i risin\u0101jumi, koncentr\u0113joties uz\" \/>\n<meta property=\"og:url\" content=\"https:\/\/dev.myindustrial.eu\/lv\/shop\/potenciometri-un-sensori\/pielagoti-risinajumi-altmann\/altman-potentiometrs-ar-specialiem-adapteriem\/\" \/>\n<meta property=\"og:site_name\" content=\"My industrial\" \/>\n<meta property=\"article:modified_time\" content=\"2023-06-16T20:08:34+00:00\" \/>\n<meta property=\"og:image\" content=\"https:\/\/dev.myindustrial.eu\/wp-content\/uploads\/2022\/11\/altmann-logo-small-pic.webp\" \/>\n\t<meta property=\"og:image:width\" content=\"800\" \/>\n\t<meta property=\"og:image:height\" content=\"800\" \/>\n\t<meta property=\"og:image:type\" content=\"image\/webp\" \/>\n<meta name=\"twitter:card\" content=\"summary_large_image\" \/>\n<script type=\"application\/ld+json\" class=\"yoast-schema-graph\">{\"@context\":\"https:\/\/schema.org\",\"@graph\":[{\"@type\":\"WebPage\",\"@id\":\"https:\/\/dev.myindustrial.eu\/lv\/shop\/potenciometri-un-sensori\/pielagoti-risinajumi-altmann\/altman-potentiometrs-ar-specialiem-adapteriem\/\",\"url\":\"https:\/\/dev.myindustrial.eu\/lv\/shop\/potenciometri-un-sensori\/pielagoti-risinajumi-altmann\/altman-potentiometrs-ar-specialiem-adapteriem\/\",\"name\":\"Altmann potenciometrs ar speci\u0101liem adapteriem - My industrial\",\"isPartOf\":{\"@id\":\"https:\/\/dev.myindustrial.eu\/lv\/#website\"},\"primaryImageOfPage\":{\"@id\":\"https:\/\/dev.myindustrial.eu\/lv\/shop\/potenciometri-un-sensori\/pielagoti-risinajumi-altmann\/altman-potentiometrs-ar-specialiem-adapteriem\/#primaryimage\"},\"image\":{\"@id\":\"https:\/\/dev.myindustrial.eu\/lv\/shop\/potenciometri-un-sensori\/pielagoti-risinajumi-altmann\/altman-potentiometrs-ar-specialiem-adapteriem\/#primaryimage\"},\"thumbnailUrl\":\"https:\/\/dev.myindustrial.eu\/wp-content\/uploads\/2022\/11\/altmann-logo-small-pic.webp\",\"datePublished\":\"2022-11-21T14:18:16+00:00\",\"dateModified\":\"2023-06-16T20:08:34+00:00\",\"breadcrumb\":{\"@id\":\"https:\/\/dev.myindustrial.eu\/lv\/shop\/potenciometri-un-sensori\/pielagoti-risinajumi-altmann\/altman-potentiometrs-ar-specialiem-adapteriem\/#breadcrumb\"},\"inLanguage\":\"lv-LV\",\"potentialAction\":[{\"@type\":\"ReadAction\",\"target\":[\"https:\/\/dev.myindustrial.eu\/lv\/shop\/potenciometri-un-sensori\/pielagoti-risinajumi-altmann\/altman-potentiometrs-ar-specialiem-adapteriem\/\"]}]},{\"@type\":\"ImageObject\",\"inLanguage\":\"lv-LV\",\"@id\":\"https:\/\/dev.myindustrial.eu\/lv\/shop\/potenciometri-un-sensori\/pielagoti-risinajumi-altmann\/altman-potentiometrs-ar-specialiem-adapteriem\/#primaryimage\",\"url\":\"https:\/\/dev.myindustrial.eu\/wp-content\/uploads\/2022\/11\/altmann-logo-small-pic.webp\",\"contentUrl\":\"https:\/\/dev.myindustrial.eu\/wp-content\/uploads\/2022\/11\/altmann-logo-small-pic.webp\",\"width\":800,\"height\":800},{\"@type\":\"BreadcrumbList\",\"@id\":\"https:\/\/dev.myindustrial.eu\/lv\/shop\/potenciometri-un-sensori\/pielagoti-risinajumi-altmann\/altman-potentiometrs-ar-specialiem-adapteriem\/#breadcrumb\",\"itemListElement\":[{\"@type\":\"ListItem\",\"position\":1,\"name\":\"Home\",\"item\":\"https:\/\/dev.myindustrial.eu\/lv\/\"},{\"@type\":\"ListItem\",\"position\":2,\"name\":\"Products\",\"item\":\"https:\/\/dev.myindustrial.eu\/lv\/products\/\"},{\"@type\":\"ListItem\",\"position\":3,\"name\":\"Altmann potenciometrs ar speci\u0101liem adapteriem\"}]},{\"@type\":\"WebSite\",\"@id\":\"https:\/\/dev.myindustrial.eu\/lv\/#website\",\"url\":\"https:\/\/dev.myindustrial.eu\/lv\/\",\"name\":\"My industrial\",\"description\":\"\",\"potentialAction\":[{\"@type\":\"SearchAction\",\"target\":{\"@type\":\"EntryPoint\",\"urlTemplate\":\"https:\/\/dev.myindustrial.eu\/lv\/?s={search_term_string}\"},\"query-input\":{\"@type\":\"PropertyValueSpecification\",\"valueRequired\":true,\"valueName\":\"search_term_string\"}}],\"inLanguage\":\"lv-LV\"}]}<\/script>\n<!-- \/ Yoast SEO plugin. -->","yoast_head_json":{"title":"Altmann potenciometrs ar speci\u0101liem adapteriem - My industrial","robots":{"index":"noindex","follow":"follow","max-snippet":"max-snippet:-1","max-image-preview":"max-image-preview:large","max-video-preview":"max-video-preview:-1"},"og_locale":"lv_LV","og_type":"article","og_title":"Altmann potenciometrs ar speci\u0101liem adapteriem - My industrial","og_description":"No standarta l\u012bdz specializ\u0113tam &#8211; piel\u0101gota precizit\u0101teM\u016bsu standarta produktu programm\u0101 ir iek\u013cauti klientam specifiski individu\u0101li un \u012bpa\u0161i risin\u0101jumi, koncentr\u0113joties uz","og_url":"https:\/\/dev.myindustrial.eu\/lv\/shop\/potenciometri-un-sensori\/pielagoti-risinajumi-altmann\/altman-potentiometrs-ar-specialiem-adapteriem\/","og_site_name":"My industrial","article_modified_time":"2023-06-16T20:08:34+00:00","og_image":[{"width":800,"height":800,"url":"https:\/\/dev.myindustrial.eu\/wp-content\/uploads\/2022\/11\/altmann-logo-small-pic.webp","type":"image\/webp"}],"twitter_card":"summary_large_image","schema":{"@context":"https:\/\/schema.org","@graph":[{"@type":"WebPage","@id":"https:\/\/dev.myindustrial.eu\/lv\/shop\/potenciometri-un-sensori\/pielagoti-risinajumi-altmann\/altman-potentiometrs-ar-specialiem-adapteriem\/","url":"https:\/\/dev.myindustrial.eu\/lv\/shop\/potenciometri-un-sensori\/pielagoti-risinajumi-altmann\/altman-potentiometrs-ar-specialiem-adapteriem\/","name":"Altmann potenciometrs ar speci\u0101liem adapteriem - My industrial","isPartOf":{"@id":"https:\/\/dev.myindustrial.eu\/lv\/#website"},"primaryImageOfPage":{"@id":"https:\/\/dev.myindustrial.eu\/lv\/shop\/potenciometri-un-sensori\/pielagoti-risinajumi-altmann\/altman-potentiometrs-ar-specialiem-adapteriem\/#primaryimage"},"image":{"@id":"https:\/\/dev.myindustrial.eu\/lv\/shop\/potenciometri-un-sensori\/pielagoti-risinajumi-altmann\/altman-potentiometrs-ar-specialiem-adapteriem\/#primaryimage"},"thumbnailUrl":"https:\/\/dev.myindustrial.eu\/wp-content\/uploads\/2022\/11\/altmann-logo-small-pic.webp","datePublished":"2022-11-21T14:18:16+00:00","dateModified":"2023-06-16T20:08:34+00:00","breadcrumb":{"@id":"https:\/\/dev.myindustrial.eu\/lv\/shop\/potenciometri-un-sensori\/pielagoti-risinajumi-altmann\/altman-potentiometrs-ar-specialiem-adapteriem\/#breadcrumb"},"inLanguage":"lv-LV","potentialAction":[{"@type":"ReadAction","target":["https:\/\/dev.myindustrial.eu\/lv\/shop\/potenciometri-un-sensori\/pielagoti-risinajumi-altmann\/altman-potentiometrs-ar-specialiem-adapteriem\/"]}]},{"@type":"ImageObject","inLanguage":"lv-LV","@id":"https:\/\/dev.myindustrial.eu\/lv\/shop\/potenciometri-un-sensori\/pielagoti-risinajumi-altmann\/altman-potentiometrs-ar-specialiem-adapteriem\/#primaryimage","url":"https:\/\/dev.myindustrial.eu\/wp-content\/uploads\/2022\/11\/altmann-logo-small-pic.webp","contentUrl":"https:\/\/dev.myindustrial.eu\/wp-content\/uploads\/2022\/11\/altmann-logo-small-pic.webp","width":800,"height":800},{"@type":"BreadcrumbList","@id":"https:\/\/dev.myindustrial.eu\/lv\/shop\/potenciometri-un-sensori\/pielagoti-risinajumi-altmann\/altman-potentiometrs-ar-specialiem-adapteriem\/#breadcrumb","itemListElement":[{"@type":"ListItem","position":1,"name":"Home","item":"https:\/\/dev.myindustrial.eu\/lv\/"},{"@type":"ListItem","position":2,"name":"Products","item":"https:\/\/dev.myindustrial.eu\/lv\/products\/"},{"@type":"ListItem","position":3,"name":"Altmann potenciometrs ar speci\u0101liem adapteriem"}]},{"@type":"WebSite","@id":"https:\/\/dev.myindustrial.eu\/lv\/#website","url":"https:\/\/dev.myindustrial.eu\/lv\/","name":"My industrial","description":"","potentialAction":[{"@type":"SearchAction","target":{"@type":"EntryPoint","urlTemplate":"https:\/\/dev.myindustrial.eu\/lv\/?s={search_term_string}"},"query-input":{"@type":"PropertyValueSpecification","valueRequired":true,"valueName":"search_term_string"}}],"inLanguage":"lv-LV"}]}},"_links":{"self":[{"href":"https:\/\/dev.myindustrial.eu\/lv\/wp-json\/wp\/v2\/product\/1260063015","targetHints":{"allow":["GET"]}}],"collection":[{"href":"https:\/\/dev.myindustrial.eu\/lv\/wp-json\/wp\/v2\/product"}],"about":[{"href":"https:\/\/dev.myindustrial.eu\/lv\/wp-json\/wp\/v2\/types\/product"}],"version-history":[{"count":1,"href":"https:\/\/dev.myindustrial.eu\/lv\/wp-json\/wp\/v2\/product\/1260063015\/revisions"}],"predecessor-version":[{"id":1260063016,"href":"https:\/\/dev.myindustrial.eu\/lv\/wp-json\/wp\/v2\/product\/1260063015\/revisions\/1260063016"}],"wp:featuredmedia":[{"embeddable":true,"href":"https:\/\/dev.myindustrial.eu\/lv\/wp-json\/wp\/v2\/media\/1260061730"}],"wp:attachment":[{"href":"https:\/\/dev.myindustrial.eu\/lv\/wp-json\/wp\/v2\/media?parent=1260063015"}],"wp:term":[{"taxonomy":"product_brand","embeddable":true,"href":"https:\/\/dev.myindustrial.eu\/lv\/wp-json\/wp\/v2\/product_brand?post=1260063015"},{"taxonomy":"product_cat","embeddable":true,"href":"https:\/\/dev.myindustrial.eu\/lv\/wp-json\/wp\/v2\/product_cat?post=1260063015"},{"taxonomy":"product_tag","embeddable":true,"href":"https:\/\/dev.myindustrial.eu\/lv\/wp-json\/wp\/v2\/product_tag?post=1260063015"}],"curies":[{"name":"wp","href":"https:\/\/api.w.org\/{rel}","templated":true}]}}