{"id":1260063032,"date":"2023-03-10T13:18:05","date_gmt":"2023-03-10T13:18:05","guid":{"rendered":"https:\/\/dev.myindustrial.eu\/shop\/uncategorized\/gessmann-lever-switch-s51\/"},"modified":"2023-06-16T20:08:01","modified_gmt":"2023-06-16T20:08:01","slug":"gessmann-lever-switch-s51","status":"publish","type":"product","link":"https:\/\/dev.myindustrial.eu\/lv\/shop\/rupnieciskie-kontrolieri-dzoistiki-un-konsoles\/vadibas-elementi\/gessmann-lever-switch-s51\/","title":{"rendered":"Sl\u0113d\u017ea svira S51"},"content":{"rendered":"","protected":false},"excerpt":{"rendered":"<p>S51 sl\u0113d\u017eu sviru s\u0113rija ir \u012bpa\u0161i izstr\u0101d\u0101ta dzelzce\u013ca nozarei. T\u0101 nodro\u0161ina augstu iztur\u012bbas pak\u0101pi un ilgu kalpo\u0161anas laiku. Parasti \u0161o augst\u0101s kvalit\u0101tes izstr\u0101d\u0101jumu izmanto vilces l\u012bdzek\u013cu vien\u012bbu ma\u0161\u012bnistu kab\u012bnes konsol\u0113s.<br \/>\nIzstr\u0101des gait\u0101 ir iev\u0113roti visi sp\u0113k\u0101 eso\u0161ie standarti (EN 50155, UIC 612, EN 45545&#8230;).<\/p>\n<p>Tehniskie dati<br \/>\nNovirzes le\u0146\u0137is Kop\u0101: \u00b1 34\u00b0 ( \u221234\u00b0 \/ \u221217\u00b0 \/ 0\u00b0 \/ +17\u00b0 \/ +34\u00b0)<br \/>\nMeh\u0101niskais darbm\u016b\u017es 3 miljoni darb\u012bbas ciklu<br \/>\nApk\u0101rt\u0113j\u0101s temperat\u016bras diapazons \u221225\u00b0C l\u012bdz +70\u00b0C (OT3 saska\u0146\u0101 ar EN50155)<br \/>\nAizsardz\u012bbas pak\u0101pe IP54 (virs mont\u0101\u017eas pl\u0101ksnes). IP20 (zem mont\u0101\u017eas pl\u0101ksnes)<br \/>\nBaro\u0161anas spriegums 24 VDC, 72 VDC, 110 VDC ar sv\u0101rst\u012bb\u0101m saska\u0146\u0101 ar EN 50155<\/p>\n<p>Atsauce uz attiec\u012bgajiem standartiem<br \/>\nUgunsdro\u0161\u012bba EN 45545 2. da\u013ca<br \/>\nVad\u012bt\u0101ju un ma\u0161\u012bnistu saskarnes EMU\/DMU, lokomot\u012bv\u0113m un kontroles vagoniem UIC 612<br \/>\nAizsardz\u012bbas pak\u0101pes, ko nodro\u0161ina korpusi, EN 60529<br \/>\nDzelzce\u013ca apr\u012bkojums. Rito\u0161ais sast\u0101vs. Elektronisk\u0101s iek\u0101rtas, EN 50155<br \/>\nTest\u0113\u0161ana ar triecieniem un vibr\u0101ciju, EN 61373<br \/>\nVidestest\u0113\u0161ana, EN 60068<\/p>\n<p><a href=\"\/wp-content\/uploads\/2023\/03\/lever-switch-s51-1.pdf\" target=\"_blank\" rel=\"noopener\"><img decoding=\"async\" src=\"\/wp-content\/uploads\/2023\/02\/download-button-lv.svg\" \/><\/a><\/p>\n","protected":false},"featured_media":1260063023,"template":"","meta":[],"product_brand":[],"product_cat":[1317,1327],"product_tag":[],"class_list":{"0":"post-1260063032","1":"product","2":"type-product","3":"status-publish","4":"has-post-thumbnail","6":"product_cat-rupnieciskie-kontrolieri-dzoistiki-un-konsoles","7":"product_cat-vadibas-elementi","9":"first","10":"instock","11":"shipping-taxable","12":"product-type-simple"},"yoast_head":"<!-- This site is optimized with the Yoast SEO plugin v27.1.1 - https:\/\/yoast.com\/product\/yoast-seo-wordpress\/ -->\n<title>Sl\u0113d\u017ea svira S51 - My industrial<\/title>\n<meta name=\"robots\" content=\"noindex, follow, max-snippet:-1, max-image-preview:large, max-video-preview:-1\" \/>\n<meta property=\"og:locale\" content=\"lv_LV\" \/>\n<meta property=\"og:type\" content=\"article\" \/>\n<meta property=\"og:title\" content=\"Sl\u0113d\u017ea svira S51 - My industrial\" \/>\n<meta property=\"og:description\" content=\"S51 sl\u0113d\u017eu sviru s\u0113rija ir \u012bpa\u0161i izstr\u0101d\u0101ta dzelzce\u013ca nozarei. T\u0101 nodro\u0161ina augstu iztur\u012bbas pak\u0101pi un ilgu kalpo\u0161anas laiku. Parasti \u0161o augst\u0101s kvalit\u0101tes izstr\u0101d\u0101jumu izmanto vilces l\u012bdzek\u013cu vien\u012bbu ma\u0161\u012bnistu kab\u012bnes konsol\u0113s. Izstr\u0101des gait\u0101 ir iev\u0113roti visi sp\u0113k\u0101 eso\u0161ie standarti (EN 50155, UIC 612, EN 45545...).  Tehniskie dati Novirzes le\u0146\u0137is Kop\u0101: \u00b1 34\u00b0 ( \u221234\u00b0 \/ \u221217\u00b0 \/ 0\u00b0 \/ +17\u00b0 \/ +34\u00b0) Meh\u0101niskais darbm\u016b\u017es 3 miljoni darb\u012bbas ciklu Apk\u0101rt\u0113j\u0101s temperat\u016bras diapazons \u221225\u00b0C l\u012bdz +70\u00b0C (OT3 saska\u0146\u0101 ar EN50155) Aizsardz\u012bbas pak\u0101pe IP54 (virs mont\u0101\u017eas pl\u0101ksnes). IP20 (zem mont\u0101\u017eas pl\u0101ksnes) Baro\u0161anas spriegums 24 VDC, 72 VDC, 110 VDC ar sv\u0101rst\u012bb\u0101m saska\u0146\u0101 ar EN 50155  Atsauce uz attiec\u012bgajiem standartiem Ugunsdro\u0161\u012bba EN 45545 2. da\u013ca Vad\u012bt\u0101ju un ma\u0161\u012bnistu saskarnes EMU\/DMU, lokomot\u012bv\u0113m un kontroles vagoniem UIC 612 Aizsardz\u012bbas pak\u0101pes, ko nodro\u0161ina korpusi, EN 60529 Dzelzce\u013ca apr\u012bkojums. Rito\u0161ais sast\u0101vs. Elektronisk\u0101s iek\u0101rtas, EN 50155 Test\u0113\u0161ana ar triecieniem un vibr\u0101ciju, EN 61373 Videstest\u0113\u0161ana, EN 60068\" \/>\n<meta property=\"og:url\" content=\"https:\/\/dev.myindustrial.eu\/lv\/shop\/rupnieciskie-kontrolieri-dzoistiki-un-konsoles\/vadibas-elementi\/gessmann-lever-switch-s51\/\" \/>\n<meta property=\"og:site_name\" content=\"My industrial\" \/>\n<meta property=\"article:modified_time\" content=\"2023-06-16T20:08:01+00:00\" \/>\n<meta property=\"og:image\" content=\"https:\/\/dev.myindustrial.eu\/wp-content\/uploads\/2023\/03\/s51.webp\" \/>\n\t<meta property=\"og:image:width\" content=\"3042\" \/>\n\t<meta property=\"og:image:height\" content=\"2927\" \/>\n\t<meta property=\"og:image:type\" content=\"image\/webp\" \/>\n<meta name=\"twitter:card\" content=\"summary_large_image\" \/>\n<script type=\"application\/ld+json\" class=\"yoast-schema-graph\">{\"@context\":\"https:\/\/schema.org\",\"@graph\":[{\"@type\":\"WebPage\",\"@id\":\"https:\/\/dev.myindustrial.eu\/lv\/shop\/rupnieciskie-kontrolieri-dzoistiki-un-konsoles\/vadibas-elementi\/gessmann-lever-switch-s51\/\",\"url\":\"https:\/\/dev.myindustrial.eu\/lv\/shop\/rupnieciskie-kontrolieri-dzoistiki-un-konsoles\/vadibas-elementi\/gessmann-lever-switch-s51\/\",\"name\":\"Sl\u0113d\u017ea svira S51 - My industrial\",\"isPartOf\":{\"@id\":\"https:\/\/dev.myindustrial.eu\/lv\/#website\"},\"primaryImageOfPage\":{\"@id\":\"https:\/\/dev.myindustrial.eu\/lv\/shop\/rupnieciskie-kontrolieri-dzoistiki-un-konsoles\/vadibas-elementi\/gessmann-lever-switch-s51\/#primaryimage\"},\"image\":{\"@id\":\"https:\/\/dev.myindustrial.eu\/lv\/shop\/rupnieciskie-kontrolieri-dzoistiki-un-konsoles\/vadibas-elementi\/gessmann-lever-switch-s51\/#primaryimage\"},\"thumbnailUrl\":\"https:\/\/dev.myindustrial.eu\/wp-content\/uploads\/2023\/03\/s51.webp\",\"datePublished\":\"2023-03-10T13:18:05+00:00\",\"dateModified\":\"2023-06-16T20:08:01+00:00\",\"breadcrumb\":{\"@id\":\"https:\/\/dev.myindustrial.eu\/lv\/shop\/rupnieciskie-kontrolieri-dzoistiki-un-konsoles\/vadibas-elementi\/gessmann-lever-switch-s51\/#breadcrumb\"},\"inLanguage\":\"lv-LV\",\"potentialAction\":[{\"@type\":\"ReadAction\",\"target\":[\"https:\/\/dev.myindustrial.eu\/lv\/shop\/rupnieciskie-kontrolieri-dzoistiki-un-konsoles\/vadibas-elementi\/gessmann-lever-switch-s51\/\"]}]},{\"@type\":\"ImageObject\",\"inLanguage\":\"lv-LV\",\"@id\":\"https:\/\/dev.myindustrial.eu\/lv\/shop\/rupnieciskie-kontrolieri-dzoistiki-un-konsoles\/vadibas-elementi\/gessmann-lever-switch-s51\/#primaryimage\",\"url\":\"https:\/\/dev.myindustrial.eu\/wp-content\/uploads\/2023\/03\/s51.webp\",\"contentUrl\":\"https:\/\/dev.myindustrial.eu\/wp-content\/uploads\/2023\/03\/s51.webp\",\"width\":3042,\"height\":2927},{\"@type\":\"BreadcrumbList\",\"@id\":\"https:\/\/dev.myindustrial.eu\/lv\/shop\/rupnieciskie-kontrolieri-dzoistiki-un-konsoles\/vadibas-elementi\/gessmann-lever-switch-s51\/#breadcrumb\",\"itemListElement\":[{\"@type\":\"ListItem\",\"position\":1,\"name\":\"Home\",\"item\":\"https:\/\/dev.myindustrial.eu\/lv\/\"},{\"@type\":\"ListItem\",\"position\":2,\"name\":\"Products\",\"item\":\"https:\/\/dev.myindustrial.eu\/lv\/products\/\"},{\"@type\":\"ListItem\",\"position\":3,\"name\":\"Sl\u0113d\u017ea svira S51\"}]},{\"@type\":\"WebSite\",\"@id\":\"https:\/\/dev.myindustrial.eu\/lv\/#website\",\"url\":\"https:\/\/dev.myindustrial.eu\/lv\/\",\"name\":\"My industrial\",\"description\":\"\",\"potentialAction\":[{\"@type\":\"SearchAction\",\"target\":{\"@type\":\"EntryPoint\",\"urlTemplate\":\"https:\/\/dev.myindustrial.eu\/lv\/?s={search_term_string}\"},\"query-input\":{\"@type\":\"PropertyValueSpecification\",\"valueRequired\":true,\"valueName\":\"search_term_string\"}}],\"inLanguage\":\"lv-LV\"}]}<\/script>\n<!-- \/ Yoast SEO plugin. -->","yoast_head_json":{"title":"Sl\u0113d\u017ea svira S51 - My industrial","robots":{"index":"noindex","follow":"follow","max-snippet":"max-snippet:-1","max-image-preview":"max-image-preview:large","max-video-preview":"max-video-preview:-1"},"og_locale":"lv_LV","og_type":"article","og_title":"Sl\u0113d\u017ea svira S51 - My industrial","og_description":"S51 sl\u0113d\u017eu sviru s\u0113rija ir \u012bpa\u0161i izstr\u0101d\u0101ta dzelzce\u013ca nozarei. T\u0101 nodro\u0161ina augstu iztur\u012bbas pak\u0101pi un ilgu kalpo\u0161anas laiku. Parasti \u0161o augst\u0101s kvalit\u0101tes izstr\u0101d\u0101jumu izmanto vilces l\u012bdzek\u013cu vien\u012bbu ma\u0161\u012bnistu kab\u012bnes konsol\u0113s. Izstr\u0101des gait\u0101 ir iev\u0113roti visi sp\u0113k\u0101 eso\u0161ie standarti (EN 50155, UIC 612, EN 45545...).  Tehniskie dati Novirzes le\u0146\u0137is Kop\u0101: \u00b1 34\u00b0 ( \u221234\u00b0 \/ \u221217\u00b0 \/ 0\u00b0 \/ +17\u00b0 \/ +34\u00b0) Meh\u0101niskais darbm\u016b\u017es 3 miljoni darb\u012bbas ciklu Apk\u0101rt\u0113j\u0101s temperat\u016bras diapazons \u221225\u00b0C l\u012bdz +70\u00b0C (OT3 saska\u0146\u0101 ar EN50155) Aizsardz\u012bbas pak\u0101pe IP54 (virs mont\u0101\u017eas pl\u0101ksnes). IP20 (zem mont\u0101\u017eas pl\u0101ksnes) Baro\u0161anas spriegums 24 VDC, 72 VDC, 110 VDC ar sv\u0101rst\u012bb\u0101m saska\u0146\u0101 ar EN 50155  Atsauce uz attiec\u012bgajiem standartiem Ugunsdro\u0161\u012bba EN 45545 2. da\u013ca Vad\u012bt\u0101ju un ma\u0161\u012bnistu saskarnes EMU\/DMU, lokomot\u012bv\u0113m un kontroles vagoniem UIC 612 Aizsardz\u012bbas pak\u0101pes, ko nodro\u0161ina korpusi, EN 60529 Dzelzce\u013ca apr\u012bkojums. Rito\u0161ais sast\u0101vs. Elektronisk\u0101s iek\u0101rtas, EN 50155 Test\u0113\u0161ana ar triecieniem un vibr\u0101ciju, EN 61373 Videstest\u0113\u0161ana, EN 60068","og_url":"https:\/\/dev.myindustrial.eu\/lv\/shop\/rupnieciskie-kontrolieri-dzoistiki-un-konsoles\/vadibas-elementi\/gessmann-lever-switch-s51\/","og_site_name":"My industrial","article_modified_time":"2023-06-16T20:08:01+00:00","og_image":[{"width":3042,"height":2927,"url":"https:\/\/dev.myindustrial.eu\/wp-content\/uploads\/2023\/03\/s51.webp","type":"image\/webp"}],"twitter_card":"summary_large_image","schema":{"@context":"https:\/\/schema.org","@graph":[{"@type":"WebPage","@id":"https:\/\/dev.myindustrial.eu\/lv\/shop\/rupnieciskie-kontrolieri-dzoistiki-un-konsoles\/vadibas-elementi\/gessmann-lever-switch-s51\/","url":"https:\/\/dev.myindustrial.eu\/lv\/shop\/rupnieciskie-kontrolieri-dzoistiki-un-konsoles\/vadibas-elementi\/gessmann-lever-switch-s51\/","name":"Sl\u0113d\u017ea svira S51 - My industrial","isPartOf":{"@id":"https:\/\/dev.myindustrial.eu\/lv\/#website"},"primaryImageOfPage":{"@id":"https:\/\/dev.myindustrial.eu\/lv\/shop\/rupnieciskie-kontrolieri-dzoistiki-un-konsoles\/vadibas-elementi\/gessmann-lever-switch-s51\/#primaryimage"},"image":{"@id":"https:\/\/dev.myindustrial.eu\/lv\/shop\/rupnieciskie-kontrolieri-dzoistiki-un-konsoles\/vadibas-elementi\/gessmann-lever-switch-s51\/#primaryimage"},"thumbnailUrl":"https:\/\/dev.myindustrial.eu\/wp-content\/uploads\/2023\/03\/s51.webp","datePublished":"2023-03-10T13:18:05+00:00","dateModified":"2023-06-16T20:08:01+00:00","breadcrumb":{"@id":"https:\/\/dev.myindustrial.eu\/lv\/shop\/rupnieciskie-kontrolieri-dzoistiki-un-konsoles\/vadibas-elementi\/gessmann-lever-switch-s51\/#breadcrumb"},"inLanguage":"lv-LV","potentialAction":[{"@type":"ReadAction","target":["https:\/\/dev.myindustrial.eu\/lv\/shop\/rupnieciskie-kontrolieri-dzoistiki-un-konsoles\/vadibas-elementi\/gessmann-lever-switch-s51\/"]}]},{"@type":"ImageObject","inLanguage":"lv-LV","@id":"https:\/\/dev.myindustrial.eu\/lv\/shop\/rupnieciskie-kontrolieri-dzoistiki-un-konsoles\/vadibas-elementi\/gessmann-lever-switch-s51\/#primaryimage","url":"https:\/\/dev.myindustrial.eu\/wp-content\/uploads\/2023\/03\/s51.webp","contentUrl":"https:\/\/dev.myindustrial.eu\/wp-content\/uploads\/2023\/03\/s51.webp","width":3042,"height":2927},{"@type":"BreadcrumbList","@id":"https:\/\/dev.myindustrial.eu\/lv\/shop\/rupnieciskie-kontrolieri-dzoistiki-un-konsoles\/vadibas-elementi\/gessmann-lever-switch-s51\/#breadcrumb","itemListElement":[{"@type":"ListItem","position":1,"name":"Home","item":"https:\/\/dev.myindustrial.eu\/lv\/"},{"@type":"ListItem","position":2,"name":"Products","item":"https:\/\/dev.myindustrial.eu\/lv\/products\/"},{"@type":"ListItem","position":3,"name":"Sl\u0113d\u017ea svira S51"}]},{"@type":"WebSite","@id":"https:\/\/dev.myindustrial.eu\/lv\/#website","url":"https:\/\/dev.myindustrial.eu\/lv\/","name":"My industrial","description":"","potentialAction":[{"@type":"SearchAction","target":{"@type":"EntryPoint","urlTemplate":"https:\/\/dev.myindustrial.eu\/lv\/?s={search_term_string}"},"query-input":{"@type":"PropertyValueSpecification","valueRequired":true,"valueName":"search_term_string"}}],"inLanguage":"lv-LV"}]}},"_links":{"self":[{"href":"https:\/\/dev.myindustrial.eu\/lv\/wp-json\/wp\/v2\/product\/1260063032","targetHints":{"allow":["GET"]}}],"collection":[{"href":"https:\/\/dev.myindustrial.eu\/lv\/wp-json\/wp\/v2\/product"}],"about":[{"href":"https:\/\/dev.myindustrial.eu\/lv\/wp-json\/wp\/v2\/types\/product"}],"version-history":[{"count":0,"href":"https:\/\/dev.myindustrial.eu\/lv\/wp-json\/wp\/v2\/product\/1260063032\/revisions"}],"wp:featuredmedia":[{"embeddable":true,"href":"https:\/\/dev.myindustrial.eu\/lv\/wp-json\/wp\/v2\/media\/1260063023"}],"wp:attachment":[{"href":"https:\/\/dev.myindustrial.eu\/lv\/wp-json\/wp\/v2\/media?parent=1260063032"}],"wp:term":[{"taxonomy":"product_brand","embeddable":true,"href":"https:\/\/dev.myindustrial.eu\/lv\/wp-json\/wp\/v2\/product_brand?post=1260063032"},{"taxonomy":"product_cat","embeddable":true,"href":"https:\/\/dev.myindustrial.eu\/lv\/wp-json\/wp\/v2\/product_cat?post=1260063032"},{"taxonomy":"product_tag","embeddable":true,"href":"https:\/\/dev.myindustrial.eu\/lv\/wp-json\/wp\/v2\/product_tag?post=1260063032"}],"curies":[{"name":"wp","href":"https:\/\/api.w.org\/{rel}","templated":true}]}}