{"id":1260063047,"date":"2023-03-10T13:27:37","date_gmt":"2023-03-10T13:27:37","guid":{"rendered":"https:\/\/dev.myindustrial.eu\/shop\/uncategorized\/gessmann-minilever-s17\/"},"modified":"2023-06-16T20:08:01","modified_gmt":"2023-06-16T20:08:01","slug":"gessmann-minilever-s17","status":"publish","type":"product","link":"https:\/\/dev.myindustrial.eu\/lv\/shop\/rupnieciskie-kontrolieri-dzoistiki-un-konsoles\/vadibas-elementi\/gessmann-minilever-s17\/","title":{"rendered":"Maz\u0101 kursorsvira S17"},"content":{"rendered":"","protected":false},"excerpt":{"rendered":"<p>S17 ir ar pirkstiem lietojama kursorsvira, kas paredz\u0113ta elektriskiem un hidrauliskiem pielietojumiem. Ilgsto\u0161u kalpo\u0161anas laiku un augstu uzticam\u012bbu nodro\u0161ina jaun\u0101k\u0101 bezkontakta Hall tehnolo\u0123ija.<\/p>\n<p>Tehniskie dati<br \/>\nMeh\u0101niskais darbm\u016b\u017es 5 miljoni darb\u012bbas ciklu<br \/>\nDarba temperat\u016bra \u221240\u00b0C l\u012bdz +85\u00b0C<br \/>\nAizsardz\u012bbas pak\u0101pe IP67<br \/>\nFunkcion\u0101l\u0101 dro\u0161\u012bba<br \/>\nPLd sader\u012bga (EN ISO 13849, atbilst SIL2 p\u0113c DIN EN IEC 61508)<\/p>\n<p><a href=\"\/wp-content\/uploads\/2023\/03\/minilever-s17-1.pdf\" target=\"_blank\" rel=\"noopener\"><img decoding=\"async\" src=\"\/wp-content\/uploads\/2023\/02\/download-button-lv.svg\" \/><\/a><\/p>\n","protected":false},"featured_media":1260063043,"template":"","meta":[],"product_brand":[],"product_cat":[1317,1327],"product_tag":[],"class_list":{"0":"post-1260063047","1":"product","2":"type-product","3":"status-publish","4":"has-post-thumbnail","6":"product_cat-rupnieciskie-kontrolieri-dzoistiki-un-konsoles","7":"product_cat-vadibas-elementi","9":"first","10":"instock","11":"shipping-taxable","12":"product-type-simple"},"yoast_head":"<!-- This site is optimized with the Yoast SEO plugin v27.1.1 - https:\/\/yoast.com\/product\/yoast-seo-wordpress\/ -->\n<title>Maz\u0101 kursorsvira S17 - My industrial<\/title>\n<meta name=\"robots\" content=\"noindex, follow, max-snippet:-1, max-image-preview:large, max-video-preview:-1\" \/>\n<meta property=\"og:locale\" content=\"lv_LV\" \/>\n<meta property=\"og:type\" content=\"article\" \/>\n<meta property=\"og:title\" content=\"Maz\u0101 kursorsvira S17 - My industrial\" \/>\n<meta property=\"og:description\" content=\"S17 ir ar pirkstiem lietojama kursorsvira, kas paredz\u0113ta elektriskiem un hidrauliskiem pielietojumiem. Ilgsto\u0161u kalpo\u0161anas laiku un augstu uzticam\u012bbu nodro\u0161ina jaun\u0101k\u0101 bezkontakta Hall tehnolo\u0123ija.  Tehniskie dati Meh\u0101niskais darbm\u016b\u017es 5 miljoni darb\u012bbas ciklu Darba temperat\u016bra \u221240\u00b0C l\u012bdz +85\u00b0C Aizsardz\u012bbas pak\u0101pe IP67 Funkcion\u0101l\u0101 dro\u0161\u012bba PLd sader\u012bga (EN ISO 13849, atbilst SIL2 p\u0113c DIN EN IEC 61508)\" \/>\n<meta property=\"og:url\" content=\"https:\/\/dev.myindustrial.eu\/lv\/shop\/rupnieciskie-kontrolieri-dzoistiki-un-konsoles\/vadibas-elementi\/gessmann-minilever-s17\/\" \/>\n<meta property=\"og:site_name\" content=\"My industrial\" \/>\n<meta property=\"article:modified_time\" content=\"2023-06-16T20:08:01+00:00\" \/>\n<meta property=\"og:image\" content=\"https:\/\/dev.myindustrial.eu\/wp-content\/uploads\/2023\/03\/s17.webp\" \/>\n\t<meta property=\"og:image:width\" content=\"1200\" \/>\n\t<meta property=\"og:image:height\" content=\"1215\" \/>\n\t<meta property=\"og:image:type\" content=\"image\/webp\" \/>\n<meta name=\"twitter:card\" content=\"summary_large_image\" \/>\n<script type=\"application\/ld+json\" class=\"yoast-schema-graph\">{\"@context\":\"https:\/\/schema.org\",\"@graph\":[{\"@type\":\"WebPage\",\"@id\":\"https:\/\/dev.myindustrial.eu\/lv\/shop\/rupnieciskie-kontrolieri-dzoistiki-un-konsoles\/vadibas-elementi\/gessmann-minilever-s17\/\",\"url\":\"https:\/\/dev.myindustrial.eu\/lv\/shop\/rupnieciskie-kontrolieri-dzoistiki-un-konsoles\/vadibas-elementi\/gessmann-minilever-s17\/\",\"name\":\"Maz\u0101 kursorsvira S17 - My industrial\",\"isPartOf\":{\"@id\":\"https:\/\/dev.myindustrial.eu\/lv\/#website\"},\"primaryImageOfPage\":{\"@id\":\"https:\/\/dev.myindustrial.eu\/lv\/shop\/rupnieciskie-kontrolieri-dzoistiki-un-konsoles\/vadibas-elementi\/gessmann-minilever-s17\/#primaryimage\"},\"image\":{\"@id\":\"https:\/\/dev.myindustrial.eu\/lv\/shop\/rupnieciskie-kontrolieri-dzoistiki-un-konsoles\/vadibas-elementi\/gessmann-minilever-s17\/#primaryimage\"},\"thumbnailUrl\":\"https:\/\/dev.myindustrial.eu\/wp-content\/uploads\/2023\/03\/s17.webp\",\"datePublished\":\"2023-03-10T13:27:37+00:00\",\"dateModified\":\"2023-06-16T20:08:01+00:00\",\"breadcrumb\":{\"@id\":\"https:\/\/dev.myindustrial.eu\/lv\/shop\/rupnieciskie-kontrolieri-dzoistiki-un-konsoles\/vadibas-elementi\/gessmann-minilever-s17\/#breadcrumb\"},\"inLanguage\":\"lv-LV\",\"potentialAction\":[{\"@type\":\"ReadAction\",\"target\":[\"https:\/\/dev.myindustrial.eu\/lv\/shop\/rupnieciskie-kontrolieri-dzoistiki-un-konsoles\/vadibas-elementi\/gessmann-minilever-s17\/\"]}]},{\"@type\":\"ImageObject\",\"inLanguage\":\"lv-LV\",\"@id\":\"https:\/\/dev.myindustrial.eu\/lv\/shop\/rupnieciskie-kontrolieri-dzoistiki-un-konsoles\/vadibas-elementi\/gessmann-minilever-s17\/#primaryimage\",\"url\":\"https:\/\/dev.myindustrial.eu\/wp-content\/uploads\/2023\/03\/s17.webp\",\"contentUrl\":\"https:\/\/dev.myindustrial.eu\/wp-content\/uploads\/2023\/03\/s17.webp\",\"width\":1200,\"height\":1215},{\"@type\":\"BreadcrumbList\",\"@id\":\"https:\/\/dev.myindustrial.eu\/lv\/shop\/rupnieciskie-kontrolieri-dzoistiki-un-konsoles\/vadibas-elementi\/gessmann-minilever-s17\/#breadcrumb\",\"itemListElement\":[{\"@type\":\"ListItem\",\"position\":1,\"name\":\"Home\",\"item\":\"https:\/\/dev.myindustrial.eu\/lv\/\"},{\"@type\":\"ListItem\",\"position\":2,\"name\":\"Products\",\"item\":\"https:\/\/dev.myindustrial.eu\/lv\/products\/\"},{\"@type\":\"ListItem\",\"position\":3,\"name\":\"Maz\u0101 kursorsvira S17\"}]},{\"@type\":\"WebSite\",\"@id\":\"https:\/\/dev.myindustrial.eu\/lv\/#website\",\"url\":\"https:\/\/dev.myindustrial.eu\/lv\/\",\"name\":\"My industrial\",\"description\":\"\",\"potentialAction\":[{\"@type\":\"SearchAction\",\"target\":{\"@type\":\"EntryPoint\",\"urlTemplate\":\"https:\/\/dev.myindustrial.eu\/lv\/?s={search_term_string}\"},\"query-input\":{\"@type\":\"PropertyValueSpecification\",\"valueRequired\":true,\"valueName\":\"search_term_string\"}}],\"inLanguage\":\"lv-LV\"}]}<\/script>\n<!-- \/ Yoast SEO plugin. -->","yoast_head_json":{"title":"Maz\u0101 kursorsvira S17 - My industrial","robots":{"index":"noindex","follow":"follow","max-snippet":"max-snippet:-1","max-image-preview":"max-image-preview:large","max-video-preview":"max-video-preview:-1"},"og_locale":"lv_LV","og_type":"article","og_title":"Maz\u0101 kursorsvira S17 - My industrial","og_description":"S17 ir ar pirkstiem lietojama kursorsvira, kas paredz\u0113ta elektriskiem un hidrauliskiem pielietojumiem. Ilgsto\u0161u kalpo\u0161anas laiku un augstu uzticam\u012bbu nodro\u0161ina jaun\u0101k\u0101 bezkontakta Hall tehnolo\u0123ija.  Tehniskie dati Meh\u0101niskais darbm\u016b\u017es 5 miljoni darb\u012bbas ciklu Darba temperat\u016bra \u221240\u00b0C l\u012bdz +85\u00b0C Aizsardz\u012bbas pak\u0101pe IP67 Funkcion\u0101l\u0101 dro\u0161\u012bba PLd sader\u012bga (EN ISO 13849, atbilst SIL2 p\u0113c DIN EN IEC 61508)","og_url":"https:\/\/dev.myindustrial.eu\/lv\/shop\/rupnieciskie-kontrolieri-dzoistiki-un-konsoles\/vadibas-elementi\/gessmann-minilever-s17\/","og_site_name":"My industrial","article_modified_time":"2023-06-16T20:08:01+00:00","og_image":[{"width":1200,"height":1215,"url":"https:\/\/dev.myindustrial.eu\/wp-content\/uploads\/2023\/03\/s17.webp","type":"image\/webp"}],"twitter_card":"summary_large_image","schema":{"@context":"https:\/\/schema.org","@graph":[{"@type":"WebPage","@id":"https:\/\/dev.myindustrial.eu\/lv\/shop\/rupnieciskie-kontrolieri-dzoistiki-un-konsoles\/vadibas-elementi\/gessmann-minilever-s17\/","url":"https:\/\/dev.myindustrial.eu\/lv\/shop\/rupnieciskie-kontrolieri-dzoistiki-un-konsoles\/vadibas-elementi\/gessmann-minilever-s17\/","name":"Maz\u0101 kursorsvira S17 - My industrial","isPartOf":{"@id":"https:\/\/dev.myindustrial.eu\/lv\/#website"},"primaryImageOfPage":{"@id":"https:\/\/dev.myindustrial.eu\/lv\/shop\/rupnieciskie-kontrolieri-dzoistiki-un-konsoles\/vadibas-elementi\/gessmann-minilever-s17\/#primaryimage"},"image":{"@id":"https:\/\/dev.myindustrial.eu\/lv\/shop\/rupnieciskie-kontrolieri-dzoistiki-un-konsoles\/vadibas-elementi\/gessmann-minilever-s17\/#primaryimage"},"thumbnailUrl":"https:\/\/dev.myindustrial.eu\/wp-content\/uploads\/2023\/03\/s17.webp","datePublished":"2023-03-10T13:27:37+00:00","dateModified":"2023-06-16T20:08:01+00:00","breadcrumb":{"@id":"https:\/\/dev.myindustrial.eu\/lv\/shop\/rupnieciskie-kontrolieri-dzoistiki-un-konsoles\/vadibas-elementi\/gessmann-minilever-s17\/#breadcrumb"},"inLanguage":"lv-LV","potentialAction":[{"@type":"ReadAction","target":["https:\/\/dev.myindustrial.eu\/lv\/shop\/rupnieciskie-kontrolieri-dzoistiki-un-konsoles\/vadibas-elementi\/gessmann-minilever-s17\/"]}]},{"@type":"ImageObject","inLanguage":"lv-LV","@id":"https:\/\/dev.myindustrial.eu\/lv\/shop\/rupnieciskie-kontrolieri-dzoistiki-un-konsoles\/vadibas-elementi\/gessmann-minilever-s17\/#primaryimage","url":"https:\/\/dev.myindustrial.eu\/wp-content\/uploads\/2023\/03\/s17.webp","contentUrl":"https:\/\/dev.myindustrial.eu\/wp-content\/uploads\/2023\/03\/s17.webp","width":1200,"height":1215},{"@type":"BreadcrumbList","@id":"https:\/\/dev.myindustrial.eu\/lv\/shop\/rupnieciskie-kontrolieri-dzoistiki-un-konsoles\/vadibas-elementi\/gessmann-minilever-s17\/#breadcrumb","itemListElement":[{"@type":"ListItem","position":1,"name":"Home","item":"https:\/\/dev.myindustrial.eu\/lv\/"},{"@type":"ListItem","position":2,"name":"Products","item":"https:\/\/dev.myindustrial.eu\/lv\/products\/"},{"@type":"ListItem","position":3,"name":"Maz\u0101 kursorsvira S17"}]},{"@type":"WebSite","@id":"https:\/\/dev.myindustrial.eu\/lv\/#website","url":"https:\/\/dev.myindustrial.eu\/lv\/","name":"My industrial","description":"","potentialAction":[{"@type":"SearchAction","target":{"@type":"EntryPoint","urlTemplate":"https:\/\/dev.myindustrial.eu\/lv\/?s={search_term_string}"},"query-input":{"@type":"PropertyValueSpecification","valueRequired":true,"valueName":"search_term_string"}}],"inLanguage":"lv-LV"}]}},"_links":{"self":[{"href":"https:\/\/dev.myindustrial.eu\/lv\/wp-json\/wp\/v2\/product\/1260063047","targetHints":{"allow":["GET"]}}],"collection":[{"href":"https:\/\/dev.myindustrial.eu\/lv\/wp-json\/wp\/v2\/product"}],"about":[{"href":"https:\/\/dev.myindustrial.eu\/lv\/wp-json\/wp\/v2\/types\/product"}],"version-history":[{"count":0,"href":"https:\/\/dev.myindustrial.eu\/lv\/wp-json\/wp\/v2\/product\/1260063047\/revisions"}],"wp:featuredmedia":[{"embeddable":true,"href":"https:\/\/dev.myindustrial.eu\/lv\/wp-json\/wp\/v2\/media\/1260063043"}],"wp:attachment":[{"href":"https:\/\/dev.myindustrial.eu\/lv\/wp-json\/wp\/v2\/media?parent=1260063047"}],"wp:term":[{"taxonomy":"product_brand","embeddable":true,"href":"https:\/\/dev.myindustrial.eu\/lv\/wp-json\/wp\/v2\/product_brand?post=1260063047"},{"taxonomy":"product_cat","embeddable":true,"href":"https:\/\/dev.myindustrial.eu\/lv\/wp-json\/wp\/v2\/product_cat?post=1260063047"},{"taxonomy":"product_tag","embeddable":true,"href":"https:\/\/dev.myindustrial.eu\/lv\/wp-json\/wp\/v2\/product_tag?post=1260063047"}],"curies":[{"name":"wp","href":"https:\/\/api.w.org\/{rel}","templated":true}]}}