{"id":1260063062,"date":"2023-03-10T13:37:01","date_gmt":"2023-03-10T13:37:01","guid":{"rendered":"https:\/\/dev.myindustrial.eu\/shop\/uncategorized\/gessmann-display-controller-dc1\/"},"modified":"2023-06-16T20:07:53","modified_gmt":"2023-06-16T20:07:53","slug":"gessmann-display-controller-dc1","status":"publish","type":"product","link":"https:\/\/dev.myindustrial.eu\/lv\/shop\/rupnieciskie-kontrolieri-dzoistiki-un-konsoles\/vadibas-consoles\/gessmann-display-controller-dc1\/","title":{"rendered":"Displeja kontrolieris DC1"},"content":{"rendered":"<p><iframe width=\"560\" height=\"315\" src=\"https:\/\/www.youtube.com\/embed\/7iSu28NLHTk\" frameborder=\"0\" allow=\"accelerometer; autoplay; clipboard-write; encrypted-media; gyroscope; picture-in-picture; web-share\" allowfullscreen><\/iframe><\/p>\n","protected":false},"excerpt":{"rendered":"<p>Displeja kontrolieris DC1 ir iztur\u012bgs CAN kopnes vad\u012bbas bloks HMI displeju vad\u012bbai. Modulis ir paredz\u0113ts lietojumam skarb\u0101 vid\u0113. Pateicoties individu\u0101lajam dizainam un simbolu apgaismojumam, to var integr\u0113t jebkur\u0101 darba koncepcij\u0101.<\/p>\n<p>Tehniskie dati<br \/>\nDarba temperat\u016bra \u221240\u00b0C l\u012bdz +85\u00b0C<br \/>\nAizsardz\u012bbas pak\u0101pe IP67<br \/>\nFunkcijas<br \/>\nDarbojas k\u0101 kursorsvira ar 4 digit\u0101l\u0101m funkcij\u0101m<br \/>\nRot\u0101cijas funkcija 20 atdures punkti<br \/>\nPogas funkcija \u2014 2 pogas<\/p>\n<p><a href=\"\/wp-content\/uploads\/2023\/03\/display-controller-dc1-1.pdf\" target=\"_blank\" rel=\"noopener\"><img decoding=\"async\" src=\"\/wp-content\/uploads\/2023\/02\/download-button-lv.svg\" \/><\/a><\/p>\n","protected":false},"featured_media":1260063058,"template":"","meta":[],"product_brand":[],"product_cat":[1317,1319],"product_tag":[],"class_list":{"0":"post-1260063062","1":"product","2":"type-product","3":"status-publish","4":"has-post-thumbnail","6":"product_cat-rupnieciskie-kontrolieri-dzoistiki-un-konsoles","7":"product_cat-vadibas-consoles","9":"first","10":"instock","11":"shipping-taxable","12":"product-type-simple"},"yoast_head":"<!-- This site is optimized with the Yoast SEO plugin v27.1.1 - https:\/\/yoast.com\/product\/yoast-seo-wordpress\/ -->\n<title>Displeja kontrolieris DC1 - My industrial<\/title>\n<meta name=\"robots\" content=\"noindex, follow, max-snippet:-1, max-image-preview:large, max-video-preview:-1\" \/>\n<meta property=\"og:locale\" content=\"lv_LV\" \/>\n<meta property=\"og:type\" content=\"article\" \/>\n<meta property=\"og:title\" content=\"Displeja kontrolieris DC1 - My industrial\" \/>\n<meta property=\"og:description\" content=\"Displeja kontrolieris DC1 ir iztur\u012bgs CAN kopnes vad\u012bbas bloks HMI displeju vad\u012bbai. Modulis ir paredz\u0113ts lietojumam skarb\u0101 vid\u0113. Pateicoties individu\u0101lajam dizainam un simbolu apgaismojumam, to var integr\u0113t jebkur\u0101 darba koncepcij\u0101.  Tehniskie dati Darba temperat\u016bra \u221240\u00b0C l\u012bdz +85\u00b0C Aizsardz\u012bbas pak\u0101pe IP67 Funkcijas Darbojas k\u0101 kursorsvira ar 4 digit\u0101l\u0101m funkcij\u0101m Rot\u0101cijas funkcija 20 atdures punkti Pogas funkcija \u2014 2 pogas\" \/>\n<meta property=\"og:url\" content=\"https:\/\/dev.myindustrial.eu\/lv\/shop\/rupnieciskie-kontrolieri-dzoistiki-un-konsoles\/vadibas-consoles\/gessmann-display-controller-dc1\/\" \/>\n<meta property=\"og:site_name\" content=\"My industrial\" \/>\n<meta property=\"article:modified_time\" content=\"2023-06-16T20:07:53+00:00\" \/>\n<meta property=\"og:image\" content=\"https:\/\/dev.myindustrial.eu\/wp-content\/uploads\/2023\/03\/dc1.webp\" \/>\n\t<meta property=\"og:image:width\" content=\"917\" \/>\n\t<meta property=\"og:image:height\" content=\"735\" \/>\n\t<meta property=\"og:image:type\" content=\"image\/webp\" \/>\n<meta name=\"twitter:card\" content=\"summary_large_image\" \/>\n<script type=\"application\/ld+json\" class=\"yoast-schema-graph\">{\"@context\":\"https:\/\/schema.org\",\"@graph\":[{\"@type\":\"WebPage\",\"@id\":\"https:\/\/dev.myindustrial.eu\/lv\/shop\/rupnieciskie-kontrolieri-dzoistiki-un-konsoles\/vadibas-consoles\/gessmann-display-controller-dc1\/\",\"url\":\"https:\/\/dev.myindustrial.eu\/lv\/shop\/rupnieciskie-kontrolieri-dzoistiki-un-konsoles\/vadibas-consoles\/gessmann-display-controller-dc1\/\",\"name\":\"Displeja kontrolieris DC1 - My industrial\",\"isPartOf\":{\"@id\":\"https:\/\/dev.myindustrial.eu\/lv\/#website\"},\"primaryImageOfPage\":{\"@id\":\"https:\/\/dev.myindustrial.eu\/lv\/shop\/rupnieciskie-kontrolieri-dzoistiki-un-konsoles\/vadibas-consoles\/gessmann-display-controller-dc1\/#primaryimage\"},\"image\":{\"@id\":\"https:\/\/dev.myindustrial.eu\/lv\/shop\/rupnieciskie-kontrolieri-dzoistiki-un-konsoles\/vadibas-consoles\/gessmann-display-controller-dc1\/#primaryimage\"},\"thumbnailUrl\":\"https:\/\/dev.myindustrial.eu\/wp-content\/uploads\/2023\/03\/dc1.webp\",\"datePublished\":\"2023-03-10T13:37:01+00:00\",\"dateModified\":\"2023-06-16T20:07:53+00:00\",\"breadcrumb\":{\"@id\":\"https:\/\/dev.myindustrial.eu\/lv\/shop\/rupnieciskie-kontrolieri-dzoistiki-un-konsoles\/vadibas-consoles\/gessmann-display-controller-dc1\/#breadcrumb\"},\"inLanguage\":\"lv-LV\",\"potentialAction\":[{\"@type\":\"ReadAction\",\"target\":[\"https:\/\/dev.myindustrial.eu\/lv\/shop\/rupnieciskie-kontrolieri-dzoistiki-un-konsoles\/vadibas-consoles\/gessmann-display-controller-dc1\/\"]}]},{\"@type\":\"ImageObject\",\"inLanguage\":\"lv-LV\",\"@id\":\"https:\/\/dev.myindustrial.eu\/lv\/shop\/rupnieciskie-kontrolieri-dzoistiki-un-konsoles\/vadibas-consoles\/gessmann-display-controller-dc1\/#primaryimage\",\"url\":\"https:\/\/dev.myindustrial.eu\/wp-content\/uploads\/2023\/03\/dc1.webp\",\"contentUrl\":\"https:\/\/dev.myindustrial.eu\/wp-content\/uploads\/2023\/03\/dc1.webp\",\"width\":917,\"height\":735},{\"@type\":\"BreadcrumbList\",\"@id\":\"https:\/\/dev.myindustrial.eu\/lv\/shop\/rupnieciskie-kontrolieri-dzoistiki-un-konsoles\/vadibas-consoles\/gessmann-display-controller-dc1\/#breadcrumb\",\"itemListElement\":[{\"@type\":\"ListItem\",\"position\":1,\"name\":\"Home\",\"item\":\"https:\/\/dev.myindustrial.eu\/lv\/\"},{\"@type\":\"ListItem\",\"position\":2,\"name\":\"Products\",\"item\":\"https:\/\/dev.myindustrial.eu\/lv\/products\/\"},{\"@type\":\"ListItem\",\"position\":3,\"name\":\"Displeja kontrolieris DC1\"}]},{\"@type\":\"WebSite\",\"@id\":\"https:\/\/dev.myindustrial.eu\/lv\/#website\",\"url\":\"https:\/\/dev.myindustrial.eu\/lv\/\",\"name\":\"My industrial\",\"description\":\"\",\"potentialAction\":[{\"@type\":\"SearchAction\",\"target\":{\"@type\":\"EntryPoint\",\"urlTemplate\":\"https:\/\/dev.myindustrial.eu\/lv\/?s={search_term_string}\"},\"query-input\":{\"@type\":\"PropertyValueSpecification\",\"valueRequired\":true,\"valueName\":\"search_term_string\"}}],\"inLanguage\":\"lv-LV\"}]}<\/script>\n<!-- \/ Yoast SEO plugin. -->","yoast_head_json":{"title":"Displeja kontrolieris DC1 - My industrial","robots":{"index":"noindex","follow":"follow","max-snippet":"max-snippet:-1","max-image-preview":"max-image-preview:large","max-video-preview":"max-video-preview:-1"},"og_locale":"lv_LV","og_type":"article","og_title":"Displeja kontrolieris DC1 - My industrial","og_description":"Displeja kontrolieris DC1 ir iztur\u012bgs CAN kopnes vad\u012bbas bloks HMI displeju vad\u012bbai. Modulis ir paredz\u0113ts lietojumam skarb\u0101 vid\u0113. Pateicoties individu\u0101lajam dizainam un simbolu apgaismojumam, to var integr\u0113t jebkur\u0101 darba koncepcij\u0101.  Tehniskie dati Darba temperat\u016bra \u221240\u00b0C l\u012bdz +85\u00b0C Aizsardz\u012bbas pak\u0101pe IP67 Funkcijas Darbojas k\u0101 kursorsvira ar 4 digit\u0101l\u0101m funkcij\u0101m Rot\u0101cijas funkcija 20 atdures punkti Pogas funkcija \u2014 2 pogas","og_url":"https:\/\/dev.myindustrial.eu\/lv\/shop\/rupnieciskie-kontrolieri-dzoistiki-un-konsoles\/vadibas-consoles\/gessmann-display-controller-dc1\/","og_site_name":"My industrial","article_modified_time":"2023-06-16T20:07:53+00:00","og_image":[{"width":917,"height":735,"url":"https:\/\/dev.myindustrial.eu\/wp-content\/uploads\/2023\/03\/dc1.webp","type":"image\/webp"}],"twitter_card":"summary_large_image","schema":{"@context":"https:\/\/schema.org","@graph":[{"@type":"WebPage","@id":"https:\/\/dev.myindustrial.eu\/lv\/shop\/rupnieciskie-kontrolieri-dzoistiki-un-konsoles\/vadibas-consoles\/gessmann-display-controller-dc1\/","url":"https:\/\/dev.myindustrial.eu\/lv\/shop\/rupnieciskie-kontrolieri-dzoistiki-un-konsoles\/vadibas-consoles\/gessmann-display-controller-dc1\/","name":"Displeja kontrolieris DC1 - My industrial","isPartOf":{"@id":"https:\/\/dev.myindustrial.eu\/lv\/#website"},"primaryImageOfPage":{"@id":"https:\/\/dev.myindustrial.eu\/lv\/shop\/rupnieciskie-kontrolieri-dzoistiki-un-konsoles\/vadibas-consoles\/gessmann-display-controller-dc1\/#primaryimage"},"image":{"@id":"https:\/\/dev.myindustrial.eu\/lv\/shop\/rupnieciskie-kontrolieri-dzoistiki-un-konsoles\/vadibas-consoles\/gessmann-display-controller-dc1\/#primaryimage"},"thumbnailUrl":"https:\/\/dev.myindustrial.eu\/wp-content\/uploads\/2023\/03\/dc1.webp","datePublished":"2023-03-10T13:37:01+00:00","dateModified":"2023-06-16T20:07:53+00:00","breadcrumb":{"@id":"https:\/\/dev.myindustrial.eu\/lv\/shop\/rupnieciskie-kontrolieri-dzoistiki-un-konsoles\/vadibas-consoles\/gessmann-display-controller-dc1\/#breadcrumb"},"inLanguage":"lv-LV","potentialAction":[{"@type":"ReadAction","target":["https:\/\/dev.myindustrial.eu\/lv\/shop\/rupnieciskie-kontrolieri-dzoistiki-un-konsoles\/vadibas-consoles\/gessmann-display-controller-dc1\/"]}]},{"@type":"ImageObject","inLanguage":"lv-LV","@id":"https:\/\/dev.myindustrial.eu\/lv\/shop\/rupnieciskie-kontrolieri-dzoistiki-un-konsoles\/vadibas-consoles\/gessmann-display-controller-dc1\/#primaryimage","url":"https:\/\/dev.myindustrial.eu\/wp-content\/uploads\/2023\/03\/dc1.webp","contentUrl":"https:\/\/dev.myindustrial.eu\/wp-content\/uploads\/2023\/03\/dc1.webp","width":917,"height":735},{"@type":"BreadcrumbList","@id":"https:\/\/dev.myindustrial.eu\/lv\/shop\/rupnieciskie-kontrolieri-dzoistiki-un-konsoles\/vadibas-consoles\/gessmann-display-controller-dc1\/#breadcrumb","itemListElement":[{"@type":"ListItem","position":1,"name":"Home","item":"https:\/\/dev.myindustrial.eu\/lv\/"},{"@type":"ListItem","position":2,"name":"Products","item":"https:\/\/dev.myindustrial.eu\/lv\/products\/"},{"@type":"ListItem","position":3,"name":"Displeja kontrolieris DC1"}]},{"@type":"WebSite","@id":"https:\/\/dev.myindustrial.eu\/lv\/#website","url":"https:\/\/dev.myindustrial.eu\/lv\/","name":"My industrial","description":"","potentialAction":[{"@type":"SearchAction","target":{"@type":"EntryPoint","urlTemplate":"https:\/\/dev.myindustrial.eu\/lv\/?s={search_term_string}"},"query-input":{"@type":"PropertyValueSpecification","valueRequired":true,"valueName":"search_term_string"}}],"inLanguage":"lv-LV"}]}},"_links":{"self":[{"href":"https:\/\/dev.myindustrial.eu\/lv\/wp-json\/wp\/v2\/product\/1260063062","targetHints":{"allow":["GET"]}}],"collection":[{"href":"https:\/\/dev.myindustrial.eu\/lv\/wp-json\/wp\/v2\/product"}],"about":[{"href":"https:\/\/dev.myindustrial.eu\/lv\/wp-json\/wp\/v2\/types\/product"}],"version-history":[{"count":0,"href":"https:\/\/dev.myindustrial.eu\/lv\/wp-json\/wp\/v2\/product\/1260063062\/revisions"}],"wp:featuredmedia":[{"embeddable":true,"href":"https:\/\/dev.myindustrial.eu\/lv\/wp-json\/wp\/v2\/media\/1260063058"}],"wp:attachment":[{"href":"https:\/\/dev.myindustrial.eu\/lv\/wp-json\/wp\/v2\/media?parent=1260063062"}],"wp:term":[{"taxonomy":"product_brand","embeddable":true,"href":"https:\/\/dev.myindustrial.eu\/lv\/wp-json\/wp\/v2\/product_brand?post=1260063062"},{"taxonomy":"product_cat","embeddable":true,"href":"https:\/\/dev.myindustrial.eu\/lv\/wp-json\/wp\/v2\/product_cat?post=1260063062"},{"taxonomy":"product_tag","embeddable":true,"href":"https:\/\/dev.myindustrial.eu\/lv\/wp-json\/wp\/v2\/product_tag?post=1260063062"}],"curies":[{"name":"wp","href":"https:\/\/api.w.org\/{rel}","templated":true}]}}