{"id":1260063092,"date":"2023-03-10T13:52:54","date_gmt":"2023-03-10T13:52:54","guid":{"rendered":"https:\/\/dev.myindustrial.eu\/shop\/uncategorized\/gessmann-touch-display-td1\/"},"modified":"2023-06-16T20:07:53","modified_gmt":"2023-06-16T20:07:53","slug":"gessmann-touch-display-td1","status":"publish","type":"product","link":"https:\/\/dev.myindustrial.eu\/lv\/shop\/rupnieciskie-kontrolieri-dzoistiki-un-konsoles\/vadibas-consoles\/gessmann-touch-display-td1\/","title":{"rendered":"Sk\u0101rienjut\u012bgs displejs TD1"},"content":{"rendered":"","protected":false},"excerpt":{"rendered":"<p>Sk\u0101rienjut\u012bgais displejs TD1 ir izstr\u0101d\u0101ts lieto\u0161anai darba ma\u0161\u012bn\u0101s. Tas ir pieejams 7&#8243; un 10,1&#8243; versij\u0101s. To var viegli integr\u0113t ma\u0161\u012bn\u0101, izmantojot CAN kopnes saskarni. Pateicoties pla\u0161ajam las\u012b\u0161anas le\u0146\u0137im un lielajam spilgtumam, optim\u0101la las\u0101m\u012bba ir garant\u0113ta pat sare\u017e\u0123\u012btos apgaismojuma apst\u0101k\u013cos.<\/p>\n<p>Tehnisk\u0101 inform\u0101cija<br \/>\nSkata le\u0146\u0137is +\/\u221285\u00b0<br \/>\nKr\u0101su dzi\u013cums 24 bitu<br \/>\nKontrasta attiec\u012bba 1000:1<br \/>\nSpilgtuma tips 850cd\/m\u00b2<br \/>\nSpilgtuma regul\u0113\u0161ana 16 so\u013cos<br \/>\nKapacitat\u012bvs sk\u0101rienjut\u012bgs panelis<br \/>\n4 kodolu procesors ARM A35 1,2 GHz, 2 GB RAM<br \/>\nCAN kopnes saskarne<br \/>\neMMC 8 GB iek\u0161\u0113jais<br \/>\nIntegr\u0113ts sign\u0101lska\u013crunis, stereo \u0101r\u0113j\u0101 austi\u0146u izeja (automobi\u013ca ska\u013cru\u0146iem ar pastiprin\u0101t\u0101ju)<br \/>\n\u0100trgaitas USB B 2.0, 1500 mA maksim\u0101l\u0101 uzl\u0101des str\u0101va<br \/>\nBezvadu datu p\u0101rs\u016bt\u012b\u0161ana ar Bluetooth 4.0 vai Bluethooth 5.0<br \/>\nGaismas sensors<br \/>\nBaro\u0161anas spriegums no 7 l\u012bdz 32 V l\u012bdzstr\u0101va<br \/>\n2 digit\u0101l\u0101s izejas maks. str\u0101va 2A<br \/>\n5 digit\u0101l\u0101s ieejas un aizdedzes ieeja<br \/>\nIek\u0161\u0113jais re\u0101l\u0101 laika pulkstenis<br \/>\nAizsardz\u012bbas klase IP68<br \/>\nJau instal\u0113ts Linux distribut\u012bvs ar visiem nepiecie\u0161amajiem draiveriem<br \/>\nProfesion\u0101lu lietot\u0101ja saskarni var programm\u0113t ar Qt bibliot\u0113ku (LGPL)<\/p>\n<p><a href=\"\/wp-content\/uploads\/2023\/03\/touch-display-td1-1.pdf\" target=\"_blank\" rel=\"noopener\"><img decoding=\"async\" src=\"\/wp-content\/uploads\/2023\/02\/download-button-lv.svg\" \/><\/a><\/p>\n","protected":false},"featured_media":1260063088,"template":"","meta":[],"product_brand":[],"product_cat":[1317,1319],"product_tag":[],"class_list":{"0":"post-1260063092","1":"product","2":"type-product","3":"status-publish","4":"has-post-thumbnail","6":"product_cat-rupnieciskie-kontrolieri-dzoistiki-un-konsoles","7":"product_cat-vadibas-consoles","9":"first","10":"instock","11":"shipping-taxable","12":"product-type-simple"},"yoast_head":"<!-- This site is optimized with the Yoast SEO plugin v27.1.1 - https:\/\/yoast.com\/product\/yoast-seo-wordpress\/ -->\n<title>Sk\u0101rienjut\u012bgs displejs TD1 - My industrial<\/title>\n<meta name=\"robots\" content=\"noindex, follow, max-snippet:-1, max-image-preview:large, max-video-preview:-1\" \/>\n<meta property=\"og:locale\" content=\"lv_LV\" \/>\n<meta property=\"og:type\" content=\"article\" \/>\n<meta property=\"og:title\" content=\"Sk\u0101rienjut\u012bgs displejs TD1 - My industrial\" \/>\n<meta property=\"og:description\" content=\"Sk\u0101rienjut\u012bgais displejs TD1 ir izstr\u0101d\u0101ts lieto\u0161anai darba ma\u0161\u012bn\u0101s. Tas ir pieejams 7&quot; un 10,1&quot; versij\u0101s. To var viegli integr\u0113t ma\u0161\u012bn\u0101, izmantojot CAN kopnes saskarni. Pateicoties pla\u0161ajam las\u012b\u0161anas le\u0146\u0137im un lielajam spilgtumam, optim\u0101la las\u0101m\u012bba ir garant\u0113ta pat sare\u017e\u0123\u012btos apgaismojuma apst\u0101k\u013cos.  Tehnisk\u0101 inform\u0101cija Skata le\u0146\u0137is +\/\u221285\u00b0 Kr\u0101su dzi\u013cums 24 bitu Kontrasta attiec\u012bba 1000:1 Spilgtuma tips 850cd\/m\u00b2 Spilgtuma regul\u0113\u0161ana 16 so\u013cos Kapacitat\u012bvs sk\u0101rienjut\u012bgs panelis 4 kodolu procesors ARM A35 1,2 GHz, 2 GB RAM CAN kopnes saskarne eMMC 8 GB iek\u0161\u0113jais Integr\u0113ts sign\u0101lska\u013crunis, stereo \u0101r\u0113j\u0101 austi\u0146u izeja (automobi\u013ca ska\u013cru\u0146iem ar pastiprin\u0101t\u0101ju) \u0100trgaitas USB B 2.0, 1500 mA maksim\u0101l\u0101 uzl\u0101des str\u0101va Bezvadu datu p\u0101rs\u016bt\u012b\u0161ana ar Bluetooth 4.0 vai Bluethooth 5.0 Gaismas sensors Baro\u0161anas spriegums no 7 l\u012bdz 32 V l\u012bdzstr\u0101va 2 digit\u0101l\u0101s izejas maks. str\u0101va 2A 5 digit\u0101l\u0101s ieejas un aizdedzes ieeja Iek\u0161\u0113jais re\u0101l\u0101 laika pulkstenis Aizsardz\u012bbas klase IP68 Jau instal\u0113ts Linux distribut\u012bvs ar visiem nepiecie\u0161amajiem draiveriem Profesion\u0101lu lietot\u0101ja saskarni var programm\u0113t ar Qt bibliot\u0113ku (LGPL)\" \/>\n<meta property=\"og:url\" content=\"https:\/\/dev.myindustrial.eu\/lv\/shop\/rupnieciskie-kontrolieri-dzoistiki-un-konsoles\/vadibas-consoles\/gessmann-touch-display-td1\/\" \/>\n<meta property=\"og:site_name\" content=\"My industrial\" \/>\n<meta property=\"article:modified_time\" content=\"2023-06-16T20:07:53+00:00\" \/>\n<meta property=\"og:image\" content=\"https:\/\/dev.myindustrial.eu\/wp-content\/uploads\/2023\/03\/td1.webp\" \/>\n\t<meta property=\"og:image:width\" content=\"1200\" \/>\n\t<meta property=\"og:image:height\" content=\"900\" \/>\n\t<meta property=\"og:image:type\" content=\"image\/webp\" \/>\n<meta name=\"twitter:card\" content=\"summary_large_image\" \/>\n<script type=\"application\/ld+json\" class=\"yoast-schema-graph\">{\"@context\":\"https:\/\/schema.org\",\"@graph\":[{\"@type\":\"WebPage\",\"@id\":\"https:\/\/dev.myindustrial.eu\/lv\/shop\/rupnieciskie-kontrolieri-dzoistiki-un-konsoles\/vadibas-consoles\/gessmann-touch-display-td1\/\",\"url\":\"https:\/\/dev.myindustrial.eu\/lv\/shop\/rupnieciskie-kontrolieri-dzoistiki-un-konsoles\/vadibas-consoles\/gessmann-touch-display-td1\/\",\"name\":\"Sk\u0101rienjut\u012bgs displejs TD1 - My industrial\",\"isPartOf\":{\"@id\":\"https:\/\/dev.myindustrial.eu\/lv\/#website\"},\"primaryImageOfPage\":{\"@id\":\"https:\/\/dev.myindustrial.eu\/lv\/shop\/rupnieciskie-kontrolieri-dzoistiki-un-konsoles\/vadibas-consoles\/gessmann-touch-display-td1\/#primaryimage\"},\"image\":{\"@id\":\"https:\/\/dev.myindustrial.eu\/lv\/shop\/rupnieciskie-kontrolieri-dzoistiki-un-konsoles\/vadibas-consoles\/gessmann-touch-display-td1\/#primaryimage\"},\"thumbnailUrl\":\"https:\/\/dev.myindustrial.eu\/wp-content\/uploads\/2023\/03\/td1.webp\",\"datePublished\":\"2023-03-10T13:52:54+00:00\",\"dateModified\":\"2023-06-16T20:07:53+00:00\",\"breadcrumb\":{\"@id\":\"https:\/\/dev.myindustrial.eu\/lv\/shop\/rupnieciskie-kontrolieri-dzoistiki-un-konsoles\/vadibas-consoles\/gessmann-touch-display-td1\/#breadcrumb\"},\"inLanguage\":\"lv-LV\",\"potentialAction\":[{\"@type\":\"ReadAction\",\"target\":[\"https:\/\/dev.myindustrial.eu\/lv\/shop\/rupnieciskie-kontrolieri-dzoistiki-un-konsoles\/vadibas-consoles\/gessmann-touch-display-td1\/\"]}]},{\"@type\":\"ImageObject\",\"inLanguage\":\"lv-LV\",\"@id\":\"https:\/\/dev.myindustrial.eu\/lv\/shop\/rupnieciskie-kontrolieri-dzoistiki-un-konsoles\/vadibas-consoles\/gessmann-touch-display-td1\/#primaryimage\",\"url\":\"https:\/\/dev.myindustrial.eu\/wp-content\/uploads\/2023\/03\/td1.webp\",\"contentUrl\":\"https:\/\/dev.myindustrial.eu\/wp-content\/uploads\/2023\/03\/td1.webp\",\"width\":1200,\"height\":900},{\"@type\":\"BreadcrumbList\",\"@id\":\"https:\/\/dev.myindustrial.eu\/lv\/shop\/rupnieciskie-kontrolieri-dzoistiki-un-konsoles\/vadibas-consoles\/gessmann-touch-display-td1\/#breadcrumb\",\"itemListElement\":[{\"@type\":\"ListItem\",\"position\":1,\"name\":\"Home\",\"item\":\"https:\/\/dev.myindustrial.eu\/lv\/\"},{\"@type\":\"ListItem\",\"position\":2,\"name\":\"Products\",\"item\":\"https:\/\/dev.myindustrial.eu\/lv\/products\/\"},{\"@type\":\"ListItem\",\"position\":3,\"name\":\"Sk\u0101rienjut\u012bgs displejs TD1\"}]},{\"@type\":\"WebSite\",\"@id\":\"https:\/\/dev.myindustrial.eu\/lv\/#website\",\"url\":\"https:\/\/dev.myindustrial.eu\/lv\/\",\"name\":\"My industrial\",\"description\":\"\",\"potentialAction\":[{\"@type\":\"SearchAction\",\"target\":{\"@type\":\"EntryPoint\",\"urlTemplate\":\"https:\/\/dev.myindustrial.eu\/lv\/?s={search_term_string}\"},\"query-input\":{\"@type\":\"PropertyValueSpecification\",\"valueRequired\":true,\"valueName\":\"search_term_string\"}}],\"inLanguage\":\"lv-LV\"}]}<\/script>\n<!-- \/ Yoast SEO plugin. -->","yoast_head_json":{"title":"Sk\u0101rienjut\u012bgs displejs TD1 - My industrial","robots":{"index":"noindex","follow":"follow","max-snippet":"max-snippet:-1","max-image-preview":"max-image-preview:large","max-video-preview":"max-video-preview:-1"},"og_locale":"lv_LV","og_type":"article","og_title":"Sk\u0101rienjut\u012bgs displejs TD1 - My industrial","og_description":"Sk\u0101rienjut\u012bgais displejs TD1 ir izstr\u0101d\u0101ts lieto\u0161anai darba ma\u0161\u012bn\u0101s. Tas ir pieejams 7\" un 10,1\" versij\u0101s. To var viegli integr\u0113t ma\u0161\u012bn\u0101, izmantojot CAN kopnes saskarni. Pateicoties pla\u0161ajam las\u012b\u0161anas le\u0146\u0137im un lielajam spilgtumam, optim\u0101la las\u0101m\u012bba ir garant\u0113ta pat sare\u017e\u0123\u012btos apgaismojuma apst\u0101k\u013cos.  Tehnisk\u0101 inform\u0101cija Skata le\u0146\u0137is +\/\u221285\u00b0 Kr\u0101su dzi\u013cums 24 bitu Kontrasta attiec\u012bba 1000:1 Spilgtuma tips 850cd\/m\u00b2 Spilgtuma regul\u0113\u0161ana 16 so\u013cos Kapacitat\u012bvs sk\u0101rienjut\u012bgs panelis 4 kodolu procesors ARM A35 1,2 GHz, 2 GB RAM CAN kopnes saskarne eMMC 8 GB iek\u0161\u0113jais Integr\u0113ts sign\u0101lska\u013crunis, stereo \u0101r\u0113j\u0101 austi\u0146u izeja (automobi\u013ca ska\u013cru\u0146iem ar pastiprin\u0101t\u0101ju) \u0100trgaitas USB B 2.0, 1500 mA maksim\u0101l\u0101 uzl\u0101des str\u0101va Bezvadu datu p\u0101rs\u016bt\u012b\u0161ana ar Bluetooth 4.0 vai Bluethooth 5.0 Gaismas sensors Baro\u0161anas spriegums no 7 l\u012bdz 32 V l\u012bdzstr\u0101va 2 digit\u0101l\u0101s izejas maks. str\u0101va 2A 5 digit\u0101l\u0101s ieejas un aizdedzes ieeja Iek\u0161\u0113jais re\u0101l\u0101 laika pulkstenis Aizsardz\u012bbas klase IP68 Jau instal\u0113ts Linux distribut\u012bvs ar visiem nepiecie\u0161amajiem draiveriem Profesion\u0101lu lietot\u0101ja saskarni var programm\u0113t ar Qt bibliot\u0113ku (LGPL)","og_url":"https:\/\/dev.myindustrial.eu\/lv\/shop\/rupnieciskie-kontrolieri-dzoistiki-un-konsoles\/vadibas-consoles\/gessmann-touch-display-td1\/","og_site_name":"My industrial","article_modified_time":"2023-06-16T20:07:53+00:00","og_image":[{"width":1200,"height":900,"url":"https:\/\/dev.myindustrial.eu\/wp-content\/uploads\/2023\/03\/td1.webp","type":"image\/webp"}],"twitter_card":"summary_large_image","schema":{"@context":"https:\/\/schema.org","@graph":[{"@type":"WebPage","@id":"https:\/\/dev.myindustrial.eu\/lv\/shop\/rupnieciskie-kontrolieri-dzoistiki-un-konsoles\/vadibas-consoles\/gessmann-touch-display-td1\/","url":"https:\/\/dev.myindustrial.eu\/lv\/shop\/rupnieciskie-kontrolieri-dzoistiki-un-konsoles\/vadibas-consoles\/gessmann-touch-display-td1\/","name":"Sk\u0101rienjut\u012bgs displejs TD1 - My industrial","isPartOf":{"@id":"https:\/\/dev.myindustrial.eu\/lv\/#website"},"primaryImageOfPage":{"@id":"https:\/\/dev.myindustrial.eu\/lv\/shop\/rupnieciskie-kontrolieri-dzoistiki-un-konsoles\/vadibas-consoles\/gessmann-touch-display-td1\/#primaryimage"},"image":{"@id":"https:\/\/dev.myindustrial.eu\/lv\/shop\/rupnieciskie-kontrolieri-dzoistiki-un-konsoles\/vadibas-consoles\/gessmann-touch-display-td1\/#primaryimage"},"thumbnailUrl":"https:\/\/dev.myindustrial.eu\/wp-content\/uploads\/2023\/03\/td1.webp","datePublished":"2023-03-10T13:52:54+00:00","dateModified":"2023-06-16T20:07:53+00:00","breadcrumb":{"@id":"https:\/\/dev.myindustrial.eu\/lv\/shop\/rupnieciskie-kontrolieri-dzoistiki-un-konsoles\/vadibas-consoles\/gessmann-touch-display-td1\/#breadcrumb"},"inLanguage":"lv-LV","potentialAction":[{"@type":"ReadAction","target":["https:\/\/dev.myindustrial.eu\/lv\/shop\/rupnieciskie-kontrolieri-dzoistiki-un-konsoles\/vadibas-consoles\/gessmann-touch-display-td1\/"]}]},{"@type":"ImageObject","inLanguage":"lv-LV","@id":"https:\/\/dev.myindustrial.eu\/lv\/shop\/rupnieciskie-kontrolieri-dzoistiki-un-konsoles\/vadibas-consoles\/gessmann-touch-display-td1\/#primaryimage","url":"https:\/\/dev.myindustrial.eu\/wp-content\/uploads\/2023\/03\/td1.webp","contentUrl":"https:\/\/dev.myindustrial.eu\/wp-content\/uploads\/2023\/03\/td1.webp","width":1200,"height":900},{"@type":"BreadcrumbList","@id":"https:\/\/dev.myindustrial.eu\/lv\/shop\/rupnieciskie-kontrolieri-dzoistiki-un-konsoles\/vadibas-consoles\/gessmann-touch-display-td1\/#breadcrumb","itemListElement":[{"@type":"ListItem","position":1,"name":"Home","item":"https:\/\/dev.myindustrial.eu\/lv\/"},{"@type":"ListItem","position":2,"name":"Products","item":"https:\/\/dev.myindustrial.eu\/lv\/products\/"},{"@type":"ListItem","position":3,"name":"Sk\u0101rienjut\u012bgs displejs TD1"}]},{"@type":"WebSite","@id":"https:\/\/dev.myindustrial.eu\/lv\/#website","url":"https:\/\/dev.myindustrial.eu\/lv\/","name":"My industrial","description":"","potentialAction":[{"@type":"SearchAction","target":{"@type":"EntryPoint","urlTemplate":"https:\/\/dev.myindustrial.eu\/lv\/?s={search_term_string}"},"query-input":{"@type":"PropertyValueSpecification","valueRequired":true,"valueName":"search_term_string"}}],"inLanguage":"lv-LV"}]}},"_links":{"self":[{"href":"https:\/\/dev.myindustrial.eu\/lv\/wp-json\/wp\/v2\/product\/1260063092","targetHints":{"allow":["GET"]}}],"collection":[{"href":"https:\/\/dev.myindustrial.eu\/lv\/wp-json\/wp\/v2\/product"}],"about":[{"href":"https:\/\/dev.myindustrial.eu\/lv\/wp-json\/wp\/v2\/types\/product"}],"version-history":[{"count":0,"href":"https:\/\/dev.myindustrial.eu\/lv\/wp-json\/wp\/v2\/product\/1260063092\/revisions"}],"wp:featuredmedia":[{"embeddable":true,"href":"https:\/\/dev.myindustrial.eu\/lv\/wp-json\/wp\/v2\/media\/1260063088"}],"wp:attachment":[{"href":"https:\/\/dev.myindustrial.eu\/lv\/wp-json\/wp\/v2\/media?parent=1260063092"}],"wp:term":[{"taxonomy":"product_brand","embeddable":true,"href":"https:\/\/dev.myindustrial.eu\/lv\/wp-json\/wp\/v2\/product_brand?post=1260063092"},{"taxonomy":"product_cat","embeddable":true,"href":"https:\/\/dev.myindustrial.eu\/lv\/wp-json\/wp\/v2\/product_cat?post=1260063092"},{"taxonomy":"product_tag","embeddable":true,"href":"https:\/\/dev.myindustrial.eu\/lv\/wp-json\/wp\/v2\/product_tag?post=1260063092"}],"curies":[{"name":"wp","href":"https:\/\/api.w.org\/{rel}","templated":true}]}}