{"id":1260063107,"date":"2023-03-10T14:11:22","date_gmt":"2023-03-10T14:11:22","guid":{"rendered":"https:\/\/dev.myindustrial.eu\/shop\/uncategorized\/gessmann-traversing-unit-lk3\/"},"modified":"2023-06-16T20:07:53","modified_gmt":"2023-06-16T20:07:53","slug":"gessmann-traversing-unit-lk3","status":"publish","type":"product","link":"https:\/\/dev.myindustrial.eu\/lv\/shop\/rupnieciskie-kontrolieri-dzoistiki-un-konsoles\/vadibas-consoles\/gessmann-traversing-unit-lk3\/","title":{"rendered":"P\u0101rvieto\u0161anas ier\u012bce LK3"},"content":{"rendered":"","protected":false},"excerpt":{"rendered":"<p>LK 3 manu\u0101lo p\u0101rvieto\u0161anas ier\u012bci var izmantot k\u0101 papildapr\u012bkojumu m\u016bsu vad\u012bbas blokam KST31. P\u0101rvieto\u0161anas ier\u012bci un pagrieziena ier\u012bci var \u0113rti atblo\u0137\u0113t ar vienu sviru. Ir pieejama gr\u012bd\u0101 ieb\u016bv\u0113jama un uz gr\u012bdas uzst\u0101d\u0101ma versija.<\/p>\n<p>Virsmas apstr\u0101de:<br \/>\nGruntskr\u0101sa un virs\u0113jais p\u0101rkl\u0101jums ar tekst\u016bru<br \/>\nStandarta kr\u0101sa RAL 9011 melna vai 7035 gai\u0161i pel\u0113ka<\/p>\n<p><a href=\"\/wp-content\/uploads\/2023\/03\/traversing-unit-lk3-1.pdf\" target=\"_blank\" rel=\"noopener\"><img decoding=\"async\" src=\"\/wp-content\/uploads\/2023\/02\/download-button-lv.svg\" \/><\/a><\/p>\n","protected":false},"featured_media":1260063103,"template":"","meta":[],"product_brand":[],"product_cat":[1317,1319],"product_tag":[],"class_list":{"0":"post-1260063107","1":"product","2":"type-product","3":"status-publish","4":"has-post-thumbnail","6":"product_cat-rupnieciskie-kontrolieri-dzoistiki-un-konsoles","7":"product_cat-vadibas-consoles","9":"first","10":"instock","11":"shipping-taxable","12":"product-type-simple"},"yoast_head":"<!-- This site is optimized with the Yoast SEO plugin v27.1.1 - https:\/\/yoast.com\/product\/yoast-seo-wordpress\/ -->\n<title>P\u0101rvieto\u0161anas ier\u012bce LK3 - My industrial<\/title>\n<meta name=\"robots\" content=\"noindex, follow, max-snippet:-1, max-image-preview:large, max-video-preview:-1\" \/>\n<meta property=\"og:locale\" content=\"lv_LV\" \/>\n<meta property=\"og:type\" content=\"article\" \/>\n<meta property=\"og:title\" content=\"P\u0101rvieto\u0161anas ier\u012bce LK3 - My industrial\" \/>\n<meta property=\"og:description\" content=\"LK 3 manu\u0101lo p\u0101rvieto\u0161anas ier\u012bci var izmantot k\u0101 papildapr\u012bkojumu m\u016bsu vad\u012bbas blokam KST31. P\u0101rvieto\u0161anas ier\u012bci un pagrieziena ier\u012bci var \u0113rti atblo\u0137\u0113t ar vienu sviru. Ir pieejama gr\u012bd\u0101 ieb\u016bv\u0113jama un uz gr\u012bdas uzst\u0101d\u0101ma versija.  Virsmas apstr\u0101de: Gruntskr\u0101sa un virs\u0113jais p\u0101rkl\u0101jums ar tekst\u016bru Standarta kr\u0101sa RAL 9011 melna vai 7035 gai\u0161i pel\u0113ka\" \/>\n<meta property=\"og:url\" content=\"https:\/\/dev.myindustrial.eu\/lv\/shop\/rupnieciskie-kontrolieri-dzoistiki-un-konsoles\/vadibas-consoles\/gessmann-traversing-unit-lk3\/\" \/>\n<meta property=\"og:site_name\" content=\"My industrial\" \/>\n<meta property=\"article:modified_time\" content=\"2023-06-16T20:07:53+00:00\" \/>\n<meta property=\"og:image\" content=\"https:\/\/dev.myindustrial.eu\/wp-content\/uploads\/2023\/03\/lk3.webp\" \/>\n\t<meta property=\"og:image:width\" content=\"2646\" \/>\n\t<meta property=\"og:image:height\" content=\"2160\" \/>\n\t<meta property=\"og:image:type\" content=\"image\/webp\" \/>\n<meta name=\"twitter:card\" content=\"summary_large_image\" \/>\n<script type=\"application\/ld+json\" class=\"yoast-schema-graph\">{\"@context\":\"https:\/\/schema.org\",\"@graph\":[{\"@type\":\"WebPage\",\"@id\":\"https:\/\/dev.myindustrial.eu\/lv\/shop\/rupnieciskie-kontrolieri-dzoistiki-un-konsoles\/vadibas-consoles\/gessmann-traversing-unit-lk3\/\",\"url\":\"https:\/\/dev.myindustrial.eu\/lv\/shop\/rupnieciskie-kontrolieri-dzoistiki-un-konsoles\/vadibas-consoles\/gessmann-traversing-unit-lk3\/\",\"name\":\"P\u0101rvieto\u0161anas ier\u012bce LK3 - My industrial\",\"isPartOf\":{\"@id\":\"https:\/\/dev.myindustrial.eu\/lv\/#website\"},\"primaryImageOfPage\":{\"@id\":\"https:\/\/dev.myindustrial.eu\/lv\/shop\/rupnieciskie-kontrolieri-dzoistiki-un-konsoles\/vadibas-consoles\/gessmann-traversing-unit-lk3\/#primaryimage\"},\"image\":{\"@id\":\"https:\/\/dev.myindustrial.eu\/lv\/shop\/rupnieciskie-kontrolieri-dzoistiki-un-konsoles\/vadibas-consoles\/gessmann-traversing-unit-lk3\/#primaryimage\"},\"thumbnailUrl\":\"https:\/\/dev.myindustrial.eu\/wp-content\/uploads\/2023\/03\/lk3.webp\",\"datePublished\":\"2023-03-10T14:11:22+00:00\",\"dateModified\":\"2023-06-16T20:07:53+00:00\",\"breadcrumb\":{\"@id\":\"https:\/\/dev.myindustrial.eu\/lv\/shop\/rupnieciskie-kontrolieri-dzoistiki-un-konsoles\/vadibas-consoles\/gessmann-traversing-unit-lk3\/#breadcrumb\"},\"inLanguage\":\"lv-LV\",\"potentialAction\":[{\"@type\":\"ReadAction\",\"target\":[\"https:\/\/dev.myindustrial.eu\/lv\/shop\/rupnieciskie-kontrolieri-dzoistiki-un-konsoles\/vadibas-consoles\/gessmann-traversing-unit-lk3\/\"]}]},{\"@type\":\"ImageObject\",\"inLanguage\":\"lv-LV\",\"@id\":\"https:\/\/dev.myindustrial.eu\/lv\/shop\/rupnieciskie-kontrolieri-dzoistiki-un-konsoles\/vadibas-consoles\/gessmann-traversing-unit-lk3\/#primaryimage\",\"url\":\"https:\/\/dev.myindustrial.eu\/wp-content\/uploads\/2023\/03\/lk3.webp\",\"contentUrl\":\"https:\/\/dev.myindustrial.eu\/wp-content\/uploads\/2023\/03\/lk3.webp\",\"width\":2646,\"height\":2160},{\"@type\":\"BreadcrumbList\",\"@id\":\"https:\/\/dev.myindustrial.eu\/lv\/shop\/rupnieciskie-kontrolieri-dzoistiki-un-konsoles\/vadibas-consoles\/gessmann-traversing-unit-lk3\/#breadcrumb\",\"itemListElement\":[{\"@type\":\"ListItem\",\"position\":1,\"name\":\"Home\",\"item\":\"https:\/\/dev.myindustrial.eu\/lv\/\"},{\"@type\":\"ListItem\",\"position\":2,\"name\":\"Products\",\"item\":\"https:\/\/dev.myindustrial.eu\/lv\/products\/\"},{\"@type\":\"ListItem\",\"position\":3,\"name\":\"P\u0101rvieto\u0161anas ier\u012bce LK3\"}]},{\"@type\":\"WebSite\",\"@id\":\"https:\/\/dev.myindustrial.eu\/lv\/#website\",\"url\":\"https:\/\/dev.myindustrial.eu\/lv\/\",\"name\":\"My industrial\",\"description\":\"\",\"potentialAction\":[{\"@type\":\"SearchAction\",\"target\":{\"@type\":\"EntryPoint\",\"urlTemplate\":\"https:\/\/dev.myindustrial.eu\/lv\/?s={search_term_string}\"},\"query-input\":{\"@type\":\"PropertyValueSpecification\",\"valueRequired\":true,\"valueName\":\"search_term_string\"}}],\"inLanguage\":\"lv-LV\"}]}<\/script>\n<!-- \/ Yoast SEO plugin. -->","yoast_head_json":{"title":"P\u0101rvieto\u0161anas ier\u012bce LK3 - My industrial","robots":{"index":"noindex","follow":"follow","max-snippet":"max-snippet:-1","max-image-preview":"max-image-preview:large","max-video-preview":"max-video-preview:-1"},"og_locale":"lv_LV","og_type":"article","og_title":"P\u0101rvieto\u0161anas ier\u012bce LK3 - My industrial","og_description":"LK 3 manu\u0101lo p\u0101rvieto\u0161anas ier\u012bci var izmantot k\u0101 papildapr\u012bkojumu m\u016bsu vad\u012bbas blokam KST31. P\u0101rvieto\u0161anas ier\u012bci un pagrieziena ier\u012bci var \u0113rti atblo\u0137\u0113t ar vienu sviru. Ir pieejama gr\u012bd\u0101 ieb\u016bv\u0113jama un uz gr\u012bdas uzst\u0101d\u0101ma versija.  Virsmas apstr\u0101de: Gruntskr\u0101sa un virs\u0113jais p\u0101rkl\u0101jums ar tekst\u016bru Standarta kr\u0101sa RAL 9011 melna vai 7035 gai\u0161i pel\u0113ka","og_url":"https:\/\/dev.myindustrial.eu\/lv\/shop\/rupnieciskie-kontrolieri-dzoistiki-un-konsoles\/vadibas-consoles\/gessmann-traversing-unit-lk3\/","og_site_name":"My industrial","article_modified_time":"2023-06-16T20:07:53+00:00","og_image":[{"width":2646,"height":2160,"url":"https:\/\/dev.myindustrial.eu\/wp-content\/uploads\/2023\/03\/lk3.webp","type":"image\/webp"}],"twitter_card":"summary_large_image","schema":{"@context":"https:\/\/schema.org","@graph":[{"@type":"WebPage","@id":"https:\/\/dev.myindustrial.eu\/lv\/shop\/rupnieciskie-kontrolieri-dzoistiki-un-konsoles\/vadibas-consoles\/gessmann-traversing-unit-lk3\/","url":"https:\/\/dev.myindustrial.eu\/lv\/shop\/rupnieciskie-kontrolieri-dzoistiki-un-konsoles\/vadibas-consoles\/gessmann-traversing-unit-lk3\/","name":"P\u0101rvieto\u0161anas ier\u012bce LK3 - My industrial","isPartOf":{"@id":"https:\/\/dev.myindustrial.eu\/lv\/#website"},"primaryImageOfPage":{"@id":"https:\/\/dev.myindustrial.eu\/lv\/shop\/rupnieciskie-kontrolieri-dzoistiki-un-konsoles\/vadibas-consoles\/gessmann-traversing-unit-lk3\/#primaryimage"},"image":{"@id":"https:\/\/dev.myindustrial.eu\/lv\/shop\/rupnieciskie-kontrolieri-dzoistiki-un-konsoles\/vadibas-consoles\/gessmann-traversing-unit-lk3\/#primaryimage"},"thumbnailUrl":"https:\/\/dev.myindustrial.eu\/wp-content\/uploads\/2023\/03\/lk3.webp","datePublished":"2023-03-10T14:11:22+00:00","dateModified":"2023-06-16T20:07:53+00:00","breadcrumb":{"@id":"https:\/\/dev.myindustrial.eu\/lv\/shop\/rupnieciskie-kontrolieri-dzoistiki-un-konsoles\/vadibas-consoles\/gessmann-traversing-unit-lk3\/#breadcrumb"},"inLanguage":"lv-LV","potentialAction":[{"@type":"ReadAction","target":["https:\/\/dev.myindustrial.eu\/lv\/shop\/rupnieciskie-kontrolieri-dzoistiki-un-konsoles\/vadibas-consoles\/gessmann-traversing-unit-lk3\/"]}]},{"@type":"ImageObject","inLanguage":"lv-LV","@id":"https:\/\/dev.myindustrial.eu\/lv\/shop\/rupnieciskie-kontrolieri-dzoistiki-un-konsoles\/vadibas-consoles\/gessmann-traversing-unit-lk3\/#primaryimage","url":"https:\/\/dev.myindustrial.eu\/wp-content\/uploads\/2023\/03\/lk3.webp","contentUrl":"https:\/\/dev.myindustrial.eu\/wp-content\/uploads\/2023\/03\/lk3.webp","width":2646,"height":2160},{"@type":"BreadcrumbList","@id":"https:\/\/dev.myindustrial.eu\/lv\/shop\/rupnieciskie-kontrolieri-dzoistiki-un-konsoles\/vadibas-consoles\/gessmann-traversing-unit-lk3\/#breadcrumb","itemListElement":[{"@type":"ListItem","position":1,"name":"Home","item":"https:\/\/dev.myindustrial.eu\/lv\/"},{"@type":"ListItem","position":2,"name":"Products","item":"https:\/\/dev.myindustrial.eu\/lv\/products\/"},{"@type":"ListItem","position":3,"name":"P\u0101rvieto\u0161anas ier\u012bce LK3"}]},{"@type":"WebSite","@id":"https:\/\/dev.myindustrial.eu\/lv\/#website","url":"https:\/\/dev.myindustrial.eu\/lv\/","name":"My industrial","description":"","potentialAction":[{"@type":"SearchAction","target":{"@type":"EntryPoint","urlTemplate":"https:\/\/dev.myindustrial.eu\/lv\/?s={search_term_string}"},"query-input":{"@type":"PropertyValueSpecification","valueRequired":true,"valueName":"search_term_string"}}],"inLanguage":"lv-LV"}]}},"_links":{"self":[{"href":"https:\/\/dev.myindustrial.eu\/lv\/wp-json\/wp\/v2\/product\/1260063107","targetHints":{"allow":["GET"]}}],"collection":[{"href":"https:\/\/dev.myindustrial.eu\/lv\/wp-json\/wp\/v2\/product"}],"about":[{"href":"https:\/\/dev.myindustrial.eu\/lv\/wp-json\/wp\/v2\/types\/product"}],"version-history":[{"count":0,"href":"https:\/\/dev.myindustrial.eu\/lv\/wp-json\/wp\/v2\/product\/1260063107\/revisions"}],"wp:featuredmedia":[{"embeddable":true,"href":"https:\/\/dev.myindustrial.eu\/lv\/wp-json\/wp\/v2\/media\/1260063103"}],"wp:attachment":[{"href":"https:\/\/dev.myindustrial.eu\/lv\/wp-json\/wp\/v2\/media?parent=1260063107"}],"wp:term":[{"taxonomy":"product_brand","embeddable":true,"href":"https:\/\/dev.myindustrial.eu\/lv\/wp-json\/wp\/v2\/product_brand?post=1260063107"},{"taxonomy":"product_cat","embeddable":true,"href":"https:\/\/dev.myindustrial.eu\/lv\/wp-json\/wp\/v2\/product_cat?post=1260063107"},{"taxonomy":"product_tag","embeddable":true,"href":"https:\/\/dev.myindustrial.eu\/lv\/wp-json\/wp\/v2\/product_tag?post=1260063107"}],"curies":[{"name":"wp","href":"https:\/\/api.w.org\/{rel}","templated":true}]}}