{"id":1260063123,"date":"2022-12-14T13:50:38","date_gmt":"2022-12-14T13:50:38","guid":{"rendered":"https:\/\/dev.myindustrial.eu\/shop\/uncategorized\/gessmann-electronic-control-unit-es-43\/"},"modified":"2023-06-16T20:08:18","modified_gmt":"2023-06-16T20:08:18","slug":"gessmann-electronic-control-unit-es-43","status":"publish","type":"product","link":"https:\/\/dev.myindustrial.eu\/lv\/shop\/rupnieciskie-kontrolieri-dzoistiki-un-konsoles\/pielagoti-risinajumi\/gessmann-electronic-control-unit-es-43\/","title":{"rendered":"Elektroniskais vad\u012bbas bloks ES\/43"},"content":{"rendered":"","protected":false},"excerpt":{"rendered":"<p>Elektroniskais vad\u012bbas bloks ES\/43 kalpo proporcion\u0101lo v\u0101rstu vad\u012bbai bez poz\u012bcijas kontroles. Ir pieejama versija 4 proporcion\u0101lajiem v\u0101rstu soleno\u012bdiem (ES \/ 43-10) un versija 2 proporcion\u0101lajiem v\u0101rstu soleno\u012bdiem (ES \/ 43-11).<\/p>\n<p>\u0160is produkts tiek izmantots komut\u0101cijas \u0137\u0113d\u0113 no vad\u012bbas ier\u012bc\u0113m ar potenciometra izejas sign\u0101lu uz proporcion\u0101lo v\u0101rstu darb\u012bbu, kas ir popul\u0101ra smag\u0101s tehnikas vad\u012bbas sist\u0113m\u0101, pac\u0113l\u0101ja meh\u0101nisms sist\u0113m\u0101, kur\u0101 tiek izmantota hidraulisk\u0101 vad\u012bba. Konkr\u0113to Elektronisko vad\u012bbas bloku var piel\u0101got klienta vajadz\u012bb\u0101m un izveidot nepiecie\u0161amo p\u0101reju iek\u0101rtas vad\u012bbas princip\u0101.<\/p>\n<p><a href=\"\/wp-content\/uploads\/2022\/12\/es43.pdf\" target=\"_blank\" rel=\"noopener\"><img decoding=\"async\" src=\"\/wp-content\/uploads\/2023\/02\/download-button-lv.svg\" \/><\/a><\/p>\n","protected":false},"featured_media":1260062198,"template":"","meta":[],"product_brand":[],"product_cat":[1317,1643],"product_tag":[],"class_list":{"0":"post-1260063123","1":"product","2":"type-product","3":"status-publish","4":"has-post-thumbnail","6":"product_cat-rupnieciskie-kontrolieri-dzoistiki-un-konsoles","7":"product_cat-pielagoti-risinajumi","9":"first","10":"instock","11":"shipping-taxable","12":"product-type-simple"},"yoast_head":"<!-- This site is optimized with the Yoast SEO plugin v27.1.1 - https:\/\/yoast.com\/product\/yoast-seo-wordpress\/ -->\n<title>Elektroniskais vad\u012bbas bloks ES\/43 - My industrial<\/title>\n<meta name=\"robots\" content=\"noindex, follow, max-snippet:-1, max-image-preview:large, max-video-preview:-1\" \/>\n<meta property=\"og:locale\" content=\"lv_LV\" \/>\n<meta property=\"og:type\" content=\"article\" \/>\n<meta property=\"og:title\" content=\"Elektroniskais vad\u012bbas bloks ES\/43 - My industrial\" \/>\n<meta property=\"og:description\" content=\"Elektroniskais vad\u012bbas bloks ES\/43 kalpo proporcion\u0101lo v\u0101rstu vad\u012bbai bez poz\u012bcijas kontroles. Ir pieejama versija 4 proporcion\u0101lajiem v\u0101rstu soleno\u012bdiem (ES \/ 43-10) un versija 2 proporcion\u0101lajiem v\u0101rstu soleno\u012bdiem (ES \/ 43-11).  \u0160is produkts tiek izmantots komut\u0101cijas \u0137\u0113d\u0113 no vad\u012bbas ier\u012bc\u0113m ar potenciometra izejas sign\u0101lu uz proporcion\u0101lo v\u0101rstu darb\u012bbu, kas ir popul\u0101ra smag\u0101s tehnikas vad\u012bbas sist\u0113m\u0101, pac\u0113l\u0101ja meh\u0101nisms sist\u0113m\u0101, kur\u0101 tiek izmantota hidraulisk\u0101 vad\u012bba. Konkr\u0113to Elektronisko vad\u012bbas bloku var piel\u0101got klienta vajadz\u012bb\u0101m un izveidot nepiecie\u0161amo p\u0101reju iek\u0101rtas vad\u012bbas princip\u0101.\" \/>\n<meta property=\"og:url\" content=\"https:\/\/dev.myindustrial.eu\/lv\/shop\/rupnieciskie-kontrolieri-dzoistiki-un-konsoles\/pielagoti-risinajumi\/gessmann-electronic-control-unit-es-43\/\" \/>\n<meta property=\"og:site_name\" content=\"My industrial\" \/>\n<meta property=\"article:modified_time\" content=\"2023-06-16T20:08:18+00:00\" \/>\n<meta property=\"og:image\" content=\"https:\/\/dev.myindustrial.eu\/wp-content\/uploads\/2022\/12\/gessmann-big-logo-800x800.jpg\" \/>\n\t<meta property=\"og:image:width\" content=\"800\" \/>\n\t<meta property=\"og:image:height\" content=\"800\" \/>\n\t<meta property=\"og:image:type\" content=\"image\/jpeg\" \/>\n<meta name=\"twitter:card\" content=\"summary_large_image\" \/>\n<script type=\"application\/ld+json\" class=\"yoast-schema-graph\">{\"@context\":\"https:\/\/schema.org\",\"@graph\":[{\"@type\":\"WebPage\",\"@id\":\"https:\/\/dev.myindustrial.eu\/lv\/shop\/rupnieciskie-kontrolieri-dzoistiki-un-konsoles\/pielagoti-risinajumi\/gessmann-electronic-control-unit-es-43\/\",\"url\":\"https:\/\/dev.myindustrial.eu\/lv\/shop\/rupnieciskie-kontrolieri-dzoistiki-un-konsoles\/pielagoti-risinajumi\/gessmann-electronic-control-unit-es-43\/\",\"name\":\"Elektroniskais vad\u012bbas bloks ES\/43 - My industrial\",\"isPartOf\":{\"@id\":\"https:\/\/dev.myindustrial.eu\/lv\/#website\"},\"primaryImageOfPage\":{\"@id\":\"https:\/\/dev.myindustrial.eu\/lv\/shop\/rupnieciskie-kontrolieri-dzoistiki-un-konsoles\/pielagoti-risinajumi\/gessmann-electronic-control-unit-es-43\/#primaryimage\"},\"image\":{\"@id\":\"https:\/\/dev.myindustrial.eu\/lv\/shop\/rupnieciskie-kontrolieri-dzoistiki-un-konsoles\/pielagoti-risinajumi\/gessmann-electronic-control-unit-es-43\/#primaryimage\"},\"thumbnailUrl\":\"https:\/\/dev.myindustrial.eu\/wp-content\/uploads\/2022\/12\/gessmann-big-logo-800x800.jpg\",\"datePublished\":\"2022-12-14T13:50:38+00:00\",\"dateModified\":\"2023-06-16T20:08:18+00:00\",\"breadcrumb\":{\"@id\":\"https:\/\/dev.myindustrial.eu\/lv\/shop\/rupnieciskie-kontrolieri-dzoistiki-un-konsoles\/pielagoti-risinajumi\/gessmann-electronic-control-unit-es-43\/#breadcrumb\"},\"inLanguage\":\"lv-LV\",\"potentialAction\":[{\"@type\":\"ReadAction\",\"target\":[\"https:\/\/dev.myindustrial.eu\/lv\/shop\/rupnieciskie-kontrolieri-dzoistiki-un-konsoles\/pielagoti-risinajumi\/gessmann-electronic-control-unit-es-43\/\"]}]},{\"@type\":\"ImageObject\",\"inLanguage\":\"lv-LV\",\"@id\":\"https:\/\/dev.myindustrial.eu\/lv\/shop\/rupnieciskie-kontrolieri-dzoistiki-un-konsoles\/pielagoti-risinajumi\/gessmann-electronic-control-unit-es-43\/#primaryimage\",\"url\":\"https:\/\/dev.myindustrial.eu\/wp-content\/uploads\/2022\/12\/gessmann-big-logo-800x800.jpg\",\"contentUrl\":\"https:\/\/dev.myindustrial.eu\/wp-content\/uploads\/2022\/12\/gessmann-big-logo-800x800.jpg\",\"width\":800,\"height\":800},{\"@type\":\"BreadcrumbList\",\"@id\":\"https:\/\/dev.myindustrial.eu\/lv\/shop\/rupnieciskie-kontrolieri-dzoistiki-un-konsoles\/pielagoti-risinajumi\/gessmann-electronic-control-unit-es-43\/#breadcrumb\",\"itemListElement\":[{\"@type\":\"ListItem\",\"position\":1,\"name\":\"Home\",\"item\":\"https:\/\/dev.myindustrial.eu\/lv\/\"},{\"@type\":\"ListItem\",\"position\":2,\"name\":\"Products\",\"item\":\"https:\/\/dev.myindustrial.eu\/lv\/products\/\"},{\"@type\":\"ListItem\",\"position\":3,\"name\":\"Elektroniskais vad\u012bbas bloks ES\/43\"}]},{\"@type\":\"WebSite\",\"@id\":\"https:\/\/dev.myindustrial.eu\/lv\/#website\",\"url\":\"https:\/\/dev.myindustrial.eu\/lv\/\",\"name\":\"My industrial\",\"description\":\"\",\"potentialAction\":[{\"@type\":\"SearchAction\",\"target\":{\"@type\":\"EntryPoint\",\"urlTemplate\":\"https:\/\/dev.myindustrial.eu\/lv\/?s={search_term_string}\"},\"query-input\":{\"@type\":\"PropertyValueSpecification\",\"valueRequired\":true,\"valueName\":\"search_term_string\"}}],\"inLanguage\":\"lv-LV\"}]}<\/script>\n<!-- \/ Yoast SEO plugin. -->","yoast_head_json":{"title":"Elektroniskais vad\u012bbas bloks ES\/43 - My industrial","robots":{"index":"noindex","follow":"follow","max-snippet":"max-snippet:-1","max-image-preview":"max-image-preview:large","max-video-preview":"max-video-preview:-1"},"og_locale":"lv_LV","og_type":"article","og_title":"Elektroniskais vad\u012bbas bloks ES\/43 - My industrial","og_description":"Elektroniskais vad\u012bbas bloks ES\/43 kalpo proporcion\u0101lo v\u0101rstu vad\u012bbai bez poz\u012bcijas kontroles. Ir pieejama versija 4 proporcion\u0101lajiem v\u0101rstu soleno\u012bdiem (ES \/ 43-10) un versija 2 proporcion\u0101lajiem v\u0101rstu soleno\u012bdiem (ES \/ 43-11).  \u0160is produkts tiek izmantots komut\u0101cijas \u0137\u0113d\u0113 no vad\u012bbas ier\u012bc\u0113m ar potenciometra izejas sign\u0101lu uz proporcion\u0101lo v\u0101rstu darb\u012bbu, kas ir popul\u0101ra smag\u0101s tehnikas vad\u012bbas sist\u0113m\u0101, pac\u0113l\u0101ja meh\u0101nisms sist\u0113m\u0101, kur\u0101 tiek izmantota hidraulisk\u0101 vad\u012bba. Konkr\u0113to Elektronisko vad\u012bbas bloku var piel\u0101got klienta vajadz\u012bb\u0101m un izveidot nepiecie\u0161amo p\u0101reju iek\u0101rtas vad\u012bbas princip\u0101.","og_url":"https:\/\/dev.myindustrial.eu\/lv\/shop\/rupnieciskie-kontrolieri-dzoistiki-un-konsoles\/pielagoti-risinajumi\/gessmann-electronic-control-unit-es-43\/","og_site_name":"My industrial","article_modified_time":"2023-06-16T20:08:18+00:00","og_image":[{"width":800,"height":800,"url":"https:\/\/dev.myindustrial.eu\/wp-content\/uploads\/2022\/12\/gessmann-big-logo-800x800.jpg","type":"image\/jpeg"}],"twitter_card":"summary_large_image","schema":{"@context":"https:\/\/schema.org","@graph":[{"@type":"WebPage","@id":"https:\/\/dev.myindustrial.eu\/lv\/shop\/rupnieciskie-kontrolieri-dzoistiki-un-konsoles\/pielagoti-risinajumi\/gessmann-electronic-control-unit-es-43\/","url":"https:\/\/dev.myindustrial.eu\/lv\/shop\/rupnieciskie-kontrolieri-dzoistiki-un-konsoles\/pielagoti-risinajumi\/gessmann-electronic-control-unit-es-43\/","name":"Elektroniskais vad\u012bbas bloks ES\/43 - My industrial","isPartOf":{"@id":"https:\/\/dev.myindustrial.eu\/lv\/#website"},"primaryImageOfPage":{"@id":"https:\/\/dev.myindustrial.eu\/lv\/shop\/rupnieciskie-kontrolieri-dzoistiki-un-konsoles\/pielagoti-risinajumi\/gessmann-electronic-control-unit-es-43\/#primaryimage"},"image":{"@id":"https:\/\/dev.myindustrial.eu\/lv\/shop\/rupnieciskie-kontrolieri-dzoistiki-un-konsoles\/pielagoti-risinajumi\/gessmann-electronic-control-unit-es-43\/#primaryimage"},"thumbnailUrl":"https:\/\/dev.myindustrial.eu\/wp-content\/uploads\/2022\/12\/gessmann-big-logo-800x800.jpg","datePublished":"2022-12-14T13:50:38+00:00","dateModified":"2023-06-16T20:08:18+00:00","breadcrumb":{"@id":"https:\/\/dev.myindustrial.eu\/lv\/shop\/rupnieciskie-kontrolieri-dzoistiki-un-konsoles\/pielagoti-risinajumi\/gessmann-electronic-control-unit-es-43\/#breadcrumb"},"inLanguage":"lv-LV","potentialAction":[{"@type":"ReadAction","target":["https:\/\/dev.myindustrial.eu\/lv\/shop\/rupnieciskie-kontrolieri-dzoistiki-un-konsoles\/pielagoti-risinajumi\/gessmann-electronic-control-unit-es-43\/"]}]},{"@type":"ImageObject","inLanguage":"lv-LV","@id":"https:\/\/dev.myindustrial.eu\/lv\/shop\/rupnieciskie-kontrolieri-dzoistiki-un-konsoles\/pielagoti-risinajumi\/gessmann-electronic-control-unit-es-43\/#primaryimage","url":"https:\/\/dev.myindustrial.eu\/wp-content\/uploads\/2022\/12\/gessmann-big-logo-800x800.jpg","contentUrl":"https:\/\/dev.myindustrial.eu\/wp-content\/uploads\/2022\/12\/gessmann-big-logo-800x800.jpg","width":800,"height":800},{"@type":"BreadcrumbList","@id":"https:\/\/dev.myindustrial.eu\/lv\/shop\/rupnieciskie-kontrolieri-dzoistiki-un-konsoles\/pielagoti-risinajumi\/gessmann-electronic-control-unit-es-43\/#breadcrumb","itemListElement":[{"@type":"ListItem","position":1,"name":"Home","item":"https:\/\/dev.myindustrial.eu\/lv\/"},{"@type":"ListItem","position":2,"name":"Products","item":"https:\/\/dev.myindustrial.eu\/lv\/products\/"},{"@type":"ListItem","position":3,"name":"Elektroniskais vad\u012bbas bloks ES\/43"}]},{"@type":"WebSite","@id":"https:\/\/dev.myindustrial.eu\/lv\/#website","url":"https:\/\/dev.myindustrial.eu\/lv\/","name":"My industrial","description":"","potentialAction":[{"@type":"SearchAction","target":{"@type":"EntryPoint","urlTemplate":"https:\/\/dev.myindustrial.eu\/lv\/?s={search_term_string}"},"query-input":{"@type":"PropertyValueSpecification","valueRequired":true,"valueName":"search_term_string"}}],"inLanguage":"lv-LV"}]}},"_links":{"self":[{"href":"https:\/\/dev.myindustrial.eu\/lv\/wp-json\/wp\/v2\/product\/1260063123","targetHints":{"allow":["GET"]}}],"collection":[{"href":"https:\/\/dev.myindustrial.eu\/lv\/wp-json\/wp\/v2\/product"}],"about":[{"href":"https:\/\/dev.myindustrial.eu\/lv\/wp-json\/wp\/v2\/types\/product"}],"version-history":[{"count":1,"href":"https:\/\/dev.myindustrial.eu\/lv\/wp-json\/wp\/v2\/product\/1260063123\/revisions"}],"predecessor-version":[{"id":1260063126,"href":"https:\/\/dev.myindustrial.eu\/lv\/wp-json\/wp\/v2\/product\/1260063123\/revisions\/1260063126"}],"wp:featuredmedia":[{"embeddable":true,"href":"https:\/\/dev.myindustrial.eu\/lv\/wp-json\/wp\/v2\/media\/1260062198"}],"wp:attachment":[{"href":"https:\/\/dev.myindustrial.eu\/lv\/wp-json\/wp\/v2\/media?parent=1260063123"}],"wp:term":[{"taxonomy":"product_brand","embeddable":true,"href":"https:\/\/dev.myindustrial.eu\/lv\/wp-json\/wp\/v2\/product_brand?post=1260063123"},{"taxonomy":"product_cat","embeddable":true,"href":"https:\/\/dev.myindustrial.eu\/lv\/wp-json\/wp\/v2\/product_cat?post=1260063123"},{"taxonomy":"product_tag","embeddable":true,"href":"https:\/\/dev.myindustrial.eu\/lv\/wp-json\/wp\/v2\/product_tag?post=1260063123"}],"curies":[{"name":"wp","href":"https:\/\/api.w.org\/{rel}","templated":true}]}}