{"id":1260063133,"date":"2022-12-14T13:55:50","date_gmt":"2022-12-14T13:55:50","guid":{"rendered":"https:\/\/dev.myindustrial.eu\/shop\/uncategorized\/gessmann-individual-operator-joystick\/"},"modified":"2023-12-28T22:47:44","modified_gmt":"2023-12-28T22:47:44","slug":"gessmann-individual-operator-joystick","status":"publish","type":"product","link":"https:\/\/dev.myindustrial.eu\/lv\/shop\/rupnieciskie-kontrolieri-dzoistiki-un-konsoles\/pielagoti-risinajumi\/gessmann-individual-operator-joystick\/","title":{"rendered":"No standarta l\u012bdz specializ\u0113tiem \u2013 individu\u0101liem sist\u0113mu risin\u0101jumiem"},"content":{"rendered":"<p><iframe width=\"560\" height=\"315\" src=\"https:\/\/youtube.com\/shorts\/hNLUYdb3GwA?feature=share\" frameborder=\"0\" allow=\"accelerometer; autoplay; clipboard-write; encrypted-media; gyroscope; picture-in-picture; web-share\" allowfullscreen><\/iframe><\/p>\n","protected":false},"excerpt":{"rendered":"<p><b>No standarta l\u012bdz specializ\u0113tiem \u2013 individu\u0101liem sist\u0113mu risin\u0101jumiem.<\/b><\/p>\n<p><span style=\"font-weight: 400;\">M\u016bsu komanda str\u0101d\u0101 ar jums, lai izstr\u0101d\u0101tu produkta koncepciju un izstr\u0101d\u0101tu produktu \u013coti \u012bpa\u0161am pielietojumam atbilsto\u0161i j\u016bsu v\u0113lm\u0113m.<\/span><\/p>\n<p><span style=\"font-weight: 400;\">M\u0113s ra\u017eojam p\u0113c pas\u016bt\u012bjuma izgatavotu produktu augst\u0101kaj\u0101 kvalit\u0101t\u0113 un \u012bs\u0101 laik\u0101. Konsult\u0113sim person\u012bgi.<\/span><\/p>\n<p><span style=\"font-weight: 400;\">Preces, kas izgatavotas atbilsto\u0161i klienta vajadz\u012bb\u0101m, galvenok\u0101rt tiek veidotas individu\u0101li, iepriek\u0161 izanaliz\u0113jot visus tehniskos aspektus un izveidojot 3D modeli, lai iepaz\u012btos ar galaprodukta kop\u0113jo izskatu un lieto\u0161anas \u0113rtumu.<\/span><\/p>\n<p><span style=\"font-weight: 400;\">Veidojot \u012bpa\u0161u produktu vai risin\u0101jumu, m\u0113s bie\u017ei izmantojam gatavus produktus, kas ir pieejami standarta pre\u010du katalog\u0101 un tiek papildin\u0101ti ar \u012bpa\u0161\u0101m iesp\u0113j\u0101m.<\/span><\/p>\n<p><span style=\"font-weight: 400;\">Galvenok\u0101rt uzman\u012bbu piev\u0113r\u0161am ergonomikai, lieto\u0161anas vienk\u0101r\u0161\u012bbai un tehnisk\u0101 risin\u0101juma izstr\u0101dei.<\/span><\/p>\n<p><a href=\"https:\/\/dev.myindustrial.eu\/wp-content\/uploads\/2022\/12\/gessmann-illustration-1-400x400.jpg\"><img fetchpriority=\"high\" decoding=\"async\" class=\"alignnone wp-image-1260062202\" src=\"https:\/\/dev.myindustrial.eu\/wp-content\/uploads\/2022\/12\/gessmann-illustration-1-400x400.jpg\" alt=\"\" width=\"252\" height=\"252\" srcset=\"https:\/\/dev.myindustrial.eu\/wp-content\/uploads\/2022\/12\/gessmann-illustration-1-400x400.jpg 400w, https:\/\/dev.myindustrial.eu\/wp-content\/uploads\/2022\/12\/gessmann-illustration-1-300x300.jpg 300w, https:\/\/dev.myindustrial.eu\/wp-content\/uploads\/2022\/12\/gessmann-illustration-1-150x150.jpg 150w\" sizes=\"(max-width: 252px) 100vw, 252px\" \/><\/a><\/p>\n","protected":false},"featured_media":1260062198,"template":"","meta":[],"product_brand":[],"product_cat":[1317,1643],"product_tag":[],"class_list":{"0":"post-1260063133","1":"product","2":"type-product","3":"status-publish","4":"has-post-thumbnail","6":"product_cat-rupnieciskie-kontrolieri-dzoistiki-un-konsoles","7":"product_cat-pielagoti-risinajumi","9":"first","10":"instock","11":"shipping-taxable","12":"product-type-simple"},"yoast_head":"<!-- This site is optimized with the Yoast SEO plugin v27.1.1 - https:\/\/yoast.com\/product\/yoast-seo-wordpress\/ -->\n<title>No standarta l\u012bdz specializ\u0113tiem \u2013 individu\u0101liem sist\u0113mu risin\u0101jumiem - My industrial<\/title>\n<meta name=\"robots\" content=\"noindex, follow, max-snippet:-1, max-image-preview:large, max-video-preview:-1\" \/>\n<meta property=\"og:locale\" content=\"lv_LV\" \/>\n<meta property=\"og:type\" content=\"article\" \/>\n<meta property=\"og:title\" content=\"No standarta l\u012bdz specializ\u0113tiem \u2013 individu\u0101liem sist\u0113mu risin\u0101jumiem - My industrial\" \/>\n<meta property=\"og:description\" content=\"No standarta l\u012bdz specializ\u0113tiem \u2013 individu\u0101liem sist\u0113mu risin\u0101jumiem.  M\u016bsu komanda str\u0101d\u0101 ar jums, lai izstr\u0101d\u0101tu produkta koncepciju un izstr\u0101d\u0101tu produktu \u013coti \u012bpa\u0161am pielietojumam atbilsto\u0161i j\u016bsu v\u0113lm\u0113m.  M\u0113s ra\u017eojam p\u0113c pas\u016bt\u012bjuma izgatavotu produktu augst\u0101kaj\u0101 kvalit\u0101t\u0113 un \u012bs\u0101 laik\u0101. Konsult\u0113sim person\u012bgi.  Preces, kas izgatavotas atbilsto\u0161i klienta vajadz\u012bb\u0101m, galvenok\u0101rt tiek veidotas individu\u0101li, iepriek\u0161 izanaliz\u0113jot visus tehniskos aspektus un izveidojot 3D modeli, lai iepaz\u012btos ar galaprodukta kop\u0113jo izskatu un lieto\u0161anas \u0113rtumu.  Veidojot \u012bpa\u0161u produktu vai risin\u0101jumu, m\u0113s bie\u017ei izmantojam gatavus produktus, kas ir pieejami standarta pre\u010du katalog\u0101 un tiek papildin\u0101ti ar \u012bpa\u0161\u0101m iesp\u0113j\u0101m.  Galvenok\u0101rt uzman\u012bbu piev\u0113r\u0161am ergonomikai, lieto\u0161anas vienk\u0101r\u0161\u012bbai un tehnisk\u0101 risin\u0101juma izstr\u0101dei.\" \/>\n<meta property=\"og:url\" content=\"https:\/\/dev.myindustrial.eu\/lv\/shop\/rupnieciskie-kontrolieri-dzoistiki-un-konsoles\/pielagoti-risinajumi\/gessmann-individual-operator-joystick\/\" \/>\n<meta property=\"og:site_name\" content=\"My industrial\" \/>\n<meta property=\"article:modified_time\" content=\"2023-12-28T22:47:44+00:00\" \/>\n<meta property=\"og:image\" content=\"https:\/\/dev.myindustrial.eu\/wp-content\/uploads\/2022\/12\/gessmann-big-logo-800x800.jpg\" \/>\n\t<meta property=\"og:image:width\" content=\"800\" \/>\n\t<meta property=\"og:image:height\" content=\"800\" \/>\n\t<meta property=\"og:image:type\" content=\"image\/jpeg\" \/>\n<meta name=\"twitter:card\" content=\"summary_large_image\" \/>\n<script type=\"application\/ld+json\" class=\"yoast-schema-graph\">{\"@context\":\"https:\/\/schema.org\",\"@graph\":[{\"@type\":\"WebPage\",\"@id\":\"https:\/\/dev.myindustrial.eu\/lv\/shop\/rupnieciskie-kontrolieri-dzoistiki-un-konsoles\/pielagoti-risinajumi\/gessmann-individual-operator-joystick\/\",\"url\":\"https:\/\/dev.myindustrial.eu\/lv\/shop\/rupnieciskie-kontrolieri-dzoistiki-un-konsoles\/pielagoti-risinajumi\/gessmann-individual-operator-joystick\/\",\"name\":\"No standarta l\u012bdz specializ\u0113tiem \u2013 individu\u0101liem sist\u0113mu risin\u0101jumiem - My industrial\",\"isPartOf\":{\"@id\":\"https:\/\/dev.myindustrial.eu\/lv\/#website\"},\"primaryImageOfPage\":{\"@id\":\"https:\/\/dev.myindustrial.eu\/lv\/shop\/rupnieciskie-kontrolieri-dzoistiki-un-konsoles\/pielagoti-risinajumi\/gessmann-individual-operator-joystick\/#primaryimage\"},\"image\":{\"@id\":\"https:\/\/dev.myindustrial.eu\/lv\/shop\/rupnieciskie-kontrolieri-dzoistiki-un-konsoles\/pielagoti-risinajumi\/gessmann-individual-operator-joystick\/#primaryimage\"},\"thumbnailUrl\":\"https:\/\/dev.myindustrial.eu\/wp-content\/uploads\/2022\/12\/gessmann-big-logo-800x800.jpg\",\"datePublished\":\"2022-12-14T13:55:50+00:00\",\"dateModified\":\"2023-12-28T22:47:44+00:00\",\"breadcrumb\":{\"@id\":\"https:\/\/dev.myindustrial.eu\/lv\/shop\/rupnieciskie-kontrolieri-dzoistiki-un-konsoles\/pielagoti-risinajumi\/gessmann-individual-operator-joystick\/#breadcrumb\"},\"inLanguage\":\"lv-LV\",\"potentialAction\":[{\"@type\":\"ReadAction\",\"target\":[\"https:\/\/dev.myindustrial.eu\/lv\/shop\/rupnieciskie-kontrolieri-dzoistiki-un-konsoles\/pielagoti-risinajumi\/gessmann-individual-operator-joystick\/\"]}]},{\"@type\":\"ImageObject\",\"inLanguage\":\"lv-LV\",\"@id\":\"https:\/\/dev.myindustrial.eu\/lv\/shop\/rupnieciskie-kontrolieri-dzoistiki-un-konsoles\/pielagoti-risinajumi\/gessmann-individual-operator-joystick\/#primaryimage\",\"url\":\"https:\/\/dev.myindustrial.eu\/wp-content\/uploads\/2022\/12\/gessmann-big-logo-800x800.jpg\",\"contentUrl\":\"https:\/\/dev.myindustrial.eu\/wp-content\/uploads\/2022\/12\/gessmann-big-logo-800x800.jpg\",\"width\":800,\"height\":800},{\"@type\":\"BreadcrumbList\",\"@id\":\"https:\/\/dev.myindustrial.eu\/lv\/shop\/rupnieciskie-kontrolieri-dzoistiki-un-konsoles\/pielagoti-risinajumi\/gessmann-individual-operator-joystick\/#breadcrumb\",\"itemListElement\":[{\"@type\":\"ListItem\",\"position\":1,\"name\":\"Home\",\"item\":\"https:\/\/dev.myindustrial.eu\/lv\/\"},{\"@type\":\"ListItem\",\"position\":2,\"name\":\"Products\",\"item\":\"https:\/\/dev.myindustrial.eu\/lv\/products\/\"},{\"@type\":\"ListItem\",\"position\":3,\"name\":\"No standarta l\u012bdz specializ\u0113tiem \u2013 individu\u0101liem sist\u0113mu risin\u0101jumiem\"}]},{\"@type\":\"WebSite\",\"@id\":\"https:\/\/dev.myindustrial.eu\/lv\/#website\",\"url\":\"https:\/\/dev.myindustrial.eu\/lv\/\",\"name\":\"My industrial\",\"description\":\"\",\"potentialAction\":[{\"@type\":\"SearchAction\",\"target\":{\"@type\":\"EntryPoint\",\"urlTemplate\":\"https:\/\/dev.myindustrial.eu\/lv\/?s={search_term_string}\"},\"query-input\":{\"@type\":\"PropertyValueSpecification\",\"valueRequired\":true,\"valueName\":\"search_term_string\"}}],\"inLanguage\":\"lv-LV\"}]}<\/script>\n<!-- \/ Yoast SEO plugin. -->","yoast_head_json":{"title":"No standarta l\u012bdz specializ\u0113tiem \u2013 individu\u0101liem sist\u0113mu risin\u0101jumiem - My industrial","robots":{"index":"noindex","follow":"follow","max-snippet":"max-snippet:-1","max-image-preview":"max-image-preview:large","max-video-preview":"max-video-preview:-1"},"og_locale":"lv_LV","og_type":"article","og_title":"No standarta l\u012bdz specializ\u0113tiem \u2013 individu\u0101liem sist\u0113mu risin\u0101jumiem - My industrial","og_description":"No standarta l\u012bdz specializ\u0113tiem \u2013 individu\u0101liem sist\u0113mu risin\u0101jumiem.  M\u016bsu komanda str\u0101d\u0101 ar jums, lai izstr\u0101d\u0101tu produkta koncepciju un izstr\u0101d\u0101tu produktu \u013coti \u012bpa\u0161am pielietojumam atbilsto\u0161i j\u016bsu v\u0113lm\u0113m.  M\u0113s ra\u017eojam p\u0113c pas\u016bt\u012bjuma izgatavotu produktu augst\u0101kaj\u0101 kvalit\u0101t\u0113 un \u012bs\u0101 laik\u0101. Konsult\u0113sim person\u012bgi.  Preces, kas izgatavotas atbilsto\u0161i klienta vajadz\u012bb\u0101m, galvenok\u0101rt tiek veidotas individu\u0101li, iepriek\u0161 izanaliz\u0113jot visus tehniskos aspektus un izveidojot 3D modeli, lai iepaz\u012btos ar galaprodukta kop\u0113jo izskatu un lieto\u0161anas \u0113rtumu.  Veidojot \u012bpa\u0161u produktu vai risin\u0101jumu, m\u0113s bie\u017ei izmantojam gatavus produktus, kas ir pieejami standarta pre\u010du katalog\u0101 un tiek papildin\u0101ti ar \u012bpa\u0161\u0101m iesp\u0113j\u0101m.  Galvenok\u0101rt uzman\u012bbu piev\u0113r\u0161am ergonomikai, lieto\u0161anas vienk\u0101r\u0161\u012bbai un tehnisk\u0101 risin\u0101juma izstr\u0101dei.","og_url":"https:\/\/dev.myindustrial.eu\/lv\/shop\/rupnieciskie-kontrolieri-dzoistiki-un-konsoles\/pielagoti-risinajumi\/gessmann-individual-operator-joystick\/","og_site_name":"My industrial","article_modified_time":"2023-12-28T22:47:44+00:00","og_image":[{"width":800,"height":800,"url":"https:\/\/dev.myindustrial.eu\/wp-content\/uploads\/2022\/12\/gessmann-big-logo-800x800.jpg","type":"image\/jpeg"}],"twitter_card":"summary_large_image","schema":{"@context":"https:\/\/schema.org","@graph":[{"@type":"WebPage","@id":"https:\/\/dev.myindustrial.eu\/lv\/shop\/rupnieciskie-kontrolieri-dzoistiki-un-konsoles\/pielagoti-risinajumi\/gessmann-individual-operator-joystick\/","url":"https:\/\/dev.myindustrial.eu\/lv\/shop\/rupnieciskie-kontrolieri-dzoistiki-un-konsoles\/pielagoti-risinajumi\/gessmann-individual-operator-joystick\/","name":"No standarta l\u012bdz specializ\u0113tiem \u2013 individu\u0101liem sist\u0113mu risin\u0101jumiem - My industrial","isPartOf":{"@id":"https:\/\/dev.myindustrial.eu\/lv\/#website"},"primaryImageOfPage":{"@id":"https:\/\/dev.myindustrial.eu\/lv\/shop\/rupnieciskie-kontrolieri-dzoistiki-un-konsoles\/pielagoti-risinajumi\/gessmann-individual-operator-joystick\/#primaryimage"},"image":{"@id":"https:\/\/dev.myindustrial.eu\/lv\/shop\/rupnieciskie-kontrolieri-dzoistiki-un-konsoles\/pielagoti-risinajumi\/gessmann-individual-operator-joystick\/#primaryimage"},"thumbnailUrl":"https:\/\/dev.myindustrial.eu\/wp-content\/uploads\/2022\/12\/gessmann-big-logo-800x800.jpg","datePublished":"2022-12-14T13:55:50+00:00","dateModified":"2023-12-28T22:47:44+00:00","breadcrumb":{"@id":"https:\/\/dev.myindustrial.eu\/lv\/shop\/rupnieciskie-kontrolieri-dzoistiki-un-konsoles\/pielagoti-risinajumi\/gessmann-individual-operator-joystick\/#breadcrumb"},"inLanguage":"lv-LV","potentialAction":[{"@type":"ReadAction","target":["https:\/\/dev.myindustrial.eu\/lv\/shop\/rupnieciskie-kontrolieri-dzoistiki-un-konsoles\/pielagoti-risinajumi\/gessmann-individual-operator-joystick\/"]}]},{"@type":"ImageObject","inLanguage":"lv-LV","@id":"https:\/\/dev.myindustrial.eu\/lv\/shop\/rupnieciskie-kontrolieri-dzoistiki-un-konsoles\/pielagoti-risinajumi\/gessmann-individual-operator-joystick\/#primaryimage","url":"https:\/\/dev.myindustrial.eu\/wp-content\/uploads\/2022\/12\/gessmann-big-logo-800x800.jpg","contentUrl":"https:\/\/dev.myindustrial.eu\/wp-content\/uploads\/2022\/12\/gessmann-big-logo-800x800.jpg","width":800,"height":800},{"@type":"BreadcrumbList","@id":"https:\/\/dev.myindustrial.eu\/lv\/shop\/rupnieciskie-kontrolieri-dzoistiki-un-konsoles\/pielagoti-risinajumi\/gessmann-individual-operator-joystick\/#breadcrumb","itemListElement":[{"@type":"ListItem","position":1,"name":"Home","item":"https:\/\/dev.myindustrial.eu\/lv\/"},{"@type":"ListItem","position":2,"name":"Products","item":"https:\/\/dev.myindustrial.eu\/lv\/products\/"},{"@type":"ListItem","position":3,"name":"No standarta l\u012bdz specializ\u0113tiem \u2013 individu\u0101liem sist\u0113mu risin\u0101jumiem"}]},{"@type":"WebSite","@id":"https:\/\/dev.myindustrial.eu\/lv\/#website","url":"https:\/\/dev.myindustrial.eu\/lv\/","name":"My industrial","description":"","potentialAction":[{"@type":"SearchAction","target":{"@type":"EntryPoint","urlTemplate":"https:\/\/dev.myindustrial.eu\/lv\/?s={search_term_string}"},"query-input":{"@type":"PropertyValueSpecification","valueRequired":true,"valueName":"search_term_string"}}],"inLanguage":"lv-LV"}]}},"_links":{"self":[{"href":"https:\/\/dev.myindustrial.eu\/lv\/wp-json\/wp\/v2\/product\/1260063133","targetHints":{"allow":["GET"]}}],"collection":[{"href":"https:\/\/dev.myindustrial.eu\/lv\/wp-json\/wp\/v2\/product"}],"about":[{"href":"https:\/\/dev.myindustrial.eu\/lv\/wp-json\/wp\/v2\/types\/product"}],"version-history":[{"count":0,"href":"https:\/\/dev.myindustrial.eu\/lv\/wp-json\/wp\/v2\/product\/1260063133\/revisions"}],"wp:featuredmedia":[{"embeddable":true,"href":"https:\/\/dev.myindustrial.eu\/lv\/wp-json\/wp\/v2\/media\/1260062198"}],"wp:attachment":[{"href":"https:\/\/dev.myindustrial.eu\/lv\/wp-json\/wp\/v2\/media?parent=1260063133"}],"wp:term":[{"taxonomy":"product_brand","embeddable":true,"href":"https:\/\/dev.myindustrial.eu\/lv\/wp-json\/wp\/v2\/product_brand?post=1260063133"},{"taxonomy":"product_cat","embeddable":true,"href":"https:\/\/dev.myindustrial.eu\/lv\/wp-json\/wp\/v2\/product_cat?post=1260063133"},{"taxonomy":"product_tag","embeddable":true,"href":"https:\/\/dev.myindustrial.eu\/lv\/wp-json\/wp\/v2\/product_tag?post=1260063133"}],"curies":[{"name":"wp","href":"https:\/\/api.w.org\/{rel}","templated":true}]}}