{"id":1260065461,"date":"2024-12-02T08:43:58","date_gmt":"2024-12-02T08:43:58","guid":{"rendered":"https:\/\/dev.myindustrial.eu\/shop\/uncategorized\/bolted-joint-monitoring-system\/"},"modified":"2025-02-04T15:36:40","modified_gmt":"2025-02-04T15:36:40","slug":"bolted-joint-monitoring-system","status":"publish","type":"product","link":"https:\/\/dev.myindustrial.eu\/lv\/shop\/bolted-joint-monitoring-system-et-lv\/bolted-joint-monitoring-system\/","title":{"rendered":"Skr\u016bvju savienojumu uzraudz\u012bbas sist\u0113ma"},"content":{"rendered":"<p><span style=\"font-weight: 400;\"><b>APRAKSTS<\/b><\/span><\/p>\n<p><b>Probl\u0113mas ar skr\u016bvju savienojumiem<\/b><\/p>\n<p><span style=\"font-weight: 400;\">Skr\u016bves var rad\u012bt da\u017e\u0101das probl\u0113mas, kuras uzraudz\u012bbas sist\u0113ma sp\u0113j atkl\u0101t un sniegt pazi\u0146ojumus.<\/span><\/p>\n<ul>\n<li style=\"font-weight: 400;\" aria-level=\"1\"><b>P\u0101rm\u0113r\u012bga pievilk\u0161ana<\/b><span style=\"font-weight: 400;\"><br \/>\n<\/span><span style=\"font-weight: 400;\">Skr\u016bve ir p\u0101rslogota un var sal\u016bzt.<\/span><\/li>\n<li style=\"font-weight: 400;\" aria-level=\"1\"><b>Nepietiekama pievilk\u0161ana<\/b><span style=\"font-weight: 400;\"><br \/>\n<\/span><span style=\"font-weight: 400;\">Skr\u016bve ir p\u0101r\u0101k v\u0101ji pievilkta un nesp\u0113j nodro\u0161in\u0101t nepiecie\u0161amo slodzi.<\/span><\/li>\n<li style=\"font-weight: 400;\" aria-level=\"1\"><b>Korozija<\/b><span style=\"font-weight: 400;\"><br \/>\n<\/span><span style=\"font-weight: 400;\">Izraisa mikroskopiskas plaisas, kas galu gal\u0101 noved pie l\u016bzuma.<\/span><\/li>\n<li style=\"font-weight: 400;\" aria-level=\"1\"><b>Bl\u012bv\u0113juma nopl\u016bde<\/b><span style=\"font-weight: 400;\"><br \/>\n<\/span><span style=\"font-weight: 400;\">Ja bl\u012bvi fiks\u0113jo\u0161\u0101s skr\u016bves nav vienm\u0113r\u012bgi pievilktas, bl\u012bve s\u0101ks nopl\u016bst.<\/span><\/li>\n<li style=\"font-weight: 400;\" aria-level=\"1\"><b>Nogurums<\/b><span style=\"font-weight: 400;\"><br \/>\n<\/span><span style=\"font-weight: 400;\">P\u0101r\u0101k augsta cikliska slodze izraisa materi\u0101la nogurumu, un skr\u016bve sal\u016bzt.<\/span><\/li>\n<li style=\"font-weight: 400;\" aria-level=\"1\"><b>Vibr\u0101cijas<\/b><span style=\"font-weight: 400;\"><br \/>\n<\/span><span style=\"font-weight: 400;\">Pak\u0101peniski atbr\u012bvo skr\u016bvi, kas noved pie k\u013c\u016bmes.<\/span><\/li>\n<li style=\"font-weight: 400;\" aria-level=\"1\"><b>Temperat\u016bras ietekme<\/b><span style=\"font-weight: 400;\"><br \/>\n<\/span><span style=\"font-weight: 400;\">Temperat\u016bras sv\u0101rst\u012bbas izraisa materi\u0101lu izple\u0161anos un sarau\u0161anos, kas ietekm\u0113 skr\u016bvju darb\u012bbu.<\/span><\/li>\n<li style=\"font-weight: 400;\" aria-level=\"1\"><b>Nepareiza izl\u012bdzin\u0101\u0161ana<\/b><span style=\"font-weight: 400;\"><br \/>\n<\/span><span style=\"font-weight: 400;\">Nevienm\u0113r\u012bgi pievilktas skr\u016bves var izrais\u012bt deta\u013cu neizl\u012bdzin\u0101\u0161anu un\/vai sprieguma koncentr\u0101ciju.<\/span><\/li>\n<li style=\"font-weight: 400;\" aria-level=\"1\"><b>V\u012btnes boj\u0101jumi<\/b><span style=\"font-weight: 400;\"><br \/>\n<\/span><span style=\"font-weight: 400;\">Samazina skr\u016bves nestsp\u0113ju, un t\u0101 nesp\u0113j iztur\u0113t paredz\u0113to slodzi.<\/span><\/li>\n<li style=\"font-weight: 400;\" aria-level=\"1\"><b>Nepietiekama iepriek\u0161\u0113ja slodze<\/b><span style=\"font-weight: 400;\"><br \/>\n<\/span><span style=\"font-weight: 400;\">Skr\u016bve nesp\u0113j iztur\u0113t darba slodzi, kam t\u0101 paredz\u0113ta, un iziet no ierindas.<\/span><\/li>\n<\/ul>\n<p>&nbsp;<\/p>\n<p><iframe title=\"YouTube video player\" src=\"https:\/\/www.youtube.com\/embed\/DtMaWPHOU8Q?si=6B1N4op0o3gBOpO8\" width=\"560\" height=\"315\" frameborder=\"0\" allowfullscreen=\"allowfullscreen\"><\/iframe><\/p>\n","protected":false},"excerpt":{"rendered":"<p><b>Skr\u016bvju savienojumu uzraudz\u012bbas sist\u0113ma<\/b><\/p>\n<p><b>Darb\u012bbas princips<\/b><span style=\"font-weight: 400;\"><br \/>\n<\/span><span style=\"font-weight: 400;\">Vied\u0101s, gudr\u0101s skr\u016bves jeb sensoru skr\u016bves ar ieb\u016bv\u0113tiem LED optoelektroniskiem sensoriem, kas sazin\u0101s ar anal\u012btikas programmat\u016bru, izmantojot mar\u0161rut\u0113t\u0101ju. Sist\u0113ma nodro\u0161ina re\u0101llaika uzraudz\u012bbu un br\u012bdin\u0101jumus, lai nov\u0113rstu neparedz\u0113tas ra\u017eo\u0161anas aptur\u0113\u0161anas un garant\u0113tu darb\u012bbas uzticam\u012bbu.<\/span><\/p>\n<p><b>Att\u0101lin\u0101ta priek\u0161sprieguma uzraudz\u012bba<\/b><span style=\"font-weight: 400;\"><br \/>\n<\/span><span style=\"font-weight: 400;\">Skr\u016bves pievilk\u0161ana ar noteiktu griezes momentu, lai sasniegtu v\u0113lamo priek\u0161spriegumu, var \u0161\u0137ist vienk\u0101r\u0161a. Tom\u0113r ir vair\u0101ki faktori, kas var ietekm\u0113t rezult\u0101tu. Ko \u0161\u012b nenoteikt\u012bba noz\u012bm\u0113 dro\u0161\u012bbai un uzticam\u012bbai, un k\u0101 zin\u0101t, vai skr\u016bve ir pien\u0101c\u012bgi pievilkta? Skr\u016bvju savienojumu uzraudz\u012bbas sist\u0113ma pal\u012bdz atbild\u0113t uz \u0161iem jaut\u0101jumiem.<\/span><\/p>\n<p><b>Skr\u016bvju savienojumu uzraudz\u012bbas sist\u0113ma sast\u0101v no 3 elementiem:<\/b><\/p>\n<ul>\n<li style=\"font-weight: 400;\" aria-level=\"1\"><span style=\"font-weight: 400;\">skr\u016bve ar LED sensoriem (fotodiodes, temperat\u016bras\/magn\u0113ta sensori)\u00a0<\/span><\/li>\n<li style=\"font-weight: 400;\" aria-level=\"1\"><span style=\"font-weight: 400;\">mar\u0161rut\u0113t\u0101js jeb r\u016bters<\/span><\/li>\n<li style=\"font-weight: 400;\" aria-level=\"1\"><span style=\"font-weight: 400;\">anal\u012bzes programmat\u016bra<\/span><\/li>\n<\/ul>\n<p><b>Viedo uzraudz\u012bbas sist\u0113mu var pielietot da\u017e\u0101d\u0101s nozar\u0113s<\/b><span style=\"font-weight: 400;\"><br \/>\n<\/span><span style=\"font-weight: 400;\">Ra\u017eo\u0161an\u0101, ener\u0123\u0113tik\u0101, transport\u0101 vai b\u016bvniec\u012bb\u0101 \u0161\u012b tehnolo\u0123ija ir izstr\u0101d\u0101ta, lai uzlabotu darb\u012bbas efektivit\u0101ti un uzticam\u012bbu.\u00a0<\/span><\/p>\n<ul>\n<li style=\"font-weight: 400;\" aria-level=\"1\"><span style=\"font-weight: 400;\">Nafta un g\u0101ze\u00a0<\/span><\/li>\n<li style=\"font-weight: 400;\" aria-level=\"1\"><span style=\"font-weight: 400;\">Elektroener\u0123ija un ener\u0123ijas ra\u017eo\u0161ana\u00a0<\/span><\/li>\n<li style=\"font-weight: 400;\" aria-level=\"1\"><span style=\"font-weight: 400;\">B\u016bvniec\u012bba un infrastrukt\u016bra\u00a0<\/span><\/li>\n<li style=\"font-weight: 400;\" aria-level=\"1\"><span style=\"font-weight: 400;\">Kalnr\u016bpniec\u012bba \/ materi\u0101lu apstr\u0101de\u00a0<\/span><\/li>\n<li style=\"font-weight: 400;\" aria-level=\"1\"><span style=\"font-weight: 400;\">Ra\u017eo\u0161ana un smag\u0101 r\u016bpniec\u012bba\u00a0<\/span><\/li>\n<li style=\"font-weight: 400;\" aria-level=\"1\"><span style=\"font-weight: 400;\">Met\u0101lapstr\u0101des r\u016bpniec\u012bba\u00a0<\/span><\/li>\n<li style=\"font-weight: 400;\" aria-level=\"1\"><span style=\"font-weight: 400;\">Dzelzce\u013ca tehnolo\u0123ijas\u00a0<\/span><\/li>\n<li style=\"font-weight: 400;\" aria-level=\"1\"><span style=\"font-weight: 400;\">J\u016bras nozare \/ ku\u0123niec\u012bba<\/span><\/li>\n<\/ul>\n<p><b>Izstr\u0101d\u0101ta standarta skr\u016bv\u0113m<\/b><\/p>\n<ul>\n<li style=\"font-weight: 400;\" aria-level=\"1\"><span style=\"font-weight: 400;\">Skr\u016bvju izm\u0113ri no M10 l\u012bdz M27\u00a0<\/span><\/li>\n<li style=\"font-weight: 400;\" aria-level=\"1\"><span style=\"font-weight: 400;\">Standarta ISO 4014 \/ 4017 skr\u016bves\u00a0<\/span><\/li>\n<li style=\"font-weight: 400;\" aria-level=\"1\"><span style=\"font-weight: 400;\">8.8, 10.9 un 12.9 stipr\u012bbas klases\u00a0<\/span><\/li>\n<li style=\"font-weight: 400;\" aria-level=\"1\"><span style=\"font-weight: 400;\">88 un 109 klases no Bumax\u00ae, A4-70 un A4-80\u00a0<\/span><\/li>\n<li style=\"font-weight: 400;\" aria-level=\"1\"><span style=\"font-weight: 400;\">Ner\u016bs\u0113jo\u0161ais t\u0113rauds, oglek\u013ca t\u0113rauds, eksotiski sakaus\u0113jumi<\/span><\/li>\n<\/ul>\n<p><b>Mar\u0161rut\u0113t\u0101ji (r\u016bteri) un koncentratoru kartes<\/b><\/p>\n<ul>\n<li style=\"font-weight: 400;\" aria-level=\"1\"><span style=\"font-weight: 400;\">Stabils savienojums l\u012bdz 90 metriem<\/span><span style=\"font-weight: 400;\"><br \/>\n<\/span><span style=\"font-weight: 400;\">Starp skr\u016bvi un mar\u0161rut\u0113t\u0101ju br\u012bv\u0101 telp\u0101<\/span><span style=\"font-weight: 400;\"><br \/>\n<\/span><span style=\"font-weight: 400;\">(l\u012bdz 500 m ar antenu un pastiprin\u0101t\u0101jiem, betona telpas konfigur\u0101cijas gad\u012bjum\u0101)<\/span><\/li>\n<li style=\"font-weight: 400;\" aria-level=\"1\"><span style=\"font-weight: 400;\">Da\u017e\u0101das sakaru iesp\u0113jas<\/span><span style=\"font-weight: 400;\"><br \/>\n<\/span><span style=\"font-weight: 400;\">Ethernet\/LAN, Wi-Fi, 4G LTE vai SIM kartes, kas paredz\u0113tas tikai IoT<\/span><\/li>\n<\/ul>\n<p><span style=\"font-weight: 400;\">MAA Intelengineering SIA p\u0101rst\u0101v Strainlabs AB intereses Igaunijas, Latvijas un Lietuvas tirgos.<\/span><\/p>\n","protected":false},"featured_media":1260064671,"template":"","meta":[],"product_brand":[],"product_cat":[1673],"product_tag":[],"class_list":{"0":"post-1260065461","1":"product","2":"type-product","3":"status-publish","4":"has-post-thumbnail","6":"product_cat-bolted-joint-monitoring-system-et-lv","8":"first","9":"instock","10":"shipping-taxable","11":"product-type-simple"},"yoast_head":"<!-- This site is optimized with the Yoast SEO plugin v27.1.1 - https:\/\/yoast.com\/product\/yoast-seo-wordpress\/ -->\n<title>Skr\u016bvju savienojumu uzraudz\u012bbas sist\u0113ma - My industrial<\/title>\n<meta name=\"robots\" content=\"noindex, follow, max-snippet:-1, max-image-preview:large, max-video-preview:-1\" \/>\n<meta property=\"og:locale\" content=\"lv_LV\" \/>\n<meta property=\"og:type\" content=\"article\" \/>\n<meta property=\"og:title\" content=\"Skr\u016bvju savienojumu uzraudz\u012bbas sist\u0113ma - My industrial\" \/>\n<meta property=\"og:description\" content=\"Skr\u016bvju savienojumu uzraudz\u012bbas sist\u0113ma  Darb\u012bbas princips Vied\u0101s, gudr\u0101s skr\u016bves jeb sensoru skr\u016bves ar ieb\u016bv\u0113tiem LED optoelektroniskiem sensoriem, kas sazin\u0101s ar anal\u012btikas programmat\u016bru, izmantojot mar\u0161rut\u0113t\u0101ju. Sist\u0113ma nodro\u0161ina re\u0101llaika uzraudz\u012bbu un br\u012bdin\u0101jumus, lai nov\u0113rstu neparedz\u0113tas ra\u017eo\u0161anas aptur\u0113\u0161anas un garant\u0113tu darb\u012bbas uzticam\u012bbu.  Att\u0101lin\u0101ta priek\u0161sprieguma uzraudz\u012bba Skr\u016bves pievilk\u0161ana ar noteiktu griezes momentu, lai sasniegtu v\u0113lamo priek\u0161spriegumu, var \u0161\u0137ist vienk\u0101r\u0161a. Tom\u0113r ir vair\u0101ki faktori, kas var ietekm\u0113t rezult\u0101tu. Ko \u0161\u012b nenoteikt\u012bba noz\u012bm\u0113 dro\u0161\u012bbai un uzticam\u012bbai, un k\u0101 zin\u0101t, vai skr\u016bve ir pien\u0101c\u012bgi pievilkta? Skr\u016bvju savienojumu uzraudz\u012bbas sist\u0113ma pal\u012bdz atbild\u0113t uz \u0161iem jaut\u0101jumiem.  Skr\u016bvju savienojumu uzraudz\u012bbas sist\u0113ma sast\u0101v no 3 elementiem:   skr\u016bve ar LED sensoriem (fotodiodes, temperat\u016bras\/magn\u0113ta sensori)\u00a0  mar\u0161rut\u0113t\u0101js jeb r\u016bters  anal\u012bzes programmat\u016bra  Viedo uzraudz\u012bbas sist\u0113mu var pielietot da\u017e\u0101d\u0101s nozar\u0113s Ra\u017eo\u0161an\u0101, ener\u0123\u0113tik\u0101, transport\u0101 vai b\u016bvniec\u012bb\u0101 \u0161\u012b tehnolo\u0123ija ir izstr\u0101d\u0101ta, lai uzlabotu darb\u012bbas efektivit\u0101ti un uzticam\u012bbu.\u00a0   Nafta un g\u0101ze\u00a0  Elektroener\u0123ija un ener\u0123ijas ra\u017eo\u0161ana\u00a0  B\u016bvniec\u012bba un infrastrukt\u016bra\u00a0  Kalnr\u016bpniec\u012bba \/ materi\u0101lu apstr\u0101de\u00a0  Ra\u017eo\u0161ana un smag\u0101 r\u016bpniec\u012bba\u00a0  Met\u0101lapstr\u0101des r\u016bpniec\u012bba\u00a0  Dzelzce\u013ca tehnolo\u0123ijas\u00a0  J\u016bras nozare \/ ku\u0123niec\u012bba  Izstr\u0101d\u0101ta standarta skr\u016bv\u0113m   Skr\u016bvju izm\u0113ri no M10 l\u012bdz M27\u00a0  Standarta ISO 4014 \/ 4017 skr\u016bves\u00a0  8.8, 10.9 un 12.9 stipr\u012bbas klases\u00a0  88 un 109 klases no Bumax\u00ae, A4-70 un A4-80\u00a0  Ner\u016bs\u0113jo\u0161ais t\u0113rauds, oglek\u013ca t\u0113rauds, eksotiski sakaus\u0113jumi  Mar\u0161rut\u0113t\u0101ji (r\u016bteri) un koncentratoru kartes   Stabils savienojums l\u012bdz 90 metriem Starp skr\u016bvi un mar\u0161rut\u0113t\u0101ju br\u012bv\u0101 telp\u0101 (l\u012bdz 500 m ar antenu un pastiprin\u0101t\u0101jiem, betona telpas konfigur\u0101cijas gad\u012bjum\u0101)  Da\u017e\u0101das sakaru iesp\u0113jas Ethernet\/LAN, Wi-Fi, 4G LTE vai SIM kartes, kas paredz\u0113tas tikai IoT  MAA Intelengineering SIA p\u0101rst\u0101v Strainlabs AB intereses Igaunijas, Latvijas un Lietuvas tirgos.\" \/>\n<meta property=\"og:url\" content=\"https:\/\/dev.myindustrial.eu\/lv\/shop\/bolted-joint-monitoring-system-et-lv\/bolted-joint-monitoring-system\/\" \/>\n<meta property=\"og:site_name\" content=\"My industrial\" \/>\n<meta property=\"article:modified_time\" content=\"2025-02-04T15:36:40+00:00\" \/>\n<meta property=\"og:image\" content=\"https:\/\/dev.myindustrial.eu\/wp-content\/uploads\/2024\/12\/3d-skruv-cut-see-throuhg.webp\" \/>\n\t<meta property=\"og:image:width\" content=\"800\" \/>\n\t<meta property=\"og:image:height\" content=\"500\" \/>\n\t<meta property=\"og:image:type\" content=\"image\/webp\" \/>\n<meta name=\"twitter:card\" content=\"summary_large_image\" \/>\n<script type=\"application\/ld+json\" class=\"yoast-schema-graph\">{\"@context\":\"https:\/\/schema.org\",\"@graph\":[{\"@type\":\"WebPage\",\"@id\":\"https:\/\/dev.myindustrial.eu\/lv\/shop\/bolted-joint-monitoring-system-et-lv\/bolted-joint-monitoring-system\/\",\"url\":\"https:\/\/dev.myindustrial.eu\/lv\/shop\/bolted-joint-monitoring-system-et-lv\/bolted-joint-monitoring-system\/\",\"name\":\"Skr\u016bvju savienojumu uzraudz\u012bbas sist\u0113ma - My industrial\",\"isPartOf\":{\"@id\":\"https:\/\/dev.myindustrial.eu\/lv\/#website\"},\"primaryImageOfPage\":{\"@id\":\"https:\/\/dev.myindustrial.eu\/lv\/shop\/bolted-joint-monitoring-system-et-lv\/bolted-joint-monitoring-system\/#primaryimage\"},\"image\":{\"@id\":\"https:\/\/dev.myindustrial.eu\/lv\/shop\/bolted-joint-monitoring-system-et-lv\/bolted-joint-monitoring-system\/#primaryimage\"},\"thumbnailUrl\":\"https:\/\/dev.myindustrial.eu\/wp-content\/uploads\/2024\/12\/3d-skruv-cut-see-throuhg.webp\",\"datePublished\":\"2024-12-02T08:43:58+00:00\",\"dateModified\":\"2025-02-04T15:36:40+00:00\",\"breadcrumb\":{\"@id\":\"https:\/\/dev.myindustrial.eu\/lv\/shop\/bolted-joint-monitoring-system-et-lv\/bolted-joint-monitoring-system\/#breadcrumb\"},\"inLanguage\":\"lv-LV\",\"potentialAction\":[{\"@type\":\"ReadAction\",\"target\":[\"https:\/\/dev.myindustrial.eu\/lv\/shop\/bolted-joint-monitoring-system-et-lv\/bolted-joint-monitoring-system\/\"]}]},{\"@type\":\"ImageObject\",\"inLanguage\":\"lv-LV\",\"@id\":\"https:\/\/dev.myindustrial.eu\/lv\/shop\/bolted-joint-monitoring-system-et-lv\/bolted-joint-monitoring-system\/#primaryimage\",\"url\":\"https:\/\/dev.myindustrial.eu\/wp-content\/uploads\/2024\/12\/3d-skruv-cut-see-throuhg.webp\",\"contentUrl\":\"https:\/\/dev.myindustrial.eu\/wp-content\/uploads\/2024\/12\/3d-skruv-cut-see-throuhg.webp\",\"width\":800,\"height\":500},{\"@type\":\"BreadcrumbList\",\"@id\":\"https:\/\/dev.myindustrial.eu\/lv\/shop\/bolted-joint-monitoring-system-et-lv\/bolted-joint-monitoring-system\/#breadcrumb\",\"itemListElement\":[{\"@type\":\"ListItem\",\"position\":1,\"name\":\"Home\",\"item\":\"https:\/\/dev.myindustrial.eu\/lv\/\"},{\"@type\":\"ListItem\",\"position\":2,\"name\":\"Products\",\"item\":\"https:\/\/dev.myindustrial.eu\/lv\/products\/\"},{\"@type\":\"ListItem\",\"position\":3,\"name\":\"Skr\u016bvju savienojumu uzraudz\u012bbas sist\u0113ma\"}]},{\"@type\":\"WebSite\",\"@id\":\"https:\/\/dev.myindustrial.eu\/lv\/#website\",\"url\":\"https:\/\/dev.myindustrial.eu\/lv\/\",\"name\":\"My industrial\",\"description\":\"\",\"potentialAction\":[{\"@type\":\"SearchAction\",\"target\":{\"@type\":\"EntryPoint\",\"urlTemplate\":\"https:\/\/dev.myindustrial.eu\/lv\/?s={search_term_string}\"},\"query-input\":{\"@type\":\"PropertyValueSpecification\",\"valueRequired\":true,\"valueName\":\"search_term_string\"}}],\"inLanguage\":\"lv-LV\"}]}<\/script>\n<!-- \/ Yoast SEO plugin. -->","yoast_head_json":{"title":"Skr\u016bvju savienojumu uzraudz\u012bbas sist\u0113ma - My industrial","robots":{"index":"noindex","follow":"follow","max-snippet":"max-snippet:-1","max-image-preview":"max-image-preview:large","max-video-preview":"max-video-preview:-1"},"og_locale":"lv_LV","og_type":"article","og_title":"Skr\u016bvju savienojumu uzraudz\u012bbas sist\u0113ma - My industrial","og_description":"Skr\u016bvju savienojumu uzraudz\u012bbas sist\u0113ma  Darb\u012bbas princips Vied\u0101s, gudr\u0101s skr\u016bves jeb sensoru skr\u016bves ar ieb\u016bv\u0113tiem LED optoelektroniskiem sensoriem, kas sazin\u0101s ar anal\u012btikas programmat\u016bru, izmantojot mar\u0161rut\u0113t\u0101ju. Sist\u0113ma nodro\u0161ina re\u0101llaika uzraudz\u012bbu un br\u012bdin\u0101jumus, lai nov\u0113rstu neparedz\u0113tas ra\u017eo\u0161anas aptur\u0113\u0161anas un garant\u0113tu darb\u012bbas uzticam\u012bbu.  Att\u0101lin\u0101ta priek\u0161sprieguma uzraudz\u012bba Skr\u016bves pievilk\u0161ana ar noteiktu griezes momentu, lai sasniegtu v\u0113lamo priek\u0161spriegumu, var \u0161\u0137ist vienk\u0101r\u0161a. Tom\u0113r ir vair\u0101ki faktori, kas var ietekm\u0113t rezult\u0101tu. Ko \u0161\u012b nenoteikt\u012bba noz\u012bm\u0113 dro\u0161\u012bbai un uzticam\u012bbai, un k\u0101 zin\u0101t, vai skr\u016bve ir pien\u0101c\u012bgi pievilkta? Skr\u016bvju savienojumu uzraudz\u012bbas sist\u0113ma pal\u012bdz atbild\u0113t uz \u0161iem jaut\u0101jumiem.  Skr\u016bvju savienojumu uzraudz\u012bbas sist\u0113ma sast\u0101v no 3 elementiem:   skr\u016bve ar LED sensoriem (fotodiodes, temperat\u016bras\/magn\u0113ta sensori)\u00a0  mar\u0161rut\u0113t\u0101js jeb r\u016bters  anal\u012bzes programmat\u016bra  Viedo uzraudz\u012bbas sist\u0113mu var pielietot da\u017e\u0101d\u0101s nozar\u0113s Ra\u017eo\u0161an\u0101, ener\u0123\u0113tik\u0101, transport\u0101 vai b\u016bvniec\u012bb\u0101 \u0161\u012b tehnolo\u0123ija ir izstr\u0101d\u0101ta, lai uzlabotu darb\u012bbas efektivit\u0101ti un uzticam\u012bbu.\u00a0   Nafta un g\u0101ze\u00a0  Elektroener\u0123ija un ener\u0123ijas ra\u017eo\u0161ana\u00a0  B\u016bvniec\u012bba un infrastrukt\u016bra\u00a0  Kalnr\u016bpniec\u012bba \/ materi\u0101lu apstr\u0101de\u00a0  Ra\u017eo\u0161ana un smag\u0101 r\u016bpniec\u012bba\u00a0  Met\u0101lapstr\u0101des r\u016bpniec\u012bba\u00a0  Dzelzce\u013ca tehnolo\u0123ijas\u00a0  J\u016bras nozare \/ ku\u0123niec\u012bba  Izstr\u0101d\u0101ta standarta skr\u016bv\u0113m   Skr\u016bvju izm\u0113ri no M10 l\u012bdz M27\u00a0  Standarta ISO 4014 \/ 4017 skr\u016bves\u00a0  8.8, 10.9 un 12.9 stipr\u012bbas klases\u00a0  88 un 109 klases no Bumax\u00ae, A4-70 un A4-80\u00a0  Ner\u016bs\u0113jo\u0161ais t\u0113rauds, oglek\u013ca t\u0113rauds, eksotiski sakaus\u0113jumi  Mar\u0161rut\u0113t\u0101ji (r\u016bteri) un koncentratoru kartes   Stabils savienojums l\u012bdz 90 metriem Starp skr\u016bvi un mar\u0161rut\u0113t\u0101ju br\u012bv\u0101 telp\u0101 (l\u012bdz 500 m ar antenu un pastiprin\u0101t\u0101jiem, betona telpas konfigur\u0101cijas gad\u012bjum\u0101)  Da\u017e\u0101das sakaru iesp\u0113jas Ethernet\/LAN, Wi-Fi, 4G LTE vai SIM kartes, kas paredz\u0113tas tikai IoT  MAA Intelengineering SIA p\u0101rst\u0101v Strainlabs AB intereses Igaunijas, Latvijas un Lietuvas tirgos.","og_url":"https:\/\/dev.myindustrial.eu\/lv\/shop\/bolted-joint-monitoring-system-et-lv\/bolted-joint-monitoring-system\/","og_site_name":"My industrial","article_modified_time":"2025-02-04T15:36:40+00:00","og_image":[{"width":800,"height":500,"url":"https:\/\/dev.myindustrial.eu\/wp-content\/uploads\/2024\/12\/3d-skruv-cut-see-throuhg.webp","type":"image\/webp"}],"twitter_card":"summary_large_image","schema":{"@context":"https:\/\/schema.org","@graph":[{"@type":"WebPage","@id":"https:\/\/dev.myindustrial.eu\/lv\/shop\/bolted-joint-monitoring-system-et-lv\/bolted-joint-monitoring-system\/","url":"https:\/\/dev.myindustrial.eu\/lv\/shop\/bolted-joint-monitoring-system-et-lv\/bolted-joint-monitoring-system\/","name":"Skr\u016bvju savienojumu uzraudz\u012bbas sist\u0113ma - My industrial","isPartOf":{"@id":"https:\/\/dev.myindustrial.eu\/lv\/#website"},"primaryImageOfPage":{"@id":"https:\/\/dev.myindustrial.eu\/lv\/shop\/bolted-joint-monitoring-system-et-lv\/bolted-joint-monitoring-system\/#primaryimage"},"image":{"@id":"https:\/\/dev.myindustrial.eu\/lv\/shop\/bolted-joint-monitoring-system-et-lv\/bolted-joint-monitoring-system\/#primaryimage"},"thumbnailUrl":"https:\/\/dev.myindustrial.eu\/wp-content\/uploads\/2024\/12\/3d-skruv-cut-see-throuhg.webp","datePublished":"2024-12-02T08:43:58+00:00","dateModified":"2025-02-04T15:36:40+00:00","breadcrumb":{"@id":"https:\/\/dev.myindustrial.eu\/lv\/shop\/bolted-joint-monitoring-system-et-lv\/bolted-joint-monitoring-system\/#breadcrumb"},"inLanguage":"lv-LV","potentialAction":[{"@type":"ReadAction","target":["https:\/\/dev.myindustrial.eu\/lv\/shop\/bolted-joint-monitoring-system-et-lv\/bolted-joint-monitoring-system\/"]}]},{"@type":"ImageObject","inLanguage":"lv-LV","@id":"https:\/\/dev.myindustrial.eu\/lv\/shop\/bolted-joint-monitoring-system-et-lv\/bolted-joint-monitoring-system\/#primaryimage","url":"https:\/\/dev.myindustrial.eu\/wp-content\/uploads\/2024\/12\/3d-skruv-cut-see-throuhg.webp","contentUrl":"https:\/\/dev.myindustrial.eu\/wp-content\/uploads\/2024\/12\/3d-skruv-cut-see-throuhg.webp","width":800,"height":500},{"@type":"BreadcrumbList","@id":"https:\/\/dev.myindustrial.eu\/lv\/shop\/bolted-joint-monitoring-system-et-lv\/bolted-joint-monitoring-system\/#breadcrumb","itemListElement":[{"@type":"ListItem","position":1,"name":"Home","item":"https:\/\/dev.myindustrial.eu\/lv\/"},{"@type":"ListItem","position":2,"name":"Products","item":"https:\/\/dev.myindustrial.eu\/lv\/products\/"},{"@type":"ListItem","position":3,"name":"Skr\u016bvju savienojumu uzraudz\u012bbas sist\u0113ma"}]},{"@type":"WebSite","@id":"https:\/\/dev.myindustrial.eu\/lv\/#website","url":"https:\/\/dev.myindustrial.eu\/lv\/","name":"My industrial","description":"","potentialAction":[{"@type":"SearchAction","target":{"@type":"EntryPoint","urlTemplate":"https:\/\/dev.myindustrial.eu\/lv\/?s={search_term_string}"},"query-input":{"@type":"PropertyValueSpecification","valueRequired":true,"valueName":"search_term_string"}}],"inLanguage":"lv-LV"}]}},"_links":{"self":[{"href":"https:\/\/dev.myindustrial.eu\/lv\/wp-json\/wp\/v2\/product\/1260065461","targetHints":{"allow":["GET"]}}],"collection":[{"href":"https:\/\/dev.myindustrial.eu\/lv\/wp-json\/wp\/v2\/product"}],"about":[{"href":"https:\/\/dev.myindustrial.eu\/lv\/wp-json\/wp\/v2\/types\/product"}],"version-history":[{"count":1,"href":"https:\/\/dev.myindustrial.eu\/lv\/wp-json\/wp\/v2\/product\/1260065461\/revisions"}],"predecessor-version":[{"id":1260065462,"href":"https:\/\/dev.myindustrial.eu\/lv\/wp-json\/wp\/v2\/product\/1260065461\/revisions\/1260065462"}],"wp:featuredmedia":[{"embeddable":true,"href":"https:\/\/dev.myindustrial.eu\/lv\/wp-json\/wp\/v2\/media\/1260064671"}],"wp:attachment":[{"href":"https:\/\/dev.myindustrial.eu\/lv\/wp-json\/wp\/v2\/media?parent=1260065461"}],"wp:term":[{"taxonomy":"product_brand","embeddable":true,"href":"https:\/\/dev.myindustrial.eu\/lv\/wp-json\/wp\/v2\/product_brand?post=1260065461"},{"taxonomy":"product_cat","embeddable":true,"href":"https:\/\/dev.myindustrial.eu\/lv\/wp-json\/wp\/v2\/product_cat?post=1260065461"},{"taxonomy":"product_tag","embeddable":true,"href":"https:\/\/dev.myindustrial.eu\/lv\/wp-json\/wp\/v2\/product_tag?post=1260065461"}],"curies":[{"name":"wp","href":"https:\/\/api.w.org\/{rel}","templated":true}]}}