{"id":1260065466,"date":"2024-12-02T09:28:50","date_gmt":"2024-12-02T09:28:50","guid":{"rendered":"https:\/\/dev.myindustrial.eu\/shop\/uncategorized\/bogie-systems-technology\/"},"modified":"2024-12-23T21:08:28","modified_gmt":"2024-12-23T21:08:28","slug":"bogie-systems-technology","status":"publish","type":"product","link":"https:\/\/dev.myindustrial.eu\/lv\/shop\/rupnieciskas-bremzu-sistemas-un-piedzinas-apstadinasanas-komponentes\/ratinu-sistemu-tehnologija\/bogie-systems-technology\/","title":{"rendered":"Rati\u0146u sist\u0113mu tehnolo\u0123ija"},"content":{"rendered":"","protected":false},"excerpt":{"rendered":"<p><b>Celt\u0146u rati\u0146i<\/b><\/p>\n<p><b>MAA intelengineering SIA<\/b><span style=\"font-weight: 400;\"> projekt\u0113 un ra\u017eo piel\u0101gotas konstrukcijas rite\u0146u atbalstam atbilsto\u0161i klientu vajadz\u012bb\u0101m. Tehnisk\u0101 biroja zin\u0101\u0161anas un efektivit\u0101te \u013cauj pied\u0101v\u0101t past\u0101v\u012bgus uzlabojumus attiec\u012bb\u0101 uz iztur\u012bbu un struktur\u0101lo \u012bpa\u0161\u012bbu uzlabo\u0161anu, nodro\u0161inot produkta augstu veiktsp\u0113ju un iztur\u012bbu.<\/span><\/p>\n<p><b>RA\u017dO\u0160ANAS PROCESS<\/b><span style=\"font-weight: 400;\">\u00a0<\/span><\/p>\n<ul>\n<li style=\"font-weight: 400;\" aria-level=\"1\"><span style=\"font-weight: 400;\">IZEJMATERI\u0100LU IEPIRKUMI<\/span><\/li>\n<li style=\"font-weight: 400;\" aria-level=\"1\"><span style=\"font-weight: 400;\">PRIEK\u0160APSTR\u0100DE\u00a0<\/span><\/li>\n<li style=\"font-weight: 400;\" aria-level=\"1\"><span style=\"font-weight: 400;\">TERMOAPSTR\u0100DE\u00a0<\/span><\/li>\n<li style=\"font-weight: 400;\" aria-level=\"1\"><span style=\"font-weight: 400;\">GAL\u012aG\u0100 SL\u012aP\u0112\u0160ANA\u00a0<\/span><\/li>\n<li style=\"font-weight: 400;\" aria-level=\"1\"><span style=\"font-weight: 400;\">KVALIT\u0100TES KONTROLE<\/span><\/li>\n<\/ul>\n<p><b>\u012apa\u0161\u012bbas<\/b><span style=\"font-weight: 400;\">\u00a0<\/span><\/p>\n<p><span style=\"font-weight: 400;\">Past\u0101v\u012bgi materi\u0101lu un tehnolo\u0123iju p\u0113t\u012bjumi, lai nodro\u0161in\u0101tu ilglaic\u012bgu ciet\u012bbu.\u00a0<\/span><\/p>\n<ul>\n<li style=\"font-weight: 400;\" aria-level=\"1\"><span style=\"font-weight: 400;\">Pateicoties sadarb\u012bbai ar p\u0113tniec\u012bbas centru, rati\u0146u sist\u0113mas un rite\u0146i ir vien\u012bgie, kas ir sertific\u0113ti, izmantojot specifisku ciet\u012bbas anal\u012bzi.\u00a0<\/span><\/li>\n<li style=\"font-weight: 400;\" aria-level=\"1\"><span style=\"font-weight: 400;\">Rati\u0146u sist\u0113mas un rite\u0146i atbilst standartiem, kas nodro\u0161ina augstu veiktsp\u0113ju laika gait\u0101. Ciet\u012bba var t\u0101l\u0101k piel\u0101got jebkur\u0101m klientu vajadz\u012bb\u0101m.\u00a0<\/span><\/li>\n<li style=\"font-weight: 400;\" aria-level=\"1\"><span style=\"font-weight: 400;\">Visas rati\u0146u sist\u0113mas un rite\u0146i ir nodro\u0161in\u0101ti ar sertific\u0113tu r\u016bpn\u012bcas p\u0101rbaudes zi\u0146ojumu, met\u0101la ciet\u012bbas sertifik\u0101tu (pat katram atsevi\u0161\u0137am ritenim) un izm\u0113ru rezult\u0101tu zi\u0146ojumu.<\/span><\/li>\n<\/ul>\n<p><b>Tehnisk\u0101s priek\u0161roc\u012bbas<\/b><span style=\"font-weight: 400;\"><br \/>\n<\/span><b>R\u016aD\u012a\u0160ANAS CIET\u012aBA<\/b><span style=\"font-weight: 400;\"><br \/>\n<\/span><span style=\"font-weight: 400;\">Katras rati\u0146u sist\u0113mas un katra rite\u0146a met\u0101lu un ciet\u012bbu var sertific\u0113t, izmantojot neizn\u012bcino\u0161\u0101s p\u0101rbaudes metodi, kas \u013cauj izm\u0113r\u012bt ciet\u012bbas dzi\u013cumu, nesagrie\u017eot riteni.<\/span><\/p>\n","protected":false},"featured_media":1260064728,"template":"","meta":[],"product_brand":[],"product_cat":[1676],"product_tag":[],"class_list":{"0":"post-1260065466","1":"product","2":"type-product","3":"status-publish","4":"has-post-thumbnail","6":"product_cat-ratinu-sistemu-tehnologija","8":"first","9":"instock","10":"shipping-taxable","11":"product-type-simple"},"yoast_head":"<!-- This site is optimized with the Yoast SEO plugin v27.1.1 - https:\/\/yoast.com\/product\/yoast-seo-wordpress\/ -->\n<title>Rati\u0146u sist\u0113mu tehnolo\u0123ija - My industrial<\/title>\n<meta name=\"robots\" content=\"noindex, follow, max-snippet:-1, max-image-preview:large, max-video-preview:-1\" \/>\n<meta property=\"og:locale\" content=\"lv_LV\" \/>\n<meta property=\"og:type\" content=\"article\" \/>\n<meta property=\"og:title\" content=\"Rati\u0146u sist\u0113mu tehnolo\u0123ija - My industrial\" \/>\n<meta property=\"og:description\" content=\"Celt\u0146u rati\u0146i  MAA intelengineering SIA projekt\u0113 un ra\u017eo piel\u0101gotas konstrukcijas rite\u0146u atbalstam atbilsto\u0161i klientu vajadz\u012bb\u0101m. Tehnisk\u0101 biroja zin\u0101\u0161anas un efektivit\u0101te \u013cauj pied\u0101v\u0101t past\u0101v\u012bgus uzlabojumus attiec\u012bb\u0101 uz iztur\u012bbu un struktur\u0101lo \u012bpa\u0161\u012bbu uzlabo\u0161anu, nodro\u0161inot produkta augstu veiktsp\u0113ju un iztur\u012bbu.  RA\u017dO\u0160ANAS PROCESS\u00a0   IZEJMATERI\u0100LU IEPIRKUMI  PRIEK\u0160APSTR\u0100DE\u00a0  TERMOAPSTR\u0100DE\u00a0  GAL\u012aG\u0100 SL\u012aP\u0112\u0160ANA\u00a0  KVALIT\u0100TES KONTROLE  \u012apa\u0161\u012bbas\u00a0  Past\u0101v\u012bgi materi\u0101lu un tehnolo\u0123iju p\u0113t\u012bjumi, lai nodro\u0161in\u0101tu ilglaic\u012bgu ciet\u012bbu.\u00a0   Pateicoties sadarb\u012bbai ar p\u0113tniec\u012bbas centru, rati\u0146u sist\u0113mas un rite\u0146i ir vien\u012bgie, kas ir sertific\u0113ti, izmantojot specifisku ciet\u012bbas anal\u012bzi.\u00a0  Rati\u0146u sist\u0113mas un rite\u0146i atbilst standartiem, kas nodro\u0161ina augstu veiktsp\u0113ju laika gait\u0101. Ciet\u012bba var t\u0101l\u0101k piel\u0101got jebkur\u0101m klientu vajadz\u012bb\u0101m.\u00a0  Visas rati\u0146u sist\u0113mas un rite\u0146i ir nodro\u0161in\u0101ti ar sertific\u0113tu r\u016bpn\u012bcas p\u0101rbaudes zi\u0146ojumu, met\u0101la ciet\u012bbas sertifik\u0101tu (pat katram atsevi\u0161\u0137am ritenim) un izm\u0113ru rezult\u0101tu zi\u0146ojumu.  Tehnisk\u0101s priek\u0161roc\u012bbas R\u016aD\u012a\u0160ANAS CIET\u012aBA Katras rati\u0146u sist\u0113mas un katra rite\u0146a met\u0101lu un ciet\u012bbu var sertific\u0113t, izmantojot neizn\u012bcino\u0161\u0101s p\u0101rbaudes metodi, kas \u013cauj izm\u0113r\u012bt ciet\u012bbas dzi\u013cumu, nesagrie\u017eot riteni.\" \/>\n<meta property=\"og:url\" content=\"https:\/\/dev.myindustrial.eu\/lv\/shop\/rupnieciskas-bremzu-sistemas-un-piedzinas-apstadinasanas-komponentes\/ratinu-sistemu-tehnologija\/bogie-systems-technology\/\" \/>\n<meta property=\"og:site_name\" content=\"My industrial\" \/>\n<meta property=\"article:modified_time\" content=\"2024-12-23T21:08:28+00:00\" \/>\n<meta property=\"og:image\" content=\"https:\/\/dev.myindustrial.eu\/wp-content\/uploads\/2024\/12\/boogie-rosso.webp\" \/>\n\t<meta property=\"og:image:width\" content=\"800\" \/>\n\t<meta property=\"og:image:height\" content=\"800\" \/>\n\t<meta property=\"og:image:type\" content=\"image\/webp\" \/>\n<meta name=\"twitter:card\" content=\"summary_large_image\" \/>\n<script type=\"application\/ld+json\" class=\"yoast-schema-graph\">{\"@context\":\"https:\/\/schema.org\",\"@graph\":[{\"@type\":\"WebPage\",\"@id\":\"https:\/\/dev.myindustrial.eu\/lv\/shop\/rupnieciskas-bremzu-sistemas-un-piedzinas-apstadinasanas-komponentes\/ratinu-sistemu-tehnologija\/bogie-systems-technology\/\",\"url\":\"https:\/\/dev.myindustrial.eu\/lv\/shop\/rupnieciskas-bremzu-sistemas-un-piedzinas-apstadinasanas-komponentes\/ratinu-sistemu-tehnologija\/bogie-systems-technology\/\",\"name\":\"Rati\u0146u sist\u0113mu tehnolo\u0123ija - My industrial\",\"isPartOf\":{\"@id\":\"https:\/\/dev.myindustrial.eu\/lv\/#website\"},\"primaryImageOfPage\":{\"@id\":\"https:\/\/dev.myindustrial.eu\/lv\/shop\/rupnieciskas-bremzu-sistemas-un-piedzinas-apstadinasanas-komponentes\/ratinu-sistemu-tehnologija\/bogie-systems-technology\/#primaryimage\"},\"image\":{\"@id\":\"https:\/\/dev.myindustrial.eu\/lv\/shop\/rupnieciskas-bremzu-sistemas-un-piedzinas-apstadinasanas-komponentes\/ratinu-sistemu-tehnologija\/bogie-systems-technology\/#primaryimage\"},\"thumbnailUrl\":\"https:\/\/dev.myindustrial.eu\/wp-content\/uploads\/2024\/12\/boogie-rosso.webp\",\"datePublished\":\"2024-12-02T09:28:50+00:00\",\"dateModified\":\"2024-12-23T21:08:28+00:00\",\"breadcrumb\":{\"@id\":\"https:\/\/dev.myindustrial.eu\/lv\/shop\/rupnieciskas-bremzu-sistemas-un-piedzinas-apstadinasanas-komponentes\/ratinu-sistemu-tehnologija\/bogie-systems-technology\/#breadcrumb\"},\"inLanguage\":\"lv-LV\",\"potentialAction\":[{\"@type\":\"ReadAction\",\"target\":[\"https:\/\/dev.myindustrial.eu\/lv\/shop\/rupnieciskas-bremzu-sistemas-un-piedzinas-apstadinasanas-komponentes\/ratinu-sistemu-tehnologija\/bogie-systems-technology\/\"]}]},{\"@type\":\"ImageObject\",\"inLanguage\":\"lv-LV\",\"@id\":\"https:\/\/dev.myindustrial.eu\/lv\/shop\/rupnieciskas-bremzu-sistemas-un-piedzinas-apstadinasanas-komponentes\/ratinu-sistemu-tehnologija\/bogie-systems-technology\/#primaryimage\",\"url\":\"https:\/\/dev.myindustrial.eu\/wp-content\/uploads\/2024\/12\/boogie-rosso.webp\",\"contentUrl\":\"https:\/\/dev.myindustrial.eu\/wp-content\/uploads\/2024\/12\/boogie-rosso.webp\",\"width\":800,\"height\":800},{\"@type\":\"BreadcrumbList\",\"@id\":\"https:\/\/dev.myindustrial.eu\/lv\/shop\/rupnieciskas-bremzu-sistemas-un-piedzinas-apstadinasanas-komponentes\/ratinu-sistemu-tehnologija\/bogie-systems-technology\/#breadcrumb\",\"itemListElement\":[{\"@type\":\"ListItem\",\"position\":1,\"name\":\"Home\",\"item\":\"https:\/\/dev.myindustrial.eu\/lv\/\"},{\"@type\":\"ListItem\",\"position\":2,\"name\":\"Products\",\"item\":\"https:\/\/dev.myindustrial.eu\/lv\/products\/\"},{\"@type\":\"ListItem\",\"position\":3,\"name\":\"Rati\u0146u sist\u0113mu tehnolo\u0123ija\"}]},{\"@type\":\"WebSite\",\"@id\":\"https:\/\/dev.myindustrial.eu\/lv\/#website\",\"url\":\"https:\/\/dev.myindustrial.eu\/lv\/\",\"name\":\"My industrial\",\"description\":\"\",\"potentialAction\":[{\"@type\":\"SearchAction\",\"target\":{\"@type\":\"EntryPoint\",\"urlTemplate\":\"https:\/\/dev.myindustrial.eu\/lv\/?s={search_term_string}\"},\"query-input\":{\"@type\":\"PropertyValueSpecification\",\"valueRequired\":true,\"valueName\":\"search_term_string\"}}],\"inLanguage\":\"lv-LV\"}]}<\/script>\n<!-- \/ Yoast SEO plugin. -->","yoast_head_json":{"title":"Rati\u0146u sist\u0113mu tehnolo\u0123ija - My industrial","robots":{"index":"noindex","follow":"follow","max-snippet":"max-snippet:-1","max-image-preview":"max-image-preview:large","max-video-preview":"max-video-preview:-1"},"og_locale":"lv_LV","og_type":"article","og_title":"Rati\u0146u sist\u0113mu tehnolo\u0123ija - My industrial","og_description":"Celt\u0146u rati\u0146i  MAA intelengineering SIA projekt\u0113 un ra\u017eo piel\u0101gotas konstrukcijas rite\u0146u atbalstam atbilsto\u0161i klientu vajadz\u012bb\u0101m. Tehnisk\u0101 biroja zin\u0101\u0161anas un efektivit\u0101te \u013cauj pied\u0101v\u0101t past\u0101v\u012bgus uzlabojumus attiec\u012bb\u0101 uz iztur\u012bbu un struktur\u0101lo \u012bpa\u0161\u012bbu uzlabo\u0161anu, nodro\u0161inot produkta augstu veiktsp\u0113ju un iztur\u012bbu.  RA\u017dO\u0160ANAS PROCESS\u00a0   IZEJMATERI\u0100LU IEPIRKUMI  PRIEK\u0160APSTR\u0100DE\u00a0  TERMOAPSTR\u0100DE\u00a0  GAL\u012aG\u0100 SL\u012aP\u0112\u0160ANA\u00a0  KVALIT\u0100TES KONTROLE  \u012apa\u0161\u012bbas\u00a0  Past\u0101v\u012bgi materi\u0101lu un tehnolo\u0123iju p\u0113t\u012bjumi, lai nodro\u0161in\u0101tu ilglaic\u012bgu ciet\u012bbu.\u00a0   Pateicoties sadarb\u012bbai ar p\u0113tniec\u012bbas centru, rati\u0146u sist\u0113mas un rite\u0146i ir vien\u012bgie, kas ir sertific\u0113ti, izmantojot specifisku ciet\u012bbas anal\u012bzi.\u00a0  Rati\u0146u sist\u0113mas un rite\u0146i atbilst standartiem, kas nodro\u0161ina augstu veiktsp\u0113ju laika gait\u0101. Ciet\u012bba var t\u0101l\u0101k piel\u0101got jebkur\u0101m klientu vajadz\u012bb\u0101m.\u00a0  Visas rati\u0146u sist\u0113mas un rite\u0146i ir nodro\u0161in\u0101ti ar sertific\u0113tu r\u016bpn\u012bcas p\u0101rbaudes zi\u0146ojumu, met\u0101la ciet\u012bbas sertifik\u0101tu (pat katram atsevi\u0161\u0137am ritenim) un izm\u0113ru rezult\u0101tu zi\u0146ojumu.  Tehnisk\u0101s priek\u0161roc\u012bbas R\u016aD\u012a\u0160ANAS CIET\u012aBA Katras rati\u0146u sist\u0113mas un katra rite\u0146a met\u0101lu un ciet\u012bbu var sertific\u0113t, izmantojot neizn\u012bcino\u0161\u0101s p\u0101rbaudes metodi, kas \u013cauj izm\u0113r\u012bt ciet\u012bbas dzi\u013cumu, nesagrie\u017eot riteni.","og_url":"https:\/\/dev.myindustrial.eu\/lv\/shop\/rupnieciskas-bremzu-sistemas-un-piedzinas-apstadinasanas-komponentes\/ratinu-sistemu-tehnologija\/bogie-systems-technology\/","og_site_name":"My industrial","article_modified_time":"2024-12-23T21:08:28+00:00","og_image":[{"width":800,"height":800,"url":"https:\/\/dev.myindustrial.eu\/wp-content\/uploads\/2024\/12\/boogie-rosso.webp","type":"image\/webp"}],"twitter_card":"summary_large_image","schema":{"@context":"https:\/\/schema.org","@graph":[{"@type":"WebPage","@id":"https:\/\/dev.myindustrial.eu\/lv\/shop\/rupnieciskas-bremzu-sistemas-un-piedzinas-apstadinasanas-komponentes\/ratinu-sistemu-tehnologija\/bogie-systems-technology\/","url":"https:\/\/dev.myindustrial.eu\/lv\/shop\/rupnieciskas-bremzu-sistemas-un-piedzinas-apstadinasanas-komponentes\/ratinu-sistemu-tehnologija\/bogie-systems-technology\/","name":"Rati\u0146u sist\u0113mu tehnolo\u0123ija - My industrial","isPartOf":{"@id":"https:\/\/dev.myindustrial.eu\/lv\/#website"},"primaryImageOfPage":{"@id":"https:\/\/dev.myindustrial.eu\/lv\/shop\/rupnieciskas-bremzu-sistemas-un-piedzinas-apstadinasanas-komponentes\/ratinu-sistemu-tehnologija\/bogie-systems-technology\/#primaryimage"},"image":{"@id":"https:\/\/dev.myindustrial.eu\/lv\/shop\/rupnieciskas-bremzu-sistemas-un-piedzinas-apstadinasanas-komponentes\/ratinu-sistemu-tehnologija\/bogie-systems-technology\/#primaryimage"},"thumbnailUrl":"https:\/\/dev.myindustrial.eu\/wp-content\/uploads\/2024\/12\/boogie-rosso.webp","datePublished":"2024-12-02T09:28:50+00:00","dateModified":"2024-12-23T21:08:28+00:00","breadcrumb":{"@id":"https:\/\/dev.myindustrial.eu\/lv\/shop\/rupnieciskas-bremzu-sistemas-un-piedzinas-apstadinasanas-komponentes\/ratinu-sistemu-tehnologija\/bogie-systems-technology\/#breadcrumb"},"inLanguage":"lv-LV","potentialAction":[{"@type":"ReadAction","target":["https:\/\/dev.myindustrial.eu\/lv\/shop\/rupnieciskas-bremzu-sistemas-un-piedzinas-apstadinasanas-komponentes\/ratinu-sistemu-tehnologija\/bogie-systems-technology\/"]}]},{"@type":"ImageObject","inLanguage":"lv-LV","@id":"https:\/\/dev.myindustrial.eu\/lv\/shop\/rupnieciskas-bremzu-sistemas-un-piedzinas-apstadinasanas-komponentes\/ratinu-sistemu-tehnologija\/bogie-systems-technology\/#primaryimage","url":"https:\/\/dev.myindustrial.eu\/wp-content\/uploads\/2024\/12\/boogie-rosso.webp","contentUrl":"https:\/\/dev.myindustrial.eu\/wp-content\/uploads\/2024\/12\/boogie-rosso.webp","width":800,"height":800},{"@type":"BreadcrumbList","@id":"https:\/\/dev.myindustrial.eu\/lv\/shop\/rupnieciskas-bremzu-sistemas-un-piedzinas-apstadinasanas-komponentes\/ratinu-sistemu-tehnologija\/bogie-systems-technology\/#breadcrumb","itemListElement":[{"@type":"ListItem","position":1,"name":"Home","item":"https:\/\/dev.myindustrial.eu\/lv\/"},{"@type":"ListItem","position":2,"name":"Products","item":"https:\/\/dev.myindustrial.eu\/lv\/products\/"},{"@type":"ListItem","position":3,"name":"Rati\u0146u sist\u0113mu tehnolo\u0123ija"}]},{"@type":"WebSite","@id":"https:\/\/dev.myindustrial.eu\/lv\/#website","url":"https:\/\/dev.myindustrial.eu\/lv\/","name":"My industrial","description":"","potentialAction":[{"@type":"SearchAction","target":{"@type":"EntryPoint","urlTemplate":"https:\/\/dev.myindustrial.eu\/lv\/?s={search_term_string}"},"query-input":{"@type":"PropertyValueSpecification","valueRequired":true,"valueName":"search_term_string"}}],"inLanguage":"lv-LV"}]}},"_links":{"self":[{"href":"https:\/\/dev.myindustrial.eu\/lv\/wp-json\/wp\/v2\/product\/1260065466","targetHints":{"allow":["GET"]}}],"collection":[{"href":"https:\/\/dev.myindustrial.eu\/lv\/wp-json\/wp\/v2\/product"}],"about":[{"href":"https:\/\/dev.myindustrial.eu\/lv\/wp-json\/wp\/v2\/types\/product"}],"version-history":[{"count":0,"href":"https:\/\/dev.myindustrial.eu\/lv\/wp-json\/wp\/v2\/product\/1260065466\/revisions"}],"wp:featuredmedia":[{"embeddable":true,"href":"https:\/\/dev.myindustrial.eu\/lv\/wp-json\/wp\/v2\/media\/1260064728"}],"wp:attachment":[{"href":"https:\/\/dev.myindustrial.eu\/lv\/wp-json\/wp\/v2\/media?parent=1260065466"}],"wp:term":[{"taxonomy":"product_brand","embeddable":true,"href":"https:\/\/dev.myindustrial.eu\/lv\/wp-json\/wp\/v2\/product_brand?post=1260065466"},{"taxonomy":"product_cat","embeddable":true,"href":"https:\/\/dev.myindustrial.eu\/lv\/wp-json\/wp\/v2\/product_cat?post=1260065466"},{"taxonomy":"product_tag","embeddable":true,"href":"https:\/\/dev.myindustrial.eu\/lv\/wp-json\/wp\/v2\/product_tag?post=1260065466"}],"curies":[{"name":"wp","href":"https:\/\/api.w.org\/{rel}","templated":true}]}}