{"id":1260065475,"date":"2024-12-02T09:35:05","date_gmt":"2024-12-02T09:35:05","guid":{"rendered":"https:\/\/dev.myindustrial.eu\/shop\/uncategorized\/industrial-brake-drum-with-hub\/"},"modified":"2024-12-23T21:34:38","modified_gmt":"2024-12-23T21:34:38","slug":"industrial-brake-drum-with-hub","status":"publish","type":"product","link":"https:\/\/dev.myindustrial.eu\/lv\/shop\/rupnieciskas-bremzu-sistemas-un-piedzinas-apstadinasanas-komponentes\/bremzu-piederumi\/industrial-brake-drum-with-hub\/","title":{"rendered":"R\u016bpnieciskais brem\u017eu trumulis ar rumbu"},"content":{"rendered":"","protected":false},"excerpt":{"rendered":"<p><b>Industri\u0101lais brem\u017eu trumulis ar rumbu<\/b><\/p>\n<p><span style=\"font-weight: 400;\">Izgatavots no cieta materi\u0101la (lodveida \u010duguns GGG 40 vai t\u0113rauds)<\/span><span style=\"font-weight: 400;\"><br \/>\n<\/span><span style=\"font-weight: 400;\">Bez disbalansa, kvalit\u0101te lab\u0101ka par 6.3<\/span><span style=\"font-weight: 400;\"><br \/>\n<\/span><span style=\"font-weight: 400;\">Bez sarukuma por\u0101m<\/span><span style=\"font-weight: 400;\"><br \/>\n<\/span><span style=\"font-weight: 400;\">Standarta izm\u0113ri:<\/span><\/p>\n<ul>\n<li style=\"font-weight: 400;\" aria-level=\"1\"><span style=\"font-weight: 400;\">\u00d8 160 mm<\/span><\/li>\n<li style=\"font-weight: 400;\" aria-level=\"1\"><span style=\"font-weight: 400;\">\u00d8 200 mm<\/span><\/li>\n<li style=\"font-weight: 400;\" aria-level=\"1\"><span style=\"font-weight: 400;\">\u00d8 250 mm<\/span><\/li>\n<li style=\"font-weight: 400;\" aria-level=\"1\"><span style=\"font-weight: 400;\">\u00d8 315 mm<\/span><\/li>\n<li style=\"font-weight: 400;\" aria-level=\"1\"><span style=\"font-weight: 400;\">\u00d8 400 mm<\/span><\/li>\n<li style=\"font-weight: 400;\" aria-level=\"1\"><span style=\"font-weight: 400;\">\u00d8 500 mm<\/span><\/li>\n<li style=\"font-weight: 400;\" aria-level=\"1\"><span style=\"font-weight: 400;\">\u00d8 630 mm<\/span><\/li>\n<li style=\"font-weight: 400;\" aria-level=\"1\"><span style=\"font-weight: 400;\">\u00d8 710 mm<\/span><\/li>\n<li style=\"font-weight: 400;\" aria-level=\"1\"><span style=\"font-weight: 400;\">\u00d8 800 mm<\/span><\/li>\n<\/ul>\n<p><b>\u012apa\u0161\u012bbas:<\/b><\/p>\n<ul>\n<li style=\"font-weight: 400;\" aria-level=\"1\"><span style=\"font-weight: 400;\">Stipr\u0101ks brem\u017eu trumu\u013ca aploks \/ \u0101r\u0113j\u0101 virsma (standarts)<\/span><\/li>\n<li style=\"font-weight: 400;\" aria-level=\"1\"><span style=\"font-weight: 400;\">\u0100rk\u0101rtas bremz\u0113\u0161anas gad\u012bjum\u0101 brem\u017eu trumulis sp\u0113j absorb\u0113t vair\u0101k ener\u0123ijas, pateicoties biez\u0101kam aplokam<\/span><\/li>\n<\/ul>\n<p><b>Tehniskie ieguvumi:<\/b><\/p>\n<ul>\n<li style=\"font-weight: 400;\" aria-level=\"1\"><span style=\"font-weight: 400;\">Stipr\u0101ks brem\u017eu trumu\u013ca aploks \/ \u0101r\u0113j\u0101 virsma<\/span><\/li>\n<li style=\"font-weight: 400;\" aria-level=\"1\"><span style=\"font-weight: 400;\">Samazin\u0101ts darb\u012bbas troksnis \/ \u010d\u012bkst\u0113\u0161ana<\/span><\/li>\n<li style=\"font-weight: 400;\" aria-level=\"1\"><span style=\"font-weight: 400;\">Bez disbalansa, kvalit\u0101te lab\u0101ka par 6.3<\/span><\/li>\n<\/ul>\n","protected":false},"featured_media":1260064750,"template":"","meta":[],"product_brand":[],"product_cat":[1681],"product_tag":[],"class_list":{"0":"post-1260065475","1":"product","2":"type-product","3":"status-publish","4":"has-post-thumbnail","6":"product_cat-bremzu-piederumi","8":"first","9":"instock","10":"shipping-taxable","11":"product-type-simple"},"yoast_head":"<!-- This site is optimized with the Yoast SEO plugin v27.1.1 - https:\/\/yoast.com\/product\/yoast-seo-wordpress\/ -->\n<title>R\u016bpnieciskais brem\u017eu trumulis ar rumbu - My industrial<\/title>\n<meta name=\"robots\" content=\"noindex, follow, max-snippet:-1, max-image-preview:large, max-video-preview:-1\" \/>\n<meta property=\"og:locale\" content=\"lv_LV\" \/>\n<meta property=\"og:type\" content=\"article\" \/>\n<meta property=\"og:title\" content=\"R\u016bpnieciskais brem\u017eu trumulis ar rumbu - My industrial\" \/>\n<meta property=\"og:description\" content=\"Industri\u0101lais brem\u017eu trumulis ar rumbu  Izgatavots no cieta materi\u0101la (lodveida \u010duguns GGG 40 vai t\u0113rauds) Bez disbalansa, kvalit\u0101te lab\u0101ka par 6.3 Bez sarukuma por\u0101m Standarta izm\u0113ri:   \u00d8 160 mm  \u00d8 200 mm  \u00d8 250 mm  \u00d8 315 mm  \u00d8 400 mm  \u00d8 500 mm  \u00d8 630 mm  \u00d8 710 mm  \u00d8 800 mm  \u012apa\u0161\u012bbas:   Stipr\u0101ks brem\u017eu trumu\u013ca aploks \/ \u0101r\u0113j\u0101 virsma (standarts)  \u0100rk\u0101rtas bremz\u0113\u0161anas gad\u012bjum\u0101 brem\u017eu trumulis sp\u0113j absorb\u0113t vair\u0101k ener\u0123ijas, pateicoties biez\u0101kam aplokam  Tehniskie ieguvumi:   Stipr\u0101ks brem\u017eu trumu\u013ca aploks \/ \u0101r\u0113j\u0101 virsma  Samazin\u0101ts darb\u012bbas troksnis \/ \u010d\u012bkst\u0113\u0161ana  Bez disbalansa, kvalit\u0101te lab\u0101ka par 6.3\" \/>\n<meta property=\"og:url\" content=\"https:\/\/dev.myindustrial.eu\/lv\/shop\/rupnieciskas-bremzu-sistemas-un-piedzinas-apstadinasanas-komponentes\/bremzu-piederumi\/industrial-brake-drum-with-hub\/\" \/>\n<meta property=\"og:site_name\" content=\"My industrial\" \/>\n<meta property=\"article:modified_time\" content=\"2024-12-23T21:34:38+00:00\" \/>\n<meta property=\"og:image\" content=\"https:\/\/dev.myindustrial.eu\/wp-content\/uploads\/2024\/12\/bremstrommel-nabe.webp\" \/>\n\t<meta property=\"og:image:width\" content=\"464\" \/>\n\t<meta property=\"og:image:height\" content=\"481\" \/>\n\t<meta property=\"og:image:type\" content=\"image\/webp\" \/>\n<meta name=\"twitter:card\" content=\"summary_large_image\" \/>\n<script type=\"application\/ld+json\" class=\"yoast-schema-graph\">{\"@context\":\"https:\/\/schema.org\",\"@graph\":[{\"@type\":\"WebPage\",\"@id\":\"https:\/\/dev.myindustrial.eu\/lv\/shop\/rupnieciskas-bremzu-sistemas-un-piedzinas-apstadinasanas-komponentes\/bremzu-piederumi\/industrial-brake-drum-with-hub\/\",\"url\":\"https:\/\/dev.myindustrial.eu\/lv\/shop\/rupnieciskas-bremzu-sistemas-un-piedzinas-apstadinasanas-komponentes\/bremzu-piederumi\/industrial-brake-drum-with-hub\/\",\"name\":\"R\u016bpnieciskais brem\u017eu trumulis ar rumbu - My industrial\",\"isPartOf\":{\"@id\":\"https:\/\/dev.myindustrial.eu\/lv\/#website\"},\"primaryImageOfPage\":{\"@id\":\"https:\/\/dev.myindustrial.eu\/lv\/shop\/rupnieciskas-bremzu-sistemas-un-piedzinas-apstadinasanas-komponentes\/bremzu-piederumi\/industrial-brake-drum-with-hub\/#primaryimage\"},\"image\":{\"@id\":\"https:\/\/dev.myindustrial.eu\/lv\/shop\/rupnieciskas-bremzu-sistemas-un-piedzinas-apstadinasanas-komponentes\/bremzu-piederumi\/industrial-brake-drum-with-hub\/#primaryimage\"},\"thumbnailUrl\":\"https:\/\/dev.myindustrial.eu\/wp-content\/uploads\/2024\/12\/bremstrommel-nabe.webp\",\"datePublished\":\"2024-12-02T09:35:05+00:00\",\"dateModified\":\"2024-12-23T21:34:38+00:00\",\"breadcrumb\":{\"@id\":\"https:\/\/dev.myindustrial.eu\/lv\/shop\/rupnieciskas-bremzu-sistemas-un-piedzinas-apstadinasanas-komponentes\/bremzu-piederumi\/industrial-brake-drum-with-hub\/#breadcrumb\"},\"inLanguage\":\"lv-LV\",\"potentialAction\":[{\"@type\":\"ReadAction\",\"target\":[\"https:\/\/dev.myindustrial.eu\/lv\/shop\/rupnieciskas-bremzu-sistemas-un-piedzinas-apstadinasanas-komponentes\/bremzu-piederumi\/industrial-brake-drum-with-hub\/\"]}]},{\"@type\":\"ImageObject\",\"inLanguage\":\"lv-LV\",\"@id\":\"https:\/\/dev.myindustrial.eu\/lv\/shop\/rupnieciskas-bremzu-sistemas-un-piedzinas-apstadinasanas-komponentes\/bremzu-piederumi\/industrial-brake-drum-with-hub\/#primaryimage\",\"url\":\"https:\/\/dev.myindustrial.eu\/wp-content\/uploads\/2024\/12\/bremstrommel-nabe.webp\",\"contentUrl\":\"https:\/\/dev.myindustrial.eu\/wp-content\/uploads\/2024\/12\/bremstrommel-nabe.webp\",\"width\":464,\"height\":481},{\"@type\":\"BreadcrumbList\",\"@id\":\"https:\/\/dev.myindustrial.eu\/lv\/shop\/rupnieciskas-bremzu-sistemas-un-piedzinas-apstadinasanas-komponentes\/bremzu-piederumi\/industrial-brake-drum-with-hub\/#breadcrumb\",\"itemListElement\":[{\"@type\":\"ListItem\",\"position\":1,\"name\":\"Home\",\"item\":\"https:\/\/dev.myindustrial.eu\/lv\/\"},{\"@type\":\"ListItem\",\"position\":2,\"name\":\"Products\",\"item\":\"https:\/\/dev.myindustrial.eu\/lv\/products\/\"},{\"@type\":\"ListItem\",\"position\":3,\"name\":\"R\u016bpnieciskais brem\u017eu trumulis ar rumbu\"}]},{\"@type\":\"WebSite\",\"@id\":\"https:\/\/dev.myindustrial.eu\/lv\/#website\",\"url\":\"https:\/\/dev.myindustrial.eu\/lv\/\",\"name\":\"My industrial\",\"description\":\"\",\"potentialAction\":[{\"@type\":\"SearchAction\",\"target\":{\"@type\":\"EntryPoint\",\"urlTemplate\":\"https:\/\/dev.myindustrial.eu\/lv\/?s={search_term_string}\"},\"query-input\":{\"@type\":\"PropertyValueSpecification\",\"valueRequired\":true,\"valueName\":\"search_term_string\"}}],\"inLanguage\":\"lv-LV\"}]}<\/script>\n<!-- \/ Yoast SEO plugin. -->","yoast_head_json":{"title":"R\u016bpnieciskais brem\u017eu trumulis ar rumbu - My industrial","robots":{"index":"noindex","follow":"follow","max-snippet":"max-snippet:-1","max-image-preview":"max-image-preview:large","max-video-preview":"max-video-preview:-1"},"og_locale":"lv_LV","og_type":"article","og_title":"R\u016bpnieciskais brem\u017eu trumulis ar rumbu - My industrial","og_description":"Industri\u0101lais brem\u017eu trumulis ar rumbu  Izgatavots no cieta materi\u0101la (lodveida \u010duguns GGG 40 vai t\u0113rauds) Bez disbalansa, kvalit\u0101te lab\u0101ka par 6.3 Bez sarukuma por\u0101m Standarta izm\u0113ri:   \u00d8 160 mm  \u00d8 200 mm  \u00d8 250 mm  \u00d8 315 mm  \u00d8 400 mm  \u00d8 500 mm  \u00d8 630 mm  \u00d8 710 mm  \u00d8 800 mm  \u012apa\u0161\u012bbas:   Stipr\u0101ks brem\u017eu trumu\u013ca aploks \/ \u0101r\u0113j\u0101 virsma (standarts)  \u0100rk\u0101rtas bremz\u0113\u0161anas gad\u012bjum\u0101 brem\u017eu trumulis sp\u0113j absorb\u0113t vair\u0101k ener\u0123ijas, pateicoties biez\u0101kam aplokam  Tehniskie ieguvumi:   Stipr\u0101ks brem\u017eu trumu\u013ca aploks \/ \u0101r\u0113j\u0101 virsma  Samazin\u0101ts darb\u012bbas troksnis \/ \u010d\u012bkst\u0113\u0161ana  Bez disbalansa, kvalit\u0101te lab\u0101ka par 6.3","og_url":"https:\/\/dev.myindustrial.eu\/lv\/shop\/rupnieciskas-bremzu-sistemas-un-piedzinas-apstadinasanas-komponentes\/bremzu-piederumi\/industrial-brake-drum-with-hub\/","og_site_name":"My industrial","article_modified_time":"2024-12-23T21:34:38+00:00","og_image":[{"width":464,"height":481,"url":"https:\/\/dev.myindustrial.eu\/wp-content\/uploads\/2024\/12\/bremstrommel-nabe.webp","type":"image\/webp"}],"twitter_card":"summary_large_image","schema":{"@context":"https:\/\/schema.org","@graph":[{"@type":"WebPage","@id":"https:\/\/dev.myindustrial.eu\/lv\/shop\/rupnieciskas-bremzu-sistemas-un-piedzinas-apstadinasanas-komponentes\/bremzu-piederumi\/industrial-brake-drum-with-hub\/","url":"https:\/\/dev.myindustrial.eu\/lv\/shop\/rupnieciskas-bremzu-sistemas-un-piedzinas-apstadinasanas-komponentes\/bremzu-piederumi\/industrial-brake-drum-with-hub\/","name":"R\u016bpnieciskais brem\u017eu trumulis ar rumbu - My industrial","isPartOf":{"@id":"https:\/\/dev.myindustrial.eu\/lv\/#website"},"primaryImageOfPage":{"@id":"https:\/\/dev.myindustrial.eu\/lv\/shop\/rupnieciskas-bremzu-sistemas-un-piedzinas-apstadinasanas-komponentes\/bremzu-piederumi\/industrial-brake-drum-with-hub\/#primaryimage"},"image":{"@id":"https:\/\/dev.myindustrial.eu\/lv\/shop\/rupnieciskas-bremzu-sistemas-un-piedzinas-apstadinasanas-komponentes\/bremzu-piederumi\/industrial-brake-drum-with-hub\/#primaryimage"},"thumbnailUrl":"https:\/\/dev.myindustrial.eu\/wp-content\/uploads\/2024\/12\/bremstrommel-nabe.webp","datePublished":"2024-12-02T09:35:05+00:00","dateModified":"2024-12-23T21:34:38+00:00","breadcrumb":{"@id":"https:\/\/dev.myindustrial.eu\/lv\/shop\/rupnieciskas-bremzu-sistemas-un-piedzinas-apstadinasanas-komponentes\/bremzu-piederumi\/industrial-brake-drum-with-hub\/#breadcrumb"},"inLanguage":"lv-LV","potentialAction":[{"@type":"ReadAction","target":["https:\/\/dev.myindustrial.eu\/lv\/shop\/rupnieciskas-bremzu-sistemas-un-piedzinas-apstadinasanas-komponentes\/bremzu-piederumi\/industrial-brake-drum-with-hub\/"]}]},{"@type":"ImageObject","inLanguage":"lv-LV","@id":"https:\/\/dev.myindustrial.eu\/lv\/shop\/rupnieciskas-bremzu-sistemas-un-piedzinas-apstadinasanas-komponentes\/bremzu-piederumi\/industrial-brake-drum-with-hub\/#primaryimage","url":"https:\/\/dev.myindustrial.eu\/wp-content\/uploads\/2024\/12\/bremstrommel-nabe.webp","contentUrl":"https:\/\/dev.myindustrial.eu\/wp-content\/uploads\/2024\/12\/bremstrommel-nabe.webp","width":464,"height":481},{"@type":"BreadcrumbList","@id":"https:\/\/dev.myindustrial.eu\/lv\/shop\/rupnieciskas-bremzu-sistemas-un-piedzinas-apstadinasanas-komponentes\/bremzu-piederumi\/industrial-brake-drum-with-hub\/#breadcrumb","itemListElement":[{"@type":"ListItem","position":1,"name":"Home","item":"https:\/\/dev.myindustrial.eu\/lv\/"},{"@type":"ListItem","position":2,"name":"Products","item":"https:\/\/dev.myindustrial.eu\/lv\/products\/"},{"@type":"ListItem","position":3,"name":"R\u016bpnieciskais brem\u017eu trumulis ar rumbu"}]},{"@type":"WebSite","@id":"https:\/\/dev.myindustrial.eu\/lv\/#website","url":"https:\/\/dev.myindustrial.eu\/lv\/","name":"My industrial","description":"","potentialAction":[{"@type":"SearchAction","target":{"@type":"EntryPoint","urlTemplate":"https:\/\/dev.myindustrial.eu\/lv\/?s={search_term_string}"},"query-input":{"@type":"PropertyValueSpecification","valueRequired":true,"valueName":"search_term_string"}}],"inLanguage":"lv-LV"}]}},"_links":{"self":[{"href":"https:\/\/dev.myindustrial.eu\/lv\/wp-json\/wp\/v2\/product\/1260065475","targetHints":{"allow":["GET"]}}],"collection":[{"href":"https:\/\/dev.myindustrial.eu\/lv\/wp-json\/wp\/v2\/product"}],"about":[{"href":"https:\/\/dev.myindustrial.eu\/lv\/wp-json\/wp\/v2\/types\/product"}],"version-history":[{"count":0,"href":"https:\/\/dev.myindustrial.eu\/lv\/wp-json\/wp\/v2\/product\/1260065475\/revisions"}],"wp:featuredmedia":[{"embeddable":true,"href":"https:\/\/dev.myindustrial.eu\/lv\/wp-json\/wp\/v2\/media\/1260064750"}],"wp:attachment":[{"href":"https:\/\/dev.myindustrial.eu\/lv\/wp-json\/wp\/v2\/media?parent=1260065475"}],"wp:term":[{"taxonomy":"product_brand","embeddable":true,"href":"https:\/\/dev.myindustrial.eu\/lv\/wp-json\/wp\/v2\/product_brand?post=1260065475"},{"taxonomy":"product_cat","embeddable":true,"href":"https:\/\/dev.myindustrial.eu\/lv\/wp-json\/wp\/v2\/product_cat?post=1260065475"},{"taxonomy":"product_tag","embeddable":true,"href":"https:\/\/dev.myindustrial.eu\/lv\/wp-json\/wp\/v2\/product_tag?post=1260065475"}],"curies":[{"name":"wp","href":"https:\/\/api.w.org\/{rel}","templated":true}]}}