{"id":1260065488,"date":"2024-12-02T10:03:02","date_gmt":"2024-12-02T10:03:02","guid":{"rendered":"https:\/\/dev.myindustrial.eu\/shop\/uncategorized\/heavy-duty-shock-absorbers-typ-pudz-iii\/"},"modified":"2025-05-09T06:08:54","modified_gmt":"2025-05-09T06:08:54","slug":"heavy-duty-shock-absorbers-typ-pudz-iii","status":"publish","type":"product","link":"https:\/\/dev.myindustrial.eu\/lv\/shop\/rupnieciskas-bremzu-sistemas-un-piedzinas-apstadinasanas-komponentes\/buferis-amortizators\/heavy-duty-shock-absorbers-typ-pudz-iii\/","title":{"rendered":"Smag\u0101s noslodzes amortizatori Tips PUDZ III"},"content":{"rendered":"<ul>\n<li style=\"font-weight: 400;\" aria-level=\"1\"><span style=\"font-weight: 400;\">Lokan\u0101s slodzes, \u012bpa\u0161i pie gariem g\u0101jieniem, tiek iek\u013cautas amortizatora apr\u0113\u0137in\u0101 \/ augst\u0101k\u0101 dro\u0161\u012bba.<\/span><\/li>\n<li style=\"font-weight: 400;\" aria-level=\"1\"><span style=\"font-weight: 400;\">Integr\u0113ts virzu\u013ca akumulators ar sl\u0101pek\u013ca pild\u012bjumu.<\/span><\/li>\n<li style=\"font-weight: 400;\" aria-level=\"1\"><span style=\"font-weight: 400;\">Progres\u012bvi pieaugo\u0161s atjaunojo\u0161ais sp\u0113ks (amortizatora sp\u0113ks) g\u0101jiena beig\u0101s.<\/span><\/li>\n<li style=\"font-weight: 400;\" aria-level=\"1\"><span style=\"font-weight: 400;\">Piem\u0113rots lieto\u0161anai l\u012bdz -50\u00b0C \u2013 ar speci\u0101lu apsildes spilventi\u0146u!<\/span><\/li>\n<li style=\"font-weight: 400;\" aria-level=\"1\"><span style=\"font-weight: 400;\">Virzu\u013ca stienis ar dubultu hroma p\u0101rkl\u0101jumu \u2013 standarta j\u016bras aizsardz\u012bba.<\/span><\/li>\n<li style=\"font-weight: 400;\" aria-level=\"1\"><span style=\"font-weight: 400;\">PUDZ III ir uzlabota zin\u0101m\u0101 PUDZ II versija un atbilst t\u0101s tehniskajiem parametriem.<\/span><\/li>\n<\/ul>\n<p><b>\u012apa\u0161\u012bbas<\/b><\/p>\n<p><span style=\"font-weight: 400;\">Ar spiediena nosl\u0113g\u0161anas v\u0101rstu: \u013cauj izmantot hidraulisko amortizatoru l\u0113nas kust\u012bbas re\u017e\u012bm\u0101 (10% no nomin\u0101l\u0101 \u0101truma) BEZ b\u016btiska amortizatora trieciena g\u0101jiena beig\u0101s!<\/span><\/p>\n<ul>\n<li style=\"font-weight: 400;\" aria-level=\"1\"><span style=\"font-weight: 400;\">Virzu\u013ca izm\u0113rs: \u00f8 63 mm \u2013 \u00f8 160 mm.<\/span><\/li>\n<li style=\"font-weight: 400;\" aria-level=\"1\"><span style=\"font-weight: 400;\">G\u0101jiena garums: no 50 mm l\u012bdz 1600 mm.<\/span><\/li>\n<li style=\"font-weight: 400;\" aria-level=\"1\"><span style=\"font-weight: 400;\">Ener\u0123ijas absorbcija: l\u012bdz 582 kJ\/g\u0101jiens.<\/span><\/li>\n<li style=\"font-weight: 400;\" aria-level=\"1\"><span style=\"font-weight: 400;\">Amortizatora sp\u0113ks: l\u012bdz 1000 kN.<\/span><\/li>\n<li style=\"font-weight: 400;\" aria-level=\"1\"><span style=\"font-weight: 400;\">Flan\u010du stiprin\u0101jumi: priek\u0161\u0113jais flancis &#8220;EF&#8221;, apak\u0161\u0113jais flancis &#8220;FF&#8221;, pamatnes flancis &#8220;SF&#8221;.<\/span><\/li>\n<\/ul>\n<p><b>Tehnisk\u0101s priek\u0161roc\u012bbas<\/b><\/p>\n<ul>\n<li style=\"font-weight: 400;\" aria-level=\"1\"><span style=\"font-weight: 400;\">Sl\u0113gta sist\u0113ma, piem\u0113rota jebkuram uzst\u0101d\u012b\u0161anas st\u0101voklim.<\/span><\/li>\n<li style=\"font-weight: 400;\" aria-level=\"1\"><span style=\"font-weight: 400;\">Lokan\u0101s slodzes, \u012bpa\u0161i pie gariem g\u0101jieniem, tiek iek\u013cautas amortizatora apr\u0113\u0137in\u0101 \/ augst\u0101k\u0101 dro\u0161\u012bba!<\/span><\/li>\n<li style=\"font-weight: 400;\" aria-level=\"1\"><span style=\"font-weight: 400;\">Integr\u0113ts virzu\u013ca akumulators ar sl\u0101pek\u013ca pild\u012bjumu.<\/span><\/li>\n<li style=\"font-weight: 400;\" aria-level=\"1\"><span style=\"font-weight: 400;\">Progres\u012bvi pieaugo\u0161s atjaunojo\u0161ais sp\u0113ks g\u0101jiena beig\u0101s.<\/span><\/li>\n<li style=\"font-weight: 400;\" aria-level=\"1\"><span style=\"font-weight: 400;\">\u012asi pieg\u0101des termi\u0146i.<\/span><\/li>\n<\/ul>\n<p><b>Hidraulisk\u0101 e\u013c\u013ca:<\/b><\/p>\n<ul>\n<li style=\"font-weight: 400;\" aria-level=\"1\"><span style=\"font-weight: 400;\">Castrol Hyspin HVI46.<\/span><\/li>\n<li style=\"font-weight: 400;\" aria-level=\"1\"><span style=\"font-weight: 400;\">Hadol HLP 46.<\/span><\/li>\n<\/ul>\n<p><b>Sl\u0101peklis:<\/b><\/p>\n<ul>\n<li style=\"font-weight: 400;\" aria-level=\"1\"><span style=\"font-weight: 400;\">UN1066 \/ Nitrogen 2.8 \/ EG-Nr.: 231-783-9.<\/span><\/li>\n<\/ul>\n","protected":false},"excerpt":{"rendered":"<p><span style=\"font-weight: 400;\">\u012apa\u0161i piem\u0113roti celt\u0146u sist\u0113m\u0101m, smagaj\u0101m iek\u0101rt\u0101m un kravu apstr\u0101des apr\u012bkojumam.<\/span><\/p>\n","protected":false},"featured_media":1260064781,"template":"","meta":[],"product_brand":[],"product_cat":[1685],"product_tag":[],"class_list":{"0":"post-1260065488","1":"product","2":"type-product","3":"status-publish","4":"has-post-thumbnail","6":"product_cat-buferis-amortizators","8":"first","9":"instock","10":"shipping-taxable","11":"product-type-simple"},"yoast_head":"<!-- This site is optimized with the Yoast SEO plugin v27.1.1 - https:\/\/yoast.com\/product\/yoast-seo-wordpress\/ -->\n<title>Smag\u0101s noslodzes amortizatori Tips PUDZ III - My industrial<\/title>\n<meta name=\"robots\" content=\"noindex, follow, max-snippet:-1, max-image-preview:large, max-video-preview:-1\" \/>\n<meta property=\"og:locale\" content=\"lv_LV\" \/>\n<meta property=\"og:type\" content=\"article\" \/>\n<meta property=\"og:title\" content=\"Smag\u0101s noslodzes amortizatori Tips PUDZ III - My industrial\" \/>\n<meta property=\"og:description\" content=\"\u012apa\u0161i piem\u0113roti celt\u0146u sist\u0113m\u0101m, smagaj\u0101m iek\u0101rt\u0101m un kravu apstr\u0101des apr\u012bkojumam.\" \/>\n<meta property=\"og:url\" content=\"https:\/\/dev.myindustrial.eu\/lv\/shop\/rupnieciskas-bremzu-sistemas-un-piedzinas-apstadinasanas-komponentes\/buferis-amortizators\/heavy-duty-shock-absorbers-typ-pudz-iii\/\" \/>\n<meta property=\"og:site_name\" content=\"My industrial\" \/>\n<meta property=\"article:modified_time\" content=\"2025-05-09T06:08:54+00:00\" \/>\n<meta property=\"og:image\" content=\"https:\/\/dev.myindustrial.eu\/wp-content\/uploads\/2024\/12\/teaser_pudziii-enu.webp\" \/>\n\t<meta property=\"og:image:width\" content=\"800\" \/>\n\t<meta property=\"og:image:height\" content=\"800\" \/>\n\t<meta property=\"og:image:type\" content=\"image\/webp\" \/>\n<meta name=\"twitter:card\" content=\"summary_large_image\" \/>\n<script type=\"application\/ld+json\" class=\"yoast-schema-graph\">{\"@context\":\"https:\/\/schema.org\",\"@graph\":[{\"@type\":\"WebPage\",\"@id\":\"https:\/\/dev.myindustrial.eu\/lv\/shop\/rupnieciskas-bremzu-sistemas-un-piedzinas-apstadinasanas-komponentes\/buferis-amortizators\/heavy-duty-shock-absorbers-typ-pudz-iii\/\",\"url\":\"https:\/\/dev.myindustrial.eu\/lv\/shop\/rupnieciskas-bremzu-sistemas-un-piedzinas-apstadinasanas-komponentes\/buferis-amortizators\/heavy-duty-shock-absorbers-typ-pudz-iii\/\",\"name\":\"Smag\u0101s noslodzes amortizatori Tips PUDZ III - My industrial\",\"isPartOf\":{\"@id\":\"https:\/\/dev.myindustrial.eu\/lv\/#website\"},\"primaryImageOfPage\":{\"@id\":\"https:\/\/dev.myindustrial.eu\/lv\/shop\/rupnieciskas-bremzu-sistemas-un-piedzinas-apstadinasanas-komponentes\/buferis-amortizators\/heavy-duty-shock-absorbers-typ-pudz-iii\/#primaryimage\"},\"image\":{\"@id\":\"https:\/\/dev.myindustrial.eu\/lv\/shop\/rupnieciskas-bremzu-sistemas-un-piedzinas-apstadinasanas-komponentes\/buferis-amortizators\/heavy-duty-shock-absorbers-typ-pudz-iii\/#primaryimage\"},\"thumbnailUrl\":\"https:\/\/dev.myindustrial.eu\/wp-content\/uploads\/2024\/12\/teaser_pudziii-enu.webp\",\"datePublished\":\"2024-12-02T10:03:02+00:00\",\"dateModified\":\"2025-05-09T06:08:54+00:00\",\"breadcrumb\":{\"@id\":\"https:\/\/dev.myindustrial.eu\/lv\/shop\/rupnieciskas-bremzu-sistemas-un-piedzinas-apstadinasanas-komponentes\/buferis-amortizators\/heavy-duty-shock-absorbers-typ-pudz-iii\/#breadcrumb\"},\"inLanguage\":\"lv-LV\",\"potentialAction\":[{\"@type\":\"ReadAction\",\"target\":[\"https:\/\/dev.myindustrial.eu\/lv\/shop\/rupnieciskas-bremzu-sistemas-un-piedzinas-apstadinasanas-komponentes\/buferis-amortizators\/heavy-duty-shock-absorbers-typ-pudz-iii\/\"]}]},{\"@type\":\"ImageObject\",\"inLanguage\":\"lv-LV\",\"@id\":\"https:\/\/dev.myindustrial.eu\/lv\/shop\/rupnieciskas-bremzu-sistemas-un-piedzinas-apstadinasanas-komponentes\/buferis-amortizators\/heavy-duty-shock-absorbers-typ-pudz-iii\/#primaryimage\",\"url\":\"https:\/\/dev.myindustrial.eu\/wp-content\/uploads\/2024\/12\/teaser_pudziii-enu.webp\",\"contentUrl\":\"https:\/\/dev.myindustrial.eu\/wp-content\/uploads\/2024\/12\/teaser_pudziii-enu.webp\",\"width\":800,\"height\":800},{\"@type\":\"BreadcrumbList\",\"@id\":\"https:\/\/dev.myindustrial.eu\/lv\/shop\/rupnieciskas-bremzu-sistemas-un-piedzinas-apstadinasanas-komponentes\/buferis-amortizators\/heavy-duty-shock-absorbers-typ-pudz-iii\/#breadcrumb\",\"itemListElement\":[{\"@type\":\"ListItem\",\"position\":1,\"name\":\"Home\",\"item\":\"https:\/\/dev.myindustrial.eu\/lv\/\"},{\"@type\":\"ListItem\",\"position\":2,\"name\":\"Products\",\"item\":\"https:\/\/dev.myindustrial.eu\/lv\/products\/\"},{\"@type\":\"ListItem\",\"position\":3,\"name\":\"Smag\u0101s noslodzes amortizatori Tips PUDZ III\"}]},{\"@type\":\"WebSite\",\"@id\":\"https:\/\/dev.myindustrial.eu\/lv\/#website\",\"url\":\"https:\/\/dev.myindustrial.eu\/lv\/\",\"name\":\"My industrial\",\"description\":\"\",\"potentialAction\":[{\"@type\":\"SearchAction\",\"target\":{\"@type\":\"EntryPoint\",\"urlTemplate\":\"https:\/\/dev.myindustrial.eu\/lv\/?s={search_term_string}\"},\"query-input\":{\"@type\":\"PropertyValueSpecification\",\"valueRequired\":true,\"valueName\":\"search_term_string\"}}],\"inLanguage\":\"lv-LV\"}]}<\/script>\n<!-- \/ Yoast SEO plugin. -->","yoast_head_json":{"title":"Smag\u0101s noslodzes amortizatori Tips PUDZ III - My industrial","robots":{"index":"noindex","follow":"follow","max-snippet":"max-snippet:-1","max-image-preview":"max-image-preview:large","max-video-preview":"max-video-preview:-1"},"og_locale":"lv_LV","og_type":"article","og_title":"Smag\u0101s noslodzes amortizatori Tips PUDZ III - My industrial","og_description":"\u012apa\u0161i piem\u0113roti celt\u0146u sist\u0113m\u0101m, smagaj\u0101m iek\u0101rt\u0101m un kravu apstr\u0101des apr\u012bkojumam.","og_url":"https:\/\/dev.myindustrial.eu\/lv\/shop\/rupnieciskas-bremzu-sistemas-un-piedzinas-apstadinasanas-komponentes\/buferis-amortizators\/heavy-duty-shock-absorbers-typ-pudz-iii\/","og_site_name":"My industrial","article_modified_time":"2025-05-09T06:08:54+00:00","og_image":[{"width":800,"height":800,"url":"https:\/\/dev.myindustrial.eu\/wp-content\/uploads\/2024\/12\/teaser_pudziii-enu.webp","type":"image\/webp"}],"twitter_card":"summary_large_image","schema":{"@context":"https:\/\/schema.org","@graph":[{"@type":"WebPage","@id":"https:\/\/dev.myindustrial.eu\/lv\/shop\/rupnieciskas-bremzu-sistemas-un-piedzinas-apstadinasanas-komponentes\/buferis-amortizators\/heavy-duty-shock-absorbers-typ-pudz-iii\/","url":"https:\/\/dev.myindustrial.eu\/lv\/shop\/rupnieciskas-bremzu-sistemas-un-piedzinas-apstadinasanas-komponentes\/buferis-amortizators\/heavy-duty-shock-absorbers-typ-pudz-iii\/","name":"Smag\u0101s noslodzes amortizatori Tips PUDZ III - My industrial","isPartOf":{"@id":"https:\/\/dev.myindustrial.eu\/lv\/#website"},"primaryImageOfPage":{"@id":"https:\/\/dev.myindustrial.eu\/lv\/shop\/rupnieciskas-bremzu-sistemas-un-piedzinas-apstadinasanas-komponentes\/buferis-amortizators\/heavy-duty-shock-absorbers-typ-pudz-iii\/#primaryimage"},"image":{"@id":"https:\/\/dev.myindustrial.eu\/lv\/shop\/rupnieciskas-bremzu-sistemas-un-piedzinas-apstadinasanas-komponentes\/buferis-amortizators\/heavy-duty-shock-absorbers-typ-pudz-iii\/#primaryimage"},"thumbnailUrl":"https:\/\/dev.myindustrial.eu\/wp-content\/uploads\/2024\/12\/teaser_pudziii-enu.webp","datePublished":"2024-12-02T10:03:02+00:00","dateModified":"2025-05-09T06:08:54+00:00","breadcrumb":{"@id":"https:\/\/dev.myindustrial.eu\/lv\/shop\/rupnieciskas-bremzu-sistemas-un-piedzinas-apstadinasanas-komponentes\/buferis-amortizators\/heavy-duty-shock-absorbers-typ-pudz-iii\/#breadcrumb"},"inLanguage":"lv-LV","potentialAction":[{"@type":"ReadAction","target":["https:\/\/dev.myindustrial.eu\/lv\/shop\/rupnieciskas-bremzu-sistemas-un-piedzinas-apstadinasanas-komponentes\/buferis-amortizators\/heavy-duty-shock-absorbers-typ-pudz-iii\/"]}]},{"@type":"ImageObject","inLanguage":"lv-LV","@id":"https:\/\/dev.myindustrial.eu\/lv\/shop\/rupnieciskas-bremzu-sistemas-un-piedzinas-apstadinasanas-komponentes\/buferis-amortizators\/heavy-duty-shock-absorbers-typ-pudz-iii\/#primaryimage","url":"https:\/\/dev.myindustrial.eu\/wp-content\/uploads\/2024\/12\/teaser_pudziii-enu.webp","contentUrl":"https:\/\/dev.myindustrial.eu\/wp-content\/uploads\/2024\/12\/teaser_pudziii-enu.webp","width":800,"height":800},{"@type":"BreadcrumbList","@id":"https:\/\/dev.myindustrial.eu\/lv\/shop\/rupnieciskas-bremzu-sistemas-un-piedzinas-apstadinasanas-komponentes\/buferis-amortizators\/heavy-duty-shock-absorbers-typ-pudz-iii\/#breadcrumb","itemListElement":[{"@type":"ListItem","position":1,"name":"Home","item":"https:\/\/dev.myindustrial.eu\/lv\/"},{"@type":"ListItem","position":2,"name":"Products","item":"https:\/\/dev.myindustrial.eu\/lv\/products\/"},{"@type":"ListItem","position":3,"name":"Smag\u0101s noslodzes amortizatori Tips PUDZ III"}]},{"@type":"WebSite","@id":"https:\/\/dev.myindustrial.eu\/lv\/#website","url":"https:\/\/dev.myindustrial.eu\/lv\/","name":"My industrial","description":"","potentialAction":[{"@type":"SearchAction","target":{"@type":"EntryPoint","urlTemplate":"https:\/\/dev.myindustrial.eu\/lv\/?s={search_term_string}"},"query-input":{"@type":"PropertyValueSpecification","valueRequired":true,"valueName":"search_term_string"}}],"inLanguage":"lv-LV"}]}},"_links":{"self":[{"href":"https:\/\/dev.myindustrial.eu\/lv\/wp-json\/wp\/v2\/product\/1260065488","targetHints":{"allow":["GET"]}}],"collection":[{"href":"https:\/\/dev.myindustrial.eu\/lv\/wp-json\/wp\/v2\/product"}],"about":[{"href":"https:\/\/dev.myindustrial.eu\/lv\/wp-json\/wp\/v2\/types\/product"}],"version-history":[{"count":2,"href":"https:\/\/dev.myindustrial.eu\/lv\/wp-json\/wp\/v2\/product\/1260065488\/revisions"}],"predecessor-version":[{"id":1260065774,"href":"https:\/\/dev.myindustrial.eu\/lv\/wp-json\/wp\/v2\/product\/1260065488\/revisions\/1260065774"}],"wp:featuredmedia":[{"embeddable":true,"href":"https:\/\/dev.myindustrial.eu\/lv\/wp-json\/wp\/v2\/media\/1260064781"}],"wp:attachment":[{"href":"https:\/\/dev.myindustrial.eu\/lv\/wp-json\/wp\/v2\/media?parent=1260065488"}],"wp:term":[{"taxonomy":"product_brand","embeddable":true,"href":"https:\/\/dev.myindustrial.eu\/lv\/wp-json\/wp\/v2\/product_brand?post=1260065488"},{"taxonomy":"product_cat","embeddable":true,"href":"https:\/\/dev.myindustrial.eu\/lv\/wp-json\/wp\/v2\/product_cat?post=1260065488"},{"taxonomy":"product_tag","embeddable":true,"href":"https:\/\/dev.myindustrial.eu\/lv\/wp-json\/wp\/v2\/product_tag?post=1260065488"}],"curies":[{"name":"wp","href":"https:\/\/api.w.org\/{rel}","templated":true}]}}