{"id":1260065500,"date":"2024-12-02T10:09:56","date_gmt":"2024-12-02T10:09:56","guid":{"rendered":"https:\/\/dev.myindustrial.eu\/shop\/uncategorized\/impact-buffer\/"},"modified":"2024-12-26T17:12:27","modified_gmt":"2024-12-26T17:12:27","slug":"impact-buffer","status":"publish","type":"product","link":"https:\/\/dev.myindustrial.eu\/lv\/shop\/rupnieciskas-bremzu-sistemas-un-piedzinas-apstadinasanas-komponentes\/buferis-amortizators\/impact-buffer\/","title":{"rendered":"Triecienamortizators"},"content":{"rendered":"<ul>\n<li style=\"font-weight: 400;\" aria-level=\"1\"><span style=\"font-weight: 400;\">Versija ar centr\u0101lo stiprin\u0101jumu<\/span><\/li>\n<li style=\"font-weight: 400;\" aria-level=\"1\"><span style=\"font-weight: 400;\">Versija ar pamatnes pl\u0101ksni (no alum\u012bnija, plastmasas vai t\u0113rauda)<\/span><\/li>\n<li style=\"font-weight: 400;\" aria-level=\"1\"><span style=\"font-weight: 400;\">Triecienamortizators no putupoliuret\u0101na uz MDI\/poliestera b\u0101zes<\/span><\/li>\n<li style=\"font-weight: 400;\" aria-level=\"1\"><span style=\"font-weight: 400;\">Izcila sl\u0101p\u0113\u0161anas sp\u0113ja<\/span><\/li>\n<li style=\"font-weight: 400;\" aria-level=\"1\"><span style=\"font-weight: 400;\">Optim\u0101la ener\u0123ijas absorbcija ar minim\u0101lu \u0161\u0137\u0113rsvirziena papla\u0161in\u0101\u0161anos<\/span><\/li>\n<li style=\"font-weight: 400;\" aria-level=\"1\"><span style=\"font-weight: 400;\">Stabilas saspie\u0161anas \u012bpa\u0161\u012bbas<\/span><\/li>\n<li style=\"font-weight: 400;\" aria-level=\"1\"><span style=\"font-weight: 400;\">Augsta tilpuma saspie\u017eam\u012bba ar minim\u0101lu \u0161\u0137\u0113rsvirziena papla\u0161in\u0101\u0161anos<\/span><\/li>\n<li style=\"font-weight: 400;\" aria-level=\"1\"><span style=\"font-weight: 400;\">Laba iztur\u012bba pret e\u013c\u013cu un taukiem<\/span><\/li>\n<li style=\"font-weight: 400;\" aria-level=\"1\"><span style=\"font-weight: 400;\">Laba iztur\u012bba pret ozonu, ultravioleto un augstas ener\u0123ijas starojumu<\/span><\/li>\n<li style=\"font-weight: 400;\" aria-level=\"1\"><span style=\"font-weight: 400;\">Temperat\u016bras diapazons: no -30\u00b0C l\u012bdz +80\u00b0C<\/span><\/li>\n<li style=\"font-weight: 400;\" aria-level=\"1\"><span style=\"font-weight: 400;\">\u012aslaic\u012bga temperat\u016bra: l\u012bdz apm\u0113ram 100\u00b0C<\/span><\/li>\n<li style=\"font-weight: 400;\" aria-level=\"1\"><span style=\"font-weight: 400;\">P\u0113c piepras\u012bjuma pieejami varianti ar iztur\u012bbu pret hidrol\u012bzi<\/span><\/li>\n<\/ul>\n<p><b>\u012apa\u0161\u012bbas<\/b><\/p>\n<p><span style=\"font-weight: 400;\">\u012apa\u0161as t\u0113rauda pamatpl\u0101ksnes p\u0113c klienta piepras\u012bjuma.<\/span><\/p>\n<p><b>Iztur\u012bgs pret:<\/b><\/p>\n<ul>\n<li style=\"font-weight: 400;\" aria-level=\"1\"><span style=\"font-weight: 400;\">Alif\u0101tiskajiem og\u013c\u016bde\u0146ra\u017eiem<\/span><\/li>\n<li style=\"font-weight: 400;\" aria-level=\"1\"><span style=\"font-weight: 400;\">E\u013c\u013c\u0101m un taukiem<\/span><\/li>\n<li style=\"font-weight: 400;\" aria-level=\"1\"><span style=\"font-weight: 400;\">UV stariem<\/span><\/li>\n<li style=\"font-weight: 400;\" aria-level=\"1\"><span style=\"font-weight: 400;\">Ozona ietekmi<\/span><\/li>\n<li style=\"font-weight: 400;\" aria-level=\"1\"><span style=\"font-weight: 400;\">Noveco\u0161anu<\/span><\/li>\n<\/ul>\n<p><b>Konstrukcija:<\/b><\/p>\n<ul>\n<li style=\"font-weight: 400;\" aria-level=\"1\"><span style=\"font-weight: 400;\">Ar centr\u0101lo stiprin\u0101jumu (skr\u016bve vai iek\u0161\u0113j\u0101 v\u012btne)<\/span><\/li>\n<li style=\"font-weight: 400;\" aria-level=\"1\"><span style=\"font-weight: 400;\">Ar kvadr\u0101tveida pamatni (alum\u012bnijs, plastmasa, t\u0113rauds)<\/span><\/li>\n<\/ul>\n<p><span style=\"font-weight: 400;\">Izmantojot \u012bpa\u0161u ra\u017eo\u0161anas metodi, \u0161\u016bnu materi\u0101ls tiek uzputots tie\u0161i uz stiprin\u0101juma pl\u0101ksnes.<\/span><span style=\"font-weight: 400;\"><br \/>\n<\/span><span style=\"font-weight: 400;\">Triecienamortizatori no izm\u0113ra \u00d8 200 x augstums 300 mm pieejami ar plastmasas vai alum\u012bnija pamatnes pl\u0101ksni.<\/span><span style=\"font-weight: 400;\"><br \/>\n<\/span><span style=\"font-weight: 400;\">No izm\u0113ra \u00d8 250 x 125 mm pieejami ar t\u0113rauda pamatnes pl\u0101ksni.<\/span><\/p>\n","protected":false},"excerpt":{"rendered":"<p><b>Triecienamortizatori. Risin\u0101jums gala apst\u0101din\u0101\u0161anai.<\/b><span style=\"font-weight: 400;\"><br \/>\n<\/span><span style=\"font-weight: 400;\">Triecienamortizatori, kas izgatavoti no putupoliuret\u0101na uz MDI\/poliestera b\u0101zes, tiek izmantoti k\u0101 amortiz\u0101cijas un sl\u0101p\u0113\u0161anas elementi visp\u0101r\u0113j\u0101 ma\u0161\u012bnb\u016bv\u0113 un celt\u0146u konstrukcij\u0101s.<\/span><\/p>\n","protected":false},"featured_media":1260064803,"template":"","meta":[],"product_brand":[],"product_cat":[1685],"product_tag":[],"class_list":{"0":"post-1260065500","1":"product","2":"type-product","3":"status-publish","4":"has-post-thumbnail","6":"product_cat-buferis-amortizators","8":"first","9":"instock","10":"shipping-taxable","11":"product-type-simple"},"yoast_head":"<!-- This site is optimized with the Yoast SEO plugin v27.1.1 - https:\/\/yoast.com\/product\/yoast-seo-wordpress\/ -->\n<title>Triecienamortizators - My industrial<\/title>\n<meta name=\"robots\" content=\"noindex, follow, max-snippet:-1, max-image-preview:large, max-video-preview:-1\" \/>\n<meta property=\"og:locale\" content=\"lv_LV\" \/>\n<meta property=\"og:type\" content=\"article\" \/>\n<meta property=\"og:title\" content=\"Triecienamortizators - My industrial\" \/>\n<meta property=\"og:description\" content=\"Triecienamortizatori. Risin\u0101jums gala apst\u0101din\u0101\u0161anai. Triecienamortizatori, kas izgatavoti no putupoliuret\u0101na uz MDI\/poliestera b\u0101zes, tiek izmantoti k\u0101 amortiz\u0101cijas un sl\u0101p\u0113\u0161anas elementi visp\u0101r\u0113j\u0101 ma\u0161\u012bnb\u016bv\u0113 un celt\u0146u konstrukcij\u0101s.\" \/>\n<meta property=\"og:url\" content=\"https:\/\/dev.myindustrial.eu\/lv\/shop\/rupnieciskas-bremzu-sistemas-un-piedzinas-apstadinasanas-komponentes\/buferis-amortizators\/impact-buffer\/\" \/>\n<meta property=\"og:site_name\" content=\"My industrial\" \/>\n<meta property=\"article:modified_time\" content=\"2024-12-26T17:12:27+00:00\" \/>\n<meta property=\"og:image\" content=\"https:\/\/dev.myindustrial.eu\/wp-content\/uploads\/2024\/12\/puffer.webp\" \/>\n\t<meta property=\"og:image:width\" content=\"800\" \/>\n\t<meta property=\"og:image:height\" content=\"800\" \/>\n\t<meta property=\"og:image:type\" content=\"image\/webp\" \/>\n<meta name=\"twitter:card\" content=\"summary_large_image\" \/>\n<script type=\"application\/ld+json\" class=\"yoast-schema-graph\">{\"@context\":\"https:\/\/schema.org\",\"@graph\":[{\"@type\":\"WebPage\",\"@id\":\"https:\/\/dev.myindustrial.eu\/lv\/shop\/rupnieciskas-bremzu-sistemas-un-piedzinas-apstadinasanas-komponentes\/buferis-amortizators\/impact-buffer\/\",\"url\":\"https:\/\/dev.myindustrial.eu\/lv\/shop\/rupnieciskas-bremzu-sistemas-un-piedzinas-apstadinasanas-komponentes\/buferis-amortizators\/impact-buffer\/\",\"name\":\"Triecienamortizators - My industrial\",\"isPartOf\":{\"@id\":\"https:\/\/dev.myindustrial.eu\/lv\/#website\"},\"primaryImageOfPage\":{\"@id\":\"https:\/\/dev.myindustrial.eu\/lv\/shop\/rupnieciskas-bremzu-sistemas-un-piedzinas-apstadinasanas-komponentes\/buferis-amortizators\/impact-buffer\/#primaryimage\"},\"image\":{\"@id\":\"https:\/\/dev.myindustrial.eu\/lv\/shop\/rupnieciskas-bremzu-sistemas-un-piedzinas-apstadinasanas-komponentes\/buferis-amortizators\/impact-buffer\/#primaryimage\"},\"thumbnailUrl\":\"https:\/\/dev.myindustrial.eu\/wp-content\/uploads\/2024\/12\/puffer.webp\",\"datePublished\":\"2024-12-02T10:09:56+00:00\",\"dateModified\":\"2024-12-26T17:12:27+00:00\",\"breadcrumb\":{\"@id\":\"https:\/\/dev.myindustrial.eu\/lv\/shop\/rupnieciskas-bremzu-sistemas-un-piedzinas-apstadinasanas-komponentes\/buferis-amortizators\/impact-buffer\/#breadcrumb\"},\"inLanguage\":\"lv-LV\",\"potentialAction\":[{\"@type\":\"ReadAction\",\"target\":[\"https:\/\/dev.myindustrial.eu\/lv\/shop\/rupnieciskas-bremzu-sistemas-un-piedzinas-apstadinasanas-komponentes\/buferis-amortizators\/impact-buffer\/\"]}]},{\"@type\":\"ImageObject\",\"inLanguage\":\"lv-LV\",\"@id\":\"https:\/\/dev.myindustrial.eu\/lv\/shop\/rupnieciskas-bremzu-sistemas-un-piedzinas-apstadinasanas-komponentes\/buferis-amortizators\/impact-buffer\/#primaryimage\",\"url\":\"https:\/\/dev.myindustrial.eu\/wp-content\/uploads\/2024\/12\/puffer.webp\",\"contentUrl\":\"https:\/\/dev.myindustrial.eu\/wp-content\/uploads\/2024\/12\/puffer.webp\",\"width\":800,\"height\":800},{\"@type\":\"BreadcrumbList\",\"@id\":\"https:\/\/dev.myindustrial.eu\/lv\/shop\/rupnieciskas-bremzu-sistemas-un-piedzinas-apstadinasanas-komponentes\/buferis-amortizators\/impact-buffer\/#breadcrumb\",\"itemListElement\":[{\"@type\":\"ListItem\",\"position\":1,\"name\":\"Home\",\"item\":\"https:\/\/dev.myindustrial.eu\/lv\/\"},{\"@type\":\"ListItem\",\"position\":2,\"name\":\"Products\",\"item\":\"https:\/\/dev.myindustrial.eu\/lv\/products\/\"},{\"@type\":\"ListItem\",\"position\":3,\"name\":\"Triecienamortizators\"}]},{\"@type\":\"WebSite\",\"@id\":\"https:\/\/dev.myindustrial.eu\/lv\/#website\",\"url\":\"https:\/\/dev.myindustrial.eu\/lv\/\",\"name\":\"My industrial\",\"description\":\"\",\"potentialAction\":[{\"@type\":\"SearchAction\",\"target\":{\"@type\":\"EntryPoint\",\"urlTemplate\":\"https:\/\/dev.myindustrial.eu\/lv\/?s={search_term_string}\"},\"query-input\":{\"@type\":\"PropertyValueSpecification\",\"valueRequired\":true,\"valueName\":\"search_term_string\"}}],\"inLanguage\":\"lv-LV\"}]}<\/script>\n<!-- \/ Yoast SEO plugin. -->","yoast_head_json":{"title":"Triecienamortizators - My industrial","robots":{"index":"noindex","follow":"follow","max-snippet":"max-snippet:-1","max-image-preview":"max-image-preview:large","max-video-preview":"max-video-preview:-1"},"og_locale":"lv_LV","og_type":"article","og_title":"Triecienamortizators - My industrial","og_description":"Triecienamortizatori. Risin\u0101jums gala apst\u0101din\u0101\u0161anai. Triecienamortizatori, kas izgatavoti no putupoliuret\u0101na uz MDI\/poliestera b\u0101zes, tiek izmantoti k\u0101 amortiz\u0101cijas un sl\u0101p\u0113\u0161anas elementi visp\u0101r\u0113j\u0101 ma\u0161\u012bnb\u016bv\u0113 un celt\u0146u konstrukcij\u0101s.","og_url":"https:\/\/dev.myindustrial.eu\/lv\/shop\/rupnieciskas-bremzu-sistemas-un-piedzinas-apstadinasanas-komponentes\/buferis-amortizators\/impact-buffer\/","og_site_name":"My industrial","article_modified_time":"2024-12-26T17:12:27+00:00","og_image":[{"width":800,"height":800,"url":"https:\/\/dev.myindustrial.eu\/wp-content\/uploads\/2024\/12\/puffer.webp","type":"image\/webp"}],"twitter_card":"summary_large_image","schema":{"@context":"https:\/\/schema.org","@graph":[{"@type":"WebPage","@id":"https:\/\/dev.myindustrial.eu\/lv\/shop\/rupnieciskas-bremzu-sistemas-un-piedzinas-apstadinasanas-komponentes\/buferis-amortizators\/impact-buffer\/","url":"https:\/\/dev.myindustrial.eu\/lv\/shop\/rupnieciskas-bremzu-sistemas-un-piedzinas-apstadinasanas-komponentes\/buferis-amortizators\/impact-buffer\/","name":"Triecienamortizators - My industrial","isPartOf":{"@id":"https:\/\/dev.myindustrial.eu\/lv\/#website"},"primaryImageOfPage":{"@id":"https:\/\/dev.myindustrial.eu\/lv\/shop\/rupnieciskas-bremzu-sistemas-un-piedzinas-apstadinasanas-komponentes\/buferis-amortizators\/impact-buffer\/#primaryimage"},"image":{"@id":"https:\/\/dev.myindustrial.eu\/lv\/shop\/rupnieciskas-bremzu-sistemas-un-piedzinas-apstadinasanas-komponentes\/buferis-amortizators\/impact-buffer\/#primaryimage"},"thumbnailUrl":"https:\/\/dev.myindustrial.eu\/wp-content\/uploads\/2024\/12\/puffer.webp","datePublished":"2024-12-02T10:09:56+00:00","dateModified":"2024-12-26T17:12:27+00:00","breadcrumb":{"@id":"https:\/\/dev.myindustrial.eu\/lv\/shop\/rupnieciskas-bremzu-sistemas-un-piedzinas-apstadinasanas-komponentes\/buferis-amortizators\/impact-buffer\/#breadcrumb"},"inLanguage":"lv-LV","potentialAction":[{"@type":"ReadAction","target":["https:\/\/dev.myindustrial.eu\/lv\/shop\/rupnieciskas-bremzu-sistemas-un-piedzinas-apstadinasanas-komponentes\/buferis-amortizators\/impact-buffer\/"]}]},{"@type":"ImageObject","inLanguage":"lv-LV","@id":"https:\/\/dev.myindustrial.eu\/lv\/shop\/rupnieciskas-bremzu-sistemas-un-piedzinas-apstadinasanas-komponentes\/buferis-amortizators\/impact-buffer\/#primaryimage","url":"https:\/\/dev.myindustrial.eu\/wp-content\/uploads\/2024\/12\/puffer.webp","contentUrl":"https:\/\/dev.myindustrial.eu\/wp-content\/uploads\/2024\/12\/puffer.webp","width":800,"height":800},{"@type":"BreadcrumbList","@id":"https:\/\/dev.myindustrial.eu\/lv\/shop\/rupnieciskas-bremzu-sistemas-un-piedzinas-apstadinasanas-komponentes\/buferis-amortizators\/impact-buffer\/#breadcrumb","itemListElement":[{"@type":"ListItem","position":1,"name":"Home","item":"https:\/\/dev.myindustrial.eu\/lv\/"},{"@type":"ListItem","position":2,"name":"Products","item":"https:\/\/dev.myindustrial.eu\/lv\/products\/"},{"@type":"ListItem","position":3,"name":"Triecienamortizators"}]},{"@type":"WebSite","@id":"https:\/\/dev.myindustrial.eu\/lv\/#website","url":"https:\/\/dev.myindustrial.eu\/lv\/","name":"My industrial","description":"","potentialAction":[{"@type":"SearchAction","target":{"@type":"EntryPoint","urlTemplate":"https:\/\/dev.myindustrial.eu\/lv\/?s={search_term_string}"},"query-input":{"@type":"PropertyValueSpecification","valueRequired":true,"valueName":"search_term_string"}}],"inLanguage":"lv-LV"}]}},"_links":{"self":[{"href":"https:\/\/dev.myindustrial.eu\/lv\/wp-json\/wp\/v2\/product\/1260065500","targetHints":{"allow":["GET"]}}],"collection":[{"href":"https:\/\/dev.myindustrial.eu\/lv\/wp-json\/wp\/v2\/product"}],"about":[{"href":"https:\/\/dev.myindustrial.eu\/lv\/wp-json\/wp\/v2\/types\/product"}],"version-history":[{"count":0,"href":"https:\/\/dev.myindustrial.eu\/lv\/wp-json\/wp\/v2\/product\/1260065500\/revisions"}],"wp:featuredmedia":[{"embeddable":true,"href":"https:\/\/dev.myindustrial.eu\/lv\/wp-json\/wp\/v2\/media\/1260064803"}],"wp:attachment":[{"href":"https:\/\/dev.myindustrial.eu\/lv\/wp-json\/wp\/v2\/media?parent=1260065500"}],"wp:term":[{"taxonomy":"product_brand","embeddable":true,"href":"https:\/\/dev.myindustrial.eu\/lv\/wp-json\/wp\/v2\/product_brand?post=1260065500"},{"taxonomy":"product_cat","embeddable":true,"href":"https:\/\/dev.myindustrial.eu\/lv\/wp-json\/wp\/v2\/product_cat?post=1260065500"},{"taxonomy":"product_tag","embeddable":true,"href":"https:\/\/dev.myindustrial.eu\/lv\/wp-json\/wp\/v2\/product_tag?post=1260065500"}],"curies":[{"name":"wp","href":"https:\/\/api.w.org\/{rel}","templated":true}]}}