{"id":1260065519,"date":"2024-12-02T10:24:12","date_gmt":"2024-12-02T10:24:12","guid":{"rendered":"https:\/\/dev.myindustrial.eu\/shop\/uncategorized\/buffer-stops-for-track-and-railway-systems\/"},"modified":"2024-12-26T17:42:57","modified_gmt":"2024-12-26T17:42:57","slug":"buffer-stops-for-track-and-railway-systems","status":"publish","type":"product","link":"https:\/\/dev.myindustrial.eu\/lv\/shop\/rupnieciskas-bremzu-sistemas-un-piedzinas-apstadinasanas-komponentes\/bufera-atdures\/buffer-stops-for-track-and-railway-systems\/","title":{"rendered":"Buferis apst\u0101\u0161an\u0101s sist\u0113m\u0101m slie\u017eu un dzelzce\u013ca sist\u0113m\u0101m"},"content":{"rendered":"<p><iframe title=\"YouTube video player\" src=\"https:\/\/www.youtube.com\/embed\/-hEjYF0KZfA?si=yRdPQBtqmFdWWFja\" width=\"560\" height=\"315\" frameborder=\"0\" allowfullscreen=\"allowfullscreen\"><\/iframe><\/p>\n","protected":false},"excerpt":{"rendered":"<p><span style=\"font-weight: 400;\">Buferis apst\u0101\u0161an\u0101s risin\u0101jums slie\u017eu stiprin\u0101jumam. Stiprin\u0101\u0161ana tiek veikta ar \u012bpa\u0161\u0101m r\u016bd\u012bt\u0101m stiprin\u0101\u0161anas vien\u012bb\u0101m.<\/span><\/p>\n<ul>\n<li style=\"font-weight: 400;\" aria-level=\"1\"><span style=\"font-weight: 400;\">Viegla mont\u0101\u017ea un izl\u012bdzin\u0101\u0161ana<\/span><\/li>\n<li style=\"font-weight: 400;\" aria-level=\"1\"><span style=\"font-weight: 400;\">Pa\u0161centr\u0113jo\u0161a<\/span><\/li>\n<li style=\"font-weight: 400;\" aria-level=\"1\"><span style=\"font-weight: 400;\">Piem\u0113rota visiem parastajiem slie\u017eu veidiem<\/span><\/li>\n<li style=\"font-weight: 400;\" aria-level=\"1\"><span style=\"font-weight: 400;\">K\u0101 dinamiskais amortizators ar integr\u0113tu buferi<\/span><\/li>\n<li style=\"font-weight: 400;\" aria-level=\"1\"><span style=\"font-weight: 400;\">K\u0101 statisks galapunkta amortizators<\/span><\/li>\n<\/ul>\n<p><b>Funkcijas<\/b><\/p>\n<ul>\n<li style=\"font-weight: 400;\" aria-level=\"1\"><span style=\"font-weight: 400;\">Buferis apst\u0101\u0161an\u0101s ar vai bez integr\u0113tiem buferiem<\/span><\/li>\n<li style=\"font-weight: 400;\" aria-level=\"1\"><span style=\"font-weight: 400;\">Skr\u016bvju stiprin\u0101jums vai nostiprin\u0101\u0161ana ar zemes enkuriem<\/span><\/li>\n<li style=\"font-weight: 400;\" aria-level=\"1\"><span style=\"font-weight: 400;\">Stiprin\u0101\u0161anas veiktsp\u0113ja, pateicoties \u012bpa\u0161\u0101m stiprin\u0101\u0161anas vien\u012bb\u0101m<\/span><\/li>\n<li style=\"font-weight: 400;\" aria-level=\"1\"><span style=\"font-weight: 400;\">Iztur\u012bga konstrukcija<\/span><\/li>\n<li style=\"font-weight: 400;\" aria-level=\"1\"><span style=\"font-weight: 400;\">Elast\u012bga un viegla mont\u0101\u017ea<\/span><\/li>\n<li style=\"font-weight: 400;\" aria-level=\"1\"><span style=\"font-weight: 400;\">Pievelkamie stiprin\u0101jumi slied\u0113m ar sl\u012bpu galvu, piel\u0101goti klientu pras\u012bb\u0101m<\/span><\/li>\n<li style=\"font-weight: 400;\" aria-level=\"1\"><span style=\"font-weight: 400;\">\u012apa\u0161i dizaini kan\u0101lu uzst\u0101d\u012b\u0161anai<\/span><\/li>\n<\/ul>\n<p><b>Tehniskie ieguvumi<\/b><\/p>\n<ul>\n<li style=\"font-weight: 400;\" aria-level=\"1\"><span style=\"font-weight: 400;\">Buferi, kas ir integr\u0113ti bufera apst\u0101\u0161an\u0101s sist\u0113m\u0101s, ir viegli nomain\u0101mi, pateicoties jaunajai atv\u0113r\u0161anas funkcijai bufera apst\u0101\u0161an\u0101s aug\u0161\u0113j\u0101 da\u013c\u0101.<\/span><\/li>\n<\/ul>\n","protected":false},"featured_media":1260064846,"template":"","meta":[],"product_brand":[],"product_cat":[1689],"product_tag":[],"class_list":{"0":"post-1260065519","1":"product","2":"type-product","3":"status-publish","4":"has-post-thumbnail","6":"product_cat-bufera-atdures","8":"first","9":"instock","10":"shipping-taxable","11":"product-type-simple"},"yoast_head":"<!-- This site is optimized with the Yoast SEO plugin v27.1.1 - https:\/\/yoast.com\/product\/yoast-seo-wordpress\/ -->\n<title>Buferis apst\u0101\u0161an\u0101s sist\u0113m\u0101m slie\u017eu un dzelzce\u013ca sist\u0113m\u0101m - My industrial<\/title>\n<meta name=\"robots\" content=\"noindex, follow, max-snippet:-1, max-image-preview:large, max-video-preview:-1\" \/>\n<meta property=\"og:locale\" content=\"lv_LV\" \/>\n<meta property=\"og:type\" content=\"article\" \/>\n<meta property=\"og:title\" content=\"Buferis apst\u0101\u0161an\u0101s sist\u0113m\u0101m slie\u017eu un dzelzce\u013ca sist\u0113m\u0101m - My industrial\" \/>\n<meta property=\"og:description\" content=\"Buferis apst\u0101\u0161an\u0101s risin\u0101jums slie\u017eu stiprin\u0101jumam. Stiprin\u0101\u0161ana tiek veikta ar \u012bpa\u0161\u0101m r\u016bd\u012bt\u0101m stiprin\u0101\u0161anas vien\u012bb\u0101m.   Viegla mont\u0101\u017ea un izl\u012bdzin\u0101\u0161ana  Pa\u0161centr\u0113jo\u0161a  Piem\u0113rota visiem parastajiem slie\u017eu veidiem  K\u0101 dinamiskais amortizators ar integr\u0113tu buferi  K\u0101 statisks galapunkta amortizators  Funkcijas   Buferis apst\u0101\u0161an\u0101s ar vai bez integr\u0113tiem buferiem  Skr\u016bvju stiprin\u0101jums vai nostiprin\u0101\u0161ana ar zemes enkuriem  Stiprin\u0101\u0161anas veiktsp\u0113ja, pateicoties \u012bpa\u0161\u0101m stiprin\u0101\u0161anas vien\u012bb\u0101m  Iztur\u012bga konstrukcija  Elast\u012bga un viegla mont\u0101\u017ea  Pievelkamie stiprin\u0101jumi slied\u0113m ar sl\u012bpu galvu, piel\u0101goti klientu pras\u012bb\u0101m  \u012apa\u0161i dizaini kan\u0101lu uzst\u0101d\u012b\u0161anai  Tehniskie ieguvumi   Buferi, kas ir integr\u0113ti bufera apst\u0101\u0161an\u0101s sist\u0113m\u0101s, ir viegli nomain\u0101mi, pateicoties jaunajai atv\u0113r\u0161anas funkcijai bufera apst\u0101\u0161an\u0101s aug\u0161\u0113j\u0101 da\u013c\u0101.\" \/>\n<meta property=\"og:url\" content=\"https:\/\/dev.myindustrial.eu\/lv\/shop\/rupnieciskas-bremzu-sistemas-un-piedzinas-apstadinasanas-komponentes\/bufera-atdures\/buffer-stops-for-track-and-railway-systems\/\" \/>\n<meta property=\"og:site_name\" content=\"My industrial\" \/>\n<meta property=\"article:modified_time\" content=\"2024-12-26T17:42:57+00:00\" \/>\n<meta property=\"og:image\" content=\"https:\/\/dev.myindustrial.eu\/wp-content\/uploads\/2024\/12\/rft_bufferstops.webp\" \/>\n\t<meta property=\"og:image:width\" content=\"800\" \/>\n\t<meta property=\"og:image:height\" content=\"800\" \/>\n\t<meta property=\"og:image:type\" content=\"image\/webp\" \/>\n<meta name=\"twitter:card\" content=\"summary_large_image\" \/>\n<script type=\"application\/ld+json\" class=\"yoast-schema-graph\">{\"@context\":\"https:\/\/schema.org\",\"@graph\":[{\"@type\":\"WebPage\",\"@id\":\"https:\/\/dev.myindustrial.eu\/lv\/shop\/rupnieciskas-bremzu-sistemas-un-piedzinas-apstadinasanas-komponentes\/bufera-atdures\/buffer-stops-for-track-and-railway-systems\/\",\"url\":\"https:\/\/dev.myindustrial.eu\/lv\/shop\/rupnieciskas-bremzu-sistemas-un-piedzinas-apstadinasanas-komponentes\/bufera-atdures\/buffer-stops-for-track-and-railway-systems\/\",\"name\":\"Buferis apst\u0101\u0161an\u0101s sist\u0113m\u0101m slie\u017eu un dzelzce\u013ca sist\u0113m\u0101m - My industrial\",\"isPartOf\":{\"@id\":\"https:\/\/dev.myindustrial.eu\/lv\/#website\"},\"primaryImageOfPage\":{\"@id\":\"https:\/\/dev.myindustrial.eu\/lv\/shop\/rupnieciskas-bremzu-sistemas-un-piedzinas-apstadinasanas-komponentes\/bufera-atdures\/buffer-stops-for-track-and-railway-systems\/#primaryimage\"},\"image\":{\"@id\":\"https:\/\/dev.myindustrial.eu\/lv\/shop\/rupnieciskas-bremzu-sistemas-un-piedzinas-apstadinasanas-komponentes\/bufera-atdures\/buffer-stops-for-track-and-railway-systems\/#primaryimage\"},\"thumbnailUrl\":\"https:\/\/dev.myindustrial.eu\/wp-content\/uploads\/2024\/12\/rft_bufferstops.webp\",\"datePublished\":\"2024-12-02T10:24:12+00:00\",\"dateModified\":\"2024-12-26T17:42:57+00:00\",\"breadcrumb\":{\"@id\":\"https:\/\/dev.myindustrial.eu\/lv\/shop\/rupnieciskas-bremzu-sistemas-un-piedzinas-apstadinasanas-komponentes\/bufera-atdures\/buffer-stops-for-track-and-railway-systems\/#breadcrumb\"},\"inLanguage\":\"lv-LV\",\"potentialAction\":[{\"@type\":\"ReadAction\",\"target\":[\"https:\/\/dev.myindustrial.eu\/lv\/shop\/rupnieciskas-bremzu-sistemas-un-piedzinas-apstadinasanas-komponentes\/bufera-atdures\/buffer-stops-for-track-and-railway-systems\/\"]}]},{\"@type\":\"ImageObject\",\"inLanguage\":\"lv-LV\",\"@id\":\"https:\/\/dev.myindustrial.eu\/lv\/shop\/rupnieciskas-bremzu-sistemas-un-piedzinas-apstadinasanas-komponentes\/bufera-atdures\/buffer-stops-for-track-and-railway-systems\/#primaryimage\",\"url\":\"https:\/\/dev.myindustrial.eu\/wp-content\/uploads\/2024\/12\/rft_bufferstops.webp\",\"contentUrl\":\"https:\/\/dev.myindustrial.eu\/wp-content\/uploads\/2024\/12\/rft_bufferstops.webp\",\"width\":800,\"height\":800},{\"@type\":\"BreadcrumbList\",\"@id\":\"https:\/\/dev.myindustrial.eu\/lv\/shop\/rupnieciskas-bremzu-sistemas-un-piedzinas-apstadinasanas-komponentes\/bufera-atdures\/buffer-stops-for-track-and-railway-systems\/#breadcrumb\",\"itemListElement\":[{\"@type\":\"ListItem\",\"position\":1,\"name\":\"Home\",\"item\":\"https:\/\/dev.myindustrial.eu\/lv\/\"},{\"@type\":\"ListItem\",\"position\":2,\"name\":\"Products\",\"item\":\"https:\/\/dev.myindustrial.eu\/lv\/products\/\"},{\"@type\":\"ListItem\",\"position\":3,\"name\":\"Buferis apst\u0101\u0161an\u0101s sist\u0113m\u0101m slie\u017eu un dzelzce\u013ca sist\u0113m\u0101m\"}]},{\"@type\":\"WebSite\",\"@id\":\"https:\/\/dev.myindustrial.eu\/lv\/#website\",\"url\":\"https:\/\/dev.myindustrial.eu\/lv\/\",\"name\":\"My industrial\",\"description\":\"\",\"potentialAction\":[{\"@type\":\"SearchAction\",\"target\":{\"@type\":\"EntryPoint\",\"urlTemplate\":\"https:\/\/dev.myindustrial.eu\/lv\/?s={search_term_string}\"},\"query-input\":{\"@type\":\"PropertyValueSpecification\",\"valueRequired\":true,\"valueName\":\"search_term_string\"}}],\"inLanguage\":\"lv-LV\"}]}<\/script>\n<!-- \/ Yoast SEO plugin. -->","yoast_head_json":{"title":"Buferis apst\u0101\u0161an\u0101s sist\u0113m\u0101m slie\u017eu un dzelzce\u013ca sist\u0113m\u0101m - My industrial","robots":{"index":"noindex","follow":"follow","max-snippet":"max-snippet:-1","max-image-preview":"max-image-preview:large","max-video-preview":"max-video-preview:-1"},"og_locale":"lv_LV","og_type":"article","og_title":"Buferis apst\u0101\u0161an\u0101s sist\u0113m\u0101m slie\u017eu un dzelzce\u013ca sist\u0113m\u0101m - My industrial","og_description":"Buferis apst\u0101\u0161an\u0101s risin\u0101jums slie\u017eu stiprin\u0101jumam. Stiprin\u0101\u0161ana tiek veikta ar \u012bpa\u0161\u0101m r\u016bd\u012bt\u0101m stiprin\u0101\u0161anas vien\u012bb\u0101m.   Viegla mont\u0101\u017ea un izl\u012bdzin\u0101\u0161ana  Pa\u0161centr\u0113jo\u0161a  Piem\u0113rota visiem parastajiem slie\u017eu veidiem  K\u0101 dinamiskais amortizators ar integr\u0113tu buferi  K\u0101 statisks galapunkta amortizators  Funkcijas   Buferis apst\u0101\u0161an\u0101s ar vai bez integr\u0113tiem buferiem  Skr\u016bvju stiprin\u0101jums vai nostiprin\u0101\u0161ana ar zemes enkuriem  Stiprin\u0101\u0161anas veiktsp\u0113ja, pateicoties \u012bpa\u0161\u0101m stiprin\u0101\u0161anas vien\u012bb\u0101m  Iztur\u012bga konstrukcija  Elast\u012bga un viegla mont\u0101\u017ea  Pievelkamie stiprin\u0101jumi slied\u0113m ar sl\u012bpu galvu, piel\u0101goti klientu pras\u012bb\u0101m  \u012apa\u0161i dizaini kan\u0101lu uzst\u0101d\u012b\u0161anai  Tehniskie ieguvumi   Buferi, kas ir integr\u0113ti bufera apst\u0101\u0161an\u0101s sist\u0113m\u0101s, ir viegli nomain\u0101mi, pateicoties jaunajai atv\u0113r\u0161anas funkcijai bufera apst\u0101\u0161an\u0101s aug\u0161\u0113j\u0101 da\u013c\u0101.","og_url":"https:\/\/dev.myindustrial.eu\/lv\/shop\/rupnieciskas-bremzu-sistemas-un-piedzinas-apstadinasanas-komponentes\/bufera-atdures\/buffer-stops-for-track-and-railway-systems\/","og_site_name":"My industrial","article_modified_time":"2024-12-26T17:42:57+00:00","og_image":[{"width":800,"height":800,"url":"https:\/\/dev.myindustrial.eu\/wp-content\/uploads\/2024\/12\/rft_bufferstops.webp","type":"image\/webp"}],"twitter_card":"summary_large_image","schema":{"@context":"https:\/\/schema.org","@graph":[{"@type":"WebPage","@id":"https:\/\/dev.myindustrial.eu\/lv\/shop\/rupnieciskas-bremzu-sistemas-un-piedzinas-apstadinasanas-komponentes\/bufera-atdures\/buffer-stops-for-track-and-railway-systems\/","url":"https:\/\/dev.myindustrial.eu\/lv\/shop\/rupnieciskas-bremzu-sistemas-un-piedzinas-apstadinasanas-komponentes\/bufera-atdures\/buffer-stops-for-track-and-railway-systems\/","name":"Buferis apst\u0101\u0161an\u0101s sist\u0113m\u0101m slie\u017eu un dzelzce\u013ca sist\u0113m\u0101m - My industrial","isPartOf":{"@id":"https:\/\/dev.myindustrial.eu\/lv\/#website"},"primaryImageOfPage":{"@id":"https:\/\/dev.myindustrial.eu\/lv\/shop\/rupnieciskas-bremzu-sistemas-un-piedzinas-apstadinasanas-komponentes\/bufera-atdures\/buffer-stops-for-track-and-railway-systems\/#primaryimage"},"image":{"@id":"https:\/\/dev.myindustrial.eu\/lv\/shop\/rupnieciskas-bremzu-sistemas-un-piedzinas-apstadinasanas-komponentes\/bufera-atdures\/buffer-stops-for-track-and-railway-systems\/#primaryimage"},"thumbnailUrl":"https:\/\/dev.myindustrial.eu\/wp-content\/uploads\/2024\/12\/rft_bufferstops.webp","datePublished":"2024-12-02T10:24:12+00:00","dateModified":"2024-12-26T17:42:57+00:00","breadcrumb":{"@id":"https:\/\/dev.myindustrial.eu\/lv\/shop\/rupnieciskas-bremzu-sistemas-un-piedzinas-apstadinasanas-komponentes\/bufera-atdures\/buffer-stops-for-track-and-railway-systems\/#breadcrumb"},"inLanguage":"lv-LV","potentialAction":[{"@type":"ReadAction","target":["https:\/\/dev.myindustrial.eu\/lv\/shop\/rupnieciskas-bremzu-sistemas-un-piedzinas-apstadinasanas-komponentes\/bufera-atdures\/buffer-stops-for-track-and-railway-systems\/"]}]},{"@type":"ImageObject","inLanguage":"lv-LV","@id":"https:\/\/dev.myindustrial.eu\/lv\/shop\/rupnieciskas-bremzu-sistemas-un-piedzinas-apstadinasanas-komponentes\/bufera-atdures\/buffer-stops-for-track-and-railway-systems\/#primaryimage","url":"https:\/\/dev.myindustrial.eu\/wp-content\/uploads\/2024\/12\/rft_bufferstops.webp","contentUrl":"https:\/\/dev.myindustrial.eu\/wp-content\/uploads\/2024\/12\/rft_bufferstops.webp","width":800,"height":800},{"@type":"BreadcrumbList","@id":"https:\/\/dev.myindustrial.eu\/lv\/shop\/rupnieciskas-bremzu-sistemas-un-piedzinas-apstadinasanas-komponentes\/bufera-atdures\/buffer-stops-for-track-and-railway-systems\/#breadcrumb","itemListElement":[{"@type":"ListItem","position":1,"name":"Home","item":"https:\/\/dev.myindustrial.eu\/lv\/"},{"@type":"ListItem","position":2,"name":"Products","item":"https:\/\/dev.myindustrial.eu\/lv\/products\/"},{"@type":"ListItem","position":3,"name":"Buferis apst\u0101\u0161an\u0101s sist\u0113m\u0101m slie\u017eu un dzelzce\u013ca sist\u0113m\u0101m"}]},{"@type":"WebSite","@id":"https:\/\/dev.myindustrial.eu\/lv\/#website","url":"https:\/\/dev.myindustrial.eu\/lv\/","name":"My industrial","description":"","potentialAction":[{"@type":"SearchAction","target":{"@type":"EntryPoint","urlTemplate":"https:\/\/dev.myindustrial.eu\/lv\/?s={search_term_string}"},"query-input":{"@type":"PropertyValueSpecification","valueRequired":true,"valueName":"search_term_string"}}],"inLanguage":"lv-LV"}]}},"_links":{"self":[{"href":"https:\/\/dev.myindustrial.eu\/lv\/wp-json\/wp\/v2\/product\/1260065519","targetHints":{"allow":["GET"]}}],"collection":[{"href":"https:\/\/dev.myindustrial.eu\/lv\/wp-json\/wp\/v2\/product"}],"about":[{"href":"https:\/\/dev.myindustrial.eu\/lv\/wp-json\/wp\/v2\/types\/product"}],"version-history":[{"count":0,"href":"https:\/\/dev.myindustrial.eu\/lv\/wp-json\/wp\/v2\/product\/1260065519\/revisions"}],"wp:featuredmedia":[{"embeddable":true,"href":"https:\/\/dev.myindustrial.eu\/lv\/wp-json\/wp\/v2\/media\/1260064846"}],"wp:attachment":[{"href":"https:\/\/dev.myindustrial.eu\/lv\/wp-json\/wp\/v2\/media?parent=1260065519"}],"wp:term":[{"taxonomy":"product_brand","embeddable":true,"href":"https:\/\/dev.myindustrial.eu\/lv\/wp-json\/wp\/v2\/product_brand?post=1260065519"},{"taxonomy":"product_cat","embeddable":true,"href":"https:\/\/dev.myindustrial.eu\/lv\/wp-json\/wp\/v2\/product_cat?post=1260065519"},{"taxonomy":"product_tag","embeddable":true,"href":"https:\/\/dev.myindustrial.eu\/lv\/wp-json\/wp\/v2\/product_tag?post=1260065519"}],"curies":[{"name":"wp","href":"https:\/\/api.w.org\/{rel}","templated":true}]}}