{"id":1260065524,"date":"2024-12-02T10:32:32","date_gmt":"2024-12-02T10:32:32","guid":{"rendered":"https:\/\/dev.myindustrial.eu\/shop\/uncategorized\/caliper-safety-disc-brake-type-scfh\/"},"modified":"2024-12-26T17:53:33","modified_gmt":"2024-12-26T17:53:33","slug":"caliper-safety-disc-brake-type-scfh","status":"publish","type":"product","link":"https:\/\/dev.myindustrial.eu\/lv\/shop\/rupnieciskas-bremzu-sistemas-un-piedzinas-apstadinasanas-komponentes\/avarijas-suportu-disku-bremze\/caliper-safety-disc-brake-type-scfh\/","title":{"rendered":"Av\u0101rijas suportu dro\u0161\u012bbas disku bremze SCFH tipa"},"content":{"rendered":"<p><b>\u012apa\u0161\u012bbas<\/b><\/p>\n<ul>\n<li style=\"font-weight: 400;\" aria-level=\"1\"><span style=\"font-weight: 400;\">Bremz\u0113\u0161ana ar atsperu sp\u0113ku. Atsperu rad\u012bta bremz\u0113\u0161anas sp\u0113ka pielieto\u0161ana<\/span><\/li>\n<li style=\"font-weight: 400;\" aria-level=\"1\"><span style=\"font-weight: 400;\">Pacel\u0161ana ar hidraulisko cilindru. Hidraulisk\u0101 atbr\u012bvo\u0161ana<\/span><\/li>\n<li style=\"font-weight: 400;\" aria-level=\"1\"><span style=\"font-weight: 400;\">Autom\u0101tiska darb\u012bba str\u0101vas padeves p\u0101rtraukuma gad\u012bjum\u0101. Fail Safe (str\u0101vas zuduma gad\u012bjum\u0101 bremze tiek autom\u0101tiski aktiviz\u0113ta)<\/span><\/li>\n<\/ul>\n<p><b>Tehniskie ieguvumi<\/b><\/p>\n<ul>\n<li style=\"font-weight: 400;\" aria-level=\"1\"><span style=\"font-weight: 400;\">\u013boti augsta kvalit\u0101tes un dro\u0161\u012bbas pak\u0101pe<\/span><\/li>\n<li style=\"font-weight: 400;\" aria-level=\"1\"><span style=\"font-weight: 400;\">Tie\u0161a darb\u012bba bez starpposma meh\u0101nismiem<\/span><\/li>\n<li style=\"font-weight: 400;\" aria-level=\"1\"><span style=\"font-weight: 400;\">Fiks\u0113ta konstrukcija, ne peldo\u0161a<\/span><\/li>\n<li style=\"font-weight: 400;\" aria-level=\"1\"><span style=\"font-weight: 400;\">Ilgs kalpo\u0161anas laiks \/ Samazin\u0101tas apkopes un turpm\u0101k\u0101s izmaksas<\/span><\/li>\n<\/ul>\n","protected":false},"excerpt":{"rendered":"<p><span style=\"font-weight: 400;\">\u00abZema \u0101truma\u00bb bremze.<\/span><span style=\"font-weight: 400;\"><br \/>\n<\/span><span style=\"font-weight: 400;\">Suportu dro\u0161\u012bbas disku bremze, kas darbojas tie\u0161i uz troses cilindra diska. Nodro\u0161ina aizsardz\u012bbu pret kravas kri\u0161anu un papildu dro\u0161\u012bbu (tostarp rea\u0123\u0113 gad\u012bjumos, kad p\u0101rtr\u016bkst piedzi\u0146as v\u0101rpsta).<\/span><\/p>\n<ul>\n<li style=\"font-weight: 400;\" aria-level=\"1\"><span style=\"font-weight: 400;\">Tie\u0161as darb\u012bbas \/ Bez sviru p\u0101rneses<\/span><\/li>\n<li style=\"font-weight: 400;\" aria-level=\"1\"><span style=\"font-weight: 400;\">Spiediena sp\u0113ks uz brem\u017eu uzlik\u0101m\/ klu\u010diem l\u012bdz 400 kN vien\u0101 skavu sist\u0113m\u0101<\/span><\/li>\n<li style=\"font-weight: 400;\" aria-level=\"1\"><span style=\"font-weight: 400;\">Skavu vari\u0101cijas uz viena brem\u017eu diska (piem\u0113ram: 4 x SCFH-4 = 1600 kN spiediena sp\u0113ks uz klu\u010diem)<\/span><\/li>\n<li style=\"font-weight: 400;\" aria-level=\"1\"><span style=\"font-weight: 400;\">Augsts un neatkar\u012bgs bremz\u0113\u0161anas griezes moments abos rot\u0101cijas virzienos<\/span><\/li>\n<li style=\"font-weight: 400;\" aria-level=\"1\"><span style=\"font-weight: 400;\">Divas identiskas skavu puses<\/span><\/li>\n<li style=\"font-weight: 400;\" aria-level=\"1\"><span style=\"font-weight: 400;\">Manu\u0101la brem\u017eu klu\u010du nolietojuma regul\u0113\u0161ana<\/span><\/li>\n<li style=\"font-weight: 400;\" aria-level=\"1\"><span style=\"font-weight: 400;\">Pacel\u0161anas atstarpes regul\u0113\u0161ana no 1 mm l\u012bdz 3 mm<\/span><\/li>\n<li style=\"font-weight: 400;\" aria-level=\"1\"><span style=\"font-weight: 400;\">Hidraulisk\u0101 sist\u0113ma ir piln\u012bb\u0101 nosl\u0113gta<\/span><\/li>\n<li style=\"font-weight: 400;\" aria-level=\"1\"><span style=\"font-weight: 400;\">Zema nolietojuma sint\u0113zes brem\u017eu klu\u010di standarta komplekt\u0101cij\u0101<\/span><\/li>\n<\/ul>\n","protected":false},"featured_media":1260064852,"template":"","meta":[],"product_brand":[],"product_cat":[1693],"product_tag":[],"class_list":{"0":"post-1260065524","1":"product","2":"type-product","3":"status-publish","4":"has-post-thumbnail","6":"product_cat-avarijas-suportu-disku-bremze","8":"first","9":"instock","10":"shipping-taxable","11":"product-type-simple"},"yoast_head":"<!-- This site is optimized with the Yoast SEO plugin v27.1.1 - https:\/\/yoast.com\/product\/yoast-seo-wordpress\/ -->\n<title>Av\u0101rijas suportu dro\u0161\u012bbas disku bremze SCFH tipa - My industrial<\/title>\n<meta name=\"robots\" content=\"noindex, follow, max-snippet:-1, max-image-preview:large, max-video-preview:-1\" \/>\n<meta property=\"og:locale\" content=\"lv_LV\" \/>\n<meta property=\"og:type\" content=\"article\" \/>\n<meta property=\"og:title\" content=\"Av\u0101rijas suportu dro\u0161\u012bbas disku bremze SCFH tipa - My industrial\" \/>\n<meta property=\"og:description\" content=\"\u00abZema \u0101truma\u00bb bremze. Suportu dro\u0161\u012bbas disku bremze, kas darbojas tie\u0161i uz troses cilindra diska. Nodro\u0161ina aizsardz\u012bbu pret kravas kri\u0161anu un papildu dro\u0161\u012bbu (tostarp rea\u0123\u0113 gad\u012bjumos, kad p\u0101rtr\u016bkst piedzi\u0146as v\u0101rpsta).   Tie\u0161as darb\u012bbas \/ Bez sviru p\u0101rneses  Spiediena sp\u0113ks uz brem\u017eu uzlik\u0101m\/ klu\u010diem l\u012bdz 400 kN vien\u0101 skavu sist\u0113m\u0101  Skavu vari\u0101cijas uz viena brem\u017eu diska (piem\u0113ram: 4 x SCFH-4 = 1600 kN spiediena sp\u0113ks uz klu\u010diem)  Augsts un neatkar\u012bgs bremz\u0113\u0161anas griezes moments abos rot\u0101cijas virzienos  Divas identiskas skavu puses  Manu\u0101la brem\u017eu klu\u010du nolietojuma regul\u0113\u0161ana  Pacel\u0161anas atstarpes regul\u0113\u0161ana no 1 mm l\u012bdz 3 mm  Hidraulisk\u0101 sist\u0113ma ir piln\u012bb\u0101 nosl\u0113gta  Zema nolietojuma sint\u0113zes brem\u017eu klu\u010di standarta komplekt\u0101cij\u0101\" \/>\n<meta property=\"og:url\" content=\"https:\/\/dev.myindustrial.eu\/lv\/shop\/rupnieciskas-bremzu-sistemas-un-piedzinas-apstadinasanas-komponentes\/avarijas-suportu-disku-bremze\/caliper-safety-disc-brake-type-scfh\/\" \/>\n<meta property=\"og:site_name\" content=\"My industrial\" \/>\n<meta property=\"article:modified_time\" content=\"2024-12-26T17:53:33+00:00\" \/>\n<meta property=\"og:image\" content=\"https:\/\/dev.myindustrial.eu\/wp-content\/uploads\/2024\/12\/rft_calipersafetybrake-type-scfh.webp\" \/>\n\t<meta property=\"og:image:width\" content=\"800\" \/>\n\t<meta property=\"og:image:height\" content=\"800\" \/>\n\t<meta property=\"og:image:type\" content=\"image\/webp\" \/>\n<meta name=\"twitter:card\" content=\"summary_large_image\" \/>\n<script type=\"application\/ld+json\" class=\"yoast-schema-graph\">{\"@context\":\"https:\/\/schema.org\",\"@graph\":[{\"@type\":\"WebPage\",\"@id\":\"https:\/\/dev.myindustrial.eu\/lv\/shop\/rupnieciskas-bremzu-sistemas-un-piedzinas-apstadinasanas-komponentes\/avarijas-suportu-disku-bremze\/caliper-safety-disc-brake-type-scfh\/\",\"url\":\"https:\/\/dev.myindustrial.eu\/lv\/shop\/rupnieciskas-bremzu-sistemas-un-piedzinas-apstadinasanas-komponentes\/avarijas-suportu-disku-bremze\/caliper-safety-disc-brake-type-scfh\/\",\"name\":\"Av\u0101rijas suportu dro\u0161\u012bbas disku bremze SCFH tipa - My industrial\",\"isPartOf\":{\"@id\":\"https:\/\/dev.myindustrial.eu\/lv\/#website\"},\"primaryImageOfPage\":{\"@id\":\"https:\/\/dev.myindustrial.eu\/lv\/shop\/rupnieciskas-bremzu-sistemas-un-piedzinas-apstadinasanas-komponentes\/avarijas-suportu-disku-bremze\/caliper-safety-disc-brake-type-scfh\/#primaryimage\"},\"image\":{\"@id\":\"https:\/\/dev.myindustrial.eu\/lv\/shop\/rupnieciskas-bremzu-sistemas-un-piedzinas-apstadinasanas-komponentes\/avarijas-suportu-disku-bremze\/caliper-safety-disc-brake-type-scfh\/#primaryimage\"},\"thumbnailUrl\":\"https:\/\/dev.myindustrial.eu\/wp-content\/uploads\/2024\/12\/rft_calipersafetybrake-type-scfh.webp\",\"datePublished\":\"2024-12-02T10:32:32+00:00\",\"dateModified\":\"2024-12-26T17:53:33+00:00\",\"breadcrumb\":{\"@id\":\"https:\/\/dev.myindustrial.eu\/lv\/shop\/rupnieciskas-bremzu-sistemas-un-piedzinas-apstadinasanas-komponentes\/avarijas-suportu-disku-bremze\/caliper-safety-disc-brake-type-scfh\/#breadcrumb\"},\"inLanguage\":\"lv-LV\",\"potentialAction\":[{\"@type\":\"ReadAction\",\"target\":[\"https:\/\/dev.myindustrial.eu\/lv\/shop\/rupnieciskas-bremzu-sistemas-un-piedzinas-apstadinasanas-komponentes\/avarijas-suportu-disku-bremze\/caliper-safety-disc-brake-type-scfh\/\"]}]},{\"@type\":\"ImageObject\",\"inLanguage\":\"lv-LV\",\"@id\":\"https:\/\/dev.myindustrial.eu\/lv\/shop\/rupnieciskas-bremzu-sistemas-un-piedzinas-apstadinasanas-komponentes\/avarijas-suportu-disku-bremze\/caliper-safety-disc-brake-type-scfh\/#primaryimage\",\"url\":\"https:\/\/dev.myindustrial.eu\/wp-content\/uploads\/2024\/12\/rft_calipersafetybrake-type-scfh.webp\",\"contentUrl\":\"https:\/\/dev.myindustrial.eu\/wp-content\/uploads\/2024\/12\/rft_calipersafetybrake-type-scfh.webp\",\"width\":800,\"height\":800},{\"@type\":\"BreadcrumbList\",\"@id\":\"https:\/\/dev.myindustrial.eu\/lv\/shop\/rupnieciskas-bremzu-sistemas-un-piedzinas-apstadinasanas-komponentes\/avarijas-suportu-disku-bremze\/caliper-safety-disc-brake-type-scfh\/#breadcrumb\",\"itemListElement\":[{\"@type\":\"ListItem\",\"position\":1,\"name\":\"Home\",\"item\":\"https:\/\/dev.myindustrial.eu\/lv\/\"},{\"@type\":\"ListItem\",\"position\":2,\"name\":\"Products\",\"item\":\"https:\/\/dev.myindustrial.eu\/lv\/products\/\"},{\"@type\":\"ListItem\",\"position\":3,\"name\":\"Av\u0101rijas suportu dro\u0161\u012bbas disku bremze SCFH tipa\"}]},{\"@type\":\"WebSite\",\"@id\":\"https:\/\/dev.myindustrial.eu\/lv\/#website\",\"url\":\"https:\/\/dev.myindustrial.eu\/lv\/\",\"name\":\"My industrial\",\"description\":\"\",\"potentialAction\":[{\"@type\":\"SearchAction\",\"target\":{\"@type\":\"EntryPoint\",\"urlTemplate\":\"https:\/\/dev.myindustrial.eu\/lv\/?s={search_term_string}\"},\"query-input\":{\"@type\":\"PropertyValueSpecification\",\"valueRequired\":true,\"valueName\":\"search_term_string\"}}],\"inLanguage\":\"lv-LV\"}]}<\/script>\n<!-- \/ Yoast SEO plugin. -->","yoast_head_json":{"title":"Av\u0101rijas suportu dro\u0161\u012bbas disku bremze SCFH tipa - My industrial","robots":{"index":"noindex","follow":"follow","max-snippet":"max-snippet:-1","max-image-preview":"max-image-preview:large","max-video-preview":"max-video-preview:-1"},"og_locale":"lv_LV","og_type":"article","og_title":"Av\u0101rijas suportu dro\u0161\u012bbas disku bremze SCFH tipa - My industrial","og_description":"\u00abZema \u0101truma\u00bb bremze. Suportu dro\u0161\u012bbas disku bremze, kas darbojas tie\u0161i uz troses cilindra diska. Nodro\u0161ina aizsardz\u012bbu pret kravas kri\u0161anu un papildu dro\u0161\u012bbu (tostarp rea\u0123\u0113 gad\u012bjumos, kad p\u0101rtr\u016bkst piedzi\u0146as v\u0101rpsta).   Tie\u0161as darb\u012bbas \/ Bez sviru p\u0101rneses  Spiediena sp\u0113ks uz brem\u017eu uzlik\u0101m\/ klu\u010diem l\u012bdz 400 kN vien\u0101 skavu sist\u0113m\u0101  Skavu vari\u0101cijas uz viena brem\u017eu diska (piem\u0113ram: 4 x SCFH-4 = 1600 kN spiediena sp\u0113ks uz klu\u010diem)  Augsts un neatkar\u012bgs bremz\u0113\u0161anas griezes moments abos rot\u0101cijas virzienos  Divas identiskas skavu puses  Manu\u0101la brem\u017eu klu\u010du nolietojuma regul\u0113\u0161ana  Pacel\u0161anas atstarpes regul\u0113\u0161ana no 1 mm l\u012bdz 3 mm  Hidraulisk\u0101 sist\u0113ma ir piln\u012bb\u0101 nosl\u0113gta  Zema nolietojuma sint\u0113zes brem\u017eu klu\u010di standarta komplekt\u0101cij\u0101","og_url":"https:\/\/dev.myindustrial.eu\/lv\/shop\/rupnieciskas-bremzu-sistemas-un-piedzinas-apstadinasanas-komponentes\/avarijas-suportu-disku-bremze\/caliper-safety-disc-brake-type-scfh\/","og_site_name":"My industrial","article_modified_time":"2024-12-26T17:53:33+00:00","og_image":[{"width":800,"height":800,"url":"https:\/\/dev.myindustrial.eu\/wp-content\/uploads\/2024\/12\/rft_calipersafetybrake-type-scfh.webp","type":"image\/webp"}],"twitter_card":"summary_large_image","schema":{"@context":"https:\/\/schema.org","@graph":[{"@type":"WebPage","@id":"https:\/\/dev.myindustrial.eu\/lv\/shop\/rupnieciskas-bremzu-sistemas-un-piedzinas-apstadinasanas-komponentes\/avarijas-suportu-disku-bremze\/caliper-safety-disc-brake-type-scfh\/","url":"https:\/\/dev.myindustrial.eu\/lv\/shop\/rupnieciskas-bremzu-sistemas-un-piedzinas-apstadinasanas-komponentes\/avarijas-suportu-disku-bremze\/caliper-safety-disc-brake-type-scfh\/","name":"Av\u0101rijas suportu dro\u0161\u012bbas disku bremze SCFH tipa - My industrial","isPartOf":{"@id":"https:\/\/dev.myindustrial.eu\/lv\/#website"},"primaryImageOfPage":{"@id":"https:\/\/dev.myindustrial.eu\/lv\/shop\/rupnieciskas-bremzu-sistemas-un-piedzinas-apstadinasanas-komponentes\/avarijas-suportu-disku-bremze\/caliper-safety-disc-brake-type-scfh\/#primaryimage"},"image":{"@id":"https:\/\/dev.myindustrial.eu\/lv\/shop\/rupnieciskas-bremzu-sistemas-un-piedzinas-apstadinasanas-komponentes\/avarijas-suportu-disku-bremze\/caliper-safety-disc-brake-type-scfh\/#primaryimage"},"thumbnailUrl":"https:\/\/dev.myindustrial.eu\/wp-content\/uploads\/2024\/12\/rft_calipersafetybrake-type-scfh.webp","datePublished":"2024-12-02T10:32:32+00:00","dateModified":"2024-12-26T17:53:33+00:00","breadcrumb":{"@id":"https:\/\/dev.myindustrial.eu\/lv\/shop\/rupnieciskas-bremzu-sistemas-un-piedzinas-apstadinasanas-komponentes\/avarijas-suportu-disku-bremze\/caliper-safety-disc-brake-type-scfh\/#breadcrumb"},"inLanguage":"lv-LV","potentialAction":[{"@type":"ReadAction","target":["https:\/\/dev.myindustrial.eu\/lv\/shop\/rupnieciskas-bremzu-sistemas-un-piedzinas-apstadinasanas-komponentes\/avarijas-suportu-disku-bremze\/caliper-safety-disc-brake-type-scfh\/"]}]},{"@type":"ImageObject","inLanguage":"lv-LV","@id":"https:\/\/dev.myindustrial.eu\/lv\/shop\/rupnieciskas-bremzu-sistemas-un-piedzinas-apstadinasanas-komponentes\/avarijas-suportu-disku-bremze\/caliper-safety-disc-brake-type-scfh\/#primaryimage","url":"https:\/\/dev.myindustrial.eu\/wp-content\/uploads\/2024\/12\/rft_calipersafetybrake-type-scfh.webp","contentUrl":"https:\/\/dev.myindustrial.eu\/wp-content\/uploads\/2024\/12\/rft_calipersafetybrake-type-scfh.webp","width":800,"height":800},{"@type":"BreadcrumbList","@id":"https:\/\/dev.myindustrial.eu\/lv\/shop\/rupnieciskas-bremzu-sistemas-un-piedzinas-apstadinasanas-komponentes\/avarijas-suportu-disku-bremze\/caliper-safety-disc-brake-type-scfh\/#breadcrumb","itemListElement":[{"@type":"ListItem","position":1,"name":"Home","item":"https:\/\/dev.myindustrial.eu\/lv\/"},{"@type":"ListItem","position":2,"name":"Products","item":"https:\/\/dev.myindustrial.eu\/lv\/products\/"},{"@type":"ListItem","position":3,"name":"Av\u0101rijas suportu dro\u0161\u012bbas disku bremze SCFH tipa"}]},{"@type":"WebSite","@id":"https:\/\/dev.myindustrial.eu\/lv\/#website","url":"https:\/\/dev.myindustrial.eu\/lv\/","name":"My industrial","description":"","potentialAction":[{"@type":"SearchAction","target":{"@type":"EntryPoint","urlTemplate":"https:\/\/dev.myindustrial.eu\/lv\/?s={search_term_string}"},"query-input":{"@type":"PropertyValueSpecification","valueRequired":true,"valueName":"search_term_string"}}],"inLanguage":"lv-LV"}]}},"_links":{"self":[{"href":"https:\/\/dev.myindustrial.eu\/lv\/wp-json\/wp\/v2\/product\/1260065524","targetHints":{"allow":["GET"]}}],"collection":[{"href":"https:\/\/dev.myindustrial.eu\/lv\/wp-json\/wp\/v2\/product"}],"about":[{"href":"https:\/\/dev.myindustrial.eu\/lv\/wp-json\/wp\/v2\/types\/product"}],"version-history":[{"count":0,"href":"https:\/\/dev.myindustrial.eu\/lv\/wp-json\/wp\/v2\/product\/1260065524\/revisions"}],"wp:featuredmedia":[{"embeddable":true,"href":"https:\/\/dev.myindustrial.eu\/lv\/wp-json\/wp\/v2\/media\/1260064852"}],"wp:attachment":[{"href":"https:\/\/dev.myindustrial.eu\/lv\/wp-json\/wp\/v2\/media?parent=1260065524"}],"wp:term":[{"taxonomy":"product_brand","embeddable":true,"href":"https:\/\/dev.myindustrial.eu\/lv\/wp-json\/wp\/v2\/product_brand?post=1260065524"},{"taxonomy":"product_cat","embeddable":true,"href":"https:\/\/dev.myindustrial.eu\/lv\/wp-json\/wp\/v2\/product_cat?post=1260065524"},{"taxonomy":"product_tag","embeddable":true,"href":"https:\/\/dev.myindustrial.eu\/lv\/wp-json\/wp\/v2\/product_tag?post=1260065524"}],"curies":[{"name":"wp","href":"https:\/\/api.w.org\/{rel}","templated":true}]}}