{"id":1260065530,"date":"2024-12-02T10:35:38","date_gmt":"2024-12-02T10:35:38","guid":{"rendered":"https:\/\/dev.myindustrial.eu\/shop\/uncategorized\/industrial-brake-disk-coupling-with-brake-disk-for-disk-brake\/"},"modified":"2024-12-26T19:49:10","modified_gmt":"2024-12-26T19:49:10","slug":"industrial-brake-disk-coupling-with-brake-disk-for-disk-brake","status":"publish","type":"product","link":"https:\/\/dev.myindustrial.eu\/lv\/shop\/rupnieciskas-bremzu-sistemas-un-piedzinas-apstadinasanas-komponentes\/muftes-savienojumi\/industrial-brake-disk-coupling-with-brake-disk-for-disk-brake\/","title":{"rendered":"R\u016bpniecisk\u0101 brem\u017eu diska mufte (saj\u016bgs) ar brem\u017eu disku priek\u0161 disku bremz\u0113m"},"content":{"rendered":"<p><span style=\"font-weight: 400;\">Elast\u012bg\u0101s \u017eok\u013cu muftes (saj\u016bgi), kas r\u016bpnieciski izstr\u0101d\u0101ti, lai samazin\u0101tu v\u0113rpes, kompens\u0113 aksi\u0101las, radi\u0101las un le\u0146\u0137a novirzes. T\u0101d\u0113j\u0101di tie var kompens\u0113t v\u0101rpstas nob\u012bdes, kas rodas neprec\u012bzas mont\u0101\u017eas, pamatu nos\u0113\u0161an\u0101s vai darb\u012bbas laik\u0101 rad\u012bto augstuma un garuma izmai\u0146u d\u0113\u013c.<\/span><\/p>\n<p><span style=\"font-weight: 400;\">\u017dok\u013cu saj\u016bgi darbojas ar elast\u012bgiem gumijas p\u0101rvades elementiem, nodro\u0161inot stingru savienojumu un aizsardz\u012bbu pret p\u0101rdur\u0161anu. Elast\u012bgie p\u0101rvades elementi parasti tiek izgatavoti no gumijas materi\u0101la (NR-SBR 75 &#8211; 80\u00b0 Shore = elementu konstrukcija SN), kas piem\u0113rots temperat\u016br\u0101m no -40\u00b0C l\u012bdz +80\u00b0C. P\u0113c piepras\u012bjuma ir pieejami ar\u012b citi gumijas vai silikona materi\u0101li ar da\u017e\u0101du ciet\u012bbu un piem\u0113roti augst\u0101k\u0101m temperat\u016br\u0101m.<\/span><\/p>\n<p><span style=\"font-weight: 400;\">Saj\u016bgi nodro\u0161ina progres\u012bvu v\u0113rpes raksturl\u012bkni ar lab\u0101m sl\u0101p\u0113\u0161anas \u012bpa\u0161\u012bb\u0101m, kas attiecas uz v\u0113rpes vibr\u0101cij\u0101m un triecienu slodz\u0113m. Visu saj\u016bgu \u012bpa\u0161a iez\u012bme ir atsevi\u0161\u0137s skr\u016bvju fiks\u0113jo\u0161ais v\u0101ks, kas \u013cauj elast\u012bgos elementus uzst\u0101d\u012bt un no\u0146emt radi\u0101li, neveicot saj\u016bga rumbas aksi\u0101lu p\u0101rvieto\u0161anu.<\/span><\/p>\n<p><span style=\"font-weight: 400;\">Elast\u012bgie elementi visos izm\u0113ros ir veidoti k\u0101 puscaurule, kur divi gumijas spilventi\u0146i ir savienoti ar \u0101r\u0113jo jostu.<\/span><\/p>\n<p><b>\u012apa\u0161\u012bbas<\/b><\/p>\n<p><span style=\"font-weight: 400;\">RKK r\u016bpnieciskie saj\u016bgi jeb industri\u0101l\u0101s muftes, savienojo\u0161s elements ar augstu elast\u012bbu:<\/span><\/p>\n<ul>\n<li style=\"font-weight: 400;\" aria-level=\"1\"><span style=\"font-weight: 400;\">Elast\u012bgs v\u0113rpes zi\u0146\u0101<\/span><\/li>\n<li style=\"font-weight: 400;\" aria-level=\"1\"><span style=\"font-weight: 400;\">Kompens\u0113 aksi\u0101l\u0101s novirzes<\/span><\/li>\n<li style=\"font-weight: 400;\" aria-level=\"1\"><span style=\"font-weight: 400;\">Kompens\u0113 radi\u0101l\u0101s novirzes<\/span><\/li>\n<li style=\"font-weight: 400;\" aria-level=\"1\"><span style=\"font-weight: 400;\">Kompens\u0113 le\u0146\u0137a novirzes<\/span><\/li>\n<\/ul>\n<p><b>Nolietoto saj\u016bga elementu \u0101tra un vienk\u0101r\u0161a nomai\u0146a:<\/b><\/p>\n<ol>\n<li style=\"font-weight: 400;\" aria-level=\"1\"><span style=\"font-weight: 400;\">Atbr\u012bvojiet un atb\u012bdiet atpaka\u013c fiks\u0113jo\u0161o v\u0101ku.<\/span><\/li>\n<li style=\"font-weight: 400;\" aria-level=\"1\"><span style=\"font-weight: 400;\">No\u0146emiet nolietotos saj\u016bga elementus un ievietojiet jaunus.<\/span><\/li>\n<li style=\"font-weight: 400;\" aria-level=\"1\"><span style=\"font-weight: 400;\">Atb\u012bdiet fiks\u0113jo\u0161o v\u0101ku atpaka\u013c un cie\u0161i pievelciet.<\/span><\/li>\n<\/ol>\n<p><b>Tehnisk\u0101s priek\u0161roc\u012bbas<\/b><\/p>\n<ul>\n<li style=\"font-weight: 400;\" aria-level=\"1\"><span style=\"font-weight: 400;\">Brem\u017eu disks izgatavots no mas\u012bva materi\u0101la (C45).<\/span><\/li>\n<li style=\"font-weight: 400;\" aria-level=\"1\"><span style=\"font-weight: 400;\">Nolietotie gumijas elementi \/ saj\u016bga elementi ir viegli nomain\u0101mi, nesadalot saj\u016bgu vai motoru.<\/span><\/li>\n<li style=\"font-weight: 400;\" aria-level=\"1\"><span style=\"font-weight: 400;\">Saj\u016bga \u017eok\u013ci ir koaksi\u0101li ar v\u0101rpstu (bez sl\u012bpuma le\u0146\u0137iem, t\u0101p\u0113c zem\u0101kas aksi\u0101l\u0101s slodzes).<\/span><\/li>\n<li style=\"font-weight: 400;\" aria-level=\"1\"><span style=\"font-weight: 400;\">Ilgs kalpo\u0161anas laiks un samazin\u0101tas apkopes un turpm\u0101k\u0101s izmaksas.<\/span><\/li>\n<\/ul>\n","protected":false},"excerpt":{"rendered":"<p><span style=\"font-weight: 400;\">Elast\u012bgie elementi ir viegli uzst\u0101d\u0101mi un no\u0146emami radi\u0101li, neprasot savienoto ma\u0161\u012bnu aksi\u0101lu p\u0101rvieto\u0161anu p\u0113c tam, kad ir no\u0146emts un izvilkts fiks\u0113jo\u0161ais v\u0101ks. Brem\u017eu trumu\u013ca uzst\u0101d\u012b\u0161anas alternat\u012bvas nodro\u0161ina \u0101r\u0113jo izm\u0113ru.<\/span><\/p>\n<ul>\n<li style=\"font-weight: 400;\" aria-level=\"1\"><span style=\"font-weight: 400;\">Elast\u012bgs v\u0101rpstas mufte (saj\u016bgs), \u017eok\u013cu muftes (saj\u016bga) sakabe ar brem\u017eu disku priek\u0161 disku bremz\u0113m<\/span><\/li>\n<li style=\"font-weight: 400;\" aria-level=\"1\"><span style=\"font-weight: 400;\">Saj\u016bgs ir iztur\u012bgs un dro\u0161s pret boj\u0101jumiem<\/span><\/li>\n<li style=\"font-weight: 400;\" aria-level=\"1\"><span style=\"font-weight: 400;\">Izgatavots no mas\u012bva materi\u0101la (C45), nevis lie\u0161anas konstrukcija<\/span><\/li>\n<li style=\"font-weight: 400;\" aria-level=\"1\"><span style=\"font-weight: 400;\">Divkomponentu kr\u0101sojums, RAL 7024<\/span><\/li>\n<li style=\"font-weight: 400;\" aria-level=\"1\"><span style=\"font-weight: 400;\">Augsts kvalit\u0101tes l\u012bmenis \/ ilgs kalpo\u0161anas laiks<\/span><\/li>\n<li style=\"font-weight: 400;\" aria-level=\"1\"><span style=\"font-weight: 400;\">Motora v\u0101rpstas diametrs no 20 mm l\u012bdz 170 mm<\/span><\/li>\n<li style=\"font-weight: 400;\" aria-level=\"1\"><span style=\"font-weight: 400;\">P\u0101rnesuma v\u0101rpstas diametrs no 20 mm l\u012bdz 170 mm<\/span><\/li>\n<\/ul>\n","protected":false},"featured_media":1260064858,"template":"","meta":[],"product_brand":[],"product_cat":[1648],"product_tag":[],"class_list":{"0":"post-1260065530","1":"product","2":"type-product","3":"status-publish","4":"has-post-thumbnail","6":"product_cat-muftes-savienojumi","8":"first","9":"instock","10":"shipping-taxable","11":"product-type-simple"},"yoast_head":"<!-- This site is optimized with the Yoast SEO plugin v27.1.1 - https:\/\/yoast.com\/product\/yoast-seo-wordpress\/ -->\n<title>R\u016bpniecisk\u0101 brem\u017eu diska mufte (saj\u016bgs) ar brem\u017eu disku priek\u0161 disku bremz\u0113m - My industrial<\/title>\n<meta name=\"robots\" content=\"noindex, follow, max-snippet:-1, max-image-preview:large, max-video-preview:-1\" \/>\n<meta property=\"og:locale\" content=\"lv_LV\" \/>\n<meta property=\"og:type\" content=\"article\" \/>\n<meta property=\"og:title\" content=\"R\u016bpniecisk\u0101 brem\u017eu diska mufte (saj\u016bgs) ar brem\u017eu disku priek\u0161 disku bremz\u0113m - My industrial\" \/>\n<meta property=\"og:description\" content=\"Elast\u012bgie elementi ir viegli uzst\u0101d\u0101mi un no\u0146emami radi\u0101li, neprasot savienoto ma\u0161\u012bnu aksi\u0101lu p\u0101rvieto\u0161anu p\u0113c tam, kad ir no\u0146emts un izvilkts fiks\u0113jo\u0161ais v\u0101ks. Brem\u017eu trumu\u013ca uzst\u0101d\u012b\u0161anas alternat\u012bvas nodro\u0161ina \u0101r\u0113jo izm\u0113ru.   Elast\u012bgs v\u0101rpstas mufte (saj\u016bgs), \u017eok\u013cu muftes (saj\u016bga) sakabe ar brem\u017eu disku priek\u0161 disku bremz\u0113m  Saj\u016bgs ir iztur\u012bgs un dro\u0161s pret boj\u0101jumiem  Izgatavots no mas\u012bva materi\u0101la (C45), nevis lie\u0161anas konstrukcija  Divkomponentu kr\u0101sojums, RAL 7024  Augsts kvalit\u0101tes l\u012bmenis \/ ilgs kalpo\u0161anas laiks  Motora v\u0101rpstas diametrs no 20 mm l\u012bdz 170 mm  P\u0101rnesuma v\u0101rpstas diametrs no 20 mm l\u012bdz 170 mm\" \/>\n<meta property=\"og:url\" content=\"https:\/\/dev.myindustrial.eu\/lv\/shop\/rupnieciskas-bremzu-sistemas-un-piedzinas-apstadinasanas-komponentes\/muftes-savienojumi\/industrial-brake-disk-coupling-with-brake-disk-for-disk-brake\/\" \/>\n<meta property=\"og:site_name\" content=\"My industrial\" \/>\n<meta property=\"article:modified_time\" content=\"2024-12-26T19:49:10+00:00\" \/>\n<meta property=\"og:image\" content=\"https:\/\/dev.myindustrial.eu\/wp-content\/uploads\/2024\/12\/rft_clawcoupling-type_rkk-wbs.webp\" \/>\n\t<meta property=\"og:image:width\" content=\"800\" \/>\n\t<meta property=\"og:image:height\" content=\"800\" \/>\n\t<meta property=\"og:image:type\" content=\"image\/webp\" \/>\n<meta name=\"twitter:card\" content=\"summary_large_image\" \/>\n<script type=\"application\/ld+json\" class=\"yoast-schema-graph\">{\"@context\":\"https:\/\/schema.org\",\"@graph\":[{\"@type\":\"WebPage\",\"@id\":\"https:\/\/dev.myindustrial.eu\/lv\/shop\/rupnieciskas-bremzu-sistemas-un-piedzinas-apstadinasanas-komponentes\/muftes-savienojumi\/industrial-brake-disk-coupling-with-brake-disk-for-disk-brake\/\",\"url\":\"https:\/\/dev.myindustrial.eu\/lv\/shop\/rupnieciskas-bremzu-sistemas-un-piedzinas-apstadinasanas-komponentes\/muftes-savienojumi\/industrial-brake-disk-coupling-with-brake-disk-for-disk-brake\/\",\"name\":\"R\u016bpniecisk\u0101 brem\u017eu diska mufte (saj\u016bgs) ar brem\u017eu disku priek\u0161 disku bremz\u0113m - My industrial\",\"isPartOf\":{\"@id\":\"https:\/\/dev.myindustrial.eu\/lv\/#website\"},\"primaryImageOfPage\":{\"@id\":\"https:\/\/dev.myindustrial.eu\/lv\/shop\/rupnieciskas-bremzu-sistemas-un-piedzinas-apstadinasanas-komponentes\/muftes-savienojumi\/industrial-brake-disk-coupling-with-brake-disk-for-disk-brake\/#primaryimage\"},\"image\":{\"@id\":\"https:\/\/dev.myindustrial.eu\/lv\/shop\/rupnieciskas-bremzu-sistemas-un-piedzinas-apstadinasanas-komponentes\/muftes-savienojumi\/industrial-brake-disk-coupling-with-brake-disk-for-disk-brake\/#primaryimage\"},\"thumbnailUrl\":\"https:\/\/dev.myindustrial.eu\/wp-content\/uploads\/2024\/12\/rft_clawcoupling-type_rkk-wbs.webp\",\"datePublished\":\"2024-12-02T10:35:38+00:00\",\"dateModified\":\"2024-12-26T19:49:10+00:00\",\"breadcrumb\":{\"@id\":\"https:\/\/dev.myindustrial.eu\/lv\/shop\/rupnieciskas-bremzu-sistemas-un-piedzinas-apstadinasanas-komponentes\/muftes-savienojumi\/industrial-brake-disk-coupling-with-brake-disk-for-disk-brake\/#breadcrumb\"},\"inLanguage\":\"lv-LV\",\"potentialAction\":[{\"@type\":\"ReadAction\",\"target\":[\"https:\/\/dev.myindustrial.eu\/lv\/shop\/rupnieciskas-bremzu-sistemas-un-piedzinas-apstadinasanas-komponentes\/muftes-savienojumi\/industrial-brake-disk-coupling-with-brake-disk-for-disk-brake\/\"]}]},{\"@type\":\"ImageObject\",\"inLanguage\":\"lv-LV\",\"@id\":\"https:\/\/dev.myindustrial.eu\/lv\/shop\/rupnieciskas-bremzu-sistemas-un-piedzinas-apstadinasanas-komponentes\/muftes-savienojumi\/industrial-brake-disk-coupling-with-brake-disk-for-disk-brake\/#primaryimage\",\"url\":\"https:\/\/dev.myindustrial.eu\/wp-content\/uploads\/2024\/12\/rft_clawcoupling-type_rkk-wbs.webp\",\"contentUrl\":\"https:\/\/dev.myindustrial.eu\/wp-content\/uploads\/2024\/12\/rft_clawcoupling-type_rkk-wbs.webp\",\"width\":800,\"height\":800},{\"@type\":\"BreadcrumbList\",\"@id\":\"https:\/\/dev.myindustrial.eu\/lv\/shop\/rupnieciskas-bremzu-sistemas-un-piedzinas-apstadinasanas-komponentes\/muftes-savienojumi\/industrial-brake-disk-coupling-with-brake-disk-for-disk-brake\/#breadcrumb\",\"itemListElement\":[{\"@type\":\"ListItem\",\"position\":1,\"name\":\"Home\",\"item\":\"https:\/\/dev.myindustrial.eu\/lv\/\"},{\"@type\":\"ListItem\",\"position\":2,\"name\":\"Products\",\"item\":\"https:\/\/dev.myindustrial.eu\/lv\/products\/\"},{\"@type\":\"ListItem\",\"position\":3,\"name\":\"R\u016bpniecisk\u0101 brem\u017eu diska mufte (saj\u016bgs) ar brem\u017eu disku priek\u0161 disku bremz\u0113m\"}]},{\"@type\":\"WebSite\",\"@id\":\"https:\/\/dev.myindustrial.eu\/lv\/#website\",\"url\":\"https:\/\/dev.myindustrial.eu\/lv\/\",\"name\":\"My industrial\",\"description\":\"\",\"potentialAction\":[{\"@type\":\"SearchAction\",\"target\":{\"@type\":\"EntryPoint\",\"urlTemplate\":\"https:\/\/dev.myindustrial.eu\/lv\/?s={search_term_string}\"},\"query-input\":{\"@type\":\"PropertyValueSpecification\",\"valueRequired\":true,\"valueName\":\"search_term_string\"}}],\"inLanguage\":\"lv-LV\"}]}<\/script>\n<!-- \/ Yoast SEO plugin. -->","yoast_head_json":{"title":"R\u016bpniecisk\u0101 brem\u017eu diska mufte (saj\u016bgs) ar brem\u017eu disku priek\u0161 disku bremz\u0113m - My industrial","robots":{"index":"noindex","follow":"follow","max-snippet":"max-snippet:-1","max-image-preview":"max-image-preview:large","max-video-preview":"max-video-preview:-1"},"og_locale":"lv_LV","og_type":"article","og_title":"R\u016bpniecisk\u0101 brem\u017eu diska mufte (saj\u016bgs) ar brem\u017eu disku priek\u0161 disku bremz\u0113m - My industrial","og_description":"Elast\u012bgie elementi ir viegli uzst\u0101d\u0101mi un no\u0146emami radi\u0101li, neprasot savienoto ma\u0161\u012bnu aksi\u0101lu p\u0101rvieto\u0161anu p\u0113c tam, kad ir no\u0146emts un izvilkts fiks\u0113jo\u0161ais v\u0101ks. Brem\u017eu trumu\u013ca uzst\u0101d\u012b\u0161anas alternat\u012bvas nodro\u0161ina \u0101r\u0113jo izm\u0113ru.   Elast\u012bgs v\u0101rpstas mufte (saj\u016bgs), \u017eok\u013cu muftes (saj\u016bga) sakabe ar brem\u017eu disku priek\u0161 disku bremz\u0113m  Saj\u016bgs ir iztur\u012bgs un dro\u0161s pret boj\u0101jumiem  Izgatavots no mas\u012bva materi\u0101la (C45), nevis lie\u0161anas konstrukcija  Divkomponentu kr\u0101sojums, RAL 7024  Augsts kvalit\u0101tes l\u012bmenis \/ ilgs kalpo\u0161anas laiks  Motora v\u0101rpstas diametrs no 20 mm l\u012bdz 170 mm  P\u0101rnesuma v\u0101rpstas diametrs no 20 mm l\u012bdz 170 mm","og_url":"https:\/\/dev.myindustrial.eu\/lv\/shop\/rupnieciskas-bremzu-sistemas-un-piedzinas-apstadinasanas-komponentes\/muftes-savienojumi\/industrial-brake-disk-coupling-with-brake-disk-for-disk-brake\/","og_site_name":"My industrial","article_modified_time":"2024-12-26T19:49:10+00:00","og_image":[{"width":800,"height":800,"url":"https:\/\/dev.myindustrial.eu\/wp-content\/uploads\/2024\/12\/rft_clawcoupling-type_rkk-wbs.webp","type":"image\/webp"}],"twitter_card":"summary_large_image","schema":{"@context":"https:\/\/schema.org","@graph":[{"@type":"WebPage","@id":"https:\/\/dev.myindustrial.eu\/lv\/shop\/rupnieciskas-bremzu-sistemas-un-piedzinas-apstadinasanas-komponentes\/muftes-savienojumi\/industrial-brake-disk-coupling-with-brake-disk-for-disk-brake\/","url":"https:\/\/dev.myindustrial.eu\/lv\/shop\/rupnieciskas-bremzu-sistemas-un-piedzinas-apstadinasanas-komponentes\/muftes-savienojumi\/industrial-brake-disk-coupling-with-brake-disk-for-disk-brake\/","name":"R\u016bpniecisk\u0101 brem\u017eu diska mufte (saj\u016bgs) ar brem\u017eu disku priek\u0161 disku bremz\u0113m - My industrial","isPartOf":{"@id":"https:\/\/dev.myindustrial.eu\/lv\/#website"},"primaryImageOfPage":{"@id":"https:\/\/dev.myindustrial.eu\/lv\/shop\/rupnieciskas-bremzu-sistemas-un-piedzinas-apstadinasanas-komponentes\/muftes-savienojumi\/industrial-brake-disk-coupling-with-brake-disk-for-disk-brake\/#primaryimage"},"image":{"@id":"https:\/\/dev.myindustrial.eu\/lv\/shop\/rupnieciskas-bremzu-sistemas-un-piedzinas-apstadinasanas-komponentes\/muftes-savienojumi\/industrial-brake-disk-coupling-with-brake-disk-for-disk-brake\/#primaryimage"},"thumbnailUrl":"https:\/\/dev.myindustrial.eu\/wp-content\/uploads\/2024\/12\/rft_clawcoupling-type_rkk-wbs.webp","datePublished":"2024-12-02T10:35:38+00:00","dateModified":"2024-12-26T19:49:10+00:00","breadcrumb":{"@id":"https:\/\/dev.myindustrial.eu\/lv\/shop\/rupnieciskas-bremzu-sistemas-un-piedzinas-apstadinasanas-komponentes\/muftes-savienojumi\/industrial-brake-disk-coupling-with-brake-disk-for-disk-brake\/#breadcrumb"},"inLanguage":"lv-LV","potentialAction":[{"@type":"ReadAction","target":["https:\/\/dev.myindustrial.eu\/lv\/shop\/rupnieciskas-bremzu-sistemas-un-piedzinas-apstadinasanas-komponentes\/muftes-savienojumi\/industrial-brake-disk-coupling-with-brake-disk-for-disk-brake\/"]}]},{"@type":"ImageObject","inLanguage":"lv-LV","@id":"https:\/\/dev.myindustrial.eu\/lv\/shop\/rupnieciskas-bremzu-sistemas-un-piedzinas-apstadinasanas-komponentes\/muftes-savienojumi\/industrial-brake-disk-coupling-with-brake-disk-for-disk-brake\/#primaryimage","url":"https:\/\/dev.myindustrial.eu\/wp-content\/uploads\/2024\/12\/rft_clawcoupling-type_rkk-wbs.webp","contentUrl":"https:\/\/dev.myindustrial.eu\/wp-content\/uploads\/2024\/12\/rft_clawcoupling-type_rkk-wbs.webp","width":800,"height":800},{"@type":"BreadcrumbList","@id":"https:\/\/dev.myindustrial.eu\/lv\/shop\/rupnieciskas-bremzu-sistemas-un-piedzinas-apstadinasanas-komponentes\/muftes-savienojumi\/industrial-brake-disk-coupling-with-brake-disk-for-disk-brake\/#breadcrumb","itemListElement":[{"@type":"ListItem","position":1,"name":"Home","item":"https:\/\/dev.myindustrial.eu\/lv\/"},{"@type":"ListItem","position":2,"name":"Products","item":"https:\/\/dev.myindustrial.eu\/lv\/products\/"},{"@type":"ListItem","position":3,"name":"R\u016bpniecisk\u0101 brem\u017eu diska mufte (saj\u016bgs) ar brem\u017eu disku priek\u0161 disku bremz\u0113m"}]},{"@type":"WebSite","@id":"https:\/\/dev.myindustrial.eu\/lv\/#website","url":"https:\/\/dev.myindustrial.eu\/lv\/","name":"My industrial","description":"","potentialAction":[{"@type":"SearchAction","target":{"@type":"EntryPoint","urlTemplate":"https:\/\/dev.myindustrial.eu\/lv\/?s={search_term_string}"},"query-input":{"@type":"PropertyValueSpecification","valueRequired":true,"valueName":"search_term_string"}}],"inLanguage":"lv-LV"}]}},"_links":{"self":[{"href":"https:\/\/dev.myindustrial.eu\/lv\/wp-json\/wp\/v2\/product\/1260065530","targetHints":{"allow":["GET"]}}],"collection":[{"href":"https:\/\/dev.myindustrial.eu\/lv\/wp-json\/wp\/v2\/product"}],"about":[{"href":"https:\/\/dev.myindustrial.eu\/lv\/wp-json\/wp\/v2\/types\/product"}],"version-history":[{"count":0,"href":"https:\/\/dev.myindustrial.eu\/lv\/wp-json\/wp\/v2\/product\/1260065530\/revisions"}],"wp:featuredmedia":[{"embeddable":true,"href":"https:\/\/dev.myindustrial.eu\/lv\/wp-json\/wp\/v2\/media\/1260064858"}],"wp:attachment":[{"href":"https:\/\/dev.myindustrial.eu\/lv\/wp-json\/wp\/v2\/media?parent=1260065530"}],"wp:term":[{"taxonomy":"product_brand","embeddable":true,"href":"https:\/\/dev.myindustrial.eu\/lv\/wp-json\/wp\/v2\/product_brand?post=1260065530"},{"taxonomy":"product_cat","embeddable":true,"href":"https:\/\/dev.myindustrial.eu\/lv\/wp-json\/wp\/v2\/product_cat?post=1260065530"},{"taxonomy":"product_tag","embeddable":true,"href":"https:\/\/dev.myindustrial.eu\/lv\/wp-json\/wp\/v2\/product_tag?post=1260065530"}],"curies":[{"name":"wp","href":"https:\/\/api.w.org\/{rel}","templated":true}]}}