{"id":1260065535,"date":"2024-12-02T10:38:52","date_gmt":"2024-12-02T10:38:52","guid":{"rendered":"https:\/\/dev.myindustrial.eu\/shop\/uncategorized\/industrial-brake-drum-coupling-with-brake-drum-for-drum-brakes\/"},"modified":"2024-12-26T19:56:38","modified_gmt":"2024-12-26T19:56:38","slug":"industrial-brake-drum-coupling-with-brake-drum-for-drum-brakes","status":"publish","type":"product","link":"https:\/\/dev.myindustrial.eu\/lv\/shop\/rupnieciskas-bremzu-sistemas-un-piedzinas-apstadinasanas-komponentes\/muftes-savienojumi\/industrial-brake-drum-coupling-with-brake-drum-for-drum-brakes\/","title":{"rendered":"R\u016bpnieciskais brem\u017eu trumu\u013ca muftes savienojums ar brem\u017eu trumuli trumu\u013ca bremz\u0113m"},"content":{"rendered":"<p><span style=\"font-weight: 400;\">V\u0113rpes r\u016bpnieciskie elast\u012bgie sp\u012b\u013cveida muftes saj\u016bgi kompens\u0113 aksi\u0101las, radi\u0101las un le\u0146\u0137iskas nob\u012bdes. T\u0101d\u0113j\u0101di tie var kompens\u0113t v\u0101rpstu nesaska\u0146ot\u012bbu, ko izrais\u012bjusi neprec\u012bza mont\u0101\u017ea, pamatu nos\u0113\u0161an\u0101s vai augstuma un garuma izmai\u0146as temperat\u016bras ietekm\u0113.<\/span><span style=\"font-weight: 400;\"><br \/>\n<\/span><span style=\"font-weight: 400;\">Sp\u012b\u013cveida saj\u016bgi darbojas ar saspringtiem gumijas p\u0101rneses elementiem, nodro\u0161inot savienojumu bez caurumiem. Elast\u012bgie p\u0101rneses elementi parasti ir izgatavoti no gumijas materi\u0101la (NR-SBR 75 &#8211; 80\u00b0 Shore = elementa konstrukcija SN), kas piem\u0113rots temperat\u016br\u0101m no -40\u00b0C l\u012bdz +80\u00b0C. P\u0113c piepras\u012bjuma ir pieejami citi gumijas vai silikona materi\u0101li ar da\u017e\u0101du ciet\u012bbu, kas piem\u0113roti augst\u0101k\u0101m temperat\u016br\u0101m.<\/span><\/p>\n<p><span style=\"font-weight: 400;\">Saj\u016bgi nodro\u0161ina progres\u012bvas v\u0113rpes \u012bpa\u0161\u012bbas ar lab\u0101m vibr\u0101ciju un triecienu slod\u017eu sl\u0101p\u0113\u0161anas \u012bpa\u0161\u012bb\u0101m. \u012apa\u0161a iez\u012bme visiem saj\u016bgiem ir atsevi\u0161\u0137s skr\u016bvju stiprin\u0101juma v\u0101ks, kas \u013cauj elast\u012bgo elementu radi\u0101lu mont\u0101\u017eu un demont\u0101\u017eu, neveicot saj\u016bga rumbas aksi\u0101lu p\u0101rvieto\u0161anu. Elast\u012bgie elementi visos izm\u0113ros ir veidoti k\u0101 puscaurule, kur divas gumijas spilventi\u0146u da\u013cas ir savienotas ar \u0101r\u0113jo joslu.<\/span><\/p>\n<p><b>\u012apa\u0161\u012bbas<\/b><span style=\"font-weight: 400;\"><br \/>\n<\/span><span style=\"font-weight: 400;\">RKK r\u016bpnieciskie saj\u016bgi, savienojo\u0161ais elements ar augstu elast\u012bbu<\/span><\/p>\n<ul>\n<li style=\"font-weight: 400;\" aria-level=\"1\"><span style=\"font-weight: 400;\">V\u0113rpes elast\u012bba<\/span><\/li>\n<li style=\"font-weight: 400;\" aria-level=\"1\"><span style=\"font-weight: 400;\">Aksi\u0101la kompens\u0101cija<\/span><\/li>\n<li style=\"font-weight: 400;\" aria-level=\"1\"><span style=\"font-weight: 400;\">Radi\u0101la kompens\u0101cija<\/span><\/li>\n<li style=\"font-weight: 400;\" aria-level=\"1\"><span style=\"font-weight: 400;\">Le\u0146\u0137a kompens\u0101cija<\/span><\/li>\n<\/ul>\n<p><b>Nodiluma saj\u016bga elementu \u0101tra un vienk\u0101r\u0161a nomai\u0146a:<\/b><\/p>\n<ol>\n<li style=\"font-weight: 400;\" aria-level=\"1\"><span style=\"font-weight: 400;\">Atlaidiet un atvelciet stiprin\u0101juma v\u0101ku.<\/span><\/li>\n<li style=\"font-weight: 400;\" aria-level=\"1\"><span style=\"font-weight: 400;\">No\u0146emiet saj\u016bga elementus un ievietojiet jaunus.<\/span><\/li>\n<li style=\"font-weight: 400;\" aria-level=\"1\"><span style=\"font-weight: 400;\">Pab\u012bdiet stiprin\u0101juma v\u0101ku atpaka\u013c un pievelciet.<\/span><\/li>\n<\/ol>\n<p><b>Tehniskie ieguvumi<\/b><\/p>\n<ul>\n<li style=\"font-weight: 400;\" aria-level=\"1\"><span style=\"font-weight: 400;\">Brem\u017eu trumulis ir l\u012bdzsvarots un bez trauc\u0113jumiem.<\/span><\/li>\n<li style=\"font-weight: 400;\" aria-level=\"1\"><span style=\"font-weight: 400;\">Nolietotos gumijas elementus \/ saj\u016bga elementus var viegli no\u0146emt, nesadalot saj\u016bgu vai motoru.<\/span><\/li>\n<li style=\"font-weight: 400;\" aria-level=\"1\"><span style=\"font-weight: 400;\">Biez\u0101ka brem\u017eu trumu\u013ca mala \/ \u0101r\u0113j\u0101 virsma (paaugstin\u0101ta ener\u0123ijas absorbcija av\u0101rijas gad\u012bjum\u0101).<\/span><\/li>\n<li style=\"font-weight: 400;\" aria-level=\"1\"><span style=\"font-weight: 400;\">Saj\u016bgu sp\u012bles ir l\u012bdzcentriskas v\u0101rpstai (nav sl\u012bpuma le\u0146\u0137u, t\u0101d\u0113j\u0101di zem\u0101kas aksi\u0101l\u0101s slodzes).<\/span><\/li>\n<li style=\"font-weight: 400;\" aria-level=\"1\"><span style=\"font-weight: 400;\">Ilgs kalpo\u0161anas laiks un samazin\u0101tas uztur\u0113\u0161anas un turpm\u0101k\u0101s izmaksas.<\/span><\/li>\n<\/ul>\n","protected":false},"excerpt":{"rendered":"<p><b>Brem\u017eu trumu\u013cu izm\u0113ri atbilsto\u0161i DIN 15431<\/b><\/p>\n<p><span style=\"font-weight: 400;\">Elast\u012bgos elementus var viegli uzst\u0101d\u012bt un no\u0146emt radi\u0101li, neveicot aksi\u0101lu savienoto meh\u0101nismu p\u0101rvieto\u0161anu p\u0113c stiprin\u0101juma v\u0101ka no\u0146em\u0161anas un iz\u0146em\u0161anas. Brem\u017eu trumu\u013ca uzst\u0101d\u012b\u0161anas alternat\u012bvas iesp\u0113jas nodro\u0161ina \u0101r\u0113jo izm\u0113ru.<\/span><\/p>\n<ul>\n<li style=\"font-weight: 400;\" aria-level=\"1\"><span style=\"font-weight: 400;\">Elast\u012bga v\u0101rpstas saj\u016bga, sp\u012b\u013cveida saj\u016bgs ar brem\u017eu trumuli trumu\u013ca bremz\u0113m atbilsto\u0161i DIN 15435<\/span><\/li>\n<li style=\"font-weight: 400;\" aria-level=\"1\"><span style=\"font-weight: 400;\">Savienojums ir stingrs un iztur\u012bgs pret boj\u0101jumiem<\/span><\/li>\n<li style=\"font-weight: 400;\" aria-level=\"1\"><span style=\"font-weight: 400;\">Izgatavots no mas\u012bva materi\u0101la (C45), nav lie\u0161anas konstrukcijas<\/span><\/li>\n<li style=\"font-weight: 400;\" aria-level=\"1\"><span style=\"font-weight: 400;\">Divkomponentu kr\u0101sojums, RAL 7024<\/span><\/li>\n<li style=\"font-weight: 400;\" aria-level=\"1\"><span style=\"font-weight: 400;\">Augsts kvalit\u0101tes l\u012bmenis \/ ilgs kalpo\u0161anas laiks<\/span><\/li>\n<li style=\"font-weight: 400;\" aria-level=\"1\"><span style=\"font-weight: 400;\">V\u0101rpsta no motora puses: no 20 mm l\u012bdz 170 mm<\/span><\/li>\n<li style=\"font-weight: 400;\" aria-level=\"1\"><span style=\"font-weight: 400;\">V\u0101rpsta no reduktora puses: no 20 mm l\u012bdz 170 mm<\/span><\/li>\n<\/ul>\n","protected":false},"featured_media":1260064864,"template":"","meta":[],"product_brand":[],"product_cat":[1648],"product_tag":[],"class_list":{"0":"post-1260065535","1":"product","2":"type-product","3":"status-publish","4":"has-post-thumbnail","6":"product_cat-muftes-savienojumi","8":"first","9":"instock","10":"shipping-taxable","11":"product-type-simple"},"yoast_head":"<!-- This site is optimized with the Yoast SEO plugin v27.1.1 - https:\/\/yoast.com\/product\/yoast-seo-wordpress\/ -->\n<title>R\u016bpnieciskais brem\u017eu trumu\u013ca muftes savienojums ar brem\u017eu trumuli trumu\u013ca bremz\u0113m - My industrial<\/title>\n<meta name=\"robots\" content=\"noindex, follow, max-snippet:-1, max-image-preview:large, max-video-preview:-1\" \/>\n<meta property=\"og:locale\" content=\"lv_LV\" \/>\n<meta property=\"og:type\" content=\"article\" \/>\n<meta property=\"og:title\" content=\"R\u016bpnieciskais brem\u017eu trumu\u013ca muftes savienojums ar brem\u017eu trumuli trumu\u013ca bremz\u0113m - My industrial\" \/>\n<meta property=\"og:description\" content=\"Brem\u017eu trumu\u013cu izm\u0113ri atbilsto\u0161i DIN 15431  Elast\u012bgos elementus var viegli uzst\u0101d\u012bt un no\u0146emt radi\u0101li, neveicot aksi\u0101lu savienoto meh\u0101nismu p\u0101rvieto\u0161anu p\u0113c stiprin\u0101juma v\u0101ka no\u0146em\u0161anas un iz\u0146em\u0161anas. Brem\u017eu trumu\u013ca uzst\u0101d\u012b\u0161anas alternat\u012bvas iesp\u0113jas nodro\u0161ina \u0101r\u0113jo izm\u0113ru.   Elast\u012bga v\u0101rpstas saj\u016bga, sp\u012b\u013cveida saj\u016bgs ar brem\u017eu trumuli trumu\u013ca bremz\u0113m atbilsto\u0161i DIN 15435  Savienojums ir stingrs un iztur\u012bgs pret boj\u0101jumiem  Izgatavots no mas\u012bva materi\u0101la (C45), nav lie\u0161anas konstrukcijas  Divkomponentu kr\u0101sojums, RAL 7024  Augsts kvalit\u0101tes l\u012bmenis \/ ilgs kalpo\u0161anas laiks  V\u0101rpsta no motora puses: no 20 mm l\u012bdz 170 mm  V\u0101rpsta no reduktora puses: no 20 mm l\u012bdz 170 mm\" \/>\n<meta property=\"og:url\" content=\"https:\/\/dev.myindustrial.eu\/lv\/shop\/rupnieciskas-bremzu-sistemas-un-piedzinas-apstadinasanas-komponentes\/muftes-savienojumi\/industrial-brake-drum-coupling-with-brake-drum-for-drum-brakes\/\" \/>\n<meta property=\"og:site_name\" content=\"My industrial\" \/>\n<meta property=\"article:modified_time\" content=\"2024-12-26T19:56:38+00:00\" \/>\n<meta property=\"og:image\" content=\"https:\/\/dev.myindustrial.eu\/wp-content\/uploads\/2024\/12\/rft_clawcoupling-type_rkk-wbt.webp\" \/>\n\t<meta property=\"og:image:width\" content=\"800\" \/>\n\t<meta property=\"og:image:height\" content=\"800\" \/>\n\t<meta property=\"og:image:type\" content=\"image\/webp\" \/>\n<meta name=\"twitter:card\" content=\"summary_large_image\" \/>\n<script type=\"application\/ld+json\" class=\"yoast-schema-graph\">{\"@context\":\"https:\/\/schema.org\",\"@graph\":[{\"@type\":\"WebPage\",\"@id\":\"https:\/\/dev.myindustrial.eu\/lv\/shop\/rupnieciskas-bremzu-sistemas-un-piedzinas-apstadinasanas-komponentes\/muftes-savienojumi\/industrial-brake-drum-coupling-with-brake-drum-for-drum-brakes\/\",\"url\":\"https:\/\/dev.myindustrial.eu\/lv\/shop\/rupnieciskas-bremzu-sistemas-un-piedzinas-apstadinasanas-komponentes\/muftes-savienojumi\/industrial-brake-drum-coupling-with-brake-drum-for-drum-brakes\/\",\"name\":\"R\u016bpnieciskais brem\u017eu trumu\u013ca muftes savienojums ar brem\u017eu trumuli trumu\u013ca bremz\u0113m - My industrial\",\"isPartOf\":{\"@id\":\"https:\/\/dev.myindustrial.eu\/lv\/#website\"},\"primaryImageOfPage\":{\"@id\":\"https:\/\/dev.myindustrial.eu\/lv\/shop\/rupnieciskas-bremzu-sistemas-un-piedzinas-apstadinasanas-komponentes\/muftes-savienojumi\/industrial-brake-drum-coupling-with-brake-drum-for-drum-brakes\/#primaryimage\"},\"image\":{\"@id\":\"https:\/\/dev.myindustrial.eu\/lv\/shop\/rupnieciskas-bremzu-sistemas-un-piedzinas-apstadinasanas-komponentes\/muftes-savienojumi\/industrial-brake-drum-coupling-with-brake-drum-for-drum-brakes\/#primaryimage\"},\"thumbnailUrl\":\"https:\/\/dev.myindustrial.eu\/wp-content\/uploads\/2024\/12\/rft_clawcoupling-type_rkk-wbt.webp\",\"datePublished\":\"2024-12-02T10:38:52+00:00\",\"dateModified\":\"2024-12-26T19:56:38+00:00\",\"breadcrumb\":{\"@id\":\"https:\/\/dev.myindustrial.eu\/lv\/shop\/rupnieciskas-bremzu-sistemas-un-piedzinas-apstadinasanas-komponentes\/muftes-savienojumi\/industrial-brake-drum-coupling-with-brake-drum-for-drum-brakes\/#breadcrumb\"},\"inLanguage\":\"lv-LV\",\"potentialAction\":[{\"@type\":\"ReadAction\",\"target\":[\"https:\/\/dev.myindustrial.eu\/lv\/shop\/rupnieciskas-bremzu-sistemas-un-piedzinas-apstadinasanas-komponentes\/muftes-savienojumi\/industrial-brake-drum-coupling-with-brake-drum-for-drum-brakes\/\"]}]},{\"@type\":\"ImageObject\",\"inLanguage\":\"lv-LV\",\"@id\":\"https:\/\/dev.myindustrial.eu\/lv\/shop\/rupnieciskas-bremzu-sistemas-un-piedzinas-apstadinasanas-komponentes\/muftes-savienojumi\/industrial-brake-drum-coupling-with-brake-drum-for-drum-brakes\/#primaryimage\",\"url\":\"https:\/\/dev.myindustrial.eu\/wp-content\/uploads\/2024\/12\/rft_clawcoupling-type_rkk-wbt.webp\",\"contentUrl\":\"https:\/\/dev.myindustrial.eu\/wp-content\/uploads\/2024\/12\/rft_clawcoupling-type_rkk-wbt.webp\",\"width\":800,\"height\":800},{\"@type\":\"BreadcrumbList\",\"@id\":\"https:\/\/dev.myindustrial.eu\/lv\/shop\/rupnieciskas-bremzu-sistemas-un-piedzinas-apstadinasanas-komponentes\/muftes-savienojumi\/industrial-brake-drum-coupling-with-brake-drum-for-drum-brakes\/#breadcrumb\",\"itemListElement\":[{\"@type\":\"ListItem\",\"position\":1,\"name\":\"Home\",\"item\":\"https:\/\/dev.myindustrial.eu\/lv\/\"},{\"@type\":\"ListItem\",\"position\":2,\"name\":\"Products\",\"item\":\"https:\/\/dev.myindustrial.eu\/lv\/products\/\"},{\"@type\":\"ListItem\",\"position\":3,\"name\":\"R\u016bpnieciskais brem\u017eu trumu\u013ca muftes savienojums ar brem\u017eu trumuli trumu\u013ca bremz\u0113m\"}]},{\"@type\":\"WebSite\",\"@id\":\"https:\/\/dev.myindustrial.eu\/lv\/#website\",\"url\":\"https:\/\/dev.myindustrial.eu\/lv\/\",\"name\":\"My industrial\",\"description\":\"\",\"potentialAction\":[{\"@type\":\"SearchAction\",\"target\":{\"@type\":\"EntryPoint\",\"urlTemplate\":\"https:\/\/dev.myindustrial.eu\/lv\/?s={search_term_string}\"},\"query-input\":{\"@type\":\"PropertyValueSpecification\",\"valueRequired\":true,\"valueName\":\"search_term_string\"}}],\"inLanguage\":\"lv-LV\"}]}<\/script>\n<!-- \/ Yoast SEO plugin. -->","yoast_head_json":{"title":"R\u016bpnieciskais brem\u017eu trumu\u013ca muftes savienojums ar brem\u017eu trumuli trumu\u013ca bremz\u0113m - My industrial","robots":{"index":"noindex","follow":"follow","max-snippet":"max-snippet:-1","max-image-preview":"max-image-preview:large","max-video-preview":"max-video-preview:-1"},"og_locale":"lv_LV","og_type":"article","og_title":"R\u016bpnieciskais brem\u017eu trumu\u013ca muftes savienojums ar brem\u017eu trumuli trumu\u013ca bremz\u0113m - My industrial","og_description":"Brem\u017eu trumu\u013cu izm\u0113ri atbilsto\u0161i DIN 15431  Elast\u012bgos elementus var viegli uzst\u0101d\u012bt un no\u0146emt radi\u0101li, neveicot aksi\u0101lu savienoto meh\u0101nismu p\u0101rvieto\u0161anu p\u0113c stiprin\u0101juma v\u0101ka no\u0146em\u0161anas un iz\u0146em\u0161anas. Brem\u017eu trumu\u013ca uzst\u0101d\u012b\u0161anas alternat\u012bvas iesp\u0113jas nodro\u0161ina \u0101r\u0113jo izm\u0113ru.   Elast\u012bga v\u0101rpstas saj\u016bga, sp\u012b\u013cveida saj\u016bgs ar brem\u017eu trumuli trumu\u013ca bremz\u0113m atbilsto\u0161i DIN 15435  Savienojums ir stingrs un iztur\u012bgs pret boj\u0101jumiem  Izgatavots no mas\u012bva materi\u0101la (C45), nav lie\u0161anas konstrukcijas  Divkomponentu kr\u0101sojums, RAL 7024  Augsts kvalit\u0101tes l\u012bmenis \/ ilgs kalpo\u0161anas laiks  V\u0101rpsta no motora puses: no 20 mm l\u012bdz 170 mm  V\u0101rpsta no reduktora puses: no 20 mm l\u012bdz 170 mm","og_url":"https:\/\/dev.myindustrial.eu\/lv\/shop\/rupnieciskas-bremzu-sistemas-un-piedzinas-apstadinasanas-komponentes\/muftes-savienojumi\/industrial-brake-drum-coupling-with-brake-drum-for-drum-brakes\/","og_site_name":"My industrial","article_modified_time":"2024-12-26T19:56:38+00:00","og_image":[{"width":800,"height":800,"url":"https:\/\/dev.myindustrial.eu\/wp-content\/uploads\/2024\/12\/rft_clawcoupling-type_rkk-wbt.webp","type":"image\/webp"}],"twitter_card":"summary_large_image","schema":{"@context":"https:\/\/schema.org","@graph":[{"@type":"WebPage","@id":"https:\/\/dev.myindustrial.eu\/lv\/shop\/rupnieciskas-bremzu-sistemas-un-piedzinas-apstadinasanas-komponentes\/muftes-savienojumi\/industrial-brake-drum-coupling-with-brake-drum-for-drum-brakes\/","url":"https:\/\/dev.myindustrial.eu\/lv\/shop\/rupnieciskas-bremzu-sistemas-un-piedzinas-apstadinasanas-komponentes\/muftes-savienojumi\/industrial-brake-drum-coupling-with-brake-drum-for-drum-brakes\/","name":"R\u016bpnieciskais brem\u017eu trumu\u013ca muftes savienojums ar brem\u017eu trumuli trumu\u013ca bremz\u0113m - My industrial","isPartOf":{"@id":"https:\/\/dev.myindustrial.eu\/lv\/#website"},"primaryImageOfPage":{"@id":"https:\/\/dev.myindustrial.eu\/lv\/shop\/rupnieciskas-bremzu-sistemas-un-piedzinas-apstadinasanas-komponentes\/muftes-savienojumi\/industrial-brake-drum-coupling-with-brake-drum-for-drum-brakes\/#primaryimage"},"image":{"@id":"https:\/\/dev.myindustrial.eu\/lv\/shop\/rupnieciskas-bremzu-sistemas-un-piedzinas-apstadinasanas-komponentes\/muftes-savienojumi\/industrial-brake-drum-coupling-with-brake-drum-for-drum-brakes\/#primaryimage"},"thumbnailUrl":"https:\/\/dev.myindustrial.eu\/wp-content\/uploads\/2024\/12\/rft_clawcoupling-type_rkk-wbt.webp","datePublished":"2024-12-02T10:38:52+00:00","dateModified":"2024-12-26T19:56:38+00:00","breadcrumb":{"@id":"https:\/\/dev.myindustrial.eu\/lv\/shop\/rupnieciskas-bremzu-sistemas-un-piedzinas-apstadinasanas-komponentes\/muftes-savienojumi\/industrial-brake-drum-coupling-with-brake-drum-for-drum-brakes\/#breadcrumb"},"inLanguage":"lv-LV","potentialAction":[{"@type":"ReadAction","target":["https:\/\/dev.myindustrial.eu\/lv\/shop\/rupnieciskas-bremzu-sistemas-un-piedzinas-apstadinasanas-komponentes\/muftes-savienojumi\/industrial-brake-drum-coupling-with-brake-drum-for-drum-brakes\/"]}]},{"@type":"ImageObject","inLanguage":"lv-LV","@id":"https:\/\/dev.myindustrial.eu\/lv\/shop\/rupnieciskas-bremzu-sistemas-un-piedzinas-apstadinasanas-komponentes\/muftes-savienojumi\/industrial-brake-drum-coupling-with-brake-drum-for-drum-brakes\/#primaryimage","url":"https:\/\/dev.myindustrial.eu\/wp-content\/uploads\/2024\/12\/rft_clawcoupling-type_rkk-wbt.webp","contentUrl":"https:\/\/dev.myindustrial.eu\/wp-content\/uploads\/2024\/12\/rft_clawcoupling-type_rkk-wbt.webp","width":800,"height":800},{"@type":"BreadcrumbList","@id":"https:\/\/dev.myindustrial.eu\/lv\/shop\/rupnieciskas-bremzu-sistemas-un-piedzinas-apstadinasanas-komponentes\/muftes-savienojumi\/industrial-brake-drum-coupling-with-brake-drum-for-drum-brakes\/#breadcrumb","itemListElement":[{"@type":"ListItem","position":1,"name":"Home","item":"https:\/\/dev.myindustrial.eu\/lv\/"},{"@type":"ListItem","position":2,"name":"Products","item":"https:\/\/dev.myindustrial.eu\/lv\/products\/"},{"@type":"ListItem","position":3,"name":"R\u016bpnieciskais brem\u017eu trumu\u013ca muftes savienojums ar brem\u017eu trumuli trumu\u013ca bremz\u0113m"}]},{"@type":"WebSite","@id":"https:\/\/dev.myindustrial.eu\/lv\/#website","url":"https:\/\/dev.myindustrial.eu\/lv\/","name":"My industrial","description":"","potentialAction":[{"@type":"SearchAction","target":{"@type":"EntryPoint","urlTemplate":"https:\/\/dev.myindustrial.eu\/lv\/?s={search_term_string}"},"query-input":{"@type":"PropertyValueSpecification","valueRequired":true,"valueName":"search_term_string"}}],"inLanguage":"lv-LV"}]}},"_links":{"self":[{"href":"https:\/\/dev.myindustrial.eu\/lv\/wp-json\/wp\/v2\/product\/1260065535","targetHints":{"allow":["GET"]}}],"collection":[{"href":"https:\/\/dev.myindustrial.eu\/lv\/wp-json\/wp\/v2\/product"}],"about":[{"href":"https:\/\/dev.myindustrial.eu\/lv\/wp-json\/wp\/v2\/types\/product"}],"version-history":[{"count":1,"href":"https:\/\/dev.myindustrial.eu\/lv\/wp-json\/wp\/v2\/product\/1260065535\/revisions"}],"predecessor-version":[{"id":1260065536,"href":"https:\/\/dev.myindustrial.eu\/lv\/wp-json\/wp\/v2\/product\/1260065535\/revisions\/1260065536"}],"wp:featuredmedia":[{"embeddable":true,"href":"https:\/\/dev.myindustrial.eu\/lv\/wp-json\/wp\/v2\/media\/1260064864"}],"wp:attachment":[{"href":"https:\/\/dev.myindustrial.eu\/lv\/wp-json\/wp\/v2\/media?parent=1260065535"}],"wp:term":[{"taxonomy":"product_brand","embeddable":true,"href":"https:\/\/dev.myindustrial.eu\/lv\/wp-json\/wp\/v2\/product_brand?post=1260065535"},{"taxonomy":"product_cat","embeddable":true,"href":"https:\/\/dev.myindustrial.eu\/lv\/wp-json\/wp\/v2\/product_cat?post=1260065535"},{"taxonomy":"product_tag","embeddable":true,"href":"https:\/\/dev.myindustrial.eu\/lv\/wp-json\/wp\/v2\/product_tag?post=1260065535"}],"curies":[{"name":"wp","href":"https:\/\/api.w.org\/{rel}","templated":true}]}}