{"id":1260065541,"date":"2024-12-02T10:41:39","date_gmt":"2024-12-02T10:41:39","guid":{"rendered":"https:\/\/dev.myindustrial.eu\/shop\/uncategorized\/industrial-torsionally-elastic-claw-coupling\/"},"modified":"2024-12-26T20:08:08","modified_gmt":"2024-12-26T20:08:08","slug":"industrial-torsionally-elastic-claw-coupling","status":"publish","type":"product","link":"https:\/\/dev.myindustrial.eu\/lv\/shop\/rupnieciskas-bremzu-sistemas-un-piedzinas-apstadinasanas-komponentes\/muftes-savienojumi\/industrial-torsionally-elastic-claw-coupling\/","title":{"rendered":"R\u016bpnieciska griezes elast\u012bga sp\u012b\u013cu muftes sakabe"},"content":{"rendered":"<p><span style=\"font-weight: 400;\">Griezes r\u016bpniecisk\u0101s elast\u012bg\u0101s sp\u012b\u013cu sakabes kompens\u0113 aksi\u0101lo, radi\u0101lo un le\u0146\u0137a nob\u012bdi. T\u0101d\u0113j\u0101di t\u0101s var kompens\u0113t v\u0101rpstu nob\u012bdi, kas rodas neprec\u012bzas mont\u0101\u017eas, pamatu nos\u0113\u0161an\u0101s vai augstuma un garuma izmai\u0146u d\u0113\u013c slodzes ietekm\u0113.<\/span><\/p>\n<p><span style=\"font-weight: 400;\">Sp\u012b\u013cu sakabes darbojas ar iepriek\u0161 nospriegotiem gumijas p\u0101rvades elementiem, kas nodro\u0161ina savienojuma formu un aizsardz\u012bbu pret caurdur\u0161anu. Elast\u012bgie p\u0101rvades elementi parasti ir izgatavoti no gumijas materi\u0101la (NR-SBR 75\u201380\u00b0 Shore (\u0160ora) = elementu dizains SN), kas piem\u0113rots temperat\u016br\u0101m no -40\u00b0C l\u012bdz +80\u00b0C. Citi gumijas vai silikona materi\u0101li ar da\u017e\u0101du ciet\u012bbu un piem\u0113roti augst\u0101k\u0101m temperat\u016br\u0101m ir pieejami p\u0113c piepras\u012bjuma.<\/span><\/p>\n<p><span style=\"font-weight: 400;\">Sakabes nodro\u0161ina progres\u012bvas griezes \u012bpa\u0161\u012bbas ar labu amortiz\u0101ciju pret griezes vibr\u0101cij\u0101m un trieciena slodz\u0113m. Visu sakabju \u012bpa\u0161a iez\u012bme ir atsevi\u0161\u0137s skr\u016bvju fiks\u0101cijas v\u0101ci\u0146\u0161, kas \u013cauj elast\u012bgos elementus uzst\u0101d\u012bt un no\u0146emt radi\u0101li, nep\u0101rvietojot sakabes rumbu pa asi.<\/span><\/p>\n<p><span style=\"font-weight: 400;\">Elast\u012bgie elementi visos izm\u0113ros ir veidoti k\u0101 puscaurule, kur divi gumijas spilventi\u0146i ir savienoti ar \u0101r\u0113jo jostu.<\/span><\/p>\n<p><b>\u012apa\u0161\u012bbas<\/b><span style=\"font-weight: 400;\"><br \/>\n<\/span><span style=\"font-weight: 400;\">RKK r\u016bpniecisk\u0101s sakabes, savienojo\u0161ais elements ar augstu elast\u012bbu:<\/span><\/p>\n<ul>\n<li style=\"font-weight: 400;\" aria-level=\"1\"><span style=\"font-weight: 400;\">Griezes elast\u012bgas.<\/span><\/li>\n<li style=\"font-weight: 400;\" aria-level=\"1\"><span style=\"font-weight: 400;\">Kompens\u0113 aksi\u0101l\u0101s nob\u012bdes.<\/span><\/li>\n<li style=\"font-weight: 400;\" aria-level=\"1\"><span style=\"font-weight: 400;\">Kompens\u0113 radi\u0101l\u0101s nob\u012bdes.<\/span><\/li>\n<li style=\"font-weight: 400;\" aria-level=\"1\"><span style=\"font-weight: 400;\">Kompens\u0113 le\u0146\u0137a nob\u012bdes.<\/span><\/li>\n<\/ul>\n<p><b>\u0100tra un vienk\u0101r\u0161a nolietoto sakabes elementu nomai\u0146a:<\/b><\/p>\n<ol>\n<li style=\"font-weight: 400;\" aria-level=\"1\"><span style=\"font-weight: 400;\">Atbr\u012bvojiet un pab\u012bdiet atpaka\u013c fiks\u0101cijas v\u0101ci\u0146u.<\/span><\/li>\n<li style=\"font-weight: 400;\" aria-level=\"1\"><span style=\"font-weight: 400;\">No\u0146emiet sakabes elementus un ievietojiet jaunus.<\/span><\/li>\n<li style=\"font-weight: 400;\" aria-level=\"1\"><span style=\"font-weight: 400;\">Atgrieziet fiks\u0101cijas v\u0101ci\u0146u viet\u0101 un pievelciet skr\u016bves.<\/span><\/li>\n<\/ol>\n<p><b>Tehniskie ieguvumi<\/b><\/p>\n<ul>\n<li style=\"font-weight: 400;\" aria-level=\"1\"><span style=\"font-weight: 400;\">Nolietoto gumijas elementu \/ sakabes elementu viegla no\u0146em\u0161ana, nesadalot sakabi vai motoru.<\/span><\/li>\n<li style=\"font-weight: 400;\" aria-level=\"1\"><span style=\"font-weight: 400;\">Sakabes izci\u013c\u0146i atrodas koaksi\u0101li ar v\u0101rpstu (bez sl\u012bpuma le\u0146\u0137iem, kas samazina aksi\u0101l\u0101s sp\u0113kus).<\/span><\/li>\n<li style=\"font-weight: 400;\" aria-level=\"1\"><span style=\"font-weight: 400;\">Ilgs kalpo\u0161anas laiks un samazin\u0101tas uztur\u0113\u0161anas un remonta izmaksas.<\/span><\/li>\n<\/ul>\n","protected":false},"excerpt":{"rendered":"<p><b>Elast\u012bg\u0101 v\u0101rpstas sp\u012b\u013cu muftes sakabe<\/b><\/p>\n<p><span style=\"font-weight: 400;\">Elast\u012bgos elementus var viegli uzst\u0101d\u012bt un no\u0146emt radi\u0101li, bez nepiecie\u0161am\u012bbas p\u0101rvietot savienot\u0101s ma\u0161\u012bnas pa asi, p\u0113c tam, kad fiks\u0101cijas v\u0101ci\u0146\u0161 ir atbr\u012bvots un no\u0146emts. Alternat\u012bvie brem\u017eu trumu\u013ca uzst\u0101d\u012b\u0161anas veidi nosaka \u0101r\u0113jos izm\u0113rus.<\/span><\/p>\n<ul>\n<li style=\"font-weight: 400;\" aria-level=\"1\"><span style=\"font-weight: 400;\">Elast\u012bg\u0101 v\u0101rpstas mufte (sakabe), sp\u012b\u013cu sakabe brem\u017eu trumu\u013ciem atbilsto\u0161i DIN 15435 vai disku bremz\u0113m.<\/span><\/li>\n<li style=\"font-weight: 400;\" aria-level=\"1\"><span style=\"font-weight: 400;\">Sakabe ir dro\u0161a un iztur\u012bga pret boj\u0101jumiem.<\/span><\/li>\n<li style=\"font-weight: 400;\" aria-level=\"1\"><span style=\"font-weight: 400;\">Izgatavota no cieta materi\u0101la (C45), bez lie\u0161anas dizaina.<\/span><\/li>\n<li style=\"font-weight: 400;\" aria-level=\"1\"><span style=\"font-weight: 400;\">Divkomponentu kr\u0101sojums, RAL 7024.<\/span><\/li>\n<li style=\"font-weight: 400;\" aria-level=\"1\"><span style=\"font-weight: 400;\">Bez brem\u017eu diska \/ brem\u017eu trumu\u013ca.<\/span><\/li>\n<li style=\"font-weight: 400;\" aria-level=\"1\"><span style=\"font-weight: 400;\">Augsta kvalit\u0101te \/ ilgs kalpo\u0161anas laiks.<\/span><\/li>\n<li style=\"font-weight: 400;\" aria-level=\"1\"><span style=\"font-weight: 400;\">Motora puses v\u0101rpsta: no 20 mm l\u012bdz 170 mm.<\/span><\/li>\n<li style=\"font-weight: 400;\" aria-level=\"1\"><span style=\"font-weight: 400;\">P\u0101rnesumu puses v\u0101rpsta: no 20 mm l\u012bdz 170 mm.<\/span><\/li>\n<\/ul>\n","protected":false},"featured_media":1260064870,"template":"","meta":[],"product_brand":[],"product_cat":[1648],"product_tag":[],"class_list":{"0":"post-1260065541","1":"product","2":"type-product","3":"status-publish","4":"has-post-thumbnail","6":"product_cat-muftes-savienojumi","8":"first","9":"instock","10":"shipping-taxable","11":"product-type-simple"},"yoast_head":"<!-- This site is optimized with the Yoast SEO plugin v27.1.1 - https:\/\/yoast.com\/product\/yoast-seo-wordpress\/ -->\n<title>R\u016bpnieciska griezes elast\u012bga sp\u012b\u013cu muftes sakabe - My industrial<\/title>\n<meta name=\"robots\" content=\"noindex, follow, max-snippet:-1, max-image-preview:large, max-video-preview:-1\" \/>\n<meta property=\"og:locale\" content=\"lv_LV\" \/>\n<meta property=\"og:type\" content=\"article\" \/>\n<meta property=\"og:title\" content=\"R\u016bpnieciska griezes elast\u012bga sp\u012b\u013cu muftes sakabe - My industrial\" \/>\n<meta property=\"og:description\" content=\"Elast\u012bg\u0101 v\u0101rpstas sp\u012b\u013cu muftes sakabe  Elast\u012bgos elementus var viegli uzst\u0101d\u012bt un no\u0146emt radi\u0101li, bez nepiecie\u0161am\u012bbas p\u0101rvietot savienot\u0101s ma\u0161\u012bnas pa asi, p\u0113c tam, kad fiks\u0101cijas v\u0101ci\u0146\u0161 ir atbr\u012bvots un no\u0146emts. Alternat\u012bvie brem\u017eu trumu\u013ca uzst\u0101d\u012b\u0161anas veidi nosaka \u0101r\u0113jos izm\u0113rus.   Elast\u012bg\u0101 v\u0101rpstas mufte (sakabe), sp\u012b\u013cu sakabe brem\u017eu trumu\u013ciem atbilsto\u0161i DIN 15435 vai disku bremz\u0113m.  Sakabe ir dro\u0161a un iztur\u012bga pret boj\u0101jumiem.  Izgatavota no cieta materi\u0101la (C45), bez lie\u0161anas dizaina.  Divkomponentu kr\u0101sojums, RAL 7024.  Bez brem\u017eu diska \/ brem\u017eu trumu\u013ca.  Augsta kvalit\u0101te \/ ilgs kalpo\u0161anas laiks.  Motora puses v\u0101rpsta: no 20 mm l\u012bdz 170 mm.  P\u0101rnesumu puses v\u0101rpsta: no 20 mm l\u012bdz 170 mm.\" \/>\n<meta property=\"og:url\" content=\"https:\/\/dev.myindustrial.eu\/lv\/shop\/rupnieciskas-bremzu-sistemas-un-piedzinas-apstadinasanas-komponentes\/muftes-savienojumi\/industrial-torsionally-elastic-claw-coupling\/\" \/>\n<meta property=\"og:site_name\" content=\"My industrial\" \/>\n<meta property=\"article:modified_time\" content=\"2024-12-26T20:08:08+00:00\" \/>\n<meta property=\"og:image\" content=\"https:\/\/dev.myindustrial.eu\/wp-content\/uploads\/2024\/12\/rft_clawcoupling-type_rkk-w.webp\" \/>\n\t<meta property=\"og:image:width\" content=\"800\" \/>\n\t<meta property=\"og:image:height\" content=\"800\" \/>\n\t<meta property=\"og:image:type\" content=\"image\/webp\" \/>\n<meta name=\"twitter:card\" content=\"summary_large_image\" \/>\n<script type=\"application\/ld+json\" class=\"yoast-schema-graph\">{\"@context\":\"https:\/\/schema.org\",\"@graph\":[{\"@type\":\"WebPage\",\"@id\":\"https:\/\/dev.myindustrial.eu\/lv\/shop\/rupnieciskas-bremzu-sistemas-un-piedzinas-apstadinasanas-komponentes\/muftes-savienojumi\/industrial-torsionally-elastic-claw-coupling\/\",\"url\":\"https:\/\/dev.myindustrial.eu\/lv\/shop\/rupnieciskas-bremzu-sistemas-un-piedzinas-apstadinasanas-komponentes\/muftes-savienojumi\/industrial-torsionally-elastic-claw-coupling\/\",\"name\":\"R\u016bpnieciska griezes elast\u012bga sp\u012b\u013cu muftes sakabe - My industrial\",\"isPartOf\":{\"@id\":\"https:\/\/dev.myindustrial.eu\/lv\/#website\"},\"primaryImageOfPage\":{\"@id\":\"https:\/\/dev.myindustrial.eu\/lv\/shop\/rupnieciskas-bremzu-sistemas-un-piedzinas-apstadinasanas-komponentes\/muftes-savienojumi\/industrial-torsionally-elastic-claw-coupling\/#primaryimage\"},\"image\":{\"@id\":\"https:\/\/dev.myindustrial.eu\/lv\/shop\/rupnieciskas-bremzu-sistemas-un-piedzinas-apstadinasanas-komponentes\/muftes-savienojumi\/industrial-torsionally-elastic-claw-coupling\/#primaryimage\"},\"thumbnailUrl\":\"https:\/\/dev.myindustrial.eu\/wp-content\/uploads\/2024\/12\/rft_clawcoupling-type_rkk-w.webp\",\"datePublished\":\"2024-12-02T10:41:39+00:00\",\"dateModified\":\"2024-12-26T20:08:08+00:00\",\"breadcrumb\":{\"@id\":\"https:\/\/dev.myindustrial.eu\/lv\/shop\/rupnieciskas-bremzu-sistemas-un-piedzinas-apstadinasanas-komponentes\/muftes-savienojumi\/industrial-torsionally-elastic-claw-coupling\/#breadcrumb\"},\"inLanguage\":\"lv-LV\",\"potentialAction\":[{\"@type\":\"ReadAction\",\"target\":[\"https:\/\/dev.myindustrial.eu\/lv\/shop\/rupnieciskas-bremzu-sistemas-un-piedzinas-apstadinasanas-komponentes\/muftes-savienojumi\/industrial-torsionally-elastic-claw-coupling\/\"]}]},{\"@type\":\"ImageObject\",\"inLanguage\":\"lv-LV\",\"@id\":\"https:\/\/dev.myindustrial.eu\/lv\/shop\/rupnieciskas-bremzu-sistemas-un-piedzinas-apstadinasanas-komponentes\/muftes-savienojumi\/industrial-torsionally-elastic-claw-coupling\/#primaryimage\",\"url\":\"https:\/\/dev.myindustrial.eu\/wp-content\/uploads\/2024\/12\/rft_clawcoupling-type_rkk-w.webp\",\"contentUrl\":\"https:\/\/dev.myindustrial.eu\/wp-content\/uploads\/2024\/12\/rft_clawcoupling-type_rkk-w.webp\",\"width\":800,\"height\":800},{\"@type\":\"BreadcrumbList\",\"@id\":\"https:\/\/dev.myindustrial.eu\/lv\/shop\/rupnieciskas-bremzu-sistemas-un-piedzinas-apstadinasanas-komponentes\/muftes-savienojumi\/industrial-torsionally-elastic-claw-coupling\/#breadcrumb\",\"itemListElement\":[{\"@type\":\"ListItem\",\"position\":1,\"name\":\"Home\",\"item\":\"https:\/\/dev.myindustrial.eu\/lv\/\"},{\"@type\":\"ListItem\",\"position\":2,\"name\":\"Products\",\"item\":\"https:\/\/dev.myindustrial.eu\/lv\/products\/\"},{\"@type\":\"ListItem\",\"position\":3,\"name\":\"R\u016bpnieciska griezes elast\u012bga sp\u012b\u013cu muftes sakabe\"}]},{\"@type\":\"WebSite\",\"@id\":\"https:\/\/dev.myindustrial.eu\/lv\/#website\",\"url\":\"https:\/\/dev.myindustrial.eu\/lv\/\",\"name\":\"My industrial\",\"description\":\"\",\"potentialAction\":[{\"@type\":\"SearchAction\",\"target\":{\"@type\":\"EntryPoint\",\"urlTemplate\":\"https:\/\/dev.myindustrial.eu\/lv\/?s={search_term_string}\"},\"query-input\":{\"@type\":\"PropertyValueSpecification\",\"valueRequired\":true,\"valueName\":\"search_term_string\"}}],\"inLanguage\":\"lv-LV\"}]}<\/script>\n<!-- \/ Yoast SEO plugin. -->","yoast_head_json":{"title":"R\u016bpnieciska griezes elast\u012bga sp\u012b\u013cu muftes sakabe - My industrial","robots":{"index":"noindex","follow":"follow","max-snippet":"max-snippet:-1","max-image-preview":"max-image-preview:large","max-video-preview":"max-video-preview:-1"},"og_locale":"lv_LV","og_type":"article","og_title":"R\u016bpnieciska griezes elast\u012bga sp\u012b\u013cu muftes sakabe - My industrial","og_description":"Elast\u012bg\u0101 v\u0101rpstas sp\u012b\u013cu muftes sakabe  Elast\u012bgos elementus var viegli uzst\u0101d\u012bt un no\u0146emt radi\u0101li, bez nepiecie\u0161am\u012bbas p\u0101rvietot savienot\u0101s ma\u0161\u012bnas pa asi, p\u0113c tam, kad fiks\u0101cijas v\u0101ci\u0146\u0161 ir atbr\u012bvots un no\u0146emts. Alternat\u012bvie brem\u017eu trumu\u013ca uzst\u0101d\u012b\u0161anas veidi nosaka \u0101r\u0113jos izm\u0113rus.   Elast\u012bg\u0101 v\u0101rpstas mufte (sakabe), sp\u012b\u013cu sakabe brem\u017eu trumu\u013ciem atbilsto\u0161i DIN 15435 vai disku bremz\u0113m.  Sakabe ir dro\u0161a un iztur\u012bga pret boj\u0101jumiem.  Izgatavota no cieta materi\u0101la (C45), bez lie\u0161anas dizaina.  Divkomponentu kr\u0101sojums, RAL 7024.  Bez brem\u017eu diska \/ brem\u017eu trumu\u013ca.  Augsta kvalit\u0101te \/ ilgs kalpo\u0161anas laiks.  Motora puses v\u0101rpsta: no 20 mm l\u012bdz 170 mm.  P\u0101rnesumu puses v\u0101rpsta: no 20 mm l\u012bdz 170 mm.","og_url":"https:\/\/dev.myindustrial.eu\/lv\/shop\/rupnieciskas-bremzu-sistemas-un-piedzinas-apstadinasanas-komponentes\/muftes-savienojumi\/industrial-torsionally-elastic-claw-coupling\/","og_site_name":"My industrial","article_modified_time":"2024-12-26T20:08:08+00:00","og_image":[{"width":800,"height":800,"url":"https:\/\/dev.myindustrial.eu\/wp-content\/uploads\/2024\/12\/rft_clawcoupling-type_rkk-w.webp","type":"image\/webp"}],"twitter_card":"summary_large_image","schema":{"@context":"https:\/\/schema.org","@graph":[{"@type":"WebPage","@id":"https:\/\/dev.myindustrial.eu\/lv\/shop\/rupnieciskas-bremzu-sistemas-un-piedzinas-apstadinasanas-komponentes\/muftes-savienojumi\/industrial-torsionally-elastic-claw-coupling\/","url":"https:\/\/dev.myindustrial.eu\/lv\/shop\/rupnieciskas-bremzu-sistemas-un-piedzinas-apstadinasanas-komponentes\/muftes-savienojumi\/industrial-torsionally-elastic-claw-coupling\/","name":"R\u016bpnieciska griezes elast\u012bga sp\u012b\u013cu muftes sakabe - My industrial","isPartOf":{"@id":"https:\/\/dev.myindustrial.eu\/lv\/#website"},"primaryImageOfPage":{"@id":"https:\/\/dev.myindustrial.eu\/lv\/shop\/rupnieciskas-bremzu-sistemas-un-piedzinas-apstadinasanas-komponentes\/muftes-savienojumi\/industrial-torsionally-elastic-claw-coupling\/#primaryimage"},"image":{"@id":"https:\/\/dev.myindustrial.eu\/lv\/shop\/rupnieciskas-bremzu-sistemas-un-piedzinas-apstadinasanas-komponentes\/muftes-savienojumi\/industrial-torsionally-elastic-claw-coupling\/#primaryimage"},"thumbnailUrl":"https:\/\/dev.myindustrial.eu\/wp-content\/uploads\/2024\/12\/rft_clawcoupling-type_rkk-w.webp","datePublished":"2024-12-02T10:41:39+00:00","dateModified":"2024-12-26T20:08:08+00:00","breadcrumb":{"@id":"https:\/\/dev.myindustrial.eu\/lv\/shop\/rupnieciskas-bremzu-sistemas-un-piedzinas-apstadinasanas-komponentes\/muftes-savienojumi\/industrial-torsionally-elastic-claw-coupling\/#breadcrumb"},"inLanguage":"lv-LV","potentialAction":[{"@type":"ReadAction","target":["https:\/\/dev.myindustrial.eu\/lv\/shop\/rupnieciskas-bremzu-sistemas-un-piedzinas-apstadinasanas-komponentes\/muftes-savienojumi\/industrial-torsionally-elastic-claw-coupling\/"]}]},{"@type":"ImageObject","inLanguage":"lv-LV","@id":"https:\/\/dev.myindustrial.eu\/lv\/shop\/rupnieciskas-bremzu-sistemas-un-piedzinas-apstadinasanas-komponentes\/muftes-savienojumi\/industrial-torsionally-elastic-claw-coupling\/#primaryimage","url":"https:\/\/dev.myindustrial.eu\/wp-content\/uploads\/2024\/12\/rft_clawcoupling-type_rkk-w.webp","contentUrl":"https:\/\/dev.myindustrial.eu\/wp-content\/uploads\/2024\/12\/rft_clawcoupling-type_rkk-w.webp","width":800,"height":800},{"@type":"BreadcrumbList","@id":"https:\/\/dev.myindustrial.eu\/lv\/shop\/rupnieciskas-bremzu-sistemas-un-piedzinas-apstadinasanas-komponentes\/muftes-savienojumi\/industrial-torsionally-elastic-claw-coupling\/#breadcrumb","itemListElement":[{"@type":"ListItem","position":1,"name":"Home","item":"https:\/\/dev.myindustrial.eu\/lv\/"},{"@type":"ListItem","position":2,"name":"Products","item":"https:\/\/dev.myindustrial.eu\/lv\/products\/"},{"@type":"ListItem","position":3,"name":"R\u016bpnieciska griezes elast\u012bga sp\u012b\u013cu muftes sakabe"}]},{"@type":"WebSite","@id":"https:\/\/dev.myindustrial.eu\/lv\/#website","url":"https:\/\/dev.myindustrial.eu\/lv\/","name":"My industrial","description":"","potentialAction":[{"@type":"SearchAction","target":{"@type":"EntryPoint","urlTemplate":"https:\/\/dev.myindustrial.eu\/lv\/?s={search_term_string}"},"query-input":{"@type":"PropertyValueSpecification","valueRequired":true,"valueName":"search_term_string"}}],"inLanguage":"lv-LV"}]}},"_links":{"self":[{"href":"https:\/\/dev.myindustrial.eu\/lv\/wp-json\/wp\/v2\/product\/1260065541","targetHints":{"allow":["GET"]}}],"collection":[{"href":"https:\/\/dev.myindustrial.eu\/lv\/wp-json\/wp\/v2\/product"}],"about":[{"href":"https:\/\/dev.myindustrial.eu\/lv\/wp-json\/wp\/v2\/types\/product"}],"version-history":[{"count":0,"href":"https:\/\/dev.myindustrial.eu\/lv\/wp-json\/wp\/v2\/product\/1260065541\/revisions"}],"wp:featuredmedia":[{"embeddable":true,"href":"https:\/\/dev.myindustrial.eu\/lv\/wp-json\/wp\/v2\/media\/1260064870"}],"wp:attachment":[{"href":"https:\/\/dev.myindustrial.eu\/lv\/wp-json\/wp\/v2\/media?parent=1260065541"}],"wp:term":[{"taxonomy":"product_brand","embeddable":true,"href":"https:\/\/dev.myindustrial.eu\/lv\/wp-json\/wp\/v2\/product_brand?post=1260065541"},{"taxonomy":"product_cat","embeddable":true,"href":"https:\/\/dev.myindustrial.eu\/lv\/wp-json\/wp\/v2\/product_cat?post=1260065541"},{"taxonomy":"product_tag","embeddable":true,"href":"https:\/\/dev.myindustrial.eu\/lv\/wp-json\/wp\/v2\/product_tag?post=1260065541"}],"curies":[{"name":"wp","href":"https:\/\/api.w.org\/{rel}","templated":true}]}}