{"id":1260065547,"date":"2024-12-02T11:47:37","date_gmt":"2024-12-02T11:47:37","guid":{"rendered":"https:\/\/dev.myindustrial.eu\/shop\/uncategorized\/gear-box\/"},"modified":"2024-12-27T17:57:52","modified_gmt":"2024-12-27T17:57:52","slug":"gear-box","status":"publish","type":"product","link":"https:\/\/dev.myindustrial.eu\/lv\/shop\/rupnieciskas-bremzu-sistemas-un-piedzinas-apstadinasanas-komponentes\/parnesumu-karbas\/gear-box\/","title":{"rendered":"P\u0101rnesumk\u0101rba"},"content":{"rendered":"<p><b>Paral\u0113lo v\u0101rpstu p\u0101rnesumk\u0101rbas<\/b><span style=\"font-weight: 400;\"><br \/>\n<\/span><span style=\"font-weight: 400;\">R\u016bpniecisk\u0101s p\u0101rnesumk\u0101rbas tiek projekt\u0113tas un konstru\u0113tas savieno\u0161anai, parasti ar elektrisko motoru, un t\u0101s bie\u017ei ir galvenie cel\u0161anas vin\u010du komponenti.<\/span><span style=\"font-weight: 400;\"><br \/>\n<\/span><span style=\"font-weight: 400;\">P\u0101rnesumk\u0101rbas var tikt izgatavotas vair\u0101k\u0101s konfigur\u0101cij\u0101s, lai t\u0101s atbilstu da\u017e\u0101d\u0101m ekspluat\u0101cijas vajadz\u012bb\u0101m. Projekt\u0113\u0161anas f\u0101z\u0113 m\u0113s pied\u0101v\u0101jam vair\u0101kus piederumus, da\u017e\u0101das konstrukcijas konfigur\u0101cijas un mont\u0101\u017eas vari\u0101cijas, kas nodro\u0161ina risin\u0101jumus pla\u0161am jaudas p\u0101rvades pielietojumu kl\u0101stam.<\/span><\/p>\n<p><b>Raksturojums<\/b><\/p>\n<p><b>P\u0101rnesumu attiec\u012bbas tr\u012bsk\u0101r\u0161ai redukcijai:<\/b><\/p>\n<ul>\n<li style=\"font-weight: 400;\" aria-level=\"1\"><span style=\"font-weight: 400;\">P\u0101rnesumu attiec\u012bbas: 40, 45, 50, 56, 63, 71, 80, 90, 100<\/span><\/li>\n<li style=\"font-weight: 400;\" aria-level=\"1\"><span style=\"font-weight: 400;\">Nomin\u0101lais griezes moments (daNm): 290, 320, 350, 400, 450<\/span><\/li>\n<li style=\"font-weight: 400;\" aria-level=\"1\"><span style=\"font-weight: 400;\">P\u0101rnesumu attiec\u012bbas: 40, 45, 50, 56, 63, 71, 80, 90, 100<\/span><\/li>\n<li style=\"font-weight: 400;\" aria-level=\"1\"><span style=\"font-weight: 400;\">Nomin\u0101lais griezes moments (daNm): 360, 400, 450<\/span><\/li>\n<\/ul>\n<p><b>P\u0101rnesumu attiec\u012bbas \u010detrk\u0101r\u0161ai redukcijai:<\/b><\/p>\n<ul>\n<li style=\"font-weight: 400;\" aria-level=\"1\"><span style=\"font-weight: 400;\">P\u0101rnesumu attiec\u012bbas: 112, 125, 140, 170<\/span><\/li>\n<li style=\"font-weight: 400;\" aria-level=\"1\"><span style=\"font-weight: 400;\">Nomin\u0101lais griezes moments (daNm): 280, 320, 360, 400, 450<\/span><\/li>\n<\/ul>\n<p><span style=\"font-weight: 400;\">Ir iesp\u0113jams pieg\u0101d\u0101t p\u0101rnesumk\u0101rbas ar p\u0101rnesumu attiec\u012bb\u0101m, kas at\u0161\u0137iras no iepriek\u0161 nor\u0101d\u012btaj\u0101m standarta v\u0113rt\u012bb\u0101m.<\/span><\/p>\n<p><b>Izvades v\u0101rpstas izm\u0113ri<\/b><\/p>\n<ul>\n<li style=\"font-weight: 400;\" aria-level=\"1\"><span style=\"font-weight: 400;\">Standarta izvades savienojums cel\u0161anas p\u0101rnesumk\u0101rb\u0101m ir v\u0101rpsta ar spraugu (UNI 6604), kas paredz\u0113ta nomin\u0101l\u0101 griezes momenta p\u0101rnesei atbilsto\u0161i izv\u0113l\u0113tajam izm\u0113ram.<\/span><\/li>\n<\/ul>\n<p><b>Ieejas v\u0101rpstas izm\u0113ri<\/b><\/p>\n<ul>\n<li style=\"font-weight: 400;\" aria-level=\"1\"><span style=\"font-weight: 400;\">Ieejas v\u0101rpstai ir standarta garums, kas nodro\u0161ina iztur\u012bbu pret noguruma slodz\u0113m un rot\u0113jo\u0161u lieci.<\/span><\/li>\n<\/ul>\n<p><b>Bungas atloks<\/b><\/p>\n<ul>\n<li style=\"font-weight: 400;\" aria-level=\"1\"><span style=\"font-weight: 400;\">Gad\u012bjumos, kad izvades v\u0101rpsta tiek izgatavota ar rievojumu atbilsto\u0161i DIN 5480, savienojums starp p\u0101rnesumk\u0101rbas v\u0101rpstu un atloku ir pieejams p\u0101rnesumk\u0101rb\u0101m l\u012bdz izm\u0113ram 360.<\/span><\/li>\n<\/ul>\n<p><b>Tehnisk\u0101s priek\u0161roc\u012bbas<\/b><\/p>\n<p><b>Vid\u0113js ska\u0146as spiediens<\/b><span style=\"font-weight: 400;\"><br \/>\n<\/span><span style=\"font-weight: 400;\">Visas p\u0101rnesumk\u0101rbas, ko pieg\u0101d\u0101 MAA intelengineering SIA, tiek projekt\u0113tas un izgatavotas, iev\u0113rojot kvalit\u0101tes standartus, kas nodro\u0161ina zemu akustisko emisiju l\u012bmeni. Ska\u0146as spiediens, kas m\u0113r\u012bts tuk\u0161gait\u0101 no viena metra (1 m) att\u0101luma no p\u0101rnesumk\u0101rbas un bez atbalss, visos gad\u012bjumos ir bijis zem\u0101ks par 85 dB(A).<\/span><\/p>\n","protected":false},"excerpt":{"rendered":"<p><span style=\"font-weight: 400;\">R\u016bpniecisk\u0101 p\u0101rnesumk\u0101rba, kas izgatavota p\u0113c klienta specifik\u0101cij\u0101m. Pateicoties modern\u0101m tehnolo\u0123ij\u0101m un uzkr\u0101taj\u0101m zin\u0101\u0161an\u0101m, uz\u0146\u0113mums sp\u0113j projekt\u0113t un ra\u017eot speci\u0101las p\u0101rnesumk\u0101rbas, kas atbilst klienta pras\u012bb\u0101m.<\/span><span style=\"font-weight: 400;\"><br \/>\n<\/span><span style=\"font-weight: 400;\">R\u016bpniecisk\u0101s p\u0101rnesumk\u0101rbas parasti tiek izgatavotas no t\u0113rauda korpusa, kas p\u0113c tam tiek pak\u013cauts spriegumu samazino\u0161ai apstr\u0101dei un iek\u0161\u0113jai meh\u0101niskai apstr\u0101dei. Zobrati tiek cement\u0113ti, r\u016bd\u012bti un p\u0113c tam sl\u012bp\u0113ti. P\u0101rnesumk\u0101rbas tiek apr\u012bkotas ar vado\u0161o z\u012bmolu gult\u0146iem un bl\u012bv\u0113m, p\u0113c tam tiek samont\u0113tas un p\u0101rbaud\u012btas, lai nodro\u0161in\u0101tu komponentu nevainojamu darb\u012bbu un augstu kvalit\u0101ti.<\/span><\/p>\n","protected":false},"featured_media":1260064966,"template":"","meta":[],"product_brand":[],"product_cat":[1697],"product_tag":[],"class_list":{"0":"post-1260065547","1":"product","2":"type-product","3":"status-publish","4":"has-post-thumbnail","6":"product_cat-parnesumu-karbas","8":"first","9":"instock","10":"shipping-taxable","11":"product-type-simple"},"yoast_head":"<!-- This site is optimized with the Yoast SEO plugin v27.1.1 - https:\/\/yoast.com\/product\/yoast-seo-wordpress\/ -->\n<title>P\u0101rnesumk\u0101rba - My industrial<\/title>\n<meta name=\"robots\" content=\"noindex, follow, max-snippet:-1, max-image-preview:large, max-video-preview:-1\" \/>\n<meta property=\"og:locale\" content=\"lv_LV\" \/>\n<meta property=\"og:type\" content=\"article\" \/>\n<meta property=\"og:title\" content=\"P\u0101rnesumk\u0101rba - My industrial\" \/>\n<meta property=\"og:description\" content=\"R\u016bpniecisk\u0101 p\u0101rnesumk\u0101rba, kas izgatavota p\u0113c klienta specifik\u0101cij\u0101m. Pateicoties modern\u0101m tehnolo\u0123ij\u0101m un uzkr\u0101taj\u0101m zin\u0101\u0161an\u0101m, uz\u0146\u0113mums sp\u0113j projekt\u0113t un ra\u017eot speci\u0101las p\u0101rnesumk\u0101rbas, kas atbilst klienta pras\u012bb\u0101m. R\u016bpniecisk\u0101s p\u0101rnesumk\u0101rbas parasti tiek izgatavotas no t\u0113rauda korpusa, kas p\u0113c tam tiek pak\u013cauts spriegumu samazino\u0161ai apstr\u0101dei un iek\u0161\u0113jai meh\u0101niskai apstr\u0101dei. Zobrati tiek cement\u0113ti, r\u016bd\u012bti un p\u0113c tam sl\u012bp\u0113ti. P\u0101rnesumk\u0101rbas tiek apr\u012bkotas ar vado\u0161o z\u012bmolu gult\u0146iem un bl\u012bv\u0113m, p\u0113c tam tiek samont\u0113tas un p\u0101rbaud\u012btas, lai nodro\u0161in\u0101tu komponentu nevainojamu darb\u012bbu un augstu kvalit\u0101ti.\" \/>\n<meta property=\"og:url\" content=\"https:\/\/dev.myindustrial.eu\/lv\/shop\/rupnieciskas-bremzu-sistemas-un-piedzinas-apstadinasanas-komponentes\/parnesumu-karbas\/gear-box\/\" \/>\n<meta property=\"og:site_name\" content=\"My industrial\" \/>\n<meta property=\"article:modified_time\" content=\"2024-12-27T17:57:52+00:00\" \/>\n<meta property=\"og:image\" content=\"https:\/\/dev.myindustrial.eu\/wp-content\/uploads\/2024\/12\/riduttore-prewiev.webp\" \/>\n\t<meta property=\"og:image:width\" content=\"800\" \/>\n\t<meta property=\"og:image:height\" content=\"800\" \/>\n\t<meta property=\"og:image:type\" content=\"image\/webp\" \/>\n<meta name=\"twitter:card\" content=\"summary_large_image\" \/>\n<script type=\"application\/ld+json\" class=\"yoast-schema-graph\">{\"@context\":\"https:\/\/schema.org\",\"@graph\":[{\"@type\":\"WebPage\",\"@id\":\"https:\/\/dev.myindustrial.eu\/lv\/shop\/rupnieciskas-bremzu-sistemas-un-piedzinas-apstadinasanas-komponentes\/parnesumu-karbas\/gear-box\/\",\"url\":\"https:\/\/dev.myindustrial.eu\/lv\/shop\/rupnieciskas-bremzu-sistemas-un-piedzinas-apstadinasanas-komponentes\/parnesumu-karbas\/gear-box\/\",\"name\":\"P\u0101rnesumk\u0101rba - My industrial\",\"isPartOf\":{\"@id\":\"https:\/\/dev.myindustrial.eu\/lv\/#website\"},\"primaryImageOfPage\":{\"@id\":\"https:\/\/dev.myindustrial.eu\/lv\/shop\/rupnieciskas-bremzu-sistemas-un-piedzinas-apstadinasanas-komponentes\/parnesumu-karbas\/gear-box\/#primaryimage\"},\"image\":{\"@id\":\"https:\/\/dev.myindustrial.eu\/lv\/shop\/rupnieciskas-bremzu-sistemas-un-piedzinas-apstadinasanas-komponentes\/parnesumu-karbas\/gear-box\/#primaryimage\"},\"thumbnailUrl\":\"https:\/\/dev.myindustrial.eu\/wp-content\/uploads\/2024\/12\/riduttore-prewiev.webp\",\"datePublished\":\"2024-12-02T11:47:37+00:00\",\"dateModified\":\"2024-12-27T17:57:52+00:00\",\"breadcrumb\":{\"@id\":\"https:\/\/dev.myindustrial.eu\/lv\/shop\/rupnieciskas-bremzu-sistemas-un-piedzinas-apstadinasanas-komponentes\/parnesumu-karbas\/gear-box\/#breadcrumb\"},\"inLanguage\":\"lv-LV\",\"potentialAction\":[{\"@type\":\"ReadAction\",\"target\":[\"https:\/\/dev.myindustrial.eu\/lv\/shop\/rupnieciskas-bremzu-sistemas-un-piedzinas-apstadinasanas-komponentes\/parnesumu-karbas\/gear-box\/\"]}]},{\"@type\":\"ImageObject\",\"inLanguage\":\"lv-LV\",\"@id\":\"https:\/\/dev.myindustrial.eu\/lv\/shop\/rupnieciskas-bremzu-sistemas-un-piedzinas-apstadinasanas-komponentes\/parnesumu-karbas\/gear-box\/#primaryimage\",\"url\":\"https:\/\/dev.myindustrial.eu\/wp-content\/uploads\/2024\/12\/riduttore-prewiev.webp\",\"contentUrl\":\"https:\/\/dev.myindustrial.eu\/wp-content\/uploads\/2024\/12\/riduttore-prewiev.webp\",\"width\":800,\"height\":800},{\"@type\":\"BreadcrumbList\",\"@id\":\"https:\/\/dev.myindustrial.eu\/lv\/shop\/rupnieciskas-bremzu-sistemas-un-piedzinas-apstadinasanas-komponentes\/parnesumu-karbas\/gear-box\/#breadcrumb\",\"itemListElement\":[{\"@type\":\"ListItem\",\"position\":1,\"name\":\"Home\",\"item\":\"https:\/\/dev.myindustrial.eu\/lv\/\"},{\"@type\":\"ListItem\",\"position\":2,\"name\":\"Products\",\"item\":\"https:\/\/dev.myindustrial.eu\/lv\/products\/\"},{\"@type\":\"ListItem\",\"position\":3,\"name\":\"P\u0101rnesumk\u0101rba\"}]},{\"@type\":\"WebSite\",\"@id\":\"https:\/\/dev.myindustrial.eu\/lv\/#website\",\"url\":\"https:\/\/dev.myindustrial.eu\/lv\/\",\"name\":\"My industrial\",\"description\":\"\",\"potentialAction\":[{\"@type\":\"SearchAction\",\"target\":{\"@type\":\"EntryPoint\",\"urlTemplate\":\"https:\/\/dev.myindustrial.eu\/lv\/?s={search_term_string}\"},\"query-input\":{\"@type\":\"PropertyValueSpecification\",\"valueRequired\":true,\"valueName\":\"search_term_string\"}}],\"inLanguage\":\"lv-LV\"}]}<\/script>\n<!-- \/ Yoast SEO plugin. -->","yoast_head_json":{"title":"P\u0101rnesumk\u0101rba - My industrial","robots":{"index":"noindex","follow":"follow","max-snippet":"max-snippet:-1","max-image-preview":"max-image-preview:large","max-video-preview":"max-video-preview:-1"},"og_locale":"lv_LV","og_type":"article","og_title":"P\u0101rnesumk\u0101rba - My industrial","og_description":"R\u016bpniecisk\u0101 p\u0101rnesumk\u0101rba, kas izgatavota p\u0113c klienta specifik\u0101cij\u0101m. Pateicoties modern\u0101m tehnolo\u0123ij\u0101m un uzkr\u0101taj\u0101m zin\u0101\u0161an\u0101m, uz\u0146\u0113mums sp\u0113j projekt\u0113t un ra\u017eot speci\u0101las p\u0101rnesumk\u0101rbas, kas atbilst klienta pras\u012bb\u0101m. R\u016bpniecisk\u0101s p\u0101rnesumk\u0101rbas parasti tiek izgatavotas no t\u0113rauda korpusa, kas p\u0113c tam tiek pak\u013cauts spriegumu samazino\u0161ai apstr\u0101dei un iek\u0161\u0113jai meh\u0101niskai apstr\u0101dei. Zobrati tiek cement\u0113ti, r\u016bd\u012bti un p\u0113c tam sl\u012bp\u0113ti. P\u0101rnesumk\u0101rbas tiek apr\u012bkotas ar vado\u0161o z\u012bmolu gult\u0146iem un bl\u012bv\u0113m, p\u0113c tam tiek samont\u0113tas un p\u0101rbaud\u012btas, lai nodro\u0161in\u0101tu komponentu nevainojamu darb\u012bbu un augstu kvalit\u0101ti.","og_url":"https:\/\/dev.myindustrial.eu\/lv\/shop\/rupnieciskas-bremzu-sistemas-un-piedzinas-apstadinasanas-komponentes\/parnesumu-karbas\/gear-box\/","og_site_name":"My industrial","article_modified_time":"2024-12-27T17:57:52+00:00","og_image":[{"width":800,"height":800,"url":"https:\/\/dev.myindustrial.eu\/wp-content\/uploads\/2024\/12\/riduttore-prewiev.webp","type":"image\/webp"}],"twitter_card":"summary_large_image","schema":{"@context":"https:\/\/schema.org","@graph":[{"@type":"WebPage","@id":"https:\/\/dev.myindustrial.eu\/lv\/shop\/rupnieciskas-bremzu-sistemas-un-piedzinas-apstadinasanas-komponentes\/parnesumu-karbas\/gear-box\/","url":"https:\/\/dev.myindustrial.eu\/lv\/shop\/rupnieciskas-bremzu-sistemas-un-piedzinas-apstadinasanas-komponentes\/parnesumu-karbas\/gear-box\/","name":"P\u0101rnesumk\u0101rba - My industrial","isPartOf":{"@id":"https:\/\/dev.myindustrial.eu\/lv\/#website"},"primaryImageOfPage":{"@id":"https:\/\/dev.myindustrial.eu\/lv\/shop\/rupnieciskas-bremzu-sistemas-un-piedzinas-apstadinasanas-komponentes\/parnesumu-karbas\/gear-box\/#primaryimage"},"image":{"@id":"https:\/\/dev.myindustrial.eu\/lv\/shop\/rupnieciskas-bremzu-sistemas-un-piedzinas-apstadinasanas-komponentes\/parnesumu-karbas\/gear-box\/#primaryimage"},"thumbnailUrl":"https:\/\/dev.myindustrial.eu\/wp-content\/uploads\/2024\/12\/riduttore-prewiev.webp","datePublished":"2024-12-02T11:47:37+00:00","dateModified":"2024-12-27T17:57:52+00:00","breadcrumb":{"@id":"https:\/\/dev.myindustrial.eu\/lv\/shop\/rupnieciskas-bremzu-sistemas-un-piedzinas-apstadinasanas-komponentes\/parnesumu-karbas\/gear-box\/#breadcrumb"},"inLanguage":"lv-LV","potentialAction":[{"@type":"ReadAction","target":["https:\/\/dev.myindustrial.eu\/lv\/shop\/rupnieciskas-bremzu-sistemas-un-piedzinas-apstadinasanas-komponentes\/parnesumu-karbas\/gear-box\/"]}]},{"@type":"ImageObject","inLanguage":"lv-LV","@id":"https:\/\/dev.myindustrial.eu\/lv\/shop\/rupnieciskas-bremzu-sistemas-un-piedzinas-apstadinasanas-komponentes\/parnesumu-karbas\/gear-box\/#primaryimage","url":"https:\/\/dev.myindustrial.eu\/wp-content\/uploads\/2024\/12\/riduttore-prewiev.webp","contentUrl":"https:\/\/dev.myindustrial.eu\/wp-content\/uploads\/2024\/12\/riduttore-prewiev.webp","width":800,"height":800},{"@type":"BreadcrumbList","@id":"https:\/\/dev.myindustrial.eu\/lv\/shop\/rupnieciskas-bremzu-sistemas-un-piedzinas-apstadinasanas-komponentes\/parnesumu-karbas\/gear-box\/#breadcrumb","itemListElement":[{"@type":"ListItem","position":1,"name":"Home","item":"https:\/\/dev.myindustrial.eu\/lv\/"},{"@type":"ListItem","position":2,"name":"Products","item":"https:\/\/dev.myindustrial.eu\/lv\/products\/"},{"@type":"ListItem","position":3,"name":"P\u0101rnesumk\u0101rba"}]},{"@type":"WebSite","@id":"https:\/\/dev.myindustrial.eu\/lv\/#website","url":"https:\/\/dev.myindustrial.eu\/lv\/","name":"My industrial","description":"","potentialAction":[{"@type":"SearchAction","target":{"@type":"EntryPoint","urlTemplate":"https:\/\/dev.myindustrial.eu\/lv\/?s={search_term_string}"},"query-input":{"@type":"PropertyValueSpecification","valueRequired":true,"valueName":"search_term_string"}}],"inLanguage":"lv-LV"}]}},"_links":{"self":[{"href":"https:\/\/dev.myindustrial.eu\/lv\/wp-json\/wp\/v2\/product\/1260065547","targetHints":{"allow":["GET"]}}],"collection":[{"href":"https:\/\/dev.myindustrial.eu\/lv\/wp-json\/wp\/v2\/product"}],"about":[{"href":"https:\/\/dev.myindustrial.eu\/lv\/wp-json\/wp\/v2\/types\/product"}],"version-history":[{"count":0,"href":"https:\/\/dev.myindustrial.eu\/lv\/wp-json\/wp\/v2\/product\/1260065547\/revisions"}],"wp:featuredmedia":[{"embeddable":true,"href":"https:\/\/dev.myindustrial.eu\/lv\/wp-json\/wp\/v2\/media\/1260064966"}],"wp:attachment":[{"href":"https:\/\/dev.myindustrial.eu\/lv\/wp-json\/wp\/v2\/media?parent=1260065547"}],"wp:term":[{"taxonomy":"product_brand","embeddable":true,"href":"https:\/\/dev.myindustrial.eu\/lv\/wp-json\/wp\/v2\/product_brand?post=1260065547"},{"taxonomy":"product_cat","embeddable":true,"href":"https:\/\/dev.myindustrial.eu\/lv\/wp-json\/wp\/v2\/product_cat?post=1260065547"},{"taxonomy":"product_tag","embeddable":true,"href":"https:\/\/dev.myindustrial.eu\/lv\/wp-json\/wp\/v2\/product_tag?post=1260065547"}],"curies":[{"name":"wp","href":"https:\/\/api.w.org\/{rel}","templated":true}]}}