{"id":1260065552,"date":"2024-12-02T11:51:34","date_gmt":"2024-12-02T11:51:34","guid":{"rendered":"https:\/\/dev.myindustrial.eu\/shop\/uncategorized\/guide-roller-system-with-integrated-damping-pads\/"},"modified":"2024-12-27T19:44:45","modified_gmt":"2024-12-27T19:44:45","slug":"guide-roller-system-with-integrated-damping-pads","status":"publish","type":"product","link":"https:\/\/dev.myindustrial.eu\/lv\/shop\/rupnieciskas-bremzu-sistemas-un-piedzinas-apstadinasanas-komponentes\/vadritenu-sistema\/guide-roller-system-with-integrated-damping-pads\/","title":{"rendered":"Vadrite\u0146u sist\u0113ma"},"content":{"rendered":"","protected":false},"excerpt":{"rendered":"<p><b>ar integr\u0113tiem amortiz\u0113jo\u0161iem spilventi\u0146iem, tips SFRS-DW-1 un SFRS-DW-2<\/b><\/p>\n<ul>\n<li style=\"font-weight: 400;\" aria-level=\"1\"><span style=\"font-weight: 400;\">Patent\u0113ta amortiz\u0101cijas vien\u012bba nev\u0113lamu triecienu samazin\u0101\u0161anai<\/span><\/li>\n<li style=\"font-weight: 400;\" aria-level=\"1\"><span style=\"font-weight: 400;\">Divrite\u0146u dizains<\/span><\/li>\n<li style=\"font-weight: 400;\" aria-level=\"1\"><span style=\"font-weight: 400;\">Amortiz\u0101cijas g\u0101jiens 3 mm<\/span><\/li>\n<li style=\"font-weight: 400;\" aria-level=\"1\"><span style=\"font-weight: 400;\">Gult\u0146u aizsardz\u012bba<\/span><\/li>\n<li style=\"font-weight: 400;\" aria-level=\"1\"><span style=\"font-weight: 400;\">Nolietojuma regul\u0113\u0161ana ar main\u0101miem starplikas pl\u0101ksn\u0113m<\/span><\/li>\n<li style=\"font-weight: 400;\" aria-level=\"1\"><span style=\"font-weight: 400;\">S\u0101nu regul\u0113jam\u012bba<\/span><\/li>\n<li style=\"font-weight: 400;\" aria-level=\"1\"><span style=\"font-weight: 400;\">Viengabala vadrite\u0146a ass un ass piekare<\/span><\/li>\n<li style=\"font-weight: 400;\" aria-level=\"1\"><span style=\"font-weight: 400;\">Integr\u0113ts augstas kvalit\u0101tes \/ premium gultnis<\/span><\/li>\n<li style=\"font-weight: 400;\" aria-level=\"1\"><span style=\"font-weight: 400;\">Viegli e\u013c\u013cot<\/span><\/li>\n<li style=\"font-weight: 400;\" aria-level=\"1\"><span style=\"font-weight: 400;\">Vienk\u0101r\u0161a vadrite\u0146u nomai\u0146a<\/span><\/li>\n<\/ul>\n<p><b>\u012apa\u0161\u012bbas<\/b><\/p>\n<ul>\n<li style=\"font-weight: 400;\" aria-level=\"1\"><span style=\"font-weight: 400;\">Patent\u0113tais amortiz\u0101cijas spilventi\u0146\u0161 samazina impuls\u012bvo sp\u0113ku iedarb\u012bbu<\/span><\/li>\n<li style=\"font-weight: 400;\" aria-level=\"1\"><span style=\"font-weight: 400;\">\u0160ie sp\u0113ki rodas, piem\u0113ram, d\u0113\u013c slie\u017eu ce\u013ca nel\u012bdzenumiem<\/span><\/li>\n<li style=\"font-weight: 400;\" aria-level=\"1\"><span style=\"font-weight: 400;\">Vadrite\u0146u sist\u0113ma nodro\u0161ina augstu slodzes iztur\u012bbu: dinamisk\u0101 l\u012bdz 160 kN un statisk\u0101 l\u012bdz 300 kN<\/span><\/li>\n<li style=\"font-weight: 400;\" aria-level=\"1\"><span style=\"font-weight: 400;\">Stiprin\u0101juma kron\u0161teins pieejams p\u0113c piepras\u012bjuma<\/span><\/li>\n<li style=\"font-weight: 400;\" aria-level=\"1\"><span style=\"font-weight: 400;\">Vadrite\u0146u diametrs \u00d8 156, \u00d8 180, \u00d8 200<\/span><\/li>\n<li style=\"font-weight: 400;\" aria-level=\"1\"><span style=\"font-weight: 400;\">Slie\u017eu platums 38\u201372 mm, 73\u2013126 mm<\/span><\/li>\n<\/ul>\n<p><b>Tehniskie ieguvumi<\/b><\/p>\n<ul>\n<li style=\"font-weight: 400;\" aria-level=\"1\"><span style=\"font-weight: 400;\">Integr\u0113ta amortiz\u0101cijas vien\u012bba<\/span><\/li>\n<li style=\"font-weight: 400;\" aria-level=\"1\"><span style=\"font-weight: 400;\">Impulsu un triecienu samazin\u0101\u0161ana<\/span><\/li>\n<li style=\"font-weight: 400;\" aria-level=\"1\"><span style=\"font-weight: 400;\">Optim\u0101la sist\u0113mas vad\u012bba<\/span><\/li>\n<\/ul>\n","protected":false},"featured_media":1260064972,"template":"","meta":[],"product_brand":[],"product_cat":[1701],"product_tag":[],"class_list":{"0":"post-1260065552","1":"product","2":"type-product","3":"status-publish","4":"has-post-thumbnail","6":"product_cat-vadritenu-sistema","8":"first","9":"instock","10":"shipping-taxable","11":"product-type-simple"},"yoast_head":"<!-- This site is optimized with the Yoast SEO plugin v27.1.1 - https:\/\/yoast.com\/product\/yoast-seo-wordpress\/ -->\n<title>Vadrite\u0146u sist\u0113ma - My industrial<\/title>\n<meta name=\"robots\" content=\"noindex, follow, max-snippet:-1, max-image-preview:large, max-video-preview:-1\" \/>\n<meta property=\"og:locale\" content=\"lv_LV\" \/>\n<meta property=\"og:type\" content=\"article\" \/>\n<meta property=\"og:title\" content=\"Vadrite\u0146u sist\u0113ma - My industrial\" \/>\n<meta property=\"og:description\" content=\"ar integr\u0113tiem amortiz\u0113jo\u0161iem spilventi\u0146iem, tips SFRS-DW-1 un SFRS-DW-2   Patent\u0113ta amortiz\u0101cijas vien\u012bba nev\u0113lamu triecienu samazin\u0101\u0161anai  Divrite\u0146u dizains  Amortiz\u0101cijas g\u0101jiens 3 mm  Gult\u0146u aizsardz\u012bba  Nolietojuma regul\u0113\u0161ana ar main\u0101miem starplikas pl\u0101ksn\u0113m  S\u0101nu regul\u0113jam\u012bba  Viengabala vadrite\u0146a ass un ass piekare  Integr\u0113ts augstas kvalit\u0101tes \/ premium gultnis  Viegli e\u013c\u013cot  Vienk\u0101r\u0161a vadrite\u0146u nomai\u0146a  \u012apa\u0161\u012bbas   Patent\u0113tais amortiz\u0101cijas spilventi\u0146\u0161 samazina impuls\u012bvo sp\u0113ku iedarb\u012bbu  \u0160ie sp\u0113ki rodas, piem\u0113ram, d\u0113\u013c slie\u017eu ce\u013ca nel\u012bdzenumiem  Vadrite\u0146u sist\u0113ma nodro\u0161ina augstu slodzes iztur\u012bbu: dinamisk\u0101 l\u012bdz 160 kN un statisk\u0101 l\u012bdz 300 kN  Stiprin\u0101juma kron\u0161teins pieejams p\u0113c piepras\u012bjuma  Vadrite\u0146u diametrs \u00d8 156, \u00d8 180, \u00d8 200  Slie\u017eu platums 38\u201372 mm, 73\u2013126 mm  Tehniskie ieguvumi   Integr\u0113ta amortiz\u0101cijas vien\u012bba  Impulsu un triecienu samazin\u0101\u0161ana  Optim\u0101la sist\u0113mas vad\u012bba\" \/>\n<meta property=\"og:url\" content=\"https:\/\/dev.myindustrial.eu\/lv\/shop\/rupnieciskas-bremzu-sistemas-un-piedzinas-apstadinasanas-komponentes\/vadritenu-sistema\/guide-roller-system-with-integrated-damping-pads\/\" \/>\n<meta property=\"og:site_name\" content=\"My industrial\" \/>\n<meta property=\"article:modified_time\" content=\"2024-12-27T19:44:45+00:00\" \/>\n<meta property=\"og:image\" content=\"https:\/\/dev.myindustrial.eu\/wp-content\/uploads\/2024\/12\/spurfuehrungsrollensystem_sfrs.webp\" \/>\n\t<meta property=\"og:image:width\" content=\"800\" \/>\n\t<meta property=\"og:image:height\" content=\"800\" \/>\n\t<meta property=\"og:image:type\" content=\"image\/webp\" \/>\n<meta name=\"twitter:card\" content=\"summary_large_image\" \/>\n<script type=\"application\/ld+json\" class=\"yoast-schema-graph\">{\"@context\":\"https:\/\/schema.org\",\"@graph\":[{\"@type\":\"WebPage\",\"@id\":\"https:\/\/dev.myindustrial.eu\/lv\/shop\/rupnieciskas-bremzu-sistemas-un-piedzinas-apstadinasanas-komponentes\/vadritenu-sistema\/guide-roller-system-with-integrated-damping-pads\/\",\"url\":\"https:\/\/dev.myindustrial.eu\/lv\/shop\/rupnieciskas-bremzu-sistemas-un-piedzinas-apstadinasanas-komponentes\/vadritenu-sistema\/guide-roller-system-with-integrated-damping-pads\/\",\"name\":\"Vadrite\u0146u sist\u0113ma - My industrial\",\"isPartOf\":{\"@id\":\"https:\/\/dev.myindustrial.eu\/lv\/#website\"},\"primaryImageOfPage\":{\"@id\":\"https:\/\/dev.myindustrial.eu\/lv\/shop\/rupnieciskas-bremzu-sistemas-un-piedzinas-apstadinasanas-komponentes\/vadritenu-sistema\/guide-roller-system-with-integrated-damping-pads\/#primaryimage\"},\"image\":{\"@id\":\"https:\/\/dev.myindustrial.eu\/lv\/shop\/rupnieciskas-bremzu-sistemas-un-piedzinas-apstadinasanas-komponentes\/vadritenu-sistema\/guide-roller-system-with-integrated-damping-pads\/#primaryimage\"},\"thumbnailUrl\":\"https:\/\/dev.myindustrial.eu\/wp-content\/uploads\/2024\/12\/spurfuehrungsrollensystem_sfrs.webp\",\"datePublished\":\"2024-12-02T11:51:34+00:00\",\"dateModified\":\"2024-12-27T19:44:45+00:00\",\"breadcrumb\":{\"@id\":\"https:\/\/dev.myindustrial.eu\/lv\/shop\/rupnieciskas-bremzu-sistemas-un-piedzinas-apstadinasanas-komponentes\/vadritenu-sistema\/guide-roller-system-with-integrated-damping-pads\/#breadcrumb\"},\"inLanguage\":\"lv-LV\",\"potentialAction\":[{\"@type\":\"ReadAction\",\"target\":[\"https:\/\/dev.myindustrial.eu\/lv\/shop\/rupnieciskas-bremzu-sistemas-un-piedzinas-apstadinasanas-komponentes\/vadritenu-sistema\/guide-roller-system-with-integrated-damping-pads\/\"]}]},{\"@type\":\"ImageObject\",\"inLanguage\":\"lv-LV\",\"@id\":\"https:\/\/dev.myindustrial.eu\/lv\/shop\/rupnieciskas-bremzu-sistemas-un-piedzinas-apstadinasanas-komponentes\/vadritenu-sistema\/guide-roller-system-with-integrated-damping-pads\/#primaryimage\",\"url\":\"https:\/\/dev.myindustrial.eu\/wp-content\/uploads\/2024\/12\/spurfuehrungsrollensystem_sfrs.webp\",\"contentUrl\":\"https:\/\/dev.myindustrial.eu\/wp-content\/uploads\/2024\/12\/spurfuehrungsrollensystem_sfrs.webp\",\"width\":800,\"height\":800},{\"@type\":\"BreadcrumbList\",\"@id\":\"https:\/\/dev.myindustrial.eu\/lv\/shop\/rupnieciskas-bremzu-sistemas-un-piedzinas-apstadinasanas-komponentes\/vadritenu-sistema\/guide-roller-system-with-integrated-damping-pads\/#breadcrumb\",\"itemListElement\":[{\"@type\":\"ListItem\",\"position\":1,\"name\":\"Home\",\"item\":\"https:\/\/dev.myindustrial.eu\/lv\/\"},{\"@type\":\"ListItem\",\"position\":2,\"name\":\"Products\",\"item\":\"https:\/\/dev.myindustrial.eu\/lv\/products\/\"},{\"@type\":\"ListItem\",\"position\":3,\"name\":\"Vadrite\u0146u sist\u0113ma\"}]},{\"@type\":\"WebSite\",\"@id\":\"https:\/\/dev.myindustrial.eu\/lv\/#website\",\"url\":\"https:\/\/dev.myindustrial.eu\/lv\/\",\"name\":\"My industrial\",\"description\":\"\",\"potentialAction\":[{\"@type\":\"SearchAction\",\"target\":{\"@type\":\"EntryPoint\",\"urlTemplate\":\"https:\/\/dev.myindustrial.eu\/lv\/?s={search_term_string}\"},\"query-input\":{\"@type\":\"PropertyValueSpecification\",\"valueRequired\":true,\"valueName\":\"search_term_string\"}}],\"inLanguage\":\"lv-LV\"}]}<\/script>\n<!-- \/ Yoast SEO plugin. -->","yoast_head_json":{"title":"Vadrite\u0146u sist\u0113ma - My industrial","robots":{"index":"noindex","follow":"follow","max-snippet":"max-snippet:-1","max-image-preview":"max-image-preview:large","max-video-preview":"max-video-preview:-1"},"og_locale":"lv_LV","og_type":"article","og_title":"Vadrite\u0146u sist\u0113ma - My industrial","og_description":"ar integr\u0113tiem amortiz\u0113jo\u0161iem spilventi\u0146iem, tips SFRS-DW-1 un SFRS-DW-2   Patent\u0113ta amortiz\u0101cijas vien\u012bba nev\u0113lamu triecienu samazin\u0101\u0161anai  Divrite\u0146u dizains  Amortiz\u0101cijas g\u0101jiens 3 mm  Gult\u0146u aizsardz\u012bba  Nolietojuma regul\u0113\u0161ana ar main\u0101miem starplikas pl\u0101ksn\u0113m  S\u0101nu regul\u0113jam\u012bba  Viengabala vadrite\u0146a ass un ass piekare  Integr\u0113ts augstas kvalit\u0101tes \/ premium gultnis  Viegli e\u013c\u013cot  Vienk\u0101r\u0161a vadrite\u0146u nomai\u0146a  \u012apa\u0161\u012bbas   Patent\u0113tais amortiz\u0101cijas spilventi\u0146\u0161 samazina impuls\u012bvo sp\u0113ku iedarb\u012bbu  \u0160ie sp\u0113ki rodas, piem\u0113ram, d\u0113\u013c slie\u017eu ce\u013ca nel\u012bdzenumiem  Vadrite\u0146u sist\u0113ma nodro\u0161ina augstu slodzes iztur\u012bbu: dinamisk\u0101 l\u012bdz 160 kN un statisk\u0101 l\u012bdz 300 kN  Stiprin\u0101juma kron\u0161teins pieejams p\u0113c piepras\u012bjuma  Vadrite\u0146u diametrs \u00d8 156, \u00d8 180, \u00d8 200  Slie\u017eu platums 38\u201372 mm, 73\u2013126 mm  Tehniskie ieguvumi   Integr\u0113ta amortiz\u0101cijas vien\u012bba  Impulsu un triecienu samazin\u0101\u0161ana  Optim\u0101la sist\u0113mas vad\u012bba","og_url":"https:\/\/dev.myindustrial.eu\/lv\/shop\/rupnieciskas-bremzu-sistemas-un-piedzinas-apstadinasanas-komponentes\/vadritenu-sistema\/guide-roller-system-with-integrated-damping-pads\/","og_site_name":"My industrial","article_modified_time":"2024-12-27T19:44:45+00:00","og_image":[{"width":800,"height":800,"url":"https:\/\/dev.myindustrial.eu\/wp-content\/uploads\/2024\/12\/spurfuehrungsrollensystem_sfrs.webp","type":"image\/webp"}],"twitter_card":"summary_large_image","schema":{"@context":"https:\/\/schema.org","@graph":[{"@type":"WebPage","@id":"https:\/\/dev.myindustrial.eu\/lv\/shop\/rupnieciskas-bremzu-sistemas-un-piedzinas-apstadinasanas-komponentes\/vadritenu-sistema\/guide-roller-system-with-integrated-damping-pads\/","url":"https:\/\/dev.myindustrial.eu\/lv\/shop\/rupnieciskas-bremzu-sistemas-un-piedzinas-apstadinasanas-komponentes\/vadritenu-sistema\/guide-roller-system-with-integrated-damping-pads\/","name":"Vadrite\u0146u sist\u0113ma - My industrial","isPartOf":{"@id":"https:\/\/dev.myindustrial.eu\/lv\/#website"},"primaryImageOfPage":{"@id":"https:\/\/dev.myindustrial.eu\/lv\/shop\/rupnieciskas-bremzu-sistemas-un-piedzinas-apstadinasanas-komponentes\/vadritenu-sistema\/guide-roller-system-with-integrated-damping-pads\/#primaryimage"},"image":{"@id":"https:\/\/dev.myindustrial.eu\/lv\/shop\/rupnieciskas-bremzu-sistemas-un-piedzinas-apstadinasanas-komponentes\/vadritenu-sistema\/guide-roller-system-with-integrated-damping-pads\/#primaryimage"},"thumbnailUrl":"https:\/\/dev.myindustrial.eu\/wp-content\/uploads\/2024\/12\/spurfuehrungsrollensystem_sfrs.webp","datePublished":"2024-12-02T11:51:34+00:00","dateModified":"2024-12-27T19:44:45+00:00","breadcrumb":{"@id":"https:\/\/dev.myindustrial.eu\/lv\/shop\/rupnieciskas-bremzu-sistemas-un-piedzinas-apstadinasanas-komponentes\/vadritenu-sistema\/guide-roller-system-with-integrated-damping-pads\/#breadcrumb"},"inLanguage":"lv-LV","potentialAction":[{"@type":"ReadAction","target":["https:\/\/dev.myindustrial.eu\/lv\/shop\/rupnieciskas-bremzu-sistemas-un-piedzinas-apstadinasanas-komponentes\/vadritenu-sistema\/guide-roller-system-with-integrated-damping-pads\/"]}]},{"@type":"ImageObject","inLanguage":"lv-LV","@id":"https:\/\/dev.myindustrial.eu\/lv\/shop\/rupnieciskas-bremzu-sistemas-un-piedzinas-apstadinasanas-komponentes\/vadritenu-sistema\/guide-roller-system-with-integrated-damping-pads\/#primaryimage","url":"https:\/\/dev.myindustrial.eu\/wp-content\/uploads\/2024\/12\/spurfuehrungsrollensystem_sfrs.webp","contentUrl":"https:\/\/dev.myindustrial.eu\/wp-content\/uploads\/2024\/12\/spurfuehrungsrollensystem_sfrs.webp","width":800,"height":800},{"@type":"BreadcrumbList","@id":"https:\/\/dev.myindustrial.eu\/lv\/shop\/rupnieciskas-bremzu-sistemas-un-piedzinas-apstadinasanas-komponentes\/vadritenu-sistema\/guide-roller-system-with-integrated-damping-pads\/#breadcrumb","itemListElement":[{"@type":"ListItem","position":1,"name":"Home","item":"https:\/\/dev.myindustrial.eu\/lv\/"},{"@type":"ListItem","position":2,"name":"Products","item":"https:\/\/dev.myindustrial.eu\/lv\/products\/"},{"@type":"ListItem","position":3,"name":"Vadrite\u0146u sist\u0113ma"}]},{"@type":"WebSite","@id":"https:\/\/dev.myindustrial.eu\/lv\/#website","url":"https:\/\/dev.myindustrial.eu\/lv\/","name":"My industrial","description":"","potentialAction":[{"@type":"SearchAction","target":{"@type":"EntryPoint","urlTemplate":"https:\/\/dev.myindustrial.eu\/lv\/?s={search_term_string}"},"query-input":{"@type":"PropertyValueSpecification","valueRequired":true,"valueName":"search_term_string"}}],"inLanguage":"lv-LV"}]}},"_links":{"self":[{"href":"https:\/\/dev.myindustrial.eu\/lv\/wp-json\/wp\/v2\/product\/1260065552","targetHints":{"allow":["GET"]}}],"collection":[{"href":"https:\/\/dev.myindustrial.eu\/lv\/wp-json\/wp\/v2\/product"}],"about":[{"href":"https:\/\/dev.myindustrial.eu\/lv\/wp-json\/wp\/v2\/types\/product"}],"version-history":[{"count":0,"href":"https:\/\/dev.myindustrial.eu\/lv\/wp-json\/wp\/v2\/product\/1260065552\/revisions"}],"wp:featuredmedia":[{"embeddable":true,"href":"https:\/\/dev.myindustrial.eu\/lv\/wp-json\/wp\/v2\/media\/1260064972"}],"wp:attachment":[{"href":"https:\/\/dev.myindustrial.eu\/lv\/wp-json\/wp\/v2\/media?parent=1260065552"}],"wp:term":[{"taxonomy":"product_brand","embeddable":true,"href":"https:\/\/dev.myindustrial.eu\/lv\/wp-json\/wp\/v2\/product_brand?post=1260065552"},{"taxonomy":"product_cat","embeddable":true,"href":"https:\/\/dev.myindustrial.eu\/lv\/wp-json\/wp\/v2\/product_cat?post=1260065552"},{"taxonomy":"product_tag","embeddable":true,"href":"https:\/\/dev.myindustrial.eu\/lv\/wp-json\/wp\/v2\/product_tag?post=1260065552"}],"curies":[{"name":"wp","href":"https:\/\/api.w.org\/{rel}","templated":true}]}}