{"id":1260065556,"date":"2024-12-02T11:55:56","date_gmt":"2024-12-02T11:55:56","guid":{"rendered":"https:\/\/dev.myindustrial.eu\/shop\/uncategorized\/guide-roller-system-with-integrated-damping-solution\/"},"modified":"2024-12-27T19:56:05","modified_gmt":"2024-12-27T19:56:05","slug":"guide-roller-system-with-integrated-damping-solution","status":"publish","type":"product","link":"https:\/\/dev.myindustrial.eu\/lv\/shop\/rupnieciskas-bremzu-sistemas-un-piedzinas-apstadinasanas-komponentes\/vadritenu-sistema\/guide-roller-system-with-integrated-damping-solution\/","title":{"rendered":"Vadrite\u0146u sist\u0113ma"},"content":{"rendered":"","protected":false},"excerpt":{"rendered":"<p><b>ar integr\u0113tu amortiz\u0101cijas risin\u0101jumu SFRS-DW-3 tipa<\/b><\/p>\n<p><b>Apraksts<\/b><\/p>\n<p><span style=\"font-weight: 400;\">Vadrite\u0146u sist\u0113ma ar integr\u0113tu amortiz\u0101cijas ier\u012bci dubulto rite\u0146u dizain\u0101:<\/span><\/p>\n<ul>\n<li style=\"font-weight: 400;\" aria-level=\"1\"><span style=\"font-weight: 400;\">Patent\u0113ta amortiz\u0101cijas ier\u012bce, lai samazin\u0101tu nev\u0113lamus triecienus<\/span><\/li>\n<li style=\"font-weight: 400;\" aria-level=\"1\"><span style=\"font-weight: 400;\">Dubulto rite\u0146u dizains<\/span><\/li>\n<li style=\"font-weight: 400;\" aria-level=\"1\"><span style=\"font-weight: 400;\">Amortiz\u0101cijas g\u0101jiens: 3 mm<\/span><\/li>\n<li style=\"font-weight: 400;\" aria-level=\"1\"><span style=\"font-weight: 400;\">Gult\u0146u aizsardz\u012bba<\/span><\/li>\n<li style=\"font-weight: 400;\" aria-level=\"1\"><span style=\"font-weight: 400;\">Nodiluma regul\u0113\u0161ana ar main\u0101miem starpliku pl\u0101ksn\u012b\u0161u novietojumiem<\/span><\/li>\n<li style=\"font-weight: 400;\" aria-level=\"1\"><span style=\"font-weight: 400;\">S\u0101nu regul\u0113jam\u012bba<\/span><\/li>\n<li style=\"font-weight: 400;\" aria-level=\"1\"><span style=\"font-weight: 400;\">Viengabala vadrite\u0146u ass un ass piekare<\/span><\/li>\n<li style=\"font-weight: 400;\" aria-level=\"1\"><span style=\"font-weight: 400;\">Integr\u0113ti augstas kvalit\u0101tes gult\u0146i<\/span><\/li>\n<li style=\"font-weight: 400;\" aria-level=\"1\"><span style=\"font-weight: 400;\">Vienk\u0101r\u0161a e\u013c\u013co\u0161ana<\/span><\/li>\n<li style=\"font-weight: 400;\" aria-level=\"1\"><span style=\"font-weight: 400;\">Atk\u0101rtoti e\u013c\u013cojams line\u0101rais vad\u012bklis (net\u012brumu no\u0146em\u0161ana)<\/span><\/li>\n<li style=\"font-weight: 400;\" aria-level=\"1\"><span style=\"font-weight: 400;\">Vienk\u0101r\u0161a vadrite\u0146u nomai\u0146a<\/span><\/li>\n<\/ul>\n<p><b>Raksturojums<\/b><\/p>\n<ul>\n<li style=\"font-weight: 400;\" aria-level=\"1\"><span style=\"font-weight: 400;\">Slodzes jauda l\u012bdz 490 kN<\/span><\/li>\n<li style=\"font-weight: 400;\" aria-level=\"1\"><span style=\"font-weight: 400;\">Stiprin\u0101juma kron\u0161teins p\u0113c piepras\u012bjuma<\/span><\/li>\n<li style=\"font-weight: 400;\" aria-level=\"1\"><span style=\"font-weight: 400;\">Vadrite\u0146a diametrs: \u00d8 250<\/span><\/li>\n<li style=\"font-weight: 400;\" aria-level=\"1\"><span style=\"font-weight: 400;\">Sliedes platums: 75\u2013120 mm<\/span><\/li>\n<\/ul>\n<p><b>Tehnisk\u0101s priek\u0161roc\u012bbas<\/b><\/p>\n<ul>\n<li style=\"font-weight: 400;\" aria-level=\"1\"><span style=\"font-weight: 400;\">Vienk\u0101r\u0161a nodiluma regul\u0113\u0161ana<\/span><\/li>\n<li style=\"font-weight: 400;\" aria-level=\"1\"><span style=\"font-weight: 400;\">Viegla e\u013c\u013co\u0161ana<\/span><\/li>\n<li style=\"font-weight: 400;\" aria-level=\"1\"><span style=\"font-weight: 400;\">Iztur\u012bgs dizains<\/span><\/li>\n<li style=\"font-weight: 400;\" aria-level=\"1\"><span style=\"font-weight: 400;\">Gult\u0146u aizsardz\u012bba<\/span><\/li>\n<li style=\"font-weight: 400;\" aria-level=\"1\"><span style=\"font-weight: 400;\">Izgatavots no mas\u012bva materi\u0101la<\/span><\/li>\n<\/ul>\n","protected":false},"featured_media":1260064988,"template":"","meta":[],"product_brand":[],"product_cat":[1701],"product_tag":[],"class_list":{"0":"post-1260065556","1":"product","2":"type-product","3":"status-publish","4":"has-post-thumbnail","6":"product_cat-vadritenu-sistema","8":"first","9":"instock","10":"shipping-taxable","11":"product-type-simple"},"yoast_head":"<!-- This site is optimized with the Yoast SEO plugin v27.1.1 - https:\/\/yoast.com\/product\/yoast-seo-wordpress\/ -->\n<title>Vadrite\u0146u sist\u0113ma - My industrial<\/title>\n<meta name=\"robots\" content=\"noindex, follow, max-snippet:-1, max-image-preview:large, max-video-preview:-1\" \/>\n<meta property=\"og:locale\" content=\"lv_LV\" \/>\n<meta property=\"og:type\" content=\"article\" \/>\n<meta property=\"og:title\" content=\"Vadrite\u0146u sist\u0113ma - My industrial\" \/>\n<meta property=\"og:description\" content=\"ar integr\u0113tu amortiz\u0101cijas risin\u0101jumu SFRS-DW-3 tipa  Apraksts  Vadrite\u0146u sist\u0113ma ar integr\u0113tu amortiz\u0101cijas ier\u012bci dubulto rite\u0146u dizain\u0101:   Patent\u0113ta amortiz\u0101cijas ier\u012bce, lai samazin\u0101tu nev\u0113lamus triecienus  Dubulto rite\u0146u dizains  Amortiz\u0101cijas g\u0101jiens: 3 mm  Gult\u0146u aizsardz\u012bba  Nodiluma regul\u0113\u0161ana ar main\u0101miem starpliku pl\u0101ksn\u012b\u0161u novietojumiem  S\u0101nu regul\u0113jam\u012bba  Viengabala vadrite\u0146u ass un ass piekare  Integr\u0113ti augstas kvalit\u0101tes gult\u0146i  Vienk\u0101r\u0161a e\u013c\u013co\u0161ana  Atk\u0101rtoti e\u013c\u013cojams line\u0101rais vad\u012bklis (net\u012brumu no\u0146em\u0161ana)  Vienk\u0101r\u0161a vadrite\u0146u nomai\u0146a  Raksturojums   Slodzes jauda l\u012bdz 490 kN  Stiprin\u0101juma kron\u0161teins p\u0113c piepras\u012bjuma  Vadrite\u0146a diametrs: \u00d8 250  Sliedes platums: 75\u2013120 mm  Tehnisk\u0101s priek\u0161roc\u012bbas   Vienk\u0101r\u0161a nodiluma regul\u0113\u0161ana  Viegla e\u013c\u013co\u0161ana  Iztur\u012bgs dizains  Gult\u0146u aizsardz\u012bba  Izgatavots no mas\u012bva materi\u0101la\" \/>\n<meta property=\"og:url\" content=\"https:\/\/dev.myindustrial.eu\/lv\/shop\/rupnieciskas-bremzu-sistemas-un-piedzinas-apstadinasanas-komponentes\/vadritenu-sistema\/guide-roller-system-with-integrated-damping-solution\/\" \/>\n<meta property=\"og:site_name\" content=\"My industrial\" \/>\n<meta property=\"article:modified_time\" content=\"2024-12-27T19:56:05+00:00\" \/>\n<meta property=\"og:image\" content=\"https:\/\/dev.myindustrial.eu\/wp-content\/uploads\/2024\/12\/spurfuehrungsrollensystem_sfrs-sv.webp\" \/>\n\t<meta property=\"og:image:width\" content=\"800\" \/>\n\t<meta property=\"og:image:height\" content=\"800\" \/>\n\t<meta property=\"og:image:type\" content=\"image\/webp\" \/>\n<meta name=\"twitter:card\" content=\"summary_large_image\" \/>\n<script type=\"application\/ld+json\" class=\"yoast-schema-graph\">{\"@context\":\"https:\/\/schema.org\",\"@graph\":[{\"@type\":\"WebPage\",\"@id\":\"https:\/\/dev.myindustrial.eu\/lv\/shop\/rupnieciskas-bremzu-sistemas-un-piedzinas-apstadinasanas-komponentes\/vadritenu-sistema\/guide-roller-system-with-integrated-damping-solution\/\",\"url\":\"https:\/\/dev.myindustrial.eu\/lv\/shop\/rupnieciskas-bremzu-sistemas-un-piedzinas-apstadinasanas-komponentes\/vadritenu-sistema\/guide-roller-system-with-integrated-damping-solution\/\",\"name\":\"Vadrite\u0146u sist\u0113ma - My industrial\",\"isPartOf\":{\"@id\":\"https:\/\/dev.myindustrial.eu\/lv\/#website\"},\"primaryImageOfPage\":{\"@id\":\"https:\/\/dev.myindustrial.eu\/lv\/shop\/rupnieciskas-bremzu-sistemas-un-piedzinas-apstadinasanas-komponentes\/vadritenu-sistema\/guide-roller-system-with-integrated-damping-solution\/#primaryimage\"},\"image\":{\"@id\":\"https:\/\/dev.myindustrial.eu\/lv\/shop\/rupnieciskas-bremzu-sistemas-un-piedzinas-apstadinasanas-komponentes\/vadritenu-sistema\/guide-roller-system-with-integrated-damping-solution\/#primaryimage\"},\"thumbnailUrl\":\"https:\/\/dev.myindustrial.eu\/wp-content\/uploads\/2024\/12\/spurfuehrungsrollensystem_sfrs-sv.webp\",\"datePublished\":\"2024-12-02T11:55:56+00:00\",\"dateModified\":\"2024-12-27T19:56:05+00:00\",\"breadcrumb\":{\"@id\":\"https:\/\/dev.myindustrial.eu\/lv\/shop\/rupnieciskas-bremzu-sistemas-un-piedzinas-apstadinasanas-komponentes\/vadritenu-sistema\/guide-roller-system-with-integrated-damping-solution\/#breadcrumb\"},\"inLanguage\":\"lv-LV\",\"potentialAction\":[{\"@type\":\"ReadAction\",\"target\":[\"https:\/\/dev.myindustrial.eu\/lv\/shop\/rupnieciskas-bremzu-sistemas-un-piedzinas-apstadinasanas-komponentes\/vadritenu-sistema\/guide-roller-system-with-integrated-damping-solution\/\"]}]},{\"@type\":\"ImageObject\",\"inLanguage\":\"lv-LV\",\"@id\":\"https:\/\/dev.myindustrial.eu\/lv\/shop\/rupnieciskas-bremzu-sistemas-un-piedzinas-apstadinasanas-komponentes\/vadritenu-sistema\/guide-roller-system-with-integrated-damping-solution\/#primaryimage\",\"url\":\"https:\/\/dev.myindustrial.eu\/wp-content\/uploads\/2024\/12\/spurfuehrungsrollensystem_sfrs-sv.webp\",\"contentUrl\":\"https:\/\/dev.myindustrial.eu\/wp-content\/uploads\/2024\/12\/spurfuehrungsrollensystem_sfrs-sv.webp\",\"width\":800,\"height\":800},{\"@type\":\"BreadcrumbList\",\"@id\":\"https:\/\/dev.myindustrial.eu\/lv\/shop\/rupnieciskas-bremzu-sistemas-un-piedzinas-apstadinasanas-komponentes\/vadritenu-sistema\/guide-roller-system-with-integrated-damping-solution\/#breadcrumb\",\"itemListElement\":[{\"@type\":\"ListItem\",\"position\":1,\"name\":\"Home\",\"item\":\"https:\/\/dev.myindustrial.eu\/lv\/\"},{\"@type\":\"ListItem\",\"position\":2,\"name\":\"Products\",\"item\":\"https:\/\/dev.myindustrial.eu\/lv\/products\/\"},{\"@type\":\"ListItem\",\"position\":3,\"name\":\"Vadrite\u0146u sist\u0113ma\"}]},{\"@type\":\"WebSite\",\"@id\":\"https:\/\/dev.myindustrial.eu\/lv\/#website\",\"url\":\"https:\/\/dev.myindustrial.eu\/lv\/\",\"name\":\"My industrial\",\"description\":\"\",\"potentialAction\":[{\"@type\":\"SearchAction\",\"target\":{\"@type\":\"EntryPoint\",\"urlTemplate\":\"https:\/\/dev.myindustrial.eu\/lv\/?s={search_term_string}\"},\"query-input\":{\"@type\":\"PropertyValueSpecification\",\"valueRequired\":true,\"valueName\":\"search_term_string\"}}],\"inLanguage\":\"lv-LV\"}]}<\/script>\n<!-- \/ Yoast SEO plugin. -->","yoast_head_json":{"title":"Vadrite\u0146u sist\u0113ma - My industrial","robots":{"index":"noindex","follow":"follow","max-snippet":"max-snippet:-1","max-image-preview":"max-image-preview:large","max-video-preview":"max-video-preview:-1"},"og_locale":"lv_LV","og_type":"article","og_title":"Vadrite\u0146u sist\u0113ma - My industrial","og_description":"ar integr\u0113tu amortiz\u0101cijas risin\u0101jumu SFRS-DW-3 tipa  Apraksts  Vadrite\u0146u sist\u0113ma ar integr\u0113tu amortiz\u0101cijas ier\u012bci dubulto rite\u0146u dizain\u0101:   Patent\u0113ta amortiz\u0101cijas ier\u012bce, lai samazin\u0101tu nev\u0113lamus triecienus  Dubulto rite\u0146u dizains  Amortiz\u0101cijas g\u0101jiens: 3 mm  Gult\u0146u aizsardz\u012bba  Nodiluma regul\u0113\u0161ana ar main\u0101miem starpliku pl\u0101ksn\u012b\u0161u novietojumiem  S\u0101nu regul\u0113jam\u012bba  Viengabala vadrite\u0146u ass un ass piekare  Integr\u0113ti augstas kvalit\u0101tes gult\u0146i  Vienk\u0101r\u0161a e\u013c\u013co\u0161ana  Atk\u0101rtoti e\u013c\u013cojams line\u0101rais vad\u012bklis (net\u012brumu no\u0146em\u0161ana)  Vienk\u0101r\u0161a vadrite\u0146u nomai\u0146a  Raksturojums   Slodzes jauda l\u012bdz 490 kN  Stiprin\u0101juma kron\u0161teins p\u0113c piepras\u012bjuma  Vadrite\u0146a diametrs: \u00d8 250  Sliedes platums: 75\u2013120 mm  Tehnisk\u0101s priek\u0161roc\u012bbas   Vienk\u0101r\u0161a nodiluma regul\u0113\u0161ana  Viegla e\u013c\u013co\u0161ana  Iztur\u012bgs dizains  Gult\u0146u aizsardz\u012bba  Izgatavots no mas\u012bva materi\u0101la","og_url":"https:\/\/dev.myindustrial.eu\/lv\/shop\/rupnieciskas-bremzu-sistemas-un-piedzinas-apstadinasanas-komponentes\/vadritenu-sistema\/guide-roller-system-with-integrated-damping-solution\/","og_site_name":"My industrial","article_modified_time":"2024-12-27T19:56:05+00:00","og_image":[{"width":800,"height":800,"url":"https:\/\/dev.myindustrial.eu\/wp-content\/uploads\/2024\/12\/spurfuehrungsrollensystem_sfrs-sv.webp","type":"image\/webp"}],"twitter_card":"summary_large_image","schema":{"@context":"https:\/\/schema.org","@graph":[{"@type":"WebPage","@id":"https:\/\/dev.myindustrial.eu\/lv\/shop\/rupnieciskas-bremzu-sistemas-un-piedzinas-apstadinasanas-komponentes\/vadritenu-sistema\/guide-roller-system-with-integrated-damping-solution\/","url":"https:\/\/dev.myindustrial.eu\/lv\/shop\/rupnieciskas-bremzu-sistemas-un-piedzinas-apstadinasanas-komponentes\/vadritenu-sistema\/guide-roller-system-with-integrated-damping-solution\/","name":"Vadrite\u0146u sist\u0113ma - My industrial","isPartOf":{"@id":"https:\/\/dev.myindustrial.eu\/lv\/#website"},"primaryImageOfPage":{"@id":"https:\/\/dev.myindustrial.eu\/lv\/shop\/rupnieciskas-bremzu-sistemas-un-piedzinas-apstadinasanas-komponentes\/vadritenu-sistema\/guide-roller-system-with-integrated-damping-solution\/#primaryimage"},"image":{"@id":"https:\/\/dev.myindustrial.eu\/lv\/shop\/rupnieciskas-bremzu-sistemas-un-piedzinas-apstadinasanas-komponentes\/vadritenu-sistema\/guide-roller-system-with-integrated-damping-solution\/#primaryimage"},"thumbnailUrl":"https:\/\/dev.myindustrial.eu\/wp-content\/uploads\/2024\/12\/spurfuehrungsrollensystem_sfrs-sv.webp","datePublished":"2024-12-02T11:55:56+00:00","dateModified":"2024-12-27T19:56:05+00:00","breadcrumb":{"@id":"https:\/\/dev.myindustrial.eu\/lv\/shop\/rupnieciskas-bremzu-sistemas-un-piedzinas-apstadinasanas-komponentes\/vadritenu-sistema\/guide-roller-system-with-integrated-damping-solution\/#breadcrumb"},"inLanguage":"lv-LV","potentialAction":[{"@type":"ReadAction","target":["https:\/\/dev.myindustrial.eu\/lv\/shop\/rupnieciskas-bremzu-sistemas-un-piedzinas-apstadinasanas-komponentes\/vadritenu-sistema\/guide-roller-system-with-integrated-damping-solution\/"]}]},{"@type":"ImageObject","inLanguage":"lv-LV","@id":"https:\/\/dev.myindustrial.eu\/lv\/shop\/rupnieciskas-bremzu-sistemas-un-piedzinas-apstadinasanas-komponentes\/vadritenu-sistema\/guide-roller-system-with-integrated-damping-solution\/#primaryimage","url":"https:\/\/dev.myindustrial.eu\/wp-content\/uploads\/2024\/12\/spurfuehrungsrollensystem_sfrs-sv.webp","contentUrl":"https:\/\/dev.myindustrial.eu\/wp-content\/uploads\/2024\/12\/spurfuehrungsrollensystem_sfrs-sv.webp","width":800,"height":800},{"@type":"BreadcrumbList","@id":"https:\/\/dev.myindustrial.eu\/lv\/shop\/rupnieciskas-bremzu-sistemas-un-piedzinas-apstadinasanas-komponentes\/vadritenu-sistema\/guide-roller-system-with-integrated-damping-solution\/#breadcrumb","itemListElement":[{"@type":"ListItem","position":1,"name":"Home","item":"https:\/\/dev.myindustrial.eu\/lv\/"},{"@type":"ListItem","position":2,"name":"Products","item":"https:\/\/dev.myindustrial.eu\/lv\/products\/"},{"@type":"ListItem","position":3,"name":"Vadrite\u0146u sist\u0113ma"}]},{"@type":"WebSite","@id":"https:\/\/dev.myindustrial.eu\/lv\/#website","url":"https:\/\/dev.myindustrial.eu\/lv\/","name":"My industrial","description":"","potentialAction":[{"@type":"SearchAction","target":{"@type":"EntryPoint","urlTemplate":"https:\/\/dev.myindustrial.eu\/lv\/?s={search_term_string}"},"query-input":{"@type":"PropertyValueSpecification","valueRequired":true,"valueName":"search_term_string"}}],"inLanguage":"lv-LV"}]}},"_links":{"self":[{"href":"https:\/\/dev.myindustrial.eu\/lv\/wp-json\/wp\/v2\/product\/1260065556","targetHints":{"allow":["GET"]}}],"collection":[{"href":"https:\/\/dev.myindustrial.eu\/lv\/wp-json\/wp\/v2\/product"}],"about":[{"href":"https:\/\/dev.myindustrial.eu\/lv\/wp-json\/wp\/v2\/types\/product"}],"version-history":[{"count":0,"href":"https:\/\/dev.myindustrial.eu\/lv\/wp-json\/wp\/v2\/product\/1260065556\/revisions"}],"wp:featuredmedia":[{"embeddable":true,"href":"https:\/\/dev.myindustrial.eu\/lv\/wp-json\/wp\/v2\/media\/1260064988"}],"wp:attachment":[{"href":"https:\/\/dev.myindustrial.eu\/lv\/wp-json\/wp\/v2\/media?parent=1260065556"}],"wp:term":[{"taxonomy":"product_brand","embeddable":true,"href":"https:\/\/dev.myindustrial.eu\/lv\/wp-json\/wp\/v2\/product_brand?post=1260065556"},{"taxonomy":"product_cat","embeddable":true,"href":"https:\/\/dev.myindustrial.eu\/lv\/wp-json\/wp\/v2\/product_cat?post=1260065556"},{"taxonomy":"product_tag","embeddable":true,"href":"https:\/\/dev.myindustrial.eu\/lv\/wp-json\/wp\/v2\/product_tag?post=1260065556"}],"curies":[{"name":"wp","href":"https:\/\/api.w.org\/{rel}","templated":true}]}}