{"id":1260065561,"date":"2024-12-02T12:03:19","date_gmt":"2024-12-02T12:03:19","guid":{"rendered":"https:\/\/dev.myindustrial.eu\/shop\/uncategorized\/load-hook-assemblies-crane-hook-blocks\/"},"modified":"2024-12-27T20:20:29","modified_gmt":"2024-12-27T20:20:29","slug":"load-hook-assemblies-crane-hook-blocks","status":"publish","type":"product","link":"https:\/\/dev.myindustrial.eu\/lv\/shop\/rupnieciskas-bremzu-sistemas-un-piedzinas-apstadinasanas-komponentes\/aku-bloki\/load-hook-assemblies-crane-hook-blocks\/","title":{"rendered":"\u0100\u0137u mont\u0101\u017eas bloki un celt\u0146u \u0101\u0137u bloki"},"content":{"rendered":"<p><b>Opcijas \/ Speci\u0101li dizaini:<\/b><\/p>\n<ul>\n<li style=\"font-weight: 400;\" aria-level=\"1\"><span style=\"font-weight: 400;\">M\u0113r\u0137tiec\u012bgas pa\u0101trin\u0101tas rot\u0101cijas kust\u012bbas ierosin\u0101\u0161ana, izmantojot frekvences p\u0101rveido\u0161anu.<\/span><\/li>\n<li style=\"font-weight: 400;\" aria-level=\"1\"><span style=\"font-weight: 400;\">Siltuma aizsardz\u012bba \u0161\u0137idro ugunsnedro\u0161o masu p\u0101rvad\u0101\u0161anai saska\u0146\u0101 ar EN 14492-2 (2006) \/ iesp\u0113jams dro\u0161\u012bbas faktors DL 50.<\/span><\/li>\n<li style=\"font-weight: 400;\" aria-level=\"1\"><span style=\"font-weight: 400;\">Speci\u0101li risin\u0101jumi p\u0113c piepras\u012bjuma.<\/span><\/li>\n<li style=\"font-weight: 400;\" aria-level=\"1\"><span style=\"font-weight: 400;\">Da\u017e\u0101di rot\u0101cijas blo\u0137\u0113t\u0101ji, lai nodro\u0161in\u0101tu kravas \u0101\u0137a dro\u0161\u012bbu.<\/span><\/li>\n<\/ul>\n<p><b>Apak\u0161\u0113jie \u0101\u0137u bloki<\/b><\/p>\n<ul>\n<li style=\"font-weight: 400;\" aria-level=\"1\"><span style=\"font-weight: 400;\">Pagrie\u017eami \/ ar motoru vad\u0101mi vai bez t\u0101.<\/span><\/li>\n<li style=\"font-weight: 400;\" aria-level=\"1\"><span style=\"font-weight: 400;\">Skrieme\u013ci \/ troses skrieme\u013ci no mas\u012bva materi\u0101la (Standarts St. 52.3).<\/span><\/li>\n<li style=\"font-weight: 400;\" aria-level=\"1\"><span style=\"font-weight: 400;\">Divrindu cilindriskie rull\u012b\u0161u gult\u0146i, piln\u0101 komplekt\u0101cij\u0101, no ab\u0101m pus\u0113m nosl\u0113gti.<\/span><\/li>\n<li style=\"font-weight: 400;\" aria-level=\"1\"><span style=\"font-weight: 400;\">Iesp\u0113ja atk\u0101rtotai e\u013c\u013co\u0161anai caur gult\u0146a asi.<\/span><\/li>\n<li style=\"font-weight: 400;\" aria-level=\"1\"><span style=\"font-weight: 400;\">Augstas kvalit\u0101tes divkomponentu p\u0101rkl\u0101jums ilgm\u016b\u017e\u012bgai aizsardz\u012bbai pret koroziju.<\/span><\/li>\n<li style=\"font-weight: 400;\" aria-level=\"1\"><span style=\"font-weight: 400;\">Stiprin\u0101juma elementi izgatavoti no ner\u016bs\u0113jo\u0161a materi\u0101la.<\/span><\/li>\n<li style=\"font-weight: 400;\" aria-level=\"1\"><span style=\"font-weight: 400;\">\u013boti augsts kvalit\u0101tes l\u012bmenis.<\/span><\/li>\n<\/ul>\n<p><b>Pielietojums:<\/b><span style=\"font-weight: 400;\"> pacel\u0161anas ier\u012bces piek\u0101rtiem bloku un vin\u010du meh\u0101nismiem.<\/span><span style=\"font-weight: 400;\"><br \/>\n<\/span><b>Celtsp\u0113ja:<\/b><span style=\"font-weight: 400;\"> no 500 kg l\u012bdz 380 000 kg.<\/span><span style=\"font-weight: 400;\"><br \/>\n<\/span><b>\u0100\u0137a forma:<\/b><span style=\"font-weight: 400;\"> vienk\u0101r\u0161s vai dubults.<\/span><span style=\"font-weight: 400;\"><br \/>\n<\/span><b>Izpilde:<\/b><span style=\"font-weight: 400;\"> ar piedzi\u0146u \/ bez piedzi\u0146as. Da\u017e\u0101das rot\u0101cijas fiks\u0101cijas opcijas.<\/span><span style=\"font-weight: 400;\"><br \/>\n<\/span><b>Skrieme\u013cu skaits:<\/b><span style=\"font-weight: 400;\"> no 1 l\u012bdz 10.<\/span><span style=\"font-weight: 400;\"><br \/>\n<\/span><b>Konstrukcija ar\u012b p\u0113c klienta piepras\u012bjuma!<\/b><\/p>\n<p><b>\u0100\u0137u mont\u0101\u017eas bloki<\/b><\/p>\n<ul>\n<li style=\"font-weight: 400;\" aria-level=\"1\"><span style=\"font-weight: 400;\">\u0100\u0137i atbilsto\u0161i DIN 15411.<\/span><\/li>\n<li style=\"font-weight: 400;\" aria-level=\"1\"><span style=\"font-weight: 400;\">Stipr\u012bbas klase P: materi\u0101ls S355.<\/span><\/li>\n<li style=\"font-weight: 400;\" aria-level=\"1\"><span style=\"font-weight: 400;\">Stipr\u012bbas klase V: materi\u0101ls 34CrNiMo6.<\/span><\/li>\n<\/ul>\n<p><b>Pielietojums:<\/b><span style=\"font-weight: 400;\"> balsta ier\u012bces apak\u0161\u0113jiem blokiem un pacel\u0161anas sij\u0101m.<\/span><span style=\"font-weight: 400;\"><br \/>\n<\/span><b>\u0100\u0137a forma:<\/b><span style=\"font-weight: 400;\"> vienk\u0101r\u0161s vai dubults.<\/span><span style=\"font-weight: 400;\"><br \/>\n<\/span><b>Materi\u0101ls:<\/b><span style=\"font-weight: 400;\"> S355 vai citi stipr\u012bbas klases materi\u0101li atbilsto\u0161i DIN 15400.<\/span><span style=\"font-weight: 400;\"><br \/>\n<\/span><b>Stipr\u012bbas klases:<\/b><span style=\"font-weight: 400;\"> P vai V.<\/span><\/p>\n<p><b>Tehnisk\u0101s priek\u0161roc\u012bbas:<\/b><\/p>\n<ul>\n<li style=\"font-weight: 400;\" aria-level=\"1\"><span style=\"font-weight: 400;\">Augsta kvalit\u0101tes pak\u0101pe.<\/span><\/li>\n<li style=\"font-weight: 400;\" aria-level=\"1\"><span style=\"font-weight: 400;\">Speci\u0101lais dizains.<\/span><\/li>\n<li style=\"font-weight: 400;\" aria-level=\"1\"><span style=\"font-weight: 400;\">Augsta tehnisk\u0101 elast\u012bba.<\/span><\/li>\n<li style=\"font-weight: 400;\" aria-level=\"1\"><span style=\"font-weight: 400;\">Skrieme\u013ci no mas\u012bva materi\u0101la.<\/span><\/li>\n<li style=\"font-weight: 400;\" aria-level=\"1\"><span style=\"font-weight: 400;\">Stabils dizains \u2013 ilgs kalpo\u0161anas laiks.<\/span><\/li>\n<li style=\"font-weight: 400;\" aria-level=\"1\"><span style=\"font-weight: 400;\">Iztur\u012bga un stabila balsta pl\u0101ksne \/ t\u0113rauda konstrukcija.<\/span><\/li>\n<\/ul>\n","protected":false},"excerpt":{"rendered":"<p><b>\u0100\u0137u stiprin\u0101jumi un bloki pacel\u0161anas ier\u012bc\u0113m<\/b><\/p>\n<p><span style=\"font-weight: 400;\">Bloki pacel\u0161anas iek\u0101rt\u0101m jebkura izm\u0113ra un celtsp\u0113jas, pied\u0101v\u0101jot neierobe\u017eotas konfigur\u0101cijas iesp\u0113jas un veidus, lai apmierin\u0101tu visas klientu vajadz\u012bbas. Blokus var izgatavot ar vienu skriemeli l\u012bdz pat asto\u0146u skrieme\u013cu versij\u0101m, ar vienk\u0101r\u0161iem vai dubultiem \u0101\u0137iem, lai pied\u0101v\u0101tu neskait\u0101mas klienta vajadz\u012bb\u0101m piel\u0101gotas kombin\u0101cijas.<\/span><\/p>\n","protected":false},"featured_media":1260065034,"template":"","meta":[],"product_brand":[],"product_cat":[1705],"product_tag":[],"class_list":{"0":"post-1260065561","1":"product","2":"type-product","3":"status-publish","4":"has-post-thumbnail","6":"product_cat-aku-bloki","8":"first","9":"instock","10":"shipping-taxable","11":"product-type-simple"},"yoast_head":"<!-- This site is optimized with the Yoast SEO plugin v27.1.1 - https:\/\/yoast.com\/product\/yoast-seo-wordpress\/ -->\n<title>\u0100\u0137u mont\u0101\u017eas bloki un celt\u0146u \u0101\u0137u bloki - My industrial<\/title>\n<meta name=\"robots\" content=\"noindex, follow, max-snippet:-1, max-image-preview:large, max-video-preview:-1\" \/>\n<meta property=\"og:locale\" content=\"lv_LV\" \/>\n<meta property=\"og:type\" content=\"article\" \/>\n<meta property=\"og:title\" content=\"\u0100\u0137u mont\u0101\u017eas bloki un celt\u0146u \u0101\u0137u bloki - My industrial\" \/>\n<meta property=\"og:description\" content=\"\u0100\u0137u stiprin\u0101jumi un bloki pacel\u0161anas ier\u012bc\u0113m  Bloki pacel\u0161anas iek\u0101rt\u0101m jebkura izm\u0113ra un celtsp\u0113jas, pied\u0101v\u0101jot neierobe\u017eotas konfigur\u0101cijas iesp\u0113jas un veidus, lai apmierin\u0101tu visas klientu vajadz\u012bbas. Blokus var izgatavot ar vienu skriemeli l\u012bdz pat asto\u0146u skrieme\u013cu versij\u0101m, ar vienk\u0101r\u0161iem vai dubultiem \u0101\u0137iem, lai pied\u0101v\u0101tu neskait\u0101mas klienta vajadz\u012bb\u0101m piel\u0101gotas kombin\u0101cijas.\" \/>\n<meta property=\"og:url\" content=\"https:\/\/dev.myindustrial.eu\/lv\/shop\/rupnieciskas-bremzu-sistemas-un-piedzinas-apstadinasanas-komponentes\/aku-bloki\/load-hook-assemblies-crane-hook-blocks\/\" \/>\n<meta property=\"og:site_name\" content=\"My industrial\" \/>\n<meta property=\"article:modified_time\" content=\"2024-12-27T20:20:29+00:00\" \/>\n<meta property=\"og:image\" content=\"https:\/\/dev.myindustrial.eu\/wp-content\/uploads\/2024\/12\/hook-blocks-preview-3.webp\" \/>\n\t<meta property=\"og:image:width\" content=\"800\" \/>\n\t<meta property=\"og:image:height\" content=\"800\" \/>\n\t<meta property=\"og:image:type\" content=\"image\/webp\" \/>\n<meta name=\"twitter:card\" content=\"summary_large_image\" \/>\n<script type=\"application\/ld+json\" class=\"yoast-schema-graph\">{\"@context\":\"https:\/\/schema.org\",\"@graph\":[{\"@type\":\"WebPage\",\"@id\":\"https:\/\/dev.myindustrial.eu\/lv\/shop\/rupnieciskas-bremzu-sistemas-un-piedzinas-apstadinasanas-komponentes\/aku-bloki\/load-hook-assemblies-crane-hook-blocks\/\",\"url\":\"https:\/\/dev.myindustrial.eu\/lv\/shop\/rupnieciskas-bremzu-sistemas-un-piedzinas-apstadinasanas-komponentes\/aku-bloki\/load-hook-assemblies-crane-hook-blocks\/\",\"name\":\"\u0100\u0137u mont\u0101\u017eas bloki un celt\u0146u \u0101\u0137u bloki - My industrial\",\"isPartOf\":{\"@id\":\"https:\/\/dev.myindustrial.eu\/lv\/#website\"},\"primaryImageOfPage\":{\"@id\":\"https:\/\/dev.myindustrial.eu\/lv\/shop\/rupnieciskas-bremzu-sistemas-un-piedzinas-apstadinasanas-komponentes\/aku-bloki\/load-hook-assemblies-crane-hook-blocks\/#primaryimage\"},\"image\":{\"@id\":\"https:\/\/dev.myindustrial.eu\/lv\/shop\/rupnieciskas-bremzu-sistemas-un-piedzinas-apstadinasanas-komponentes\/aku-bloki\/load-hook-assemblies-crane-hook-blocks\/#primaryimage\"},\"thumbnailUrl\":\"https:\/\/dev.myindustrial.eu\/wp-content\/uploads\/2024\/12\/hook-blocks-preview-3.webp\",\"datePublished\":\"2024-12-02T12:03:19+00:00\",\"dateModified\":\"2024-12-27T20:20:29+00:00\",\"breadcrumb\":{\"@id\":\"https:\/\/dev.myindustrial.eu\/lv\/shop\/rupnieciskas-bremzu-sistemas-un-piedzinas-apstadinasanas-komponentes\/aku-bloki\/load-hook-assemblies-crane-hook-blocks\/#breadcrumb\"},\"inLanguage\":\"lv-LV\",\"potentialAction\":[{\"@type\":\"ReadAction\",\"target\":[\"https:\/\/dev.myindustrial.eu\/lv\/shop\/rupnieciskas-bremzu-sistemas-un-piedzinas-apstadinasanas-komponentes\/aku-bloki\/load-hook-assemblies-crane-hook-blocks\/\"]}]},{\"@type\":\"ImageObject\",\"inLanguage\":\"lv-LV\",\"@id\":\"https:\/\/dev.myindustrial.eu\/lv\/shop\/rupnieciskas-bremzu-sistemas-un-piedzinas-apstadinasanas-komponentes\/aku-bloki\/load-hook-assemblies-crane-hook-blocks\/#primaryimage\",\"url\":\"https:\/\/dev.myindustrial.eu\/wp-content\/uploads\/2024\/12\/hook-blocks-preview-3.webp\",\"contentUrl\":\"https:\/\/dev.myindustrial.eu\/wp-content\/uploads\/2024\/12\/hook-blocks-preview-3.webp\",\"width\":800,\"height\":800},{\"@type\":\"BreadcrumbList\",\"@id\":\"https:\/\/dev.myindustrial.eu\/lv\/shop\/rupnieciskas-bremzu-sistemas-un-piedzinas-apstadinasanas-komponentes\/aku-bloki\/load-hook-assemblies-crane-hook-blocks\/#breadcrumb\",\"itemListElement\":[{\"@type\":\"ListItem\",\"position\":1,\"name\":\"Home\",\"item\":\"https:\/\/dev.myindustrial.eu\/lv\/\"},{\"@type\":\"ListItem\",\"position\":2,\"name\":\"Products\",\"item\":\"https:\/\/dev.myindustrial.eu\/lv\/products\/\"},{\"@type\":\"ListItem\",\"position\":3,\"name\":\"\u0100\u0137u mont\u0101\u017eas bloki un celt\u0146u \u0101\u0137u bloki\"}]},{\"@type\":\"WebSite\",\"@id\":\"https:\/\/dev.myindustrial.eu\/lv\/#website\",\"url\":\"https:\/\/dev.myindustrial.eu\/lv\/\",\"name\":\"My industrial\",\"description\":\"\",\"potentialAction\":[{\"@type\":\"SearchAction\",\"target\":{\"@type\":\"EntryPoint\",\"urlTemplate\":\"https:\/\/dev.myindustrial.eu\/lv\/?s={search_term_string}\"},\"query-input\":{\"@type\":\"PropertyValueSpecification\",\"valueRequired\":true,\"valueName\":\"search_term_string\"}}],\"inLanguage\":\"lv-LV\"}]}<\/script>\n<!-- \/ Yoast SEO plugin. -->","yoast_head_json":{"title":"\u0100\u0137u mont\u0101\u017eas bloki un celt\u0146u \u0101\u0137u bloki - My industrial","robots":{"index":"noindex","follow":"follow","max-snippet":"max-snippet:-1","max-image-preview":"max-image-preview:large","max-video-preview":"max-video-preview:-1"},"og_locale":"lv_LV","og_type":"article","og_title":"\u0100\u0137u mont\u0101\u017eas bloki un celt\u0146u \u0101\u0137u bloki - My industrial","og_description":"\u0100\u0137u stiprin\u0101jumi un bloki pacel\u0161anas ier\u012bc\u0113m  Bloki pacel\u0161anas iek\u0101rt\u0101m jebkura izm\u0113ra un celtsp\u0113jas, pied\u0101v\u0101jot neierobe\u017eotas konfigur\u0101cijas iesp\u0113jas un veidus, lai apmierin\u0101tu visas klientu vajadz\u012bbas. Blokus var izgatavot ar vienu skriemeli l\u012bdz pat asto\u0146u skrieme\u013cu versij\u0101m, ar vienk\u0101r\u0161iem vai dubultiem \u0101\u0137iem, lai pied\u0101v\u0101tu neskait\u0101mas klienta vajadz\u012bb\u0101m piel\u0101gotas kombin\u0101cijas.","og_url":"https:\/\/dev.myindustrial.eu\/lv\/shop\/rupnieciskas-bremzu-sistemas-un-piedzinas-apstadinasanas-komponentes\/aku-bloki\/load-hook-assemblies-crane-hook-blocks\/","og_site_name":"My industrial","article_modified_time":"2024-12-27T20:20:29+00:00","og_image":[{"width":800,"height":800,"url":"https:\/\/dev.myindustrial.eu\/wp-content\/uploads\/2024\/12\/hook-blocks-preview-3.webp","type":"image\/webp"}],"twitter_card":"summary_large_image","schema":{"@context":"https:\/\/schema.org","@graph":[{"@type":"WebPage","@id":"https:\/\/dev.myindustrial.eu\/lv\/shop\/rupnieciskas-bremzu-sistemas-un-piedzinas-apstadinasanas-komponentes\/aku-bloki\/load-hook-assemblies-crane-hook-blocks\/","url":"https:\/\/dev.myindustrial.eu\/lv\/shop\/rupnieciskas-bremzu-sistemas-un-piedzinas-apstadinasanas-komponentes\/aku-bloki\/load-hook-assemblies-crane-hook-blocks\/","name":"\u0100\u0137u mont\u0101\u017eas bloki un celt\u0146u \u0101\u0137u bloki - My industrial","isPartOf":{"@id":"https:\/\/dev.myindustrial.eu\/lv\/#website"},"primaryImageOfPage":{"@id":"https:\/\/dev.myindustrial.eu\/lv\/shop\/rupnieciskas-bremzu-sistemas-un-piedzinas-apstadinasanas-komponentes\/aku-bloki\/load-hook-assemblies-crane-hook-blocks\/#primaryimage"},"image":{"@id":"https:\/\/dev.myindustrial.eu\/lv\/shop\/rupnieciskas-bremzu-sistemas-un-piedzinas-apstadinasanas-komponentes\/aku-bloki\/load-hook-assemblies-crane-hook-blocks\/#primaryimage"},"thumbnailUrl":"https:\/\/dev.myindustrial.eu\/wp-content\/uploads\/2024\/12\/hook-blocks-preview-3.webp","datePublished":"2024-12-02T12:03:19+00:00","dateModified":"2024-12-27T20:20:29+00:00","breadcrumb":{"@id":"https:\/\/dev.myindustrial.eu\/lv\/shop\/rupnieciskas-bremzu-sistemas-un-piedzinas-apstadinasanas-komponentes\/aku-bloki\/load-hook-assemblies-crane-hook-blocks\/#breadcrumb"},"inLanguage":"lv-LV","potentialAction":[{"@type":"ReadAction","target":["https:\/\/dev.myindustrial.eu\/lv\/shop\/rupnieciskas-bremzu-sistemas-un-piedzinas-apstadinasanas-komponentes\/aku-bloki\/load-hook-assemblies-crane-hook-blocks\/"]}]},{"@type":"ImageObject","inLanguage":"lv-LV","@id":"https:\/\/dev.myindustrial.eu\/lv\/shop\/rupnieciskas-bremzu-sistemas-un-piedzinas-apstadinasanas-komponentes\/aku-bloki\/load-hook-assemblies-crane-hook-blocks\/#primaryimage","url":"https:\/\/dev.myindustrial.eu\/wp-content\/uploads\/2024\/12\/hook-blocks-preview-3.webp","contentUrl":"https:\/\/dev.myindustrial.eu\/wp-content\/uploads\/2024\/12\/hook-blocks-preview-3.webp","width":800,"height":800},{"@type":"BreadcrumbList","@id":"https:\/\/dev.myindustrial.eu\/lv\/shop\/rupnieciskas-bremzu-sistemas-un-piedzinas-apstadinasanas-komponentes\/aku-bloki\/load-hook-assemblies-crane-hook-blocks\/#breadcrumb","itemListElement":[{"@type":"ListItem","position":1,"name":"Home","item":"https:\/\/dev.myindustrial.eu\/lv\/"},{"@type":"ListItem","position":2,"name":"Products","item":"https:\/\/dev.myindustrial.eu\/lv\/products\/"},{"@type":"ListItem","position":3,"name":"\u0100\u0137u mont\u0101\u017eas bloki un celt\u0146u \u0101\u0137u bloki"}]},{"@type":"WebSite","@id":"https:\/\/dev.myindustrial.eu\/lv\/#website","url":"https:\/\/dev.myindustrial.eu\/lv\/","name":"My industrial","description":"","potentialAction":[{"@type":"SearchAction","target":{"@type":"EntryPoint","urlTemplate":"https:\/\/dev.myindustrial.eu\/lv\/?s={search_term_string}"},"query-input":{"@type":"PropertyValueSpecification","valueRequired":true,"valueName":"search_term_string"}}],"inLanguage":"lv-LV"}]}},"_links":{"self":[{"href":"https:\/\/dev.myindustrial.eu\/lv\/wp-json\/wp\/v2\/product\/1260065561","targetHints":{"allow":["GET"]}}],"collection":[{"href":"https:\/\/dev.myindustrial.eu\/lv\/wp-json\/wp\/v2\/product"}],"about":[{"href":"https:\/\/dev.myindustrial.eu\/lv\/wp-json\/wp\/v2\/types\/product"}],"version-history":[{"count":0,"href":"https:\/\/dev.myindustrial.eu\/lv\/wp-json\/wp\/v2\/product\/1260065561\/revisions"}],"wp:featuredmedia":[{"embeddable":true,"href":"https:\/\/dev.myindustrial.eu\/lv\/wp-json\/wp\/v2\/media\/1260065034"}],"wp:attachment":[{"href":"https:\/\/dev.myindustrial.eu\/lv\/wp-json\/wp\/v2\/media?parent=1260065561"}],"wp:term":[{"taxonomy":"product_brand","embeddable":true,"href":"https:\/\/dev.myindustrial.eu\/lv\/wp-json\/wp\/v2\/product_brand?post=1260065561"},{"taxonomy":"product_cat","embeddable":true,"href":"https:\/\/dev.myindustrial.eu\/lv\/wp-json\/wp\/v2\/product_cat?post=1260065561"},{"taxonomy":"product_tag","embeddable":true,"href":"https:\/\/dev.myindustrial.eu\/lv\/wp-json\/wp\/v2\/product_tag?post=1260065561"}],"curies":[{"name":"wp","href":"https:\/\/api.w.org\/{rel}","templated":true}]}}