{"id":1260065565,"date":"2024-12-02T12:07:49","date_gmt":"2024-12-02T12:07:49","guid":{"rendered":"https:\/\/dev.myindustrial.eu\/shop\/uncategorized\/rope-drums\/"},"modified":"2024-12-27T20:27:08","modified_gmt":"2024-12-27T20:27:08","slug":"rope-drums","status":"publish","type":"product","link":"https:\/\/dev.myindustrial.eu\/lv\/shop\/rupnieciskas-bremzu-sistemas-un-piedzinas-apstadinasanas-komponentes\/trosu-cilindri\/rope-drums\/","title":{"rendered":"Trosu cilindri"},"content":{"rendered":"","protected":false},"excerpt":{"rendered":"<p><b>Trosu tinuma cilindri<\/b><span style=\"font-weight: 400;\"><br \/>\n<\/span><b>Cilindri, kas tiek izmantoti troses tinumam<\/b><span style=\"font-weight: 400;\"><br \/>\n<\/span><b>Kravas cilindri tilta celt\u0146u troses tinumam<\/b><\/p>\n<p><span style=\"font-weight: 400;\">Kravas cilindri ir paredz\u0113ti troses tinumam un vienm\u0113r\u012bgai novieto\u0161anai, kas tiek izmantota celt\u0146u meh\u0101nismos. Kravas cilindru ra\u017eo\u0161ana un pieg\u0101de atbilsto\u0161i standartam OST 24.191.36-77. Izstr\u0101d\u0101 un ra\u017eo trosu tinuma cilindrus tilta celt\u0146iem, ostu celt\u0146iem, rati\u0146iem, speci\u0101laj\u0101m ma\u0161\u012bn\u0101m un dzelzce\u013ca transportl\u012bdzek\u013ciem ar apvalku, kas izgatavots no caurules vai \u010daulas.<\/span><\/p>\n<p><span style=\"font-weight: 400;\">Metin\u0101\u0161anas darbi tiek veikti ar piln\u012bgu iespie\u0161anos, tos veic kvalific\u0113ti metin\u0101t\u0101ji, p\u0101rbauda ar nesagraujo\u0161\u0101s kontroles metodi (NDT) un sertific\u0113. Prec\u012bza apstr\u0101de un izm\u0113ru kontrole garant\u0113 izcilas kvalit\u0101tes komponentu.<\/span><\/p>\n","protected":false},"featured_media":1260065065,"template":"","meta":[],"product_brand":[],"product_cat":[1709],"product_tag":[],"class_list":{"0":"post-1260065565","1":"product","2":"type-product","3":"status-publish","4":"has-post-thumbnail","6":"product_cat-trosu-cilindri","8":"first","9":"instock","10":"shipping-taxable","11":"product-type-simple"},"yoast_head":"<!-- This site is optimized with the Yoast SEO plugin v27.1.1 - https:\/\/yoast.com\/product\/yoast-seo-wordpress\/ -->\n<title>Trosu cilindri - My industrial<\/title>\n<meta name=\"robots\" content=\"noindex, follow, max-snippet:-1, max-image-preview:large, max-video-preview:-1\" \/>\n<meta property=\"og:locale\" content=\"lv_LV\" \/>\n<meta property=\"og:type\" content=\"article\" \/>\n<meta property=\"og:title\" content=\"Trosu cilindri - My industrial\" \/>\n<meta property=\"og:description\" content=\"Trosu tinuma cilindri Cilindri, kas tiek izmantoti troses tinumam Kravas cilindri tilta celt\u0146u troses tinumam  Kravas cilindri ir paredz\u0113ti troses tinumam un vienm\u0113r\u012bgai novieto\u0161anai, kas tiek izmantota celt\u0146u meh\u0101nismos. Kravas cilindru ra\u017eo\u0161ana un pieg\u0101de atbilsto\u0161i standartam OST 24.191.36-77. Izstr\u0101d\u0101 un ra\u017eo trosu tinuma cilindrus tilta celt\u0146iem, ostu celt\u0146iem, rati\u0146iem, speci\u0101laj\u0101m ma\u0161\u012bn\u0101m un dzelzce\u013ca transportl\u012bdzek\u013ciem ar apvalku, kas izgatavots no caurules vai \u010daulas.  Metin\u0101\u0161anas darbi tiek veikti ar piln\u012bgu iespie\u0161anos, tos veic kvalific\u0113ti metin\u0101t\u0101ji, p\u0101rbauda ar nesagraujo\u0161\u0101s kontroles metodi (NDT) un sertific\u0113. Prec\u012bza apstr\u0101de un izm\u0113ru kontrole garant\u0113 izcilas kvalit\u0101tes komponentu.\" \/>\n<meta property=\"og:url\" content=\"https:\/\/dev.myindustrial.eu\/lv\/shop\/rupnieciskas-bremzu-sistemas-un-piedzinas-apstadinasanas-komponentes\/trosu-cilindri\/rope-drums\/\" \/>\n<meta property=\"og:site_name\" content=\"My industrial\" \/>\n<meta property=\"article:modified_time\" content=\"2024-12-27T20:27:08+00:00\" \/>\n<meta property=\"og:image\" content=\"https:\/\/dev.myindustrial.eu\/wp-content\/uploads\/2024\/12\/rope-drums-preview.webp\" \/>\n\t<meta property=\"og:image:width\" content=\"800\" \/>\n\t<meta property=\"og:image:height\" content=\"800\" \/>\n\t<meta property=\"og:image:type\" content=\"image\/webp\" \/>\n<meta name=\"twitter:card\" content=\"summary_large_image\" \/>\n<script type=\"application\/ld+json\" class=\"yoast-schema-graph\">{\"@context\":\"https:\/\/schema.org\",\"@graph\":[{\"@type\":\"WebPage\",\"@id\":\"https:\/\/dev.myindustrial.eu\/lv\/shop\/rupnieciskas-bremzu-sistemas-un-piedzinas-apstadinasanas-komponentes\/trosu-cilindri\/rope-drums\/\",\"url\":\"https:\/\/dev.myindustrial.eu\/lv\/shop\/rupnieciskas-bremzu-sistemas-un-piedzinas-apstadinasanas-komponentes\/trosu-cilindri\/rope-drums\/\",\"name\":\"Trosu cilindri - My industrial\",\"isPartOf\":{\"@id\":\"https:\/\/dev.myindustrial.eu\/lv\/#website\"},\"primaryImageOfPage\":{\"@id\":\"https:\/\/dev.myindustrial.eu\/lv\/shop\/rupnieciskas-bremzu-sistemas-un-piedzinas-apstadinasanas-komponentes\/trosu-cilindri\/rope-drums\/#primaryimage\"},\"image\":{\"@id\":\"https:\/\/dev.myindustrial.eu\/lv\/shop\/rupnieciskas-bremzu-sistemas-un-piedzinas-apstadinasanas-komponentes\/trosu-cilindri\/rope-drums\/#primaryimage\"},\"thumbnailUrl\":\"https:\/\/dev.myindustrial.eu\/wp-content\/uploads\/2024\/12\/rope-drums-preview.webp\",\"datePublished\":\"2024-12-02T12:07:49+00:00\",\"dateModified\":\"2024-12-27T20:27:08+00:00\",\"breadcrumb\":{\"@id\":\"https:\/\/dev.myindustrial.eu\/lv\/shop\/rupnieciskas-bremzu-sistemas-un-piedzinas-apstadinasanas-komponentes\/trosu-cilindri\/rope-drums\/#breadcrumb\"},\"inLanguage\":\"lv-LV\",\"potentialAction\":[{\"@type\":\"ReadAction\",\"target\":[\"https:\/\/dev.myindustrial.eu\/lv\/shop\/rupnieciskas-bremzu-sistemas-un-piedzinas-apstadinasanas-komponentes\/trosu-cilindri\/rope-drums\/\"]}]},{\"@type\":\"ImageObject\",\"inLanguage\":\"lv-LV\",\"@id\":\"https:\/\/dev.myindustrial.eu\/lv\/shop\/rupnieciskas-bremzu-sistemas-un-piedzinas-apstadinasanas-komponentes\/trosu-cilindri\/rope-drums\/#primaryimage\",\"url\":\"https:\/\/dev.myindustrial.eu\/wp-content\/uploads\/2024\/12\/rope-drums-preview.webp\",\"contentUrl\":\"https:\/\/dev.myindustrial.eu\/wp-content\/uploads\/2024\/12\/rope-drums-preview.webp\",\"width\":800,\"height\":800},{\"@type\":\"BreadcrumbList\",\"@id\":\"https:\/\/dev.myindustrial.eu\/lv\/shop\/rupnieciskas-bremzu-sistemas-un-piedzinas-apstadinasanas-komponentes\/trosu-cilindri\/rope-drums\/#breadcrumb\",\"itemListElement\":[{\"@type\":\"ListItem\",\"position\":1,\"name\":\"Home\",\"item\":\"https:\/\/dev.myindustrial.eu\/lv\/\"},{\"@type\":\"ListItem\",\"position\":2,\"name\":\"Products\",\"item\":\"https:\/\/dev.myindustrial.eu\/lv\/products\/\"},{\"@type\":\"ListItem\",\"position\":3,\"name\":\"Trosu cilindri\"}]},{\"@type\":\"WebSite\",\"@id\":\"https:\/\/dev.myindustrial.eu\/lv\/#website\",\"url\":\"https:\/\/dev.myindustrial.eu\/lv\/\",\"name\":\"My industrial\",\"description\":\"\",\"potentialAction\":[{\"@type\":\"SearchAction\",\"target\":{\"@type\":\"EntryPoint\",\"urlTemplate\":\"https:\/\/dev.myindustrial.eu\/lv\/?s={search_term_string}\"},\"query-input\":{\"@type\":\"PropertyValueSpecification\",\"valueRequired\":true,\"valueName\":\"search_term_string\"}}],\"inLanguage\":\"lv-LV\"}]}<\/script>\n<!-- \/ Yoast SEO plugin. -->","yoast_head_json":{"title":"Trosu cilindri - My industrial","robots":{"index":"noindex","follow":"follow","max-snippet":"max-snippet:-1","max-image-preview":"max-image-preview:large","max-video-preview":"max-video-preview:-1"},"og_locale":"lv_LV","og_type":"article","og_title":"Trosu cilindri - My industrial","og_description":"Trosu tinuma cilindri Cilindri, kas tiek izmantoti troses tinumam Kravas cilindri tilta celt\u0146u troses tinumam  Kravas cilindri ir paredz\u0113ti troses tinumam un vienm\u0113r\u012bgai novieto\u0161anai, kas tiek izmantota celt\u0146u meh\u0101nismos. Kravas cilindru ra\u017eo\u0161ana un pieg\u0101de atbilsto\u0161i standartam OST 24.191.36-77. Izstr\u0101d\u0101 un ra\u017eo trosu tinuma cilindrus tilta celt\u0146iem, ostu celt\u0146iem, rati\u0146iem, speci\u0101laj\u0101m ma\u0161\u012bn\u0101m un dzelzce\u013ca transportl\u012bdzek\u013ciem ar apvalku, kas izgatavots no caurules vai \u010daulas.  Metin\u0101\u0161anas darbi tiek veikti ar piln\u012bgu iespie\u0161anos, tos veic kvalific\u0113ti metin\u0101t\u0101ji, p\u0101rbauda ar nesagraujo\u0161\u0101s kontroles metodi (NDT) un sertific\u0113. Prec\u012bza apstr\u0101de un izm\u0113ru kontrole garant\u0113 izcilas kvalit\u0101tes komponentu.","og_url":"https:\/\/dev.myindustrial.eu\/lv\/shop\/rupnieciskas-bremzu-sistemas-un-piedzinas-apstadinasanas-komponentes\/trosu-cilindri\/rope-drums\/","og_site_name":"My industrial","article_modified_time":"2024-12-27T20:27:08+00:00","og_image":[{"width":800,"height":800,"url":"https:\/\/dev.myindustrial.eu\/wp-content\/uploads\/2024\/12\/rope-drums-preview.webp","type":"image\/webp"}],"twitter_card":"summary_large_image","schema":{"@context":"https:\/\/schema.org","@graph":[{"@type":"WebPage","@id":"https:\/\/dev.myindustrial.eu\/lv\/shop\/rupnieciskas-bremzu-sistemas-un-piedzinas-apstadinasanas-komponentes\/trosu-cilindri\/rope-drums\/","url":"https:\/\/dev.myindustrial.eu\/lv\/shop\/rupnieciskas-bremzu-sistemas-un-piedzinas-apstadinasanas-komponentes\/trosu-cilindri\/rope-drums\/","name":"Trosu cilindri - My industrial","isPartOf":{"@id":"https:\/\/dev.myindustrial.eu\/lv\/#website"},"primaryImageOfPage":{"@id":"https:\/\/dev.myindustrial.eu\/lv\/shop\/rupnieciskas-bremzu-sistemas-un-piedzinas-apstadinasanas-komponentes\/trosu-cilindri\/rope-drums\/#primaryimage"},"image":{"@id":"https:\/\/dev.myindustrial.eu\/lv\/shop\/rupnieciskas-bremzu-sistemas-un-piedzinas-apstadinasanas-komponentes\/trosu-cilindri\/rope-drums\/#primaryimage"},"thumbnailUrl":"https:\/\/dev.myindustrial.eu\/wp-content\/uploads\/2024\/12\/rope-drums-preview.webp","datePublished":"2024-12-02T12:07:49+00:00","dateModified":"2024-12-27T20:27:08+00:00","breadcrumb":{"@id":"https:\/\/dev.myindustrial.eu\/lv\/shop\/rupnieciskas-bremzu-sistemas-un-piedzinas-apstadinasanas-komponentes\/trosu-cilindri\/rope-drums\/#breadcrumb"},"inLanguage":"lv-LV","potentialAction":[{"@type":"ReadAction","target":["https:\/\/dev.myindustrial.eu\/lv\/shop\/rupnieciskas-bremzu-sistemas-un-piedzinas-apstadinasanas-komponentes\/trosu-cilindri\/rope-drums\/"]}]},{"@type":"ImageObject","inLanguage":"lv-LV","@id":"https:\/\/dev.myindustrial.eu\/lv\/shop\/rupnieciskas-bremzu-sistemas-un-piedzinas-apstadinasanas-komponentes\/trosu-cilindri\/rope-drums\/#primaryimage","url":"https:\/\/dev.myindustrial.eu\/wp-content\/uploads\/2024\/12\/rope-drums-preview.webp","contentUrl":"https:\/\/dev.myindustrial.eu\/wp-content\/uploads\/2024\/12\/rope-drums-preview.webp","width":800,"height":800},{"@type":"BreadcrumbList","@id":"https:\/\/dev.myindustrial.eu\/lv\/shop\/rupnieciskas-bremzu-sistemas-un-piedzinas-apstadinasanas-komponentes\/trosu-cilindri\/rope-drums\/#breadcrumb","itemListElement":[{"@type":"ListItem","position":1,"name":"Home","item":"https:\/\/dev.myindustrial.eu\/lv\/"},{"@type":"ListItem","position":2,"name":"Products","item":"https:\/\/dev.myindustrial.eu\/lv\/products\/"},{"@type":"ListItem","position":3,"name":"Trosu cilindri"}]},{"@type":"WebSite","@id":"https:\/\/dev.myindustrial.eu\/lv\/#website","url":"https:\/\/dev.myindustrial.eu\/lv\/","name":"My industrial","description":"","potentialAction":[{"@type":"SearchAction","target":{"@type":"EntryPoint","urlTemplate":"https:\/\/dev.myindustrial.eu\/lv\/?s={search_term_string}"},"query-input":{"@type":"PropertyValueSpecification","valueRequired":true,"valueName":"search_term_string"}}],"inLanguage":"lv-LV"}]}},"_links":{"self":[{"href":"https:\/\/dev.myindustrial.eu\/lv\/wp-json\/wp\/v2\/product\/1260065565","targetHints":{"allow":["GET"]}}],"collection":[{"href":"https:\/\/dev.myindustrial.eu\/lv\/wp-json\/wp\/v2\/product"}],"about":[{"href":"https:\/\/dev.myindustrial.eu\/lv\/wp-json\/wp\/v2\/types\/product"}],"version-history":[{"count":0,"href":"https:\/\/dev.myindustrial.eu\/lv\/wp-json\/wp\/v2\/product\/1260065565\/revisions"}],"wp:featuredmedia":[{"embeddable":true,"href":"https:\/\/dev.myindustrial.eu\/lv\/wp-json\/wp\/v2\/media\/1260065065"}],"wp:attachment":[{"href":"https:\/\/dev.myindustrial.eu\/lv\/wp-json\/wp\/v2\/media?parent=1260065565"}],"wp:term":[{"taxonomy":"product_brand","embeddable":true,"href":"https:\/\/dev.myindustrial.eu\/lv\/wp-json\/wp\/v2\/product_brand?post=1260065565"},{"taxonomy":"product_cat","embeddable":true,"href":"https:\/\/dev.myindustrial.eu\/lv\/wp-json\/wp\/v2\/product_cat?post=1260065565"},{"taxonomy":"product_tag","embeddable":true,"href":"https:\/\/dev.myindustrial.eu\/lv\/wp-json\/wp\/v2\/product_tag?post=1260065565"}],"curies":[{"name":"wp","href":"https:\/\/api.w.org\/{rel}","templated":true}]}}