{"id":1260065571,"date":"2024-12-02T12:21:08","date_gmt":"2024-12-02T12:21:08","guid":{"rendered":"https:\/\/dev.myindustrial.eu\/shop\/uncategorized\/industrial-caliper-safety-disc-brake\/"},"modified":"2024-12-27T20:37:11","modified_gmt":"2024-12-27T20:37:11","slug":"industrial-caliper-safety-disc-brake","status":"publish","type":"product","link":"https:\/\/dev.myindustrial.eu\/lv\/shop\/rupnieciskas-bremzu-sistemas-un-piedzinas-apstadinasanas-komponentes\/industrialas-disku-un-trumulu-bremzes\/industrial-caliper-safety-disc-brake\/","title":{"rendered":"R\u016bpnieciskais disku brem\u017eu suportu bremzes"},"content":{"rendered":"<p><b>\u012apa\u0161\u012bbas<\/b><\/p>\n<ul>\n<li style=\"font-weight: 400;\" aria-level=\"1\"><span style=\"font-weight: 400;\">Bremz\u0113\u0161ana ar atsperes sp\u0113ku. Atsperes pielietota bremz\u0113\u0161anas sp\u0113ka darb\u012bba<\/span><\/li>\n<li style=\"font-weight: 400;\" aria-level=\"1\"><span style=\"font-weight: 400;\">Pacel\u0161ana ar hidraulisko cilindru. Hidrauliska atbr\u012bvo\u0161ana<\/span><\/li>\n<li style=\"font-weight: 400;\" aria-level=\"1\"><span style=\"font-weight: 400;\">Autom\u0101tiska darb\u012bba str\u0101vas zuduma gad\u012bjum\u0101. Dro\u0161as atteices re\u017e\u012bms (ja str\u0101va z\u016bd, bremze pielieto meh\u0101nisko sp\u0113ku)<\/span><\/li>\n<li style=\"font-weight: 400;\" aria-level=\"1\"><span style=\"font-weight: 400;\">Liels bremz\u0113\u0161anas moments, neatkar\u012bgs no rot\u0101cijas virziena<\/span><\/li>\n<li style=\"font-weight: 400;\" aria-level=\"1\"><span style=\"font-weight: 400;\">Pieg\u0101d\u0101 iepriek\u0161 samont\u0113tu ar iepriek\u0161 uzspiest\u0101m bremz\u0113\u0161anas atsper\u0113m<\/span><\/li>\n<li style=\"font-weight: 400;\" aria-level=\"1\"><span style=\"font-weight: 400;\">Divas identiskas da\u013cas, ko var uzst\u0101d\u012bt jebkur\u0101 poz\u012bcij\u0101<\/span><\/li>\n<li style=\"font-weight: 400;\" aria-level=\"1\"><span style=\"font-weight: 400;\">Rokas regul\u0113\u0161ana nodiluma kompens\u0101cijai. Gaisa sprauga regul\u0113jama diapazon\u0101 no 1 l\u012bdz 3 mm<\/span><\/li>\n<li style=\"font-weight: 400;\" aria-level=\"1\"><span style=\"font-weight: 400;\">Standarta zema nodiluma brem\u017eu uzlikas ar \u03bc = 0,4<\/span><\/li>\n<li style=\"font-weight: 400;\" aria-level=\"1\"><span style=\"font-weight: 400;\">Nosl\u0113gta hidraulisk\u0101 sist\u0113ma. Hidrauliskais virzulis atrodas aiz atsperu bloka, \u0101rpus berzes zonas. T\u0101d\u0113j\u0101di hidrauliskie bl\u012bv\u0113jumi un \u0161\u0137idrums nav pak\u013cauti bremz\u0113\u0161anas siltuma ietekmei, un dzes\u0113\u0161ana nav nepiecie\u0161ama, lai nodro\u0161in\u0101tu uzticamu ilgtermi\u0146a herm\u0113tiskumu un darb\u012bbu.<\/span><\/li>\n<\/ul>\n<p><b>Tehnisk\u0101s priek\u0161roc\u012bbas<\/b><\/p>\n<ul>\n<li style=\"font-weight: 400;\" aria-level=\"1\"><span style=\"font-weight: 400;\">\u013boti augsts kvalit\u0101tes un dro\u0161\u012bbas l\u012bmenis<\/span><\/li>\n<li style=\"font-weight: 400;\" aria-level=\"1\"><span style=\"font-weight: 400;\">Ilgs kalpo\u0161anas laiks \/ Samazin\u0101tas uztur\u0113\u0161anas un turpm\u0101k\u0101s izmaksas<\/span><\/li>\n<li style=\"font-weight: 400;\" aria-level=\"1\"><span style=\"font-weight: 400;\">Tie\u0161\u0101 darb\u012bba bez sviras meh\u0101nisma<\/span><\/li>\n<li style=\"font-weight: 400;\" aria-level=\"1\"><span style=\"font-weight: 400;\">Fiks\u0113ta, ne peldo\u0161a konstrukcija<\/span><\/li>\n<\/ul>\n","protected":false},"excerpt":{"rendered":"<p><b>Av\u0101rijas disku bremze<\/b><span style=\"font-weight: 400;\"><br \/>\n<\/span><b>Tips SCFH-1, SCFH-2, SCFH-3, SCFH-4<\/b><\/p>\n<p><span style=\"font-weight: 400;\">R\u016bpnieciskais disku brem\u017eu suportu bremze, kas darbojas tie\u0161i uz troses spoles disku. Nodro\u0161ina aizsardz\u012bbu pret kravas nokri\u0161anu un dro\u0161\u012bbu, k\u0101 ar\u012b rea\u0123\u0113 p\u0101rnesumk\u0101rbas v\u0101rpstas l\u016bzuma gad\u012bjum\u0101.<\/span><\/p>\n<ul>\n<li style=\"font-weight: 400;\" aria-level=\"1\"><span style=\"font-weight: 400;\">Tie\u0161\u0101 darb\u012bba \/ Bez sviras p\u0101rnesuma<\/span><\/li>\n<li style=\"font-weight: 400;\" aria-level=\"1\"><span style=\"font-weight: 400;\">Izm\u0113ri: SCFH 1-20 l\u012bdz SCFH 4\u2013400<\/span><\/li>\n<li style=\"font-weight: 400;\" aria-level=\"1\"><span style=\"font-weight: 400;\">Spiedes sp\u0113ks l\u012bdz 400 kN uz vienu skavu sist\u0113mu<\/span><\/li>\n<li style=\"font-weight: 400;\" aria-level=\"1\"><span style=\"font-weight: 400;\">Vair\u0101ku skavu kombin\u0101cijas uz viena brem\u017eu diska (piem\u0113ram: 4 x SCFH-4 = 1600 kN spiedes sp\u0113ks)<\/span><\/li>\n<li style=\"font-weight: 400;\" aria-level=\"1\"><span style=\"font-weight: 400;\">Liels bremz\u0113\u0161anas moments, neatkar\u012bgs no rot\u0101cijas virziena<\/span><\/li>\n<li style=\"font-weight: 400;\" aria-level=\"1\"><span style=\"font-weight: 400;\">Divas identiskas skavas da\u013cas<\/span><\/li>\n<li style=\"font-weight: 400;\" aria-level=\"1\"><span style=\"font-weight: 400;\">Rokas regul\u0113\u0161ana brem\u017eu uzliku nodilumam<\/span><\/li>\n<li style=\"font-weight: 400;\" aria-level=\"1\"><span style=\"font-weight: 400;\">Regul\u0113jams pacel\u0161anas atstatums no 1 mm l\u012bdz 3 mm<\/span><\/li>\n<li style=\"font-weight: 400;\" aria-level=\"1\"><span style=\"font-weight: 400;\">Piln\u012bb\u0101 nosl\u0113gta hidraulisk\u0101 sist\u0113ma<\/span><\/li>\n<li style=\"font-weight: 400;\" aria-level=\"1\"><span style=\"font-weight: 400;\">Standarta zema nodiluma sint\u0113tisk\u0101s brem\u017eu uzlikas<\/span><\/li>\n<\/ul>\n","protected":false},"featured_media":1260065071,"template":"","meta":[],"product_brand":[],"product_cat":[1713],"product_tag":[],"class_list":{"0":"post-1260065571","1":"product","2":"type-product","3":"status-publish","4":"has-post-thumbnail","6":"product_cat-industrialas-disku-un-trumulu-bremzes","8":"first","9":"instock","10":"shipping-taxable","11":"product-type-simple"},"yoast_head":"<!-- This site is optimized with the Yoast SEO plugin v27.1.1 - https:\/\/yoast.com\/product\/yoast-seo-wordpress\/ -->\n<title>R\u016bpnieciskais disku brem\u017eu suportu bremzes - My industrial<\/title>\n<meta name=\"robots\" content=\"noindex, follow, max-snippet:-1, max-image-preview:large, max-video-preview:-1\" \/>\n<meta property=\"og:locale\" content=\"lv_LV\" \/>\n<meta property=\"og:type\" content=\"article\" \/>\n<meta property=\"og:title\" content=\"R\u016bpnieciskais disku brem\u017eu suportu bremzes - My industrial\" \/>\n<meta property=\"og:description\" content=\"Av\u0101rijas disku bremze Tips SCFH-1, SCFH-2, SCFH-3, SCFH-4  R\u016bpnieciskais disku brem\u017eu suportu bremze, kas darbojas tie\u0161i uz troses spoles disku. Nodro\u0161ina aizsardz\u012bbu pret kravas nokri\u0161anu un dro\u0161\u012bbu, k\u0101 ar\u012b rea\u0123\u0113 p\u0101rnesumk\u0101rbas v\u0101rpstas l\u016bzuma gad\u012bjum\u0101.   Tie\u0161\u0101 darb\u012bba \/ Bez sviras p\u0101rnesuma  Izm\u0113ri: SCFH 1-20 l\u012bdz SCFH 4\u2013400  Spiedes sp\u0113ks l\u012bdz 400 kN uz vienu skavu sist\u0113mu  Vair\u0101ku skavu kombin\u0101cijas uz viena brem\u017eu diska (piem\u0113ram: 4 x SCFH-4 = 1600 kN spiedes sp\u0113ks)  Liels bremz\u0113\u0161anas moments, neatkar\u012bgs no rot\u0101cijas virziena  Divas identiskas skavas da\u013cas  Rokas regul\u0113\u0161ana brem\u017eu uzliku nodilumam  Regul\u0113jams pacel\u0161anas atstatums no 1 mm l\u012bdz 3 mm  Piln\u012bb\u0101 nosl\u0113gta hidraulisk\u0101 sist\u0113ma  Standarta zema nodiluma sint\u0113tisk\u0101s brem\u017eu uzlikas\" \/>\n<meta property=\"og:url\" content=\"https:\/\/dev.myindustrial.eu\/lv\/shop\/rupnieciskas-bremzu-sistemas-un-piedzinas-apstadinasanas-komponentes\/industrialas-disku-un-trumulu-bremzes\/industrial-caliper-safety-disc-brake\/\" \/>\n<meta property=\"og:site_name\" content=\"My industrial\" \/>\n<meta property=\"article:modified_time\" content=\"2024-12-27T20:37:11+00:00\" \/>\n<meta property=\"og:image\" content=\"https:\/\/dev.myindustrial.eu\/wp-content\/uploads\/2024\/12\/rft_calipersafetybrake-type-scfh-1.webp\" \/>\n\t<meta property=\"og:image:width\" content=\"800\" \/>\n\t<meta property=\"og:image:height\" content=\"800\" \/>\n\t<meta property=\"og:image:type\" content=\"image\/webp\" \/>\n<meta name=\"twitter:card\" content=\"summary_large_image\" \/>\n<script type=\"application\/ld+json\" class=\"yoast-schema-graph\">{\"@context\":\"https:\/\/schema.org\",\"@graph\":[{\"@type\":\"WebPage\",\"@id\":\"https:\/\/dev.myindustrial.eu\/lv\/shop\/rupnieciskas-bremzu-sistemas-un-piedzinas-apstadinasanas-komponentes\/industrialas-disku-un-trumulu-bremzes\/industrial-caliper-safety-disc-brake\/\",\"url\":\"https:\/\/dev.myindustrial.eu\/lv\/shop\/rupnieciskas-bremzu-sistemas-un-piedzinas-apstadinasanas-komponentes\/industrialas-disku-un-trumulu-bremzes\/industrial-caliper-safety-disc-brake\/\",\"name\":\"R\u016bpnieciskais disku brem\u017eu suportu bremzes - My industrial\",\"isPartOf\":{\"@id\":\"https:\/\/dev.myindustrial.eu\/lv\/#website\"},\"primaryImageOfPage\":{\"@id\":\"https:\/\/dev.myindustrial.eu\/lv\/shop\/rupnieciskas-bremzu-sistemas-un-piedzinas-apstadinasanas-komponentes\/industrialas-disku-un-trumulu-bremzes\/industrial-caliper-safety-disc-brake\/#primaryimage\"},\"image\":{\"@id\":\"https:\/\/dev.myindustrial.eu\/lv\/shop\/rupnieciskas-bremzu-sistemas-un-piedzinas-apstadinasanas-komponentes\/industrialas-disku-un-trumulu-bremzes\/industrial-caliper-safety-disc-brake\/#primaryimage\"},\"thumbnailUrl\":\"https:\/\/dev.myindustrial.eu\/wp-content\/uploads\/2024\/12\/rft_calipersafetybrake-type-scfh-1.webp\",\"datePublished\":\"2024-12-02T12:21:08+00:00\",\"dateModified\":\"2024-12-27T20:37:11+00:00\",\"breadcrumb\":{\"@id\":\"https:\/\/dev.myindustrial.eu\/lv\/shop\/rupnieciskas-bremzu-sistemas-un-piedzinas-apstadinasanas-komponentes\/industrialas-disku-un-trumulu-bremzes\/industrial-caliper-safety-disc-brake\/#breadcrumb\"},\"inLanguage\":\"lv-LV\",\"potentialAction\":[{\"@type\":\"ReadAction\",\"target\":[\"https:\/\/dev.myindustrial.eu\/lv\/shop\/rupnieciskas-bremzu-sistemas-un-piedzinas-apstadinasanas-komponentes\/industrialas-disku-un-trumulu-bremzes\/industrial-caliper-safety-disc-brake\/\"]}]},{\"@type\":\"ImageObject\",\"inLanguage\":\"lv-LV\",\"@id\":\"https:\/\/dev.myindustrial.eu\/lv\/shop\/rupnieciskas-bremzu-sistemas-un-piedzinas-apstadinasanas-komponentes\/industrialas-disku-un-trumulu-bremzes\/industrial-caliper-safety-disc-brake\/#primaryimage\",\"url\":\"https:\/\/dev.myindustrial.eu\/wp-content\/uploads\/2024\/12\/rft_calipersafetybrake-type-scfh-1.webp\",\"contentUrl\":\"https:\/\/dev.myindustrial.eu\/wp-content\/uploads\/2024\/12\/rft_calipersafetybrake-type-scfh-1.webp\",\"width\":800,\"height\":800},{\"@type\":\"BreadcrumbList\",\"@id\":\"https:\/\/dev.myindustrial.eu\/lv\/shop\/rupnieciskas-bremzu-sistemas-un-piedzinas-apstadinasanas-komponentes\/industrialas-disku-un-trumulu-bremzes\/industrial-caliper-safety-disc-brake\/#breadcrumb\",\"itemListElement\":[{\"@type\":\"ListItem\",\"position\":1,\"name\":\"Home\",\"item\":\"https:\/\/dev.myindustrial.eu\/lv\/\"},{\"@type\":\"ListItem\",\"position\":2,\"name\":\"Products\",\"item\":\"https:\/\/dev.myindustrial.eu\/lv\/products\/\"},{\"@type\":\"ListItem\",\"position\":3,\"name\":\"R\u016bpnieciskais disku brem\u017eu suportu bremzes\"}]},{\"@type\":\"WebSite\",\"@id\":\"https:\/\/dev.myindustrial.eu\/lv\/#website\",\"url\":\"https:\/\/dev.myindustrial.eu\/lv\/\",\"name\":\"My industrial\",\"description\":\"\",\"potentialAction\":[{\"@type\":\"SearchAction\",\"target\":{\"@type\":\"EntryPoint\",\"urlTemplate\":\"https:\/\/dev.myindustrial.eu\/lv\/?s={search_term_string}\"},\"query-input\":{\"@type\":\"PropertyValueSpecification\",\"valueRequired\":true,\"valueName\":\"search_term_string\"}}],\"inLanguage\":\"lv-LV\"}]}<\/script>\n<!-- \/ Yoast SEO plugin. -->","yoast_head_json":{"title":"R\u016bpnieciskais disku brem\u017eu suportu bremzes - My industrial","robots":{"index":"noindex","follow":"follow","max-snippet":"max-snippet:-1","max-image-preview":"max-image-preview:large","max-video-preview":"max-video-preview:-1"},"og_locale":"lv_LV","og_type":"article","og_title":"R\u016bpnieciskais disku brem\u017eu suportu bremzes - My industrial","og_description":"Av\u0101rijas disku bremze Tips SCFH-1, SCFH-2, SCFH-3, SCFH-4  R\u016bpnieciskais disku brem\u017eu suportu bremze, kas darbojas tie\u0161i uz troses spoles disku. Nodro\u0161ina aizsardz\u012bbu pret kravas nokri\u0161anu un dro\u0161\u012bbu, k\u0101 ar\u012b rea\u0123\u0113 p\u0101rnesumk\u0101rbas v\u0101rpstas l\u016bzuma gad\u012bjum\u0101.   Tie\u0161\u0101 darb\u012bba \/ Bez sviras p\u0101rnesuma  Izm\u0113ri: SCFH 1-20 l\u012bdz SCFH 4\u2013400  Spiedes sp\u0113ks l\u012bdz 400 kN uz vienu skavu sist\u0113mu  Vair\u0101ku skavu kombin\u0101cijas uz viena brem\u017eu diska (piem\u0113ram: 4 x SCFH-4 = 1600 kN spiedes sp\u0113ks)  Liels bremz\u0113\u0161anas moments, neatkar\u012bgs no rot\u0101cijas virziena  Divas identiskas skavas da\u013cas  Rokas regul\u0113\u0161ana brem\u017eu uzliku nodilumam  Regul\u0113jams pacel\u0161anas atstatums no 1 mm l\u012bdz 3 mm  Piln\u012bb\u0101 nosl\u0113gta hidraulisk\u0101 sist\u0113ma  Standarta zema nodiluma sint\u0113tisk\u0101s brem\u017eu uzlikas","og_url":"https:\/\/dev.myindustrial.eu\/lv\/shop\/rupnieciskas-bremzu-sistemas-un-piedzinas-apstadinasanas-komponentes\/industrialas-disku-un-trumulu-bremzes\/industrial-caliper-safety-disc-brake\/","og_site_name":"My industrial","article_modified_time":"2024-12-27T20:37:11+00:00","og_image":[{"width":800,"height":800,"url":"https:\/\/dev.myindustrial.eu\/wp-content\/uploads\/2024\/12\/rft_calipersafetybrake-type-scfh-1.webp","type":"image\/webp"}],"twitter_card":"summary_large_image","schema":{"@context":"https:\/\/schema.org","@graph":[{"@type":"WebPage","@id":"https:\/\/dev.myindustrial.eu\/lv\/shop\/rupnieciskas-bremzu-sistemas-un-piedzinas-apstadinasanas-komponentes\/industrialas-disku-un-trumulu-bremzes\/industrial-caliper-safety-disc-brake\/","url":"https:\/\/dev.myindustrial.eu\/lv\/shop\/rupnieciskas-bremzu-sistemas-un-piedzinas-apstadinasanas-komponentes\/industrialas-disku-un-trumulu-bremzes\/industrial-caliper-safety-disc-brake\/","name":"R\u016bpnieciskais disku brem\u017eu suportu bremzes - My industrial","isPartOf":{"@id":"https:\/\/dev.myindustrial.eu\/lv\/#website"},"primaryImageOfPage":{"@id":"https:\/\/dev.myindustrial.eu\/lv\/shop\/rupnieciskas-bremzu-sistemas-un-piedzinas-apstadinasanas-komponentes\/industrialas-disku-un-trumulu-bremzes\/industrial-caliper-safety-disc-brake\/#primaryimage"},"image":{"@id":"https:\/\/dev.myindustrial.eu\/lv\/shop\/rupnieciskas-bremzu-sistemas-un-piedzinas-apstadinasanas-komponentes\/industrialas-disku-un-trumulu-bremzes\/industrial-caliper-safety-disc-brake\/#primaryimage"},"thumbnailUrl":"https:\/\/dev.myindustrial.eu\/wp-content\/uploads\/2024\/12\/rft_calipersafetybrake-type-scfh-1.webp","datePublished":"2024-12-02T12:21:08+00:00","dateModified":"2024-12-27T20:37:11+00:00","breadcrumb":{"@id":"https:\/\/dev.myindustrial.eu\/lv\/shop\/rupnieciskas-bremzu-sistemas-un-piedzinas-apstadinasanas-komponentes\/industrialas-disku-un-trumulu-bremzes\/industrial-caliper-safety-disc-brake\/#breadcrumb"},"inLanguage":"lv-LV","potentialAction":[{"@type":"ReadAction","target":["https:\/\/dev.myindustrial.eu\/lv\/shop\/rupnieciskas-bremzu-sistemas-un-piedzinas-apstadinasanas-komponentes\/industrialas-disku-un-trumulu-bremzes\/industrial-caliper-safety-disc-brake\/"]}]},{"@type":"ImageObject","inLanguage":"lv-LV","@id":"https:\/\/dev.myindustrial.eu\/lv\/shop\/rupnieciskas-bremzu-sistemas-un-piedzinas-apstadinasanas-komponentes\/industrialas-disku-un-trumulu-bremzes\/industrial-caliper-safety-disc-brake\/#primaryimage","url":"https:\/\/dev.myindustrial.eu\/wp-content\/uploads\/2024\/12\/rft_calipersafetybrake-type-scfh-1.webp","contentUrl":"https:\/\/dev.myindustrial.eu\/wp-content\/uploads\/2024\/12\/rft_calipersafetybrake-type-scfh-1.webp","width":800,"height":800},{"@type":"BreadcrumbList","@id":"https:\/\/dev.myindustrial.eu\/lv\/shop\/rupnieciskas-bremzu-sistemas-un-piedzinas-apstadinasanas-komponentes\/industrialas-disku-un-trumulu-bremzes\/industrial-caliper-safety-disc-brake\/#breadcrumb","itemListElement":[{"@type":"ListItem","position":1,"name":"Home","item":"https:\/\/dev.myindustrial.eu\/lv\/"},{"@type":"ListItem","position":2,"name":"Products","item":"https:\/\/dev.myindustrial.eu\/lv\/products\/"},{"@type":"ListItem","position":3,"name":"R\u016bpnieciskais disku brem\u017eu suportu bremzes"}]},{"@type":"WebSite","@id":"https:\/\/dev.myindustrial.eu\/lv\/#website","url":"https:\/\/dev.myindustrial.eu\/lv\/","name":"My industrial","description":"","potentialAction":[{"@type":"SearchAction","target":{"@type":"EntryPoint","urlTemplate":"https:\/\/dev.myindustrial.eu\/lv\/?s={search_term_string}"},"query-input":{"@type":"PropertyValueSpecification","valueRequired":true,"valueName":"search_term_string"}}],"inLanguage":"lv-LV"}]}},"_links":{"self":[{"href":"https:\/\/dev.myindustrial.eu\/lv\/wp-json\/wp\/v2\/product\/1260065571","targetHints":{"allow":["GET"]}}],"collection":[{"href":"https:\/\/dev.myindustrial.eu\/lv\/wp-json\/wp\/v2\/product"}],"about":[{"href":"https:\/\/dev.myindustrial.eu\/lv\/wp-json\/wp\/v2\/types\/product"}],"version-history":[{"count":1,"href":"https:\/\/dev.myindustrial.eu\/lv\/wp-json\/wp\/v2\/product\/1260065571\/revisions"}],"predecessor-version":[{"id":1260065572,"href":"https:\/\/dev.myindustrial.eu\/lv\/wp-json\/wp\/v2\/product\/1260065571\/revisions\/1260065572"}],"wp:featuredmedia":[{"embeddable":true,"href":"https:\/\/dev.myindustrial.eu\/lv\/wp-json\/wp\/v2\/media\/1260065071"}],"wp:attachment":[{"href":"https:\/\/dev.myindustrial.eu\/lv\/wp-json\/wp\/v2\/media?parent=1260065571"}],"wp:term":[{"taxonomy":"product_brand","embeddable":true,"href":"https:\/\/dev.myindustrial.eu\/lv\/wp-json\/wp\/v2\/product_brand?post=1260065571"},{"taxonomy":"product_cat","embeddable":true,"href":"https:\/\/dev.myindustrial.eu\/lv\/wp-json\/wp\/v2\/product_cat?post=1260065571"},{"taxonomy":"product_tag","embeddable":true,"href":"https:\/\/dev.myindustrial.eu\/lv\/wp-json\/wp\/v2\/product_tag?post=1260065571"}],"curies":[{"name":"wp","href":"https:\/\/api.w.org\/{rel}","templated":true}]}}