{"id":1260065587,"date":"2024-12-02T12:28:07","date_gmt":"2024-12-02T12:28:07","guid":{"rendered":"https:\/\/dev.myindustrial.eu\/shop\/uncategorized\/industrial-drum-brakes-for-bridges-sluices\/"},"modified":"2024-12-27T21:14:44","modified_gmt":"2024-12-27T21:14:44","slug":"industrial-drum-brakes-for-bridges-sluices","status":"publish","type":"product","link":"https:\/\/dev.myindustrial.eu\/lv\/shop\/rupnieciskas-bremzu-sistemas-un-piedzinas-apstadinasanas-komponentes\/industrialas-disku-un-trumulu-bremzes\/industrial-drum-brakes-for-bridges-sluices\/","title":{"rendered":"R\u016bpniecisk\u0101s trumu\u013cu bremzes tiltiem un sl\u016b\u017e\u0101m"},"content":{"rendered":"<p><b>Funkcijas<\/b><\/p>\n<p><span style=\"font-weight: 400;\">Lai izpild\u012btu \u012bpa\u0161as dro\u0161\u012bbas pras\u012bbas RWS bremz\u0113m, tiek pied\u0101v\u0101tas \u0161\u0101das papildu funkcijas:<\/span><\/p>\n<ul>\n<li style=\"font-weight: 400;\" aria-level=\"1\"><span style=\"font-weight: 400;\">2 gala sl\u0113d\u017ei: \u201ebremze atv\u0113rta\u201d, \u201ebremze aizv\u0113rta\u201d<\/span><\/li>\n<li style=\"font-weight: 400;\" aria-level=\"1\"><span style=\"font-weight: 400;\">Ekscentriska manu\u0101l\u0101 pacel\u0161anas ier\u012bce<\/span><\/li>\n<li style=\"font-weight: 400;\" aria-level=\"1\"><span style=\"font-weight: 400;\">Sild\u012b\u0161anas elementa opcija<\/span><\/li>\n<li style=\"font-weight: 400;\" aria-level=\"1\"><span style=\"font-weight: 400;\">Visas tapas izgatavotas no ner\u016bs\u0113jo\u0161\u0101 t\u0113rauda ar sm\u0113rtap\u0101m, lai iee\u013c\u013cotu svar\u012bg\u0101kos savienojuma punktus<\/span><\/li>\n<li style=\"font-weight: 400;\" aria-level=\"1\"><span style=\"font-weight: 400;\">Regul\u0113jams bremz\u0113\u0161anas moments<\/span><\/li>\n<li style=\"font-weight: 400;\" aria-level=\"1\"><span style=\"font-weight: 400;\">Organisk\u0101s brem\u017eu uzlikas (l\u012bm\u0113tas), berzes koeficients \u03bc = 0,4<\/span><\/li>\n<li style=\"font-weight: 400;\" aria-level=\"1\"><span style=\"font-weight: 400;\">Divkomponentu p\u0101rkl\u0101jums \/ standarta kr\u0101sojums RAL 7024<\/span><\/li>\n<\/ul>\n<p><b>Konstrukcijas<\/b><\/p>\n<ul>\n<li style=\"font-weight: 400;\" aria-level=\"1\"><span style=\"font-weight: 400;\">Konstrukcija 1: Tips RWS-RT<\/span><span style=\"font-weight: 400;\"><br \/>\n<\/span><span style=\"font-weight: 400;\">Viena atspere ar sinhrono pacel\u0161anas meh\u0101nismu<\/span><\/li>\n<li style=\"font-weight: 400;\" aria-level=\"1\"><span style=\"font-weight: 400;\">Konstrukcija 2: Tips RWS-RT2F<\/span><span style=\"font-weight: 400;\"><br \/>\n<\/span><span style=\"font-weight: 400;\">Divu atsperu sist\u0113ma ar sinhrono pacel\u0161anas meh\u0101nismu. Pirm\u0101 atspere tiek izmantota, lai vienm\u0113r\u012bgi aptur\u0113tu kust\u012bgo sist\u0113mu. Otr\u0101 atspere turpm\u0101k nodro\u0161ina sist\u0113mas tur\u0113\u0161anu ar liel\u0101ku momentu, lai pasarg\u0101tu to no nev\u0113lam\u0101m kust\u012bb\u0101m.<\/span><\/li>\n<\/ul>\n<p><b>Tehniskie ieguvumi<\/b><\/p>\n<ul>\n<li style=\"font-weight: 400;\" aria-level=\"1\"><span style=\"font-weight: 400;\">Otr\u0101 aizkav\u0113t\u0101 brem\u017eu atspere RWS-RT2F tip\u0101 nov\u0113r\u0161 nev\u0113lamu nolai\u0161anos tiltiem un sl\u016b\u017e\u0101m.<\/span><\/li>\n<\/ul>\n","protected":false},"excerpt":{"rendered":"<p><b>Tips RWS-RT, RWS-RT2F<\/b><\/p>\n<p><span style=\"font-weight: 400;\">RWS s\u0113rijas bremz\u0113m ir papildu funkcijas, sal\u012bdzinot ar standarta trumu\u013cu bremz\u0113m atbilsto\u0161i DIN 15435, lai uzlabotu dro\u0161\u012bbu bremz\u0113\u0161anas proces\u0101. Piem\u0113rotas p\u0113c izv\u0113les tiltiem, pace\u013camiem tiltiem un sl\u016b\u017eu v\u0101rtiem.<\/span><\/p>\n<ul>\n<li style=\"font-weight: 400;\" aria-level=\"1\"><span style=\"font-weight: 400;\">Uzst\u0101d\u012b\u0161anas izm\u0113ri atbilst DIN 15435<\/span><\/li>\n<li style=\"font-weight: 400;\" aria-level=\"1\"><span style=\"font-weight: 400;\">Standarta darb\u012bba ar hidraulisko gr\u016bd\u0113ju (st\u016bm\u0113ju)<\/span><\/li>\n<li style=\"font-weight: 400;\" aria-level=\"1\"><span style=\"font-weight: 400;\">Viena vai divu atsperu brem\u017eu sist\u0113ma. Divpak\u0101pju bremz\u0113\u0161ana \/ aizkav\u0113ta bremz\u0113\u0161ana ar otro atsperi<\/span><\/li>\n<li style=\"font-weight: 400;\" aria-level=\"1\"><span style=\"font-weight: 400;\">Sinhronais pacel\u0161anas meh\u0101nisms (SLM): autom\u0101tiski nodro\u0161ina vienm\u0113r\u012bgu atstarpi starp brem\u017eu uzliku un brem\u017eu trumu\u013cu<\/span><\/li>\n<li style=\"font-weight: 400;\" aria-level=\"1\"><span style=\"font-weight: 400;\">Regul\u0113jams bremz\u0113\u0161anas moments<\/span><\/li>\n<li style=\"font-weight: 400;\" aria-level=\"1\"><span style=\"font-weight: 400;\">Autom\u0101tiski aktiviz\u0113jas str\u0101vas padeves p\u0101rtraukuma gad\u012bjum\u0101<\/span><\/li>\n<li style=\"font-weight: 400;\" aria-level=\"1\"><span style=\"font-weight: 400;\">Bremz\u0113\u0161anas momenti: l\u012bdz 5 000 Nm (standarta versija)<\/span><\/li>\n<li style=\"font-weight: 400;\" aria-level=\"1\"><span style=\"font-weight: 400;\">DIN standarta izm\u0113ri \u00d8: 200, 250, 315, 400L, 400V, 500<\/span><\/li>\n<\/ul>\n","protected":false},"featured_media":1260065088,"template":"","meta":[],"product_brand":[],"product_cat":[1713],"product_tag":[],"class_list":{"0":"post-1260065587","1":"product","2":"type-product","3":"status-publish","4":"has-post-thumbnail","6":"product_cat-industrialas-disku-un-trumulu-bremzes","8":"first","9":"instock","10":"shipping-taxable","11":"product-type-simple"},"yoast_head":"<!-- This site is optimized with the Yoast SEO plugin v27.1.1 - https:\/\/yoast.com\/product\/yoast-seo-wordpress\/ -->\n<title>R\u016bpniecisk\u0101s trumu\u013cu bremzes tiltiem un sl\u016b\u017e\u0101m - My industrial<\/title>\n<meta name=\"robots\" content=\"noindex, follow, max-snippet:-1, max-image-preview:large, max-video-preview:-1\" \/>\n<meta property=\"og:locale\" content=\"lv_LV\" \/>\n<meta property=\"og:type\" content=\"article\" \/>\n<meta property=\"og:title\" content=\"R\u016bpniecisk\u0101s trumu\u013cu bremzes tiltiem un sl\u016b\u017e\u0101m - My industrial\" \/>\n<meta property=\"og:description\" content=\"Tips RWS-RT, RWS-RT2F  RWS s\u0113rijas bremz\u0113m ir papildu funkcijas, sal\u012bdzinot ar standarta trumu\u013cu bremz\u0113m atbilsto\u0161i DIN 15435, lai uzlabotu dro\u0161\u012bbu bremz\u0113\u0161anas proces\u0101. Piem\u0113rotas p\u0113c izv\u0113les tiltiem, pace\u013camiem tiltiem un sl\u016b\u017eu v\u0101rtiem.   Uzst\u0101d\u012b\u0161anas izm\u0113ri atbilst DIN 15435  Standarta darb\u012bba ar hidraulisko gr\u016bd\u0113ju (st\u016bm\u0113ju)  Viena vai divu atsperu brem\u017eu sist\u0113ma. Divpak\u0101pju bremz\u0113\u0161ana \/ aizkav\u0113ta bremz\u0113\u0161ana ar otro atsperi  Sinhronais pacel\u0161anas meh\u0101nisms (SLM): autom\u0101tiski nodro\u0161ina vienm\u0113r\u012bgu atstarpi starp brem\u017eu uzliku un brem\u017eu trumu\u013cu  Regul\u0113jams bremz\u0113\u0161anas moments  Autom\u0101tiski aktiviz\u0113jas str\u0101vas padeves p\u0101rtraukuma gad\u012bjum\u0101  Bremz\u0113\u0161anas momenti: l\u012bdz 5 000 Nm (standarta versija)  DIN standarta izm\u0113ri \u00d8: 200, 250, 315, 400L, 400V, 500\" \/>\n<meta property=\"og:url\" content=\"https:\/\/dev.myindustrial.eu\/lv\/shop\/rupnieciskas-bremzu-sistemas-un-piedzinas-apstadinasanas-komponentes\/industrialas-disku-un-trumulu-bremzes\/industrial-drum-brakes-for-bridges-sluices\/\" \/>\n<meta property=\"og:site_name\" content=\"My industrial\" \/>\n<meta property=\"article:modified_time\" content=\"2024-12-27T21:14:44+00:00\" \/>\n<meta property=\"og:image\" content=\"https:\/\/dev.myindustrial.eu\/wp-content\/uploads\/2024\/12\/rws-preview.webp\" \/>\n\t<meta property=\"og:image:width\" content=\"800\" \/>\n\t<meta property=\"og:image:height\" content=\"800\" \/>\n\t<meta property=\"og:image:type\" content=\"image\/webp\" \/>\n<meta name=\"twitter:card\" content=\"summary_large_image\" \/>\n<script type=\"application\/ld+json\" class=\"yoast-schema-graph\">{\"@context\":\"https:\/\/schema.org\",\"@graph\":[{\"@type\":\"WebPage\",\"@id\":\"https:\/\/dev.myindustrial.eu\/lv\/shop\/rupnieciskas-bremzu-sistemas-un-piedzinas-apstadinasanas-komponentes\/industrialas-disku-un-trumulu-bremzes\/industrial-drum-brakes-for-bridges-sluices\/\",\"url\":\"https:\/\/dev.myindustrial.eu\/lv\/shop\/rupnieciskas-bremzu-sistemas-un-piedzinas-apstadinasanas-komponentes\/industrialas-disku-un-trumulu-bremzes\/industrial-drum-brakes-for-bridges-sluices\/\",\"name\":\"R\u016bpniecisk\u0101s trumu\u013cu bremzes tiltiem un sl\u016b\u017e\u0101m - My industrial\",\"isPartOf\":{\"@id\":\"https:\/\/dev.myindustrial.eu\/lv\/#website\"},\"primaryImageOfPage\":{\"@id\":\"https:\/\/dev.myindustrial.eu\/lv\/shop\/rupnieciskas-bremzu-sistemas-un-piedzinas-apstadinasanas-komponentes\/industrialas-disku-un-trumulu-bremzes\/industrial-drum-brakes-for-bridges-sluices\/#primaryimage\"},\"image\":{\"@id\":\"https:\/\/dev.myindustrial.eu\/lv\/shop\/rupnieciskas-bremzu-sistemas-un-piedzinas-apstadinasanas-komponentes\/industrialas-disku-un-trumulu-bremzes\/industrial-drum-brakes-for-bridges-sluices\/#primaryimage\"},\"thumbnailUrl\":\"https:\/\/dev.myindustrial.eu\/wp-content\/uploads\/2024\/12\/rws-preview.webp\",\"datePublished\":\"2024-12-02T12:28:07+00:00\",\"dateModified\":\"2024-12-27T21:14:44+00:00\",\"breadcrumb\":{\"@id\":\"https:\/\/dev.myindustrial.eu\/lv\/shop\/rupnieciskas-bremzu-sistemas-un-piedzinas-apstadinasanas-komponentes\/industrialas-disku-un-trumulu-bremzes\/industrial-drum-brakes-for-bridges-sluices\/#breadcrumb\"},\"inLanguage\":\"lv-LV\",\"potentialAction\":[{\"@type\":\"ReadAction\",\"target\":[\"https:\/\/dev.myindustrial.eu\/lv\/shop\/rupnieciskas-bremzu-sistemas-un-piedzinas-apstadinasanas-komponentes\/industrialas-disku-un-trumulu-bremzes\/industrial-drum-brakes-for-bridges-sluices\/\"]}]},{\"@type\":\"ImageObject\",\"inLanguage\":\"lv-LV\",\"@id\":\"https:\/\/dev.myindustrial.eu\/lv\/shop\/rupnieciskas-bremzu-sistemas-un-piedzinas-apstadinasanas-komponentes\/industrialas-disku-un-trumulu-bremzes\/industrial-drum-brakes-for-bridges-sluices\/#primaryimage\",\"url\":\"https:\/\/dev.myindustrial.eu\/wp-content\/uploads\/2024\/12\/rws-preview.webp\",\"contentUrl\":\"https:\/\/dev.myindustrial.eu\/wp-content\/uploads\/2024\/12\/rws-preview.webp\",\"width\":800,\"height\":800},{\"@type\":\"BreadcrumbList\",\"@id\":\"https:\/\/dev.myindustrial.eu\/lv\/shop\/rupnieciskas-bremzu-sistemas-un-piedzinas-apstadinasanas-komponentes\/industrialas-disku-un-trumulu-bremzes\/industrial-drum-brakes-for-bridges-sluices\/#breadcrumb\",\"itemListElement\":[{\"@type\":\"ListItem\",\"position\":1,\"name\":\"Home\",\"item\":\"https:\/\/dev.myindustrial.eu\/lv\/\"},{\"@type\":\"ListItem\",\"position\":2,\"name\":\"Products\",\"item\":\"https:\/\/dev.myindustrial.eu\/lv\/products\/\"},{\"@type\":\"ListItem\",\"position\":3,\"name\":\"R\u016bpniecisk\u0101s trumu\u013cu bremzes tiltiem un sl\u016b\u017e\u0101m\"}]},{\"@type\":\"WebSite\",\"@id\":\"https:\/\/dev.myindustrial.eu\/lv\/#website\",\"url\":\"https:\/\/dev.myindustrial.eu\/lv\/\",\"name\":\"My industrial\",\"description\":\"\",\"potentialAction\":[{\"@type\":\"SearchAction\",\"target\":{\"@type\":\"EntryPoint\",\"urlTemplate\":\"https:\/\/dev.myindustrial.eu\/lv\/?s={search_term_string}\"},\"query-input\":{\"@type\":\"PropertyValueSpecification\",\"valueRequired\":true,\"valueName\":\"search_term_string\"}}],\"inLanguage\":\"lv-LV\"}]}<\/script>\n<!-- \/ Yoast SEO plugin. -->","yoast_head_json":{"title":"R\u016bpniecisk\u0101s trumu\u013cu bremzes tiltiem un sl\u016b\u017e\u0101m - My industrial","robots":{"index":"noindex","follow":"follow","max-snippet":"max-snippet:-1","max-image-preview":"max-image-preview:large","max-video-preview":"max-video-preview:-1"},"og_locale":"lv_LV","og_type":"article","og_title":"R\u016bpniecisk\u0101s trumu\u013cu bremzes tiltiem un sl\u016b\u017e\u0101m - My industrial","og_description":"Tips RWS-RT, RWS-RT2F  RWS s\u0113rijas bremz\u0113m ir papildu funkcijas, sal\u012bdzinot ar standarta trumu\u013cu bremz\u0113m atbilsto\u0161i DIN 15435, lai uzlabotu dro\u0161\u012bbu bremz\u0113\u0161anas proces\u0101. Piem\u0113rotas p\u0113c izv\u0113les tiltiem, pace\u013camiem tiltiem un sl\u016b\u017eu v\u0101rtiem.   Uzst\u0101d\u012b\u0161anas izm\u0113ri atbilst DIN 15435  Standarta darb\u012bba ar hidraulisko gr\u016bd\u0113ju (st\u016bm\u0113ju)  Viena vai divu atsperu brem\u017eu sist\u0113ma. Divpak\u0101pju bremz\u0113\u0161ana \/ aizkav\u0113ta bremz\u0113\u0161ana ar otro atsperi  Sinhronais pacel\u0161anas meh\u0101nisms (SLM): autom\u0101tiski nodro\u0161ina vienm\u0113r\u012bgu atstarpi starp brem\u017eu uzliku un brem\u017eu trumu\u013cu  Regul\u0113jams bremz\u0113\u0161anas moments  Autom\u0101tiski aktiviz\u0113jas str\u0101vas padeves p\u0101rtraukuma gad\u012bjum\u0101  Bremz\u0113\u0161anas momenti: l\u012bdz 5 000 Nm (standarta versija)  DIN standarta izm\u0113ri \u00d8: 200, 250, 315, 400L, 400V, 500","og_url":"https:\/\/dev.myindustrial.eu\/lv\/shop\/rupnieciskas-bremzu-sistemas-un-piedzinas-apstadinasanas-komponentes\/industrialas-disku-un-trumulu-bremzes\/industrial-drum-brakes-for-bridges-sluices\/","og_site_name":"My industrial","article_modified_time":"2024-12-27T21:14:44+00:00","og_image":[{"width":800,"height":800,"url":"https:\/\/dev.myindustrial.eu\/wp-content\/uploads\/2024\/12\/rws-preview.webp","type":"image\/webp"}],"twitter_card":"summary_large_image","schema":{"@context":"https:\/\/schema.org","@graph":[{"@type":"WebPage","@id":"https:\/\/dev.myindustrial.eu\/lv\/shop\/rupnieciskas-bremzu-sistemas-un-piedzinas-apstadinasanas-komponentes\/industrialas-disku-un-trumulu-bremzes\/industrial-drum-brakes-for-bridges-sluices\/","url":"https:\/\/dev.myindustrial.eu\/lv\/shop\/rupnieciskas-bremzu-sistemas-un-piedzinas-apstadinasanas-komponentes\/industrialas-disku-un-trumulu-bremzes\/industrial-drum-brakes-for-bridges-sluices\/","name":"R\u016bpniecisk\u0101s trumu\u013cu bremzes tiltiem un sl\u016b\u017e\u0101m - My industrial","isPartOf":{"@id":"https:\/\/dev.myindustrial.eu\/lv\/#website"},"primaryImageOfPage":{"@id":"https:\/\/dev.myindustrial.eu\/lv\/shop\/rupnieciskas-bremzu-sistemas-un-piedzinas-apstadinasanas-komponentes\/industrialas-disku-un-trumulu-bremzes\/industrial-drum-brakes-for-bridges-sluices\/#primaryimage"},"image":{"@id":"https:\/\/dev.myindustrial.eu\/lv\/shop\/rupnieciskas-bremzu-sistemas-un-piedzinas-apstadinasanas-komponentes\/industrialas-disku-un-trumulu-bremzes\/industrial-drum-brakes-for-bridges-sluices\/#primaryimage"},"thumbnailUrl":"https:\/\/dev.myindustrial.eu\/wp-content\/uploads\/2024\/12\/rws-preview.webp","datePublished":"2024-12-02T12:28:07+00:00","dateModified":"2024-12-27T21:14:44+00:00","breadcrumb":{"@id":"https:\/\/dev.myindustrial.eu\/lv\/shop\/rupnieciskas-bremzu-sistemas-un-piedzinas-apstadinasanas-komponentes\/industrialas-disku-un-trumulu-bremzes\/industrial-drum-brakes-for-bridges-sluices\/#breadcrumb"},"inLanguage":"lv-LV","potentialAction":[{"@type":"ReadAction","target":["https:\/\/dev.myindustrial.eu\/lv\/shop\/rupnieciskas-bremzu-sistemas-un-piedzinas-apstadinasanas-komponentes\/industrialas-disku-un-trumulu-bremzes\/industrial-drum-brakes-for-bridges-sluices\/"]}]},{"@type":"ImageObject","inLanguage":"lv-LV","@id":"https:\/\/dev.myindustrial.eu\/lv\/shop\/rupnieciskas-bremzu-sistemas-un-piedzinas-apstadinasanas-komponentes\/industrialas-disku-un-trumulu-bremzes\/industrial-drum-brakes-for-bridges-sluices\/#primaryimage","url":"https:\/\/dev.myindustrial.eu\/wp-content\/uploads\/2024\/12\/rws-preview.webp","contentUrl":"https:\/\/dev.myindustrial.eu\/wp-content\/uploads\/2024\/12\/rws-preview.webp","width":800,"height":800},{"@type":"BreadcrumbList","@id":"https:\/\/dev.myindustrial.eu\/lv\/shop\/rupnieciskas-bremzu-sistemas-un-piedzinas-apstadinasanas-komponentes\/industrialas-disku-un-trumulu-bremzes\/industrial-drum-brakes-for-bridges-sluices\/#breadcrumb","itemListElement":[{"@type":"ListItem","position":1,"name":"Home","item":"https:\/\/dev.myindustrial.eu\/lv\/"},{"@type":"ListItem","position":2,"name":"Products","item":"https:\/\/dev.myindustrial.eu\/lv\/products\/"},{"@type":"ListItem","position":3,"name":"R\u016bpniecisk\u0101s trumu\u013cu bremzes tiltiem un sl\u016b\u017e\u0101m"}]},{"@type":"WebSite","@id":"https:\/\/dev.myindustrial.eu\/lv\/#website","url":"https:\/\/dev.myindustrial.eu\/lv\/","name":"My industrial","description":"","potentialAction":[{"@type":"SearchAction","target":{"@type":"EntryPoint","urlTemplate":"https:\/\/dev.myindustrial.eu\/lv\/?s={search_term_string}"},"query-input":{"@type":"PropertyValueSpecification","valueRequired":true,"valueName":"search_term_string"}}],"inLanguage":"lv-LV"}]}},"_links":{"self":[{"href":"https:\/\/dev.myindustrial.eu\/lv\/wp-json\/wp\/v2\/product\/1260065587","targetHints":{"allow":["GET"]}}],"collection":[{"href":"https:\/\/dev.myindustrial.eu\/lv\/wp-json\/wp\/v2\/product"}],"about":[{"href":"https:\/\/dev.myindustrial.eu\/lv\/wp-json\/wp\/v2\/types\/product"}],"version-history":[{"count":1,"href":"https:\/\/dev.myindustrial.eu\/lv\/wp-json\/wp\/v2\/product\/1260065587\/revisions"}],"predecessor-version":[{"id":1260065588,"href":"https:\/\/dev.myindustrial.eu\/lv\/wp-json\/wp\/v2\/product\/1260065587\/revisions\/1260065588"}],"wp:featuredmedia":[{"embeddable":true,"href":"https:\/\/dev.myindustrial.eu\/lv\/wp-json\/wp\/v2\/media\/1260065088"}],"wp:attachment":[{"href":"https:\/\/dev.myindustrial.eu\/lv\/wp-json\/wp\/v2\/media?parent=1260065587"}],"wp:term":[{"taxonomy":"product_brand","embeddable":true,"href":"https:\/\/dev.myindustrial.eu\/lv\/wp-json\/wp\/v2\/product_brand?post=1260065587"},{"taxonomy":"product_cat","embeddable":true,"href":"https:\/\/dev.myindustrial.eu\/lv\/wp-json\/wp\/v2\/product_cat?post=1260065587"},{"taxonomy":"product_tag","embeddable":true,"href":"https:\/\/dev.myindustrial.eu\/lv\/wp-json\/wp\/v2\/product_tag?post=1260065587"}],"curies":[{"name":"wp","href":"https:\/\/api.w.org\/{rel}","templated":true}]}}