{"id":1260065594,"date":"2024-12-02T12:29:59","date_gmt":"2024-12-02T12:29:59","guid":{"rendered":"https:\/\/dev.myindustrial.eu\/shop\/uncategorized\/industrial-drum-brakes-with-synchro-lifting-mechanism\/"},"modified":"2024-12-27T21:38:32","modified_gmt":"2024-12-27T21:38:32","slug":"industrial-drum-brakes-with-synchro-lifting-mechanism","status":"publish","type":"product","link":"https:\/\/dev.myindustrial.eu\/lv\/shop\/rupnieciskas-bremzu-sistemas-un-piedzinas-apstadinasanas-komponentes\/industrialas-disku-un-trumulu-bremzes\/industrial-drum-brakes-with-synchro-lifting-mechanism\/","title":{"rendered":"Industri\u0101l\u0101s trumu\u013cu bremzes ar sinhrono pacel\u0161anas meh\u0101nismu"},"content":{"rendered":"<p><b>\u012apa\u0161\u012bbas<\/b><\/p>\n<ul>\n<li style=\"font-weight: 400;\" aria-level=\"1\"><span style=\"font-weight: 400;\">Bremz\u0113\u0161ana ar atsperes sp\u0113ku<\/span><\/li>\n<li style=\"font-weight: 400;\" aria-level=\"1\"><span style=\"font-weight: 400;\">Pacel\u0161ana ar hidrogr\u016bd\u0113ju (st\u016bm\u0113ju)<\/span><\/li>\n<li style=\"font-weight: 400;\" aria-level=\"1\"><span style=\"font-weight: 400;\">Bremz\u0113\u0161anas moments ir regul\u0113jams<\/span><\/li>\n<li style=\"font-weight: 400;\" aria-level=\"1\"><span style=\"font-weight: 400;\">Pa\u0161iedarb\u012bgs str\u0101vas p\u0101rtraukuma gad\u012bjum\u0101<\/span><\/li>\n<\/ul>\n<p><b>Tehniskie ieguvumi<\/b><\/p>\n<ul>\n<li style=\"font-weight: 400;\" aria-level=\"1\"><span style=\"font-weight: 400;\">Sinhronais pacel\u0161anas meh\u0101nisms (SLM): autom\u0101tiski nodro\u0161ina vienm\u0113r\u012bgu pacel\u0161anas spraugu starp brem\u017eu uzliku un brem\u017eu trumu\u013ca virsmu<\/span><\/li>\n<li style=\"font-weight: 400;\" aria-level=\"1\"><span style=\"font-weight: 400;\">Optim\u0101ls, ja tiek izmantota autom\u0101tisk\u0101 nodiluma regul\u0113\u0161anas sist\u0113ma (AVN)<\/span><\/li>\n<\/ul>\n","protected":false},"excerpt":{"rendered":"<p><b>Tips RT<\/b><span style=\"font-weight: 400;\"><br \/>\n<\/span><b>Tips TB-SL ar horizont\u0101lu hidrogr\u016bd\u0113ju (st\u016bm\u0113ja) poz\u012bciju<\/b><\/p>\n<ul>\n<li style=\"font-weight: 400;\" aria-level=\"1\"><span style=\"font-weight: 400;\">Industri\u0101laj\u0101m trumu\u013cu bremz\u0113m ir uzst\u0101d\u012b\u0161anas izm\u0113ri atbilsto\u0161i DIN 15435 standartam.<\/span><\/li>\n<li style=\"font-weight: 400;\" aria-level=\"1\"><span style=\"font-weight: 400;\">Standarta darb\u012bba ar hidrogr\u016bd\u0113ju (st\u016bm\u0113ju)<\/span><\/li>\n<li style=\"font-weight: 400;\" aria-level=\"1\"><span style=\"font-weight: 400;\">Vienstie\u0146a brem\u017eu svira<\/span><\/li>\n<li style=\"font-weight: 400;\" aria-level=\"1\"><span style=\"font-weight: 400;\">Regul\u0113jams bremz\u0113\u0161anas moments<\/span><\/li>\n<li style=\"font-weight: 400;\" aria-level=\"1\"><span style=\"font-weight: 400;\">Ar sinhrono pacel\u0161anas meh\u0101nismu (SLM): autom\u0101tiski nodro\u0161ina vienm\u0113r\u012bgu gaisa spraugu starp brem\u017eu uzliku un brem\u017eu trumu\u013ca virsmu<\/span><\/li>\n<li style=\"font-weight: 400;\" aria-level=\"1\"><span style=\"font-weight: 400;\">Autom\u0101tiski darbojas str\u0101vas p\u0101rtraukuma gad\u012bjum\u0101. Pa\u0161iedarb\u012bgs str\u0101vas p\u0101rtraukuma gad\u012bjum\u0101<\/span><\/li>\n<li style=\"font-weight: 400;\" aria-level=\"1\"><span style=\"font-weight: 400;\">Bremz\u0113\u0161anas momenti: l\u012bdz 10 000 Nm (standarta versija)<\/span><\/li>\n<li style=\"font-weight: 400;\" aria-level=\"1\"><span style=\"font-weight: 400;\">DIN standarta izm\u0113ri \u00d8: 200, 250, 315, 400L, 400V, 500, 630, 710<\/span><\/li>\n<li style=\"font-weight: 400;\" aria-level=\"1\"><span style=\"font-weight: 400;\">Alternat\u012bva darb\u012bba: manu\u0101la, hidrauliska, magn\u0113tiska, pneimatiska<\/span><\/li>\n<\/ul>\n","protected":false},"featured_media":1260065094,"template":"","meta":[],"product_brand":[],"product_cat":[1713],"product_tag":[],"class_list":{"0":"post-1260065594","1":"product","2":"type-product","3":"status-publish","4":"has-post-thumbnail","6":"product_cat-industrialas-disku-un-trumulu-bremzes","8":"first","9":"instock","10":"shipping-taxable","11":"product-type-simple"},"yoast_head":"<!-- This site is optimized with the Yoast SEO plugin v27.1.1 - https:\/\/yoast.com\/product\/yoast-seo-wordpress\/ -->\n<title>Industri\u0101l\u0101s trumu\u013cu bremzes ar sinhrono pacel\u0161anas meh\u0101nismu - My industrial<\/title>\n<meta name=\"robots\" content=\"noindex, follow, max-snippet:-1, max-image-preview:large, max-video-preview:-1\" \/>\n<meta property=\"og:locale\" content=\"lv_LV\" \/>\n<meta property=\"og:type\" content=\"article\" \/>\n<meta property=\"og:title\" content=\"Industri\u0101l\u0101s trumu\u013cu bremzes ar sinhrono pacel\u0161anas meh\u0101nismu - My industrial\" \/>\n<meta property=\"og:description\" content=\"Tips RT Tips TB-SL ar horizont\u0101lu hidrogr\u016bd\u0113ju (st\u016bm\u0113ja) poz\u012bciju   Industri\u0101laj\u0101m trumu\u013cu bremz\u0113m ir uzst\u0101d\u012b\u0161anas izm\u0113ri atbilsto\u0161i DIN 15435 standartam.  Standarta darb\u012bba ar hidrogr\u016bd\u0113ju (st\u016bm\u0113ju)  Vienstie\u0146a brem\u017eu svira  Regul\u0113jams bremz\u0113\u0161anas moments  Ar sinhrono pacel\u0161anas meh\u0101nismu (SLM): autom\u0101tiski nodro\u0161ina vienm\u0113r\u012bgu gaisa spraugu starp brem\u017eu uzliku un brem\u017eu trumu\u013ca virsmu  Autom\u0101tiski darbojas str\u0101vas p\u0101rtraukuma gad\u012bjum\u0101. Pa\u0161iedarb\u012bgs str\u0101vas p\u0101rtraukuma gad\u012bjum\u0101  Bremz\u0113\u0161anas momenti: l\u012bdz 10 000 Nm (standarta versija)  DIN standarta izm\u0113ri \u00d8: 200, 250, 315, 400L, 400V, 500, 630, 710  Alternat\u012bva darb\u012bba: manu\u0101la, hidrauliska, magn\u0113tiska, pneimatiska\" \/>\n<meta property=\"og:url\" content=\"https:\/\/dev.myindustrial.eu\/lv\/shop\/rupnieciskas-bremzu-sistemas-un-piedzinas-apstadinasanas-komponentes\/industrialas-disku-un-trumulu-bremzes\/industrial-drum-brakes-with-synchro-lifting-mechanism\/\" \/>\n<meta property=\"og:site_name\" content=\"My industrial\" \/>\n<meta property=\"article:modified_time\" content=\"2024-12-27T21:38:32+00:00\" \/>\n<meta property=\"og:image\" content=\"https:\/\/dev.myindustrial.eu\/wp-content\/uploads\/2024\/12\/rft_drumbrake-type-rt.webp\" \/>\n\t<meta property=\"og:image:width\" content=\"800\" \/>\n\t<meta property=\"og:image:height\" content=\"800\" \/>\n\t<meta property=\"og:image:type\" content=\"image\/webp\" \/>\n<meta name=\"twitter:card\" content=\"summary_large_image\" \/>\n<script type=\"application\/ld+json\" class=\"yoast-schema-graph\">{\"@context\":\"https:\/\/schema.org\",\"@graph\":[{\"@type\":\"WebPage\",\"@id\":\"https:\/\/dev.myindustrial.eu\/lv\/shop\/rupnieciskas-bremzu-sistemas-un-piedzinas-apstadinasanas-komponentes\/industrialas-disku-un-trumulu-bremzes\/industrial-drum-brakes-with-synchro-lifting-mechanism\/\",\"url\":\"https:\/\/dev.myindustrial.eu\/lv\/shop\/rupnieciskas-bremzu-sistemas-un-piedzinas-apstadinasanas-komponentes\/industrialas-disku-un-trumulu-bremzes\/industrial-drum-brakes-with-synchro-lifting-mechanism\/\",\"name\":\"Industri\u0101l\u0101s trumu\u013cu bremzes ar sinhrono pacel\u0161anas meh\u0101nismu - My industrial\",\"isPartOf\":{\"@id\":\"https:\/\/dev.myindustrial.eu\/lv\/#website\"},\"primaryImageOfPage\":{\"@id\":\"https:\/\/dev.myindustrial.eu\/lv\/shop\/rupnieciskas-bremzu-sistemas-un-piedzinas-apstadinasanas-komponentes\/industrialas-disku-un-trumulu-bremzes\/industrial-drum-brakes-with-synchro-lifting-mechanism\/#primaryimage\"},\"image\":{\"@id\":\"https:\/\/dev.myindustrial.eu\/lv\/shop\/rupnieciskas-bremzu-sistemas-un-piedzinas-apstadinasanas-komponentes\/industrialas-disku-un-trumulu-bremzes\/industrial-drum-brakes-with-synchro-lifting-mechanism\/#primaryimage\"},\"thumbnailUrl\":\"https:\/\/dev.myindustrial.eu\/wp-content\/uploads\/2024\/12\/rft_drumbrake-type-rt.webp\",\"datePublished\":\"2024-12-02T12:29:59+00:00\",\"dateModified\":\"2024-12-27T21:38:32+00:00\",\"breadcrumb\":{\"@id\":\"https:\/\/dev.myindustrial.eu\/lv\/shop\/rupnieciskas-bremzu-sistemas-un-piedzinas-apstadinasanas-komponentes\/industrialas-disku-un-trumulu-bremzes\/industrial-drum-brakes-with-synchro-lifting-mechanism\/#breadcrumb\"},\"inLanguage\":\"lv-LV\",\"potentialAction\":[{\"@type\":\"ReadAction\",\"target\":[\"https:\/\/dev.myindustrial.eu\/lv\/shop\/rupnieciskas-bremzu-sistemas-un-piedzinas-apstadinasanas-komponentes\/industrialas-disku-un-trumulu-bremzes\/industrial-drum-brakes-with-synchro-lifting-mechanism\/\"]}]},{\"@type\":\"ImageObject\",\"inLanguage\":\"lv-LV\",\"@id\":\"https:\/\/dev.myindustrial.eu\/lv\/shop\/rupnieciskas-bremzu-sistemas-un-piedzinas-apstadinasanas-komponentes\/industrialas-disku-un-trumulu-bremzes\/industrial-drum-brakes-with-synchro-lifting-mechanism\/#primaryimage\",\"url\":\"https:\/\/dev.myindustrial.eu\/wp-content\/uploads\/2024\/12\/rft_drumbrake-type-rt.webp\",\"contentUrl\":\"https:\/\/dev.myindustrial.eu\/wp-content\/uploads\/2024\/12\/rft_drumbrake-type-rt.webp\",\"width\":800,\"height\":800},{\"@type\":\"BreadcrumbList\",\"@id\":\"https:\/\/dev.myindustrial.eu\/lv\/shop\/rupnieciskas-bremzu-sistemas-un-piedzinas-apstadinasanas-komponentes\/industrialas-disku-un-trumulu-bremzes\/industrial-drum-brakes-with-synchro-lifting-mechanism\/#breadcrumb\",\"itemListElement\":[{\"@type\":\"ListItem\",\"position\":1,\"name\":\"Home\",\"item\":\"https:\/\/dev.myindustrial.eu\/lv\/\"},{\"@type\":\"ListItem\",\"position\":2,\"name\":\"Products\",\"item\":\"https:\/\/dev.myindustrial.eu\/lv\/products\/\"},{\"@type\":\"ListItem\",\"position\":3,\"name\":\"Industri\u0101l\u0101s trumu\u013cu bremzes ar sinhrono pacel\u0161anas meh\u0101nismu\"}]},{\"@type\":\"WebSite\",\"@id\":\"https:\/\/dev.myindustrial.eu\/lv\/#website\",\"url\":\"https:\/\/dev.myindustrial.eu\/lv\/\",\"name\":\"My industrial\",\"description\":\"\",\"potentialAction\":[{\"@type\":\"SearchAction\",\"target\":{\"@type\":\"EntryPoint\",\"urlTemplate\":\"https:\/\/dev.myindustrial.eu\/lv\/?s={search_term_string}\"},\"query-input\":{\"@type\":\"PropertyValueSpecification\",\"valueRequired\":true,\"valueName\":\"search_term_string\"}}],\"inLanguage\":\"lv-LV\"}]}<\/script>\n<!-- \/ Yoast SEO plugin. -->","yoast_head_json":{"title":"Industri\u0101l\u0101s trumu\u013cu bremzes ar sinhrono pacel\u0161anas meh\u0101nismu - My industrial","robots":{"index":"noindex","follow":"follow","max-snippet":"max-snippet:-1","max-image-preview":"max-image-preview:large","max-video-preview":"max-video-preview:-1"},"og_locale":"lv_LV","og_type":"article","og_title":"Industri\u0101l\u0101s trumu\u013cu bremzes ar sinhrono pacel\u0161anas meh\u0101nismu - My industrial","og_description":"Tips RT Tips TB-SL ar horizont\u0101lu hidrogr\u016bd\u0113ju (st\u016bm\u0113ja) poz\u012bciju   Industri\u0101laj\u0101m trumu\u013cu bremz\u0113m ir uzst\u0101d\u012b\u0161anas izm\u0113ri atbilsto\u0161i DIN 15435 standartam.  Standarta darb\u012bba ar hidrogr\u016bd\u0113ju (st\u016bm\u0113ju)  Vienstie\u0146a brem\u017eu svira  Regul\u0113jams bremz\u0113\u0161anas moments  Ar sinhrono pacel\u0161anas meh\u0101nismu (SLM): autom\u0101tiski nodro\u0161ina vienm\u0113r\u012bgu gaisa spraugu starp brem\u017eu uzliku un brem\u017eu trumu\u013ca virsmu  Autom\u0101tiski darbojas str\u0101vas p\u0101rtraukuma gad\u012bjum\u0101. Pa\u0161iedarb\u012bgs str\u0101vas p\u0101rtraukuma gad\u012bjum\u0101  Bremz\u0113\u0161anas momenti: l\u012bdz 10 000 Nm (standarta versija)  DIN standarta izm\u0113ri \u00d8: 200, 250, 315, 400L, 400V, 500, 630, 710  Alternat\u012bva darb\u012bba: manu\u0101la, hidrauliska, magn\u0113tiska, pneimatiska","og_url":"https:\/\/dev.myindustrial.eu\/lv\/shop\/rupnieciskas-bremzu-sistemas-un-piedzinas-apstadinasanas-komponentes\/industrialas-disku-un-trumulu-bremzes\/industrial-drum-brakes-with-synchro-lifting-mechanism\/","og_site_name":"My industrial","article_modified_time":"2024-12-27T21:38:32+00:00","og_image":[{"width":800,"height":800,"url":"https:\/\/dev.myindustrial.eu\/wp-content\/uploads\/2024\/12\/rft_drumbrake-type-rt.webp","type":"image\/webp"}],"twitter_card":"summary_large_image","schema":{"@context":"https:\/\/schema.org","@graph":[{"@type":"WebPage","@id":"https:\/\/dev.myindustrial.eu\/lv\/shop\/rupnieciskas-bremzu-sistemas-un-piedzinas-apstadinasanas-komponentes\/industrialas-disku-un-trumulu-bremzes\/industrial-drum-brakes-with-synchro-lifting-mechanism\/","url":"https:\/\/dev.myindustrial.eu\/lv\/shop\/rupnieciskas-bremzu-sistemas-un-piedzinas-apstadinasanas-komponentes\/industrialas-disku-un-trumulu-bremzes\/industrial-drum-brakes-with-synchro-lifting-mechanism\/","name":"Industri\u0101l\u0101s trumu\u013cu bremzes ar sinhrono pacel\u0161anas meh\u0101nismu - My industrial","isPartOf":{"@id":"https:\/\/dev.myindustrial.eu\/lv\/#website"},"primaryImageOfPage":{"@id":"https:\/\/dev.myindustrial.eu\/lv\/shop\/rupnieciskas-bremzu-sistemas-un-piedzinas-apstadinasanas-komponentes\/industrialas-disku-un-trumulu-bremzes\/industrial-drum-brakes-with-synchro-lifting-mechanism\/#primaryimage"},"image":{"@id":"https:\/\/dev.myindustrial.eu\/lv\/shop\/rupnieciskas-bremzu-sistemas-un-piedzinas-apstadinasanas-komponentes\/industrialas-disku-un-trumulu-bremzes\/industrial-drum-brakes-with-synchro-lifting-mechanism\/#primaryimage"},"thumbnailUrl":"https:\/\/dev.myindustrial.eu\/wp-content\/uploads\/2024\/12\/rft_drumbrake-type-rt.webp","datePublished":"2024-12-02T12:29:59+00:00","dateModified":"2024-12-27T21:38:32+00:00","breadcrumb":{"@id":"https:\/\/dev.myindustrial.eu\/lv\/shop\/rupnieciskas-bremzu-sistemas-un-piedzinas-apstadinasanas-komponentes\/industrialas-disku-un-trumulu-bremzes\/industrial-drum-brakes-with-synchro-lifting-mechanism\/#breadcrumb"},"inLanguage":"lv-LV","potentialAction":[{"@type":"ReadAction","target":["https:\/\/dev.myindustrial.eu\/lv\/shop\/rupnieciskas-bremzu-sistemas-un-piedzinas-apstadinasanas-komponentes\/industrialas-disku-un-trumulu-bremzes\/industrial-drum-brakes-with-synchro-lifting-mechanism\/"]}]},{"@type":"ImageObject","inLanguage":"lv-LV","@id":"https:\/\/dev.myindustrial.eu\/lv\/shop\/rupnieciskas-bremzu-sistemas-un-piedzinas-apstadinasanas-komponentes\/industrialas-disku-un-trumulu-bremzes\/industrial-drum-brakes-with-synchro-lifting-mechanism\/#primaryimage","url":"https:\/\/dev.myindustrial.eu\/wp-content\/uploads\/2024\/12\/rft_drumbrake-type-rt.webp","contentUrl":"https:\/\/dev.myindustrial.eu\/wp-content\/uploads\/2024\/12\/rft_drumbrake-type-rt.webp","width":800,"height":800},{"@type":"BreadcrumbList","@id":"https:\/\/dev.myindustrial.eu\/lv\/shop\/rupnieciskas-bremzu-sistemas-un-piedzinas-apstadinasanas-komponentes\/industrialas-disku-un-trumulu-bremzes\/industrial-drum-brakes-with-synchro-lifting-mechanism\/#breadcrumb","itemListElement":[{"@type":"ListItem","position":1,"name":"Home","item":"https:\/\/dev.myindustrial.eu\/lv\/"},{"@type":"ListItem","position":2,"name":"Products","item":"https:\/\/dev.myindustrial.eu\/lv\/products\/"},{"@type":"ListItem","position":3,"name":"Industri\u0101l\u0101s trumu\u013cu bremzes ar sinhrono pacel\u0161anas meh\u0101nismu"}]},{"@type":"WebSite","@id":"https:\/\/dev.myindustrial.eu\/lv\/#website","url":"https:\/\/dev.myindustrial.eu\/lv\/","name":"My industrial","description":"","potentialAction":[{"@type":"SearchAction","target":{"@type":"EntryPoint","urlTemplate":"https:\/\/dev.myindustrial.eu\/lv\/?s={search_term_string}"},"query-input":{"@type":"PropertyValueSpecification","valueRequired":true,"valueName":"search_term_string"}}],"inLanguage":"lv-LV"}]}},"_links":{"self":[{"href":"https:\/\/dev.myindustrial.eu\/lv\/wp-json\/wp\/v2\/product\/1260065594","targetHints":{"allow":["GET"]}}],"collection":[{"href":"https:\/\/dev.myindustrial.eu\/lv\/wp-json\/wp\/v2\/product"}],"about":[{"href":"https:\/\/dev.myindustrial.eu\/lv\/wp-json\/wp\/v2\/types\/product"}],"version-history":[{"count":0,"href":"https:\/\/dev.myindustrial.eu\/lv\/wp-json\/wp\/v2\/product\/1260065594\/revisions"}],"wp:featuredmedia":[{"embeddable":true,"href":"https:\/\/dev.myindustrial.eu\/lv\/wp-json\/wp\/v2\/media\/1260065094"}],"wp:attachment":[{"href":"https:\/\/dev.myindustrial.eu\/lv\/wp-json\/wp\/v2\/media?parent=1260065594"}],"wp:term":[{"taxonomy":"product_brand","embeddable":true,"href":"https:\/\/dev.myindustrial.eu\/lv\/wp-json\/wp\/v2\/product_brand?post=1260065594"},{"taxonomy":"product_cat","embeddable":true,"href":"https:\/\/dev.myindustrial.eu\/lv\/wp-json\/wp\/v2\/product_cat?post=1260065594"},{"taxonomy":"product_tag","embeddable":true,"href":"https:\/\/dev.myindustrial.eu\/lv\/wp-json\/wp\/v2\/product_tag?post=1260065594"}],"curies":[{"name":"wp","href":"https:\/\/api.w.org\/{rel}","templated":true}]}}