{"id":1260065599,"date":"2024-12-02T12:31:52","date_gmt":"2024-12-02T12:31:52","guid":{"rendered":"https:\/\/dev.myindustrial.eu\/shop\/uncategorized\/industrial-static-holding-brake\/"},"modified":"2024-12-27T21:45:47","modified_gmt":"2024-12-27T21:45:47","slug":"industrial-static-holding-brake","status":"publish","type":"product","link":"https:\/\/dev.myindustrial.eu\/lv\/shop\/rupnieciskas-bremzu-sistemas-un-piedzinas-apstadinasanas-komponentes\/industrialas-disku-un-trumulu-bremzes\/industrial-static-holding-brake\/","title":{"rendered":"R\u016bpniecisks statiskais brem\u017eu meh\u0101nisms"},"content":{"rendered":"<p><b>\u012apa\u0161\u012bbas<\/b><\/p>\n<ul>\n<li style=\"font-weight: 400;\" aria-level=\"1\"><span style=\"font-weight: 400;\">Brem\u017eu bloki ir stingri nostiprin\u0101ti starp brem\u017eu svir\u0101m, izmantojot skr\u016bvju savienojumu, nevis e\u0146\u0123es, k\u0101 noteikts DIN 15435 standart\u0101.<\/span><\/li>\n<li style=\"font-weight: 400;\" aria-level=\"1\"><span style=\"font-weight: 400;\">Brem\u017eu bloku kont\u016bras tiek apstr\u0101d\u0101tas ar ap\u013cveida fr\u0113z\u0113\u0161anu, \u0146emot v\u0113r\u0101 atbilsto\u0161o rot\u0101cijas korpusu (piem\u0113ram, v\u0101rpstu, trumu\u013cu u. c.).<\/span><\/li>\n<li style=\"font-weight: 400;\" aria-level=\"1\"><span style=\"font-weight: 400;\">T\u0101d\u0113j\u0101di jebkuru diametru var realiz\u0113t k\u0101 rot\u0101cijas korpusu atbilsto\u0161i DIN 15435 trumu\u013cu izm\u0113riem.<\/span><\/li>\n<\/ul>\n","protected":false},"excerpt":{"rendered":"<p><b>R\u016bpniecisks st\u0101vbrem\u017eu meh\u0101nisms<\/b><\/p>\n<p><b>Meh\u0101niska tipa industri\u0101l\u0101 trumu\u013cu st\u0101vbremze<\/b><span style=\"font-weight: 400;\"><br \/>\n<\/span><b>Tips KB<\/b><\/p>\n<p><span style=\"font-weight: 400;\">\u012apa\u0161i piem\u0113rots k\u0101 r\u016bpniecisks statiskais trumu\u013cu \u201cbarab\u0101nu\u201d brem\u017eu meh\u0101nisms (nav piem\u0113rots dinamiskai bremz\u0113\u0161anai).<\/span><span style=\"font-weight: 400;\"><br \/>\n<\/span><span style=\"font-weight: 400;\">Nov\u0113r\u0161 iesp\u0113jamo kust\u012bbu apkopes darbu laik\u0101 vai nejau\u0161u iek\u0101rtas kust\u012bbu uz ku\u0123u v\u0101rpst\u0101m, liel\u0101m ventilatoru sist\u0113m\u0101m, v\u0113ja turb\u012bn\u0101m vai r\u016bpniecisk\u0101m iek\u0101rt\u0101m.<\/span><\/p>\n<ul>\n<li style=\"font-weight: 400;\" aria-level=\"1\"><span style=\"font-weight: 400;\">Statiskais trumu\u013cu brem\u017eu meh\u0101nisms (nav dinamisk\u0101s bremz\u0113\u0161anas risin\u0101jums)<\/span><\/li>\n<li style=\"font-weight: 400;\" aria-level=\"1\"><span style=\"font-weight: 400;\">Piel\u0101gojams jebkuram v\u0101rpstas diametram (140 l\u012bdz 750 mm)<\/span><\/li>\n<li style=\"font-weight: 400;\" aria-level=\"1\"><span style=\"font-weight: 400;\">Speci\u0101las brem\u017eu uzlikas<\/span><\/li>\n<li style=\"font-weight: 400;\" aria-level=\"1\"><span style=\"font-weight: 400;\">Bremz\u0113\u0161anas moments l\u012bdz 10 563 Nm vienai brem\u017eu sist\u0113mai<\/span><\/li>\n<li style=\"font-weight: 400;\" aria-level=\"1\"><span style=\"font-weight: 400;\">9 brem\u017eu izm\u0113ri<\/span><\/li>\n<li style=\"font-weight: 400;\" aria-level=\"1\"><span style=\"font-weight: 400;\">Divu sviru brem\u017eu versija<\/span><\/li>\n<li style=\"font-weight: 400;\" aria-level=\"1\"><span style=\"font-weight: 400;\">Standarta kr\u0101sojums RAL 7024<\/span><\/li>\n<li style=\"font-weight: 400;\" aria-level=\"1\"><span style=\"font-weight: 400;\">Nedarbojas patst\u0101v\u012bgi str\u0101vas padeves trauc\u0113jumu gad\u012bjum\u0101<\/span><\/li>\n<\/ul>\n","protected":false},"featured_media":1260065100,"template":"","meta":[],"product_brand":[],"product_cat":[1713],"product_tag":[],"class_list":{"0":"post-1260065599","1":"product","2":"type-product","3":"status-publish","4":"has-post-thumbnail","6":"product_cat-industrialas-disku-un-trumulu-bremzes","8":"first","9":"instock","10":"shipping-taxable","11":"product-type-simple"},"yoast_head":"<!-- This site is optimized with the Yoast SEO plugin v27.1.1 - https:\/\/yoast.com\/product\/yoast-seo-wordpress\/ -->\n<title>R\u016bpniecisks statiskais brem\u017eu meh\u0101nisms - My industrial<\/title>\n<meta name=\"robots\" content=\"noindex, follow, max-snippet:-1, max-image-preview:large, max-video-preview:-1\" \/>\n<meta property=\"og:locale\" content=\"lv_LV\" \/>\n<meta property=\"og:type\" content=\"article\" \/>\n<meta property=\"og:title\" content=\"R\u016bpniecisks statiskais brem\u017eu meh\u0101nisms - My industrial\" \/>\n<meta property=\"og:description\" content=\"R\u016bpniecisks st\u0101vbrem\u017eu meh\u0101nisms  Meh\u0101niska tipa industri\u0101l\u0101 trumu\u013cu st\u0101vbremze Tips KB  \u012apa\u0161i piem\u0113rots k\u0101 r\u016bpniecisks statiskais trumu\u013cu \u201cbarab\u0101nu\u201d brem\u017eu meh\u0101nisms (nav piem\u0113rots dinamiskai bremz\u0113\u0161anai). Nov\u0113r\u0161 iesp\u0113jamo kust\u012bbu apkopes darbu laik\u0101 vai nejau\u0161u iek\u0101rtas kust\u012bbu uz ku\u0123u v\u0101rpst\u0101m, liel\u0101m ventilatoru sist\u0113m\u0101m, v\u0113ja turb\u012bn\u0101m vai r\u016bpniecisk\u0101m iek\u0101rt\u0101m.   Statiskais trumu\u013cu brem\u017eu meh\u0101nisms (nav dinamisk\u0101s bremz\u0113\u0161anas risin\u0101jums)  Piel\u0101gojams jebkuram v\u0101rpstas diametram (140 l\u012bdz 750 mm)  Speci\u0101las brem\u017eu uzlikas  Bremz\u0113\u0161anas moments l\u012bdz 10 563 Nm vienai brem\u017eu sist\u0113mai  9 brem\u017eu izm\u0113ri  Divu sviru brem\u017eu versija  Standarta kr\u0101sojums RAL 7024  Nedarbojas patst\u0101v\u012bgi str\u0101vas padeves trauc\u0113jumu gad\u012bjum\u0101\" \/>\n<meta property=\"og:url\" content=\"https:\/\/dev.myindustrial.eu\/lv\/shop\/rupnieciskas-bremzu-sistemas-un-piedzinas-apstadinasanas-komponentes\/industrialas-disku-un-trumulu-bremzes\/industrial-static-holding-brake\/\" \/>\n<meta property=\"og:site_name\" content=\"My industrial\" \/>\n<meta property=\"article:modified_time\" content=\"2024-12-27T21:45:47+00:00\" \/>\n<meta property=\"og:image\" content=\"https:\/\/dev.myindustrial.eu\/wp-content\/uploads\/2024\/12\/klotzbremse_kbhkk-320.webp\" \/>\n\t<meta property=\"og:image:width\" content=\"800\" \/>\n\t<meta property=\"og:image:height\" content=\"800\" \/>\n\t<meta property=\"og:image:type\" content=\"image\/webp\" \/>\n<meta name=\"twitter:card\" content=\"summary_large_image\" \/>\n<script type=\"application\/ld+json\" class=\"yoast-schema-graph\">{\"@context\":\"https:\/\/schema.org\",\"@graph\":[{\"@type\":\"WebPage\",\"@id\":\"https:\/\/dev.myindustrial.eu\/lv\/shop\/rupnieciskas-bremzu-sistemas-un-piedzinas-apstadinasanas-komponentes\/industrialas-disku-un-trumulu-bremzes\/industrial-static-holding-brake\/\",\"url\":\"https:\/\/dev.myindustrial.eu\/lv\/shop\/rupnieciskas-bremzu-sistemas-un-piedzinas-apstadinasanas-komponentes\/industrialas-disku-un-trumulu-bremzes\/industrial-static-holding-brake\/\",\"name\":\"R\u016bpniecisks statiskais brem\u017eu meh\u0101nisms - My industrial\",\"isPartOf\":{\"@id\":\"https:\/\/dev.myindustrial.eu\/lv\/#website\"},\"primaryImageOfPage\":{\"@id\":\"https:\/\/dev.myindustrial.eu\/lv\/shop\/rupnieciskas-bremzu-sistemas-un-piedzinas-apstadinasanas-komponentes\/industrialas-disku-un-trumulu-bremzes\/industrial-static-holding-brake\/#primaryimage\"},\"image\":{\"@id\":\"https:\/\/dev.myindustrial.eu\/lv\/shop\/rupnieciskas-bremzu-sistemas-un-piedzinas-apstadinasanas-komponentes\/industrialas-disku-un-trumulu-bremzes\/industrial-static-holding-brake\/#primaryimage\"},\"thumbnailUrl\":\"https:\/\/dev.myindustrial.eu\/wp-content\/uploads\/2024\/12\/klotzbremse_kbhkk-320.webp\",\"datePublished\":\"2024-12-02T12:31:52+00:00\",\"dateModified\":\"2024-12-27T21:45:47+00:00\",\"breadcrumb\":{\"@id\":\"https:\/\/dev.myindustrial.eu\/lv\/shop\/rupnieciskas-bremzu-sistemas-un-piedzinas-apstadinasanas-komponentes\/industrialas-disku-un-trumulu-bremzes\/industrial-static-holding-brake\/#breadcrumb\"},\"inLanguage\":\"lv-LV\",\"potentialAction\":[{\"@type\":\"ReadAction\",\"target\":[\"https:\/\/dev.myindustrial.eu\/lv\/shop\/rupnieciskas-bremzu-sistemas-un-piedzinas-apstadinasanas-komponentes\/industrialas-disku-un-trumulu-bremzes\/industrial-static-holding-brake\/\"]}]},{\"@type\":\"ImageObject\",\"inLanguage\":\"lv-LV\",\"@id\":\"https:\/\/dev.myindustrial.eu\/lv\/shop\/rupnieciskas-bremzu-sistemas-un-piedzinas-apstadinasanas-komponentes\/industrialas-disku-un-trumulu-bremzes\/industrial-static-holding-brake\/#primaryimage\",\"url\":\"https:\/\/dev.myindustrial.eu\/wp-content\/uploads\/2024\/12\/klotzbremse_kbhkk-320.webp\",\"contentUrl\":\"https:\/\/dev.myindustrial.eu\/wp-content\/uploads\/2024\/12\/klotzbremse_kbhkk-320.webp\",\"width\":800,\"height\":800},{\"@type\":\"BreadcrumbList\",\"@id\":\"https:\/\/dev.myindustrial.eu\/lv\/shop\/rupnieciskas-bremzu-sistemas-un-piedzinas-apstadinasanas-komponentes\/industrialas-disku-un-trumulu-bremzes\/industrial-static-holding-brake\/#breadcrumb\",\"itemListElement\":[{\"@type\":\"ListItem\",\"position\":1,\"name\":\"Home\",\"item\":\"https:\/\/dev.myindustrial.eu\/lv\/\"},{\"@type\":\"ListItem\",\"position\":2,\"name\":\"Products\",\"item\":\"https:\/\/dev.myindustrial.eu\/lv\/products\/\"},{\"@type\":\"ListItem\",\"position\":3,\"name\":\"R\u016bpniecisks statiskais brem\u017eu meh\u0101nisms\"}]},{\"@type\":\"WebSite\",\"@id\":\"https:\/\/dev.myindustrial.eu\/lv\/#website\",\"url\":\"https:\/\/dev.myindustrial.eu\/lv\/\",\"name\":\"My industrial\",\"description\":\"\",\"potentialAction\":[{\"@type\":\"SearchAction\",\"target\":{\"@type\":\"EntryPoint\",\"urlTemplate\":\"https:\/\/dev.myindustrial.eu\/lv\/?s={search_term_string}\"},\"query-input\":{\"@type\":\"PropertyValueSpecification\",\"valueRequired\":true,\"valueName\":\"search_term_string\"}}],\"inLanguage\":\"lv-LV\"}]}<\/script>\n<!-- \/ Yoast SEO plugin. -->","yoast_head_json":{"title":"R\u016bpniecisks statiskais brem\u017eu meh\u0101nisms - My industrial","robots":{"index":"noindex","follow":"follow","max-snippet":"max-snippet:-1","max-image-preview":"max-image-preview:large","max-video-preview":"max-video-preview:-1"},"og_locale":"lv_LV","og_type":"article","og_title":"R\u016bpniecisks statiskais brem\u017eu meh\u0101nisms - My industrial","og_description":"R\u016bpniecisks st\u0101vbrem\u017eu meh\u0101nisms  Meh\u0101niska tipa industri\u0101l\u0101 trumu\u013cu st\u0101vbremze Tips KB  \u012apa\u0161i piem\u0113rots k\u0101 r\u016bpniecisks statiskais trumu\u013cu \u201cbarab\u0101nu\u201d brem\u017eu meh\u0101nisms (nav piem\u0113rots dinamiskai bremz\u0113\u0161anai). Nov\u0113r\u0161 iesp\u0113jamo kust\u012bbu apkopes darbu laik\u0101 vai nejau\u0161u iek\u0101rtas kust\u012bbu uz ku\u0123u v\u0101rpst\u0101m, liel\u0101m ventilatoru sist\u0113m\u0101m, v\u0113ja turb\u012bn\u0101m vai r\u016bpniecisk\u0101m iek\u0101rt\u0101m.   Statiskais trumu\u013cu brem\u017eu meh\u0101nisms (nav dinamisk\u0101s bremz\u0113\u0161anas risin\u0101jums)  Piel\u0101gojams jebkuram v\u0101rpstas diametram (140 l\u012bdz 750 mm)  Speci\u0101las brem\u017eu uzlikas  Bremz\u0113\u0161anas moments l\u012bdz 10 563 Nm vienai brem\u017eu sist\u0113mai  9 brem\u017eu izm\u0113ri  Divu sviru brem\u017eu versija  Standarta kr\u0101sojums RAL 7024  Nedarbojas patst\u0101v\u012bgi str\u0101vas padeves trauc\u0113jumu gad\u012bjum\u0101","og_url":"https:\/\/dev.myindustrial.eu\/lv\/shop\/rupnieciskas-bremzu-sistemas-un-piedzinas-apstadinasanas-komponentes\/industrialas-disku-un-trumulu-bremzes\/industrial-static-holding-brake\/","og_site_name":"My industrial","article_modified_time":"2024-12-27T21:45:47+00:00","og_image":[{"width":800,"height":800,"url":"https:\/\/dev.myindustrial.eu\/wp-content\/uploads\/2024\/12\/klotzbremse_kbhkk-320.webp","type":"image\/webp"}],"twitter_card":"summary_large_image","schema":{"@context":"https:\/\/schema.org","@graph":[{"@type":"WebPage","@id":"https:\/\/dev.myindustrial.eu\/lv\/shop\/rupnieciskas-bremzu-sistemas-un-piedzinas-apstadinasanas-komponentes\/industrialas-disku-un-trumulu-bremzes\/industrial-static-holding-brake\/","url":"https:\/\/dev.myindustrial.eu\/lv\/shop\/rupnieciskas-bremzu-sistemas-un-piedzinas-apstadinasanas-komponentes\/industrialas-disku-un-trumulu-bremzes\/industrial-static-holding-brake\/","name":"R\u016bpniecisks statiskais brem\u017eu meh\u0101nisms - My industrial","isPartOf":{"@id":"https:\/\/dev.myindustrial.eu\/lv\/#website"},"primaryImageOfPage":{"@id":"https:\/\/dev.myindustrial.eu\/lv\/shop\/rupnieciskas-bremzu-sistemas-un-piedzinas-apstadinasanas-komponentes\/industrialas-disku-un-trumulu-bremzes\/industrial-static-holding-brake\/#primaryimage"},"image":{"@id":"https:\/\/dev.myindustrial.eu\/lv\/shop\/rupnieciskas-bremzu-sistemas-un-piedzinas-apstadinasanas-komponentes\/industrialas-disku-un-trumulu-bremzes\/industrial-static-holding-brake\/#primaryimage"},"thumbnailUrl":"https:\/\/dev.myindustrial.eu\/wp-content\/uploads\/2024\/12\/klotzbremse_kbhkk-320.webp","datePublished":"2024-12-02T12:31:52+00:00","dateModified":"2024-12-27T21:45:47+00:00","breadcrumb":{"@id":"https:\/\/dev.myindustrial.eu\/lv\/shop\/rupnieciskas-bremzu-sistemas-un-piedzinas-apstadinasanas-komponentes\/industrialas-disku-un-trumulu-bremzes\/industrial-static-holding-brake\/#breadcrumb"},"inLanguage":"lv-LV","potentialAction":[{"@type":"ReadAction","target":["https:\/\/dev.myindustrial.eu\/lv\/shop\/rupnieciskas-bremzu-sistemas-un-piedzinas-apstadinasanas-komponentes\/industrialas-disku-un-trumulu-bremzes\/industrial-static-holding-brake\/"]}]},{"@type":"ImageObject","inLanguage":"lv-LV","@id":"https:\/\/dev.myindustrial.eu\/lv\/shop\/rupnieciskas-bremzu-sistemas-un-piedzinas-apstadinasanas-komponentes\/industrialas-disku-un-trumulu-bremzes\/industrial-static-holding-brake\/#primaryimage","url":"https:\/\/dev.myindustrial.eu\/wp-content\/uploads\/2024\/12\/klotzbremse_kbhkk-320.webp","contentUrl":"https:\/\/dev.myindustrial.eu\/wp-content\/uploads\/2024\/12\/klotzbremse_kbhkk-320.webp","width":800,"height":800},{"@type":"BreadcrumbList","@id":"https:\/\/dev.myindustrial.eu\/lv\/shop\/rupnieciskas-bremzu-sistemas-un-piedzinas-apstadinasanas-komponentes\/industrialas-disku-un-trumulu-bremzes\/industrial-static-holding-brake\/#breadcrumb","itemListElement":[{"@type":"ListItem","position":1,"name":"Home","item":"https:\/\/dev.myindustrial.eu\/lv\/"},{"@type":"ListItem","position":2,"name":"Products","item":"https:\/\/dev.myindustrial.eu\/lv\/products\/"},{"@type":"ListItem","position":3,"name":"R\u016bpniecisks statiskais brem\u017eu meh\u0101nisms"}]},{"@type":"WebSite","@id":"https:\/\/dev.myindustrial.eu\/lv\/#website","url":"https:\/\/dev.myindustrial.eu\/lv\/","name":"My industrial","description":"","potentialAction":[{"@type":"SearchAction","target":{"@type":"EntryPoint","urlTemplate":"https:\/\/dev.myindustrial.eu\/lv\/?s={search_term_string}"},"query-input":{"@type":"PropertyValueSpecification","valueRequired":true,"valueName":"search_term_string"}}],"inLanguage":"lv-LV"}]}},"_links":{"self":[{"href":"https:\/\/dev.myindustrial.eu\/lv\/wp-json\/wp\/v2\/product\/1260065599","targetHints":{"allow":["GET"]}}],"collection":[{"href":"https:\/\/dev.myindustrial.eu\/lv\/wp-json\/wp\/v2\/product"}],"about":[{"href":"https:\/\/dev.myindustrial.eu\/lv\/wp-json\/wp\/v2\/types\/product"}],"version-history":[{"count":1,"href":"https:\/\/dev.myindustrial.eu\/lv\/wp-json\/wp\/v2\/product\/1260065599\/revisions"}],"predecessor-version":[{"id":1260065600,"href":"https:\/\/dev.myindustrial.eu\/lv\/wp-json\/wp\/v2\/product\/1260065599\/revisions\/1260065600"}],"wp:featuredmedia":[{"embeddable":true,"href":"https:\/\/dev.myindustrial.eu\/lv\/wp-json\/wp\/v2\/media\/1260065100"}],"wp:attachment":[{"href":"https:\/\/dev.myindustrial.eu\/lv\/wp-json\/wp\/v2\/media?parent=1260065599"}],"wp:term":[{"taxonomy":"product_brand","embeddable":true,"href":"https:\/\/dev.myindustrial.eu\/lv\/wp-json\/wp\/v2\/product_brand?post=1260065599"},{"taxonomy":"product_cat","embeddable":true,"href":"https:\/\/dev.myindustrial.eu\/lv\/wp-json\/wp\/v2\/product_cat?post=1260065599"},{"taxonomy":"product_tag","embeddable":true,"href":"https:\/\/dev.myindustrial.eu\/lv\/wp-json\/wp\/v2\/product_tag?post=1260065599"}],"curies":[{"name":"wp","href":"https:\/\/api.w.org\/{rel}","templated":true}]}}