{"id":1260065604,"date":"2024-12-02T12:35:53","date_gmt":"2024-12-02T12:35:53","guid":{"rendered":"https:\/\/dev.myindustrial.eu\/shop\/uncategorized\/industrial-sheaves-rope-pulleys\/"},"modified":"2024-12-27T21:55:29","modified_gmt":"2024-12-27T21:55:29","slug":"industrial-sheaves-rope-pulleys","status":"publish","type":"product","link":"https:\/\/dev.myindustrial.eu\/lv\/shop\/rupnieciskas-bremzu-sistemas-un-piedzinas-apstadinasanas-komponentes\/varpstas-un-virves-skriemeli\/industrial-sheaves-rope-pulleys\/","title":{"rendered":"Industri\u0101lie v\u0101rpstas un virves skrieme\u013ci"},"content":{"rendered":"","protected":false},"excerpt":{"rendered":"<p><span style=\"font-weight: 400;\">Kaltas pacel\u0161anas kr\u0101nu v\u0101rpstas ar diametru no 225, 250 l\u012bdz 2000 mm, bez vai saliktas.<\/span><span style=\"font-weight: 400;\"><br \/>\n<\/span><span style=\"font-weight: 400;\">Kaltu ra\u017eo\u0161ana nodro\u0161ina izcilas funkcion\u0101l\u0101s un iztur\u012bbas \u012bpa\u0161\u012bbas, pateicoties mas\u012bv\u0101kiem un vienm\u0113r\u012bg\u0101kiem komponentiem. Uzman\u012bba cietin\u0101\u0161anas posmiem, katra procesa r\u016bp\u012bga apstr\u0101de un precizit\u0101te gala produkta izstr\u0101d\u0113 \u013cauj mums apmierin\u0101t klientu vajadz\u012bbas attiec\u012bb\u0101 uz kvalit\u0101ti un uzticam\u012bbu.<\/span><\/p>\n<ul>\n<li style=\"font-weight: 400;\" aria-level=\"1\"><span style=\"font-weight: 400;\">No \u00d8 225 l\u012bdz \u00d8 2000 mm<\/span><\/li>\n<li style=\"font-weight: 400;\" aria-level=\"1\"><span style=\"font-weight: 400;\">Standarts: no cietas materi\u0101la<\/span><\/li>\n<li style=\"font-weight: 400;\" aria-level=\"1\"><span style=\"font-weight: 400;\">Piln\u012bgais cilindrisk\u0101 rull\u012b\u0161a gultnis divos rindos, ar ab\u0101m pus\u0113m aizsarg\u0101ts<\/span><\/li>\n<li style=\"font-weight: 400;\" aria-level=\"1\"><span style=\"font-weight: 400;\">Augstas kvalit\u0101tes 2-komponentu p\u0101rkl\u0101jumi<\/span><\/li>\n<li style=\"font-weight: 400;\" aria-level=\"1\"><span style=\"font-weight: 400;\">Augsts kvalit\u0101tes l\u012bmenis \u2013 ilgs kalpo\u0161anas laiks<\/span><\/li>\n<\/ul>\n","protected":false},"featured_media":1260065121,"template":"","meta":[],"product_brand":[],"product_cat":[1717],"product_tag":[],"class_list":{"0":"post-1260065604","1":"product","2":"type-product","3":"status-publish","4":"has-post-thumbnail","6":"product_cat-varpstas-un-virves-skriemeli","8":"first","9":"instock","10":"shipping-taxable","11":"product-type-simple"},"yoast_head":"<!-- This site is optimized with the Yoast SEO plugin v27.1.1 - https:\/\/yoast.com\/product\/yoast-seo-wordpress\/ -->\n<title>Industri\u0101lie v\u0101rpstas un virves skrieme\u013ci - My industrial<\/title>\n<meta name=\"robots\" content=\"noindex, follow, max-snippet:-1, max-image-preview:large, max-video-preview:-1\" \/>\n<meta property=\"og:locale\" content=\"lv_LV\" \/>\n<meta property=\"og:type\" content=\"article\" \/>\n<meta property=\"og:title\" content=\"Industri\u0101lie v\u0101rpstas un virves skrieme\u013ci - My industrial\" \/>\n<meta property=\"og:description\" content=\"Kaltas pacel\u0161anas kr\u0101nu v\u0101rpstas ar diametru no 225, 250 l\u012bdz 2000 mm, bez vai saliktas. Kaltu ra\u017eo\u0161ana nodro\u0161ina izcilas funkcion\u0101l\u0101s un iztur\u012bbas \u012bpa\u0161\u012bbas, pateicoties mas\u012bv\u0101kiem un vienm\u0113r\u012bg\u0101kiem komponentiem. Uzman\u012bba cietin\u0101\u0161anas posmiem, katra procesa r\u016bp\u012bga apstr\u0101de un precizit\u0101te gala produkta izstr\u0101d\u0113 \u013cauj mums apmierin\u0101t klientu vajadz\u012bbas attiec\u012bb\u0101 uz kvalit\u0101ti un uzticam\u012bbu.   No \u00d8 225 l\u012bdz \u00d8 2000 mm  Standarts: no cietas materi\u0101la  Piln\u012bgais cilindrisk\u0101 rull\u012b\u0161a gultnis divos rindos, ar ab\u0101m pus\u0113m aizsarg\u0101ts  Augstas kvalit\u0101tes 2-komponentu p\u0101rkl\u0101jumi  Augsts kvalit\u0101tes l\u012bmenis \u2013 ilgs kalpo\u0161anas laiks\" \/>\n<meta property=\"og:url\" content=\"https:\/\/dev.myindustrial.eu\/lv\/shop\/rupnieciskas-bremzu-sistemas-un-piedzinas-apstadinasanas-komponentes\/varpstas-un-virves-skriemeli\/industrial-sheaves-rope-pulleys\/\" \/>\n<meta property=\"og:site_name\" content=\"My industrial\" \/>\n<meta property=\"article:modified_time\" content=\"2024-12-27T21:55:29+00:00\" \/>\n<meta property=\"og:image\" content=\"https:\/\/dev.myindustrial.eu\/wp-content\/uploads\/2024\/12\/shaves-rope-pulleys-4.webp\" \/>\n\t<meta property=\"og:image:width\" content=\"800\" \/>\n\t<meta property=\"og:image:height\" content=\"800\" \/>\n\t<meta property=\"og:image:type\" content=\"image\/webp\" \/>\n<meta name=\"twitter:card\" content=\"summary_large_image\" \/>\n<script type=\"application\/ld+json\" class=\"yoast-schema-graph\">{\"@context\":\"https:\/\/schema.org\",\"@graph\":[{\"@type\":\"WebPage\",\"@id\":\"https:\/\/dev.myindustrial.eu\/lv\/shop\/rupnieciskas-bremzu-sistemas-un-piedzinas-apstadinasanas-komponentes\/varpstas-un-virves-skriemeli\/industrial-sheaves-rope-pulleys\/\",\"url\":\"https:\/\/dev.myindustrial.eu\/lv\/shop\/rupnieciskas-bremzu-sistemas-un-piedzinas-apstadinasanas-komponentes\/varpstas-un-virves-skriemeli\/industrial-sheaves-rope-pulleys\/\",\"name\":\"Industri\u0101lie v\u0101rpstas un virves skrieme\u013ci - My industrial\",\"isPartOf\":{\"@id\":\"https:\/\/dev.myindustrial.eu\/lv\/#website\"},\"primaryImageOfPage\":{\"@id\":\"https:\/\/dev.myindustrial.eu\/lv\/shop\/rupnieciskas-bremzu-sistemas-un-piedzinas-apstadinasanas-komponentes\/varpstas-un-virves-skriemeli\/industrial-sheaves-rope-pulleys\/#primaryimage\"},\"image\":{\"@id\":\"https:\/\/dev.myindustrial.eu\/lv\/shop\/rupnieciskas-bremzu-sistemas-un-piedzinas-apstadinasanas-komponentes\/varpstas-un-virves-skriemeli\/industrial-sheaves-rope-pulleys\/#primaryimage\"},\"thumbnailUrl\":\"https:\/\/dev.myindustrial.eu\/wp-content\/uploads\/2024\/12\/shaves-rope-pulleys-4.webp\",\"datePublished\":\"2024-12-02T12:35:53+00:00\",\"dateModified\":\"2024-12-27T21:55:29+00:00\",\"breadcrumb\":{\"@id\":\"https:\/\/dev.myindustrial.eu\/lv\/shop\/rupnieciskas-bremzu-sistemas-un-piedzinas-apstadinasanas-komponentes\/varpstas-un-virves-skriemeli\/industrial-sheaves-rope-pulleys\/#breadcrumb\"},\"inLanguage\":\"lv-LV\",\"potentialAction\":[{\"@type\":\"ReadAction\",\"target\":[\"https:\/\/dev.myindustrial.eu\/lv\/shop\/rupnieciskas-bremzu-sistemas-un-piedzinas-apstadinasanas-komponentes\/varpstas-un-virves-skriemeli\/industrial-sheaves-rope-pulleys\/\"]}]},{\"@type\":\"ImageObject\",\"inLanguage\":\"lv-LV\",\"@id\":\"https:\/\/dev.myindustrial.eu\/lv\/shop\/rupnieciskas-bremzu-sistemas-un-piedzinas-apstadinasanas-komponentes\/varpstas-un-virves-skriemeli\/industrial-sheaves-rope-pulleys\/#primaryimage\",\"url\":\"https:\/\/dev.myindustrial.eu\/wp-content\/uploads\/2024\/12\/shaves-rope-pulleys-4.webp\",\"contentUrl\":\"https:\/\/dev.myindustrial.eu\/wp-content\/uploads\/2024\/12\/shaves-rope-pulleys-4.webp\",\"width\":800,\"height\":800},{\"@type\":\"BreadcrumbList\",\"@id\":\"https:\/\/dev.myindustrial.eu\/lv\/shop\/rupnieciskas-bremzu-sistemas-un-piedzinas-apstadinasanas-komponentes\/varpstas-un-virves-skriemeli\/industrial-sheaves-rope-pulleys\/#breadcrumb\",\"itemListElement\":[{\"@type\":\"ListItem\",\"position\":1,\"name\":\"Home\",\"item\":\"https:\/\/dev.myindustrial.eu\/lv\/\"},{\"@type\":\"ListItem\",\"position\":2,\"name\":\"Products\",\"item\":\"https:\/\/dev.myindustrial.eu\/lv\/products\/\"},{\"@type\":\"ListItem\",\"position\":3,\"name\":\"Industri\u0101lie v\u0101rpstas un virves skrieme\u013ci\"}]},{\"@type\":\"WebSite\",\"@id\":\"https:\/\/dev.myindustrial.eu\/lv\/#website\",\"url\":\"https:\/\/dev.myindustrial.eu\/lv\/\",\"name\":\"My industrial\",\"description\":\"\",\"potentialAction\":[{\"@type\":\"SearchAction\",\"target\":{\"@type\":\"EntryPoint\",\"urlTemplate\":\"https:\/\/dev.myindustrial.eu\/lv\/?s={search_term_string}\"},\"query-input\":{\"@type\":\"PropertyValueSpecification\",\"valueRequired\":true,\"valueName\":\"search_term_string\"}}],\"inLanguage\":\"lv-LV\"}]}<\/script>\n<!-- \/ Yoast SEO plugin. -->","yoast_head_json":{"title":"Industri\u0101lie v\u0101rpstas un virves skrieme\u013ci - My industrial","robots":{"index":"noindex","follow":"follow","max-snippet":"max-snippet:-1","max-image-preview":"max-image-preview:large","max-video-preview":"max-video-preview:-1"},"og_locale":"lv_LV","og_type":"article","og_title":"Industri\u0101lie v\u0101rpstas un virves skrieme\u013ci - My industrial","og_description":"Kaltas pacel\u0161anas kr\u0101nu v\u0101rpstas ar diametru no 225, 250 l\u012bdz 2000 mm, bez vai saliktas. Kaltu ra\u017eo\u0161ana nodro\u0161ina izcilas funkcion\u0101l\u0101s un iztur\u012bbas \u012bpa\u0161\u012bbas, pateicoties mas\u012bv\u0101kiem un vienm\u0113r\u012bg\u0101kiem komponentiem. Uzman\u012bba cietin\u0101\u0161anas posmiem, katra procesa r\u016bp\u012bga apstr\u0101de un precizit\u0101te gala produkta izstr\u0101d\u0113 \u013cauj mums apmierin\u0101t klientu vajadz\u012bbas attiec\u012bb\u0101 uz kvalit\u0101ti un uzticam\u012bbu.   No \u00d8 225 l\u012bdz \u00d8 2000 mm  Standarts: no cietas materi\u0101la  Piln\u012bgais cilindrisk\u0101 rull\u012b\u0161a gultnis divos rindos, ar ab\u0101m pus\u0113m aizsarg\u0101ts  Augstas kvalit\u0101tes 2-komponentu p\u0101rkl\u0101jumi  Augsts kvalit\u0101tes l\u012bmenis \u2013 ilgs kalpo\u0161anas laiks","og_url":"https:\/\/dev.myindustrial.eu\/lv\/shop\/rupnieciskas-bremzu-sistemas-un-piedzinas-apstadinasanas-komponentes\/varpstas-un-virves-skriemeli\/industrial-sheaves-rope-pulleys\/","og_site_name":"My industrial","article_modified_time":"2024-12-27T21:55:29+00:00","og_image":[{"width":800,"height":800,"url":"https:\/\/dev.myindustrial.eu\/wp-content\/uploads\/2024\/12\/shaves-rope-pulleys-4.webp","type":"image\/webp"}],"twitter_card":"summary_large_image","schema":{"@context":"https:\/\/schema.org","@graph":[{"@type":"WebPage","@id":"https:\/\/dev.myindustrial.eu\/lv\/shop\/rupnieciskas-bremzu-sistemas-un-piedzinas-apstadinasanas-komponentes\/varpstas-un-virves-skriemeli\/industrial-sheaves-rope-pulleys\/","url":"https:\/\/dev.myindustrial.eu\/lv\/shop\/rupnieciskas-bremzu-sistemas-un-piedzinas-apstadinasanas-komponentes\/varpstas-un-virves-skriemeli\/industrial-sheaves-rope-pulleys\/","name":"Industri\u0101lie v\u0101rpstas un virves skrieme\u013ci - My industrial","isPartOf":{"@id":"https:\/\/dev.myindustrial.eu\/lv\/#website"},"primaryImageOfPage":{"@id":"https:\/\/dev.myindustrial.eu\/lv\/shop\/rupnieciskas-bremzu-sistemas-un-piedzinas-apstadinasanas-komponentes\/varpstas-un-virves-skriemeli\/industrial-sheaves-rope-pulleys\/#primaryimage"},"image":{"@id":"https:\/\/dev.myindustrial.eu\/lv\/shop\/rupnieciskas-bremzu-sistemas-un-piedzinas-apstadinasanas-komponentes\/varpstas-un-virves-skriemeli\/industrial-sheaves-rope-pulleys\/#primaryimage"},"thumbnailUrl":"https:\/\/dev.myindustrial.eu\/wp-content\/uploads\/2024\/12\/shaves-rope-pulleys-4.webp","datePublished":"2024-12-02T12:35:53+00:00","dateModified":"2024-12-27T21:55:29+00:00","breadcrumb":{"@id":"https:\/\/dev.myindustrial.eu\/lv\/shop\/rupnieciskas-bremzu-sistemas-un-piedzinas-apstadinasanas-komponentes\/varpstas-un-virves-skriemeli\/industrial-sheaves-rope-pulleys\/#breadcrumb"},"inLanguage":"lv-LV","potentialAction":[{"@type":"ReadAction","target":["https:\/\/dev.myindustrial.eu\/lv\/shop\/rupnieciskas-bremzu-sistemas-un-piedzinas-apstadinasanas-komponentes\/varpstas-un-virves-skriemeli\/industrial-sheaves-rope-pulleys\/"]}]},{"@type":"ImageObject","inLanguage":"lv-LV","@id":"https:\/\/dev.myindustrial.eu\/lv\/shop\/rupnieciskas-bremzu-sistemas-un-piedzinas-apstadinasanas-komponentes\/varpstas-un-virves-skriemeli\/industrial-sheaves-rope-pulleys\/#primaryimage","url":"https:\/\/dev.myindustrial.eu\/wp-content\/uploads\/2024\/12\/shaves-rope-pulleys-4.webp","contentUrl":"https:\/\/dev.myindustrial.eu\/wp-content\/uploads\/2024\/12\/shaves-rope-pulleys-4.webp","width":800,"height":800},{"@type":"BreadcrumbList","@id":"https:\/\/dev.myindustrial.eu\/lv\/shop\/rupnieciskas-bremzu-sistemas-un-piedzinas-apstadinasanas-komponentes\/varpstas-un-virves-skriemeli\/industrial-sheaves-rope-pulleys\/#breadcrumb","itemListElement":[{"@type":"ListItem","position":1,"name":"Home","item":"https:\/\/dev.myindustrial.eu\/lv\/"},{"@type":"ListItem","position":2,"name":"Products","item":"https:\/\/dev.myindustrial.eu\/lv\/products\/"},{"@type":"ListItem","position":3,"name":"Industri\u0101lie v\u0101rpstas un virves skrieme\u013ci"}]},{"@type":"WebSite","@id":"https:\/\/dev.myindustrial.eu\/lv\/#website","url":"https:\/\/dev.myindustrial.eu\/lv\/","name":"My industrial","description":"","potentialAction":[{"@type":"SearchAction","target":{"@type":"EntryPoint","urlTemplate":"https:\/\/dev.myindustrial.eu\/lv\/?s={search_term_string}"},"query-input":{"@type":"PropertyValueSpecification","valueRequired":true,"valueName":"search_term_string"}}],"inLanguage":"lv-LV"}]}},"_links":{"self":[{"href":"https:\/\/dev.myindustrial.eu\/lv\/wp-json\/wp\/v2\/product\/1260065604","targetHints":{"allow":["GET"]}}],"collection":[{"href":"https:\/\/dev.myindustrial.eu\/lv\/wp-json\/wp\/v2\/product"}],"about":[{"href":"https:\/\/dev.myindustrial.eu\/lv\/wp-json\/wp\/v2\/types\/product"}],"version-history":[{"count":0,"href":"https:\/\/dev.myindustrial.eu\/lv\/wp-json\/wp\/v2\/product\/1260065604\/revisions"}],"wp:featuredmedia":[{"embeddable":true,"href":"https:\/\/dev.myindustrial.eu\/lv\/wp-json\/wp\/v2\/media\/1260065121"}],"wp:attachment":[{"href":"https:\/\/dev.myindustrial.eu\/lv\/wp-json\/wp\/v2\/media?parent=1260065604"}],"wp:term":[{"taxonomy":"product_brand","embeddable":true,"href":"https:\/\/dev.myindustrial.eu\/lv\/wp-json\/wp\/v2\/product_brand?post=1260065604"},{"taxonomy":"product_cat","embeddable":true,"href":"https:\/\/dev.myindustrial.eu\/lv\/wp-json\/wp\/v2\/product_cat?post=1260065604"},{"taxonomy":"product_tag","embeddable":true,"href":"https:\/\/dev.myindustrial.eu\/lv\/wp-json\/wp\/v2\/product_tag?post=1260065604"}],"curies":[{"name":"wp","href":"https:\/\/api.w.org\/{rel}","templated":true}]}}