{"id":1260065608,"date":"2024-12-02T12:39:06","date_gmt":"2024-12-02T12:39:06","guid":{"rendered":"https:\/\/dev.myindustrial.eu\/shop\/uncategorized\/storm-brake-rail-clamp-operated-electrically\/"},"modified":"2024-12-27T22:03:01","modified_gmt":"2024-12-27T22:03:01","slug":"storm-brake-rail-clamp-operated-electrically","status":"publish","type":"product","link":"https:\/\/dev.myindustrial.eu\/lv\/shop\/rupnieciskas-bremzu-sistemas-un-piedzinas-apstadinasanas-komponentes\/vertas-stavbremze\/storm-brake-rail-clamp-operated-electrically\/","title":{"rendered":"V\u0113tras st\u0101vbremze \/ slie\u017eu skava ar elektrisko darb\u012bbu"},"content":{"rendered":"<h4><b>Tehniskie ieguvumi<\/b><\/h4>\n<ul>\n<li aria-level=\"1\"><span style=\"font-weight: 400;\">Tehnisk\u0101 elast\u012bba<\/span><\/li>\n<li aria-level=\"1\"><span style=\"font-weight: 400;\">Augsta kvalit\u0101te un dro\u0161\u012bbas l\u012bmenis<\/span><\/li>\n<li aria-level=\"1\"><span style=\"font-weight: 400;\">Turpm\u0101ko izmaksu samazin\u0101\u0161ana<\/span><\/li>\n<\/ul>\n<h4><b>Darb\u012bbas princips<\/b><\/h4>\n<ul>\n<li aria-level=\"1\"><span style=\"font-weight: 400;\">Darbina elektromotors<\/span><\/li>\n<li aria-level=\"1\"><span style=\"font-weight: 400;\">Skavu uzliku (klu\u010du) pacel\u0161anas ier\u012bce<\/span><\/li>\n<li aria-level=\"1\"><span style=\"font-weight: 400;\">Gala sl\u0113d\u017ei kontrol\u0113 skavas poz\u012bciju: aizv\u0113rta vai atv\u0113rta<\/span><\/li>\n<\/ul>\n<h4><b>Konstrukcija<\/b><\/h4>\n<ul>\n<li aria-level=\"1\"><span style=\"font-weight: 400;\">Mont\u0101\u017ea ar atloka skr\u016bv\u0113m pie slie\u017eu transportl\u012bdzek\u013ca priek\u0161puses<\/span><\/li>\n<li aria-level=\"1\"><span style=\"font-weight: 400;\">Iesp\u0113jama bufera uzst\u0101d\u012b\u0161ana<\/span><\/li>\n<li aria-level=\"1\"><span style=\"font-weight: 400;\">Peldkorpuss (SG) ar vadotn\u0113m s\u0101nu kust\u012bbai, lai kompens\u0113tu rite\u0146u atloku atstarpes un slie\u017eu nob\u012bdes<\/span><\/li>\n<li aria-level=\"1\"><span style=\"font-weight: 400;\">Skavu uzlikas (klu\u010di) tiek paceltas virs slie\u017eu aug\u0161\u0113j\u0101s virsmas, kad skava ir atv\u0113rta, t\u0101d\u0113j\u0101di nov\u0113r\u0161ot sadursmes risku. Tom\u0113r rull\u012b\u0161u vadotnes paliek blakus slie\u017eu galvai un var b\u016bt pak\u013cautas sadursmei.<\/span><\/li>\n<li aria-level=\"1\"><span style=\"font-weight: 400;\">Visu veidu buferu uzst\u0101d\u012b\u0161ana ir iesp\u0113jama, stiprin\u0101jumi buferiem tiek sagatavoti individu\u0101li katram pas\u016bt\u012bjumam.<\/span><\/li>\n<li aria-level=\"1\"><span style=\"font-weight: 400;\">Ner\u016bs\u0113jo\u0161\u0101 t\u0113rauda skr\u016bves un oder\u0113ti gult\u0146i palielina darb\u012bbas dro\u0161\u012bbu un ekspluat\u0101cijas ilgumu.<\/span><\/li>\n<li aria-level=\"1\"><span style=\"font-weight: 400;\">Disku atsperu komplekts, lai uztur\u0113tu notur\u0113\u0161anas sp\u0113ku.<\/span><\/li>\n<li aria-level=\"1\"><span style=\"font-weight: 400;\">Skavu uzlikas (klu\u010di) ar uzlik\u0101m ir piel\u0101gotas slie\u017eu profilam.<\/span><\/li>\n<li aria-level=\"1\"><span style=\"font-weight: 400;\">Horizont\u0101la kust\u012bba ar peldkorpusu +\/- 25 mm.<\/span><\/li>\n<\/ul>\n<p>&nbsp;<\/p>\n","protected":false},"excerpt":{"rendered":"<p><b>Tips VZE<\/b><\/p>\n<p><span style=\"font-weight: 400;\">Elektriski darbin\u0101ma v\u0113tras bremze \/ slie\u017eu skava, lai aizsarg\u0101tu celt\u0146u sist\u0113mas vai uz slied\u0113m balst\u012btas ma\u0161\u012bnas no nev\u0113lam\u0101m kust\u012bb\u0101m, piem\u0113ram, v\u0113tras laik\u0101.<\/span><\/p>\n<ul>\n<li aria-level=\"1\"><span style=\"font-weight: 400;\">Elektriski darbin\u0101ma v\u0113tras bremze \/ slie\u017eu skava, lai aizsarg\u0101tu celt\u0146u sist\u0113mas vai uz slied\u0113m balst\u012btas ma\u0161\u012bnas no nev\u0113lam\u0101m kust\u012bb\u0101m, piem\u0113ram, v\u0113tras laik\u0101.<\/span><\/li>\n<li aria-level=\"1\"><span style=\"font-weight: 400;\">Elektriska aizv\u0113r\u0161ana un atv\u0113r\u0161ana<\/span><\/li>\n<li aria-level=\"1\"><span style=\"font-weight: 400;\">Darbina elektromotors<\/span><\/li>\n<li aria-level=\"1\"><span style=\"font-weight: 400;\">Skavu uzliku (klu\u010du) pacel\u0161anas ier\u012bce<\/span><\/li>\n<li aria-level=\"1\"><span style=\"font-weight: 400;\">Notur\u0113\u0161anas sp\u0113ks l\u012bdz 100 kN uz vienu skavu<\/span><\/li>\n<li aria-level=\"1\"><span style=\"font-weight: 400;\">Gala sl\u0113d\u017ei skavas poz\u012bcijas uzraudz\u012bbai<\/span><\/li>\n<li aria-level=\"1\"><span style=\"font-weight: 400;\">S\u0101nu kompens\u0101cija slie\u017eu novirzei \u00b1 25 mm<\/span><\/li>\n<li aria-level=\"1\"><span style=\"font-weight: 400;\">P\u0113c izv\u0113les: ar UPS (nep\u0101rtraukt\u0101s baro\u0161anas avotu) \/ Autom\u0101tiska darb\u012bba str\u0101vas p\u0101rr\u0101vuma gad\u012bjum\u0101<\/span><\/li>\n<li aria-level=\"1\"><span style=\"font-weight: 400;\">Skavu uzlikas (klu\u010di) tiek piel\u0101gotas slie\u017eu tipam (l\u016bdzu, nor\u0101diet slie\u017eu tipu)<\/span><\/li>\n<\/ul>\n<p>&nbsp;<\/p>\n","protected":false},"featured_media":1260065127,"template":"","meta":[],"product_brand":[],"product_cat":[1424],"product_tag":[],"class_list":{"0":"post-1260065608","1":"product","2":"type-product","3":"status-publish","4":"has-post-thumbnail","6":"product_cat-vertas-stavbremze","8":"first","9":"instock","10":"shipping-taxable","11":"product-type-simple"},"yoast_head":"<!-- This site is optimized with the Yoast SEO plugin v27.1.1 - https:\/\/yoast.com\/product\/yoast-seo-wordpress\/ -->\n<title>V\u0113tras st\u0101vbremze \/ slie\u017eu skava ar elektrisko darb\u012bbu - My industrial<\/title>\n<meta name=\"robots\" content=\"noindex, follow, max-snippet:-1, max-image-preview:large, max-video-preview:-1\" \/>\n<meta property=\"og:locale\" content=\"lv_LV\" \/>\n<meta property=\"og:type\" content=\"article\" \/>\n<meta property=\"og:title\" content=\"V\u0113tras st\u0101vbremze \/ slie\u017eu skava ar elektrisko darb\u012bbu - My industrial\" \/>\n<meta property=\"og:description\" content=\"Tips VZE  Elektriski darbin\u0101ma v\u0113tras bremze \/ slie\u017eu skava, lai aizsarg\u0101tu celt\u0146u sist\u0113mas vai uz slied\u0113m balst\u012btas ma\u0161\u012bnas no nev\u0113lam\u0101m kust\u012bb\u0101m, piem\u0113ram, v\u0113tras laik\u0101.   Elektriski darbin\u0101ma v\u0113tras bremze \/ slie\u017eu skava, lai aizsarg\u0101tu celt\u0146u sist\u0113mas vai uz slied\u0113m balst\u012btas ma\u0161\u012bnas no nev\u0113lam\u0101m kust\u012bb\u0101m, piem\u0113ram, v\u0113tras laik\u0101.  Elektriska aizv\u0113r\u0161ana un atv\u0113r\u0161ana  Darbina elektromotors  Skavu uzliku (klu\u010du) pacel\u0161anas ier\u012bce  Notur\u0113\u0161anas sp\u0113ks l\u012bdz 100 kN uz vienu skavu  Gala sl\u0113d\u017ei skavas poz\u012bcijas uzraudz\u012bbai  S\u0101nu kompens\u0101cija slie\u017eu novirzei \u00b1 25 mm  P\u0113c izv\u0113les: ar UPS (nep\u0101rtraukt\u0101s baro\u0161anas avotu) \/ Autom\u0101tiska darb\u012bba str\u0101vas p\u0101rr\u0101vuma gad\u012bjum\u0101  Skavu uzlikas (klu\u010di) tiek piel\u0101gotas slie\u017eu tipam (l\u016bdzu, nor\u0101diet slie\u017eu tipu)  &nbsp;\" \/>\n<meta property=\"og:url\" content=\"https:\/\/dev.myindustrial.eu\/lv\/shop\/rupnieciskas-bremzu-sistemas-un-piedzinas-apstadinasanas-komponentes\/vertas-stavbremze\/storm-brake-rail-clamp-operated-electrically\/\" \/>\n<meta property=\"og:site_name\" content=\"My industrial\" \/>\n<meta property=\"article:modified_time\" content=\"2024-12-27T22:03:01+00:00\" \/>\n<meta property=\"og:image\" content=\"https:\/\/dev.myindustrial.eu\/wp-content\/uploads\/2024\/12\/rft_stormbrake-type-vze.webp\" \/>\n\t<meta property=\"og:image:width\" content=\"800\" \/>\n\t<meta property=\"og:image:height\" content=\"800\" \/>\n\t<meta property=\"og:image:type\" content=\"image\/webp\" \/>\n<meta name=\"twitter:card\" content=\"summary_large_image\" \/>\n<script type=\"application\/ld+json\" class=\"yoast-schema-graph\">{\"@context\":\"https:\/\/schema.org\",\"@graph\":[{\"@type\":\"WebPage\",\"@id\":\"https:\/\/dev.myindustrial.eu\/lv\/shop\/rupnieciskas-bremzu-sistemas-un-piedzinas-apstadinasanas-komponentes\/vertas-stavbremze\/storm-brake-rail-clamp-operated-electrically\/\",\"url\":\"https:\/\/dev.myindustrial.eu\/lv\/shop\/rupnieciskas-bremzu-sistemas-un-piedzinas-apstadinasanas-komponentes\/vertas-stavbremze\/storm-brake-rail-clamp-operated-electrically\/\",\"name\":\"V\u0113tras st\u0101vbremze \/ slie\u017eu skava ar elektrisko darb\u012bbu - My industrial\",\"isPartOf\":{\"@id\":\"https:\/\/dev.myindustrial.eu\/lv\/#website\"},\"primaryImageOfPage\":{\"@id\":\"https:\/\/dev.myindustrial.eu\/lv\/shop\/rupnieciskas-bremzu-sistemas-un-piedzinas-apstadinasanas-komponentes\/vertas-stavbremze\/storm-brake-rail-clamp-operated-electrically\/#primaryimage\"},\"image\":{\"@id\":\"https:\/\/dev.myindustrial.eu\/lv\/shop\/rupnieciskas-bremzu-sistemas-un-piedzinas-apstadinasanas-komponentes\/vertas-stavbremze\/storm-brake-rail-clamp-operated-electrically\/#primaryimage\"},\"thumbnailUrl\":\"https:\/\/dev.myindustrial.eu\/wp-content\/uploads\/2024\/12\/rft_stormbrake-type-vze.webp\",\"datePublished\":\"2024-12-02T12:39:06+00:00\",\"dateModified\":\"2024-12-27T22:03:01+00:00\",\"breadcrumb\":{\"@id\":\"https:\/\/dev.myindustrial.eu\/lv\/shop\/rupnieciskas-bremzu-sistemas-un-piedzinas-apstadinasanas-komponentes\/vertas-stavbremze\/storm-brake-rail-clamp-operated-electrically\/#breadcrumb\"},\"inLanguage\":\"lv-LV\",\"potentialAction\":[{\"@type\":\"ReadAction\",\"target\":[\"https:\/\/dev.myindustrial.eu\/lv\/shop\/rupnieciskas-bremzu-sistemas-un-piedzinas-apstadinasanas-komponentes\/vertas-stavbremze\/storm-brake-rail-clamp-operated-electrically\/\"]}]},{\"@type\":\"ImageObject\",\"inLanguage\":\"lv-LV\",\"@id\":\"https:\/\/dev.myindustrial.eu\/lv\/shop\/rupnieciskas-bremzu-sistemas-un-piedzinas-apstadinasanas-komponentes\/vertas-stavbremze\/storm-brake-rail-clamp-operated-electrically\/#primaryimage\",\"url\":\"https:\/\/dev.myindustrial.eu\/wp-content\/uploads\/2024\/12\/rft_stormbrake-type-vze.webp\",\"contentUrl\":\"https:\/\/dev.myindustrial.eu\/wp-content\/uploads\/2024\/12\/rft_stormbrake-type-vze.webp\",\"width\":800,\"height\":800},{\"@type\":\"BreadcrumbList\",\"@id\":\"https:\/\/dev.myindustrial.eu\/lv\/shop\/rupnieciskas-bremzu-sistemas-un-piedzinas-apstadinasanas-komponentes\/vertas-stavbremze\/storm-brake-rail-clamp-operated-electrically\/#breadcrumb\",\"itemListElement\":[{\"@type\":\"ListItem\",\"position\":1,\"name\":\"Home\",\"item\":\"https:\/\/dev.myindustrial.eu\/lv\/\"},{\"@type\":\"ListItem\",\"position\":2,\"name\":\"Products\",\"item\":\"https:\/\/dev.myindustrial.eu\/lv\/products\/\"},{\"@type\":\"ListItem\",\"position\":3,\"name\":\"V\u0113tras st\u0101vbremze \/ slie\u017eu skava ar elektrisko darb\u012bbu\"}]},{\"@type\":\"WebSite\",\"@id\":\"https:\/\/dev.myindustrial.eu\/lv\/#website\",\"url\":\"https:\/\/dev.myindustrial.eu\/lv\/\",\"name\":\"My industrial\",\"description\":\"\",\"potentialAction\":[{\"@type\":\"SearchAction\",\"target\":{\"@type\":\"EntryPoint\",\"urlTemplate\":\"https:\/\/dev.myindustrial.eu\/lv\/?s={search_term_string}\"},\"query-input\":{\"@type\":\"PropertyValueSpecification\",\"valueRequired\":true,\"valueName\":\"search_term_string\"}}],\"inLanguage\":\"lv-LV\"}]}<\/script>\n<!-- \/ Yoast SEO plugin. -->","yoast_head_json":{"title":"V\u0113tras st\u0101vbremze \/ slie\u017eu skava ar elektrisko darb\u012bbu - My industrial","robots":{"index":"noindex","follow":"follow","max-snippet":"max-snippet:-1","max-image-preview":"max-image-preview:large","max-video-preview":"max-video-preview:-1"},"og_locale":"lv_LV","og_type":"article","og_title":"V\u0113tras st\u0101vbremze \/ slie\u017eu skava ar elektrisko darb\u012bbu - My industrial","og_description":"Tips VZE  Elektriski darbin\u0101ma v\u0113tras bremze \/ slie\u017eu skava, lai aizsarg\u0101tu celt\u0146u sist\u0113mas vai uz slied\u0113m balst\u012btas ma\u0161\u012bnas no nev\u0113lam\u0101m kust\u012bb\u0101m, piem\u0113ram, v\u0113tras laik\u0101.   Elektriski darbin\u0101ma v\u0113tras bremze \/ slie\u017eu skava, lai aizsarg\u0101tu celt\u0146u sist\u0113mas vai uz slied\u0113m balst\u012btas ma\u0161\u012bnas no nev\u0113lam\u0101m kust\u012bb\u0101m, piem\u0113ram, v\u0113tras laik\u0101.  Elektriska aizv\u0113r\u0161ana un atv\u0113r\u0161ana  Darbina elektromotors  Skavu uzliku (klu\u010du) pacel\u0161anas ier\u012bce  Notur\u0113\u0161anas sp\u0113ks l\u012bdz 100 kN uz vienu skavu  Gala sl\u0113d\u017ei skavas poz\u012bcijas uzraudz\u012bbai  S\u0101nu kompens\u0101cija slie\u017eu novirzei \u00b1 25 mm  P\u0113c izv\u0113les: ar UPS (nep\u0101rtraukt\u0101s baro\u0161anas avotu) \/ Autom\u0101tiska darb\u012bba str\u0101vas p\u0101rr\u0101vuma gad\u012bjum\u0101  Skavu uzlikas (klu\u010di) tiek piel\u0101gotas slie\u017eu tipam (l\u016bdzu, nor\u0101diet slie\u017eu tipu)  &nbsp;","og_url":"https:\/\/dev.myindustrial.eu\/lv\/shop\/rupnieciskas-bremzu-sistemas-un-piedzinas-apstadinasanas-komponentes\/vertas-stavbremze\/storm-brake-rail-clamp-operated-electrically\/","og_site_name":"My industrial","article_modified_time":"2024-12-27T22:03:01+00:00","og_image":[{"width":800,"height":800,"url":"https:\/\/dev.myindustrial.eu\/wp-content\/uploads\/2024\/12\/rft_stormbrake-type-vze.webp","type":"image\/webp"}],"twitter_card":"summary_large_image","schema":{"@context":"https:\/\/schema.org","@graph":[{"@type":"WebPage","@id":"https:\/\/dev.myindustrial.eu\/lv\/shop\/rupnieciskas-bremzu-sistemas-un-piedzinas-apstadinasanas-komponentes\/vertas-stavbremze\/storm-brake-rail-clamp-operated-electrically\/","url":"https:\/\/dev.myindustrial.eu\/lv\/shop\/rupnieciskas-bremzu-sistemas-un-piedzinas-apstadinasanas-komponentes\/vertas-stavbremze\/storm-brake-rail-clamp-operated-electrically\/","name":"V\u0113tras st\u0101vbremze \/ slie\u017eu skava ar elektrisko darb\u012bbu - My industrial","isPartOf":{"@id":"https:\/\/dev.myindustrial.eu\/lv\/#website"},"primaryImageOfPage":{"@id":"https:\/\/dev.myindustrial.eu\/lv\/shop\/rupnieciskas-bremzu-sistemas-un-piedzinas-apstadinasanas-komponentes\/vertas-stavbremze\/storm-brake-rail-clamp-operated-electrically\/#primaryimage"},"image":{"@id":"https:\/\/dev.myindustrial.eu\/lv\/shop\/rupnieciskas-bremzu-sistemas-un-piedzinas-apstadinasanas-komponentes\/vertas-stavbremze\/storm-brake-rail-clamp-operated-electrically\/#primaryimage"},"thumbnailUrl":"https:\/\/dev.myindustrial.eu\/wp-content\/uploads\/2024\/12\/rft_stormbrake-type-vze.webp","datePublished":"2024-12-02T12:39:06+00:00","dateModified":"2024-12-27T22:03:01+00:00","breadcrumb":{"@id":"https:\/\/dev.myindustrial.eu\/lv\/shop\/rupnieciskas-bremzu-sistemas-un-piedzinas-apstadinasanas-komponentes\/vertas-stavbremze\/storm-brake-rail-clamp-operated-electrically\/#breadcrumb"},"inLanguage":"lv-LV","potentialAction":[{"@type":"ReadAction","target":["https:\/\/dev.myindustrial.eu\/lv\/shop\/rupnieciskas-bremzu-sistemas-un-piedzinas-apstadinasanas-komponentes\/vertas-stavbremze\/storm-brake-rail-clamp-operated-electrically\/"]}]},{"@type":"ImageObject","inLanguage":"lv-LV","@id":"https:\/\/dev.myindustrial.eu\/lv\/shop\/rupnieciskas-bremzu-sistemas-un-piedzinas-apstadinasanas-komponentes\/vertas-stavbremze\/storm-brake-rail-clamp-operated-electrically\/#primaryimage","url":"https:\/\/dev.myindustrial.eu\/wp-content\/uploads\/2024\/12\/rft_stormbrake-type-vze.webp","contentUrl":"https:\/\/dev.myindustrial.eu\/wp-content\/uploads\/2024\/12\/rft_stormbrake-type-vze.webp","width":800,"height":800},{"@type":"BreadcrumbList","@id":"https:\/\/dev.myindustrial.eu\/lv\/shop\/rupnieciskas-bremzu-sistemas-un-piedzinas-apstadinasanas-komponentes\/vertas-stavbremze\/storm-brake-rail-clamp-operated-electrically\/#breadcrumb","itemListElement":[{"@type":"ListItem","position":1,"name":"Home","item":"https:\/\/dev.myindustrial.eu\/lv\/"},{"@type":"ListItem","position":2,"name":"Products","item":"https:\/\/dev.myindustrial.eu\/lv\/products\/"},{"@type":"ListItem","position":3,"name":"V\u0113tras st\u0101vbremze \/ slie\u017eu skava ar elektrisko darb\u012bbu"}]},{"@type":"WebSite","@id":"https:\/\/dev.myindustrial.eu\/lv\/#website","url":"https:\/\/dev.myindustrial.eu\/lv\/","name":"My industrial","description":"","potentialAction":[{"@type":"SearchAction","target":{"@type":"EntryPoint","urlTemplate":"https:\/\/dev.myindustrial.eu\/lv\/?s={search_term_string}"},"query-input":{"@type":"PropertyValueSpecification","valueRequired":true,"valueName":"search_term_string"}}],"inLanguage":"lv-LV"}]}},"_links":{"self":[{"href":"https:\/\/dev.myindustrial.eu\/lv\/wp-json\/wp\/v2\/product\/1260065608","targetHints":{"allow":["GET"]}}],"collection":[{"href":"https:\/\/dev.myindustrial.eu\/lv\/wp-json\/wp\/v2\/product"}],"about":[{"href":"https:\/\/dev.myindustrial.eu\/lv\/wp-json\/wp\/v2\/types\/product"}],"version-history":[{"count":1,"href":"https:\/\/dev.myindustrial.eu\/lv\/wp-json\/wp\/v2\/product\/1260065608\/revisions"}],"predecessor-version":[{"id":1260065609,"href":"https:\/\/dev.myindustrial.eu\/lv\/wp-json\/wp\/v2\/product\/1260065608\/revisions\/1260065609"}],"wp:featuredmedia":[{"embeddable":true,"href":"https:\/\/dev.myindustrial.eu\/lv\/wp-json\/wp\/v2\/media\/1260065127"}],"wp:attachment":[{"href":"https:\/\/dev.myindustrial.eu\/lv\/wp-json\/wp\/v2\/media?parent=1260065608"}],"wp:term":[{"taxonomy":"product_brand","embeddable":true,"href":"https:\/\/dev.myindustrial.eu\/lv\/wp-json\/wp\/v2\/product_brand?post=1260065608"},{"taxonomy":"product_cat","embeddable":true,"href":"https:\/\/dev.myindustrial.eu\/lv\/wp-json\/wp\/v2\/product_cat?post=1260065608"},{"taxonomy":"product_tag","embeddable":true,"href":"https:\/\/dev.myindustrial.eu\/lv\/wp-json\/wp\/v2\/product_tag?post=1260065608"}],"curies":[{"name":"wp","href":"https:\/\/api.w.org\/{rel}","templated":true}]}}