{"id":1260065613,"date":"2024-12-02T12:41:20","date_gmt":"2024-12-02T12:41:20","guid":{"rendered":"https:\/\/dev.myindustrial.eu\/shop\/uncategorized\/storm-brake-rail-clamp-operated-hydraulically\/"},"modified":"2024-12-27T22:30:05","modified_gmt":"2024-12-27T22:30:05","slug":"storm-brake-rail-clamp-operated-hydraulically","status":"publish","type":"product","link":"https:\/\/dev.myindustrial.eu\/lv\/shop\/rupnieciskas-bremzu-sistemas-un-piedzinas-apstadinasanas-komponentes\/vertas-stavbremze\/storm-brake-rail-clamp-operated-hydraulically\/","title":{"rendered":"V\u0113tras st\u0101vbremze \/ slie\u017eu skava ar hidraulisko vad\u012bbu"},"content":{"rendered":"<p><b>\u012apa\u0161\u012bbas<\/b><\/p>\n<ul>\n<li style=\"font-weight: 400;\" aria-level=\"1\"><span style=\"font-weight: 400;\">Hidrauliska aizv\u0113r\u0161ana un atv\u0113r\u0161ana.<\/span><\/li>\n<li style=\"font-weight: 400;\" aria-level=\"1\"><span style=\"font-weight: 400;\">Tips VZH pieejams 3 versij\u0101s:<\/span><\/li>\n<\/ul>\n<ol>\n<li style=\"font-weight: 400;\" aria-level=\"1\"><span style=\"font-weight: 400;\">Ar rokas s\u016bkni, NEDARBOJAS autom\u0101tiski pie str\u0101vas zuduma.<\/span><\/li>\n<li style=\"font-weight: 400;\" aria-level=\"1\"><span style=\"font-weight: 400;\">Ar hidraulisko piedzi\u0146as bloku, BEZ autom\u0101tiskas darb\u012bbas pie str\u0101vas zuduma.<\/span><\/li>\n<li style=\"font-weight: 400;\" aria-level=\"1\"><span style=\"font-weight: 400;\">Hidrauliskais piedzi\u0146as bloks ar spiediena akumulatoru, autom\u0101tiska darb\u012bba pie str\u0101vas zuduma.<\/span><\/li>\n<\/ol>\n<p><b>Tehniskie ieguvumi<\/b><\/p>\n<ul>\n<li style=\"font-weight: 400;\" aria-level=\"1\"><span style=\"font-weight: 400;\">Tehnisk\u0101 elast\u012bba.<\/span><\/li>\n<li style=\"font-weight: 400;\" aria-level=\"1\"><span style=\"font-weight: 400;\">Augsta kvalit\u0101te un dro\u0161\u012bbas l\u012bmenis.<\/span><\/li>\n<li style=\"font-weight: 400;\" aria-level=\"1\"><span style=\"font-weight: 400;\">Samazin\u0101tas uztur\u0113\u0161anas un turpm\u0101k\u0101s izmaksas.<\/span><\/li>\n<\/ul>\n","protected":false},"excerpt":{"rendered":"<p><b>Tips VZH v\u0113rtas st\u0101vbremze<\/b><\/p>\n<p><span style=\"font-weight: 400;\">Hidrauliski vad\u0101ma v\u0113tras bremze \/ slie\u017eu skava, lai aizsarg\u0101tu celt\u0146u sist\u0113mas vai ar slied\u0113m saist\u012btas ma\u0161\u012bnas no nev\u0113lamas kust\u012bbas, piem\u0113ram, v\u0113tras laik\u0101.<\/span><\/p>\n<ul>\n<li style=\"font-weight: 400;\" aria-level=\"1\"><span style=\"font-weight: 400;\">Hidrauliska aizv\u0113r\u0161ana un atv\u0113r\u0161ana.<\/span><\/li>\n<li style=\"font-weight: 400;\" aria-level=\"1\"><span style=\"font-weight: 400;\">Pamata v\u0113tras bremze ar rokas s\u016bkni.<\/span><\/li>\n<li style=\"font-weight: 400;\" aria-level=\"1\"><span style=\"font-weight: 400;\">Notur\u0113\u0161anas sp\u0113ks l\u012bdz 256 kN uz vienu skavu. P\u0113c izv\u0113les \u2014 l\u012bdz 623 kN notur\u0113\u0161anas sp\u0113ks uz vienu skavu.<\/span><\/li>\n<li style=\"font-weight: 400;\" aria-level=\"1\"><span style=\"font-weight: 400;\">Gala sl\u0113d\u017ei skavas st\u0101vok\u013ca uzraudz\u012bbai.<\/span><\/li>\n<li style=\"font-weight: 400;\" aria-level=\"1\"><span style=\"font-weight: 400;\">Hidraulisk\u0101s piedzi\u0146as bloka izmanto\u0161ana ar spiediena akumulatoru. P\u0113c izv\u0113les: aizv\u0113r\u0161ana caur spiediena rezervu\u0101ru elektr\u012bbas padeves trauc\u0113jumu gad\u012bjum\u0101 \/ autom\u0101tiska darb\u012bba pie str\u0101vas zuduma.<\/span><\/li>\n<li style=\"font-weight: 400;\" aria-level=\"1\"><span style=\"font-weight: 400;\">S\u0101nu kompens\u0101cija slie\u017eu nob\u012bd\u0113m \u00b115 mm vai vair\u0101k, ja nepiecie\u0161ams.<\/span><\/li>\n<li style=\"font-weight: 400;\" aria-level=\"1\"><span style=\"font-weight: 400;\">Pieejams horizont\u0101l\u0101 un vertik\u0101l\u0101 izpild\u012bjum\u0101.<\/span><\/li>\n<\/ul>\n<p><b>Slie\u017eu skava VZH<\/b><span style=\"font-weight: 400;\"> \u2014 att\u0113lota k\u0101 VZH-2, ir pamatversija sist\u0113mas variantiem VZH-H, VZH-A, VZH-A-S u.c. Priek\u0161\u0113j\u0101 skat\u0101 vadotnes rull\u012b\u0161i ir pasl\u0113pti aiz slie\u017eu t\u012br\u012bt\u0101ja.<\/span><\/p>\n","protected":false},"featured_media":1260065133,"template":"","meta":[],"product_brand":[],"product_cat":[1424],"product_tag":[],"class_list":{"0":"post-1260065613","1":"product","2":"type-product","3":"status-publish","4":"has-post-thumbnail","6":"product_cat-vertas-stavbremze","8":"first","9":"instock","10":"shipping-taxable","11":"product-type-simple"},"yoast_head":"<!-- This site is optimized with the Yoast SEO plugin v27.1.1 - https:\/\/yoast.com\/product\/yoast-seo-wordpress\/ -->\n<title>V\u0113tras st\u0101vbremze \/ slie\u017eu skava ar hidraulisko vad\u012bbu - My industrial<\/title>\n<meta name=\"robots\" content=\"noindex, follow, max-snippet:-1, max-image-preview:large, max-video-preview:-1\" \/>\n<meta property=\"og:locale\" content=\"lv_LV\" \/>\n<meta property=\"og:type\" content=\"article\" \/>\n<meta property=\"og:title\" content=\"V\u0113tras st\u0101vbremze \/ slie\u017eu skava ar hidraulisko vad\u012bbu - My industrial\" \/>\n<meta property=\"og:description\" content=\"Tips VZH v\u0113rtas st\u0101vbremze  Hidrauliski vad\u0101ma v\u0113tras bremze \/ slie\u017eu skava, lai aizsarg\u0101tu celt\u0146u sist\u0113mas vai ar slied\u0113m saist\u012btas ma\u0161\u012bnas no nev\u0113lamas kust\u012bbas, piem\u0113ram, v\u0113tras laik\u0101.   Hidrauliska aizv\u0113r\u0161ana un atv\u0113r\u0161ana.  Pamata v\u0113tras bremze ar rokas s\u016bkni.  Notur\u0113\u0161anas sp\u0113ks l\u012bdz 256 kN uz vienu skavu. P\u0113c izv\u0113les \u2014 l\u012bdz 623 kN notur\u0113\u0161anas sp\u0113ks uz vienu skavu.  Gala sl\u0113d\u017ei skavas st\u0101vok\u013ca uzraudz\u012bbai.  Hidraulisk\u0101s piedzi\u0146as bloka izmanto\u0161ana ar spiediena akumulatoru. P\u0113c izv\u0113les: aizv\u0113r\u0161ana caur spiediena rezervu\u0101ru elektr\u012bbas padeves trauc\u0113jumu gad\u012bjum\u0101 \/ autom\u0101tiska darb\u012bba pie str\u0101vas zuduma.  S\u0101nu kompens\u0101cija slie\u017eu nob\u012bd\u0113m \u00b115 mm vai vair\u0101k, ja nepiecie\u0161ams.  Pieejams horizont\u0101l\u0101 un vertik\u0101l\u0101 izpild\u012bjum\u0101.  Slie\u017eu skava VZH \u2014 att\u0113lota k\u0101 VZH-2, ir pamatversija sist\u0113mas variantiem VZH-H, VZH-A, VZH-A-S u.c. Priek\u0161\u0113j\u0101 skat\u0101 vadotnes rull\u012b\u0161i ir pasl\u0113pti aiz slie\u017eu t\u012br\u012bt\u0101ja.\" \/>\n<meta property=\"og:url\" content=\"https:\/\/dev.myindustrial.eu\/lv\/shop\/rupnieciskas-bremzu-sistemas-un-piedzinas-apstadinasanas-komponentes\/vertas-stavbremze\/storm-brake-rail-clamp-operated-hydraulically\/\" \/>\n<meta property=\"og:site_name\" content=\"My industrial\" \/>\n<meta property=\"article:modified_time\" content=\"2024-12-27T22:30:05+00:00\" \/>\n<meta property=\"og:image\" content=\"https:\/\/dev.myindustrial.eu\/wp-content\/uploads\/2024\/12\/rft_stormbrake-type-vzh.webp\" \/>\n\t<meta property=\"og:image:width\" content=\"800\" \/>\n\t<meta property=\"og:image:height\" content=\"800\" \/>\n\t<meta property=\"og:image:type\" content=\"image\/webp\" \/>\n<meta name=\"twitter:card\" content=\"summary_large_image\" \/>\n<script type=\"application\/ld+json\" class=\"yoast-schema-graph\">{\"@context\":\"https:\/\/schema.org\",\"@graph\":[{\"@type\":\"WebPage\",\"@id\":\"https:\/\/dev.myindustrial.eu\/lv\/shop\/rupnieciskas-bremzu-sistemas-un-piedzinas-apstadinasanas-komponentes\/vertas-stavbremze\/storm-brake-rail-clamp-operated-hydraulically\/\",\"url\":\"https:\/\/dev.myindustrial.eu\/lv\/shop\/rupnieciskas-bremzu-sistemas-un-piedzinas-apstadinasanas-komponentes\/vertas-stavbremze\/storm-brake-rail-clamp-operated-hydraulically\/\",\"name\":\"V\u0113tras st\u0101vbremze \/ slie\u017eu skava ar hidraulisko vad\u012bbu - My industrial\",\"isPartOf\":{\"@id\":\"https:\/\/dev.myindustrial.eu\/lv\/#website\"},\"primaryImageOfPage\":{\"@id\":\"https:\/\/dev.myindustrial.eu\/lv\/shop\/rupnieciskas-bremzu-sistemas-un-piedzinas-apstadinasanas-komponentes\/vertas-stavbremze\/storm-brake-rail-clamp-operated-hydraulically\/#primaryimage\"},\"image\":{\"@id\":\"https:\/\/dev.myindustrial.eu\/lv\/shop\/rupnieciskas-bremzu-sistemas-un-piedzinas-apstadinasanas-komponentes\/vertas-stavbremze\/storm-brake-rail-clamp-operated-hydraulically\/#primaryimage\"},\"thumbnailUrl\":\"https:\/\/dev.myindustrial.eu\/wp-content\/uploads\/2024\/12\/rft_stormbrake-type-vzh.webp\",\"datePublished\":\"2024-12-02T12:41:20+00:00\",\"dateModified\":\"2024-12-27T22:30:05+00:00\",\"breadcrumb\":{\"@id\":\"https:\/\/dev.myindustrial.eu\/lv\/shop\/rupnieciskas-bremzu-sistemas-un-piedzinas-apstadinasanas-komponentes\/vertas-stavbremze\/storm-brake-rail-clamp-operated-hydraulically\/#breadcrumb\"},\"inLanguage\":\"lv-LV\",\"potentialAction\":[{\"@type\":\"ReadAction\",\"target\":[\"https:\/\/dev.myindustrial.eu\/lv\/shop\/rupnieciskas-bremzu-sistemas-un-piedzinas-apstadinasanas-komponentes\/vertas-stavbremze\/storm-brake-rail-clamp-operated-hydraulically\/\"]}]},{\"@type\":\"ImageObject\",\"inLanguage\":\"lv-LV\",\"@id\":\"https:\/\/dev.myindustrial.eu\/lv\/shop\/rupnieciskas-bremzu-sistemas-un-piedzinas-apstadinasanas-komponentes\/vertas-stavbremze\/storm-brake-rail-clamp-operated-hydraulically\/#primaryimage\",\"url\":\"https:\/\/dev.myindustrial.eu\/wp-content\/uploads\/2024\/12\/rft_stormbrake-type-vzh.webp\",\"contentUrl\":\"https:\/\/dev.myindustrial.eu\/wp-content\/uploads\/2024\/12\/rft_stormbrake-type-vzh.webp\",\"width\":800,\"height\":800},{\"@type\":\"BreadcrumbList\",\"@id\":\"https:\/\/dev.myindustrial.eu\/lv\/shop\/rupnieciskas-bremzu-sistemas-un-piedzinas-apstadinasanas-komponentes\/vertas-stavbremze\/storm-brake-rail-clamp-operated-hydraulically\/#breadcrumb\",\"itemListElement\":[{\"@type\":\"ListItem\",\"position\":1,\"name\":\"Home\",\"item\":\"https:\/\/dev.myindustrial.eu\/lv\/\"},{\"@type\":\"ListItem\",\"position\":2,\"name\":\"Products\",\"item\":\"https:\/\/dev.myindustrial.eu\/lv\/products\/\"},{\"@type\":\"ListItem\",\"position\":3,\"name\":\"V\u0113tras st\u0101vbremze \/ slie\u017eu skava ar hidraulisko vad\u012bbu\"}]},{\"@type\":\"WebSite\",\"@id\":\"https:\/\/dev.myindustrial.eu\/lv\/#website\",\"url\":\"https:\/\/dev.myindustrial.eu\/lv\/\",\"name\":\"My industrial\",\"description\":\"\",\"potentialAction\":[{\"@type\":\"SearchAction\",\"target\":{\"@type\":\"EntryPoint\",\"urlTemplate\":\"https:\/\/dev.myindustrial.eu\/lv\/?s={search_term_string}\"},\"query-input\":{\"@type\":\"PropertyValueSpecification\",\"valueRequired\":true,\"valueName\":\"search_term_string\"}}],\"inLanguage\":\"lv-LV\"}]}<\/script>\n<!-- \/ Yoast SEO plugin. -->","yoast_head_json":{"title":"V\u0113tras st\u0101vbremze \/ slie\u017eu skava ar hidraulisko vad\u012bbu - My industrial","robots":{"index":"noindex","follow":"follow","max-snippet":"max-snippet:-1","max-image-preview":"max-image-preview:large","max-video-preview":"max-video-preview:-1"},"og_locale":"lv_LV","og_type":"article","og_title":"V\u0113tras st\u0101vbremze \/ slie\u017eu skava ar hidraulisko vad\u012bbu - My industrial","og_description":"Tips VZH v\u0113rtas st\u0101vbremze  Hidrauliski vad\u0101ma v\u0113tras bremze \/ slie\u017eu skava, lai aizsarg\u0101tu celt\u0146u sist\u0113mas vai ar slied\u0113m saist\u012btas ma\u0161\u012bnas no nev\u0113lamas kust\u012bbas, piem\u0113ram, v\u0113tras laik\u0101.   Hidrauliska aizv\u0113r\u0161ana un atv\u0113r\u0161ana.  Pamata v\u0113tras bremze ar rokas s\u016bkni.  Notur\u0113\u0161anas sp\u0113ks l\u012bdz 256 kN uz vienu skavu. P\u0113c izv\u0113les \u2014 l\u012bdz 623 kN notur\u0113\u0161anas sp\u0113ks uz vienu skavu.  Gala sl\u0113d\u017ei skavas st\u0101vok\u013ca uzraudz\u012bbai.  Hidraulisk\u0101s piedzi\u0146as bloka izmanto\u0161ana ar spiediena akumulatoru. P\u0113c izv\u0113les: aizv\u0113r\u0161ana caur spiediena rezervu\u0101ru elektr\u012bbas padeves trauc\u0113jumu gad\u012bjum\u0101 \/ autom\u0101tiska darb\u012bba pie str\u0101vas zuduma.  S\u0101nu kompens\u0101cija slie\u017eu nob\u012bd\u0113m \u00b115 mm vai vair\u0101k, ja nepiecie\u0161ams.  Pieejams horizont\u0101l\u0101 un vertik\u0101l\u0101 izpild\u012bjum\u0101.  Slie\u017eu skava VZH \u2014 att\u0113lota k\u0101 VZH-2, ir pamatversija sist\u0113mas variantiem VZH-H, VZH-A, VZH-A-S u.c. Priek\u0161\u0113j\u0101 skat\u0101 vadotnes rull\u012b\u0161i ir pasl\u0113pti aiz slie\u017eu t\u012br\u012bt\u0101ja.","og_url":"https:\/\/dev.myindustrial.eu\/lv\/shop\/rupnieciskas-bremzu-sistemas-un-piedzinas-apstadinasanas-komponentes\/vertas-stavbremze\/storm-brake-rail-clamp-operated-hydraulically\/","og_site_name":"My industrial","article_modified_time":"2024-12-27T22:30:05+00:00","og_image":[{"width":800,"height":800,"url":"https:\/\/dev.myindustrial.eu\/wp-content\/uploads\/2024\/12\/rft_stormbrake-type-vzh.webp","type":"image\/webp"}],"twitter_card":"summary_large_image","schema":{"@context":"https:\/\/schema.org","@graph":[{"@type":"WebPage","@id":"https:\/\/dev.myindustrial.eu\/lv\/shop\/rupnieciskas-bremzu-sistemas-un-piedzinas-apstadinasanas-komponentes\/vertas-stavbremze\/storm-brake-rail-clamp-operated-hydraulically\/","url":"https:\/\/dev.myindustrial.eu\/lv\/shop\/rupnieciskas-bremzu-sistemas-un-piedzinas-apstadinasanas-komponentes\/vertas-stavbremze\/storm-brake-rail-clamp-operated-hydraulically\/","name":"V\u0113tras st\u0101vbremze \/ slie\u017eu skava ar hidraulisko vad\u012bbu - My industrial","isPartOf":{"@id":"https:\/\/dev.myindustrial.eu\/lv\/#website"},"primaryImageOfPage":{"@id":"https:\/\/dev.myindustrial.eu\/lv\/shop\/rupnieciskas-bremzu-sistemas-un-piedzinas-apstadinasanas-komponentes\/vertas-stavbremze\/storm-brake-rail-clamp-operated-hydraulically\/#primaryimage"},"image":{"@id":"https:\/\/dev.myindustrial.eu\/lv\/shop\/rupnieciskas-bremzu-sistemas-un-piedzinas-apstadinasanas-komponentes\/vertas-stavbremze\/storm-brake-rail-clamp-operated-hydraulically\/#primaryimage"},"thumbnailUrl":"https:\/\/dev.myindustrial.eu\/wp-content\/uploads\/2024\/12\/rft_stormbrake-type-vzh.webp","datePublished":"2024-12-02T12:41:20+00:00","dateModified":"2024-12-27T22:30:05+00:00","breadcrumb":{"@id":"https:\/\/dev.myindustrial.eu\/lv\/shop\/rupnieciskas-bremzu-sistemas-un-piedzinas-apstadinasanas-komponentes\/vertas-stavbremze\/storm-brake-rail-clamp-operated-hydraulically\/#breadcrumb"},"inLanguage":"lv-LV","potentialAction":[{"@type":"ReadAction","target":["https:\/\/dev.myindustrial.eu\/lv\/shop\/rupnieciskas-bremzu-sistemas-un-piedzinas-apstadinasanas-komponentes\/vertas-stavbremze\/storm-brake-rail-clamp-operated-hydraulically\/"]}]},{"@type":"ImageObject","inLanguage":"lv-LV","@id":"https:\/\/dev.myindustrial.eu\/lv\/shop\/rupnieciskas-bremzu-sistemas-un-piedzinas-apstadinasanas-komponentes\/vertas-stavbremze\/storm-brake-rail-clamp-operated-hydraulically\/#primaryimage","url":"https:\/\/dev.myindustrial.eu\/wp-content\/uploads\/2024\/12\/rft_stormbrake-type-vzh.webp","contentUrl":"https:\/\/dev.myindustrial.eu\/wp-content\/uploads\/2024\/12\/rft_stormbrake-type-vzh.webp","width":800,"height":800},{"@type":"BreadcrumbList","@id":"https:\/\/dev.myindustrial.eu\/lv\/shop\/rupnieciskas-bremzu-sistemas-un-piedzinas-apstadinasanas-komponentes\/vertas-stavbremze\/storm-brake-rail-clamp-operated-hydraulically\/#breadcrumb","itemListElement":[{"@type":"ListItem","position":1,"name":"Home","item":"https:\/\/dev.myindustrial.eu\/lv\/"},{"@type":"ListItem","position":2,"name":"Products","item":"https:\/\/dev.myindustrial.eu\/lv\/products\/"},{"@type":"ListItem","position":3,"name":"V\u0113tras st\u0101vbremze \/ slie\u017eu skava ar hidraulisko vad\u012bbu"}]},{"@type":"WebSite","@id":"https:\/\/dev.myindustrial.eu\/lv\/#website","url":"https:\/\/dev.myindustrial.eu\/lv\/","name":"My industrial","description":"","potentialAction":[{"@type":"SearchAction","target":{"@type":"EntryPoint","urlTemplate":"https:\/\/dev.myindustrial.eu\/lv\/?s={search_term_string}"},"query-input":{"@type":"PropertyValueSpecification","valueRequired":true,"valueName":"search_term_string"}}],"inLanguage":"lv-LV"}]}},"_links":{"self":[{"href":"https:\/\/dev.myindustrial.eu\/lv\/wp-json\/wp\/v2\/product\/1260065613","targetHints":{"allow":["GET"]}}],"collection":[{"href":"https:\/\/dev.myindustrial.eu\/lv\/wp-json\/wp\/v2\/product"}],"about":[{"href":"https:\/\/dev.myindustrial.eu\/lv\/wp-json\/wp\/v2\/types\/product"}],"version-history":[{"count":1,"href":"https:\/\/dev.myindustrial.eu\/lv\/wp-json\/wp\/v2\/product\/1260065613\/revisions"}],"predecessor-version":[{"id":1260065614,"href":"https:\/\/dev.myindustrial.eu\/lv\/wp-json\/wp\/v2\/product\/1260065613\/revisions\/1260065614"}],"wp:featuredmedia":[{"embeddable":true,"href":"https:\/\/dev.myindustrial.eu\/lv\/wp-json\/wp\/v2\/media\/1260065133"}],"wp:attachment":[{"href":"https:\/\/dev.myindustrial.eu\/lv\/wp-json\/wp\/v2\/media?parent=1260065613"}],"wp:term":[{"taxonomy":"product_brand","embeddable":true,"href":"https:\/\/dev.myindustrial.eu\/lv\/wp-json\/wp\/v2\/product_brand?post=1260065613"},{"taxonomy":"product_cat","embeddable":true,"href":"https:\/\/dev.myindustrial.eu\/lv\/wp-json\/wp\/v2\/product_cat?post=1260065613"},{"taxonomy":"product_tag","embeddable":true,"href":"https:\/\/dev.myindustrial.eu\/lv\/wp-json\/wp\/v2\/product_tag?post=1260065613"}],"curies":[{"name":"wp","href":"https:\/\/api.w.org\/{rel}","templated":true}]}}