{"id":1260065627,"date":"2024-12-02T12:46:29","date_gmt":"2024-12-02T12:46:29","guid":{"rendered":"https:\/\/dev.myindustrial.eu\/shop\/uncategorized\/storm-brake-rail-clamp-with-lifting-and-positioning-fun\/"},"modified":"2024-12-27T22:50:24","modified_gmt":"2024-12-27T22:50:24","slug":"storm-brake-rail-clamp-with-lifting-and-positioning-fun","status":"publish","type":"product","link":"https:\/\/dev.myindustrial.eu\/lv\/shop\/rupnieciskas-bremzu-sistemas-un-piedzinas-apstadinasanas-komponentes\/vertas-stavbremze\/storm-brake-rail-clamp-with-lifting-and-positioning-fun\/","title":{"rendered":"V\u0113tras st\u0101vbremze \/ sliedes skava ar pacel\u0161anas un pozicion\u0113\u0161anas funkciju"},"content":{"rendered":"<p><b>\u012apa\u0161\u012bbas<\/b><\/p>\n<ul>\n<li style=\"font-weight: 400;\" aria-level=\"1\"><span style=\"font-weight: 400;\">Aizv\u0113r\u0161ana ar atsperes sp\u0113ku, izmantojot sviru sist\u0113mu \u2013 regul\u0113jama ar droseli<\/span><\/li>\n<li style=\"font-weight: 400;\" aria-level=\"1\"><span style=\"font-weight: 400;\">Atv\u0113r\u0161ana ar hidraulisko cilindru (hidrauliskais jaudas bloks ir ieb\u016bv\u0113ts)<\/span><\/li>\n<li style=\"font-weight: 400;\" aria-level=\"1\"><span style=\"font-weight: 400;\">Roku s\u016bknis av\u0101rijas darb\u012bbai (standarta komplekt\u0101cija)<\/span><\/li>\n<li style=\"font-weight: 400;\" aria-level=\"1\"><span style=\"font-weight: 400;\">Autom\u0101tiska aizv\u0113r\u0161anas funkcija elektroener\u0123ijas padeves trauc\u0113jumu gad\u012bjum\u0101<\/span><\/li>\n<li style=\"font-weight: 400;\" aria-level=\"1\"><span style=\"font-weight: 400;\">Nav aptur\u0113\u0161anas sp\u0113ka zuduma d\u0113\u013c sviras meh\u0101nisma, piem\u0113ram, skavas zobu nodiluma (pie\u013caujamais r\u0101d\u012bt\u0101js)<\/span><\/li>\n<li style=\"font-weight: 400;\" aria-level=\"1\"><span style=\"font-weight: 400;\">Poz\u012bcijas kontroles sist\u0113ma ar sl\u0113d\u017eiem: \u201eSkava atv\u0113rta\u201d, \u201eSkava aizv\u0113rta\u201d un trauksmes sign\u0101ls \u201enodilusi skavas zobu da\u013ca\u201d<\/span><\/li>\n<li style=\"font-weight: 400;\" aria-level=\"1\"><span style=\"font-weight: 400;\">Poz\u012bcijas kontroles sl\u0113dzis: \u201eSkava pacelta \/ Celt\u0146a (kr\u0101na) kust\u012bba iesp\u0113jama\u201d<\/span><\/li>\n<li style=\"font-weight: 400;\" aria-level=\"1\"><span style=\"font-weight: 400;\">Vertik\u0101l\u0101s kust\u012bbas kompens\u0101cija no +40 mm l\u012bdz \u201320 mm<\/span><\/li>\n<li style=\"font-weight: 400;\" aria-level=\"1\"><span style=\"font-weight: 400;\">S\u0101nu kompens\u0101cija slie\u017eu nesakrit\u012bbai \u00b1 25 mm ar integr\u0113tu s\u0101nu vad\u012bbas sist\u0113mu atbr\u012bvo\u0161anas (nolai\u0161anas) laik\u0101<\/span><\/li>\n<li style=\"font-weight: 400;\" aria-level=\"1\"><span style=\"font-weight: 400;\">Celt\u0146a (kr\u0101na) darb\u012bbas laik\u0101 visas skavas da\u013cas atrodas virs sliedes sist\u0113mas, t\u0101d\u0113j\u0101di nav nodiluma nevienam komponentam celt\u0146a darb\u012bbas laik\u0101<\/span><\/li>\n<li style=\"font-weight: 400;\" aria-level=\"1\"><span style=\"font-weight: 400;\">Vad\u012b\u0161anas riten\u012b\u0161i, kas tiek izmantoti standarta VZFH model\u012b, lai vad\u012btu v\u0113tras bremzi uz sliedes, netiek integr\u0113ti VZFH-HVZ tipa model\u012b (mazin\u0101ts nodilums, samazin\u0101tas uztur\u0113\u0161anas un ekspluat\u0101cijas izmaksas)<\/span><\/li>\n<\/ul>\n<p><b>Tehniskie ieguvumi<\/b><\/p>\n<ul>\n<li style=\"font-weight: 400;\" aria-level=\"1\"><span style=\"font-weight: 400;\">\u012apa\u0161i piem\u0113rots \u0101tri p\u0101rvietojo\u0161\u0101m celt\u0146u sist\u0113m\u0101m<\/span><\/li>\n<li style=\"font-weight: 400;\" aria-level=\"1\"><span style=\"font-weight: 400;\">Iev\u0113rojami samazin\u0101tas uztur\u0113\u0161anas un ekspluat\u0101cijas izmaksas<\/span><\/li>\n<li style=\"font-weight: 400;\" aria-level=\"1\"><span style=\"font-weight: 400;\">Nav kontakta ar sliedi celt\u0146a p\u0101rvieto\u0161an\u0101s laik\u0101<\/span><\/li>\n<li style=\"font-weight: 400;\" aria-level=\"1\"><span style=\"font-weight: 400;\">Nav attur\u0113\u0161anas sp\u0113ka zuduma d\u0113\u013c sviras meh\u0101nisma (piem\u0113ram, no skavas zobu nodiluma)<\/span><\/li>\n<\/ul>\n","protected":false},"excerpt":{"rendered":"<p><b>Tips VZFH-HVZ<\/b><\/p>\n<p><b>Patents:<\/b><span style=\"font-weight: 400;\"> V\u0113tras bremze \/ sliedes skava ar integr\u0113tu pacel\u0161anas un pozicion\u0113\u0161anas funkciju.<\/span><\/p>\n<ul>\n<li style=\"font-weight: 400;\" aria-level=\"1\"><span style=\"font-weight: 400;\">Nav kontakta ar sliedi celt\u0146a p\u0101rvieto\u0161an\u0101s laik\u0101<\/span><\/li>\n<li style=\"font-weight: 400;\" aria-level=\"1\"><span style=\"font-weight: 400;\">Nav nodiluma uz skavas zobiem un vad\u012b\u0161anas riten\u012b\u0161iem celt\u0146a (kr\u0101na) p\u0101rvieto\u0161an\u0101s laik\u0101<\/span><\/li>\n<li style=\"font-weight: 400;\" aria-level=\"1\"><span style=\"font-weight: 400;\">Nav vad\u012b\u0161anas riten\u012b\u0161u skavas fiks\u0101cija uz sliedes celt\u0146a (kr\u0101na) p\u0101rvieto\u0161an\u0101s laik\u0101<\/span><\/li>\n<li style=\"font-weight: 400;\" aria-level=\"1\"><span style=\"font-weight: 400;\">Vertik\u0101l\u0101s pacel\u0161anas funkcija<\/span><\/li>\n<li style=\"font-weight: 400;\" aria-level=\"1\"><span style=\"font-weight: 400;\">S\u0101nu pozicion\u0113\u0161ana vismaz \u00b1 25 mm. S\u0101nu pozicion\u0113\u0161anas funkcija skavas sist\u0113mas atbr\u012bvo\u0161anai (nolai\u0161anai) (patentu gaido\u0161a sist\u0113ma)<\/span><\/li>\n<li style=\"font-weight: 400;\" aria-level=\"1\"><span style=\"font-weight: 400;\">\u012apa\u0161i piem\u0113rota \u0101tri p\u0101rvietojo\u0161iem celt\u0146iem (kr\u0101niem)<\/span><\/li>\n<li style=\"font-weight: 400;\" aria-level=\"1\"><span style=\"font-weight: 400;\">\u012apa\u0161i piem\u0113rota \u0161\u0137\u0113rsvirziena p\u0101rvieto\u0161an\u0101s gad\u012bjumiem<\/span><\/li>\n<li style=\"font-weight: 400;\" aria-level=\"1\"><span style=\"font-weight: 400;\">L\u012bdz 840 kN aptur\u0113\u0161anas sp\u0113ks uz vienu skavu<\/span><\/li>\n<li style=\"font-weight: 400;\" aria-level=\"1\"><span style=\"font-weight: 400;\">Pa\u0161darb\u012bba elektroener\u0123ijas padeves trauc\u0113jumu gad\u012bjum\u0101<\/span><\/li>\n<\/ul>\n","protected":false},"featured_media":1260065155,"template":"","meta":[],"product_brand":[],"product_cat":[1424],"product_tag":[],"class_list":{"0":"post-1260065627","1":"product","2":"type-product","3":"status-publish","4":"has-post-thumbnail","6":"product_cat-vertas-stavbremze","8":"first","9":"instock","10":"shipping-taxable","11":"product-type-simple"},"yoast_head":"<!-- This site is optimized with the Yoast SEO plugin v27.1.1 - https:\/\/yoast.com\/product\/yoast-seo-wordpress\/ -->\n<title>V\u0113tras st\u0101vbremze \/ sliedes skava ar pacel\u0161anas un pozicion\u0113\u0161anas funkciju - My industrial<\/title>\n<meta name=\"robots\" content=\"noindex, follow, max-snippet:-1, max-image-preview:large, max-video-preview:-1\" \/>\n<meta property=\"og:locale\" content=\"lv_LV\" \/>\n<meta property=\"og:type\" content=\"article\" \/>\n<meta property=\"og:title\" content=\"V\u0113tras st\u0101vbremze \/ sliedes skava ar pacel\u0161anas un pozicion\u0113\u0161anas funkciju - My industrial\" \/>\n<meta property=\"og:description\" content=\"Tips VZFH-HVZ  Patents: V\u0113tras bremze \/ sliedes skava ar integr\u0113tu pacel\u0161anas un pozicion\u0113\u0161anas funkciju.   Nav kontakta ar sliedi celt\u0146a p\u0101rvieto\u0161an\u0101s laik\u0101  Nav nodiluma uz skavas zobiem un vad\u012b\u0161anas riten\u012b\u0161iem celt\u0146a (kr\u0101na) p\u0101rvieto\u0161an\u0101s laik\u0101  Nav vad\u012b\u0161anas riten\u012b\u0161u skavas fiks\u0101cija uz sliedes celt\u0146a (kr\u0101na) p\u0101rvieto\u0161an\u0101s laik\u0101  Vertik\u0101l\u0101s pacel\u0161anas funkcija  S\u0101nu pozicion\u0113\u0161ana vismaz \u00b1 25 mm. S\u0101nu pozicion\u0113\u0161anas funkcija skavas sist\u0113mas atbr\u012bvo\u0161anai (nolai\u0161anai) (patentu gaido\u0161a sist\u0113ma)  \u012apa\u0161i piem\u0113rota \u0101tri p\u0101rvietojo\u0161iem celt\u0146iem (kr\u0101niem)  \u012apa\u0161i piem\u0113rota \u0161\u0137\u0113rsvirziena p\u0101rvieto\u0161an\u0101s gad\u012bjumiem  L\u012bdz 840 kN aptur\u0113\u0161anas sp\u0113ks uz vienu skavu  Pa\u0161darb\u012bba elektroener\u0123ijas padeves trauc\u0113jumu gad\u012bjum\u0101\" \/>\n<meta property=\"og:url\" content=\"https:\/\/dev.myindustrial.eu\/lv\/shop\/rupnieciskas-bremzu-sistemas-un-piedzinas-apstadinasanas-komponentes\/vertas-stavbremze\/storm-brake-rail-clamp-with-lifting-and-positioning-fun\/\" \/>\n<meta property=\"og:site_name\" content=\"My industrial\" \/>\n<meta property=\"article:modified_time\" content=\"2024-12-27T22:50:24+00:00\" \/>\n<meta property=\"og:image\" content=\"https:\/\/dev.myindustrial.eu\/wp-content\/uploads\/2024\/12\/rft_stormbrake-type-vzfh_hvz.webp\" \/>\n\t<meta property=\"og:image:width\" content=\"800\" \/>\n\t<meta property=\"og:image:height\" content=\"800\" \/>\n\t<meta property=\"og:image:type\" content=\"image\/webp\" \/>\n<meta name=\"twitter:card\" content=\"summary_large_image\" \/>\n<script type=\"application\/ld+json\" class=\"yoast-schema-graph\">{\"@context\":\"https:\/\/schema.org\",\"@graph\":[{\"@type\":\"WebPage\",\"@id\":\"https:\/\/dev.myindustrial.eu\/lv\/shop\/rupnieciskas-bremzu-sistemas-un-piedzinas-apstadinasanas-komponentes\/vertas-stavbremze\/storm-brake-rail-clamp-with-lifting-and-positioning-fun\/\",\"url\":\"https:\/\/dev.myindustrial.eu\/lv\/shop\/rupnieciskas-bremzu-sistemas-un-piedzinas-apstadinasanas-komponentes\/vertas-stavbremze\/storm-brake-rail-clamp-with-lifting-and-positioning-fun\/\",\"name\":\"V\u0113tras st\u0101vbremze \/ sliedes skava ar pacel\u0161anas un pozicion\u0113\u0161anas funkciju - My industrial\",\"isPartOf\":{\"@id\":\"https:\/\/dev.myindustrial.eu\/lv\/#website\"},\"primaryImageOfPage\":{\"@id\":\"https:\/\/dev.myindustrial.eu\/lv\/shop\/rupnieciskas-bremzu-sistemas-un-piedzinas-apstadinasanas-komponentes\/vertas-stavbremze\/storm-brake-rail-clamp-with-lifting-and-positioning-fun\/#primaryimage\"},\"image\":{\"@id\":\"https:\/\/dev.myindustrial.eu\/lv\/shop\/rupnieciskas-bremzu-sistemas-un-piedzinas-apstadinasanas-komponentes\/vertas-stavbremze\/storm-brake-rail-clamp-with-lifting-and-positioning-fun\/#primaryimage\"},\"thumbnailUrl\":\"https:\/\/dev.myindustrial.eu\/wp-content\/uploads\/2024\/12\/rft_stormbrake-type-vzfh_hvz.webp\",\"datePublished\":\"2024-12-02T12:46:29+00:00\",\"dateModified\":\"2024-12-27T22:50:24+00:00\",\"breadcrumb\":{\"@id\":\"https:\/\/dev.myindustrial.eu\/lv\/shop\/rupnieciskas-bremzu-sistemas-un-piedzinas-apstadinasanas-komponentes\/vertas-stavbremze\/storm-brake-rail-clamp-with-lifting-and-positioning-fun\/#breadcrumb\"},\"inLanguage\":\"lv-LV\",\"potentialAction\":[{\"@type\":\"ReadAction\",\"target\":[\"https:\/\/dev.myindustrial.eu\/lv\/shop\/rupnieciskas-bremzu-sistemas-un-piedzinas-apstadinasanas-komponentes\/vertas-stavbremze\/storm-brake-rail-clamp-with-lifting-and-positioning-fun\/\"]}]},{\"@type\":\"ImageObject\",\"inLanguage\":\"lv-LV\",\"@id\":\"https:\/\/dev.myindustrial.eu\/lv\/shop\/rupnieciskas-bremzu-sistemas-un-piedzinas-apstadinasanas-komponentes\/vertas-stavbremze\/storm-brake-rail-clamp-with-lifting-and-positioning-fun\/#primaryimage\",\"url\":\"https:\/\/dev.myindustrial.eu\/wp-content\/uploads\/2024\/12\/rft_stormbrake-type-vzfh_hvz.webp\",\"contentUrl\":\"https:\/\/dev.myindustrial.eu\/wp-content\/uploads\/2024\/12\/rft_stormbrake-type-vzfh_hvz.webp\",\"width\":800,\"height\":800},{\"@type\":\"BreadcrumbList\",\"@id\":\"https:\/\/dev.myindustrial.eu\/lv\/shop\/rupnieciskas-bremzu-sistemas-un-piedzinas-apstadinasanas-komponentes\/vertas-stavbremze\/storm-brake-rail-clamp-with-lifting-and-positioning-fun\/#breadcrumb\",\"itemListElement\":[{\"@type\":\"ListItem\",\"position\":1,\"name\":\"Home\",\"item\":\"https:\/\/dev.myindustrial.eu\/lv\/\"},{\"@type\":\"ListItem\",\"position\":2,\"name\":\"Products\",\"item\":\"https:\/\/dev.myindustrial.eu\/lv\/products\/\"},{\"@type\":\"ListItem\",\"position\":3,\"name\":\"V\u0113tras st\u0101vbremze \/ sliedes skava ar pacel\u0161anas un pozicion\u0113\u0161anas funkciju\"}]},{\"@type\":\"WebSite\",\"@id\":\"https:\/\/dev.myindustrial.eu\/lv\/#website\",\"url\":\"https:\/\/dev.myindustrial.eu\/lv\/\",\"name\":\"My industrial\",\"description\":\"\",\"potentialAction\":[{\"@type\":\"SearchAction\",\"target\":{\"@type\":\"EntryPoint\",\"urlTemplate\":\"https:\/\/dev.myindustrial.eu\/lv\/?s={search_term_string}\"},\"query-input\":{\"@type\":\"PropertyValueSpecification\",\"valueRequired\":true,\"valueName\":\"search_term_string\"}}],\"inLanguage\":\"lv-LV\"}]}<\/script>\n<!-- \/ Yoast SEO plugin. -->","yoast_head_json":{"title":"V\u0113tras st\u0101vbremze \/ sliedes skava ar pacel\u0161anas un pozicion\u0113\u0161anas funkciju - My industrial","robots":{"index":"noindex","follow":"follow","max-snippet":"max-snippet:-1","max-image-preview":"max-image-preview:large","max-video-preview":"max-video-preview:-1"},"og_locale":"lv_LV","og_type":"article","og_title":"V\u0113tras st\u0101vbremze \/ sliedes skava ar pacel\u0161anas un pozicion\u0113\u0161anas funkciju - My industrial","og_description":"Tips VZFH-HVZ  Patents: V\u0113tras bremze \/ sliedes skava ar integr\u0113tu pacel\u0161anas un pozicion\u0113\u0161anas funkciju.   Nav kontakta ar sliedi celt\u0146a p\u0101rvieto\u0161an\u0101s laik\u0101  Nav nodiluma uz skavas zobiem un vad\u012b\u0161anas riten\u012b\u0161iem celt\u0146a (kr\u0101na) p\u0101rvieto\u0161an\u0101s laik\u0101  Nav vad\u012b\u0161anas riten\u012b\u0161u skavas fiks\u0101cija uz sliedes celt\u0146a (kr\u0101na) p\u0101rvieto\u0161an\u0101s laik\u0101  Vertik\u0101l\u0101s pacel\u0161anas funkcija  S\u0101nu pozicion\u0113\u0161ana vismaz \u00b1 25 mm. S\u0101nu pozicion\u0113\u0161anas funkcija skavas sist\u0113mas atbr\u012bvo\u0161anai (nolai\u0161anai) (patentu gaido\u0161a sist\u0113ma)  \u012apa\u0161i piem\u0113rota \u0101tri p\u0101rvietojo\u0161iem celt\u0146iem (kr\u0101niem)  \u012apa\u0161i piem\u0113rota \u0161\u0137\u0113rsvirziena p\u0101rvieto\u0161an\u0101s gad\u012bjumiem  L\u012bdz 840 kN aptur\u0113\u0161anas sp\u0113ks uz vienu skavu  Pa\u0161darb\u012bba elektroener\u0123ijas padeves trauc\u0113jumu gad\u012bjum\u0101","og_url":"https:\/\/dev.myindustrial.eu\/lv\/shop\/rupnieciskas-bremzu-sistemas-un-piedzinas-apstadinasanas-komponentes\/vertas-stavbremze\/storm-brake-rail-clamp-with-lifting-and-positioning-fun\/","og_site_name":"My industrial","article_modified_time":"2024-12-27T22:50:24+00:00","og_image":[{"width":800,"height":800,"url":"https:\/\/dev.myindustrial.eu\/wp-content\/uploads\/2024\/12\/rft_stormbrake-type-vzfh_hvz.webp","type":"image\/webp"}],"twitter_card":"summary_large_image","schema":{"@context":"https:\/\/schema.org","@graph":[{"@type":"WebPage","@id":"https:\/\/dev.myindustrial.eu\/lv\/shop\/rupnieciskas-bremzu-sistemas-un-piedzinas-apstadinasanas-komponentes\/vertas-stavbremze\/storm-brake-rail-clamp-with-lifting-and-positioning-fun\/","url":"https:\/\/dev.myindustrial.eu\/lv\/shop\/rupnieciskas-bremzu-sistemas-un-piedzinas-apstadinasanas-komponentes\/vertas-stavbremze\/storm-brake-rail-clamp-with-lifting-and-positioning-fun\/","name":"V\u0113tras st\u0101vbremze \/ sliedes skava ar pacel\u0161anas un pozicion\u0113\u0161anas funkciju - My industrial","isPartOf":{"@id":"https:\/\/dev.myindustrial.eu\/lv\/#website"},"primaryImageOfPage":{"@id":"https:\/\/dev.myindustrial.eu\/lv\/shop\/rupnieciskas-bremzu-sistemas-un-piedzinas-apstadinasanas-komponentes\/vertas-stavbremze\/storm-brake-rail-clamp-with-lifting-and-positioning-fun\/#primaryimage"},"image":{"@id":"https:\/\/dev.myindustrial.eu\/lv\/shop\/rupnieciskas-bremzu-sistemas-un-piedzinas-apstadinasanas-komponentes\/vertas-stavbremze\/storm-brake-rail-clamp-with-lifting-and-positioning-fun\/#primaryimage"},"thumbnailUrl":"https:\/\/dev.myindustrial.eu\/wp-content\/uploads\/2024\/12\/rft_stormbrake-type-vzfh_hvz.webp","datePublished":"2024-12-02T12:46:29+00:00","dateModified":"2024-12-27T22:50:24+00:00","breadcrumb":{"@id":"https:\/\/dev.myindustrial.eu\/lv\/shop\/rupnieciskas-bremzu-sistemas-un-piedzinas-apstadinasanas-komponentes\/vertas-stavbremze\/storm-brake-rail-clamp-with-lifting-and-positioning-fun\/#breadcrumb"},"inLanguage":"lv-LV","potentialAction":[{"@type":"ReadAction","target":["https:\/\/dev.myindustrial.eu\/lv\/shop\/rupnieciskas-bremzu-sistemas-un-piedzinas-apstadinasanas-komponentes\/vertas-stavbremze\/storm-brake-rail-clamp-with-lifting-and-positioning-fun\/"]}]},{"@type":"ImageObject","inLanguage":"lv-LV","@id":"https:\/\/dev.myindustrial.eu\/lv\/shop\/rupnieciskas-bremzu-sistemas-un-piedzinas-apstadinasanas-komponentes\/vertas-stavbremze\/storm-brake-rail-clamp-with-lifting-and-positioning-fun\/#primaryimage","url":"https:\/\/dev.myindustrial.eu\/wp-content\/uploads\/2024\/12\/rft_stormbrake-type-vzfh_hvz.webp","contentUrl":"https:\/\/dev.myindustrial.eu\/wp-content\/uploads\/2024\/12\/rft_stormbrake-type-vzfh_hvz.webp","width":800,"height":800},{"@type":"BreadcrumbList","@id":"https:\/\/dev.myindustrial.eu\/lv\/shop\/rupnieciskas-bremzu-sistemas-un-piedzinas-apstadinasanas-komponentes\/vertas-stavbremze\/storm-brake-rail-clamp-with-lifting-and-positioning-fun\/#breadcrumb","itemListElement":[{"@type":"ListItem","position":1,"name":"Home","item":"https:\/\/dev.myindustrial.eu\/lv\/"},{"@type":"ListItem","position":2,"name":"Products","item":"https:\/\/dev.myindustrial.eu\/lv\/products\/"},{"@type":"ListItem","position":3,"name":"V\u0113tras st\u0101vbremze \/ sliedes skava ar pacel\u0161anas un pozicion\u0113\u0161anas funkciju"}]},{"@type":"WebSite","@id":"https:\/\/dev.myindustrial.eu\/lv\/#website","url":"https:\/\/dev.myindustrial.eu\/lv\/","name":"My industrial","description":"","potentialAction":[{"@type":"SearchAction","target":{"@type":"EntryPoint","urlTemplate":"https:\/\/dev.myindustrial.eu\/lv\/?s={search_term_string}"},"query-input":{"@type":"PropertyValueSpecification","valueRequired":true,"valueName":"search_term_string"}}],"inLanguage":"lv-LV"}]}},"_links":{"self":[{"href":"https:\/\/dev.myindustrial.eu\/lv\/wp-json\/wp\/v2\/product\/1260065627","targetHints":{"allow":["GET"]}}],"collection":[{"href":"https:\/\/dev.myindustrial.eu\/lv\/wp-json\/wp\/v2\/product"}],"about":[{"href":"https:\/\/dev.myindustrial.eu\/lv\/wp-json\/wp\/v2\/types\/product"}],"version-history":[{"count":1,"href":"https:\/\/dev.myindustrial.eu\/lv\/wp-json\/wp\/v2\/product\/1260065627\/revisions"}],"predecessor-version":[{"id":1260065628,"href":"https:\/\/dev.myindustrial.eu\/lv\/wp-json\/wp\/v2\/product\/1260065627\/revisions\/1260065628"}],"wp:featuredmedia":[{"embeddable":true,"href":"https:\/\/dev.myindustrial.eu\/lv\/wp-json\/wp\/v2\/media\/1260065155"}],"wp:attachment":[{"href":"https:\/\/dev.myindustrial.eu\/lv\/wp-json\/wp\/v2\/media?parent=1260065627"}],"wp:term":[{"taxonomy":"product_brand","embeddable":true,"href":"https:\/\/dev.myindustrial.eu\/lv\/wp-json\/wp\/v2\/product_brand?post=1260065627"},{"taxonomy":"product_cat","embeddable":true,"href":"https:\/\/dev.myindustrial.eu\/lv\/wp-json\/wp\/v2\/product_cat?post=1260065627"},{"taxonomy":"product_tag","embeddable":true,"href":"https:\/\/dev.myindustrial.eu\/lv\/wp-json\/wp\/v2\/product_tag?post=1260065627"}],"curies":[{"name":"wp","href":"https:\/\/api.w.org\/{rel}","templated":true}]}}