{"id":1260065634,"date":"2024-12-02T12:48:56","date_gmt":"2024-12-02T12:48:56","guid":{"rendered":"https:\/\/dev.myindustrial.eu\/shop\/uncategorized\/general-overhaul-of-telescopic-forks\/"},"modified":"2024-12-27T23:01:10","modified_gmt":"2024-12-27T23:01:10","slug":"general-overhaul-of-telescopic-forks","status":"publish","type":"product","link":"https:\/\/dev.myindustrial.eu\/lv\/shop\/rupnieciskas-bremzu-sistemas-un-piedzinas-apstadinasanas-komponentes\/teleskopiskas-daksas\/general-overhaul-of-telescopic-forks\/","title":{"rendered":"Teleskopisko dak\u0161u visp\u0101r\u0113j\u0101 atjauno\u0161ana"},"content":{"rendered":"<p><b>Visp\u0101r\u0113j\u0101s atjauno\u0161anas process | DS, F vai ALU dak\u0161as<\/b><\/p>\n<ul>\n<li style=\"font-weight: 400;\" aria-level=\"1\"><span style=\"font-weight: 400;\">T\u0113rauda konstrukcijas p\u0101rbaude<\/span><\/li>\n<li style=\"font-weight: 400;\" aria-level=\"1\"><span style=\"font-weight: 400;\">Visu rezerves un nolietoto da\u013cu nomai\u0146a<\/span><\/li>\n<li style=\"font-weight: 400;\" aria-level=\"1\"><span style=\"font-weight: 400;\">G\u0101jienu un piedzi\u0146as griezes momenta regul\u0113\u0161ana<\/span><\/li>\n<li style=\"font-weight: 400;\" aria-level=\"1\"><span style=\"font-weight: 400;\">Augstas kvalit\u0101tes rezerves da\u013cu izmanto\u0161ana<\/span><\/li>\n<li style=\"font-weight: 400;\" aria-level=\"1\"><span style=\"font-weight: 400;\">Zaru vadot\u0146u uzlabo\u0161ana, izmantojot S-green sist\u0113mu<\/span><\/li>\n<li style=\"font-weight: 400;\" aria-level=\"1\"><span style=\"font-weight: 400;\">Jauna, uzlabota atsperu iepriek\u0161\u0113jas nospriego\u0161anas sist\u0113ma<\/span><\/li>\n<li style=\"font-weight: 400;\" aria-level=\"1\"><span style=\"font-weight: 400;\">Rezerves da\u013cas noliktav\u0101<\/span><\/li>\n<\/ul>\n<p><b>Tehniskie ieguvumi<\/b><\/p>\n<ul>\n<li style=\"font-weight: 400;\" aria-level=\"1\"><span style=\"font-weight: 400;\">Iztur\u012bga konstrukcija<\/span><\/li>\n<li style=\"font-weight: 400;\" aria-level=\"1\"><span style=\"font-weight: 400;\">Ilgs kalpo\u0161anas laiks<\/span><\/li>\n<li style=\"font-weight: 400;\" aria-level=\"1\"><span style=\"font-weight: 400;\">Visp\u0101r\u0113ja atjauno\u0161ana gredzenveida apmai\u0146as proces\u0101 \/ Bez d\u012bkst\u0101ves<\/span><\/li>\n<\/ul>\n","protected":false},"excerpt":{"rendered":"<p><span style=\"font-weight: 400;\">Lai nov\u0113rstu k\u013c\u016bmes vai visas uzglab\u0101\u0161anas un izsnieg\u0161anas sist\u0113mas d\u012bkst\u0101vi, katrs kravu nes\u0113js, piem\u0113ram, teleskopisk\u0101s dak\u0161as, j\u0101atjauno vismaz vienu reizi paredz\u0113taj\u0101 ekspluat\u0101cijas laik\u0101.<\/span><\/p>\n","protected":false},"featured_media":1260065161,"template":"","meta":[],"product_brand":[],"product_cat":[1721],"product_tag":[],"class_list":{"0":"post-1260065634","1":"product","2":"type-product","3":"status-publish","4":"has-post-thumbnail","6":"product_cat-teleskopiskas-daksas","8":"first","9":"instock","10":"shipping-taxable","11":"product-type-simple"},"yoast_head":"<!-- This site is optimized with the Yoast SEO plugin v27.1.1 - https:\/\/yoast.com\/product\/yoast-seo-wordpress\/ -->\n<title>Teleskopisko dak\u0161u visp\u0101r\u0113j\u0101 atjauno\u0161ana - My industrial<\/title>\n<meta name=\"robots\" content=\"noindex, follow, max-snippet:-1, max-image-preview:large, max-video-preview:-1\" \/>\n<meta property=\"og:locale\" content=\"lv_LV\" \/>\n<meta property=\"og:type\" content=\"article\" \/>\n<meta property=\"og:title\" content=\"Teleskopisko dak\u0161u visp\u0101r\u0113j\u0101 atjauno\u0161ana - My industrial\" \/>\n<meta property=\"og:description\" content=\"Lai nov\u0113rstu k\u013c\u016bmes vai visas uzglab\u0101\u0161anas un izsnieg\u0161anas sist\u0113mas d\u012bkst\u0101vi, katrs kravu nes\u0113js, piem\u0113ram, teleskopisk\u0101s dak\u0161as, j\u0101atjauno vismaz vienu reizi paredz\u0113taj\u0101 ekspluat\u0101cijas laik\u0101.\" \/>\n<meta property=\"og:url\" content=\"https:\/\/dev.myindustrial.eu\/lv\/shop\/rupnieciskas-bremzu-sistemas-un-piedzinas-apstadinasanas-komponentes\/teleskopiskas-daksas\/general-overhaul-of-telescopic-forks\/\" \/>\n<meta property=\"og:site_name\" content=\"My industrial\" \/>\n<meta property=\"article:modified_time\" content=\"2024-12-27T23:01:10+00:00\" \/>\n<meta property=\"og:image\" content=\"https:\/\/dev.myindustrial.eu\/wp-content\/uploads\/2024\/12\/teleskop_ds.webp\" \/>\n\t<meta property=\"og:image:width\" content=\"800\" \/>\n\t<meta property=\"og:image:height\" content=\"800\" \/>\n\t<meta property=\"og:image:type\" content=\"image\/webp\" \/>\n<meta name=\"twitter:card\" content=\"summary_large_image\" \/>\n<script type=\"application\/ld+json\" class=\"yoast-schema-graph\">{\"@context\":\"https:\/\/schema.org\",\"@graph\":[{\"@type\":\"WebPage\",\"@id\":\"https:\/\/dev.myindustrial.eu\/lv\/shop\/rupnieciskas-bremzu-sistemas-un-piedzinas-apstadinasanas-komponentes\/teleskopiskas-daksas\/general-overhaul-of-telescopic-forks\/\",\"url\":\"https:\/\/dev.myindustrial.eu\/lv\/shop\/rupnieciskas-bremzu-sistemas-un-piedzinas-apstadinasanas-komponentes\/teleskopiskas-daksas\/general-overhaul-of-telescopic-forks\/\",\"name\":\"Teleskopisko dak\u0161u visp\u0101r\u0113j\u0101 atjauno\u0161ana - My industrial\",\"isPartOf\":{\"@id\":\"https:\/\/dev.myindustrial.eu\/lv\/#website\"},\"primaryImageOfPage\":{\"@id\":\"https:\/\/dev.myindustrial.eu\/lv\/shop\/rupnieciskas-bremzu-sistemas-un-piedzinas-apstadinasanas-komponentes\/teleskopiskas-daksas\/general-overhaul-of-telescopic-forks\/#primaryimage\"},\"image\":{\"@id\":\"https:\/\/dev.myindustrial.eu\/lv\/shop\/rupnieciskas-bremzu-sistemas-un-piedzinas-apstadinasanas-komponentes\/teleskopiskas-daksas\/general-overhaul-of-telescopic-forks\/#primaryimage\"},\"thumbnailUrl\":\"https:\/\/dev.myindustrial.eu\/wp-content\/uploads\/2024\/12\/teleskop_ds.webp\",\"datePublished\":\"2024-12-02T12:48:56+00:00\",\"dateModified\":\"2024-12-27T23:01:10+00:00\",\"breadcrumb\":{\"@id\":\"https:\/\/dev.myindustrial.eu\/lv\/shop\/rupnieciskas-bremzu-sistemas-un-piedzinas-apstadinasanas-komponentes\/teleskopiskas-daksas\/general-overhaul-of-telescopic-forks\/#breadcrumb\"},\"inLanguage\":\"lv-LV\",\"potentialAction\":[{\"@type\":\"ReadAction\",\"target\":[\"https:\/\/dev.myindustrial.eu\/lv\/shop\/rupnieciskas-bremzu-sistemas-un-piedzinas-apstadinasanas-komponentes\/teleskopiskas-daksas\/general-overhaul-of-telescopic-forks\/\"]}]},{\"@type\":\"ImageObject\",\"inLanguage\":\"lv-LV\",\"@id\":\"https:\/\/dev.myindustrial.eu\/lv\/shop\/rupnieciskas-bremzu-sistemas-un-piedzinas-apstadinasanas-komponentes\/teleskopiskas-daksas\/general-overhaul-of-telescopic-forks\/#primaryimage\",\"url\":\"https:\/\/dev.myindustrial.eu\/wp-content\/uploads\/2024\/12\/teleskop_ds.webp\",\"contentUrl\":\"https:\/\/dev.myindustrial.eu\/wp-content\/uploads\/2024\/12\/teleskop_ds.webp\",\"width\":800,\"height\":800},{\"@type\":\"BreadcrumbList\",\"@id\":\"https:\/\/dev.myindustrial.eu\/lv\/shop\/rupnieciskas-bremzu-sistemas-un-piedzinas-apstadinasanas-komponentes\/teleskopiskas-daksas\/general-overhaul-of-telescopic-forks\/#breadcrumb\",\"itemListElement\":[{\"@type\":\"ListItem\",\"position\":1,\"name\":\"Home\",\"item\":\"https:\/\/dev.myindustrial.eu\/lv\/\"},{\"@type\":\"ListItem\",\"position\":2,\"name\":\"Products\",\"item\":\"https:\/\/dev.myindustrial.eu\/lv\/products\/\"},{\"@type\":\"ListItem\",\"position\":3,\"name\":\"Teleskopisko dak\u0161u visp\u0101r\u0113j\u0101 atjauno\u0161ana\"}]},{\"@type\":\"WebSite\",\"@id\":\"https:\/\/dev.myindustrial.eu\/lv\/#website\",\"url\":\"https:\/\/dev.myindustrial.eu\/lv\/\",\"name\":\"My industrial\",\"description\":\"\",\"potentialAction\":[{\"@type\":\"SearchAction\",\"target\":{\"@type\":\"EntryPoint\",\"urlTemplate\":\"https:\/\/dev.myindustrial.eu\/lv\/?s={search_term_string}\"},\"query-input\":{\"@type\":\"PropertyValueSpecification\",\"valueRequired\":true,\"valueName\":\"search_term_string\"}}],\"inLanguage\":\"lv-LV\"}]}<\/script>\n<!-- \/ Yoast SEO plugin. -->","yoast_head_json":{"title":"Teleskopisko dak\u0161u visp\u0101r\u0113j\u0101 atjauno\u0161ana - My industrial","robots":{"index":"noindex","follow":"follow","max-snippet":"max-snippet:-1","max-image-preview":"max-image-preview:large","max-video-preview":"max-video-preview:-1"},"og_locale":"lv_LV","og_type":"article","og_title":"Teleskopisko dak\u0161u visp\u0101r\u0113j\u0101 atjauno\u0161ana - My industrial","og_description":"Lai nov\u0113rstu k\u013c\u016bmes vai visas uzglab\u0101\u0161anas un izsnieg\u0161anas sist\u0113mas d\u012bkst\u0101vi, katrs kravu nes\u0113js, piem\u0113ram, teleskopisk\u0101s dak\u0161as, j\u0101atjauno vismaz vienu reizi paredz\u0113taj\u0101 ekspluat\u0101cijas laik\u0101.","og_url":"https:\/\/dev.myindustrial.eu\/lv\/shop\/rupnieciskas-bremzu-sistemas-un-piedzinas-apstadinasanas-komponentes\/teleskopiskas-daksas\/general-overhaul-of-telescopic-forks\/","og_site_name":"My industrial","article_modified_time":"2024-12-27T23:01:10+00:00","og_image":[{"width":800,"height":800,"url":"https:\/\/dev.myindustrial.eu\/wp-content\/uploads\/2024\/12\/teleskop_ds.webp","type":"image\/webp"}],"twitter_card":"summary_large_image","schema":{"@context":"https:\/\/schema.org","@graph":[{"@type":"WebPage","@id":"https:\/\/dev.myindustrial.eu\/lv\/shop\/rupnieciskas-bremzu-sistemas-un-piedzinas-apstadinasanas-komponentes\/teleskopiskas-daksas\/general-overhaul-of-telescopic-forks\/","url":"https:\/\/dev.myindustrial.eu\/lv\/shop\/rupnieciskas-bremzu-sistemas-un-piedzinas-apstadinasanas-komponentes\/teleskopiskas-daksas\/general-overhaul-of-telescopic-forks\/","name":"Teleskopisko dak\u0161u visp\u0101r\u0113j\u0101 atjauno\u0161ana - My industrial","isPartOf":{"@id":"https:\/\/dev.myindustrial.eu\/lv\/#website"},"primaryImageOfPage":{"@id":"https:\/\/dev.myindustrial.eu\/lv\/shop\/rupnieciskas-bremzu-sistemas-un-piedzinas-apstadinasanas-komponentes\/teleskopiskas-daksas\/general-overhaul-of-telescopic-forks\/#primaryimage"},"image":{"@id":"https:\/\/dev.myindustrial.eu\/lv\/shop\/rupnieciskas-bremzu-sistemas-un-piedzinas-apstadinasanas-komponentes\/teleskopiskas-daksas\/general-overhaul-of-telescopic-forks\/#primaryimage"},"thumbnailUrl":"https:\/\/dev.myindustrial.eu\/wp-content\/uploads\/2024\/12\/teleskop_ds.webp","datePublished":"2024-12-02T12:48:56+00:00","dateModified":"2024-12-27T23:01:10+00:00","breadcrumb":{"@id":"https:\/\/dev.myindustrial.eu\/lv\/shop\/rupnieciskas-bremzu-sistemas-un-piedzinas-apstadinasanas-komponentes\/teleskopiskas-daksas\/general-overhaul-of-telescopic-forks\/#breadcrumb"},"inLanguage":"lv-LV","potentialAction":[{"@type":"ReadAction","target":["https:\/\/dev.myindustrial.eu\/lv\/shop\/rupnieciskas-bremzu-sistemas-un-piedzinas-apstadinasanas-komponentes\/teleskopiskas-daksas\/general-overhaul-of-telescopic-forks\/"]}]},{"@type":"ImageObject","inLanguage":"lv-LV","@id":"https:\/\/dev.myindustrial.eu\/lv\/shop\/rupnieciskas-bremzu-sistemas-un-piedzinas-apstadinasanas-komponentes\/teleskopiskas-daksas\/general-overhaul-of-telescopic-forks\/#primaryimage","url":"https:\/\/dev.myindustrial.eu\/wp-content\/uploads\/2024\/12\/teleskop_ds.webp","contentUrl":"https:\/\/dev.myindustrial.eu\/wp-content\/uploads\/2024\/12\/teleskop_ds.webp","width":800,"height":800},{"@type":"BreadcrumbList","@id":"https:\/\/dev.myindustrial.eu\/lv\/shop\/rupnieciskas-bremzu-sistemas-un-piedzinas-apstadinasanas-komponentes\/teleskopiskas-daksas\/general-overhaul-of-telescopic-forks\/#breadcrumb","itemListElement":[{"@type":"ListItem","position":1,"name":"Home","item":"https:\/\/dev.myindustrial.eu\/lv\/"},{"@type":"ListItem","position":2,"name":"Products","item":"https:\/\/dev.myindustrial.eu\/lv\/products\/"},{"@type":"ListItem","position":3,"name":"Teleskopisko dak\u0161u visp\u0101r\u0113j\u0101 atjauno\u0161ana"}]},{"@type":"WebSite","@id":"https:\/\/dev.myindustrial.eu\/lv\/#website","url":"https:\/\/dev.myindustrial.eu\/lv\/","name":"My industrial","description":"","potentialAction":[{"@type":"SearchAction","target":{"@type":"EntryPoint","urlTemplate":"https:\/\/dev.myindustrial.eu\/lv\/?s={search_term_string}"},"query-input":{"@type":"PropertyValueSpecification","valueRequired":true,"valueName":"search_term_string"}}],"inLanguage":"lv-LV"}]}},"_links":{"self":[{"href":"https:\/\/dev.myindustrial.eu\/lv\/wp-json\/wp\/v2\/product\/1260065634","targetHints":{"allow":["GET"]}}],"collection":[{"href":"https:\/\/dev.myindustrial.eu\/lv\/wp-json\/wp\/v2\/product"}],"about":[{"href":"https:\/\/dev.myindustrial.eu\/lv\/wp-json\/wp\/v2\/types\/product"}],"version-history":[{"count":1,"href":"https:\/\/dev.myindustrial.eu\/lv\/wp-json\/wp\/v2\/product\/1260065634\/revisions"}],"predecessor-version":[{"id":1260065635,"href":"https:\/\/dev.myindustrial.eu\/lv\/wp-json\/wp\/v2\/product\/1260065634\/revisions\/1260065635"}],"wp:featuredmedia":[{"embeddable":true,"href":"https:\/\/dev.myindustrial.eu\/lv\/wp-json\/wp\/v2\/media\/1260065161"}],"wp:attachment":[{"href":"https:\/\/dev.myindustrial.eu\/lv\/wp-json\/wp\/v2\/media?parent=1260065634"}],"wp:term":[{"taxonomy":"product_brand","embeddable":true,"href":"https:\/\/dev.myindustrial.eu\/lv\/wp-json\/wp\/v2\/product_brand?post=1260065634"},{"taxonomy":"product_cat","embeddable":true,"href":"https:\/\/dev.myindustrial.eu\/lv\/wp-json\/wp\/v2\/product_cat?post=1260065634"},{"taxonomy":"product_tag","embeddable":true,"href":"https:\/\/dev.myindustrial.eu\/lv\/wp-json\/wp\/v2\/product_tag?post=1260065634"}],"curies":[{"name":"wp","href":"https:\/\/api.w.org\/{rel}","templated":true}]}}