{"id":1260065639,"date":"2024-12-02T12:51:47","date_gmt":"2024-12-02T12:51:47","guid":{"rendered":"https:\/\/dev.myindustrial.eu\/shop\/uncategorized\/push-pull-devices\/"},"modified":"2024-12-27T23:09:34","modified_gmt":"2024-12-27T23:09:34","slug":"push-pull-devices","status":"publish","type":"product","link":"https:\/\/dev.myindustrial.eu\/lv\/shop\/rupnieciskas-bremzu-sistemas-un-piedzinas-apstadinasanas-komponentes\/teleskopiskas-daksas\/push-pull-devices\/","title":{"rendered":"Stum\u0161anas vilk\u0161anas ier\u012bces"},"content":{"rendered":"","protected":false},"excerpt":{"rendered":"<p><span style=\"font-weight: 400;\">Stum\u0161anas vilk\u0161anas ier\u012bce papl\u0101\u0161u uzglab\u0101\u0161anai.<\/span><\/p>\n<ul>\n<li style=\"font-weight: 400;\" aria-level=\"1\"><span style=\"font-weight: 400;\">Labi p\u0101rdom\u0101ts dizains<\/span><\/li>\n<li style=\"font-weight: 400;\" aria-level=\"1\"><span style=\"font-weight: 400;\">Zemas uztur\u0113\u0161anas izmaksas<\/span><\/li>\n<li style=\"font-weight: 400;\" aria-level=\"1\"><span style=\"font-weight: 400;\">Dinamiska piedzi\u0146a<\/span><\/li>\n<li style=\"font-weight: 400;\" aria-level=\"1\"><span style=\"font-weight: 400;\">Ab\u0101s pus\u0113s \u0137\u0113des piedzi\u0146a ar stum\u0161anas \/ vilk\u0161anas tapu<\/span><\/li>\n<li style=\"font-weight: 400;\" aria-level=\"1\"><span style=\"font-weight: 400;\">Plauktu piedzi\u0146a ar elektromeh\u0101nisku atbalsta cilindru<\/span><\/li>\n<\/ul>\n<p><span style=\"font-weight: 400;\">Tehniskie ieguvumi<\/span><\/p>\n<ul>\n<li style=\"font-weight: 400;\" aria-level=\"1\"><span style=\"font-weight: 400;\">Iztur\u012bga un kompakta konstrukcija ilgtermi\u0146a darb\u012bbai<\/span><\/li>\n<li style=\"font-weight: 400;\" aria-level=\"1\"><span style=\"font-weight: 400;\">Augsta jauda automatiz\u0113to uzglab\u0101\u0161anas sist\u0113mu jom\u0101<\/span><\/li>\n<li style=\"font-weight: 400;\" aria-level=\"1\"><span style=\"font-weight: 400;\">Ilgs kalpo\u0161anas laiks<\/span><\/li>\n<\/ul>\n","protected":false},"featured_media":1260065167,"template":"","meta":[],"product_brand":[],"product_cat":[1721],"product_tag":[],"class_list":{"0":"post-1260065639","1":"product","2":"type-product","3":"status-publish","4":"has-post-thumbnail","6":"product_cat-teleskopiskas-daksas","8":"first","9":"instock","10":"shipping-taxable","11":"product-type-simple"},"yoast_head":"<!-- This site is optimized with the Yoast SEO plugin v27.1.1 - https:\/\/yoast.com\/product\/yoast-seo-wordpress\/ -->\n<title>Stum\u0161anas vilk\u0161anas ier\u012bces - My industrial<\/title>\n<meta name=\"robots\" content=\"noindex, follow, max-snippet:-1, max-image-preview:large, max-video-preview:-1\" \/>\n<meta property=\"og:locale\" content=\"lv_LV\" \/>\n<meta property=\"og:type\" content=\"article\" \/>\n<meta property=\"og:title\" content=\"Stum\u0161anas vilk\u0161anas ier\u012bces - My industrial\" \/>\n<meta property=\"og:description\" content=\"Stum\u0161anas vilk\u0161anas ier\u012bce papl\u0101\u0161u uzglab\u0101\u0161anai.   Labi p\u0101rdom\u0101ts dizains  Zemas uztur\u0113\u0161anas izmaksas  Dinamiska piedzi\u0146a  Ab\u0101s pus\u0113s \u0137\u0113des piedzi\u0146a ar stum\u0161anas \/ vilk\u0161anas tapu  Plauktu piedzi\u0146a ar elektromeh\u0101nisku atbalsta cilindru  Tehniskie ieguvumi   Iztur\u012bga un kompakta konstrukcija ilgtermi\u0146a darb\u012bbai  Augsta jauda automatiz\u0113to uzglab\u0101\u0161anas sist\u0113mu jom\u0101  Ilgs kalpo\u0161anas laiks\" \/>\n<meta property=\"og:url\" content=\"https:\/\/dev.myindustrial.eu\/lv\/shop\/rupnieciskas-bremzu-sistemas-un-piedzinas-apstadinasanas-komponentes\/teleskopiskas-daksas\/push-pull-devices\/\" \/>\n<meta property=\"og:site_name\" content=\"My industrial\" \/>\n<meta property=\"article:modified_time\" content=\"2024-12-27T23:09:34+00:00\" \/>\n<meta property=\"og:image\" content=\"https:\/\/dev.myindustrial.eu\/wp-content\/uploads\/2024\/12\/ziehvorrichtung.webp\" \/>\n\t<meta property=\"og:image:width\" content=\"800\" \/>\n\t<meta property=\"og:image:height\" content=\"800\" \/>\n\t<meta property=\"og:image:type\" content=\"image\/webp\" \/>\n<meta name=\"twitter:card\" content=\"summary_large_image\" \/>\n<script type=\"application\/ld+json\" class=\"yoast-schema-graph\">{\"@context\":\"https:\/\/schema.org\",\"@graph\":[{\"@type\":\"WebPage\",\"@id\":\"https:\/\/dev.myindustrial.eu\/lv\/shop\/rupnieciskas-bremzu-sistemas-un-piedzinas-apstadinasanas-komponentes\/teleskopiskas-daksas\/push-pull-devices\/\",\"url\":\"https:\/\/dev.myindustrial.eu\/lv\/shop\/rupnieciskas-bremzu-sistemas-un-piedzinas-apstadinasanas-komponentes\/teleskopiskas-daksas\/push-pull-devices\/\",\"name\":\"Stum\u0161anas vilk\u0161anas ier\u012bces - My industrial\",\"isPartOf\":{\"@id\":\"https:\/\/dev.myindustrial.eu\/lv\/#website\"},\"primaryImageOfPage\":{\"@id\":\"https:\/\/dev.myindustrial.eu\/lv\/shop\/rupnieciskas-bremzu-sistemas-un-piedzinas-apstadinasanas-komponentes\/teleskopiskas-daksas\/push-pull-devices\/#primaryimage\"},\"image\":{\"@id\":\"https:\/\/dev.myindustrial.eu\/lv\/shop\/rupnieciskas-bremzu-sistemas-un-piedzinas-apstadinasanas-komponentes\/teleskopiskas-daksas\/push-pull-devices\/#primaryimage\"},\"thumbnailUrl\":\"https:\/\/dev.myindustrial.eu\/wp-content\/uploads\/2024\/12\/ziehvorrichtung.webp\",\"datePublished\":\"2024-12-02T12:51:47+00:00\",\"dateModified\":\"2024-12-27T23:09:34+00:00\",\"breadcrumb\":{\"@id\":\"https:\/\/dev.myindustrial.eu\/lv\/shop\/rupnieciskas-bremzu-sistemas-un-piedzinas-apstadinasanas-komponentes\/teleskopiskas-daksas\/push-pull-devices\/#breadcrumb\"},\"inLanguage\":\"lv-LV\",\"potentialAction\":[{\"@type\":\"ReadAction\",\"target\":[\"https:\/\/dev.myindustrial.eu\/lv\/shop\/rupnieciskas-bremzu-sistemas-un-piedzinas-apstadinasanas-komponentes\/teleskopiskas-daksas\/push-pull-devices\/\"]}]},{\"@type\":\"ImageObject\",\"inLanguage\":\"lv-LV\",\"@id\":\"https:\/\/dev.myindustrial.eu\/lv\/shop\/rupnieciskas-bremzu-sistemas-un-piedzinas-apstadinasanas-komponentes\/teleskopiskas-daksas\/push-pull-devices\/#primaryimage\",\"url\":\"https:\/\/dev.myindustrial.eu\/wp-content\/uploads\/2024\/12\/ziehvorrichtung.webp\",\"contentUrl\":\"https:\/\/dev.myindustrial.eu\/wp-content\/uploads\/2024\/12\/ziehvorrichtung.webp\",\"width\":800,\"height\":800},{\"@type\":\"BreadcrumbList\",\"@id\":\"https:\/\/dev.myindustrial.eu\/lv\/shop\/rupnieciskas-bremzu-sistemas-un-piedzinas-apstadinasanas-komponentes\/teleskopiskas-daksas\/push-pull-devices\/#breadcrumb\",\"itemListElement\":[{\"@type\":\"ListItem\",\"position\":1,\"name\":\"Home\",\"item\":\"https:\/\/dev.myindustrial.eu\/lv\/\"},{\"@type\":\"ListItem\",\"position\":2,\"name\":\"Products\",\"item\":\"https:\/\/dev.myindustrial.eu\/lv\/products\/\"},{\"@type\":\"ListItem\",\"position\":3,\"name\":\"Stum\u0161anas vilk\u0161anas ier\u012bces\"}]},{\"@type\":\"WebSite\",\"@id\":\"https:\/\/dev.myindustrial.eu\/lv\/#website\",\"url\":\"https:\/\/dev.myindustrial.eu\/lv\/\",\"name\":\"My industrial\",\"description\":\"\",\"potentialAction\":[{\"@type\":\"SearchAction\",\"target\":{\"@type\":\"EntryPoint\",\"urlTemplate\":\"https:\/\/dev.myindustrial.eu\/lv\/?s={search_term_string}\"},\"query-input\":{\"@type\":\"PropertyValueSpecification\",\"valueRequired\":true,\"valueName\":\"search_term_string\"}}],\"inLanguage\":\"lv-LV\"}]}<\/script>\n<!-- \/ Yoast SEO plugin. -->","yoast_head_json":{"title":"Stum\u0161anas vilk\u0161anas ier\u012bces - My industrial","robots":{"index":"noindex","follow":"follow","max-snippet":"max-snippet:-1","max-image-preview":"max-image-preview:large","max-video-preview":"max-video-preview:-1"},"og_locale":"lv_LV","og_type":"article","og_title":"Stum\u0161anas vilk\u0161anas ier\u012bces - My industrial","og_description":"Stum\u0161anas vilk\u0161anas ier\u012bce papl\u0101\u0161u uzglab\u0101\u0161anai.   Labi p\u0101rdom\u0101ts dizains  Zemas uztur\u0113\u0161anas izmaksas  Dinamiska piedzi\u0146a  Ab\u0101s pus\u0113s \u0137\u0113des piedzi\u0146a ar stum\u0161anas \/ vilk\u0161anas tapu  Plauktu piedzi\u0146a ar elektromeh\u0101nisku atbalsta cilindru  Tehniskie ieguvumi   Iztur\u012bga un kompakta konstrukcija ilgtermi\u0146a darb\u012bbai  Augsta jauda automatiz\u0113to uzglab\u0101\u0161anas sist\u0113mu jom\u0101  Ilgs kalpo\u0161anas laiks","og_url":"https:\/\/dev.myindustrial.eu\/lv\/shop\/rupnieciskas-bremzu-sistemas-un-piedzinas-apstadinasanas-komponentes\/teleskopiskas-daksas\/push-pull-devices\/","og_site_name":"My industrial","article_modified_time":"2024-12-27T23:09:34+00:00","og_image":[{"width":800,"height":800,"url":"https:\/\/dev.myindustrial.eu\/wp-content\/uploads\/2024\/12\/ziehvorrichtung.webp","type":"image\/webp"}],"twitter_card":"summary_large_image","schema":{"@context":"https:\/\/schema.org","@graph":[{"@type":"WebPage","@id":"https:\/\/dev.myindustrial.eu\/lv\/shop\/rupnieciskas-bremzu-sistemas-un-piedzinas-apstadinasanas-komponentes\/teleskopiskas-daksas\/push-pull-devices\/","url":"https:\/\/dev.myindustrial.eu\/lv\/shop\/rupnieciskas-bremzu-sistemas-un-piedzinas-apstadinasanas-komponentes\/teleskopiskas-daksas\/push-pull-devices\/","name":"Stum\u0161anas vilk\u0161anas ier\u012bces - My industrial","isPartOf":{"@id":"https:\/\/dev.myindustrial.eu\/lv\/#website"},"primaryImageOfPage":{"@id":"https:\/\/dev.myindustrial.eu\/lv\/shop\/rupnieciskas-bremzu-sistemas-un-piedzinas-apstadinasanas-komponentes\/teleskopiskas-daksas\/push-pull-devices\/#primaryimage"},"image":{"@id":"https:\/\/dev.myindustrial.eu\/lv\/shop\/rupnieciskas-bremzu-sistemas-un-piedzinas-apstadinasanas-komponentes\/teleskopiskas-daksas\/push-pull-devices\/#primaryimage"},"thumbnailUrl":"https:\/\/dev.myindustrial.eu\/wp-content\/uploads\/2024\/12\/ziehvorrichtung.webp","datePublished":"2024-12-02T12:51:47+00:00","dateModified":"2024-12-27T23:09:34+00:00","breadcrumb":{"@id":"https:\/\/dev.myindustrial.eu\/lv\/shop\/rupnieciskas-bremzu-sistemas-un-piedzinas-apstadinasanas-komponentes\/teleskopiskas-daksas\/push-pull-devices\/#breadcrumb"},"inLanguage":"lv-LV","potentialAction":[{"@type":"ReadAction","target":["https:\/\/dev.myindustrial.eu\/lv\/shop\/rupnieciskas-bremzu-sistemas-un-piedzinas-apstadinasanas-komponentes\/teleskopiskas-daksas\/push-pull-devices\/"]}]},{"@type":"ImageObject","inLanguage":"lv-LV","@id":"https:\/\/dev.myindustrial.eu\/lv\/shop\/rupnieciskas-bremzu-sistemas-un-piedzinas-apstadinasanas-komponentes\/teleskopiskas-daksas\/push-pull-devices\/#primaryimage","url":"https:\/\/dev.myindustrial.eu\/wp-content\/uploads\/2024\/12\/ziehvorrichtung.webp","contentUrl":"https:\/\/dev.myindustrial.eu\/wp-content\/uploads\/2024\/12\/ziehvorrichtung.webp","width":800,"height":800},{"@type":"BreadcrumbList","@id":"https:\/\/dev.myindustrial.eu\/lv\/shop\/rupnieciskas-bremzu-sistemas-un-piedzinas-apstadinasanas-komponentes\/teleskopiskas-daksas\/push-pull-devices\/#breadcrumb","itemListElement":[{"@type":"ListItem","position":1,"name":"Home","item":"https:\/\/dev.myindustrial.eu\/lv\/"},{"@type":"ListItem","position":2,"name":"Products","item":"https:\/\/dev.myindustrial.eu\/lv\/products\/"},{"@type":"ListItem","position":3,"name":"Stum\u0161anas vilk\u0161anas ier\u012bces"}]},{"@type":"WebSite","@id":"https:\/\/dev.myindustrial.eu\/lv\/#website","url":"https:\/\/dev.myindustrial.eu\/lv\/","name":"My industrial","description":"","potentialAction":[{"@type":"SearchAction","target":{"@type":"EntryPoint","urlTemplate":"https:\/\/dev.myindustrial.eu\/lv\/?s={search_term_string}"},"query-input":{"@type":"PropertyValueSpecification","valueRequired":true,"valueName":"search_term_string"}}],"inLanguage":"lv-LV"}]}},"_links":{"self":[{"href":"https:\/\/dev.myindustrial.eu\/lv\/wp-json\/wp\/v2\/product\/1260065639","targetHints":{"allow":["GET"]}}],"collection":[{"href":"https:\/\/dev.myindustrial.eu\/lv\/wp-json\/wp\/v2\/product"}],"about":[{"href":"https:\/\/dev.myindustrial.eu\/lv\/wp-json\/wp\/v2\/types\/product"}],"version-history":[{"count":0,"href":"https:\/\/dev.myindustrial.eu\/lv\/wp-json\/wp\/v2\/product\/1260065639\/revisions"}],"wp:featuredmedia":[{"embeddable":true,"href":"https:\/\/dev.myindustrial.eu\/lv\/wp-json\/wp\/v2\/media\/1260065167"}],"wp:attachment":[{"href":"https:\/\/dev.myindustrial.eu\/lv\/wp-json\/wp\/v2\/media?parent=1260065639"}],"wp:term":[{"taxonomy":"product_brand","embeddable":true,"href":"https:\/\/dev.myindustrial.eu\/lv\/wp-json\/wp\/v2\/product_brand?post=1260065639"},{"taxonomy":"product_cat","embeddable":true,"href":"https:\/\/dev.myindustrial.eu\/lv\/wp-json\/wp\/v2\/product_cat?post=1260065639"},{"taxonomy":"product_tag","embeddable":true,"href":"https:\/\/dev.myindustrial.eu\/lv\/wp-json\/wp\/v2\/product_tag?post=1260065639"}],"curies":[{"name":"wp","href":"https:\/\/api.w.org\/{rel}","templated":true}]}}