{"id":1260065711,"date":"2024-12-02T09:43:18","date_gmt":"2024-12-02T09:43:18","guid":{"rendered":"https:\/\/dev.myindustrial.eu\/shop\/uncategorized\/electrohydraulic-thrusters\/"},"modified":"2025-01-27T20:26:39","modified_gmt":"2025-01-27T20:26:39","slug":"electrohydraulic-thrusters","status":"publish","type":"product","link":"https:\/\/dev.myindustrial.eu\/lv\/shop\/rupnieciskas-bremzu-sistemas-un-piedzinas-apstadinasanas-komponentes\/bremzu-piederumi\/electrohydraulic-thrusters\/","title":{"rendered":"Elektrohidrauliskie gr\u016bd\u0113ji"},"content":{"rendered":"","protected":false},"excerpt":{"rendered":"<p>Elektrohidrauliskie virzu\u013cdzin\u0113ji r\u016bpniecisko un industri\u0101lo brem\u017eu sist\u0113mu atbr\u012bvo\u0161anai un darb\u012bbai.<br \/>\nElektrohidraulisk\u0101 pacel\u0161anas ier\u012bce atbilsto\u0161i DIN 15430<br \/>\nPacel\u0161anas sp\u0113ks no 250 N l\u012bdz 4000 N (citas p\u0113c piepras\u012bjuma)<br \/>\nVirzu\u013ca g\u0101jieni no 60 mm l\u012bdz 120 mm standarta vien\u012bb\u0101m<br \/>\nStandarta apk\u0101rt\u0113j\u0101s vides temperat\u016bra: -25\u00b0C l\u012bdz +50\u00b0C<br \/>\nStandarta spriegums: 230\/400 V (+\/- 5%), 50 Hz, 3 f\u0101zes (\u012apa\u0161s spriegums p\u0113c piepras\u012bjuma)<\/p>\n","protected":false},"featured_media":1260064762,"template":"","meta":[],"product_brand":[],"product_cat":[1681,1312],"product_tag":[],"class_list":{"0":"post-1260065711","1":"product","2":"type-product","3":"status-publish","4":"has-post-thumbnail","6":"product_cat-bremzu-piederumi","7":"product_cat-elektrohidrauliskie-dzineji","9":"first","10":"instock","11":"shipping-taxable","12":"product-type-simple"},"yoast_head":"<!-- This site is optimized with the Yoast SEO plugin v27.1.1 - https:\/\/yoast.com\/product\/yoast-seo-wordpress\/ -->\n<title>Elektrohidrauliskie gr\u016bd\u0113ji - My industrial<\/title>\n<meta name=\"robots\" content=\"noindex, follow, max-snippet:-1, max-image-preview:large, max-video-preview:-1\" \/>\n<meta property=\"og:locale\" content=\"lv_LV\" \/>\n<meta property=\"og:type\" content=\"article\" \/>\n<meta property=\"og:title\" content=\"Elektrohidrauliskie gr\u016bd\u0113ji - My industrial\" \/>\n<meta property=\"og:description\" content=\"Elektrohidrauliskie virzu\u013cdzin\u0113ji r\u016bpniecisko un industri\u0101lo brem\u017eu sist\u0113mu atbr\u012bvo\u0161anai un darb\u012bbai. Elektrohidraulisk\u0101 pacel\u0161anas ier\u012bce atbilsto\u0161i DIN 15430 Pacel\u0161anas sp\u0113ks no 250 N l\u012bdz 4000 N (citas p\u0113c piepras\u012bjuma) Virzu\u013ca g\u0101jieni no 60 mm l\u012bdz 120 mm standarta vien\u012bb\u0101m Standarta apk\u0101rt\u0113j\u0101s vides temperat\u016bra: -25\u00b0C l\u012bdz +50\u00b0C Standarta spriegums: 230\/400 V (+\/- 5%), 50 Hz, 3 f\u0101zes (\u012apa\u0161s spriegums p\u0113c piepras\u012bjuma)\" \/>\n<meta property=\"og:url\" content=\"https:\/\/dev.myindustrial.eu\/lv\/shop\/rupnieciskas-bremzu-sistemas-un-piedzinas-apstadinasanas-komponentes\/bremzu-piederumi\/electrohydraulic-thrusters\/\" \/>\n<meta property=\"og:site_name\" content=\"My industrial\" \/>\n<meta property=\"article:modified_time\" content=\"2025-01-27T20:26:39+00:00\" \/>\n<meta property=\"og:image\" content=\"https:\/\/dev.myindustrial.eu\/wp-content\/uploads\/2024\/12\/eldro-classic-kopie.webp\" \/>\n\t<meta property=\"og:image:width\" content=\"900\" \/>\n\t<meta property=\"og:image:height\" content=\"900\" \/>\n\t<meta property=\"og:image:type\" content=\"image\/webp\" \/>\n<meta name=\"twitter:card\" content=\"summary_large_image\" \/>\n<script type=\"application\/ld+json\" class=\"yoast-schema-graph\">{\"@context\":\"https:\/\/schema.org\",\"@graph\":[{\"@type\":\"WebPage\",\"@id\":\"https:\/\/dev.myindustrial.eu\/lv\/shop\/rupnieciskas-bremzu-sistemas-un-piedzinas-apstadinasanas-komponentes\/bremzu-piederumi\/electrohydraulic-thrusters\/\",\"url\":\"https:\/\/dev.myindustrial.eu\/lv\/shop\/rupnieciskas-bremzu-sistemas-un-piedzinas-apstadinasanas-komponentes\/bremzu-piederumi\/electrohydraulic-thrusters\/\",\"name\":\"Elektrohidrauliskie gr\u016bd\u0113ji - My industrial\",\"isPartOf\":{\"@id\":\"https:\/\/dev.myindustrial.eu\/lv\/#website\"},\"primaryImageOfPage\":{\"@id\":\"https:\/\/dev.myindustrial.eu\/lv\/shop\/rupnieciskas-bremzu-sistemas-un-piedzinas-apstadinasanas-komponentes\/bremzu-piederumi\/electrohydraulic-thrusters\/#primaryimage\"},\"image\":{\"@id\":\"https:\/\/dev.myindustrial.eu\/lv\/shop\/rupnieciskas-bremzu-sistemas-un-piedzinas-apstadinasanas-komponentes\/bremzu-piederumi\/electrohydraulic-thrusters\/#primaryimage\"},\"thumbnailUrl\":\"https:\/\/dev.myindustrial.eu\/wp-content\/uploads\/2024\/12\/eldro-classic-kopie.webp\",\"datePublished\":\"2024-12-02T09:43:18+00:00\",\"dateModified\":\"2025-01-27T20:26:39+00:00\",\"breadcrumb\":{\"@id\":\"https:\/\/dev.myindustrial.eu\/lv\/shop\/rupnieciskas-bremzu-sistemas-un-piedzinas-apstadinasanas-komponentes\/bremzu-piederumi\/electrohydraulic-thrusters\/#breadcrumb\"},\"inLanguage\":\"lv-LV\",\"potentialAction\":[{\"@type\":\"ReadAction\",\"target\":[\"https:\/\/dev.myindustrial.eu\/lv\/shop\/rupnieciskas-bremzu-sistemas-un-piedzinas-apstadinasanas-komponentes\/bremzu-piederumi\/electrohydraulic-thrusters\/\"]}]},{\"@type\":\"ImageObject\",\"inLanguage\":\"lv-LV\",\"@id\":\"https:\/\/dev.myindustrial.eu\/lv\/shop\/rupnieciskas-bremzu-sistemas-un-piedzinas-apstadinasanas-komponentes\/bremzu-piederumi\/electrohydraulic-thrusters\/#primaryimage\",\"url\":\"https:\/\/dev.myindustrial.eu\/wp-content\/uploads\/2024\/12\/eldro-classic-kopie.webp\",\"contentUrl\":\"https:\/\/dev.myindustrial.eu\/wp-content\/uploads\/2024\/12\/eldro-classic-kopie.webp\",\"width\":900,\"height\":900},{\"@type\":\"BreadcrumbList\",\"@id\":\"https:\/\/dev.myindustrial.eu\/lv\/shop\/rupnieciskas-bremzu-sistemas-un-piedzinas-apstadinasanas-komponentes\/bremzu-piederumi\/electrohydraulic-thrusters\/#breadcrumb\",\"itemListElement\":[{\"@type\":\"ListItem\",\"position\":1,\"name\":\"Home\",\"item\":\"https:\/\/dev.myindustrial.eu\/lv\/\"},{\"@type\":\"ListItem\",\"position\":2,\"name\":\"Products\",\"item\":\"https:\/\/dev.myindustrial.eu\/lv\/products\/\"},{\"@type\":\"ListItem\",\"position\":3,\"name\":\"Elektrohidrauliskie gr\u016bd\u0113ji\"}]},{\"@type\":\"WebSite\",\"@id\":\"https:\/\/dev.myindustrial.eu\/lv\/#website\",\"url\":\"https:\/\/dev.myindustrial.eu\/lv\/\",\"name\":\"My industrial\",\"description\":\"\",\"potentialAction\":[{\"@type\":\"SearchAction\",\"target\":{\"@type\":\"EntryPoint\",\"urlTemplate\":\"https:\/\/dev.myindustrial.eu\/lv\/?s={search_term_string}\"},\"query-input\":{\"@type\":\"PropertyValueSpecification\",\"valueRequired\":true,\"valueName\":\"search_term_string\"}}],\"inLanguage\":\"lv-LV\"}]}<\/script>\n<!-- \/ Yoast SEO plugin. -->","yoast_head_json":{"title":"Elektrohidrauliskie gr\u016bd\u0113ji - My industrial","robots":{"index":"noindex","follow":"follow","max-snippet":"max-snippet:-1","max-image-preview":"max-image-preview:large","max-video-preview":"max-video-preview:-1"},"og_locale":"lv_LV","og_type":"article","og_title":"Elektrohidrauliskie gr\u016bd\u0113ji - My industrial","og_description":"Elektrohidrauliskie virzu\u013cdzin\u0113ji r\u016bpniecisko un industri\u0101lo brem\u017eu sist\u0113mu atbr\u012bvo\u0161anai un darb\u012bbai. Elektrohidraulisk\u0101 pacel\u0161anas ier\u012bce atbilsto\u0161i DIN 15430 Pacel\u0161anas sp\u0113ks no 250 N l\u012bdz 4000 N (citas p\u0113c piepras\u012bjuma) Virzu\u013ca g\u0101jieni no 60 mm l\u012bdz 120 mm standarta vien\u012bb\u0101m Standarta apk\u0101rt\u0113j\u0101s vides temperat\u016bra: -25\u00b0C l\u012bdz +50\u00b0C Standarta spriegums: 230\/400 V (+\/- 5%), 50 Hz, 3 f\u0101zes (\u012apa\u0161s spriegums p\u0113c piepras\u012bjuma)","og_url":"https:\/\/dev.myindustrial.eu\/lv\/shop\/rupnieciskas-bremzu-sistemas-un-piedzinas-apstadinasanas-komponentes\/bremzu-piederumi\/electrohydraulic-thrusters\/","og_site_name":"My industrial","article_modified_time":"2025-01-27T20:26:39+00:00","og_image":[{"width":900,"height":900,"url":"https:\/\/dev.myindustrial.eu\/wp-content\/uploads\/2024\/12\/eldro-classic-kopie.webp","type":"image\/webp"}],"twitter_card":"summary_large_image","schema":{"@context":"https:\/\/schema.org","@graph":[{"@type":"WebPage","@id":"https:\/\/dev.myindustrial.eu\/lv\/shop\/rupnieciskas-bremzu-sistemas-un-piedzinas-apstadinasanas-komponentes\/bremzu-piederumi\/electrohydraulic-thrusters\/","url":"https:\/\/dev.myindustrial.eu\/lv\/shop\/rupnieciskas-bremzu-sistemas-un-piedzinas-apstadinasanas-komponentes\/bremzu-piederumi\/electrohydraulic-thrusters\/","name":"Elektrohidrauliskie gr\u016bd\u0113ji - My industrial","isPartOf":{"@id":"https:\/\/dev.myindustrial.eu\/lv\/#website"},"primaryImageOfPage":{"@id":"https:\/\/dev.myindustrial.eu\/lv\/shop\/rupnieciskas-bremzu-sistemas-un-piedzinas-apstadinasanas-komponentes\/bremzu-piederumi\/electrohydraulic-thrusters\/#primaryimage"},"image":{"@id":"https:\/\/dev.myindustrial.eu\/lv\/shop\/rupnieciskas-bremzu-sistemas-un-piedzinas-apstadinasanas-komponentes\/bremzu-piederumi\/electrohydraulic-thrusters\/#primaryimage"},"thumbnailUrl":"https:\/\/dev.myindustrial.eu\/wp-content\/uploads\/2024\/12\/eldro-classic-kopie.webp","datePublished":"2024-12-02T09:43:18+00:00","dateModified":"2025-01-27T20:26:39+00:00","breadcrumb":{"@id":"https:\/\/dev.myindustrial.eu\/lv\/shop\/rupnieciskas-bremzu-sistemas-un-piedzinas-apstadinasanas-komponentes\/bremzu-piederumi\/electrohydraulic-thrusters\/#breadcrumb"},"inLanguage":"lv-LV","potentialAction":[{"@type":"ReadAction","target":["https:\/\/dev.myindustrial.eu\/lv\/shop\/rupnieciskas-bremzu-sistemas-un-piedzinas-apstadinasanas-komponentes\/bremzu-piederumi\/electrohydraulic-thrusters\/"]}]},{"@type":"ImageObject","inLanguage":"lv-LV","@id":"https:\/\/dev.myindustrial.eu\/lv\/shop\/rupnieciskas-bremzu-sistemas-un-piedzinas-apstadinasanas-komponentes\/bremzu-piederumi\/electrohydraulic-thrusters\/#primaryimage","url":"https:\/\/dev.myindustrial.eu\/wp-content\/uploads\/2024\/12\/eldro-classic-kopie.webp","contentUrl":"https:\/\/dev.myindustrial.eu\/wp-content\/uploads\/2024\/12\/eldro-classic-kopie.webp","width":900,"height":900},{"@type":"BreadcrumbList","@id":"https:\/\/dev.myindustrial.eu\/lv\/shop\/rupnieciskas-bremzu-sistemas-un-piedzinas-apstadinasanas-komponentes\/bremzu-piederumi\/electrohydraulic-thrusters\/#breadcrumb","itemListElement":[{"@type":"ListItem","position":1,"name":"Home","item":"https:\/\/dev.myindustrial.eu\/lv\/"},{"@type":"ListItem","position":2,"name":"Products","item":"https:\/\/dev.myindustrial.eu\/lv\/products\/"},{"@type":"ListItem","position":3,"name":"Elektrohidrauliskie gr\u016bd\u0113ji"}]},{"@type":"WebSite","@id":"https:\/\/dev.myindustrial.eu\/lv\/#website","url":"https:\/\/dev.myindustrial.eu\/lv\/","name":"My industrial","description":"","potentialAction":[{"@type":"SearchAction","target":{"@type":"EntryPoint","urlTemplate":"https:\/\/dev.myindustrial.eu\/lv\/?s={search_term_string}"},"query-input":{"@type":"PropertyValueSpecification","valueRequired":true,"valueName":"search_term_string"}}],"inLanguage":"lv-LV"}]}},"_links":{"self":[{"href":"https:\/\/dev.myindustrial.eu\/lv\/wp-json\/wp\/v2\/product\/1260065711","targetHints":{"allow":["GET"]}}],"collection":[{"href":"https:\/\/dev.myindustrial.eu\/lv\/wp-json\/wp\/v2\/product"}],"about":[{"href":"https:\/\/dev.myindustrial.eu\/lv\/wp-json\/wp\/v2\/types\/product"}],"version-history":[{"count":1,"href":"https:\/\/dev.myindustrial.eu\/lv\/wp-json\/wp\/v2\/product\/1260065711\/revisions"}],"predecessor-version":[{"id":1260065712,"href":"https:\/\/dev.myindustrial.eu\/lv\/wp-json\/wp\/v2\/product\/1260065711\/revisions\/1260065712"}],"wp:featuredmedia":[{"embeddable":true,"href":"https:\/\/dev.myindustrial.eu\/lv\/wp-json\/wp\/v2\/media\/1260064762"}],"wp:attachment":[{"href":"https:\/\/dev.myindustrial.eu\/lv\/wp-json\/wp\/v2\/media?parent=1260065711"}],"wp:term":[{"taxonomy":"product_brand","embeddable":true,"href":"https:\/\/dev.myindustrial.eu\/lv\/wp-json\/wp\/v2\/product_brand?post=1260065711"},{"taxonomy":"product_cat","embeddable":true,"href":"https:\/\/dev.myindustrial.eu\/lv\/wp-json\/wp\/v2\/product_cat?post=1260065711"},{"taxonomy":"product_tag","embeddable":true,"href":"https:\/\/dev.myindustrial.eu\/lv\/wp-json\/wp\/v2\/product_tag?post=1260065711"}],"curies":[{"name":"wp","href":"https:\/\/api.w.org\/{rel}","templated":true}]}}