{"id":1260065796,"date":"2025-06-02T14:49:42","date_gmt":"2025-06-02T14:49:42","guid":{"rendered":"https:\/\/dev.myindustrial.eu\/shop\/uncategorized\/ekrano-valdiklis-dc2\/"},"modified":"2025-06-02T14:57:45","modified_gmt":"2025-06-02T14:57:45","slug":"ekrano-valdiklis-dc2","status":"publish","type":"product","link":"https:\/\/dev.myindustrial.eu\/lv\/shop\/rupnieciskie-kontrolieri-dzoistiki-un-konsoles\/vadibas-elementi\/ekrano-valdiklis-dc2\/","title":{"rendered":"Displeja kontrolieris DC2"},"content":{"rendered":"","protected":false},"excerpt":{"rendered":"<p><span style=\"font-weight: 400;\">Displeja kontrolieris DC2 ir CAN vad\u012bbas ier\u012bce, kas paredz\u0113ta HMI displeju darb\u012bbai.<\/span><span style=\"font-weight: 400;\"><br \/>\n<\/span><span style=\"font-weight: 400;\">Modul\u012b ir ar\u012b 4 spiedpogas. Pateicoties piel\u0101gojamajam dizainam un simbolu apgaismojumam, to var integr\u0113t jebkur\u0101 vad\u012bbas koncepcij\u0101. Ar RGB apgaismojumu uz spiedpog\u0101m iesp\u0113jams iepriek\u0161 konfigur\u0113t 16 apgaismojuma scen\u0101rijus.<\/span><\/p>\n<p><a href=\"https:\/\/dev.myindustrial.eu\/wp-content\/uploads\/2025\/06\/dc2.pdf\"><img decoding=\"async\" src=\"https:\/\/dev.myindustrial.eu\/wp-content\/uploads\/2023\/02\/download-button-lv.svg\" \/><\/a><\/p>\n","protected":false},"featured_media":1260065786,"template":"","meta":[],"product_brand":[],"product_cat":[1317,1327],"product_tag":[],"class_list":{"0":"post-1260065796","1":"product","2":"type-product","3":"status-publish","4":"has-post-thumbnail","6":"product_cat-rupnieciskie-kontrolieri-dzoistiki-un-konsoles","7":"product_cat-vadibas-elementi","9":"first","10":"instock","11":"shipping-taxable","12":"product-type-simple"},"yoast_head":"<!-- This site is optimized with the Yoast SEO plugin v27.1.1 - https:\/\/yoast.com\/product\/yoast-seo-wordpress\/ -->\n<title>Displeja kontrolieris DC2 - My industrial<\/title>\n<meta name=\"robots\" content=\"noindex, follow, max-snippet:-1, max-image-preview:large, max-video-preview:-1\" \/>\n<meta property=\"og:locale\" content=\"lv_LV\" \/>\n<meta property=\"og:type\" content=\"article\" \/>\n<meta property=\"og:title\" content=\"Displeja kontrolieris DC2 - My industrial\" \/>\n<meta property=\"og:description\" content=\"Displeja kontrolieris DC2 ir CAN vad\u012bbas ier\u012bce, kas paredz\u0113ta HMI displeju darb\u012bbai. Modul\u012b ir ar\u012b 4 spiedpogas. Pateicoties piel\u0101gojamajam dizainam un simbolu apgaismojumam, to var integr\u0113t jebkur\u0101 vad\u012bbas koncepcij\u0101. Ar RGB apgaismojumu uz spiedpog\u0101m iesp\u0113jams iepriek\u0161 konfigur\u0113t 16 apgaismojuma scen\u0101rijus.\" \/>\n<meta property=\"og:url\" content=\"https:\/\/dev.myindustrial.eu\/lv\/shop\/rupnieciskie-kontrolieri-dzoistiki-un-konsoles\/vadibas-elementi\/ekrano-valdiklis-dc2\/\" \/>\n<meta property=\"og:site_name\" content=\"My industrial\" \/>\n<meta property=\"article:modified_time\" content=\"2025-06-02T14:57:45+00:00\" \/>\n<meta property=\"og:image\" content=\"https:\/\/dev.myindustrial.eu\/wp-content\/uploads\/2025\/06\/dc2.webp\" \/>\n\t<meta property=\"og:image:width\" content=\"900\" \/>\n\t<meta property=\"og:image:height\" content=\"900\" \/>\n\t<meta property=\"og:image:type\" content=\"image\/webp\" \/>\n<meta name=\"twitter:card\" content=\"summary_large_image\" \/>\n<script type=\"application\/ld+json\" class=\"yoast-schema-graph\">{\"@context\":\"https:\/\/schema.org\",\"@graph\":[{\"@type\":\"WebPage\",\"@id\":\"https:\/\/dev.myindustrial.eu\/lv\/shop\/rupnieciskie-kontrolieri-dzoistiki-un-konsoles\/vadibas-elementi\/ekrano-valdiklis-dc2\/\",\"url\":\"https:\/\/dev.myindustrial.eu\/lv\/shop\/rupnieciskie-kontrolieri-dzoistiki-un-konsoles\/vadibas-elementi\/ekrano-valdiklis-dc2\/\",\"name\":\"Displeja kontrolieris DC2 - My industrial\",\"isPartOf\":{\"@id\":\"https:\/\/dev.myindustrial.eu\/lv\/#website\"},\"primaryImageOfPage\":{\"@id\":\"https:\/\/dev.myindustrial.eu\/lv\/shop\/rupnieciskie-kontrolieri-dzoistiki-un-konsoles\/vadibas-elementi\/ekrano-valdiklis-dc2\/#primaryimage\"},\"image\":{\"@id\":\"https:\/\/dev.myindustrial.eu\/lv\/shop\/rupnieciskie-kontrolieri-dzoistiki-un-konsoles\/vadibas-elementi\/ekrano-valdiklis-dc2\/#primaryimage\"},\"thumbnailUrl\":\"https:\/\/dev.myindustrial.eu\/wp-content\/uploads\/2025\/06\/dc2.webp\",\"datePublished\":\"2025-06-02T14:49:42+00:00\",\"dateModified\":\"2025-06-02T14:57:45+00:00\",\"breadcrumb\":{\"@id\":\"https:\/\/dev.myindustrial.eu\/lv\/shop\/rupnieciskie-kontrolieri-dzoistiki-un-konsoles\/vadibas-elementi\/ekrano-valdiklis-dc2\/#breadcrumb\"},\"inLanguage\":\"lv-LV\",\"potentialAction\":[{\"@type\":\"ReadAction\",\"target\":[\"https:\/\/dev.myindustrial.eu\/lv\/shop\/rupnieciskie-kontrolieri-dzoistiki-un-konsoles\/vadibas-elementi\/ekrano-valdiklis-dc2\/\"]}]},{\"@type\":\"ImageObject\",\"inLanguage\":\"lv-LV\",\"@id\":\"https:\/\/dev.myindustrial.eu\/lv\/shop\/rupnieciskie-kontrolieri-dzoistiki-un-konsoles\/vadibas-elementi\/ekrano-valdiklis-dc2\/#primaryimage\",\"url\":\"https:\/\/dev.myindustrial.eu\/wp-content\/uploads\/2025\/06\/dc2.webp\",\"contentUrl\":\"https:\/\/dev.myindustrial.eu\/wp-content\/uploads\/2025\/06\/dc2.webp\",\"width\":900,\"height\":900},{\"@type\":\"BreadcrumbList\",\"@id\":\"https:\/\/dev.myindustrial.eu\/lv\/shop\/rupnieciskie-kontrolieri-dzoistiki-un-konsoles\/vadibas-elementi\/ekrano-valdiklis-dc2\/#breadcrumb\",\"itemListElement\":[{\"@type\":\"ListItem\",\"position\":1,\"name\":\"Home\",\"item\":\"https:\/\/dev.myindustrial.eu\/lv\/\"},{\"@type\":\"ListItem\",\"position\":2,\"name\":\"Products\",\"item\":\"https:\/\/dev.myindustrial.eu\/lv\/products\/\"},{\"@type\":\"ListItem\",\"position\":3,\"name\":\"Displeja kontrolieris DC2\"}]},{\"@type\":\"WebSite\",\"@id\":\"https:\/\/dev.myindustrial.eu\/lv\/#website\",\"url\":\"https:\/\/dev.myindustrial.eu\/lv\/\",\"name\":\"My industrial\",\"description\":\"\",\"potentialAction\":[{\"@type\":\"SearchAction\",\"target\":{\"@type\":\"EntryPoint\",\"urlTemplate\":\"https:\/\/dev.myindustrial.eu\/lv\/?s={search_term_string}\"},\"query-input\":{\"@type\":\"PropertyValueSpecification\",\"valueRequired\":true,\"valueName\":\"search_term_string\"}}],\"inLanguage\":\"lv-LV\"}]}<\/script>\n<!-- \/ Yoast SEO plugin. -->","yoast_head_json":{"title":"Displeja kontrolieris DC2 - My industrial","robots":{"index":"noindex","follow":"follow","max-snippet":"max-snippet:-1","max-image-preview":"max-image-preview:large","max-video-preview":"max-video-preview:-1"},"og_locale":"lv_LV","og_type":"article","og_title":"Displeja kontrolieris DC2 - My industrial","og_description":"Displeja kontrolieris DC2 ir CAN vad\u012bbas ier\u012bce, kas paredz\u0113ta HMI displeju darb\u012bbai. Modul\u012b ir ar\u012b 4 spiedpogas. Pateicoties piel\u0101gojamajam dizainam un simbolu apgaismojumam, to var integr\u0113t jebkur\u0101 vad\u012bbas koncepcij\u0101. Ar RGB apgaismojumu uz spiedpog\u0101m iesp\u0113jams iepriek\u0161 konfigur\u0113t 16 apgaismojuma scen\u0101rijus.","og_url":"https:\/\/dev.myindustrial.eu\/lv\/shop\/rupnieciskie-kontrolieri-dzoistiki-un-konsoles\/vadibas-elementi\/ekrano-valdiklis-dc2\/","og_site_name":"My industrial","article_modified_time":"2025-06-02T14:57:45+00:00","og_image":[{"width":900,"height":900,"url":"https:\/\/dev.myindustrial.eu\/wp-content\/uploads\/2025\/06\/dc2.webp","type":"image\/webp"}],"twitter_card":"summary_large_image","schema":{"@context":"https:\/\/schema.org","@graph":[{"@type":"WebPage","@id":"https:\/\/dev.myindustrial.eu\/lv\/shop\/rupnieciskie-kontrolieri-dzoistiki-un-konsoles\/vadibas-elementi\/ekrano-valdiklis-dc2\/","url":"https:\/\/dev.myindustrial.eu\/lv\/shop\/rupnieciskie-kontrolieri-dzoistiki-un-konsoles\/vadibas-elementi\/ekrano-valdiklis-dc2\/","name":"Displeja kontrolieris DC2 - My industrial","isPartOf":{"@id":"https:\/\/dev.myindustrial.eu\/lv\/#website"},"primaryImageOfPage":{"@id":"https:\/\/dev.myindustrial.eu\/lv\/shop\/rupnieciskie-kontrolieri-dzoistiki-un-konsoles\/vadibas-elementi\/ekrano-valdiklis-dc2\/#primaryimage"},"image":{"@id":"https:\/\/dev.myindustrial.eu\/lv\/shop\/rupnieciskie-kontrolieri-dzoistiki-un-konsoles\/vadibas-elementi\/ekrano-valdiklis-dc2\/#primaryimage"},"thumbnailUrl":"https:\/\/dev.myindustrial.eu\/wp-content\/uploads\/2025\/06\/dc2.webp","datePublished":"2025-06-02T14:49:42+00:00","dateModified":"2025-06-02T14:57:45+00:00","breadcrumb":{"@id":"https:\/\/dev.myindustrial.eu\/lv\/shop\/rupnieciskie-kontrolieri-dzoistiki-un-konsoles\/vadibas-elementi\/ekrano-valdiklis-dc2\/#breadcrumb"},"inLanguage":"lv-LV","potentialAction":[{"@type":"ReadAction","target":["https:\/\/dev.myindustrial.eu\/lv\/shop\/rupnieciskie-kontrolieri-dzoistiki-un-konsoles\/vadibas-elementi\/ekrano-valdiklis-dc2\/"]}]},{"@type":"ImageObject","inLanguage":"lv-LV","@id":"https:\/\/dev.myindustrial.eu\/lv\/shop\/rupnieciskie-kontrolieri-dzoistiki-un-konsoles\/vadibas-elementi\/ekrano-valdiklis-dc2\/#primaryimage","url":"https:\/\/dev.myindustrial.eu\/wp-content\/uploads\/2025\/06\/dc2.webp","contentUrl":"https:\/\/dev.myindustrial.eu\/wp-content\/uploads\/2025\/06\/dc2.webp","width":900,"height":900},{"@type":"BreadcrumbList","@id":"https:\/\/dev.myindustrial.eu\/lv\/shop\/rupnieciskie-kontrolieri-dzoistiki-un-konsoles\/vadibas-elementi\/ekrano-valdiklis-dc2\/#breadcrumb","itemListElement":[{"@type":"ListItem","position":1,"name":"Home","item":"https:\/\/dev.myindustrial.eu\/lv\/"},{"@type":"ListItem","position":2,"name":"Products","item":"https:\/\/dev.myindustrial.eu\/lv\/products\/"},{"@type":"ListItem","position":3,"name":"Displeja kontrolieris DC2"}]},{"@type":"WebSite","@id":"https:\/\/dev.myindustrial.eu\/lv\/#website","url":"https:\/\/dev.myindustrial.eu\/lv\/","name":"My industrial","description":"","potentialAction":[{"@type":"SearchAction","target":{"@type":"EntryPoint","urlTemplate":"https:\/\/dev.myindustrial.eu\/lv\/?s={search_term_string}"},"query-input":{"@type":"PropertyValueSpecification","valueRequired":true,"valueName":"search_term_string"}}],"inLanguage":"lv-LV"}]}},"_links":{"self":[{"href":"https:\/\/dev.myindustrial.eu\/lv\/wp-json\/wp\/v2\/product\/1260065796","targetHints":{"allow":["GET"]}}],"collection":[{"href":"https:\/\/dev.myindustrial.eu\/lv\/wp-json\/wp\/v2\/product"}],"about":[{"href":"https:\/\/dev.myindustrial.eu\/lv\/wp-json\/wp\/v2\/types\/product"}],"version-history":[{"count":2,"href":"https:\/\/dev.myindustrial.eu\/lv\/wp-json\/wp\/v2\/product\/1260065796\/revisions"}],"predecessor-version":[{"id":1260065798,"href":"https:\/\/dev.myindustrial.eu\/lv\/wp-json\/wp\/v2\/product\/1260065796\/revisions\/1260065798"}],"wp:featuredmedia":[{"embeddable":true,"href":"https:\/\/dev.myindustrial.eu\/lv\/wp-json\/wp\/v2\/media\/1260065786"}],"wp:attachment":[{"href":"https:\/\/dev.myindustrial.eu\/lv\/wp-json\/wp\/v2\/media?parent=1260065796"}],"wp:term":[{"taxonomy":"product_brand","embeddable":true,"href":"https:\/\/dev.myindustrial.eu\/lv\/wp-json\/wp\/v2\/product_brand?post=1260065796"},{"taxonomy":"product_cat","embeddable":true,"href":"https:\/\/dev.myindustrial.eu\/lv\/wp-json\/wp\/v2\/product_cat?post=1260065796"},{"taxonomy":"product_tag","embeddable":true,"href":"https:\/\/dev.myindustrial.eu\/lv\/wp-json\/wp\/v2\/product_tag?post=1260065796"}],"curies":[{"name":"wp","href":"https:\/\/api.w.org\/{rel}","templated":true}]}}