{"id":1260065818,"date":"2025-06-02T15:10:38","date_gmt":"2025-06-02T15:10:38","guid":{"rendered":"https:\/\/dev.myindustrial.eu\/shop\/uncategorized\/fingerpilot-fp1\/"},"modified":"2025-06-02T15:18:43","modified_gmt":"2025-06-02T15:18:43","slug":"fingerpilot-fp1","status":"publish","type":"product","link":"https:\/\/dev.myindustrial.eu\/lv\/shop\/rupnieciskie-kontrolieri-dzoistiki-un-konsoles\/vadibas-elementi\/fingerpilot-fp1\/","title":{"rendered":"Fingerpilot FP1"},"content":{"rendered":"","protected":false},"excerpt":{"rendered":"<p><span style=\"font-weight: 400;\">Fingerpilot FP1 ir ergonomiska CAN vad\u012bbas ier\u012bce, kas paredz\u0113ta pla\u0161a pielietojuma kontrolei, piem\u0113ram, hidrauliskaj\u0101m funkcij\u0101m. FP1 var tikt kombin\u0113ts ar m\u016bsu C1 vad\u012bbas paneli vai izmantots k\u0101 neatkar\u012bga ier\u012bce. Ier\u012bcei ir \u0101r\u0113j\u0101s ieejas un izejas, kas \u013cauj sist\u0113m\u0101 integr\u0113t papildu vad\u012bbas elementus, kas izvietoti perif\u0113rij\u0101.<\/span><\/p>\n<p>&nbsp;<\/p>\n<p><a href=\"https:\/\/dev.myindustrial.eu\/wp-content\/uploads\/2025\/06\/fp1-2.pdf\"><img decoding=\"async\" src=\"https:\/\/dev.myindustrial.eu\/wp-content\/uploads\/2023\/02\/download-button-lv.svg\" \/><\/a><\/p>\n","protected":false},"featured_media":1260065809,"template":"","meta":[],"product_brand":[],"product_cat":[1317,1327],"product_tag":[],"class_list":{"0":"post-1260065818","1":"product","2":"type-product","3":"status-publish","4":"has-post-thumbnail","6":"product_cat-rupnieciskie-kontrolieri-dzoistiki-un-konsoles","7":"product_cat-vadibas-elementi","9":"first","10":"instock","11":"shipping-taxable","12":"product-type-simple"},"yoast_head":"<!-- This site is optimized with the Yoast SEO plugin v27.1.1 - https:\/\/yoast.com\/product\/yoast-seo-wordpress\/ -->\n<title>Fingerpilot FP1 - My industrial<\/title>\n<meta name=\"robots\" content=\"noindex, follow, max-snippet:-1, max-image-preview:large, max-video-preview:-1\" \/>\n<meta property=\"og:locale\" content=\"lv_LV\" \/>\n<meta property=\"og:type\" content=\"article\" \/>\n<meta property=\"og:title\" content=\"Fingerpilot FP1 - My industrial\" \/>\n<meta property=\"og:description\" content=\"Fingerpilot FP1 ir ergonomiska CAN vad\u012bbas ier\u012bce, kas paredz\u0113ta pla\u0161a pielietojuma kontrolei, piem\u0113ram, hidrauliskaj\u0101m funkcij\u0101m. FP1 var tikt kombin\u0113ts ar m\u016bsu C1 vad\u012bbas paneli vai izmantots k\u0101 neatkar\u012bga ier\u012bce. Ier\u012bcei ir \u0101r\u0113j\u0101s ieejas un izejas, kas \u013cauj sist\u0113m\u0101 integr\u0113t papildu vad\u012bbas elementus, kas izvietoti perif\u0113rij\u0101.  &nbsp;\" \/>\n<meta property=\"og:url\" content=\"https:\/\/dev.myindustrial.eu\/lv\/shop\/rupnieciskie-kontrolieri-dzoistiki-un-konsoles\/vadibas-elementi\/fingerpilot-fp1\/\" \/>\n<meta property=\"og:site_name\" content=\"My industrial\" \/>\n<meta property=\"article:modified_time\" content=\"2025-06-02T15:18:43+00:00\" \/>\n<meta property=\"og:image\" content=\"https:\/\/dev.myindustrial.eu\/wp-content\/uploads\/2025\/06\/fingerpilot_fp1.webp\" \/>\n\t<meta property=\"og:image:width\" content=\"900\" \/>\n\t<meta property=\"og:image:height\" content=\"900\" \/>\n\t<meta property=\"og:image:type\" content=\"image\/webp\" \/>\n<meta name=\"twitter:card\" content=\"summary_large_image\" \/>\n<script type=\"application\/ld+json\" class=\"yoast-schema-graph\">{\"@context\":\"https:\/\/schema.org\",\"@graph\":[{\"@type\":\"WebPage\",\"@id\":\"https:\/\/dev.myindustrial.eu\/lv\/shop\/rupnieciskie-kontrolieri-dzoistiki-un-konsoles\/vadibas-elementi\/fingerpilot-fp1\/\",\"url\":\"https:\/\/dev.myindustrial.eu\/lv\/shop\/rupnieciskie-kontrolieri-dzoistiki-un-konsoles\/vadibas-elementi\/fingerpilot-fp1\/\",\"name\":\"Fingerpilot FP1 - My industrial\",\"isPartOf\":{\"@id\":\"https:\/\/dev.myindustrial.eu\/lv\/#website\"},\"primaryImageOfPage\":{\"@id\":\"https:\/\/dev.myindustrial.eu\/lv\/shop\/rupnieciskie-kontrolieri-dzoistiki-un-konsoles\/vadibas-elementi\/fingerpilot-fp1\/#primaryimage\"},\"image\":{\"@id\":\"https:\/\/dev.myindustrial.eu\/lv\/shop\/rupnieciskie-kontrolieri-dzoistiki-un-konsoles\/vadibas-elementi\/fingerpilot-fp1\/#primaryimage\"},\"thumbnailUrl\":\"https:\/\/dev.myindustrial.eu\/wp-content\/uploads\/2025\/06\/fingerpilot_fp1.webp\",\"datePublished\":\"2025-06-02T15:10:38+00:00\",\"dateModified\":\"2025-06-02T15:18:43+00:00\",\"breadcrumb\":{\"@id\":\"https:\/\/dev.myindustrial.eu\/lv\/shop\/rupnieciskie-kontrolieri-dzoistiki-un-konsoles\/vadibas-elementi\/fingerpilot-fp1\/#breadcrumb\"},\"inLanguage\":\"lv-LV\",\"potentialAction\":[{\"@type\":\"ReadAction\",\"target\":[\"https:\/\/dev.myindustrial.eu\/lv\/shop\/rupnieciskie-kontrolieri-dzoistiki-un-konsoles\/vadibas-elementi\/fingerpilot-fp1\/\"]}]},{\"@type\":\"ImageObject\",\"inLanguage\":\"lv-LV\",\"@id\":\"https:\/\/dev.myindustrial.eu\/lv\/shop\/rupnieciskie-kontrolieri-dzoistiki-un-konsoles\/vadibas-elementi\/fingerpilot-fp1\/#primaryimage\",\"url\":\"https:\/\/dev.myindustrial.eu\/wp-content\/uploads\/2025\/06\/fingerpilot_fp1.webp\",\"contentUrl\":\"https:\/\/dev.myindustrial.eu\/wp-content\/uploads\/2025\/06\/fingerpilot_fp1.webp\",\"width\":900,\"height\":900},{\"@type\":\"BreadcrumbList\",\"@id\":\"https:\/\/dev.myindustrial.eu\/lv\/shop\/rupnieciskie-kontrolieri-dzoistiki-un-konsoles\/vadibas-elementi\/fingerpilot-fp1\/#breadcrumb\",\"itemListElement\":[{\"@type\":\"ListItem\",\"position\":1,\"name\":\"Home\",\"item\":\"https:\/\/dev.myindustrial.eu\/lv\/\"},{\"@type\":\"ListItem\",\"position\":2,\"name\":\"Products\",\"item\":\"https:\/\/dev.myindustrial.eu\/lv\/products\/\"},{\"@type\":\"ListItem\",\"position\":3,\"name\":\"Fingerpilot FP1\"}]},{\"@type\":\"WebSite\",\"@id\":\"https:\/\/dev.myindustrial.eu\/lv\/#website\",\"url\":\"https:\/\/dev.myindustrial.eu\/lv\/\",\"name\":\"My industrial\",\"description\":\"\",\"potentialAction\":[{\"@type\":\"SearchAction\",\"target\":{\"@type\":\"EntryPoint\",\"urlTemplate\":\"https:\/\/dev.myindustrial.eu\/lv\/?s={search_term_string}\"},\"query-input\":{\"@type\":\"PropertyValueSpecification\",\"valueRequired\":true,\"valueName\":\"search_term_string\"}}],\"inLanguage\":\"lv-LV\"}]}<\/script>\n<!-- \/ Yoast SEO plugin. -->","yoast_head_json":{"title":"Fingerpilot FP1 - My industrial","robots":{"index":"noindex","follow":"follow","max-snippet":"max-snippet:-1","max-image-preview":"max-image-preview:large","max-video-preview":"max-video-preview:-1"},"og_locale":"lv_LV","og_type":"article","og_title":"Fingerpilot FP1 - My industrial","og_description":"Fingerpilot FP1 ir ergonomiska CAN vad\u012bbas ier\u012bce, kas paredz\u0113ta pla\u0161a pielietojuma kontrolei, piem\u0113ram, hidrauliskaj\u0101m funkcij\u0101m. FP1 var tikt kombin\u0113ts ar m\u016bsu C1 vad\u012bbas paneli vai izmantots k\u0101 neatkar\u012bga ier\u012bce. Ier\u012bcei ir \u0101r\u0113j\u0101s ieejas un izejas, kas \u013cauj sist\u0113m\u0101 integr\u0113t papildu vad\u012bbas elementus, kas izvietoti perif\u0113rij\u0101.  &nbsp;","og_url":"https:\/\/dev.myindustrial.eu\/lv\/shop\/rupnieciskie-kontrolieri-dzoistiki-un-konsoles\/vadibas-elementi\/fingerpilot-fp1\/","og_site_name":"My industrial","article_modified_time":"2025-06-02T15:18:43+00:00","og_image":[{"width":900,"height":900,"url":"https:\/\/dev.myindustrial.eu\/wp-content\/uploads\/2025\/06\/fingerpilot_fp1.webp","type":"image\/webp"}],"twitter_card":"summary_large_image","schema":{"@context":"https:\/\/schema.org","@graph":[{"@type":"WebPage","@id":"https:\/\/dev.myindustrial.eu\/lv\/shop\/rupnieciskie-kontrolieri-dzoistiki-un-konsoles\/vadibas-elementi\/fingerpilot-fp1\/","url":"https:\/\/dev.myindustrial.eu\/lv\/shop\/rupnieciskie-kontrolieri-dzoistiki-un-konsoles\/vadibas-elementi\/fingerpilot-fp1\/","name":"Fingerpilot FP1 - My industrial","isPartOf":{"@id":"https:\/\/dev.myindustrial.eu\/lv\/#website"},"primaryImageOfPage":{"@id":"https:\/\/dev.myindustrial.eu\/lv\/shop\/rupnieciskie-kontrolieri-dzoistiki-un-konsoles\/vadibas-elementi\/fingerpilot-fp1\/#primaryimage"},"image":{"@id":"https:\/\/dev.myindustrial.eu\/lv\/shop\/rupnieciskie-kontrolieri-dzoistiki-un-konsoles\/vadibas-elementi\/fingerpilot-fp1\/#primaryimage"},"thumbnailUrl":"https:\/\/dev.myindustrial.eu\/wp-content\/uploads\/2025\/06\/fingerpilot_fp1.webp","datePublished":"2025-06-02T15:10:38+00:00","dateModified":"2025-06-02T15:18:43+00:00","breadcrumb":{"@id":"https:\/\/dev.myindustrial.eu\/lv\/shop\/rupnieciskie-kontrolieri-dzoistiki-un-konsoles\/vadibas-elementi\/fingerpilot-fp1\/#breadcrumb"},"inLanguage":"lv-LV","potentialAction":[{"@type":"ReadAction","target":["https:\/\/dev.myindustrial.eu\/lv\/shop\/rupnieciskie-kontrolieri-dzoistiki-un-konsoles\/vadibas-elementi\/fingerpilot-fp1\/"]}]},{"@type":"ImageObject","inLanguage":"lv-LV","@id":"https:\/\/dev.myindustrial.eu\/lv\/shop\/rupnieciskie-kontrolieri-dzoistiki-un-konsoles\/vadibas-elementi\/fingerpilot-fp1\/#primaryimage","url":"https:\/\/dev.myindustrial.eu\/wp-content\/uploads\/2025\/06\/fingerpilot_fp1.webp","contentUrl":"https:\/\/dev.myindustrial.eu\/wp-content\/uploads\/2025\/06\/fingerpilot_fp1.webp","width":900,"height":900},{"@type":"BreadcrumbList","@id":"https:\/\/dev.myindustrial.eu\/lv\/shop\/rupnieciskie-kontrolieri-dzoistiki-un-konsoles\/vadibas-elementi\/fingerpilot-fp1\/#breadcrumb","itemListElement":[{"@type":"ListItem","position":1,"name":"Home","item":"https:\/\/dev.myindustrial.eu\/lv\/"},{"@type":"ListItem","position":2,"name":"Products","item":"https:\/\/dev.myindustrial.eu\/lv\/products\/"},{"@type":"ListItem","position":3,"name":"Fingerpilot FP1"}]},{"@type":"WebSite","@id":"https:\/\/dev.myindustrial.eu\/lv\/#website","url":"https:\/\/dev.myindustrial.eu\/lv\/","name":"My industrial","description":"","potentialAction":[{"@type":"SearchAction","target":{"@type":"EntryPoint","urlTemplate":"https:\/\/dev.myindustrial.eu\/lv\/?s={search_term_string}"},"query-input":{"@type":"PropertyValueSpecification","valueRequired":true,"valueName":"search_term_string"}}],"inLanguage":"lv-LV"}]}},"_links":{"self":[{"href":"https:\/\/dev.myindustrial.eu\/lv\/wp-json\/wp\/v2\/product\/1260065818","targetHints":{"allow":["GET"]}}],"collection":[{"href":"https:\/\/dev.myindustrial.eu\/lv\/wp-json\/wp\/v2\/product"}],"about":[{"href":"https:\/\/dev.myindustrial.eu\/lv\/wp-json\/wp\/v2\/types\/product"}],"version-history":[{"count":2,"href":"https:\/\/dev.myindustrial.eu\/lv\/wp-json\/wp\/v2\/product\/1260065818\/revisions"}],"predecessor-version":[{"id":1260065820,"href":"https:\/\/dev.myindustrial.eu\/lv\/wp-json\/wp\/v2\/product\/1260065818\/revisions\/1260065820"}],"wp:featuredmedia":[{"embeddable":true,"href":"https:\/\/dev.myindustrial.eu\/lv\/wp-json\/wp\/v2\/media\/1260065809"}],"wp:attachment":[{"href":"https:\/\/dev.myindustrial.eu\/lv\/wp-json\/wp\/v2\/media?parent=1260065818"}],"wp:term":[{"taxonomy":"product_brand","embeddable":true,"href":"https:\/\/dev.myindustrial.eu\/lv\/wp-json\/wp\/v2\/product_brand?post=1260065818"},{"taxonomy":"product_cat","embeddable":true,"href":"https:\/\/dev.myindustrial.eu\/lv\/wp-json\/wp\/v2\/product_cat?post=1260065818"},{"taxonomy":"product_tag","embeddable":true,"href":"https:\/\/dev.myindustrial.eu\/lv\/wp-json\/wp\/v2\/product_tag?post=1260065818"}],"curies":[{"name":"wp","href":"https:\/\/api.w.org\/{rel}","templated":true}]}}