{"id":1260065846,"date":"2025-06-02T15:27:51","date_gmt":"2025-06-02T15:27:51","guid":{"rendered":"https:\/\/dev.myindustrial.eu\/shop\/uncategorized\/keypad-tf\/"},"modified":"2025-06-02T15:33:05","modified_gmt":"2025-06-02T15:33:05","slug":"keypad-tf","status":"publish","type":"product","link":"https:\/\/dev.myindustrial.eu\/lv\/shop\/rupnieciskie-kontrolieri-dzoistiki-un-konsoles\/vadibas-elementi\/keypad-tf\/","title":{"rendered":"Tausti\u0146 klaviat\u016bra TF"},"content":{"rendered":"","protected":false},"excerpt":{"rendered":"<p><span style=\"font-weight: 400;\">TF tausti\u0146klaviat\u016bra ir &#8220;CAN bus&#8221; vad\u012bbas ier\u012bce ar br\u012bvi izv\u0113lamiem pogu simboliem.<\/span><span style=\"font-weight: 400;\"><br \/>\n<\/span><span style=\"font-weight: 400;\">Pieejama tr\u012bs versij\u0101s:<\/span><\/p>\n<ul>\n<li style=\"font-weight: 400;\" aria-level=\"1\"><b>TF1<\/b><span style=\"font-weight: 400;\">: Pogas ar ieliekamiem simboliem<\/span><\/li>\n<li style=\"font-weight: 400;\" aria-level=\"1\"><b>TF2<\/b><span style=\"font-weight: 400;\">: Pogas ar iepriek\u0161 defin\u0113tiem simboliem<\/span><\/li>\n<li style=\"font-weight: 400;\" aria-level=\"1\"><b>TF3<\/b><span style=\"font-weight: 400;\">: Pogas ar nep\u0101rtrauktu priek\u0161\u0113jo pl\u0113vi<\/span><\/li>\n<\/ul>\n<p><span style=\"font-weight: 400;\">Tausti\u0146klaviat\u016bra pieejama izm\u0113ros 2&#215;3, 2&#215;4, 2&#215;5 un 4&#215;5 un to var integr\u0113t m\u016bsu vad\u012bbas pane\u013cos vai izmantot atsevi\u0161\u0137i da\u017e\u0101d\u0101m pielietojuma jom\u0101m. Katrai pogai ir RGB apgaismojums ar l\u012bdz pat 16 iepriek\u0161 iestat\u012btiem apgaismojuma variantiem.<\/span><\/p>\n<p><a href=\"https:\/\/dev.myindustrial.eu\/wp-content\/uploads\/2025\/06\/tf.pdf\"><img decoding=\"async\" src=\"https:\/\/dev.myindustrial.eu\/wp-content\/uploads\/2023\/02\/download-button-lv.svg\" \/><\/a><\/p>\n","protected":false},"featured_media":1260065837,"template":"","meta":[],"product_brand":[],"product_cat":[1327],"product_tag":[],"class_list":{"0":"post-1260065846","1":"product","2":"type-product","3":"status-publish","4":"has-post-thumbnail","6":"product_cat-vadibas-elementi","8":"first","9":"instock","10":"shipping-taxable","11":"product-type-simple"},"yoast_head":"<!-- This site is optimized with the Yoast SEO plugin v27.1.1 - https:\/\/yoast.com\/product\/yoast-seo-wordpress\/ -->\n<title>Tausti\u0146 klaviat\u016bra TF - My industrial<\/title>\n<meta name=\"robots\" content=\"noindex, follow, max-snippet:-1, max-image-preview:large, max-video-preview:-1\" \/>\n<meta property=\"og:locale\" content=\"lv_LV\" \/>\n<meta property=\"og:type\" content=\"article\" \/>\n<meta property=\"og:title\" content=\"Tausti\u0146 klaviat\u016bra TF - My industrial\" \/>\n<meta property=\"og:description\" content=\"TF tausti\u0146klaviat\u016bra ir &quot;CAN bus&quot; vad\u012bbas ier\u012bce ar br\u012bvi izv\u0113lamiem pogu simboliem. Pieejama tr\u012bs versij\u0101s:   TF1: Pogas ar ieliekamiem simboliem  TF2: Pogas ar iepriek\u0161 defin\u0113tiem simboliem  TF3: Pogas ar nep\u0101rtrauktu priek\u0161\u0113jo pl\u0113vi  Tausti\u0146klaviat\u016bra pieejama izm\u0113ros 2x3, 2x4, 2x5 un 4x5 un to var integr\u0113t m\u016bsu vad\u012bbas pane\u013cos vai izmantot atsevi\u0161\u0137i da\u017e\u0101d\u0101m pielietojuma jom\u0101m. Katrai pogai ir RGB apgaismojums ar l\u012bdz pat 16 iepriek\u0161 iestat\u012btiem apgaismojuma variantiem.\" \/>\n<meta property=\"og:url\" content=\"https:\/\/dev.myindustrial.eu\/lv\/shop\/rupnieciskie-kontrolieri-dzoistiki-un-konsoles\/vadibas-elementi\/keypad-tf\/\" \/>\n<meta property=\"og:site_name\" content=\"My industrial\" \/>\n<meta property=\"article:modified_time\" content=\"2025-06-02T15:33:05+00:00\" \/>\n<meta property=\"og:image\" content=\"https:\/\/dev.myindustrial.eu\/wp-content\/uploads\/2025\/06\/keypad_tf-1.webp\" \/>\n\t<meta property=\"og:image:width\" content=\"900\" \/>\n\t<meta property=\"og:image:height\" content=\"900\" \/>\n\t<meta property=\"og:image:type\" content=\"image\/webp\" \/>\n<meta name=\"twitter:card\" content=\"summary_large_image\" \/>\n<script type=\"application\/ld+json\" class=\"yoast-schema-graph\">{\"@context\":\"https:\/\/schema.org\",\"@graph\":[{\"@type\":\"WebPage\",\"@id\":\"https:\/\/dev.myindustrial.eu\/lv\/shop\/rupnieciskie-kontrolieri-dzoistiki-un-konsoles\/vadibas-elementi\/keypad-tf\/\",\"url\":\"https:\/\/dev.myindustrial.eu\/lv\/shop\/rupnieciskie-kontrolieri-dzoistiki-un-konsoles\/vadibas-elementi\/keypad-tf\/\",\"name\":\"Tausti\u0146 klaviat\u016bra TF - My industrial\",\"isPartOf\":{\"@id\":\"https:\/\/dev.myindustrial.eu\/lv\/#website\"},\"primaryImageOfPage\":{\"@id\":\"https:\/\/dev.myindustrial.eu\/lv\/shop\/rupnieciskie-kontrolieri-dzoistiki-un-konsoles\/vadibas-elementi\/keypad-tf\/#primaryimage\"},\"image\":{\"@id\":\"https:\/\/dev.myindustrial.eu\/lv\/shop\/rupnieciskie-kontrolieri-dzoistiki-un-konsoles\/vadibas-elementi\/keypad-tf\/#primaryimage\"},\"thumbnailUrl\":\"https:\/\/dev.myindustrial.eu\/wp-content\/uploads\/2025\/06\/keypad_tf-1.webp\",\"datePublished\":\"2025-06-02T15:27:51+00:00\",\"dateModified\":\"2025-06-02T15:33:05+00:00\",\"breadcrumb\":{\"@id\":\"https:\/\/dev.myindustrial.eu\/lv\/shop\/rupnieciskie-kontrolieri-dzoistiki-un-konsoles\/vadibas-elementi\/keypad-tf\/#breadcrumb\"},\"inLanguage\":\"lv-LV\",\"potentialAction\":[{\"@type\":\"ReadAction\",\"target\":[\"https:\/\/dev.myindustrial.eu\/lv\/shop\/rupnieciskie-kontrolieri-dzoistiki-un-konsoles\/vadibas-elementi\/keypad-tf\/\"]}]},{\"@type\":\"ImageObject\",\"inLanguage\":\"lv-LV\",\"@id\":\"https:\/\/dev.myindustrial.eu\/lv\/shop\/rupnieciskie-kontrolieri-dzoistiki-un-konsoles\/vadibas-elementi\/keypad-tf\/#primaryimage\",\"url\":\"https:\/\/dev.myindustrial.eu\/wp-content\/uploads\/2025\/06\/keypad_tf-1.webp\",\"contentUrl\":\"https:\/\/dev.myindustrial.eu\/wp-content\/uploads\/2025\/06\/keypad_tf-1.webp\",\"width\":900,\"height\":900},{\"@type\":\"BreadcrumbList\",\"@id\":\"https:\/\/dev.myindustrial.eu\/lv\/shop\/rupnieciskie-kontrolieri-dzoistiki-un-konsoles\/vadibas-elementi\/keypad-tf\/#breadcrumb\",\"itemListElement\":[{\"@type\":\"ListItem\",\"position\":1,\"name\":\"Home\",\"item\":\"https:\/\/dev.myindustrial.eu\/lv\/\"},{\"@type\":\"ListItem\",\"position\":2,\"name\":\"Products\",\"item\":\"https:\/\/dev.myindustrial.eu\/lv\/products\/\"},{\"@type\":\"ListItem\",\"position\":3,\"name\":\"Tausti\u0146 klaviat\u016bra TF\"}]},{\"@type\":\"WebSite\",\"@id\":\"https:\/\/dev.myindustrial.eu\/lv\/#website\",\"url\":\"https:\/\/dev.myindustrial.eu\/lv\/\",\"name\":\"My industrial\",\"description\":\"\",\"potentialAction\":[{\"@type\":\"SearchAction\",\"target\":{\"@type\":\"EntryPoint\",\"urlTemplate\":\"https:\/\/dev.myindustrial.eu\/lv\/?s={search_term_string}\"},\"query-input\":{\"@type\":\"PropertyValueSpecification\",\"valueRequired\":true,\"valueName\":\"search_term_string\"}}],\"inLanguage\":\"lv-LV\"}]}<\/script>\n<!-- \/ Yoast SEO plugin. -->","yoast_head_json":{"title":"Tausti\u0146 klaviat\u016bra TF - My industrial","robots":{"index":"noindex","follow":"follow","max-snippet":"max-snippet:-1","max-image-preview":"max-image-preview:large","max-video-preview":"max-video-preview:-1"},"og_locale":"lv_LV","og_type":"article","og_title":"Tausti\u0146 klaviat\u016bra TF - My industrial","og_description":"TF tausti\u0146klaviat\u016bra ir \"CAN bus\" vad\u012bbas ier\u012bce ar br\u012bvi izv\u0113lamiem pogu simboliem. Pieejama tr\u012bs versij\u0101s:   TF1: Pogas ar ieliekamiem simboliem  TF2: Pogas ar iepriek\u0161 defin\u0113tiem simboliem  TF3: Pogas ar nep\u0101rtrauktu priek\u0161\u0113jo pl\u0113vi  Tausti\u0146klaviat\u016bra pieejama izm\u0113ros 2x3, 2x4, 2x5 un 4x5 un to var integr\u0113t m\u016bsu vad\u012bbas pane\u013cos vai izmantot atsevi\u0161\u0137i da\u017e\u0101d\u0101m pielietojuma jom\u0101m. Katrai pogai ir RGB apgaismojums ar l\u012bdz pat 16 iepriek\u0161 iestat\u012btiem apgaismojuma variantiem.","og_url":"https:\/\/dev.myindustrial.eu\/lv\/shop\/rupnieciskie-kontrolieri-dzoistiki-un-konsoles\/vadibas-elementi\/keypad-tf\/","og_site_name":"My industrial","article_modified_time":"2025-06-02T15:33:05+00:00","og_image":[{"width":900,"height":900,"url":"https:\/\/dev.myindustrial.eu\/wp-content\/uploads\/2025\/06\/keypad_tf-1.webp","type":"image\/webp"}],"twitter_card":"summary_large_image","schema":{"@context":"https:\/\/schema.org","@graph":[{"@type":"WebPage","@id":"https:\/\/dev.myindustrial.eu\/lv\/shop\/rupnieciskie-kontrolieri-dzoistiki-un-konsoles\/vadibas-elementi\/keypad-tf\/","url":"https:\/\/dev.myindustrial.eu\/lv\/shop\/rupnieciskie-kontrolieri-dzoistiki-un-konsoles\/vadibas-elementi\/keypad-tf\/","name":"Tausti\u0146 klaviat\u016bra TF - My industrial","isPartOf":{"@id":"https:\/\/dev.myindustrial.eu\/lv\/#website"},"primaryImageOfPage":{"@id":"https:\/\/dev.myindustrial.eu\/lv\/shop\/rupnieciskie-kontrolieri-dzoistiki-un-konsoles\/vadibas-elementi\/keypad-tf\/#primaryimage"},"image":{"@id":"https:\/\/dev.myindustrial.eu\/lv\/shop\/rupnieciskie-kontrolieri-dzoistiki-un-konsoles\/vadibas-elementi\/keypad-tf\/#primaryimage"},"thumbnailUrl":"https:\/\/dev.myindustrial.eu\/wp-content\/uploads\/2025\/06\/keypad_tf-1.webp","datePublished":"2025-06-02T15:27:51+00:00","dateModified":"2025-06-02T15:33:05+00:00","breadcrumb":{"@id":"https:\/\/dev.myindustrial.eu\/lv\/shop\/rupnieciskie-kontrolieri-dzoistiki-un-konsoles\/vadibas-elementi\/keypad-tf\/#breadcrumb"},"inLanguage":"lv-LV","potentialAction":[{"@type":"ReadAction","target":["https:\/\/dev.myindustrial.eu\/lv\/shop\/rupnieciskie-kontrolieri-dzoistiki-un-konsoles\/vadibas-elementi\/keypad-tf\/"]}]},{"@type":"ImageObject","inLanguage":"lv-LV","@id":"https:\/\/dev.myindustrial.eu\/lv\/shop\/rupnieciskie-kontrolieri-dzoistiki-un-konsoles\/vadibas-elementi\/keypad-tf\/#primaryimage","url":"https:\/\/dev.myindustrial.eu\/wp-content\/uploads\/2025\/06\/keypad_tf-1.webp","contentUrl":"https:\/\/dev.myindustrial.eu\/wp-content\/uploads\/2025\/06\/keypad_tf-1.webp","width":900,"height":900},{"@type":"BreadcrumbList","@id":"https:\/\/dev.myindustrial.eu\/lv\/shop\/rupnieciskie-kontrolieri-dzoistiki-un-konsoles\/vadibas-elementi\/keypad-tf\/#breadcrumb","itemListElement":[{"@type":"ListItem","position":1,"name":"Home","item":"https:\/\/dev.myindustrial.eu\/lv\/"},{"@type":"ListItem","position":2,"name":"Products","item":"https:\/\/dev.myindustrial.eu\/lv\/products\/"},{"@type":"ListItem","position":3,"name":"Tausti\u0146 klaviat\u016bra TF"}]},{"@type":"WebSite","@id":"https:\/\/dev.myindustrial.eu\/lv\/#website","url":"https:\/\/dev.myindustrial.eu\/lv\/","name":"My industrial","description":"","potentialAction":[{"@type":"SearchAction","target":{"@type":"EntryPoint","urlTemplate":"https:\/\/dev.myindustrial.eu\/lv\/?s={search_term_string}"},"query-input":{"@type":"PropertyValueSpecification","valueRequired":true,"valueName":"search_term_string"}}],"inLanguage":"lv-LV"}]}},"_links":{"self":[{"href":"https:\/\/dev.myindustrial.eu\/lv\/wp-json\/wp\/v2\/product\/1260065846","targetHints":{"allow":["GET"]}}],"collection":[{"href":"https:\/\/dev.myindustrial.eu\/lv\/wp-json\/wp\/v2\/product"}],"about":[{"href":"https:\/\/dev.myindustrial.eu\/lv\/wp-json\/wp\/v2\/types\/product"}],"version-history":[{"count":2,"href":"https:\/\/dev.myindustrial.eu\/lv\/wp-json\/wp\/v2\/product\/1260065846\/revisions"}],"predecessor-version":[{"id":1260065848,"href":"https:\/\/dev.myindustrial.eu\/lv\/wp-json\/wp\/v2\/product\/1260065846\/revisions\/1260065848"}],"wp:featuredmedia":[{"embeddable":true,"href":"https:\/\/dev.myindustrial.eu\/lv\/wp-json\/wp\/v2\/media\/1260065837"}],"wp:attachment":[{"href":"https:\/\/dev.myindustrial.eu\/lv\/wp-json\/wp\/v2\/media?parent=1260065846"}],"wp:term":[{"taxonomy":"product_brand","embeddable":true,"href":"https:\/\/dev.myindustrial.eu\/lv\/wp-json\/wp\/v2\/product_brand?post=1260065846"},{"taxonomy":"product_cat","embeddable":true,"href":"https:\/\/dev.myindustrial.eu\/lv\/wp-json\/wp\/v2\/product_cat?post=1260065846"},{"taxonomy":"product_tag","embeddable":true,"href":"https:\/\/dev.myindustrial.eu\/lv\/wp-json\/wp\/v2\/product_tag?post=1260065846"}],"curies":[{"name":"wp","href":"https:\/\/api.w.org\/{rel}","templated":true}]}}