{"id":1260065868,"date":"2025-06-02T15:47:01","date_gmt":"2025-06-02T15:47:01","guid":{"rendered":"https:\/\/dev.myindustrial.eu\/shop\/uncategorized\/control-unit-kst32-swiveling-with-memory-function\/"},"modified":"2025-06-02T15:50:59","modified_gmt":"2025-06-02T15:50:59","slug":"control-unit-kst32-swiveling-with-memory-function","status":"publish","type":"product","link":"https:\/\/dev.myindustrial.eu\/lv\/shop\/rupnieciskie-kontrolieri-dzoistiki-un-konsoles\/celtna-vadibas-sistemas\/celtna-vadibas-bloki\/control-unit-kst32-swiveling-with-memory-function\/","title":{"rendered":"Vad\u012bbas kr\u0113sls KST32 pagrie\u017eams un atmi\u0146as funkciju"},"content":{"rendered":"<p><b>P\u0101rversmas meh\u0101nisms ar krustsiju:<\/b><span style=\"font-weight: 400;\"><br \/>\n<\/span><span style=\"font-weight: 400;\">T\u0113rauda lok\u0161\u0146u p\u0101rsegs un vad\u012bt\u0101ja s\u0113deklis ir nolok\u0101mi uz priek\u0161u, kas \u013cauj viegli piek\u013c\u016bt visiem vadiem, spai\u013ciem un savienot\u0101jiem palai\u0161anas vai apkopes laik\u0101. Groz\u0101majai pamatnei ir bezspraugu gult\u0146i, un rot\u0101ciju var fiks\u0113t ik p\u0113c 2\u00b0.<\/span><\/p>\n<p><b>Virsmas apstr\u0101de:<\/b><span style=\"font-weight: 400;\"><br \/>\n<\/span><span style=\"font-weight: 400;\">Gruntskr\u0101sa un struktur\u0113ts p\u0101rkl\u0101jums<\/span><span style=\"font-weight: 400;\"><br \/>\n<\/span><span style=\"font-weight: 400;\">Standarta kr\u0101sa: RAL 9011 melna<\/span><\/p>\n","protected":false},"excerpt":{"rendered":"<p><span style=\"font-weight: 400;\">KST32 ir ergonomiski veidots groz\u0101ms vad\u012bbas kr\u0113sls, kas nodro\u0161ina augstu komforta l\u012bmeni. S\u0113dek\u013ca sist\u0113ma garant\u0113 \u0113rtu pozu un vesel\u012bgu darba st\u0101vokli. Vad\u012bbas stat\u012bvs ir apr\u012bkots ar atmi\u0146as sist\u0113mu \u2013 katram operatoram iesp\u0113jams saglab\u0101t l\u012bdz trim individu\u0101liem s\u0113dek\u013ca iestat\u012bjumiem, kas tiek ierakst\u012bti RFID atmi\u0146as mikrosh\u0113m\u0101.<\/span><\/p>\n<p><b>Elektriski regul\u0113jam\u0101s funkcijas:<\/b><span style=\"font-weight: 400;\"><br \/>\n<\/span><span style=\"font-weight: 400;\">\u21d2<\/span><span style=\"font-weight: 400;\"> atzveltnes sl\u012bpums<\/span><span style=\"font-weight: 400;\"><br \/>\n<\/span><span style=\"font-weight: 400;\">\u21d2<\/span><span style=\"font-weight: 400;\"> s\u0113dek\u013ca sl\u012bpums<\/span><span style=\"font-weight: 400;\"><br \/>\n<\/span><span style=\"font-weight: 400;\">\u21d2<\/span><span style=\"font-weight: 400;\"> abu vad\u012bbas pane\u013cu sl\u012bpums<\/span><span style=\"font-weight: 400;\"><br \/>\n<\/span><span style=\"font-weight: 400;\">\u21d2<\/span><span style=\"font-weight: 400;\"> s\u0113dek\u013ca horizont\u0101l\u0101 regul\u0101cija kop\u0101 ar konsol\u0113m<\/span><span style=\"font-weight: 400;\"><br \/>\n<\/span><span style=\"font-weight: 400;\">\u21d2<\/span><span style=\"font-weight: 400;\"> s\u0113dek\u013ca horizont\u0101l\u0101 regul\u0101cija bez konsol\u0113m<\/span><\/p>\n<p><span style=\"font-weight: 400;\">Vad\u012bbas konsoles, kas ir piestiprin\u0101tas pie vad\u012bt\u0101ja s\u0113dek\u013ca, groz\u0101s kop\u0101 ar s\u0113dekli.<\/span><\/p>\n<p><a href=\"https:\/\/dev.myindustrial.eu\/wp-content\/uploads\/2025\/06\/kst32.pdf\"><img decoding=\"async\" src=\"https:\/\/dev.myindustrial.eu\/wp-content\/uploads\/2023\/02\/download-button-lv.svg\" \/><\/a><\/p>\n","protected":false},"featured_media":1260065855,"template":"","meta":[],"product_brand":[],"product_cat":[1317,1334,1338],"product_tag":[],"class_list":{"0":"post-1260065868","1":"product","2":"type-product","3":"status-publish","4":"has-post-thumbnail","6":"product_cat-rupnieciskie-kontrolieri-dzoistiki-un-konsoles","7":"product_cat-celtna-vadibas-sistemas","8":"product_cat-celtna-vadibas-bloki","10":"first","11":"instock","12":"shipping-taxable","13":"product-type-simple"},"yoast_head":"<!-- This site is optimized with the Yoast SEO plugin v27.1.1 - https:\/\/yoast.com\/product\/yoast-seo-wordpress\/ -->\n<title>Vad\u012bbas kr\u0113sls KST32 pagrie\u017eams un atmi\u0146as funkciju - My industrial<\/title>\n<meta name=\"robots\" content=\"noindex, follow, max-snippet:-1, max-image-preview:large, max-video-preview:-1\" \/>\n<meta property=\"og:locale\" content=\"lv_LV\" \/>\n<meta property=\"og:type\" content=\"article\" \/>\n<meta property=\"og:title\" content=\"Vad\u012bbas kr\u0113sls KST32 pagrie\u017eams un atmi\u0146as funkciju - My industrial\" \/>\n<meta property=\"og:description\" content=\"KST32 ir ergonomiski veidots groz\u0101ms vad\u012bbas kr\u0113sls, kas nodro\u0161ina augstu komforta l\u012bmeni. S\u0113dek\u013ca sist\u0113ma garant\u0113 \u0113rtu pozu un vesel\u012bgu darba st\u0101vokli. Vad\u012bbas stat\u012bvs ir apr\u012bkots ar atmi\u0146as sist\u0113mu \u2013 katram operatoram iesp\u0113jams saglab\u0101t l\u012bdz trim individu\u0101liem s\u0113dek\u013ca iestat\u012bjumiem, kas tiek ierakst\u012bti RFID atmi\u0146as mikrosh\u0113m\u0101.  Elektriski regul\u0113jam\u0101s funkcijas: \u21d2 atzveltnes sl\u012bpums \u21d2 s\u0113dek\u013ca sl\u012bpums \u21d2 abu vad\u012bbas pane\u013cu sl\u012bpums \u21d2 s\u0113dek\u013ca horizont\u0101l\u0101 regul\u0101cija kop\u0101 ar konsol\u0113m \u21d2 s\u0113dek\u013ca horizont\u0101l\u0101 regul\u0101cija bez konsol\u0113m  Vad\u012bbas konsoles, kas ir piestiprin\u0101tas pie vad\u012bt\u0101ja s\u0113dek\u013ca, groz\u0101s kop\u0101 ar s\u0113dekli.\" \/>\n<meta property=\"og:url\" content=\"https:\/\/dev.myindustrial.eu\/lv\/shop\/rupnieciskie-kontrolieri-dzoistiki-un-konsoles\/celtna-vadibas-sistemas\/celtna-vadibas-bloki\/control-unit-kst32-swiveling-with-memory-function\/\" \/>\n<meta property=\"og:site_name\" content=\"My industrial\" \/>\n<meta property=\"article:modified_time\" content=\"2025-06-02T15:50:59+00:00\" \/>\n<meta property=\"og:image\" content=\"https:\/\/dev.myindustrial.eu\/wp-content\/uploads\/2025\/06\/kst32.webp\" \/>\n\t<meta property=\"og:image:width\" content=\"900\" \/>\n\t<meta property=\"og:image:height\" content=\"900\" \/>\n\t<meta property=\"og:image:type\" content=\"image\/webp\" \/>\n<meta name=\"twitter:card\" content=\"summary_large_image\" \/>\n<script type=\"application\/ld+json\" class=\"yoast-schema-graph\">{\"@context\":\"https:\/\/schema.org\",\"@graph\":[{\"@type\":\"WebPage\",\"@id\":\"https:\/\/dev.myindustrial.eu\/lv\/shop\/rupnieciskie-kontrolieri-dzoistiki-un-konsoles\/celtna-vadibas-sistemas\/celtna-vadibas-bloki\/control-unit-kst32-swiveling-with-memory-function\/\",\"url\":\"https:\/\/dev.myindustrial.eu\/lv\/shop\/rupnieciskie-kontrolieri-dzoistiki-un-konsoles\/celtna-vadibas-sistemas\/celtna-vadibas-bloki\/control-unit-kst32-swiveling-with-memory-function\/\",\"name\":\"Vad\u012bbas kr\u0113sls KST32 pagrie\u017eams un atmi\u0146as funkciju - My industrial\",\"isPartOf\":{\"@id\":\"https:\/\/dev.myindustrial.eu\/lv\/#website\"},\"primaryImageOfPage\":{\"@id\":\"https:\/\/dev.myindustrial.eu\/lv\/shop\/rupnieciskie-kontrolieri-dzoistiki-un-konsoles\/celtna-vadibas-sistemas\/celtna-vadibas-bloki\/control-unit-kst32-swiveling-with-memory-function\/#primaryimage\"},\"image\":{\"@id\":\"https:\/\/dev.myindustrial.eu\/lv\/shop\/rupnieciskie-kontrolieri-dzoistiki-un-konsoles\/celtna-vadibas-sistemas\/celtna-vadibas-bloki\/control-unit-kst32-swiveling-with-memory-function\/#primaryimage\"},\"thumbnailUrl\":\"https:\/\/dev.myindustrial.eu\/wp-content\/uploads\/2025\/06\/kst32.webp\",\"datePublished\":\"2025-06-02T15:47:01+00:00\",\"dateModified\":\"2025-06-02T15:50:59+00:00\",\"breadcrumb\":{\"@id\":\"https:\/\/dev.myindustrial.eu\/lv\/shop\/rupnieciskie-kontrolieri-dzoistiki-un-konsoles\/celtna-vadibas-sistemas\/celtna-vadibas-bloki\/control-unit-kst32-swiveling-with-memory-function\/#breadcrumb\"},\"inLanguage\":\"lv-LV\",\"potentialAction\":[{\"@type\":\"ReadAction\",\"target\":[\"https:\/\/dev.myindustrial.eu\/lv\/shop\/rupnieciskie-kontrolieri-dzoistiki-un-konsoles\/celtna-vadibas-sistemas\/celtna-vadibas-bloki\/control-unit-kst32-swiveling-with-memory-function\/\"]}]},{\"@type\":\"ImageObject\",\"inLanguage\":\"lv-LV\",\"@id\":\"https:\/\/dev.myindustrial.eu\/lv\/shop\/rupnieciskie-kontrolieri-dzoistiki-un-konsoles\/celtna-vadibas-sistemas\/celtna-vadibas-bloki\/control-unit-kst32-swiveling-with-memory-function\/#primaryimage\",\"url\":\"https:\/\/dev.myindustrial.eu\/wp-content\/uploads\/2025\/06\/kst32.webp\",\"contentUrl\":\"https:\/\/dev.myindustrial.eu\/wp-content\/uploads\/2025\/06\/kst32.webp\",\"width\":900,\"height\":900},{\"@type\":\"BreadcrumbList\",\"@id\":\"https:\/\/dev.myindustrial.eu\/lv\/shop\/rupnieciskie-kontrolieri-dzoistiki-un-konsoles\/celtna-vadibas-sistemas\/celtna-vadibas-bloki\/control-unit-kst32-swiveling-with-memory-function\/#breadcrumb\",\"itemListElement\":[{\"@type\":\"ListItem\",\"position\":1,\"name\":\"Home\",\"item\":\"https:\/\/dev.myindustrial.eu\/lv\/\"},{\"@type\":\"ListItem\",\"position\":2,\"name\":\"Products\",\"item\":\"https:\/\/dev.myindustrial.eu\/lv\/products\/\"},{\"@type\":\"ListItem\",\"position\":3,\"name\":\"Vad\u012bbas kr\u0113sls KST32 pagrie\u017eams un atmi\u0146as funkciju\"}]},{\"@type\":\"WebSite\",\"@id\":\"https:\/\/dev.myindustrial.eu\/lv\/#website\",\"url\":\"https:\/\/dev.myindustrial.eu\/lv\/\",\"name\":\"My industrial\",\"description\":\"\",\"potentialAction\":[{\"@type\":\"SearchAction\",\"target\":{\"@type\":\"EntryPoint\",\"urlTemplate\":\"https:\/\/dev.myindustrial.eu\/lv\/?s={search_term_string}\"},\"query-input\":{\"@type\":\"PropertyValueSpecification\",\"valueRequired\":true,\"valueName\":\"search_term_string\"}}],\"inLanguage\":\"lv-LV\"}]}<\/script>\n<!-- \/ Yoast SEO plugin. -->","yoast_head_json":{"title":"Vad\u012bbas kr\u0113sls KST32 pagrie\u017eams un atmi\u0146as funkciju - My industrial","robots":{"index":"noindex","follow":"follow","max-snippet":"max-snippet:-1","max-image-preview":"max-image-preview:large","max-video-preview":"max-video-preview:-1"},"og_locale":"lv_LV","og_type":"article","og_title":"Vad\u012bbas kr\u0113sls KST32 pagrie\u017eams un atmi\u0146as funkciju - My industrial","og_description":"KST32 ir ergonomiski veidots groz\u0101ms vad\u012bbas kr\u0113sls, kas nodro\u0161ina augstu komforta l\u012bmeni. S\u0113dek\u013ca sist\u0113ma garant\u0113 \u0113rtu pozu un vesel\u012bgu darba st\u0101vokli. Vad\u012bbas stat\u012bvs ir apr\u012bkots ar atmi\u0146as sist\u0113mu \u2013 katram operatoram iesp\u0113jams saglab\u0101t l\u012bdz trim individu\u0101liem s\u0113dek\u013ca iestat\u012bjumiem, kas tiek ierakst\u012bti RFID atmi\u0146as mikrosh\u0113m\u0101.  Elektriski regul\u0113jam\u0101s funkcijas: \u21d2 atzveltnes sl\u012bpums \u21d2 s\u0113dek\u013ca sl\u012bpums \u21d2 abu vad\u012bbas pane\u013cu sl\u012bpums \u21d2 s\u0113dek\u013ca horizont\u0101l\u0101 regul\u0101cija kop\u0101 ar konsol\u0113m \u21d2 s\u0113dek\u013ca horizont\u0101l\u0101 regul\u0101cija bez konsol\u0113m  Vad\u012bbas konsoles, kas ir piestiprin\u0101tas pie vad\u012bt\u0101ja s\u0113dek\u013ca, groz\u0101s kop\u0101 ar s\u0113dekli.","og_url":"https:\/\/dev.myindustrial.eu\/lv\/shop\/rupnieciskie-kontrolieri-dzoistiki-un-konsoles\/celtna-vadibas-sistemas\/celtna-vadibas-bloki\/control-unit-kst32-swiveling-with-memory-function\/","og_site_name":"My industrial","article_modified_time":"2025-06-02T15:50:59+00:00","og_image":[{"width":900,"height":900,"url":"https:\/\/dev.myindustrial.eu\/wp-content\/uploads\/2025\/06\/kst32.webp","type":"image\/webp"}],"twitter_card":"summary_large_image","schema":{"@context":"https:\/\/schema.org","@graph":[{"@type":"WebPage","@id":"https:\/\/dev.myindustrial.eu\/lv\/shop\/rupnieciskie-kontrolieri-dzoistiki-un-konsoles\/celtna-vadibas-sistemas\/celtna-vadibas-bloki\/control-unit-kst32-swiveling-with-memory-function\/","url":"https:\/\/dev.myindustrial.eu\/lv\/shop\/rupnieciskie-kontrolieri-dzoistiki-un-konsoles\/celtna-vadibas-sistemas\/celtna-vadibas-bloki\/control-unit-kst32-swiveling-with-memory-function\/","name":"Vad\u012bbas kr\u0113sls KST32 pagrie\u017eams un atmi\u0146as funkciju - My industrial","isPartOf":{"@id":"https:\/\/dev.myindustrial.eu\/lv\/#website"},"primaryImageOfPage":{"@id":"https:\/\/dev.myindustrial.eu\/lv\/shop\/rupnieciskie-kontrolieri-dzoistiki-un-konsoles\/celtna-vadibas-sistemas\/celtna-vadibas-bloki\/control-unit-kst32-swiveling-with-memory-function\/#primaryimage"},"image":{"@id":"https:\/\/dev.myindustrial.eu\/lv\/shop\/rupnieciskie-kontrolieri-dzoistiki-un-konsoles\/celtna-vadibas-sistemas\/celtna-vadibas-bloki\/control-unit-kst32-swiveling-with-memory-function\/#primaryimage"},"thumbnailUrl":"https:\/\/dev.myindustrial.eu\/wp-content\/uploads\/2025\/06\/kst32.webp","datePublished":"2025-06-02T15:47:01+00:00","dateModified":"2025-06-02T15:50:59+00:00","breadcrumb":{"@id":"https:\/\/dev.myindustrial.eu\/lv\/shop\/rupnieciskie-kontrolieri-dzoistiki-un-konsoles\/celtna-vadibas-sistemas\/celtna-vadibas-bloki\/control-unit-kst32-swiveling-with-memory-function\/#breadcrumb"},"inLanguage":"lv-LV","potentialAction":[{"@type":"ReadAction","target":["https:\/\/dev.myindustrial.eu\/lv\/shop\/rupnieciskie-kontrolieri-dzoistiki-un-konsoles\/celtna-vadibas-sistemas\/celtna-vadibas-bloki\/control-unit-kst32-swiveling-with-memory-function\/"]}]},{"@type":"ImageObject","inLanguage":"lv-LV","@id":"https:\/\/dev.myindustrial.eu\/lv\/shop\/rupnieciskie-kontrolieri-dzoistiki-un-konsoles\/celtna-vadibas-sistemas\/celtna-vadibas-bloki\/control-unit-kst32-swiveling-with-memory-function\/#primaryimage","url":"https:\/\/dev.myindustrial.eu\/wp-content\/uploads\/2025\/06\/kst32.webp","contentUrl":"https:\/\/dev.myindustrial.eu\/wp-content\/uploads\/2025\/06\/kst32.webp","width":900,"height":900},{"@type":"BreadcrumbList","@id":"https:\/\/dev.myindustrial.eu\/lv\/shop\/rupnieciskie-kontrolieri-dzoistiki-un-konsoles\/celtna-vadibas-sistemas\/celtna-vadibas-bloki\/control-unit-kst32-swiveling-with-memory-function\/#breadcrumb","itemListElement":[{"@type":"ListItem","position":1,"name":"Home","item":"https:\/\/dev.myindustrial.eu\/lv\/"},{"@type":"ListItem","position":2,"name":"Products","item":"https:\/\/dev.myindustrial.eu\/lv\/products\/"},{"@type":"ListItem","position":3,"name":"Vad\u012bbas kr\u0113sls KST32 pagrie\u017eams un atmi\u0146as funkciju"}]},{"@type":"WebSite","@id":"https:\/\/dev.myindustrial.eu\/lv\/#website","url":"https:\/\/dev.myindustrial.eu\/lv\/","name":"My industrial","description":"","potentialAction":[{"@type":"SearchAction","target":{"@type":"EntryPoint","urlTemplate":"https:\/\/dev.myindustrial.eu\/lv\/?s={search_term_string}"},"query-input":{"@type":"PropertyValueSpecification","valueRequired":true,"valueName":"search_term_string"}}],"inLanguage":"lv-LV"}]}},"_links":{"self":[{"href":"https:\/\/dev.myindustrial.eu\/lv\/wp-json\/wp\/v2\/product\/1260065868","targetHints":{"allow":["GET"]}}],"collection":[{"href":"https:\/\/dev.myindustrial.eu\/lv\/wp-json\/wp\/v2\/product"}],"about":[{"href":"https:\/\/dev.myindustrial.eu\/lv\/wp-json\/wp\/v2\/types\/product"}],"version-history":[{"count":1,"href":"https:\/\/dev.myindustrial.eu\/lv\/wp-json\/wp\/v2\/product\/1260065868\/revisions"}],"predecessor-version":[{"id":1260065869,"href":"https:\/\/dev.myindustrial.eu\/lv\/wp-json\/wp\/v2\/product\/1260065868\/revisions\/1260065869"}],"wp:featuredmedia":[{"embeddable":true,"href":"https:\/\/dev.myindustrial.eu\/lv\/wp-json\/wp\/v2\/media\/1260065855"}],"wp:attachment":[{"href":"https:\/\/dev.myindustrial.eu\/lv\/wp-json\/wp\/v2\/media?parent=1260065868"}],"wp:term":[{"taxonomy":"product_brand","embeddable":true,"href":"https:\/\/dev.myindustrial.eu\/lv\/wp-json\/wp\/v2\/product_brand?post=1260065868"},{"taxonomy":"product_cat","embeddable":true,"href":"https:\/\/dev.myindustrial.eu\/lv\/wp-json\/wp\/v2\/product_cat?post=1260065868"},{"taxonomy":"product_tag","embeddable":true,"href":"https:\/\/dev.myindustrial.eu\/lv\/wp-json\/wp\/v2\/product_tag?post=1260065868"}],"curies":[{"name":"wp","href":"https:\/\/api.w.org\/{rel}","templated":true}]}}