{"id":1260065890,"date":"2025-06-02T15:58:00","date_gmt":"2025-06-02T15:58:00","guid":{"rendered":"https:\/\/dev.myindustrial.eu\/shop\/uncategorized\/remote-operator-station-ros\/"},"modified":"2025-06-02T16:02:06","modified_gmt":"2025-06-02T16:02:06","slug":"remote-operator-station-ros","status":"publish","type":"product","link":"https:\/\/dev.myindustrial.eu\/lv\/shop\/rupnieciskie-kontrolieri-dzoistiki-un-konsoles\/celtna-vadibas-sistemas\/attalinata-operatora-stacija-ros\/remote-operator-station-ros\/","title":{"rendered":"Att\u0101lin\u0101t\u0101 operatora stacija ROS"},"content":{"rendered":"<p><iframe title=\"Remote Operator Station ROS - System solutions for industrial applications.\" width=\"500\" height=\"281\" src=\"https:\/\/www.youtube.com\/embed\/vbiZZiulBEY?feature=oembed&#038;enablejsapi=1&#038;origin=https:\/\/dev.myindustrial.eu\" frameborder=\"0\" allow=\"accelerometer; autoplay; clipboard-write; encrypted-media; gyroscope; picture-in-picture; web-share\" referrerpolicy=\"strict-origin-when-cross-origin\" allowfullscreen><\/iframe><\/p>\n","protected":false},"excerpt":{"rendered":"<p>ROS1 ir izstr\u0101d\u0101ta saska\u0146\u0101 ar ergonomikas vadl\u012bnij\u0101m un atbilst \u013coti augst\u0101m komforta pras\u012bb\u0101m. Augstuma regul\u0113jam\u0101 galda sist\u0113ma nodro\u0161ina \u0113rtu st\u0101ju un vesel\u012bgu darba poz\u012bciju.<br \/>\nDivi pievienotie C1 vad\u012bbas pane\u013ci ir regul\u0113jami horizont\u0101li un p\u0113c izv\u0113les ar\u012b sl\u012bpum\u0101.<br \/>\nTie var tikt individu\u0101li apr\u012bkoti ar papildu W.Gessmann GmbH komponent\u0113m.<br \/>\nMonitora tur\u0113t\u0101ju var regul\u0113t augstum\u0101 (0\u2013200 mm), t\u0101d\u0113j\u0101di nodro\u0161inot optim\u0101lu skatu uz monitoriem. Komplekt\u0101cij\u0101 ir iek\u013cauta ar\u012b sadales k\u0101rba.<\/p>\n<p><strong>Kr\u0101sas:<\/strong><br \/>\nGalda virsma pel\u0113ka \u2013 RAL 7024<br \/>\nMet\u0101la deta\u013cas baltas \u2013 RAL 9016<br \/>\nApgaismojuma josla sarkana \u2013 RAL 3018<\/p>\n<p><a href=\"https:\/\/dev.myindustrial.eu\/wp-content\/uploads\/2025\/06\/ros-1.pdf\"><img decoding=\"async\" src=\"https:\/\/dev.myindustrial.eu\/wp-content\/uploads\/2023\/02\/download-button-lv.svg\" \/><\/a><\/p>\n","protected":false},"featured_media":1260065881,"template":"","meta":[],"product_brand":[],"product_cat":[1725,1317,1334],"product_tag":[],"class_list":{"0":"post-1260065890","1":"product","2":"type-product","3":"status-publish","4":"has-post-thumbnail","6":"product_cat-attalinata-operatora-stacija-ros","7":"product_cat-rupnieciskie-kontrolieri-dzoistiki-un-konsoles","8":"product_cat-celtna-vadibas-sistemas","10":"first","11":"instock","12":"shipping-taxable","13":"product-type-simple"},"yoast_head":"<!-- This site is optimized with the Yoast SEO plugin v27.1.1 - https:\/\/yoast.com\/product\/yoast-seo-wordpress\/ -->\n<title>Att\u0101lin\u0101t\u0101 operatora stacija ROS - My industrial<\/title>\n<meta name=\"robots\" content=\"noindex, follow, max-snippet:-1, max-image-preview:large, max-video-preview:-1\" \/>\n<meta property=\"og:locale\" content=\"lv_LV\" \/>\n<meta property=\"og:type\" content=\"article\" \/>\n<meta property=\"og:title\" content=\"Att\u0101lin\u0101t\u0101 operatora stacija ROS - My industrial\" \/>\n<meta property=\"og:description\" content=\"ROS1 ir izstr\u0101d\u0101ta saska\u0146\u0101 ar ergonomikas vadl\u012bnij\u0101m un atbilst \u013coti augst\u0101m komforta pras\u012bb\u0101m. Augstuma regul\u0113jam\u0101 galda sist\u0113ma nodro\u0161ina \u0113rtu st\u0101ju un vesel\u012bgu darba poz\u012bciju. Divi pievienotie C1 vad\u012bbas pane\u013ci ir regul\u0113jami horizont\u0101li un p\u0113c izv\u0113les ar\u012b sl\u012bpum\u0101. Tie var tikt individu\u0101li apr\u012bkoti ar papildu W.Gessmann GmbH komponent\u0113m. Monitora tur\u0113t\u0101ju var regul\u0113t augstum\u0101 (0\u2013200 mm), t\u0101d\u0113j\u0101di nodro\u0161inot optim\u0101lu skatu uz monitoriem. Komplekt\u0101cij\u0101 ir iek\u013cauta ar\u012b sadales k\u0101rba.  Kr\u0101sas: Galda virsma pel\u0113ka \u2013 RAL 7024 Met\u0101la deta\u013cas baltas \u2013 RAL 9016 Apgaismojuma josla sarkana \u2013 RAL 3018\" \/>\n<meta property=\"og:url\" content=\"https:\/\/dev.myindustrial.eu\/lv\/shop\/rupnieciskie-kontrolieri-dzoistiki-un-konsoles\/celtna-vadibas-sistemas\/attalinata-operatora-stacija-ros\/remote-operator-station-ros\/\" \/>\n<meta property=\"og:site_name\" content=\"My industrial\" \/>\n<meta property=\"article:modified_time\" content=\"2025-06-02T16:02:06+00:00\" \/>\n<meta property=\"og:image\" content=\"https:\/\/dev.myindustrial.eu\/wp-content\/uploads\/2025\/06\/ros.webp\" \/>\n\t<meta property=\"og:image:width\" content=\"900\" \/>\n\t<meta property=\"og:image:height\" content=\"900\" \/>\n\t<meta property=\"og:image:type\" content=\"image\/webp\" \/>\n<meta name=\"twitter:card\" content=\"summary_large_image\" \/>\n<script type=\"application\/ld+json\" class=\"yoast-schema-graph\">{\"@context\":\"https:\/\/schema.org\",\"@graph\":[{\"@type\":\"WebPage\",\"@id\":\"https:\/\/dev.myindustrial.eu\/lv\/shop\/rupnieciskie-kontrolieri-dzoistiki-un-konsoles\/celtna-vadibas-sistemas\/attalinata-operatora-stacija-ros\/remote-operator-station-ros\/\",\"url\":\"https:\/\/dev.myindustrial.eu\/lv\/shop\/rupnieciskie-kontrolieri-dzoistiki-un-konsoles\/celtna-vadibas-sistemas\/attalinata-operatora-stacija-ros\/remote-operator-station-ros\/\",\"name\":\"Att\u0101lin\u0101t\u0101 operatora stacija ROS - My industrial\",\"isPartOf\":{\"@id\":\"https:\/\/dev.myindustrial.eu\/lv\/#website\"},\"primaryImageOfPage\":{\"@id\":\"https:\/\/dev.myindustrial.eu\/lv\/shop\/rupnieciskie-kontrolieri-dzoistiki-un-konsoles\/celtna-vadibas-sistemas\/attalinata-operatora-stacija-ros\/remote-operator-station-ros\/#primaryimage\"},\"image\":{\"@id\":\"https:\/\/dev.myindustrial.eu\/lv\/shop\/rupnieciskie-kontrolieri-dzoistiki-un-konsoles\/celtna-vadibas-sistemas\/attalinata-operatora-stacija-ros\/remote-operator-station-ros\/#primaryimage\"},\"thumbnailUrl\":\"https:\/\/dev.myindustrial.eu\/wp-content\/uploads\/2025\/06\/ros.webp\",\"datePublished\":\"2025-06-02T15:58:00+00:00\",\"dateModified\":\"2025-06-02T16:02:06+00:00\",\"breadcrumb\":{\"@id\":\"https:\/\/dev.myindustrial.eu\/lv\/shop\/rupnieciskie-kontrolieri-dzoistiki-un-konsoles\/celtna-vadibas-sistemas\/attalinata-operatora-stacija-ros\/remote-operator-station-ros\/#breadcrumb\"},\"inLanguage\":\"lv-LV\",\"potentialAction\":[{\"@type\":\"ReadAction\",\"target\":[\"https:\/\/dev.myindustrial.eu\/lv\/shop\/rupnieciskie-kontrolieri-dzoistiki-un-konsoles\/celtna-vadibas-sistemas\/attalinata-operatora-stacija-ros\/remote-operator-station-ros\/\"]}]},{\"@type\":\"ImageObject\",\"inLanguage\":\"lv-LV\",\"@id\":\"https:\/\/dev.myindustrial.eu\/lv\/shop\/rupnieciskie-kontrolieri-dzoistiki-un-konsoles\/celtna-vadibas-sistemas\/attalinata-operatora-stacija-ros\/remote-operator-station-ros\/#primaryimage\",\"url\":\"https:\/\/dev.myindustrial.eu\/wp-content\/uploads\/2025\/06\/ros.webp\",\"contentUrl\":\"https:\/\/dev.myindustrial.eu\/wp-content\/uploads\/2025\/06\/ros.webp\",\"width\":900,\"height\":900},{\"@type\":\"BreadcrumbList\",\"@id\":\"https:\/\/dev.myindustrial.eu\/lv\/shop\/rupnieciskie-kontrolieri-dzoistiki-un-konsoles\/celtna-vadibas-sistemas\/attalinata-operatora-stacija-ros\/remote-operator-station-ros\/#breadcrumb\",\"itemListElement\":[{\"@type\":\"ListItem\",\"position\":1,\"name\":\"Home\",\"item\":\"https:\/\/dev.myindustrial.eu\/lv\/\"},{\"@type\":\"ListItem\",\"position\":2,\"name\":\"Products\",\"item\":\"https:\/\/dev.myindustrial.eu\/lv\/products\/\"},{\"@type\":\"ListItem\",\"position\":3,\"name\":\"Att\u0101lin\u0101t\u0101 operatora stacija ROS\"}]},{\"@type\":\"WebSite\",\"@id\":\"https:\/\/dev.myindustrial.eu\/lv\/#website\",\"url\":\"https:\/\/dev.myindustrial.eu\/lv\/\",\"name\":\"My industrial\",\"description\":\"\",\"potentialAction\":[{\"@type\":\"SearchAction\",\"target\":{\"@type\":\"EntryPoint\",\"urlTemplate\":\"https:\/\/dev.myindustrial.eu\/lv\/?s={search_term_string}\"},\"query-input\":{\"@type\":\"PropertyValueSpecification\",\"valueRequired\":true,\"valueName\":\"search_term_string\"}}],\"inLanguage\":\"lv-LV\"}]}<\/script>\n<!-- \/ Yoast SEO plugin. -->","yoast_head_json":{"title":"Att\u0101lin\u0101t\u0101 operatora stacija ROS - My industrial","robots":{"index":"noindex","follow":"follow","max-snippet":"max-snippet:-1","max-image-preview":"max-image-preview:large","max-video-preview":"max-video-preview:-1"},"og_locale":"lv_LV","og_type":"article","og_title":"Att\u0101lin\u0101t\u0101 operatora stacija ROS - My industrial","og_description":"ROS1 ir izstr\u0101d\u0101ta saska\u0146\u0101 ar ergonomikas vadl\u012bnij\u0101m un atbilst \u013coti augst\u0101m komforta pras\u012bb\u0101m. Augstuma regul\u0113jam\u0101 galda sist\u0113ma nodro\u0161ina \u0113rtu st\u0101ju un vesel\u012bgu darba poz\u012bciju. Divi pievienotie C1 vad\u012bbas pane\u013ci ir regul\u0113jami horizont\u0101li un p\u0113c izv\u0113les ar\u012b sl\u012bpum\u0101. Tie var tikt individu\u0101li apr\u012bkoti ar papildu W.Gessmann GmbH komponent\u0113m. Monitora tur\u0113t\u0101ju var regul\u0113t augstum\u0101 (0\u2013200 mm), t\u0101d\u0113j\u0101di nodro\u0161inot optim\u0101lu skatu uz monitoriem. Komplekt\u0101cij\u0101 ir iek\u013cauta ar\u012b sadales k\u0101rba.  Kr\u0101sas: Galda virsma pel\u0113ka \u2013 RAL 7024 Met\u0101la deta\u013cas baltas \u2013 RAL 9016 Apgaismojuma josla sarkana \u2013 RAL 3018","og_url":"https:\/\/dev.myindustrial.eu\/lv\/shop\/rupnieciskie-kontrolieri-dzoistiki-un-konsoles\/celtna-vadibas-sistemas\/attalinata-operatora-stacija-ros\/remote-operator-station-ros\/","og_site_name":"My industrial","article_modified_time":"2025-06-02T16:02:06+00:00","og_image":[{"width":900,"height":900,"url":"https:\/\/dev.myindustrial.eu\/wp-content\/uploads\/2025\/06\/ros.webp","type":"image\/webp"}],"twitter_card":"summary_large_image","schema":{"@context":"https:\/\/schema.org","@graph":[{"@type":"WebPage","@id":"https:\/\/dev.myindustrial.eu\/lv\/shop\/rupnieciskie-kontrolieri-dzoistiki-un-konsoles\/celtna-vadibas-sistemas\/attalinata-operatora-stacija-ros\/remote-operator-station-ros\/","url":"https:\/\/dev.myindustrial.eu\/lv\/shop\/rupnieciskie-kontrolieri-dzoistiki-un-konsoles\/celtna-vadibas-sistemas\/attalinata-operatora-stacija-ros\/remote-operator-station-ros\/","name":"Att\u0101lin\u0101t\u0101 operatora stacija ROS - My industrial","isPartOf":{"@id":"https:\/\/dev.myindustrial.eu\/lv\/#website"},"primaryImageOfPage":{"@id":"https:\/\/dev.myindustrial.eu\/lv\/shop\/rupnieciskie-kontrolieri-dzoistiki-un-konsoles\/celtna-vadibas-sistemas\/attalinata-operatora-stacija-ros\/remote-operator-station-ros\/#primaryimage"},"image":{"@id":"https:\/\/dev.myindustrial.eu\/lv\/shop\/rupnieciskie-kontrolieri-dzoistiki-un-konsoles\/celtna-vadibas-sistemas\/attalinata-operatora-stacija-ros\/remote-operator-station-ros\/#primaryimage"},"thumbnailUrl":"https:\/\/dev.myindustrial.eu\/wp-content\/uploads\/2025\/06\/ros.webp","datePublished":"2025-06-02T15:58:00+00:00","dateModified":"2025-06-02T16:02:06+00:00","breadcrumb":{"@id":"https:\/\/dev.myindustrial.eu\/lv\/shop\/rupnieciskie-kontrolieri-dzoistiki-un-konsoles\/celtna-vadibas-sistemas\/attalinata-operatora-stacija-ros\/remote-operator-station-ros\/#breadcrumb"},"inLanguage":"lv-LV","potentialAction":[{"@type":"ReadAction","target":["https:\/\/dev.myindustrial.eu\/lv\/shop\/rupnieciskie-kontrolieri-dzoistiki-un-konsoles\/celtna-vadibas-sistemas\/attalinata-operatora-stacija-ros\/remote-operator-station-ros\/"]}]},{"@type":"ImageObject","inLanguage":"lv-LV","@id":"https:\/\/dev.myindustrial.eu\/lv\/shop\/rupnieciskie-kontrolieri-dzoistiki-un-konsoles\/celtna-vadibas-sistemas\/attalinata-operatora-stacija-ros\/remote-operator-station-ros\/#primaryimage","url":"https:\/\/dev.myindustrial.eu\/wp-content\/uploads\/2025\/06\/ros.webp","contentUrl":"https:\/\/dev.myindustrial.eu\/wp-content\/uploads\/2025\/06\/ros.webp","width":900,"height":900},{"@type":"BreadcrumbList","@id":"https:\/\/dev.myindustrial.eu\/lv\/shop\/rupnieciskie-kontrolieri-dzoistiki-un-konsoles\/celtna-vadibas-sistemas\/attalinata-operatora-stacija-ros\/remote-operator-station-ros\/#breadcrumb","itemListElement":[{"@type":"ListItem","position":1,"name":"Home","item":"https:\/\/dev.myindustrial.eu\/lv\/"},{"@type":"ListItem","position":2,"name":"Products","item":"https:\/\/dev.myindustrial.eu\/lv\/products\/"},{"@type":"ListItem","position":3,"name":"Att\u0101lin\u0101t\u0101 operatora stacija ROS"}]},{"@type":"WebSite","@id":"https:\/\/dev.myindustrial.eu\/lv\/#website","url":"https:\/\/dev.myindustrial.eu\/lv\/","name":"My industrial","description":"","potentialAction":[{"@type":"SearchAction","target":{"@type":"EntryPoint","urlTemplate":"https:\/\/dev.myindustrial.eu\/lv\/?s={search_term_string}"},"query-input":{"@type":"PropertyValueSpecification","valueRequired":true,"valueName":"search_term_string"}}],"inLanguage":"lv-LV"}]}},"_links":{"self":[{"href":"https:\/\/dev.myindustrial.eu\/lv\/wp-json\/wp\/v2\/product\/1260065890","targetHints":{"allow":["GET"]}}],"collection":[{"href":"https:\/\/dev.myindustrial.eu\/lv\/wp-json\/wp\/v2\/product"}],"about":[{"href":"https:\/\/dev.myindustrial.eu\/lv\/wp-json\/wp\/v2\/types\/product"}],"version-history":[{"count":1,"href":"https:\/\/dev.myindustrial.eu\/lv\/wp-json\/wp\/v2\/product\/1260065890\/revisions"}],"predecessor-version":[{"id":1260065891,"href":"https:\/\/dev.myindustrial.eu\/lv\/wp-json\/wp\/v2\/product\/1260065890\/revisions\/1260065891"}],"wp:featuredmedia":[{"embeddable":true,"href":"https:\/\/dev.myindustrial.eu\/lv\/wp-json\/wp\/v2\/media\/1260065881"}],"wp:attachment":[{"href":"https:\/\/dev.myindustrial.eu\/lv\/wp-json\/wp\/v2\/media?parent=1260065890"}],"wp:term":[{"taxonomy":"product_brand","embeddable":true,"href":"https:\/\/dev.myindustrial.eu\/lv\/wp-json\/wp\/v2\/product_brand?post=1260065890"},{"taxonomy":"product_cat","embeddable":true,"href":"https:\/\/dev.myindustrial.eu\/lv\/wp-json\/wp\/v2\/product_cat?post=1260065890"},{"taxonomy":"product_tag","embeddable":true,"href":"https:\/\/dev.myindustrial.eu\/lv\/wp-json\/wp\/v2\/product_tag?post=1260065890"}],"curies":[{"name":"wp","href":"https:\/\/api.w.org\/{rel}","templated":true}]}}